{"id":21,"date":"2026-03-14T15:35:38","date_gmt":"2026-03-14T15:35:38","guid":{"rendered":"https:\/\/diplomashops.com\/?page_id=21"},"modified":"2026-03-14T16:06:33","modified_gmt":"2026-03-14T16:06:33","slug":"kontakt","status":"publish","type":"page","link":"https:\/\/diplomashops.com\/cs\/contact\/","title":{"rendered":"Kontakt"},"content":{"rendered":"<h2 class=\"wp-block-heading\">Kontaktujte n\u00e1s - Z\u00edskejte pomoc s n\u00e1kupem diplomu<\/h2>\n\n\n\n<h3 class=\"wp-block-heading\">V\u00edce zp\u016fsob\u016f, jak n\u00e1s kontaktovat<\/h3>\n\n\n\n<h4 class=\"wp-block-heading\">\ud83d\udce7 E-mailov\u00e1 podpora<\/h4>\n\n\n\n<p>Po\u0161lete n\u00e1m kdykoli zpr\u00e1vu na adresu&nbsp;<a href=\"mailto:DiplomaShops247@gmail.com\" target=\"_blank\" rel=\"noreferrer noopener\">DiplomaShops247@gmail.com<\/a>. V pracovn\u00ed dob\u011b v\u00e1m zaru\u010dujeme odpov\u011b\u010f do 60 minut.<\/p>\n\n\n\n<h4 class=\"wp-block-heading\">\ud83d\udcac WhatsApp Chat<\/h4>\n\n\n\n<p>D\u00e1v\u00e1te p\u0159ednost zas\u00edl\u00e1n\u00ed rychl\u00fdch zpr\u00e1v? Spojte se s n\u00e1mi p\u0159\u00edmo p\u0159es WhatsApp a z\u00edskejte okam\u017eitou pomoc. Klikn\u011bte na tla\u010d\u00edtko WhatsApp v prav\u00e9m doln\u00edm rohu obrazovky nebo naskenujte n\u00ed\u017ee uveden\u00fd QR k\u00f3d.<\/p>\n\n\n\n<h4 class=\"wp-block-heading\">\ud83c\udf10 Kontaktn\u00ed formul\u00e1\u0159<\/h4>\n\n\n\n<p>Pomoc\u00ed na\u0161eho zabezpe\u010den\u00e9ho kontaktn\u00edho formul\u00e1\u0159e n\u00ed\u017ee n\u00e1m m\u016f\u017eete zaslat sv\u00e9 dotazy nebo p\u0159ipom\u00ednky. Okam\u017eit\u011b se v\u00e1m ozveme a nab\u00eddneme v\u00e1m u\u017eite\u010dn\u00e1 \u0159e\u0161en\u00ed.<\/p>\n\n\n\n<figure class=\"wp-block-image size-full\"><img loading=\"lazy\" decoding=\"async\" width=\"300\" height=\"211\" src=\"https:\/\/diplomashops.com\/wp-content\/uploads\/2026\/03\/buy-diploma.webp\" alt=\"koupit diplom\" class=\"wp-image-88\" srcset=\"https:\/\/diplomashops.com\/wp-content\/uploads\/2026\/03\/buy-diploma.webp 300w, https:\/\/diplomashops.com\/wp-content\/uploads\/2026\/03\/buy-diploma-18x12.webp 18w\" sizes=\"auto, (max-width: 300px) 100vw, 300px\" \/><\/figure>\n\n\n\n<hr class=\"wp-block-separator has-alpha-channel-opacity\"\/>\n\n\n\n<h3 class=\"wp-block-heading\">Pracovn\u00ed doba a doba odezvy<\/h3>\n\n\n\n<h4 class=\"wp-block-heading\">Standardn\u00ed doba odezvy: do 1 hodiny<\/h4>\n\n\n\n<p>Zakl\u00e1d\u00e1me si na rychl\u00e9 komunikaci. V pracovn\u00ed dob\u011b o\u010dek\u00e1vejte odpov\u011b\u010f do 60 minut.<\/p>\n\n\n\n<h4 class=\"wp-block-heading\">K dispozici je roz\u0161\u00ed\u0159en\u00e1 podpora<\/h4>\n\n\n\n<p>Mimo b\u011b\u017enou pracovn\u00ed dobu? Zanechte n\u00e1m vzkaz a my v\u00e1m odpov\u00edme hned n\u00e1sleduj\u00edc\u00ed pracovn\u00ed den.<\/p>\n\n\n\n<h4 class=\"wp-block-heading\">Pokryt\u00ed v\u00edkend\u016f a sv\u00e1tk\u016f<\/h4>\n\n\n\n<p>Nem\u00e1me v\u00edkendy ani sv\u00e1tky. Jsme online 24 hodin denn\u011b, 7 dn\u00ed v t\u00fddnu.<\/p>\n\n\n\n<hr class=\"wp-block-separator has-alpha-channel-opacity\"\/>\n\n\n\n<h3 class=\"wp-block-heading\">\u010casto kontaktovan\u00e9 informace<\/h3>\n\n\n\n<h4 class=\"wp-block-heading\">Stav objedn\u00e1vky a sledov\u00e1n\u00ed<\/h4>\n\n\n\n<p>Pot\u0159ebujete aktualizovat objedn\u00e1vku diplomu? Chcete v\u011bd\u011bt, kdy v\u00e1\u0161 bal\u00ed\u010dek doraz\u00ed? N\u00e1\u0161 t\u00fdm poskytuje informace o sledov\u00e1n\u00ed v re\u00e1ln\u00e9m \u010dase.<\/p>\n\n\n\n<h4 class=\"wp-block-heading\">Platebn\u00ed metody a zabezpe\u010den\u00ed<\/h4>\n\n\n\n<p>M\u00e1te dotazy k mo\u017enostem platby, bezpe\u010dnosti transakc\u00ed nebo z\u00e1sad\u00e1m vr\u00e1cen\u00ed pen\u011bz? V\u0161e vysv\u011btlujeme jasn\u011b a transparentn\u011b.<\/p>\n\n\n\n<h4 class=\"wp-block-heading\">Po\u017eadavky na p\u0159izp\u016fsoben\u00ed diplomu<\/h4>\n\n\n\n<p>Nejste si jisti, kter\u00e1 \u0161ablona vyhovuje va\u0161im pot\u0159eb\u00e1m? Chcete upravit st\u00e1vaj\u00edc\u00ed n\u00e1vrh? Na\u0161i odborn\u00edci v\u00e1s provedou mo\u017enostmi p\u0159izp\u016fsoben\u00ed.<\/p>\n\n\n\n<h4 class=\"wp-block-heading\">Informace o mezin\u00e1rodn\u00ed p\u0159eprav\u011b<\/h4>\n\n\n\n<p>Zaj\u00edm\u00e1 v\u00e1s doba dod\u00e1n\u00ed do va\u0161\u00ed zem\u011b? Zaj\u00edmaj\u00ed v\u00e1s celn\u00ed postupy? Poskytujeme podrobn\u00e9 pokyny k mezin\u00e1rodn\u00ed p\u0159eprav\u011b.<\/p>\n\n\n\n<figure class=\"wp-block-image size-full\"><img loading=\"lazy\" decoding=\"async\" width=\"300\" height=\"212\" src=\"https:\/\/diplomashops.com\/wp-content\/uploads\/2026\/03\/Buy-a-university-master-bachelor-diploma-online.webp\" alt=\"Koupit vysoko\u0161kolsk\u00fd magistersk\u00fd bakal\u00e1\u0159sk\u00fd diplom online\" class=\"wp-image-86\" srcset=\"https:\/\/diplomashops.com\/wp-content\/uploads\/2026\/03\/Buy-a-university-master-bachelor-diploma-online.webp 300w, https:\/\/diplomashops.com\/wp-content\/uploads\/2026\/03\/Buy-a-university-master-bachelor-diploma-online-18x12.webp 18w\" sizes=\"auto, (max-width: 300px) 100vw, 300px\" \/><\/figure>\n\n\n\n<hr class=\"wp-block-separator has-alpha-channel-opacity\"\/>\n\n\n\n<h3 class=\"wp-block-heading\">Kontaktn\u00ed informace WhatsApp<\/h3>\n\n\n\n<p>\ud83d\udd50 K dispozici: 24\/7 pro rychl\u00e9 reakce<br>\ud83d\udcac Podporovan\u00e9 jazyky: angli\u010dtina, holand\u0161tina, n\u011bm\u010dina, francouz\u0161tina, \u0161pan\u011bl\u0161tina a dal\u0161\u00ed.<\/p>\n\n\n\n<p><em>Kliknut\u00edm na ikonu WhatsApp na obrazovce m\u016f\u017eete okam\u017eit\u011b za\u010d\u00edt chatovat!<\/em><\/p>\n\n\n\n<hr class=\"wp-block-separator has-alpha-channel-opacity\"\/>\n\n\n\n<h3 class=\"wp-block-heading\">D\u016fle\u017eit\u00e9 kontaktn\u00ed informace<\/h3>\n\n\n\n<h4 class=\"wp-block-heading\">E-mailov\u00e1 adresa<\/h4>\n\n\n\n<p><a href=\"mailto:DiplomaShops247@gmail.com\" rel=\"noreferrer noopener\" target=\"_blank\">DiplomaShops247@gmail.com<\/a><\/p>\n\n\n\n<h4 class=\"wp-block-heading\">Z\u00e1ruka odezvy<\/h4>\n\n\n\n<p>Do 1 hodiny v pracovn\u00ed dob\u011b<\/p>\n\n\n\n<h4 class=\"wp-block-heading\">Jazyky, kter\u00fdmi se mluv\u00ed<\/h4>\n\n\n\n<p>Angli\u010dtina, holand\u0161tina, n\u011bm\u010dina, francouz\u0161tina, \u0161pan\u011bl\u0161tina, ital\u0161tina, portugal\u0161tina, \u0161v\u00e9d\u0161tina, nor\u0161tina, d\u00e1n\u0161tina, fin\u0161tina, pol\u0161tina, \u010de\u0161tina, ma\u010far\u0161tina, rumun\u0161tina, bulhar\u0161tina, \u0159e\u010dtina, ture\u010dtina, arab\u0161tina, ru\u0161tina, \u010d\u00edn\u0161tina a dal\u0161\u00ed!<\/p>\n\n\n\n<h4 class=\"wp-block-heading\">\u010casov\u00e9 p\u00e1smo<\/h4>\n\n\n\n<p>St\u0159edoevropsk\u00fd \u010das (CET\/CEST)<\/p>\n\n\n\n<hr class=\"wp-block-separator has-alpha-channel-opacity\"\/>\n\n\n\n<h3 class=\"wp-block-heading\">Ne\u017e n\u00e1s kontaktujete<\/h3>\n\n\n\n<p>Pod\u00edvejte se na na\u0161e&nbsp;<a href=\"https:\/\/diplomashops.com\/cs\/faq\/\">\u010cASTO KLADEN\u00c9 DOTAZY<\/a> na str\u00e1nce, kde najdete odpov\u011bdi na \u010dast\u00e9 ot\u00e1zky t\u00fdkaj\u00edc\u00ed se objedn\u00e1v\u00e1n\u00ed, platby, dopravy a specifikac\u00ed diplomu. Mo\u017en\u00e1 najdete p\u0159esn\u011b to, co pot\u0159ebujete, ani\u017e byste museli \u010dekat! Pokud si chcete p\u0159e\u010d\u00edst v\u00edce, klikn\u011bte zde <a href=\"https:\/\/diplomashops.com\/cs\/o-nas\/\">o n\u00e1s<\/a>. <\/p>\n\n\n\n<hr class=\"wp-block-separator has-alpha-channel-opacity\"\/>\n\n\n\n<h3 class=\"wp-block-heading\">Pot\u0159ebujete okam\u017eitou pomoc?<\/h3>\n\n\n\n<p>Klikn\u011bte na tla\u010d\u00edtko WhatsApp v doln\u00edm rohu obrazovky a chatujte s n\u00e1mi pr\u00e1v\u011b te\u010f. \u017d\u00e1dn\u00e9 \u010dek\u00e1n\u00ed - okam\u017eit\u00e1 pomoc od na\u0161ich specialist\u016f podpory.<\/p>","protected":false},"excerpt":{"rendered":"<p>Contact Us \u2013 Get Help Buying Your Diploma Multiple Ways to Contact Us &#x1f4e7; Email Support Send us a message [&hellip;]<\/p>\n","protected":false},"author":1,"featured_media":0,"parent":0,"menu_order":0,"comment_status":"closed","ping_status":"closed","template":"","meta":{"site-sidebar-layout":"default","site-content-layout":"","ast-site-content-layout":"default","site-content-style":"default","site-sidebar-style":"default","ast-global-header-display":"","ast-banner-title-visibility":"","ast-main-header-display":"","ast-hfb-above-header-display":"","ast-hfb-below-header-display":"","ast-hfb-mobile-header-display":"","site-post-title":"","ast-breadcrumbs-content":"","ast-featured-img":"","footer-sml-layout":"","ast-disable-related-posts":"","theme-transparent-header-meta":"","adv-header-id-meta":"","stick-header-meta":"","header-above-stick-meta":"","header-main-stick-meta":"","header-below-stick-meta":"","astra-migrate-meta-layouts":"default","ast-page-background-enabled":"default","ast-page-background-meta":{"desktop":{"background-color":"var(--ast-global-color-5)","background-image":"","background-repeat":"repeat","background-position":"center center","background-size":"auto","background-attachment":"scroll","background-type":"","background-media":"","overlay-type":"","overlay-color":"","overlay-opacity":"","overlay-gradient":""},"tablet":{"background-color":"","background-image":"","background-repeat":"repeat","background-position":"center center","background-size":"auto","background-attachment":"scroll","background-type":"","background-media":"","overlay-type":"","overlay-color":"","overlay-opacity":"","overlay-gradient":""},"mobile":{"background-color":"","background-image":"","background-repeat":"repeat","background-position":"center center","background-size":"auto","background-attachment":"scroll","background-type":"","background-media":"","overlay-type":"","overlay-color":"","overlay-opacity":"","overlay-gradient":""}},"ast-content-background-meta":{"desktop":{"background-color":"var(--ast-global-color-4)","background-image":"","background-repeat":"repeat","background-position":"center center","background-size":"auto","background-attachment":"scroll","background-type":"","background-media":"","overlay-type":"","overlay-color":"","overlay-opacity":"","overlay-gradient":""},"tablet":{"background-color":"var(--ast-global-color-4)","background-image":"","background-repeat":"repeat","background-position":"center center","background-size":"auto","background-attachment":"scroll","background-type":"","background-media":"","overlay-type":"","overlay-color":"","overlay-opacity":"","overlay-gradient":""},"mobile":{"background-color":"var(--ast-global-color-4)","background-image":"","background-repeat":"repeat","background-position":"center center","background-size":"auto","background-attachment":"scroll","background-type":"","background-media":"","overlay-type":"","overlay-color":"","overlay-opacity":"","overlay-gradient":""}},"footnotes":""},"class_list":["post-21","page","type-page","status-publish","hentry"],"yoast_head":"<!-- This site is optimized with the Yoast SEO plugin v27.5 - https:\/\/yoast.com\/product\/yoast-seo-wordpress\/ -->\n<title>Contact - DiplomaShops.com - Buy Diploma Online | Fast &amp; Secure Service<\/title>\n<meta name=\"description\" content=\"Contact DiplomaShops.com for fast diploma service help. We respond within 1 hour via email or WhatsApp. Get assistance today!\" \/>\n<meta name=\"robots\" content=\"index, follow, max-snippet:-1, max-image-preview:large, max-video-preview:-1\" \/>\n<link rel=\"canonical\" href=\"https:\/\/diplomashops.com\/cs\/kontakt\/\" \/>\n<meta property=\"og:locale\" content=\"cs_CZ\" \/>\n<meta property=\"og:type\" content=\"article\" \/>\n<meta property=\"og:title\" content=\"Contact - DiplomaShops.com - Buy Diploma Online | Fast &amp; Secure Service\" \/>\n<meta property=\"og:description\" content=\"Contact DiplomaShops.com for fast diploma service help. We respond within 1 hour via email or WhatsApp. Get assistance today!\" \/>\n<meta property=\"og:url\" content=\"https:\/\/diplomashops.com\/cs\/kontakt\/\" \/>\n<meta property=\"og:site_name\" content=\"DiplomaShops.com - Buy Diploma Online | Fast &amp; Secure Service\" \/>\n<meta property=\"article:modified_time\" content=\"2026-03-14T16:06:33+00:00\" \/>\n<meta property=\"og:image\" content=\"https:\/\/diplomashops.com\/wp-content\/uploads\/2026\/03\/buy-diploma.webp\" \/>\n\t<meta property=\"og:image:width\" content=\"300\" \/>\n\t<meta property=\"og:image:height\" content=\"211\" \/>\n\t<meta property=\"og:image:type\" content=\"image\/webp\" \/>\n<meta name=\"twitter:card\" content=\"summary_large_image\" \/>\n<meta name=\"twitter:label1\" content=\"Odhadovan\u00e1 doba \u010dten\u00ed\" \/>\n\t<meta name=\"twitter:data1\" content=\"3 minuty\" \/>\n<script type=\"application\/ld+json\" class=\"yoast-schema-graph\">{\"@context\":\"https:\\\/\\\/schema.org\",\"@graph\":[{\"@type\":\"WebPage\",\"@id\":\"https:\\\/\\\/diplomashops.com\\\/contact\\\/\",\"url\":\"https:\\\/\\\/diplomashops.com\\\/contact\\\/\",\"name\":\"Contact - DiplomaShops.com - Buy Diploma Online | Fast &amp; Secure Service\",\"isPartOf\":{\"@id\":\"https:\\\/\\\/diplomashops.com\\\/#website\"},\"primaryImageOfPage\":{\"@id\":\"https:\\\/\\\/diplomashops.com\\\/contact\\\/#primaryimage\"},\"image\":{\"@id\":\"https:\\\/\\\/diplomashops.com\\\/contact\\\/#primaryimage\"},\"thumbnailUrl\":\"https:\\\/\\\/diplomashops.com\\\/wp-content\\\/uploads\\\/2026\\\/03\\\/buy-diploma.webp\",\"datePublished\":\"2026-03-14T15:35:38+00:00\",\"dateModified\":\"2026-03-14T16:06:33+00:00\",\"description\":\"Contact DiplomaShops.com for fast diploma service help. We respond within 1 hour via email or WhatsApp. Get assistance today!\",\"breadcrumb\":{\"@id\":\"https:\\\/\\\/diplomashops.com\\\/contact\\\/#breadcrumb\"},\"inLanguage\":\"cs\",\"potentialAction\":[{\"@type\":\"ReadAction\",\"target\":[\"https:\\\/\\\/diplomashops.com\\\/contact\\\/\"]}]},{\"@type\":\"ImageObject\",\"inLanguage\":\"cs\",\"@id\":\"https:\\\/\\\/diplomashops.com\\\/contact\\\/#primaryimage\",\"url\":\"https:\\\/\\\/diplomashops.com\\\/wp-content\\\/uploads\\\/2026\\\/03\\\/buy-diploma.webp\",\"contentUrl\":\"https:\\\/\\\/diplomashops.com\\\/wp-content\\\/uploads\\\/2026\\\/03\\\/buy-diploma.webp\"},{\"@type\":\"BreadcrumbList\",\"@id\":\"https:\\\/\\\/diplomashops.com\\\/contact\\\/#breadcrumb\",\"itemListElement\":[{\"@type\":\"ListItem\",\"position\":1,\"name\":\"Home\",\"item\":\"https:\\\/\\\/diplomashops.com\\\/\"},{\"@type\":\"ListItem\",\"position\":2,\"name\":\"Contact\"}]},{\"@type\":\"WebSite\",\"@id\":\"https:\\\/\\\/diplomashops.com\\\/#website\",\"url\":\"https:\\\/\\\/diplomashops.com\\\/\",\"name\":\"DiplomaShops.com - Buy Diploma Online | Fast &amp; Secure Service\",\"description\":\"Buy a Diploma online Delivered Worldwide - Order Your Certificate Today\",\"potentialAction\":[{\"@type\":\"SearchAction\",\"target\":{\"@type\":\"EntryPoint\",\"urlTemplate\":\"https:\\\/\\\/diplomashops.com\\\/?s={search_term_string}\"},\"query-input\":{\"@type\":\"PropertyValueSpecification\",\"valueRequired\":true,\"valueName\":\"search_term_string\"}}],\"inLanguage\":\"cs\"}]}<\/script>\n<!-- \/ Yoast SEO plugin. -->","yoast_head_json":{"title":"Kontakt - DiplomaShops.com - Koupit diplom online | Rychl\u00fd a bezpe\u010dn\u00fd servis","description":"Obra\u0165te se na DiplomaShops.com a z\u00edskejte rychlou pomoc s vyd\u00e1v\u00e1n\u00edm diplom\u016f. Odpov\u00edd\u00e1me do 1 hodiny prost\u0159ednictv\u00edm e-mailu nebo aplikace WhatsApp. Z\u00edskejte pomoc je\u0161t\u011b dnes!","robots":{"index":"index","follow":"follow","max-snippet":"max-snippet:-1","max-image-preview":"max-image-preview:large","max-video-preview":"max-video-preview:-1"},"canonical":"https:\/\/diplomashops.com\/cs\/kontakt\/","og_locale":"cs_CZ","og_type":"article","og_title":"Contact - DiplomaShops.com - Buy Diploma Online | Fast &amp; Secure Service","og_description":"Contact DiplomaShops.com for fast diploma service help. We respond within 1 hour via email or WhatsApp. Get assistance today!","og_url":"https:\/\/diplomashops.com\/cs\/kontakt\/","og_site_name":"DiplomaShops.com - Buy Diploma Online | Fast &amp; Secure Service","article_modified_time":"2026-03-14T16:06:33+00:00","og_image":[{"width":300,"height":211,"url":"https:\/\/diplomashops.com\/wp-content\/uploads\/2026\/03\/buy-diploma.webp","type":"image\/webp"}],"twitter_card":"summary_large_image","twitter_misc":{"Odhadovan\u00e1 doba \u010dten\u00ed":"3 minuty"},"schema":{"@context":"https:\/\/schema.org","@graph":[{"@type":"WebPage","@id":"https:\/\/diplomashops.com\/contact\/","url":"https:\/\/diplomashops.com\/contact\/","name":"Kontakt - DiplomaShops.com - Koupit diplom online | Rychl\u00fd a bezpe\u010dn\u00fd servis","isPartOf":{"@id":"https:\/\/diplomashops.com\/#website"},"primaryImageOfPage":{"@id":"https:\/\/diplomashops.com\/contact\/#primaryimage"},"image":{"@id":"https:\/\/diplomashops.com\/contact\/#primaryimage"},"thumbnailUrl":"https:\/\/diplomashops.com\/wp-content\/uploads\/2026\/03\/buy-diploma.webp","datePublished":"2026-03-14T15:35:38+00:00","dateModified":"2026-03-14T16:06:33+00:00","description":"Obra\u0165te se na DiplomaShops.com a z\u00edskejte rychlou pomoc s vyd\u00e1v\u00e1n\u00edm diplom\u016f. Odpov\u00edd\u00e1me do 1 hodiny prost\u0159ednictv\u00edm e-mailu nebo aplikace WhatsApp. Z\u00edskejte pomoc je\u0161t\u011b dnes!","breadcrumb":{"@id":"https:\/\/diplomashops.com\/contact\/#breadcrumb"},"inLanguage":"cs","potentialAction":[{"@type":"ReadAction","target":["https:\/\/diplomashops.com\/contact\/"]}]},{"@type":"ImageObject","inLanguage":"cs","@id":"https:\/\/diplomashops.com\/contact\/#primaryimage","url":"https:\/\/diplomashops.com\/wp-content\/uploads\/2026\/03\/buy-diploma.webp","contentUrl":"https:\/\/diplomashops.com\/wp-content\/uploads\/2026\/03\/buy-diploma.webp"},{"@type":"BreadcrumbList","@id":"https:\/\/diplomashops.com\/contact\/#breadcrumb","itemListElement":[{"@type":"ListItem","position":1,"name":"Home","item":"https:\/\/diplomashops.com\/"},{"@type":"ListItem","position":2,"name":"Contact"}]},{"@type":"WebSite","@id":"https:\/\/diplomashops.com\/#website","url":"https:\/\/diplomashops.com\/","name":"DiplomaShops.com - Koupit diplom online | Rychl\u00fd a bezpe\u010dn\u00fd servis","description":"Koupit diplom online s doru\u010den\u00edm po cel\u00e9m sv\u011bt\u011b - objednejte si certifik\u00e1t je\u0161t\u011b dnes","potentialAction":[{"@type":"SearchAction","target":{"@type":"EntryPoint","urlTemplate":"https:\/\/diplomashops.com\/?s={search_term_string}"},"query-input":{"@type":"PropertyValueSpecification","valueRequired":true,"valueName":"search_term_string"}}],"inLanguage":"cs"}]}},"_links":{"self":[{"href":"https:\/\/diplomashops.com\/cs\/wp-json\/wp\/v2\/pages\/21","targetHints":{"allow":["GET"]}}],"collection":[{"href":"https:\/\/diplomashops.com\/cs\/wp-json\/wp\/v2\/pages"}],"about":[{"href":"https:\/\/diplomashops.com\/cs\/wp-json\/wp\/v2\/types\/page"}],"author":[{"embeddable":true,"href":"https:\/\/diplomashops.com\/cs\/wp-json\/wp\/v2\/users\/1"}],"replies":[{"embeddable":true,"href":"https:\/\/diplomashops.com\/cs\/wp-json\/wp\/v2\/comments?post=21"}],"version-history":[{"count":7,"href":"https:\/\/diplomashops.com\/cs\/wp-json\/wp\/v2\/pages\/21\/revisions"}],"predecessor-version":[{"id":95,"href":"https:\/\/diplomashops.com\/cs\/wp-json\/wp\/v2\/pages\/21\/revisions\/95"}],"wp:attachment":[{"href":"https:\/\/diplomashops.com\/cs\/wp-json\/wp\/v2\/media?parent=21"}],"curies":[{"name":"wp","href":"https:\/\/api.w.org\/{rel}","templated":true}]}}