{"id":36,"date":"2026-03-14T15:41:58","date_gmt":"2026-03-14T15:41:58","guid":{"rendered":"https:\/\/diplomashops.com\/?page_id=36"},"modified":"2026-03-14T16:06:08","modified_gmt":"2026-03-14T16:06:08","slug":"o-nas","status":"publish","type":"page","link":"https:\/\/diplomashops.com\/cs\/about-us\/","title":{"rendered":"O n\u00e1s"},"content":{"rendered":"<h2 class=\"wp-block-heading\">V\u00e1\u0161 d\u016fv\u011bryhodn\u00fd poskytovatel diplomov\u00fdch slu\u017eeb, www.DiplomaShops.com<\/h2>\n\n\n\n<p>V\u00edtejte na str\u00e1nk\u00e1ch DiplomaShops.com, va\u0161eho spolehliv\u00e9ho partnera pro profesion\u00e1ln\u00ed diplomov\u00e9 slu\u017eby od roku 2018. Specializujeme se na vytv\u00e1\u0159en\u00ed vysoce kvalitn\u00edch, autenticky vypadaj\u00edc\u00edch diplom\u016f pro jednotlivce po cel\u00e9m sv\u011bt\u011b, kte\u0159\u00ed pot\u0159ebuj\u00ed n\u00e1hradn\u00ed dokumenty, n\u00e1stroje pro kari\u00e9rn\u00ed postup nebo osobn\u00ed referen\u010dn\u00ed materi\u00e1ly. Na\u0161\u00edm posl\u00e1n\u00edm je poskytovat rychl\u00e9, bezpe\u010dn\u00e9 a diskr\u00e9tn\u00ed slu\u017eby, kter\u00e9 poka\u017ed\u00e9 p\u0159ed\u010d\u00ed o\u010dek\u00e1v\u00e1n\u00ed z\u00e1kazn\u00edk\u016f.<\/p>\n\n\n\n<figure class=\"wp-block-image size-full\"><img loading=\"lazy\" decoding=\"async\" width=\"300\" height=\"211\" src=\"https:\/\/diplomashops.com\/wp-content\/uploads\/2026\/03\/buy-diploma.webp\" alt=\"koupit diplom\" class=\"wp-image-88\" srcset=\"https:\/\/diplomashops.com\/wp-content\/uploads\/2026\/03\/buy-diploma.webp 300w, https:\/\/diplomashops.com\/wp-content\/uploads\/2026\/03\/buy-diploma-18x12.webp 18w\" sizes=\"auto, (max-width: 300px) 100vw, 300px\" \/><\/figure>\n\n\n\n<h3 class=\"wp-block-heading\">N\u00e1\u0161 p\u0159\u00edb\u011bh a posl\u00e1n\u00ed<\/h3>\n\n\n\n<h4 class=\"wp-block-heading\">Zalo\u017eeno na kvalit\u011b a d\u016fv\u011b\u0159e<\/h4>\n\n\n\n<p>Spole\u010dnost DiplomaShops.com byla zalo\u017eena v roce 2018 t\u00fdmem odborn\u00edk\u016f na tvorbu dokument\u016f, kte\u0159\u00ed rozpoznali rostouc\u00ed pot\u0159ebu legitimn\u00edch slu\u017eeb v\u00fdm\u011bny diplom\u016f. To, co za\u010dalo jako mal\u00e1 operace, se rozrostlo v d\u016fv\u011bryhodnou mezin\u00e1rodn\u00ed slu\u017ebu podporuj\u00edc\u00ed z\u00e1kazn\u00edky v Evrop\u011b, Severn\u00ed Americe i mimo ni.<\/p>\n\n\n\n<h4 class=\"wp-block-heading\">Z\u00e1vazek k dokonalosti<\/h4>\n\n\n\n<p>V\u011b\u0159\u00edme, \u017ee si ka\u017ed\u00fd zaslou\u017e\u00ed p\u0159\u00edstup ke kvalitn\u00ed dokumentaci, kdy\u017e ji nejv\u00edce pot\u0159ebuje. A\u0165 u\u017e jste ztratili sv\u016fj p\u016fvodn\u00ed diplom, pot\u0159ebujete n\u00e1hradn\u00ed pro administrativn\u00ed \u00fa\u010dely nebo chcete obohatit sv\u00e9 profesn\u00ed portfolio, jsme zde, abychom v\u00e1m d\u016fstojn\u011b a diskr\u00e9tn\u011b pomohli.<\/p>\n\n\n\n<h4 class=\"wp-block-heading\">Hodnoty, kter\u00e9 n\u00e1s poh\u00e1n\u011bj\u00ed<\/h4>\n\n\n\n<ul class=\"wp-block-list\">\n<li>Integrita: Poctiv\u00e9, transparentn\u00ed slu\u017eby s jasnou komunikac\u00ed.<\/li>\n\n\n\n<li>Kvalita: Pr\u00e9miov\u00e9 materi\u00e1ly a profesion\u00e1ln\u00ed designov\u00e9 standardy<\/li>\n\n\n\n<li>Rychlost: Rychl\u00e9 zpracov\u00e1n\u00ed a spolehliv\u00e9 doru\u010den\u00ed po cel\u00e9m sv\u011bt\u011b<\/li>\n\n\n\n<li>Ochrana osobn\u00edch \u00fadaj\u016f: \u00dapln\u00e1 d\u016fv\u011brnost a bezpe\u010dn\u00e9 nakl\u00e1d\u00e1n\u00ed s osobn\u00edmi \u00fadaji.<\/li>\n\n\n\n<li>Podpora: V\u00edcejazy\u010dn\u00fd z\u00e1kaznick\u00fd servis k dispozici 24 hodin denn\u011b, 7 dn\u00ed v t\u00fddnu<\/li>\n<\/ul>\n\n\n\n<hr class=\"wp-block-separator has-alpha-channel-opacity\"\/>\n\n\n\n<h3 class=\"wp-block-heading\">Pro\u010d si vybrat DiplomaShops.com?<\/h3>\n\n\n\n<h4 class=\"wp-block-heading\">T\u00fdm odborn\u00edk\u016f na design<\/h4>\n\n\n\n<p>Na\u0161i kreativn\u00ed profesion\u00e1lov\u00e9 maj\u00ed des\u00edtky let zku\u0161enost\u00ed v oblasti reprodukce dokument\u016f a grafick\u00e9ho designu. Pracujeme v\u00fdhradn\u011b s certifikovan\u00fdmi design\u00e9ry, kte\u0159\u00ed rozum\u00ed institucion\u00e1ln\u00edm po\u017eadavk\u016fm na form\u00e1tov\u00e1n\u00ed a ov\u011b\u0159ov\u00e1n\u00ed.<\/p>\n\n\n\n<h4 class=\"wp-block-heading\">Glob\u00e1ln\u00ed dosah, m\u00edstn\u00ed podpora<\/h4>\n\n\n\n<p>D\u00edky z\u00e1kazn\u00edk\u016fm ve v\u00edce ne\u017e 20 zem\u00edch a pracovn\u00edk\u016fm podpory hovo\u0159\u00edc\u00edm n\u011bkolika jazyky p\u0159ekon\u00e1v\u00e1me kulturn\u00ed a geografick\u00e9 rozd\u00edly, abychom v\u00e1m mohli l\u00e9pe slou\u017eit. Na\u0161e mezin\u00e1rodn\u00ed p\u0159epravn\u00ed s\u00ed\u0165 zaji\u0161\u0165uje spolehliv\u00e9 doru\u010den\u00ed kamkoli na sv\u011bt\u011b.<\/p>\n\n\n\n<h4 class=\"wp-block-heading\">Nejmodern\u011bj\u0161\u00ed technologie<\/h4>\n\n\n\n<p>Pou\u017e\u00edv\u00e1me nejmodern\u011bj\u0161\u00ed tiskov\u00e9 vybaven\u00ed a prvot\u0159\u00eddn\u00ed materi\u00e1ly, kter\u00e9 odpov\u00eddaj\u00ed ofici\u00e1ln\u00edm institucion\u00e1ln\u00edm standard\u016fm. Na\u0161e digit\u00e1ln\u00ed procesy zaji\u0161\u0165uj\u00ed p\u0159esnost a konzistenci ka\u017ed\u00e9ho vyroben\u00e9ho diplomu.<\/p>\n\n\n\n<h4 class=\"wp-block-heading\">Uzn\u00e1n\u00ed v oboru<\/h4>\n\n\n\n<p>Od sv\u00e9ho zalo\u017een\u00ed jsme pomohli tis\u00edc\u016fm spokojen\u00fdch z\u00e1kazn\u00edk\u016f z\u00edskat pot\u0159ebnou dokumentaci. D\u00edky na\u0161emu z\u00e1vazku ke kvalit\u011b a z\u00e1kaznick\u00e9mu servisu jsme z\u00edskali uzn\u00e1n\u00ed jako p\u0159edn\u00ed poskytovatel v oblasti dokumentov\u00fdch slu\u017eeb.<\/p>\n\n\n\n<hr class=\"wp-block-separator has-alpha-channel-opacity\"\/>\n\n\n\n<h3 class=\"wp-block-heading\">Vysv\u011btlen\u00ed na\u0161ich slu\u017eeb<\/h3>\n\n\n\n<h4 class=\"wp-block-heading\">Reprodukce akademick\u00e9ho diplomu<\/h4>\n\n\n\n<p>Vytv\u00e1\u0159\u00edme p\u0159esn\u00e9 reprodukce od st\u0159edo\u0161kolsk\u00fdch diplom\u016f a\u017e po vysoko\u0161kolsk\u00e9 tituly podle skute\u010dn\u00fdch vzor\u016f uzn\u00e1van\u00fdch instituc\u00ed. Ide\u00e1ln\u00ed pro nahrazen\u00ed ztracen\u00fdch origin\u00e1l\u016f nebo spln\u011bn\u00ed administrativn\u00edch po\u017eadavk\u016f.<\/p>\n\n\n\n<h4 class=\"wp-block-heading\">Kopie profesn\u00edch osv\u011bd\u010den\u00ed<\/h4>\n\n\n\n<p>Pot\u0159ebujete doklad o odborn\u00e9m \u0161kolen\u00ed nebo certifikaci? Nab\u00edz\u00edme osv\u011bd\u010den\u00ed pro r\u016fzn\u00e1 odv\u011btv\u00ed v\u010detn\u011b IT, zdravotnictv\u00ed, financ\u00ed, stroj\u00edrenstv\u00ed a dal\u0161\u00edch - v\u0161echna jsou navr\u017eena podle pr\u016fmyslov\u00fdch standard\u016f.<\/p>\n\n\n\n<h4 class=\"wp-block-heading\">Vlastn\u00ed design diplomu<\/h4>\n\n\n\n<p>Na\u0161e speci\u00e1ln\u00ed slu\u017eba umo\u017e\u0148uje kompletn\u00ed personalizaci v\u010detn\u011b vlastn\u00edch log, institucion\u00e1ln\u00edch pe\u010det\u00ed, podpis\u016f a form\u00e1tov\u00e1n\u00ed. Ide\u00e1ln\u00ed pro firmy, organizace nebo jedine\u010dn\u00e9 osobn\u00ed po\u017eadavky.<\/p>\n\n\n\n<h4 class=\"wp-block-heading\">Pohotovostn\u00ed n\u00e1hradn\u00ed slu\u017eba<\/h4>\n\n\n\n<p>Ztratili jste diplom p\u0159ed pracovn\u00edm pohovorem nebo d\u016fle\u017eitou sch\u016fzkou? V nal\u00e9hav\u00fdch p\u0159\u00edpadech, kdy je na\u010dasov\u00e1n\u00ed rozhoduj\u00edc\u00ed, v\u00e1m ho na\u0161e expresn\u00ed slu\u017eba doru\u010d\u00ed do 24-48 hodin.<\/p>\n\n\n\n<hr class=\"wp-block-separator has-alpha-channel-opacity\"\/>\n\n\n\n<h3 class=\"wp-block-heading\">Seznamte se s na\u0161\u00edm t\u00fdmem<\/h3>\n\n\n\n<h4 class=\"wp-block-heading\">Specialist\u00e9 na slu\u017eby z\u00e1kazn\u00edk\u016fm<\/h4>\n\n\n\n<p>N\u00e1\u0161 v\u00edcejazy\u010dn\u00fd t\u00fdm podpory vy\u0159izuje dotazy ve v\u00edce ne\u017e 20 jazyc\u00edch, \u010d\u00edm\u017e zaji\u0161\u0165uje jasnou komunikaci bez ohledu na va\u0161i polohu nebo rodn\u00fd jazyk. Pro okam\u017eitou pomoc je k dispozici 24 hodin denn\u011b, 7 dn\u00ed v t\u00fddnu.<\/p>\n\n\n\n<h4 class=\"wp-block-heading\">Odborn\u00edci na design a v\u00fdrobu<\/h4>\n\n\n\n<p>Certifikovan\u00ed n\u00e1vrh\u00e1\u0159i dokument\u016f a specialist\u00e9 na tisk spole\u010dn\u011b vytv\u00e1\u0159ej\u00ed diplomy, kter\u00e9 spl\u0148uj\u00ed nejvy\u0161\u0161\u00ed standardy kvality. Ka\u017ed\u00fd detail je pe\u010dliv\u011b propracov\u00e1n s ohledem na autenticitu a profesionalitu.<\/p>\n\n\n\n<h4 class=\"wp-block-heading\">Koordin\u00e1to\u0159i logistiky a p\u0159epravy<\/h4>\n\n\n\n<p>N\u00e1\u0161 logistick\u00fd t\u00fdm \u0159\u00edd\u00ed celosv\u011btovou p\u0159epravu a zaji\u0161\u0165uje v\u010dasn\u00e9 doru\u010den\u00ed a spr\u00e1vn\u00e9 zpracov\u00e1n\u00ed v\u0161ech z\u00e1silek. Spolupracuje s d\u016fv\u011bryhodn\u00fdmi dopravci ve v\u0161ech regionech, kter\u00e9 obsluhujeme.<\/p>\n\n\n\n<h4 class=\"wp-block-heading\">Mana\u017ee\u0159i zaji\u0161t\u011bn\u00ed kvality<\/h4>\n\n\n\n<p>P\u0159ed odesl\u00e1n\u00edm ka\u017ed\u00e9ho diplomu se prov\u00e1d\u00ed p\u0159\u00edsn\u00e1 kontrola kvality, aby se zajistila p\u0159esnost, vzhled a shoda se specifikacemi z\u00e1kazn\u00edka. N\u00e1\u0161 proces kontroly kvality zaru\u010duje v\u017edy spokojenost.<\/p>\n\n\n\n<hr class=\"wp-block-separator has-alpha-channel-opacity\"\/>\n\n\n\n<h3 class=\"wp-block-heading\">N\u00e1\u0161 z\u00e1vazek v\u016f\u010di v\u00e1m<\/h3>\n\n\n\n<h4 class=\"wp-block-heading\">100% Z\u00e1ruka spokojenosti<\/h4>\n\n\n\n<p>Za ka\u017ed\u00fdm diplomem, kter\u00fd vytvo\u0159\u00edme, si stoj\u00edme. Pokud nebudete zcela spokojeni s jeho kvalitou nebo p\u0159esnost\u00ed, zdarma jej p\u0159ed\u011bl\u00e1me nebo v\u00e1m vr\u00e1t\u00edme pen\u00edze.<\/p>\n\n\n\n<h4 class=\"wp-block-heading\">Slib ochrany soukrom\u00ed<\/h4>\n\n\n\n<p>Va\u0161e osobn\u00ed \u00fadaje a \u00fadaje o objedn\u00e1vce nejsou nikdy sd\u00edleny s t\u0159et\u00edmi stranami. Ve\u0161ker\u00e1 komunikace a transakce prob\u00edhaj\u00ed s maxim\u00e1ln\u00ed d\u016fv\u011brnost\u00ed.<\/p>\n\n\n\n<h4 class=\"wp-block-heading\">Rychl\u00e1 doba odezvy<\/h4>\n\n\n\n<p>V pracovn\u00ed dob\u011b zaru\u010dujeme odpov\u011bdi na dotazy z\u00e1kazn\u00edk\u016f do jedn\u00e9 hodiny. N\u00e1\u0161 t\u00fdm podpory je v\u017edy p\u0159ipraven pomoci s jak\u00fdmikoli dotazy nebo probl\u00e9my.<\/p>\n\n\n\n<h4 class=\"wp-block-heading\">Pr\u016fb\u011b\u017en\u00e9 zlep\u0161ov\u00e1n\u00ed<\/h4>\n\n\n\n<p>Pravideln\u011b aktualizujeme na\u0161e postupy, materi\u00e1ly a slu\u017eby na z\u00e1klad\u011b zp\u011btn\u00e9 vazby od z\u00e1kazn\u00edk\u016f a v\u00fdvoje v oboru. V\u00e1\u0161 \u00fasp\u011bch je hnac\u00edm motorem na\u0161ich inovac\u00ed.<\/p>\n\n\n\n<hr class=\"wp-block-separator has-alpha-channel-opacity\"\/>\n\n\n\n<h3 class=\"wp-block-heading\">Miln\u00edky spole\u010dnosti<\/h3>\n\n\n\n<h4 class=\"wp-block-heading\">2018: Zalo\u017een\u00ed spole\u010dnosti<\/h4>\n\n\n\n<p>Zah\u00e1jen\u00ed \u010dinnosti se zam\u011b\u0159en\u00edm na diplomov\u00e9 slu\u017eby na evropsk\u00e9m trhu<\/p>\n\n\n\n<h4 class=\"wp-block-heading\">2019: Mezin\u00e1rodn\u00ed expanze<\/h4>\n\n\n\n<p>Roz\u0161\u00ed\u0159en\u00ed slu\u017eeb do Severn\u00ed Ameriky a p\u0159id\u00e1n\u00ed v\u00edcejazy\u010dn\u00e9 podpory<\/p>\n\n\n\n<h4 class=\"wp-block-heading\">2020: Digit\u00e1ln\u00ed transformace<\/h4>\n\n\n\n<p>Spu\u0161t\u011bna online objedn\u00e1vkov\u00e1 platforma a mo\u017enosti digit\u00e1ln\u00edho diplomu<\/p>\n\n\n\n<h4 class=\"wp-block-heading\">2021: Pr\u00e9miov\u00e1 \u0159ada slu\u017eeb<\/h4>\n\n\n\n<p>Zaveden\u00ed luxusn\u00edch variant pap\u00edru a slu\u017eeb designu na zak\u00e1zku<\/p>\n\n\n\n<h4 class=\"wp-block-heading\">2022: Glob\u00e1ln\u00ed p\u0159epravn\u00ed s\u00ed\u0165<\/h4>\n\n\n\n<p>Nav\u00e1zan\u00e1 partnerstv\u00ed s mezin\u00e1rodn\u00edmi dopravci pro rychlej\u0161\u00ed doru\u010dov\u00e1n\u00ed<\/p>\n\n\n\n<h4 class=\"wp-block-heading\">2023: Zv\u00fd\u0161en\u00e1 bezpe\u010dnostn\u00ed opat\u0159en\u00ed<\/h4>\n\n\n\n<p>Implementace pokro\u010dil\u00fdch protokol\u016f pro \u0161ifrov\u00e1n\u00ed a ochranu soukrom\u00ed<\/p>\n\n\n\n<h4 class=\"wp-block-heading\">2024: V\u00fdvoj mobiln\u00edch aplikac\u00ed<\/h4>\n\n\n\n<p>Pr\u00e1ce na speci\u00e1ln\u00ed mobiln\u00ed aplikaci pro snadn\u011bj\u0161\u00ed objedn\u00e1v\u00e1n\u00ed<\/p>\n\n\n\n<hr class=\"wp-block-separator has-alpha-channel-opacity\"\/>\n\n\n\n<h3 class=\"wp-block-heading\">V\u00fdhled do budoucna<\/h3>\n\n\n\n<p>I kdy\u017e se st\u00e1le rozr\u016fst\u00e1me, n\u00e1\u0161 z\u00e1vazek z\u016fst\u00e1v\u00e1 nezm\u011bn\u011bn: poskytovat v\u00fdjime\u010dn\u00e9 slu\u017eby v oblasti diplom\u016f s integritou, kvalitou a spokojenost\u00ed z\u00e1kazn\u00edk\u016f na prvn\u00edm m\u00edst\u011b. Neust\u00e1le inovujeme, abychom mohli l\u00e9pe slou\u017eit na\u0161\u00ed glob\u00e1ln\u00ed komunit\u011b a p\u0159izp\u016fsobovat se m\u011bn\u00edc\u00edm se pot\u0159eb\u00e1m z\u00e1kazn\u00edk\u016f.<\/p>\n\n\n\n<p>P\u0159ipojte se k tis\u00edc\u016fm spokojen\u00fdch z\u00e1kazn\u00edk\u016f, kte\u0159\u00ed d\u016fv\u011b\u0159uj\u00ed spole\u010dnosti DiplomaShops.com v oblasti diplom\u016f. Poznejte rozd\u00edl, kter\u00fd p\u0159in\u00e1\u0161\u00ed profesion\u00e1ln\u00ed slu\u017eby.<\/p>\n\n\n\n<hr class=\"wp-block-separator has-alpha-channel-opacity\"\/>\n\n\n\n<h3 class=\"wp-block-heading\">Spojte se s n\u00e1mi<\/h3>\n\n\n\n<p>Chcete se dozv\u011bd\u011bt v\u00edce o na\u0161ich slu\u017eb\u00e1ch nebo prodiskutovat sv\u00e9 konkr\u00e9tn\u00ed pot\u0159eby v oblasti diplom\u016f? N\u00e1\u0161 t\u00fdm je p\u0159ipraven v\u00e1m pomoci.<\/p>\n\n\n\n<p>\ud83d\udce7 E-mail:&nbsp;<a href=\"mailto:DiplomaShops247@gmail.com\" target=\"_blank\" rel=\"noreferrer noopener\">DiplomaShops247@gmail.com<\/a><br>\ud83c\udf10 Webov\u00e9 str\u00e1nky:&nbsp;<a href=\"https:\/\/diplomashops.com\/cs\/\" target=\"_blank\" rel=\"noreferrer noopener\">www.diplomashops.com<\/a><\/p>\n\n\n\n<figure class=\"wp-block-image size-full\"><img loading=\"lazy\" decoding=\"async\" width=\"300\" height=\"212\" src=\"https:\/\/diplomashops.com\/wp-content\/uploads\/2026\/03\/Buy-a-university-master-bachelor-diploma-online.webp\" alt=\"Koupit vysoko\u0161kolsk\u00fd magistersk\u00fd bakal\u00e1\u0159sk\u00fd diplom online\" class=\"wp-image-86\" srcset=\"https:\/\/diplomashops.com\/wp-content\/uploads\/2026\/03\/Buy-a-university-master-bachelor-diploma-online.webp 300w, https:\/\/diplomashops.com\/wp-content\/uploads\/2026\/03\/Buy-a-university-master-bachelor-diploma-online-18x12.webp 18w\" sizes=\"auto, (max-width: 300px) 100vw, 300px\" \/><\/figure>","protected":false},"excerpt":{"rendered":"<p>Your Trusted Diploma Service Provider, www.DiplomaShops.com Welcome to DiplomaShops.com, your reliable partner for professional diploma services since 2018. We specialize [&hellip;]<\/p>\n","protected":false},"author":1,"featured_media":0,"parent":0,"menu_order":0,"comment_status":"closed","ping_status":"closed","template":"","meta":{"site-sidebar-layout":"default","site-content-layout":"","ast-site-content-layout":"default","site-content-style":"default","site-sidebar-style":"default","ast-global-header-display":"","ast-banner-title-visibility":"","ast-main-header-display":"","ast-hfb-above-header-display":"","ast-hfb-below-header-display":"","ast-hfb-mobile-header-display":"","site-post-title":"","ast-breadcrumbs-content":"","ast-featured-img":"","footer-sml-layout":"","ast-disable-related-posts":"","theme-transparent-header-meta":"","adv-header-id-meta":"","stick-header-meta":"","header-above-stick-meta":"","header-main-stick-meta":"","header-below-stick-meta":"","astra-migrate-meta-layouts":"default","ast-page-background-enabled":"default","ast-page-background-meta":{"desktop":{"background-color":"var(--ast-global-color-5)","background-image":"","background-repeat":"repeat","background-position":"center center","background-size":"auto","background-attachment":"scroll","background-type":"","background-media":"","overlay-type":"","overlay-color":"","overlay-opacity":"","overlay-gradient":""},"tablet":{"background-color":"","background-image":"","background-repeat":"repeat","background-position":"center center","background-size":"auto","background-attachment":"scroll","background-type":"","background-media":"","overlay-type":"","overlay-color":"","overlay-opacity":"","overlay-gradient":""},"mobile":{"background-color":"","background-image":"","background-repeat":"repeat","background-position":"center center","background-size":"auto","background-attachment":"scroll","background-type":"","background-media":"","overlay-type":"","overlay-color":"","overlay-opacity":"","overlay-gradient":""}},"ast-content-background-meta":{"desktop":{"background-color":"var(--ast-global-color-4)","background-image":"","background-repeat":"repeat","background-position":"center center","background-size":"auto","background-attachment":"scroll","background-type":"","background-media":"","overlay-type":"","overlay-color":"","overlay-opacity":"","overlay-gradient":""},"tablet":{"background-color":"var(--ast-global-color-4)","background-image":"","background-repeat":"repeat","background-position":"center center","background-size":"auto","background-attachment":"scroll","background-type":"","background-media":"","overlay-type":"","overlay-color":"","overlay-opacity":"","overlay-gradient":""},"mobile":{"background-color":"var(--ast-global-color-4)","background-image":"","background-repeat":"repeat","background-position":"center center","background-size":"auto","background-attachment":"scroll","background-type":"","background-media":"","overlay-type":"","overlay-color":"","overlay-opacity":"","overlay-gradient":""}},"footnotes":""},"class_list":["post-36","page","type-page","status-publish","hentry"],"yoast_head":"<!-- This site is optimized with the Yoast SEO plugin v27.5 - https:\/\/yoast.com\/product\/yoast-seo-wordpress\/ -->\n<title>About us - DiplomaShops.com - Buy Diploma Online | Fast &amp; Secure Service<\/title>\n<meta name=\"description\" content=\"Learn about DiplomaShops.com - trusted diploma service since 2018. Quality, privacy, and fast delivery worldwide. Meet our team today!\" \/>\n<meta name=\"robots\" content=\"index, follow, max-snippet:-1, max-image-preview:large, max-video-preview:-1\" \/>\n<link rel=\"canonical\" href=\"https:\/\/diplomashops.com\/cs\/o-nas\/\" \/>\n<meta property=\"og:locale\" content=\"cs_CZ\" \/>\n<meta property=\"og:type\" content=\"article\" \/>\n<meta property=\"og:title\" content=\"About us - DiplomaShops.com - Buy Diploma Online | Fast &amp; Secure Service\" \/>\n<meta property=\"og:description\" content=\"Learn about DiplomaShops.com - trusted diploma service since 2018. Quality, privacy, and fast delivery worldwide. Meet our team today!\" \/>\n<meta property=\"og:url\" content=\"https:\/\/diplomashops.com\/cs\/o-nas\/\" \/>\n<meta property=\"og:site_name\" content=\"DiplomaShops.com - Buy Diploma Online | Fast &amp; Secure Service\" \/>\n<meta property=\"article:modified_time\" content=\"2026-03-14T16:06:08+00:00\" \/>\n<meta property=\"og:image\" content=\"https:\/\/diplomashops.com\/wp-content\/uploads\/2026\/03\/buy-diploma.webp\" \/>\n\t<meta property=\"og:image:width\" content=\"300\" \/>\n\t<meta property=\"og:image:height\" content=\"211\" \/>\n\t<meta property=\"og:image:type\" content=\"image\/webp\" \/>\n<meta name=\"twitter:card\" content=\"summary_large_image\" \/>\n<meta name=\"twitter:label1\" content=\"Odhadovan\u00e1 doba \u010dten\u00ed\" \/>\n\t<meta name=\"twitter:data1\" content=\"5 minut\" \/>\n<script type=\"application\/ld+json\" class=\"yoast-schema-graph\">{\"@context\":\"https:\\\/\\\/schema.org\",\"@graph\":[{\"@type\":\"WebPage\",\"@id\":\"https:\\\/\\\/diplomashops.com\\\/about-us\\\/\",\"url\":\"https:\\\/\\\/diplomashops.com\\\/about-us\\\/\",\"name\":\"About us - DiplomaShops.com - Buy Diploma Online | Fast &amp; Secure Service\",\"isPartOf\":{\"@id\":\"https:\\\/\\\/diplomashops.com\\\/#website\"},\"primaryImageOfPage\":{\"@id\":\"https:\\\/\\\/diplomashops.com\\\/about-us\\\/#primaryimage\"},\"image\":{\"@id\":\"https:\\\/\\\/diplomashops.com\\\/about-us\\\/#primaryimage\"},\"thumbnailUrl\":\"https:\\\/\\\/diplomashops.com\\\/wp-content\\\/uploads\\\/2026\\\/03\\\/buy-diploma.webp\",\"datePublished\":\"2026-03-14T15:41:58+00:00\",\"dateModified\":\"2026-03-14T16:06:08+00:00\",\"description\":\"Learn about DiplomaShops.com - trusted diploma service since 2018. Quality, privacy, and fast delivery worldwide. Meet our team today!\",\"breadcrumb\":{\"@id\":\"https:\\\/\\\/diplomashops.com\\\/about-us\\\/#breadcrumb\"},\"inLanguage\":\"cs\",\"potentialAction\":[{\"@type\":\"ReadAction\",\"target\":[\"https:\\\/\\\/diplomashops.com\\\/about-us\\\/\"]}]},{\"@type\":\"ImageObject\",\"inLanguage\":\"cs\",\"@id\":\"https:\\\/\\\/diplomashops.com\\\/about-us\\\/#primaryimage\",\"url\":\"https:\\\/\\\/diplomashops.com\\\/wp-content\\\/uploads\\\/2026\\\/03\\\/buy-diploma.webp\",\"contentUrl\":\"https:\\\/\\\/diplomashops.com\\\/wp-content\\\/uploads\\\/2026\\\/03\\\/buy-diploma.webp\"},{\"@type\":\"BreadcrumbList\",\"@id\":\"https:\\\/\\\/diplomashops.com\\\/about-us\\\/#breadcrumb\",\"itemListElement\":[{\"@type\":\"ListItem\",\"position\":1,\"name\":\"Home\",\"item\":\"https:\\\/\\\/diplomashops.com\\\/\"},{\"@type\":\"ListItem\",\"position\":2,\"name\":\"About us\"}]},{\"@type\":\"WebSite\",\"@id\":\"https:\\\/\\\/diplomashops.com\\\/#website\",\"url\":\"https:\\\/\\\/diplomashops.com\\\/\",\"name\":\"DiplomaShops.com - Buy Diploma Online | Fast &amp; Secure Service\",\"description\":\"Buy a Diploma online Delivered Worldwide - Order Your Certificate Today\",\"potentialAction\":[{\"@type\":\"SearchAction\",\"target\":{\"@type\":\"EntryPoint\",\"urlTemplate\":\"https:\\\/\\\/diplomashops.com\\\/?s={search_term_string}\"},\"query-input\":{\"@type\":\"PropertyValueSpecification\",\"valueRequired\":true,\"valueName\":\"search_term_string\"}}],\"inLanguage\":\"cs\"}]}<\/script>\n<!-- \/ Yoast SEO plugin. -->","yoast_head_json":{"title":"O n\u00e1s - DiplomaShops.com - Koupit diplom online | Rychl\u00fd a bezpe\u010dn\u00fd servis","description":"Zjist\u011bte v\u00edce o DiplomaShops.com - d\u016fv\u011bryhodn\u00e9 slu\u017eb\u011b pro vyd\u00e1v\u00e1n\u00ed diplom\u016f od roku 2018. Kvalita, soukrom\u00ed a rychl\u00e9 dod\u00e1n\u00ed po cel\u00e9m sv\u011bt\u011b. Seznamte se s na\u0161\u00edm t\u00fdmem je\u0161t\u011b dnes!","robots":{"index":"index","follow":"follow","max-snippet":"max-snippet:-1","max-image-preview":"max-image-preview:large","max-video-preview":"max-video-preview:-1"},"canonical":"https:\/\/diplomashops.com\/cs\/o-nas\/","og_locale":"cs_CZ","og_type":"article","og_title":"About us - DiplomaShops.com - Buy Diploma Online | Fast &amp; Secure Service","og_description":"Learn about DiplomaShops.com - trusted diploma service since 2018. Quality, privacy, and fast delivery worldwide. Meet our team today!","og_url":"https:\/\/diplomashops.com\/cs\/o-nas\/","og_site_name":"DiplomaShops.com - Buy Diploma Online | Fast &amp; Secure Service","article_modified_time":"2026-03-14T16:06:08+00:00","og_image":[{"width":300,"height":211,"url":"https:\/\/diplomashops.com\/wp-content\/uploads\/2026\/03\/buy-diploma.webp","type":"image\/webp"}],"twitter_card":"summary_large_image","twitter_misc":{"Odhadovan\u00e1 doba \u010dten\u00ed":"5 minut"},"schema":{"@context":"https:\/\/schema.org","@graph":[{"@type":"WebPage","@id":"https:\/\/diplomashops.com\/about-us\/","url":"https:\/\/diplomashops.com\/about-us\/","name":"O n\u00e1s - DiplomaShops.com - Koupit diplom online | Rychl\u00fd a bezpe\u010dn\u00fd servis","isPartOf":{"@id":"https:\/\/diplomashops.com\/#website"},"primaryImageOfPage":{"@id":"https:\/\/diplomashops.com\/about-us\/#primaryimage"},"image":{"@id":"https:\/\/diplomashops.com\/about-us\/#primaryimage"},"thumbnailUrl":"https:\/\/diplomashops.com\/wp-content\/uploads\/2026\/03\/buy-diploma.webp","datePublished":"2026-03-14T15:41:58+00:00","dateModified":"2026-03-14T16:06:08+00:00","description":"Zjist\u011bte v\u00edce o DiplomaShops.com - d\u016fv\u011bryhodn\u00e9 slu\u017eb\u011b pro vyd\u00e1v\u00e1n\u00ed diplom\u016f od roku 2018. Kvalita, soukrom\u00ed a rychl\u00e9 dod\u00e1n\u00ed po cel\u00e9m sv\u011bt\u011b. Seznamte se s na\u0161\u00edm t\u00fdmem je\u0161t\u011b dnes!","breadcrumb":{"@id":"https:\/\/diplomashops.com\/about-us\/#breadcrumb"},"inLanguage":"cs","potentialAction":[{"@type":"ReadAction","target":["https:\/\/diplomashops.com\/about-us\/"]}]},{"@type":"ImageObject","inLanguage":"cs","@id":"https:\/\/diplomashops.com\/about-us\/#primaryimage","url":"https:\/\/diplomashops.com\/wp-content\/uploads\/2026\/03\/buy-diploma.webp","contentUrl":"https:\/\/diplomashops.com\/wp-content\/uploads\/2026\/03\/buy-diploma.webp"},{"@type":"BreadcrumbList","@id":"https:\/\/diplomashops.com\/about-us\/#breadcrumb","itemListElement":[{"@type":"ListItem","position":1,"name":"Home","item":"https:\/\/diplomashops.com\/"},{"@type":"ListItem","position":2,"name":"About us"}]},{"@type":"WebSite","@id":"https:\/\/diplomashops.com\/#website","url":"https:\/\/diplomashops.com\/","name":"DiplomaShops.com - Koupit diplom online | Rychl\u00fd a bezpe\u010dn\u00fd servis","description":"Koupit diplom online s doru\u010den\u00edm po cel\u00e9m sv\u011bt\u011b - objednejte si certifik\u00e1t je\u0161t\u011b dnes","potentialAction":[{"@type":"SearchAction","target":{"@type":"EntryPoint","urlTemplate":"https:\/\/diplomashops.com\/?s={search_term_string}"},"query-input":{"@type":"PropertyValueSpecification","valueRequired":true,"valueName":"search_term_string"}}],"inLanguage":"cs"}]}},"_links":{"self":[{"href":"https:\/\/diplomashops.com\/cs\/wp-json\/wp\/v2\/pages\/36","targetHints":{"allow":["GET"]}}],"collection":[{"href":"https:\/\/diplomashops.com\/cs\/wp-json\/wp\/v2\/pages"}],"about":[{"href":"https:\/\/diplomashops.com\/cs\/wp-json\/wp\/v2\/types\/page"}],"author":[{"embeddable":true,"href":"https:\/\/diplomashops.com\/cs\/wp-json\/wp\/v2\/users\/1"}],"replies":[{"embeddable":true,"href":"https:\/\/diplomashops.com\/cs\/wp-json\/wp\/v2\/comments?post=36"}],"version-history":[{"count":3,"href":"https:\/\/diplomashops.com\/cs\/wp-json\/wp\/v2\/pages\/36\/revisions"}],"predecessor-version":[{"id":94,"href":"https:\/\/diplomashops.com\/cs\/wp-json\/wp\/v2\/pages\/36\/revisions\/94"}],"wp:attachment":[{"href":"https:\/\/diplomashops.com\/cs\/wp-json\/wp\/v2\/media?parent=36"}],"curies":[{"name":"wp","href":"https:\/\/api.w.org\/{rel}","templated":true}]}}