{"id":6,"date":"2026-03-12T21:48:39","date_gmt":"2026-03-12T21:48:39","guid":{"rendered":"https:\/\/diplomashops.com\/?page_id=6"},"modified":"2026-03-14T16:05:39","modified_gmt":"2026-03-14T16:05:39","slug":"buy-diploma","status":"publish","type":"page","link":"https:\/\/diplomashops.com\/cs\/","title":{"rendered":"Koupit diplom"},"content":{"rendered":"<h2 class=\"wp-block-heading\">Hled\u00e1te v\u00edce informac\u00ed o diplomu, titulu nebo osv\u011bd\u010den\u00ed?<\/h2>\n\n\n\n<p>Chcete si rychle a bezpe\u010dn\u011b koupit diplom online? A\u0165 u\u017e pot\u0159ebujete st\u0159edo\u0161kolsk\u00fd diplom, vysoko\u0161kolsk\u00fd titul nebo profesn\u00ed osv\u011bd\u010den\u00ed, DiplomaShops.com nab\u00edz\u00ed leg\u00e1ln\u00ed slu\u017eby v oblasti diplom\u016f s doru\u010den\u00edm po cel\u00e9m sv\u011bt\u011b. Z\u00edskejte rychle sv\u016fj autenticky vypadaj\u00edc\u00ed diplom - ide\u00e1ln\u00ed pro \u017e\u00e1dosti o zam\u011bstn\u00e1n\u00ed, imigraci nebo osobn\u00ed z\u00e1znamy. Na\u0161e diskr\u00e9tn\u00ed slu\u017eby zaji\u0161\u0165uj\u00ed soukrom\u00ed a kvalitu, kter\u00e9 m\u016f\u017eete d\u016fv\u011b\u0159ovat.<\/p>\n\n\n\n<figure class=\"wp-block-image size-full\"><img loading=\"lazy\" decoding=\"async\" width=\"300\" height=\"211\" src=\"https:\/\/diplomashops.com\/wp-content\/uploads\/2026\/03\/buy-diploma.webp\" alt=\"koupit diplom\" class=\"wp-image-88\" srcset=\"https:\/\/diplomashops.com\/wp-content\/uploads\/2026\/03\/buy-diploma.webp 300w, https:\/\/diplomashops.com\/wp-content\/uploads\/2026\/03\/buy-diploma-18x12.webp 18w\" sizes=\"auto, (max-width: 300px) 100vw, 300px\" \/><\/figure>\n\n\n\n<h3 class=\"wp-block-heading\">Pro\u010d si vybrat na\u0161e diplomov\u00e9 slu\u017eby?<\/h3>\n\n\n\n<h4 class=\"wp-block-heading\">Autenticky vypadaj\u00edc\u00ed diplomy<\/h4>\n\n\n\n<p>Kdy\u017e si u n\u00e1s koup\u00edte vysoko\u0161kolsk\u00fd diplom nebo jak\u00fdkoli akademick\u00fd certifik\u00e1t, z\u00edsk\u00e1te vysoce kvalitn\u00ed reprodukci, kter\u00e1 odr\u00e1\u017e\u00ed ofici\u00e1ln\u00ed dokumenty. Na\u0161i odborn\u00ed n\u00e1vrh\u00e1\u0159i pou\u017e\u00edvaj\u00ed prvot\u0159\u00eddn\u00ed materi\u00e1ly a p\u0159esn\u00e9 form\u00e1tov\u00e1n\u00ed, aby vytvo\u0159ili pov\u011b\u0159ovac\u00ed listiny, kter\u00e9 spl\u0148uj\u00ed profesion\u00e1ln\u00ed standardy.<\/p>\n\n\n\n<h4 class=\"wp-block-heading\">Rychl\u00e9 zpracov\u00e1n\u00ed a celosv\u011btov\u00e1 p\u0159eprava<\/h4>\n\n\n\n<p>Pot\u0159ebujete nal\u00e9hav\u011b sv\u016fj diplom? Nab\u00edz\u00edme zrychlen\u00e9 vy\u0159\u00edzen\u00ed v\u011bt\u0161iny objedn\u00e1vek do 24-48 hodin. Na\u0161e celosv\u011btov\u00e1 p\u0159epravn\u00ed s\u00ed\u0165 doru\u010duje do v\u00edce ne\u017e 20 zem\u00ed v\u010detn\u011b USA, Velk\u00e9 Brit\u00e1nie, Kanady, N\u011bmecka, Nizozemska, Francie, Austr\u00e1lie a dal\u0161\u00edch - pro v\u00e1\u0161 klid je sou\u010d\u00e1st\u00ed dod\u00e1vky i sledov\u00e1n\u00ed.<\/p>\n\n\n\n<h4 class=\"wp-block-heading\">Zaru\u010den\u00e1 \u00fapln\u00e1 ochrana osobn\u00edch \u00fadaj\u016f<\/h4>\n\n\n\n<p>V\u0161echny dokumenty jsou zas\u00edl\u00e1ny v oby\u010dejn\u00fdch, neozna\u010den\u00fdch obalech. Nikdy nep\u0159ed\u00e1v\u00e1me va\u0161e osobn\u00ed \u00fadaje ani \u00fadaje o objedn\u00e1vce t\u0159et\u00edm stran\u00e1m. Va\u0161e d\u016fv\u011brnost je pro n\u00e1s nejvy\u0161\u0161\u00ed prioritou, kdy\u017e se rozhodnete zakoupit diplomov\u00e9 slu\u017eby online.<\/p>\n\n\n\n<h4 class=\"wp-block-heading\">V\u00edcejazy\u010dn\u00e1 z\u00e1kaznick\u00e1 podpora<\/h4>\n\n\n\n<p>N\u00e1\u0161 t\u00fdm hovo\u0159\u00ed v\u00edce ne\u017e 20 jazyky, co\u017e usnad\u0148uje komunikaci, a\u0165 u\u017e jste v Evrop\u011b, Severn\u00ed Americe nebo jinde. Kdykoli se na n\u00e1s m\u016f\u017eete obr\u00e1tit a po\u017e\u00e1dat o pomoc s objedn\u00e1vkou diplomu.<\/p>\n\n\n\n<figure class=\"wp-block-image size-full\"><img loading=\"lazy\" decoding=\"async\" width=\"300\" height=\"216\" src=\"https:\/\/diplomashops.com\/wp-content\/uploads\/2026\/03\/buy-diploma-degree-certificate-online.webp\" alt=\"koupit diplomov\u00fd certifik\u00e1t online\" class=\"wp-image-87\" srcset=\"https:\/\/diplomashops.com\/wp-content\/uploads\/2026\/03\/buy-diploma-degree-certificate-online.webp 300w, https:\/\/diplomashops.com\/wp-content\/uploads\/2026\/03\/buy-diploma-degree-certificate-online-18x12.webp 18w\" sizes=\"auto, (max-width: 300px) 100vw, 300px\" \/><\/figure>\n\n\n\n<hr class=\"wp-block-separator has-alpha-channel-opacity\"\/>\n\n\n\n<h3 class=\"wp-block-heading\">Obl\u00edben\u00e9 typy diplom\u016f, kter\u00e9 nab\u00edz\u00edme<\/h3>\n\n\n\n<h4 class=\"wp-block-heading\">Vysoko\u0161kolsk\u00e9 diplomy<\/h4>\n\n\n\n<p>Ztratili jste p\u016fvodn\u00ed maturitn\u00ed vysv\u011bd\u010den\u00ed? Pot\u0159ebujete n\u00e1hradn\u00ed pro \u017e\u00e1dosti o zam\u011bstn\u00e1n\u00ed? Vytv\u00e1\u0159\u00edme p\u0159esn\u00e9 reprodukce, kter\u00e9 odpov\u00eddaj\u00ed ofici\u00e1ln\u00edm form\u00e1t\u016fm ze \u0161kol v USA, Velk\u00e9 Brit\u00e1nii, Kanad\u011b a Evrop\u011b.<\/p>\n\n\n\n<h4 class=\"wp-block-heading\">Bakal\u00e1\u0159sk\u00e9 a magistersk\u00e9 tituly<\/h4>\n\n\n\n<p>Kupte si s jistotou bakal\u00e1\u0159sk\u00fd diplom nebo osv\u011bd\u010den\u00ed o vy\u0161\u0161\u00edm stupni vzd\u011bl\u00e1n\u00ed. Na\u0161e vysoko\u0161kolsk\u00e9 diplomy jsou navr\u017eeny tak, aby odr\u00e1\u017eely skute\u010dn\u00e9 akademick\u00e9 tituly z uzn\u00e1van\u00fdch instituc\u00ed po cel\u00e9m sv\u011bt\u011b.<\/p>\n\n\n\n<h4 class=\"wp-block-heading\">Odborn\u00e9 certifik\u00e1ty<\/h4>\n\n\n\n<p>Poskytujeme profesn\u00ed diplomy pro r\u016fzn\u00e1 odv\u011btv\u00ed, od certifikac\u00ed IT a\u017e po osv\u011bd\u010den\u00ed pro zdravotnictv\u00ed. Jsou ide\u00e1ln\u00ed pro kari\u00e9rn\u00ed postup nebo spln\u011bn\u00ed licen\u010dn\u00edch po\u017eadavk\u016f.<\/p>\n\n\n\n<h4 class=\"wp-block-heading\">Vlastn\u00ed design diplomu<\/h4>\n\n\n\n<p>Pot\u0159ebujete n\u011bco konkr\u00e9tn\u00edho? Na\u0161e slu\u017eba n\u00e1vrhu na zak\u00e1zku v\u00e1m umo\u017en\u00ed vytvo\u0159it jedine\u010dn\u00e9 diplomy p\u0159esn\u011b podle va\u0161ich po\u017eadavk\u016f - ide\u00e1ln\u00ed pro firmy, organizace nebo zvl\u00e1\u0161tn\u00ed p\u0159\u00edle\u017eitosti.<\/p>\n\n\n\n<figure class=\"wp-block-image size-full\"><img loading=\"lazy\" decoding=\"async\" width=\"300\" height=\"212\" src=\"https:\/\/diplomashops.com\/wp-content\/uploads\/2026\/03\/Buy-a-university-master-bachelor-diploma-online.webp\" alt=\"Koupit vysoko\u0161kolsk\u00fd magistersk\u00fd bakal\u00e1\u0159sk\u00fd diplom online\" class=\"wp-image-86\" srcset=\"https:\/\/diplomashops.com\/wp-content\/uploads\/2026\/03\/Buy-a-university-master-bachelor-diploma-online.webp 300w, https:\/\/diplomashops.com\/wp-content\/uploads\/2026\/03\/Buy-a-university-master-bachelor-diploma-online-18x12.webp 18w\" sizes=\"auto, (max-width: 300px) 100vw, 300px\" \/><\/figure>\n\n\n\n<hr class=\"wp-block-separator has-alpha-channel-opacity\"\/>\n\n\n\n<h3 class=\"wp-block-heading\">Jak si koupit diplom - jednoduch\u00fd postup ve 4 kroc\u00edch<\/h3>\n\n\n\n<h4 class=\"wp-block-heading\">Krok 1: Vyberte si typ diplomu<\/h4>\n\n\n\n<p>Prohl\u00e9dn\u011bte si na\u0161i sb\u00edrku akademick\u00fdch a profesn\u00edch diplom\u016f. Vyberte si z p\u0159edp\u0159ipraven\u00fdch \u0161ablon nebo vyu\u017eijte na\u0161i slu\u017ebu n\u00e1vrhu na m\u00edru a z\u00edskejte personalizovan\u00e9 pov\u011b\u0159ovac\u00ed listiny.<\/p>\n\n\n\n<h4 class=\"wp-block-heading\">Krok 2: Zadejte sv\u00e9 \u00fadaje<\/h4>\n\n\n\n<p>Vypl\u0148te v\u0161echny pot\u0159ebn\u00e9 informace v\u010detn\u011b sv\u00e9ho jm\u00e9na, data promoce, n\u00e1zvu instituce, titulu a dal\u0161\u00edch d\u016fle\u017eit\u00fdch \u00fadaj\u016f pro personalizaci.<\/p>\n\n\n\n<h4 class=\"wp-block-heading\">Krok 3: Bezpe\u010dn\u00e9 zpracov\u00e1n\u00ed plateb<\/h4>\n\n\n\n<p>Dokon\u010dete svou objedn\u00e1vku pomoc\u00ed na\u0161eho bezpe\u010dn\u00e9ho platebn\u00edho syst\u00e9mu. P\u0159ij\u00edm\u00e1me hlavn\u00ed kreditn\u00ed karty, PayPal a bankovn\u00ed p\u0159evody. V\u0161echny transakce jsou \u0161ifrov\u00e1ny pro maxim\u00e1ln\u00ed bezpe\u010dnost.<\/p>\n\n\n\n<h4 class=\"wp-block-heading\">Krok 4: Rychl\u00e9 doru\u010den\u00ed a\u017e k va\u0161im dve\u0159\u00edm<\/h4>\n\n\n\n<p>Po zpracov\u00e1n\u00ed je diplom odesl\u00e1n do 24 hodin sledovanou po\u0161tou. V\u011bt\u0161ina z\u00e1kazn\u00edk\u016f obdr\u017e\u00ed sv\u00e9 dokumenty do 5-10 pracovn\u00edch dn\u016f kdekoli na sv\u011bt\u011b.<\/p>\n\n\n\n<hr class=\"wp-block-separator has-alpha-channel-opacity\"\/>\n\n\n\n<h3 class=\"wp-block-heading\">\u010casto kladen\u00e9 ot\u00e1zky o n\u00e1kupu diplom\u016f<\/h3>\n\n\n\n<h4 class=\"wp-block-heading\">Je n\u00e1kup diplomu online bezpe\u010dn\u00fd?<\/h4>\n\n\n\n<p>Ano, pokud si vyberete renomovan\u00e9ho poskytovatele, jako je DiplomaShops.com. Klademe d\u016fraz na bezpe\u010dnost z\u00e1kazn\u00edk\u016f d\u00edky \u0161ifrovan\u00fdm platb\u00e1m, soukrom\u00e9 p\u0159eprav\u011b a p\u0159\u00edsn\u00fdm z\u00e1sad\u00e1m d\u016fv\u011brnosti.<\/p>\n\n\n\n<h4 class=\"wp-block-heading\">Mohu to pou\u017e\u00edt pro zam\u011bstn\u00e1n\u00ed?<\/h4>\n\n\n\n<p>Mnoho zam\u011bstnavatel\u016f p\u0159ij\u00edm\u00e1 kopie diplom\u016f pro referen\u010dn\u00ed \u00fa\u010dely. P\u0159ed p\u0159edlo\u017een\u00edm jak\u00e9hokoli dokladu se v\u0161ak v\u017edy informujte u konkr\u00e9tn\u00edho zam\u011bstnavatele o jeho po\u017eadavc\u00edch na ov\u011b\u0159en\u00ed dokument\u016f.<\/p>\n\n\n\n<h4 class=\"wp-block-heading\">Co kdy\u017e pot\u0159ebuji diplom nal\u00e9hav\u011b?<\/h4>\n\n\n\n<p>Nab\u00edz\u00edme sp\u011b\u0161n\u00e9 zpracov\u00e1n\u00ed s mo\u017enost\u00ed dokon\u010den\u00ed ve stejn\u00fd den pro mimo\u0159\u00e1dn\u00e9 objedn\u00e1vky. Kontaktujte n\u00e1s pro mo\u017enosti zrychlen\u00fdch slu\u017eeb.<\/p>\n\n\n\n<h4 class=\"wp-block-heading\">Nab\u00edz\u00edte digit\u00e1ln\u00ed verze PDF?<\/h4>\n\n\n\n<p>Rozhodn\u011b! Vedle fyzick\u00fdch diplom\u016f poskytujeme i digit\u00e1ln\u00ed kopie ve vysok\u00e9m rozli\u0161en\u00ed, kter\u00e9 jsou ide\u00e1ln\u00ed pro online odes\u00edl\u00e1n\u00ed nebo p\u0159epos\u00edl\u00e1n\u00ed e-mailem.<\/p>\n\n\n\n<hr class=\"wp-block-separator has-alpha-channel-opacity\"\/>\n\n\n\n<h3 class=\"wp-block-heading\">Jste p\u0159ipraveni koupit si diplom je\u0161t\u011b dnes?<\/h3>\n\n\n\n<p>Nedovolte, aby v\u00e1s chyb\u011bj\u00edc\u00ed dokumentace brzdila. A\u0165 u\u017e si pot\u0159ebujete koupit diplom kv\u016fli \u017e\u00e1dosti o zam\u011bstn\u00e1n\u00ed, nahradit ztracen\u00e9 osv\u011bd\u010den\u00ed nebo rychle z\u00edskat akademick\u00e9 tituly, DiplomaShops.com v\u00e1m porad\u00ed. Klikn\u011bte na <a href=\"https:\/\/diplomashops.com\/cs\/kontakt\/\">kontakt<\/a> a napi\u0161te n\u00e1m. <\/p>\n\n\n\n<p>Objednejte si nyn\u00ed rychl\u00e9 a diskr\u00e9tn\u00ed slu\u017eby s doru\u010den\u00edm po cel\u00e9m sv\u011bt\u011b.<\/p>\n\n\n\n<p>\ud83d\udce7 Napi\u0161te n\u00e1m:&nbsp;<a href=\"mailto:DiplomaShops247@gmail.com\" rel=\"noreferrer noopener\" target=\"_blank\">DiplomaShops247@gmail.com<\/a><br>\ud83c\udf10 Nav\u0161tivte n\u00e1\u0161 zabezpe\u010den\u00fd objedn\u00e1vkov\u00fd port\u00e1l<br>\ud83d\ude9a Celosv\u011btov\u00e1 doprava se sledov\u00e1n\u00edm<\/p>\n\n\n\n<figure class=\"wp-block-image size-full is-resized\"><img loading=\"lazy\" decoding=\"async\" width=\"1024\" height=\"724\" src=\"https:\/\/diplomashops.com\/wp-content\/uploads\/2026\/03\/Buy-replacement-diploma-online.jpg\" alt=\"Koupit n\u00e1hradn\u00ed diplom online\" class=\"wp-image-89\" style=\"width:381px;height:auto\" srcset=\"https:\/\/diplomashops.com\/wp-content\/uploads\/2026\/03\/Buy-replacement-diploma-online.jpg 1024w, https:\/\/diplomashops.com\/wp-content\/uploads\/2026\/03\/Buy-replacement-diploma-online-300x212.jpg 300w, https:\/\/diplomashops.com\/wp-content\/uploads\/2026\/03\/Buy-replacement-diploma-online-768x543.jpg 768w, https:\/\/diplomashops.com\/wp-content\/uploads\/2026\/03\/Buy-replacement-diploma-online-18x12.jpg 18w\" sizes=\"auto, (max-width: 1024px) 100vw, 1024px\" \/><\/figure>","protected":false},"excerpt":{"rendered":"<p>Are you searching more information about a diploma, degree or certificate? Looking to&nbsp;buy a diploma online&nbsp;quickly and securely? Whether you [&hellip;]<\/p>\n","protected":false},"author":1,"featured_media":0,"parent":0,"menu_order":0,"comment_status":"closed","ping_status":"closed","template":"","meta":{"site-sidebar-layout":"default","site-content-layout":"","ast-site-content-layout":"default","site-content-style":"default","site-sidebar-style":"default","ast-global-header-display":"","ast-banner-title-visibility":"","ast-main-header-display":"","ast-hfb-above-header-display":"","ast-hfb-below-header-display":"","ast-hfb-mobile-header-display":"","site-post-title":"","ast-breadcrumbs-content":"","ast-featured-img":"","footer-sml-layout":"","ast-disable-related-posts":"","theme-transparent-header-meta":"","adv-header-id-meta":"","stick-header-meta":"","header-above-stick-meta":"","header-main-stick-meta":"","header-below-stick-meta":"","astra-migrate-meta-layouts":"default","ast-page-background-enabled":"default","ast-page-background-meta":{"desktop":{"background-color":"var(--ast-global-color-5)","background-image":"","background-repeat":"repeat","background-position":"center center","background-size":"auto","background-attachment":"scroll","background-type":"","background-media":"","overlay-type":"","overlay-color":"","overlay-opacity":"","overlay-gradient":""},"tablet":{"background-color":"","background-image":"","background-repeat":"repeat","background-position":"center center","background-size":"auto","background-attachment":"scroll","background-type":"","background-media":"","overlay-type":"","overlay-color":"","overlay-opacity":"","overlay-gradient":""},"mobile":{"background-color":"","background-image":"","background-repeat":"repeat","background-position":"center center","background-size":"auto","background-attachment":"scroll","background-type":"","background-media":"","overlay-type":"","overlay-color":"","overlay-opacity":"","overlay-gradient":""}},"ast-content-background-meta":{"desktop":{"background-color":"var(--ast-global-color-4)","background-image":"","background-repeat":"repeat","background-position":"center center","background-size":"auto","background-attachment":"scroll","background-type":"","background-media":"","overlay-type":"","overlay-color":"","overlay-opacity":"","overlay-gradient":""},"tablet":{"background-color":"var(--ast-global-color-4)","background-image":"","background-repeat":"repeat","background-position":"center center","background-size":"auto","background-attachment":"scroll","background-type":"","background-media":"","overlay-type":"","overlay-color":"","overlay-opacity":"","overlay-gradient":""},"mobile":{"background-color":"var(--ast-global-color-4)","background-image":"","background-repeat":"repeat","background-position":"center center","background-size":"auto","background-attachment":"scroll","background-type":"","background-media":"","overlay-type":"","overlay-color":"","overlay-opacity":"","overlay-gradient":""}},"footnotes":""},"class_list":["post-6","page","type-page","status-publish","hentry"],"yoast_head":"<!-- This site is optimized with the Yoast SEO plugin v27.5 - https:\/\/yoast.com\/product\/yoast-seo-wordpress\/ -->\n<title>Buy Diploma - DiplomaShops.com - Buy Diploma Online | Fast &amp; Secure Service<\/title>\n<meta name=\"description\" content=\"Buy diploma online fast &amp; securely. Get authentic high school, university &amp; professional diplomas delivered worldwide.\" \/>\n<meta name=\"robots\" content=\"index, follow, max-snippet:-1, max-image-preview:large, max-video-preview:-1\" \/>\n<link rel=\"canonical\" href=\"https:\/\/diplomashops.com\/cs\/\" \/>\n<meta property=\"og:locale\" content=\"cs_CZ\" \/>\n<meta property=\"og:type\" content=\"article\" \/>\n<meta property=\"og:title\" content=\"Buy Diploma - DiplomaShops.com - Buy Diploma Online | Fast &amp; Secure Service\" \/>\n<meta property=\"og:description\" content=\"Buy diploma online fast &amp; securely. Get authentic high school, university &amp; professional diplomas delivered worldwide.\" \/>\n<meta property=\"og:url\" content=\"https:\/\/diplomashops.com\/cs\/\" \/>\n<meta property=\"og:site_name\" content=\"DiplomaShops.com - Buy Diploma Online | Fast &amp; Secure Service\" \/>\n<meta property=\"article:modified_time\" content=\"2026-03-14T16:05:39+00:00\" \/>\n<meta property=\"og:image\" content=\"https:\/\/diplomashops.com\/wp-content\/uploads\/2026\/03\/buy-diploma.webp\" \/>\n\t<meta property=\"og:image:width\" content=\"300\" \/>\n\t<meta property=\"og:image:height\" content=\"211\" \/>\n\t<meta property=\"og:image:type\" content=\"image\/webp\" \/>\n<meta name=\"twitter:card\" content=\"summary_large_image\" \/>\n<meta name=\"twitter:label1\" content=\"Odhadovan\u00e1 doba \u010dten\u00ed\" \/>\n\t<meta name=\"twitter:data1\" content=\"4 minuty\" \/>\n<script type=\"application\/ld+json\" class=\"yoast-schema-graph\">{\"@context\":\"https:\\\/\\\/schema.org\",\"@graph\":[{\"@type\":\"WebPage\",\"@id\":\"https:\\\/\\\/diplomashops.com\\\/\",\"url\":\"https:\\\/\\\/diplomashops.com\\\/\",\"name\":\"Buy Diploma - DiplomaShops.com - Buy Diploma Online | Fast &amp; Secure Service\",\"isPartOf\":{\"@id\":\"https:\\\/\\\/diplomashops.com\\\/#website\"},\"primaryImageOfPage\":{\"@id\":\"https:\\\/\\\/diplomashops.com\\\/#primaryimage\"},\"image\":{\"@id\":\"https:\\\/\\\/diplomashops.com\\\/#primaryimage\"},\"thumbnailUrl\":\"https:\\\/\\\/diplomashops.com\\\/wp-content\\\/uploads\\\/2026\\\/03\\\/buy-diploma.webp\",\"datePublished\":\"2026-03-12T21:48:39+00:00\",\"dateModified\":\"2026-03-14T16:05:39+00:00\",\"description\":\"Buy diploma online fast & securely. Get authentic high school, university & professional diplomas delivered worldwide.\",\"breadcrumb\":{\"@id\":\"https:\\\/\\\/diplomashops.com\\\/#breadcrumb\"},\"inLanguage\":\"cs\",\"potentialAction\":[{\"@type\":\"ReadAction\",\"target\":[\"https:\\\/\\\/diplomashops.com\\\/\"]}]},{\"@type\":\"ImageObject\",\"inLanguage\":\"cs\",\"@id\":\"https:\\\/\\\/diplomashops.com\\\/#primaryimage\",\"url\":\"https:\\\/\\\/diplomashops.com\\\/wp-content\\\/uploads\\\/2026\\\/03\\\/buy-diploma.webp\",\"contentUrl\":\"https:\\\/\\\/diplomashops.com\\\/wp-content\\\/uploads\\\/2026\\\/03\\\/buy-diploma.webp\"},{\"@type\":\"BreadcrumbList\",\"@id\":\"https:\\\/\\\/diplomashops.com\\\/#breadcrumb\",\"itemListElement\":[{\"@type\":\"ListItem\",\"position\":1,\"name\":\"Home\",\"item\":\"https:\\\/\\\/diplomashops.com\\\/\"},{\"@type\":\"ListItem\",\"position\":2,\"name\":\"Buy Diploma\"}]},{\"@type\":\"WebSite\",\"@id\":\"https:\\\/\\\/diplomashops.com\\\/#website\",\"url\":\"https:\\\/\\\/diplomashops.com\\\/\",\"name\":\"DiplomaShops.com - Buy Diploma Online | Fast &amp; Secure Service\",\"description\":\"Buy a Diploma online Delivered Worldwide - Order Your Certificate Today\",\"potentialAction\":[{\"@type\":\"SearchAction\",\"target\":{\"@type\":\"EntryPoint\",\"urlTemplate\":\"https:\\\/\\\/diplomashops.com\\\/?s={search_term_string}\"},\"query-input\":{\"@type\":\"PropertyValueSpecification\",\"valueRequired\":true,\"valueName\":\"search_term_string\"}}],\"inLanguage\":\"cs\"}]}<\/script>\n<!-- \/ Yoast SEO plugin. -->","yoast_head_json":{"title":"Koupit diplom - DiplomaShops.com - Koupit diplom online | Rychl\u00fd a bezpe\u010dn\u00fd servis","description":"Kupte si diplom online rychle a bezpe\u010dn\u011b. Z\u00edskejte autentick\u00e9 st\u0159edo\u0161kolsk\u00e9, vysoko\u0161kolsk\u00e9 a profesn\u00ed diplomy s doru\u010den\u00edm po cel\u00e9m sv\u011bt\u011b.","robots":{"index":"index","follow":"follow","max-snippet":"max-snippet:-1","max-image-preview":"max-image-preview:large","max-video-preview":"max-video-preview:-1"},"canonical":"https:\/\/diplomashops.com\/cs\/","og_locale":"cs_CZ","og_type":"article","og_title":"Buy Diploma - DiplomaShops.com - Buy Diploma Online | Fast &amp; Secure Service","og_description":"Buy diploma online fast & securely. Get authentic high school, university & professional diplomas delivered worldwide.","og_url":"https:\/\/diplomashops.com\/cs\/","og_site_name":"DiplomaShops.com - Buy Diploma Online | Fast &amp; Secure Service","article_modified_time":"2026-03-14T16:05:39+00:00","og_image":[{"width":300,"height":211,"url":"https:\/\/diplomashops.com\/wp-content\/uploads\/2026\/03\/buy-diploma.webp","type":"image\/webp"}],"twitter_card":"summary_large_image","twitter_misc":{"Odhadovan\u00e1 doba \u010dten\u00ed":"4 minuty"},"schema":{"@context":"https:\/\/schema.org","@graph":[{"@type":"WebPage","@id":"https:\/\/diplomashops.com\/","url":"https:\/\/diplomashops.com\/","name":"Koupit diplom - DiplomaShops.com - Koupit diplom online | Rychl\u00fd a bezpe\u010dn\u00fd servis","isPartOf":{"@id":"https:\/\/diplomashops.com\/#website"},"primaryImageOfPage":{"@id":"https:\/\/diplomashops.com\/#primaryimage"},"image":{"@id":"https:\/\/diplomashops.com\/#primaryimage"},"thumbnailUrl":"https:\/\/diplomashops.com\/wp-content\/uploads\/2026\/03\/buy-diploma.webp","datePublished":"2026-03-12T21:48:39+00:00","dateModified":"2026-03-14T16:05:39+00:00","description":"Kupte si diplom online rychle a bezpe\u010dn\u011b. Z\u00edskejte autentick\u00e9 st\u0159edo\u0161kolsk\u00e9, vysoko\u0161kolsk\u00e9 a profesn\u00ed diplomy s doru\u010den\u00edm po cel\u00e9m sv\u011bt\u011b.","breadcrumb":{"@id":"https:\/\/diplomashops.com\/#breadcrumb"},"inLanguage":"cs","potentialAction":[{"@type":"ReadAction","target":["https:\/\/diplomashops.com\/"]}]},{"@type":"ImageObject","inLanguage":"cs","@id":"https:\/\/diplomashops.com\/#primaryimage","url":"https:\/\/diplomashops.com\/wp-content\/uploads\/2026\/03\/buy-diploma.webp","contentUrl":"https:\/\/diplomashops.com\/wp-content\/uploads\/2026\/03\/buy-diploma.webp"},{"@type":"BreadcrumbList","@id":"https:\/\/diplomashops.com\/#breadcrumb","itemListElement":[{"@type":"ListItem","position":1,"name":"Home","item":"https:\/\/diplomashops.com\/"},{"@type":"ListItem","position":2,"name":"Buy Diploma"}]},{"@type":"WebSite","@id":"https:\/\/diplomashops.com\/#website","url":"https:\/\/diplomashops.com\/","name":"DiplomaShops.com - Koupit diplom online | Rychl\u00fd a bezpe\u010dn\u00fd servis","description":"Koupit diplom online s doru\u010den\u00edm po cel\u00e9m sv\u011bt\u011b - objednejte si certifik\u00e1t je\u0161t\u011b dnes","potentialAction":[{"@type":"SearchAction","target":{"@type":"EntryPoint","urlTemplate":"https:\/\/diplomashops.com\/?s={search_term_string}"},"query-input":{"@type":"PropertyValueSpecification","valueRequired":true,"valueName":"search_term_string"}}],"inLanguage":"cs"}]}},"_links":{"self":[{"href":"https:\/\/diplomashops.com\/cs\/wp-json\/wp\/v2\/pages\/6","targetHints":{"allow":["GET"]}}],"collection":[{"href":"https:\/\/diplomashops.com\/cs\/wp-json\/wp\/v2\/pages"}],"about":[{"href":"https:\/\/diplomashops.com\/cs\/wp-json\/wp\/v2\/types\/page"}],"author":[{"embeddable":true,"href":"https:\/\/diplomashops.com\/cs\/wp-json\/wp\/v2\/users\/1"}],"replies":[{"embeddable":true,"href":"https:\/\/diplomashops.com\/cs\/wp-json\/wp\/v2\/comments?post=6"}],"version-history":[{"count":13,"href":"https:\/\/diplomashops.com\/cs\/wp-json\/wp\/v2\/pages\/6\/revisions"}],"predecessor-version":[{"id":93,"href":"https:\/\/diplomashops.com\/cs\/wp-json\/wp\/v2\/pages\/6\/revisions\/93"}],"wp:attachment":[{"href":"https:\/\/diplomashops.com\/cs\/wp-json\/wp\/v2\/media?parent=6"}],"curies":[{"name":"wp","href":"https:\/\/api.w.org\/{rel}","templated":true}]}}