{"id":21,"date":"2026-03-14T15:35:38","date_gmt":"2026-03-14T15:35:38","guid":{"rendered":"https:\/\/diplomashops.com\/?page_id=21"},"modified":"2026-03-14T16:06:33","modified_gmt":"2026-03-14T16:06:33","slug":"kontakt","status":"publish","type":"page","link":"https:\/\/diplomashops.com\/da\/contact\/","title":{"rendered":"Kontakt"},"content":{"rendered":"<h2 class=\"wp-block-heading\">Kontakt os - F\u00e5 hj\u00e6lp til at k\u00f8be dit eksamensbevis<\/h2>\n\n\n\n<h3 class=\"wp-block-heading\">Flere m\u00e5der at kontakte os p\u00e5<\/h3>\n\n\n\n<h4 class=\"wp-block-heading\">\ud83d\udce7 Support via e-mail<\/h4>\n\n\n\n<p>Send os en besked n\u00e5r som helst p\u00e5&nbsp;<a href=\"mailto:DiplomaShops247@gmail.com\" target=\"_blank\" rel=\"noreferrer noopener\">DiplomaShops247@gmail.com<\/a>. Vi garanterer et svar inden for 60 minutter i vores arbejdstid.<\/p>\n\n\n\n<h4 class=\"wp-block-heading\">\ud83d\udcac WhatsApp Chat<\/h4>\n\n\n\n<p>Foretr\u00e6kker du instant messaging? Kontakt os direkte via WhatsApp for at f\u00e5 \u00f8jeblikkelig hj\u00e6lp. Klik p\u00e5 WhatsApp-knappen i nederste h\u00f8jre hj\u00f8rne af din sk\u00e6rm, eller scan QR-koden nedenfor.<\/p>\n\n\n\n<h4 class=\"wp-block-heading\">\ud83c\udf10 Kontaktformular<\/h4>\n\n\n\n<p>Brug vores sikre kontaktformular nedenfor til at sende os dine sp\u00f8rgsm\u00e5l eller bekymringer. Vi vender hurtigt tilbage til dig med nyttige l\u00f8sninger.<\/p>\n\n\n\n<figure class=\"wp-block-image size-full\"><img loading=\"lazy\" decoding=\"async\" width=\"300\" height=\"211\" src=\"https:\/\/diplomashops.com\/wp-content\/uploads\/2026\/03\/buy-diploma.webp\" alt=\"K\u00f8b eksamensbevis\" class=\"wp-image-88\" srcset=\"https:\/\/diplomashops.com\/wp-content\/uploads\/2026\/03\/buy-diploma.webp 300w, https:\/\/diplomashops.com\/wp-content\/uploads\/2026\/03\/buy-diploma-18x12.webp 18w\" sizes=\"auto, (max-width: 300px) 100vw, 300px\" \/><\/figure>\n\n\n\n<hr class=\"wp-block-separator has-alpha-channel-opacity\"\/>\n\n\n\n<h3 class=\"wp-block-heading\">\u00c5bningstider og svartider<\/h3>\n\n\n\n<h4 class=\"wp-block-heading\">Standard responstid: Inden for 1 time<\/h4>\n\n\n\n<p>Vi er stolte af vores hurtige kommunikation. I \u00e5bningstiden kan du forvente et svar inden for 60 minutter eller mindre.<\/p>\n\n\n\n<h4 class=\"wp-block-heading\">Udvidet support tilg\u00e6ngelig<\/h4>\n\n\n\n<p>Uden for almindelig \u00e5bningstid? L\u00e6g en besked, s\u00e5 svarer vi med det samme n\u00e6ste arbejdsdag.<\/p>\n\n\n\n<h4 class=\"wp-block-heading\">Weekend- og feried\u00e6kning<\/h4>\n\n\n\n<p>Vi har ikke weekender eller helligdage. Vi er online 24\/7.<\/p>\n\n\n\n<hr class=\"wp-block-separator has-alpha-channel-opacity\"\/>\n\n\n\n<h3 class=\"wp-block-heading\">Ofte kontaktet om<\/h3>\n\n\n\n<h4 class=\"wp-block-heading\">Bestillingsstatus og sporing<\/h4>\n\n\n\n<p>Har du brug for opdateringer om din diplomordre? Vil du vide, hvorn\u00e5r din pakke ankommer? Vores team leverer sporingsoplysninger i realtid.<\/p>\n\n\n\n<h4 class=\"wp-block-heading\">Betalingsmetoder og sikkerhed<\/h4>\n\n\n\n<p>Har du sp\u00f8rgsm\u00e5l om betalingsmuligheder, transaktionssikkerhed eller tilbagebetalingspolitik? Vi forklarer alt klart og tydeligt.<\/p>\n\n\n\n<h4 class=\"wp-block-heading\">Anmodninger om tilpasning af diplomer<\/h4>\n\n\n\n<p>Er du ikke sikker p\u00e5, hvilken skabelon der passer til dine behov? Vil du \u00e6ndre et eksisterende design? Vores eksperter guider dig gennem tilpasningsmulighederne.<\/p>\n\n\n\n<h4 class=\"wp-block-heading\">Information om international forsendelse<\/h4>\n\n\n\n<p>Er du nysgerrig efter leveringstider til dit land? Spekulerer du p\u00e5 toldprocedurer? Vi giver detaljeret vejledning om international forsendelse.<\/p>\n\n\n\n<figure class=\"wp-block-image size-full\"><img loading=\"lazy\" decoding=\"async\" width=\"300\" height=\"212\" src=\"https:\/\/diplomashops.com\/wp-content\/uploads\/2026\/03\/Buy-a-university-master-bachelor-diploma-online.webp\" alt=\"K\u00f8b et universitetskandidat- og bachelordiplom online\" class=\"wp-image-86\" srcset=\"https:\/\/diplomashops.com\/wp-content\/uploads\/2026\/03\/Buy-a-university-master-bachelor-diploma-online.webp 300w, https:\/\/diplomashops.com\/wp-content\/uploads\/2026\/03\/Buy-a-university-master-bachelor-diploma-online-18x12.webp 18w\" sizes=\"auto, (max-width: 300px) 100vw, 300px\" \/><\/figure>\n\n\n\n<hr class=\"wp-block-separator has-alpha-channel-opacity\"\/>\n\n\n\n<h3 class=\"wp-block-heading\">Kontaktoplysninger p\u00e5 WhatsApp<\/h3>\n\n\n\n<p>\ud83d\udd50 Tilg\u00e6ngelig: 24\/7 for hurtig respons<br>\ud83d\udcac Underst\u00f8ttede sprog: Engelsk, hollandsk, tysk, fransk, spansk og meget mere<\/p>\n\n\n\n<p><em>Klik p\u00e5 WhatsApp-ikonet p\u00e5 din sk\u00e6rm for at begynde at chatte med det samme!<\/em><\/p>\n\n\n\n<hr class=\"wp-block-separator has-alpha-channel-opacity\"\/>\n\n\n\n<h3 class=\"wp-block-heading\">Vigtige kontaktoplysninger<\/h3>\n\n\n\n<h4 class=\"wp-block-heading\">E-mail-adresse<\/h4>\n\n\n\n<p><a href=\"mailto:DiplomaShops247@gmail.com\" rel=\"noreferrer noopener\" target=\"_blank\">DiplomaShops247@gmail.com<\/a><\/p>\n\n\n\n<h4 class=\"wp-block-heading\">Garanti for svar<\/h4>\n\n\n\n<p>Inden for 1 time i \u00e5bningstiden<\/p>\n\n\n\n<h4 class=\"wp-block-heading\">Sprog, der tales<\/h4>\n\n\n\n<p>Engelsk, hollandsk, tysk, fransk, spansk, italiensk, portugisisk, svensk, norsk, dansk, finsk, polsk, tjekkisk, ungarsk, rum\u00e6nsk, bulgarsk, gr\u00e6sk, tyrkisk, arabisk, russisk, kinesisk og meget mere!<\/p>\n\n\n\n<h4 class=\"wp-block-heading\">Tidszone<\/h4>\n\n\n\n<p>Centraleurop\u00e6isk tid (CET\/CEST)<\/p>\n\n\n\n<hr class=\"wp-block-separator has-alpha-channel-opacity\"\/>\n\n\n\n<h3 class=\"wp-block-heading\">F\u00f8r du kontakter os<\/h3>\n\n\n\n<p>Tjek vores&nbsp;<a href=\"https:\/\/diplomashops.com\/da\/faq\/\">OFTE STILLEDE SP\u00d8RGSM\u00c5L<\/a> siden for at f\u00e5 svar p\u00e5 almindelige sp\u00f8rgsm\u00e5l om bestilling, betaling, forsendelse og diplomspecifikationer. M\u00e5ske finder du lige pr\u00e6cis det, du har brug for, uden at vente! Klik her, hvis du vil l\u00e6se mere <a href=\"https:\/\/diplomashops.com\/da\/om-os\/\">om os<\/a>. <\/p>\n\n\n\n<hr class=\"wp-block-separator has-alpha-channel-opacity\"\/>\n\n\n\n<h3 class=\"wp-block-heading\">Brug for \u00f8jeblikkelig hj\u00e6lp?<\/h3>\n\n\n\n<p>Klik p\u00e5 WhatsApp-knappen i nederste hj\u00f8rne af din sk\u00e6rm for at chatte med os lige nu. Ingen ventetid - \u00f8jeblikkelig hj\u00e6lp fra vores supportspecialister.<\/p>","protected":false},"excerpt":{"rendered":"<p>Contact Us \u2013 Get Help Buying Your Diploma Multiple Ways to Contact Us &#x1f4e7; Email Support Send us a message [&hellip;]<\/p>\n","protected":false},"author":1,"featured_media":0,"parent":0,"menu_order":0,"comment_status":"closed","ping_status":"closed","template":"","meta":{"site-sidebar-layout":"default","site-content-layout":"","ast-site-content-layout":"default","site-content-style":"default","site-sidebar-style":"default","ast-global-header-display":"","ast-banner-title-visibility":"","ast-main-header-display":"","ast-hfb-above-header-display":"","ast-hfb-below-header-display":"","ast-hfb-mobile-header-display":"","site-post-title":"","ast-breadcrumbs-content":"","ast-featured-img":"","footer-sml-layout":"","ast-disable-related-posts":"","theme-transparent-header-meta":"","adv-header-id-meta":"","stick-header-meta":"","header-above-stick-meta":"","header-main-stick-meta":"","header-below-stick-meta":"","astra-migrate-meta-layouts":"default","ast-page-background-enabled":"default","ast-page-background-meta":{"desktop":{"background-color":"var(--ast-global-color-5)","background-image":"","background-repeat":"repeat","background-position":"center center","background-size":"auto","background-attachment":"scroll","background-type":"","background-media":"","overlay-type":"","overlay-color":"","overlay-opacity":"","overlay-gradient":""},"tablet":{"background-color":"","background-image":"","background-repeat":"repeat","background-position":"center center","background-size":"auto","background-attachment":"scroll","background-type":"","background-media":"","overlay-type":"","overlay-color":"","overlay-opacity":"","overlay-gradient":""},"mobile":{"background-color":"","background-image":"","background-repeat":"repeat","background-position":"center center","background-size":"auto","background-attachment":"scroll","background-type":"","background-media":"","overlay-type":"","overlay-color":"","overlay-opacity":"","overlay-gradient":""}},"ast-content-background-meta":{"desktop":{"background-color":"var(--ast-global-color-4)","background-image":"","background-repeat":"repeat","background-position":"center center","background-size":"auto","background-attachment":"scroll","background-type":"","background-media":"","overlay-type":"","overlay-color":"","overlay-opacity":"","overlay-gradient":""},"tablet":{"background-color":"var(--ast-global-color-4)","background-image":"","background-repeat":"repeat","background-position":"center center","background-size":"auto","background-attachment":"scroll","background-type":"","background-media":"","overlay-type":"","overlay-color":"","overlay-opacity":"","overlay-gradient":""},"mobile":{"background-color":"var(--ast-global-color-4)","background-image":"","background-repeat":"repeat","background-position":"center center","background-size":"auto","background-attachment":"scroll","background-type":"","background-media":"","overlay-type":"","overlay-color":"","overlay-opacity":"","overlay-gradient":""}},"footnotes":""},"class_list":["post-21","page","type-page","status-publish","hentry"],"yoast_head":"<!-- This site is optimized with the Yoast SEO plugin v27.5 - https:\/\/yoast.com\/product\/yoast-seo-wordpress\/ -->\n<title>Contact - DiplomaShops.com - Buy Diploma Online | Fast &amp; Secure Service<\/title>\n<meta name=\"description\" content=\"Contact DiplomaShops.com for fast diploma service help. We respond within 1 hour via email or WhatsApp. Get assistance today!\" \/>\n<meta name=\"robots\" content=\"index, follow, max-snippet:-1, max-image-preview:large, max-video-preview:-1\" \/>\n<link rel=\"canonical\" href=\"https:\/\/diplomashops.com\/da\/kontakt\/\" \/>\n<meta property=\"og:locale\" content=\"da_DK\" \/>\n<meta property=\"og:type\" content=\"article\" \/>\n<meta property=\"og:title\" content=\"Contact - DiplomaShops.com - Buy Diploma Online | Fast &amp; Secure Service\" \/>\n<meta property=\"og:description\" content=\"Contact DiplomaShops.com for fast diploma service help. We respond within 1 hour via email or WhatsApp. Get assistance today!\" \/>\n<meta property=\"og:url\" content=\"https:\/\/diplomashops.com\/da\/kontakt\/\" \/>\n<meta property=\"og:site_name\" content=\"DiplomaShops.com - Buy Diploma Online | Fast &amp; Secure Service\" \/>\n<meta property=\"article:modified_time\" content=\"2026-03-14T16:06:33+00:00\" \/>\n<meta property=\"og:image\" content=\"https:\/\/diplomashops.com\/wp-content\/uploads\/2026\/03\/buy-diploma.webp\" \/>\n\t<meta property=\"og:image:width\" content=\"300\" \/>\n\t<meta property=\"og:image:height\" content=\"211\" \/>\n\t<meta property=\"og:image:type\" content=\"image\/webp\" \/>\n<meta name=\"twitter:card\" content=\"summary_large_image\" \/>\n<meta name=\"twitter:label1\" content=\"Estimeret l\u00e6setid\" \/>\n\t<meta name=\"twitter:data1\" content=\"3 minutter\" \/>\n<script type=\"application\/ld+json\" class=\"yoast-schema-graph\">{\"@context\":\"https:\\\/\\\/schema.org\",\"@graph\":[{\"@type\":\"WebPage\",\"@id\":\"https:\\\/\\\/diplomashops.com\\\/contact\\\/\",\"url\":\"https:\\\/\\\/diplomashops.com\\\/contact\\\/\",\"name\":\"Contact - DiplomaShops.com - Buy Diploma Online | Fast &amp; Secure Service\",\"isPartOf\":{\"@id\":\"https:\\\/\\\/diplomashops.com\\\/#website\"},\"primaryImageOfPage\":{\"@id\":\"https:\\\/\\\/diplomashops.com\\\/contact\\\/#primaryimage\"},\"image\":{\"@id\":\"https:\\\/\\\/diplomashops.com\\\/contact\\\/#primaryimage\"},\"thumbnailUrl\":\"https:\\\/\\\/diplomashops.com\\\/wp-content\\\/uploads\\\/2026\\\/03\\\/buy-diploma.webp\",\"datePublished\":\"2026-03-14T15:35:38+00:00\",\"dateModified\":\"2026-03-14T16:06:33+00:00\",\"description\":\"Contact DiplomaShops.com for fast diploma service help. We respond within 1 hour via email or WhatsApp. Get assistance today!\",\"breadcrumb\":{\"@id\":\"https:\\\/\\\/diplomashops.com\\\/contact\\\/#breadcrumb\"},\"inLanguage\":\"da-DK\",\"potentialAction\":[{\"@type\":\"ReadAction\",\"target\":[\"https:\\\/\\\/diplomashops.com\\\/contact\\\/\"]}]},{\"@type\":\"ImageObject\",\"inLanguage\":\"da-DK\",\"@id\":\"https:\\\/\\\/diplomashops.com\\\/contact\\\/#primaryimage\",\"url\":\"https:\\\/\\\/diplomashops.com\\\/wp-content\\\/uploads\\\/2026\\\/03\\\/buy-diploma.webp\",\"contentUrl\":\"https:\\\/\\\/diplomashops.com\\\/wp-content\\\/uploads\\\/2026\\\/03\\\/buy-diploma.webp\"},{\"@type\":\"BreadcrumbList\",\"@id\":\"https:\\\/\\\/diplomashops.com\\\/contact\\\/#breadcrumb\",\"itemListElement\":[{\"@type\":\"ListItem\",\"position\":1,\"name\":\"Home\",\"item\":\"https:\\\/\\\/diplomashops.com\\\/\"},{\"@type\":\"ListItem\",\"position\":2,\"name\":\"Contact\"}]},{\"@type\":\"WebSite\",\"@id\":\"https:\\\/\\\/diplomashops.com\\\/#website\",\"url\":\"https:\\\/\\\/diplomashops.com\\\/\",\"name\":\"DiplomaShops.com - Buy Diploma Online | Fast &amp; Secure Service\",\"description\":\"Buy a Diploma online Delivered Worldwide - Order Your Certificate Today\",\"potentialAction\":[{\"@type\":\"SearchAction\",\"target\":{\"@type\":\"EntryPoint\",\"urlTemplate\":\"https:\\\/\\\/diplomashops.com\\\/?s={search_term_string}\"},\"query-input\":{\"@type\":\"PropertyValueSpecification\",\"valueRequired\":true,\"valueName\":\"search_term_string\"}}],\"inLanguage\":\"da-DK\"}]}<\/script>\n<!-- \/ Yoast SEO plugin. -->","yoast_head_json":{"title":"Kontakt - DiplomaShops.com - K\u00f8b eksamensbevis online | Hurtig og sikker service","description":"Kontakt DiplomaShops.com for hurtig hj\u00e6lp til diplomservice. Vi svarer inden for 1 time via e-mail eller WhatsApp. F\u00e5 hj\u00e6lp i dag!","robots":{"index":"index","follow":"follow","max-snippet":"max-snippet:-1","max-image-preview":"max-image-preview:large","max-video-preview":"max-video-preview:-1"},"canonical":"https:\/\/diplomashops.com\/da\/kontakt\/","og_locale":"da_DK","og_type":"article","og_title":"Contact - DiplomaShops.com - Buy Diploma Online | Fast &amp; Secure Service","og_description":"Contact DiplomaShops.com for fast diploma service help. We respond within 1 hour via email or WhatsApp. Get assistance today!","og_url":"https:\/\/diplomashops.com\/da\/kontakt\/","og_site_name":"DiplomaShops.com - Buy Diploma Online | Fast &amp; Secure Service","article_modified_time":"2026-03-14T16:06:33+00:00","og_image":[{"width":300,"height":211,"url":"https:\/\/diplomashops.com\/wp-content\/uploads\/2026\/03\/buy-diploma.webp","type":"image\/webp"}],"twitter_card":"summary_large_image","twitter_misc":{"Estimeret l\u00e6setid":"3 minutter"},"schema":{"@context":"https:\/\/schema.org","@graph":[{"@type":"WebPage","@id":"https:\/\/diplomashops.com\/contact\/","url":"https:\/\/diplomashops.com\/contact\/","name":"Kontakt - DiplomaShops.com - K\u00f8b eksamensbevis online | Hurtig og sikker service","isPartOf":{"@id":"https:\/\/diplomashops.com\/#website"},"primaryImageOfPage":{"@id":"https:\/\/diplomashops.com\/contact\/#primaryimage"},"image":{"@id":"https:\/\/diplomashops.com\/contact\/#primaryimage"},"thumbnailUrl":"https:\/\/diplomashops.com\/wp-content\/uploads\/2026\/03\/buy-diploma.webp","datePublished":"2026-03-14T15:35:38+00:00","dateModified":"2026-03-14T16:06:33+00:00","description":"Kontakt DiplomaShops.com for hurtig hj\u00e6lp til diplomservice. Vi svarer inden for 1 time via e-mail eller WhatsApp. F\u00e5 hj\u00e6lp i dag!","breadcrumb":{"@id":"https:\/\/diplomashops.com\/contact\/#breadcrumb"},"inLanguage":"da-DK","potentialAction":[{"@type":"ReadAction","target":["https:\/\/diplomashops.com\/contact\/"]}]},{"@type":"ImageObject","inLanguage":"da-DK","@id":"https:\/\/diplomashops.com\/contact\/#primaryimage","url":"https:\/\/diplomashops.com\/wp-content\/uploads\/2026\/03\/buy-diploma.webp","contentUrl":"https:\/\/diplomashops.com\/wp-content\/uploads\/2026\/03\/buy-diploma.webp"},{"@type":"BreadcrumbList","@id":"https:\/\/diplomashops.com\/contact\/#breadcrumb","itemListElement":[{"@type":"ListItem","position":1,"name":"Home","item":"https:\/\/diplomashops.com\/"},{"@type":"ListItem","position":2,"name":"Contact"}]},{"@type":"WebSite","@id":"https:\/\/diplomashops.com\/#website","url":"https:\/\/diplomashops.com\/","name":"DiplomaShops.com - K\u00f8b eksamensbevis online - hurtig og sikker service","description":"K\u00f8b et diplom online leveret i hele verden - bestil dit certifikat i dag","potentialAction":[{"@type":"SearchAction","target":{"@type":"EntryPoint","urlTemplate":"https:\/\/diplomashops.com\/?s={search_term_string}"},"query-input":{"@type":"PropertyValueSpecification","valueRequired":true,"valueName":"search_term_string"}}],"inLanguage":"da-DK"}]}},"_links":{"self":[{"href":"https:\/\/diplomashops.com\/da\/wp-json\/wp\/v2\/pages\/21","targetHints":{"allow":["GET"]}}],"collection":[{"href":"https:\/\/diplomashops.com\/da\/wp-json\/wp\/v2\/pages"}],"about":[{"href":"https:\/\/diplomashops.com\/da\/wp-json\/wp\/v2\/types\/page"}],"author":[{"embeddable":true,"href":"https:\/\/diplomashops.com\/da\/wp-json\/wp\/v2\/users\/1"}],"replies":[{"embeddable":true,"href":"https:\/\/diplomashops.com\/da\/wp-json\/wp\/v2\/comments?post=21"}],"version-history":[{"count":7,"href":"https:\/\/diplomashops.com\/da\/wp-json\/wp\/v2\/pages\/21\/revisions"}],"predecessor-version":[{"id":95,"href":"https:\/\/diplomashops.com\/da\/wp-json\/wp\/v2\/pages\/21\/revisions\/95"}],"wp:attachment":[{"href":"https:\/\/diplomashops.com\/da\/wp-json\/wp\/v2\/media?parent=21"}],"curies":[{"name":"wp","href":"https:\/\/api.w.org\/{rel}","templated":true}]}}