{"id":21,"date":"2026-03-14T15:35:38","date_gmt":"2026-03-14T15:35:38","guid":{"rendered":"https:\/\/diplomashops.com\/?page_id=21"},"modified":"2026-03-14T16:06:33","modified_gmt":"2026-03-14T16:06:33","slug":"kontakt","status":"publish","type":"page","link":"https:\/\/diplomashops.com\/de\/contact\/","title":{"rendered":"Kontakt"},"content":{"rendered":"<h2 class=\"wp-block-heading\">Kontaktieren Sie uns - Hilfe beim Kauf Ihres Diploms<\/h2>\n\n\n\n<h3 class=\"wp-block-heading\">Mehrere M\u00f6glichkeiten, uns zu kontaktieren<\/h3>\n\n\n\n<h4 class=\"wp-block-heading\">\ud83d\udce7 E-Mail-Unterst\u00fctzung<\/h4>\n\n\n\n<p>Senden Sie uns jederzeit eine Nachricht an&nbsp;<a href=\"mailto:DiplomaShops247@gmail.com\" target=\"_blank\" rel=\"noreferrer noopener\">DiplomaShops247@gmail.com<\/a>. Wir garantieren eine Antwort innerhalb von 60 Minuten w\u00e4hrend unserer Gesch\u00e4ftszeiten.<\/p>\n\n\n\n<h4 class=\"wp-block-heading\">\ud83d\udcac WhatsApp Chat<\/h4>\n\n\n\n<p>Bevorzugen Sie Sofortnachrichten? Kontaktieren Sie uns direkt \u00fcber WhatsApp, um sofortige Hilfe zu erhalten. Klicken Sie auf die WhatsApp-Schaltfl\u00e4che in der unteren rechten Ecke Ihres Bildschirms oder scannen Sie den QR-Code unten.<\/p>\n\n\n\n<h4 class=\"wp-block-heading\">\ud83c\udf10 Kontakt-Formular<\/h4>\n\n\n\n<p>Nutzen Sie unser sicheres Kontaktformular unten, um uns Ihre Fragen oder Anliegen mitzuteilen. Wir werden uns umgehend mit hilfreichen L\u00f6sungen bei Ihnen melden.<\/p>\n\n\n\n<figure class=\"wp-block-image size-full\"><img loading=\"lazy\" decoding=\"async\" width=\"300\" height=\"211\" src=\"https:\/\/diplomashops.com\/wp-content\/uploads\/2026\/03\/buy-diploma.webp\" alt=\"Diplom kaufen\" class=\"wp-image-88\" srcset=\"https:\/\/diplomashops.com\/wp-content\/uploads\/2026\/03\/buy-diploma.webp 300w, https:\/\/diplomashops.com\/wp-content\/uploads\/2026\/03\/buy-diploma-18x12.webp 18w\" sizes=\"auto, (max-width: 300px) 100vw, 300px\" \/><\/figure>\n\n\n\n<hr class=\"wp-block-separator has-alpha-channel-opacity\"\/>\n\n\n\n<h3 class=\"wp-block-heading\">Gesch\u00e4ftszeiten &amp; Reaktionszeiten<\/h3>\n\n\n\n<h4 class=\"wp-block-heading\">Standard-Reaktionszeit: Innerhalb von 1 Stunde<\/h4>\n\n\n\n<p>Wir sind stolz auf unsere schnelle Kommunikation. W\u00e4hrend der Gesch\u00e4ftszeiten erwarten Sie eine Antwort innerhalb von 60 Minuten oder weniger.<\/p>\n\n\n\n<h4 class=\"wp-block-heading\">Erweiterter Support verf\u00fcgbar<\/h4>\n\n\n\n<p>Au\u00dferhalb der Gesch\u00e4ftszeiten? Hinterlassen Sie Ihre Nachricht und wir antworten Ihnen am n\u00e4chsten Werktag.<\/p>\n\n\n\n<h4 class=\"wp-block-heading\">Abdeckung von Wochenenden und Feiertagen<\/h4>\n\n\n\n<p>Wir haben keine Wochenenden oder Feiertage. Wir sind 24\/7 online.<\/p>\n\n\n\n<hr class=\"wp-block-separator has-alpha-channel-opacity\"\/>\n\n\n\n<h3 class=\"wp-block-heading\">H\u00e4ufig kontaktiert \u00fcber<\/h3>\n\n\n\n<h4 class=\"wp-block-heading\">Auftragsstatus und -verfolgung<\/h4>\n\n\n\n<p>Ben\u00f6tigen Sie aktuelle Informationen zu Ihrer Diplom-Bestellung? M\u00f6chten Sie wissen, wann Ihr Paket ankommt? Unser Team bietet Ihnen Informationen zur Sendungsverfolgung in Echtzeit.<\/p>\n\n\n\n<h4 class=\"wp-block-heading\">Zahlungsarten &amp; Sicherheit<\/h4>\n\n\n\n<p>Haben Sie Fragen zu Zahlungsm\u00f6glichkeiten, Transaktionssicherheit oder Erstattungsrichtlinien? Wir erkl\u00e4ren alles klar und transparent.<\/p>\n\n\n\n<h4 class=\"wp-block-heading\">Anfragen zur Anpassung des Diploms<\/h4>\n\n\n\n<p>Sie sind sich nicht sicher, welche Vorlage Ihren Anforderungen entspricht? M\u00f6chten Sie ein bestehendes Design \u00e4ndern? Unsere Experten f\u00fchren Sie durch die Anpassungsm\u00f6glichkeiten.<\/p>\n\n\n\n<h4 class=\"wp-block-heading\">Informationen zum internationalen Versand<\/h4>\n\n\n\n<p>Sind Sie neugierig auf die Lieferzeiten f\u00fcr Ihr Land? Sie fragen sich nach den Zollverfahren? Wir bieten Ihnen eine detaillierte Anleitung f\u00fcr den internationalen Versand.<\/p>\n\n\n\n<figure class=\"wp-block-image size-full\"><img loading=\"lazy\" decoding=\"async\" width=\"300\" height=\"212\" src=\"https:\/\/diplomashops.com\/wp-content\/uploads\/2026\/03\/Buy-a-university-master-bachelor-diploma-online.webp\" alt=\"Ein Universit\u00e4ts-Master-Bachelor-Diplom online kaufen\" class=\"wp-image-86\" srcset=\"https:\/\/diplomashops.com\/wp-content\/uploads\/2026\/03\/Buy-a-university-master-bachelor-diploma-online.webp 300w, https:\/\/diplomashops.com\/wp-content\/uploads\/2026\/03\/Buy-a-university-master-bachelor-diploma-online-18x12.webp 18w\" sizes=\"auto, (max-width: 300px) 100vw, 300px\" \/><\/figure>\n\n\n\n<hr class=\"wp-block-separator has-alpha-channel-opacity\"\/>\n\n\n\n<h3 class=\"wp-block-heading\">WhatsApp-Kontaktinformationen<\/h3>\n\n\n\n<p>\ud83d\udd50 Verf\u00fcgbar: 24\/7 f\u00fcr schnelle Antworten<br>\ud83d\udcac Unterst\u00fctzte Sprachen: Englisch, Niederl\u00e4ndisch, Deutsch, Franz\u00f6sisch, Spanisch, und mehr<\/p>\n\n\n\n<p><em>Klicken Sie auf das WhatsApp-Symbol auf Ihrem Bildschirm, um sofort mit dem Chatten zu beginnen!<\/em><\/p>\n\n\n\n<hr class=\"wp-block-separator has-alpha-channel-opacity\"\/>\n\n\n\n<h3 class=\"wp-block-heading\">Wichtige Kontaktinformationen<\/h3>\n\n\n\n<h4 class=\"wp-block-heading\">E-Mail Adresse<\/h4>\n\n\n\n<p><a href=\"mailto:DiplomaShops247@gmail.com\" rel=\"noreferrer noopener\" target=\"_blank\">DiplomaShops247@gmail.com<\/a><\/p>\n\n\n\n<h4 class=\"wp-block-heading\">Antwort-Garantie<\/h4>\n\n\n\n<p>Innerhalb von 1 Stunde w\u00e4hrend der Gesch\u00e4ftszeiten<\/p>\n\n\n\n<h4 class=\"wp-block-heading\">Gesprochene Sprachen<\/h4>\n\n\n\n<p>Englisch, Niederl\u00e4ndisch, Deutsch, Franz\u00f6sisch, Spanisch, Italienisch, Portugiesisch, Schwedisch, Norwegisch, D\u00e4nisch, Finnisch, Polnisch, Tschechisch, Ungarisch, Rum\u00e4nisch, Bulgarisch, Griechisch, T\u00fcrkisch, Arabisch, Russisch, Chinesisch und mehr!<\/p>\n\n\n\n<h4 class=\"wp-block-heading\">Zeitzone<\/h4>\n\n\n\n<p>Mitteleurop\u00e4ische Zeit (MEZ\/MESZ)<\/p>\n\n\n\n<hr class=\"wp-block-separator has-alpha-channel-opacity\"\/>\n\n\n\n<h3 class=\"wp-block-heading\">Bevor Sie uns kontaktieren<\/h3>\n\n\n\n<p>Pr\u00fcfen Sie unser&nbsp;<a href=\"https:\/\/diplomashops.com\/de\/faq\/\">FAQ<\/a> finden Sie Antworten auf h\u00e4ufige Fragen zu Bestellung, Zahlung, Versand und Diplomspezifikationen. Vielleicht finden Sie genau das, was Sie brauchen, ohne zu warten! Klicken Sie hier, wenn Sie mehr lesen m\u00f6chten <a href=\"https:\/\/diplomashops.com\/de\/uber-uns\/\">\u00fcber uns<\/a>. <\/p>\n\n\n\n<hr class=\"wp-block-separator has-alpha-channel-opacity\"\/>\n\n\n\n<h3 class=\"wp-block-heading\">Ben\u00f6tigen Sie sofortige Hilfe?<\/h3>\n\n\n\n<p>Klicken Sie auf die WhatsApp-Schaltfl\u00e4che in der unteren Ecke Ihres Bildschirms, um sofort mit uns zu chatten. Kein Warten - sofortige Hilfe von unseren Support-Spezialisten.<\/p>","protected":false},"excerpt":{"rendered":"<p>Contact Us \u2013 Get Help Buying Your Diploma Multiple Ways to Contact Us &#x1f4e7; Email Support Send us a message [&hellip;]<\/p>\n","protected":false},"author":1,"featured_media":0,"parent":0,"menu_order":0,"comment_status":"closed","ping_status":"closed","template":"","meta":{"site-sidebar-layout":"default","site-content-layout":"","ast-site-content-layout":"default","site-content-style":"default","site-sidebar-style":"default","ast-global-header-display":"","ast-banner-title-visibility":"","ast-main-header-display":"","ast-hfb-above-header-display":"","ast-hfb-below-header-display":"","ast-hfb-mobile-header-display":"","site-post-title":"","ast-breadcrumbs-content":"","ast-featured-img":"","footer-sml-layout":"","ast-disable-related-posts":"","theme-transparent-header-meta":"","adv-header-id-meta":"","stick-header-meta":"","header-above-stick-meta":"","header-main-stick-meta":"","header-below-stick-meta":"","astra-migrate-meta-layouts":"default","ast-page-background-enabled":"default","ast-page-background-meta":{"desktop":{"background-color":"var(--ast-global-color-5)","background-image":"","background-repeat":"repeat","background-position":"center center","background-size":"auto","background-attachment":"scroll","background-type":"","background-media":"","overlay-type":"","overlay-color":"","overlay-opacity":"","overlay-gradient":""},"tablet":{"background-color":"","background-image":"","background-repeat":"repeat","background-position":"center center","background-size":"auto","background-attachment":"scroll","background-type":"","background-media":"","overlay-type":"","overlay-color":"","overlay-opacity":"","overlay-gradient":""},"mobile":{"background-color":"","background-image":"","background-repeat":"repeat","background-position":"center center","background-size":"auto","background-attachment":"scroll","background-type":"","background-media":"","overlay-type":"","overlay-color":"","overlay-opacity":"","overlay-gradient":""}},"ast-content-background-meta":{"desktop":{"background-color":"var(--ast-global-color-4)","background-image":"","background-repeat":"repeat","background-position":"center center","background-size":"auto","background-attachment":"scroll","background-type":"","background-media":"","overlay-type":"","overlay-color":"","overlay-opacity":"","overlay-gradient":""},"tablet":{"background-color":"var(--ast-global-color-4)","background-image":"","background-repeat":"repeat","background-position":"center center","background-size":"auto","background-attachment":"scroll","background-type":"","background-media":"","overlay-type":"","overlay-color":"","overlay-opacity":"","overlay-gradient":""},"mobile":{"background-color":"var(--ast-global-color-4)","background-image":"","background-repeat":"repeat","background-position":"center center","background-size":"auto","background-attachment":"scroll","background-type":"","background-media":"","overlay-type":"","overlay-color":"","overlay-opacity":"","overlay-gradient":""}},"footnotes":""},"class_list":["post-21","page","type-page","status-publish","hentry"],"yoast_head":"<!-- This site is optimized with the Yoast SEO plugin v27.5 - https:\/\/yoast.com\/product\/yoast-seo-wordpress\/ -->\n<title>Contact - DiplomaShops.com - Buy Diploma Online | Fast &amp; Secure Service<\/title>\n<meta name=\"description\" content=\"Contact DiplomaShops.com for fast diploma service help. We respond within 1 hour via email or WhatsApp. Get assistance today!\" \/>\n<meta name=\"robots\" content=\"index, follow, max-snippet:-1, max-image-preview:large, max-video-preview:-1\" \/>\n<link rel=\"canonical\" href=\"https:\/\/diplomashops.com\/de\/kontakt\/\" \/>\n<meta property=\"og:locale\" content=\"de_DE\" \/>\n<meta property=\"og:type\" content=\"article\" \/>\n<meta property=\"og:title\" content=\"Contact - DiplomaShops.com - Buy Diploma Online | Fast &amp; Secure Service\" \/>\n<meta property=\"og:description\" content=\"Contact DiplomaShops.com for fast diploma service help. We respond within 1 hour via email or WhatsApp. Get assistance today!\" \/>\n<meta property=\"og:url\" content=\"https:\/\/diplomashops.com\/de\/kontakt\/\" \/>\n<meta property=\"og:site_name\" content=\"DiplomaShops.com - Buy Diploma Online | Fast &amp; Secure Service\" \/>\n<meta property=\"article:modified_time\" content=\"2026-03-14T16:06:33+00:00\" \/>\n<meta property=\"og:image\" content=\"https:\/\/diplomashops.com\/wp-content\/uploads\/2026\/03\/buy-diploma.webp\" \/>\n\t<meta property=\"og:image:width\" content=\"300\" \/>\n\t<meta property=\"og:image:height\" content=\"211\" \/>\n\t<meta property=\"og:image:type\" content=\"image\/webp\" \/>\n<meta name=\"twitter:card\" content=\"summary_large_image\" \/>\n<meta name=\"twitter:label1\" content=\"Gesch\u00e4tzte Lesezeit\" \/>\n\t<meta name=\"twitter:data1\" content=\"3\u00a0Minuten\" \/>\n<script type=\"application\/ld+json\" class=\"yoast-schema-graph\">{\"@context\":\"https:\\\/\\\/schema.org\",\"@graph\":[{\"@type\":\"WebPage\",\"@id\":\"https:\\\/\\\/diplomashops.com\\\/contact\\\/\",\"url\":\"https:\\\/\\\/diplomashops.com\\\/contact\\\/\",\"name\":\"Contact - DiplomaShops.com - Buy Diploma Online | Fast &amp; Secure Service\",\"isPartOf\":{\"@id\":\"https:\\\/\\\/diplomashops.com\\\/#website\"},\"primaryImageOfPage\":{\"@id\":\"https:\\\/\\\/diplomashops.com\\\/contact\\\/#primaryimage\"},\"image\":{\"@id\":\"https:\\\/\\\/diplomashops.com\\\/contact\\\/#primaryimage\"},\"thumbnailUrl\":\"https:\\\/\\\/diplomashops.com\\\/wp-content\\\/uploads\\\/2026\\\/03\\\/buy-diploma.webp\",\"datePublished\":\"2026-03-14T15:35:38+00:00\",\"dateModified\":\"2026-03-14T16:06:33+00:00\",\"description\":\"Contact DiplomaShops.com for fast diploma service help. We respond within 1 hour via email or WhatsApp. Get assistance today!\",\"breadcrumb\":{\"@id\":\"https:\\\/\\\/diplomashops.com\\\/contact\\\/#breadcrumb\"},\"inLanguage\":\"de\",\"potentialAction\":[{\"@type\":\"ReadAction\",\"target\":[\"https:\\\/\\\/diplomashops.com\\\/contact\\\/\"]}]},{\"@type\":\"ImageObject\",\"inLanguage\":\"de\",\"@id\":\"https:\\\/\\\/diplomashops.com\\\/contact\\\/#primaryimage\",\"url\":\"https:\\\/\\\/diplomashops.com\\\/wp-content\\\/uploads\\\/2026\\\/03\\\/buy-diploma.webp\",\"contentUrl\":\"https:\\\/\\\/diplomashops.com\\\/wp-content\\\/uploads\\\/2026\\\/03\\\/buy-diploma.webp\"},{\"@type\":\"BreadcrumbList\",\"@id\":\"https:\\\/\\\/diplomashops.com\\\/contact\\\/#breadcrumb\",\"itemListElement\":[{\"@type\":\"ListItem\",\"position\":1,\"name\":\"Home\",\"item\":\"https:\\\/\\\/diplomashops.com\\\/\"},{\"@type\":\"ListItem\",\"position\":2,\"name\":\"Contact\"}]},{\"@type\":\"WebSite\",\"@id\":\"https:\\\/\\\/diplomashops.com\\\/#website\",\"url\":\"https:\\\/\\\/diplomashops.com\\\/\",\"name\":\"DiplomaShops.com - Buy Diploma Online | Fast &amp; Secure Service\",\"description\":\"Buy a Diploma online Delivered Worldwide - Order Your Certificate Today\",\"potentialAction\":[{\"@type\":\"SearchAction\",\"target\":{\"@type\":\"EntryPoint\",\"urlTemplate\":\"https:\\\/\\\/diplomashops.com\\\/?s={search_term_string}\"},\"query-input\":{\"@type\":\"PropertyValueSpecification\",\"valueRequired\":true,\"valueName\":\"search_term_string\"}}],\"inLanguage\":\"de\"}]}<\/script>\n<!-- \/ Yoast SEO plugin. -->","yoast_head_json":{"title":"Kontakt - DiplomaShops.com - Diplom online kaufen | Schneller &amp; sicherer Service","description":"Wenden Sie sich an DiplomaShops.com f\u00fcr schnelle Hilfe bei der Diplomarbeit. Wir antworten innerhalb von 1 Stunde per E-Mail oder WhatsApp. Erhalten Sie noch heute Hilfe!","robots":{"index":"index","follow":"follow","max-snippet":"max-snippet:-1","max-image-preview":"max-image-preview:large","max-video-preview":"max-video-preview:-1"},"canonical":"https:\/\/diplomashops.com\/de\/kontakt\/","og_locale":"de_DE","og_type":"article","og_title":"Contact - DiplomaShops.com - Buy Diploma Online | Fast &amp; Secure Service","og_description":"Contact DiplomaShops.com for fast diploma service help. We respond within 1 hour via email or WhatsApp. Get assistance today!","og_url":"https:\/\/diplomashops.com\/de\/kontakt\/","og_site_name":"DiplomaShops.com - Buy Diploma Online | Fast &amp; Secure Service","article_modified_time":"2026-03-14T16:06:33+00:00","og_image":[{"width":300,"height":211,"url":"https:\/\/diplomashops.com\/wp-content\/uploads\/2026\/03\/buy-diploma.webp","type":"image\/webp"}],"twitter_card":"summary_large_image","twitter_misc":{"Gesch\u00e4tzte Lesezeit":"3\u00a0Minuten"},"schema":{"@context":"https:\/\/schema.org","@graph":[{"@type":"WebPage","@id":"https:\/\/diplomashops.com\/contact\/","url":"https:\/\/diplomashops.com\/contact\/","name":"Kontakt - DiplomaShops.com - Diplom online kaufen | Schneller &amp; sicherer Service","isPartOf":{"@id":"https:\/\/diplomashops.com\/#website"},"primaryImageOfPage":{"@id":"https:\/\/diplomashops.com\/contact\/#primaryimage"},"image":{"@id":"https:\/\/diplomashops.com\/contact\/#primaryimage"},"thumbnailUrl":"https:\/\/diplomashops.com\/wp-content\/uploads\/2026\/03\/buy-diploma.webp","datePublished":"2026-03-14T15:35:38+00:00","dateModified":"2026-03-14T16:06:33+00:00","description":"Wenden Sie sich an DiplomaShops.com f\u00fcr schnelle Hilfe bei der Diplomarbeit. Wir antworten innerhalb von 1 Stunde per E-Mail oder WhatsApp. Erhalten Sie noch heute Hilfe!","breadcrumb":{"@id":"https:\/\/diplomashops.com\/contact\/#breadcrumb"},"inLanguage":"de","potentialAction":[{"@type":"ReadAction","target":["https:\/\/diplomashops.com\/contact\/"]}]},{"@type":"ImageObject","inLanguage":"de","@id":"https:\/\/diplomashops.com\/contact\/#primaryimage","url":"https:\/\/diplomashops.com\/wp-content\/uploads\/2026\/03\/buy-diploma.webp","contentUrl":"https:\/\/diplomashops.com\/wp-content\/uploads\/2026\/03\/buy-diploma.webp"},{"@type":"BreadcrumbList","@id":"https:\/\/diplomashops.com\/contact\/#breadcrumb","itemListElement":[{"@type":"ListItem","position":1,"name":"Home","item":"https:\/\/diplomashops.com\/"},{"@type":"ListItem","position":2,"name":"Contact"}]},{"@type":"WebSite","@id":"https:\/\/diplomashops.com\/#website","url":"https:\/\/diplomashops.com\/","name":"DiplomaShops.com - Diplom online kaufen | Schneller &amp; sicherer Service","description":"Ein Diplom online kaufen und weltweit liefern lassen - Bestellen Sie Ihr Zertifikat noch heute","potentialAction":[{"@type":"SearchAction","target":{"@type":"EntryPoint","urlTemplate":"https:\/\/diplomashops.com\/?s={search_term_string}"},"query-input":{"@type":"PropertyValueSpecification","valueRequired":true,"valueName":"search_term_string"}}],"inLanguage":"de"}]}},"_links":{"self":[{"href":"https:\/\/diplomashops.com\/de\/wp-json\/wp\/v2\/pages\/21","targetHints":{"allow":["GET"]}}],"collection":[{"href":"https:\/\/diplomashops.com\/de\/wp-json\/wp\/v2\/pages"}],"about":[{"href":"https:\/\/diplomashops.com\/de\/wp-json\/wp\/v2\/types\/page"}],"author":[{"embeddable":true,"href":"https:\/\/diplomashops.com\/de\/wp-json\/wp\/v2\/users\/1"}],"replies":[{"embeddable":true,"href":"https:\/\/diplomashops.com\/de\/wp-json\/wp\/v2\/comments?post=21"}],"version-history":[{"count":7,"href":"https:\/\/diplomashops.com\/de\/wp-json\/wp\/v2\/pages\/21\/revisions"}],"predecessor-version":[{"id":95,"href":"https:\/\/diplomashops.com\/de\/wp-json\/wp\/v2\/pages\/21\/revisions\/95"}],"wp:attachment":[{"href":"https:\/\/diplomashops.com\/de\/wp-json\/wp\/v2\/media?parent=21"}],"curies":[{"name":"wp","href":"https:\/\/api.w.org\/{rel}","templated":true}]}}