{"id":27,"date":"2026-03-14T15:37:23","date_gmt":"2026-03-14T15:37:23","guid":{"rendered":"https:\/\/diplomashops.com\/?page_id=27"},"modified":"2026-03-14T16:07:08","modified_gmt":"2026-03-14T16:07:08","slug":"faq","status":"publish","type":"page","link":"https:\/\/diplomashops.com\/de\/faq\/","title":{"rendered":"FAQ"},"content":{"rendered":"<h2 class=\"wp-block-heading\">H\u00e4ufig gestellte Fragen - Diplomservice kaufen<\/h2>\n\n\n\n<p>Hier finden Sie Antworten auf die h\u00e4ufigsten Fragen zu unseren Diplomdienstleistungen. Egal, ob Sie sich \u00fcber den Bestellvorgang, die Lieferzeiten oder die Echtheit des Dokuments wundern, wir haben die Antworten f\u00fcr Sie. St\u00f6bern Sie in unserem umfassenden FAQ-Bereich, um alles zu erfahren, was Sie wissen m\u00fcssen, bevor Sie Ihr Diplom online kaufen.<\/p>\n\n\n\n<figure class=\"wp-block-image size-full\"><img loading=\"lazy\" decoding=\"async\" width=\"300\" height=\"216\" src=\"https:\/\/diplomashops.com\/wp-content\/uploads\/2026\/03\/buy-diploma-degree-certificate-online.webp\" alt=\"Diplome und Zeugnisse online kaufen\" class=\"wp-image-87\" srcset=\"https:\/\/diplomashops.com\/wp-content\/uploads\/2026\/03\/buy-diploma-degree-certificate-online.webp 300w, https:\/\/diplomashops.com\/wp-content\/uploads\/2026\/03\/buy-diploma-degree-certificate-online-18x12.webp 18w\" sizes=\"auto, (max-width: 300px) 100vw, 300px\" \/><\/figure>\n\n\n\n<h3 class=\"wp-block-heading\">Fragen zu Bestellung und Bezahlung<\/h3>\n\n\n\n<h4 class=\"wp-block-heading\">Wie bestelle ich eine Urkunde?<\/h4>\n\n\n\n<p>Um ein Diplom online zu kaufen, durchsuchen Sie einfach unsere Diplomkategorien, w\u00e4hlen Sie Ihre bevorzugte Vorlage aus, geben Sie Ihre pers\u00f6nlichen Daten ein und schlie\u00dfen Sie den sicheren Bestellvorgang ab. Unmittelbar nach der Bezahlung erhalten Sie eine Bestellbest\u00e4tigung per E-Mail.<\/p>\n\n\n\n<h4 class=\"wp-block-heading\">Welche Zahlungsarten akzeptieren Sie?<\/h4>\n\n\n\n<p>Wir akzeptieren die wichtigsten Kreditkarten (Visa, MasterCard, American Express), PayPal und Bank\u00fcberweisungen. Alle Transaktionen werden \u00fcber verschl\u00fcsselte, sichere Zahlungsgateways abgewickelt, um Ihre finanziellen Informationen zu sch\u00fctzen.<\/p>\n\n\n\n<h4 class=\"wp-block-heading\">Sind meine Zahlungsinformationen sicher?<\/h4>\n\n\n\n<p>Unbedingt. Wir verwenden eine dem Industriestandard entsprechende SSL-Verschl\u00fcsselung und erf\u00fcllen die PCI DSS-Sicherheitsstandards. Ihre Zahlungsdaten werden niemals gespeichert oder an Dritte weitergegeben.<\/p>\n\n\n\n<h4 class=\"wp-block-heading\">Kann ich meine Bestellung nach der Zahlung stornieren oder \u00e4ndern?<\/h4>\n\n\n\n<p>Bestellungen k\u00f6nnen innerhalb von 2 Stunden nach Auftragserteilung ge\u00e4ndert oder storniert werden. Danach beginnt die Produktion sofort. Kontaktieren Sie uns so schnell wie m\u00f6glich, wenn \u00c4nderungen erforderlich sind.<\/p>\n\n\n\n<h4 class=\"wp-block-heading\">Bieten Sie Zahlungspl\u00e4ne oder Ratenzahlungsoptionen an?<\/h4>\n\n\n\n<p>Derzeit m\u00fcssen Sie den vollen Betrag im Voraus bezahlen, damit wir Ihre Diplombestellung bearbeiten k\u00f6nnen. Wir arbeiten an flexiblen Zahlungsoptionen f\u00fcr die zuk\u00fcnftige Implementierung.<\/p>\n\n\n\n<hr class=\"wp-block-separator has-alpha-channel-opacity\"\/>\n\n\n\n<h3 class=\"wp-block-heading\">Informationen zu Lieferung und Versand<\/h3>\n\n\n\n<h4 class=\"wp-block-heading\">Wie lange dauert die Lieferung?<\/h4>\n\n\n\n<p>Der Standardversand dauert weltweit 5-10 Werktage. Expressversandoptionen sind gegen Aufpreis f\u00fcr eine Lieferzeit von 2-3 Werktagen verf\u00fcgbar.<\/p>\n\n\n\n<h4 class=\"wp-block-heading\">Versenden Sie international?<\/h4>\n\n\n\n<p>Ja, wir liefern in \u00fcber 20 L\u00e4nder, darunter die USA, Kanada, Gro\u00dfbritannien, Deutschland, die Niederlande, Spanien, Frankreich, Australien, Schweden, Norwegen, D\u00e4nemark und viele mehr. \u00dcberpr\u00fcfen Sie unsere Versand-Seite f\u00fcr spezifische Land Lieferzeiten.<\/p>\n\n\n\n<h4 class=\"wp-block-heading\">Wie werden die Diplome verpackt und versandt?<\/h4>\n\n\n\n<p>Alle Diplome werden in einfachen, unbeschrifteten Umschl\u00e4gen oder Paketen versandt, um die Privatsph\u00e4re zu wahren. Keine \u00e4u\u00dferen Markierungen weisen auf den Inhalt hin. Zu Ihrem Schutz verwenden wir verfolgte und versicherte Versandmethoden.<\/p>\n\n\n\n<h4 class=\"wp-block-heading\">Werde ich Informationen zur Sendungsverfolgung erhalten?<\/h4>\n\n\n\n<p>Ja, jede Bestellung enth\u00e4lt eine Sendungsverfolgungsnummer, damit Sie den Status Ihrer Sendung in Echtzeit verfolgen k\u00f6nnen. Die Details zur Sendungsverfolgung werden Ihnen per E-Mail zugesandt, sobald Ihr Diplom versandt wird.<\/p>\n\n\n\n<h4 class=\"wp-block-heading\">Was passiert, wenn mein Paket verloren geht oder besch\u00e4digt wird?<\/h4>\n\n\n\n<p>Alle Sendungen sind voll versichert. Wenn Ihr Diplom w\u00e4hrend des Transports verloren geht oder besch\u00e4digt wird, stellen wir es ohne zus\u00e4tzliche Kosten neu her und senden es erneut zu, oder wir erstatten Ihnen den vollen Betrag.<\/p>\n\n\n\n<figure class=\"wp-block-image size-full\"><img loading=\"lazy\" decoding=\"async\" width=\"300\" height=\"212\" src=\"https:\/\/diplomashops.com\/wp-content\/uploads\/2026\/03\/Buy-a-university-master-bachelor-diploma-online.webp\" alt=\"Ein Universit\u00e4ts-Master-Bachelor-Diplom online kaufen\" class=\"wp-image-86\" srcset=\"https:\/\/diplomashops.com\/wp-content\/uploads\/2026\/03\/Buy-a-university-master-bachelor-diploma-online.webp 300w, https:\/\/diplomashops.com\/wp-content\/uploads\/2026\/03\/Buy-a-university-master-bachelor-diploma-online-18x12.webp 18w\" sizes=\"auto, (max-width: 300px) 100vw, 300px\" \/><\/figure>\n\n\n\n<hr class=\"wp-block-separator has-alpha-channel-opacity\"\/>\n\n\n\n<h3 class=\"wp-block-heading\">Qualit\u00e4t und Authentizit\u00e4t des Diploms<\/h3>\n\n\n\n<h4 class=\"wp-block-heading\">Sind das echte Diplome von echten Universit\u00e4ten?<\/h4>\n\n\n\n<p>Nein, bei unseren Diplomen handelt es sich um hochwertige Reproduktionen, die f\u00fcr pers\u00f6nliche Referenz-, Ersatz- oder Ausstellungszwecke bestimmt sind. Sie werden nicht von tats\u00e4chlichen Bildungseinrichtungen ausgestellt, sondern sind so gestaltet, dass sie offiziellen Dokumenten sehr \u00e4hnlich sind.<\/p>\n\n\n\n<h4 class=\"wp-block-heading\">Wie authentisch sehen die Diplome aus?<\/h4>\n\n\n\n<p>Unsere Diplome zeichnen sich durch professionelles Papier, authentische Schriftarten, offizielle Siegel und eine genaue Formatierung aus, die den echten institutionellen Designs sehr nahe kommt. Viele Kunden \u00e4u\u00dfern sich positiv \u00fcber das realistische Erscheinungsbild.<\/p>\n\n\n\n<h4 class=\"wp-block-heading\">K\u00f6nnen diese f\u00fcr offizielle Zwecke verwendet werden?<\/h4>\n\n\n\n<p>Dies h\u00e4ngt von den spezifischen Anforderungen der Organisation ab, die das Dokument anfordert. Unsere Diplome sehen zwar authentisch aus, sollten aber nur verwendet werden, wenn keine offizielle \u00dcberpr\u00fcfung erforderlich ist. Erkundigen Sie sich immer bei Ihrem Arbeitgeber oder Ihrer Institution, welche Unterlagen zul\u00e4ssig sind.<\/p>\n\n\n\n<h4 class=\"wp-block-heading\">Bieten Sie verschiedene Papierqualit\u00e4ten oder Veredelungen an?<\/h4>\n\n\n\n<p>Ja, wir bieten Standard-, Premium- und Luxuspapier an. Premium umfasst Papier mit Wasserzeichen, das offiziellen Dokumenten \u00e4hnelt, w\u00e4hrend Luxus Papier im Pergamentstil mit Goldfolienpr\u00e4gung angeboten wird.<\/p>\n\n\n\n<hr class=\"wp-block-separator has-alpha-channel-opacity\"\/>\n\n\n\n<h3 class=\"wp-block-heading\">Rechtliche und ethische Erw\u00e4gungen<\/h3>\n\n\n\n<h4 class=\"wp-block-heading\">Ist es legal, ein Diplom zu kaufen?<\/h4>\n\n\n\n<p>Die Rechtm\u00e4\u00dfigkeit variiert je nach Gerichtsbarkeit und Verwendungszweck. Unsere Dienste sind f\u00fcr rechtm\u00e4\u00dfige Zwecke wie den Ersatz verlorener Originale oder f\u00fcr pers\u00f6nliche Zwecke gedacht. Wir empfehlen, die \u00f6rtlichen Gesetze bez\u00fcglich der Anforderungen an die Verwendung von Dokumenten zu konsultieren.<\/p>\n\n\n\n<h4 class=\"wp-block-heading\">Kann ich \u00c4rger bekommen, wenn ich Ihre Diplome verwende?<\/h4>\n\n\n\n<p>Eine falsche Darstellung von Zeugnissen kann schwerwiegende Folgen haben. Wir raten dringend, unsere Diplome nur f\u00fcr geeignete Zwecke zu verwenden, bei denen eine offizielle \u00dcberpr\u00fcfung nicht zwingend erforderlich ist. Die Verantwortung f\u00fcr die ordnungsgem\u00e4\u00dfe Verwendung liegt beim Kunden.<\/p>\n\n\n\n<h4 class=\"wp-block-heading\">\u00dcberpr\u00fcfen Sie den Bildungshintergrund?<\/h4>\n\n\n\n<p>Nein, wir sind ein reiner Dokumentenreproduktionsdienst. Wir bieten keine Dienstleistungen zur \u00dcberpr\u00fcfung von Bildungsabschl\u00fcssen an. Wenn Sie eine offizielle Abschrift ben\u00f6tigen, wenden Sie sich bitte direkt an Ihre urspr\u00fcngliche Einrichtung.<\/p>\n\n\n\n<hr class=\"wp-block-separator has-alpha-channel-opacity\"\/>\n\n\n\n<h3 class=\"wp-block-heading\">Technische Fragen und Anpassungen<\/h3>\n\n\n\n<h4 class=\"wp-block-heading\">Kann ich vor der Bestellung ein Muster sehen?<\/h4>\n\n\n\n<p>Ja, jedes Diplomangebot enth\u00e4lt hochaufl\u00f6sende Beispielbilder mit Vorder- und R\u00fcckansichten. Fordern Sie weitere Muster an, indem Sie unser Support-Team kontaktieren.<\/p>\n\n\n\n<h4 class=\"wp-block-heading\">Wie anpassbar sind die Diplome?<\/h4>\n\n\n\n<p>Unser individueller Design-Service erm\u00f6glicht eine vollst\u00e4ndige Personalisierung, einschlie\u00dflich Namen, Daten, Details zur Einrichtung, Logos, Unterschriften und spezielle Formatierungsanforderungen. Laden Sie Ihre eigene Vorlage hoch oder beschreiben Sie Ihre Vorstellungen.<\/p>\n\n\n\n<h4 class=\"wp-block-heading\">Welche Dateiformate bieten Sie f\u00fcr digitale Diplome an?<\/h4>\n\n\n\n<p>Digitale Diplome werden im hochaufl\u00f6senden PDF-Format bereitgestellt, das sich f\u00fcr den Druck oder die \u00dcbermittlung per E-Mail eignet. Auf Anfrage bieten wir auch JPEG-Versionen an.<\/p>\n\n\n\n<h4 class=\"wp-block-heading\">K\u00f6nnen Sie das Format einer bestimmten Universit\u00e4t genau bestimmen?<\/h4>\n\n\n\n<p>Ja, unser kundenspezifischer Premium-Service kann bestimmte institutionelle Vorlagen reproduzieren. Senden Sie uns ein Beispielbild oder detaillierte Spezifikationen f\u00fcr eine genaue Reproduktion.<\/p>\n\n\n\n<hr class=\"wp-block-separator has-alpha-channel-opacity\"\/>\n\n\n\n<h3 class=\"wp-block-heading\">Kundendienst &amp; Unterst\u00fctzung<\/h3>\n\n\n\n<h4 class=\"wp-block-heading\">Wie schnell reagieren Sie auf Kundenanfragen?<\/h4>\n\n\n\n<p>Wir garantieren eine Antwort innerhalb von 1 Stunde w\u00e4hrend der Gesch\u00e4ftszeiten.<\/p>\n\n\n\n<h4 class=\"wp-block-heading\">Wie kann ich den Kundendienst kontaktieren?<\/h4>\n\n\n\n<p>Sie erreichen uns per E-Mail unter&nbsp;<a href=\"mailto:DiplomaShops247@gmail.com\" target=\"_blank\" rel=\"noreferrer noopener\">DiplomaShops247@gmail.com<\/a>, WhatsApp oder unser Kontaktformular. Wir bieten auch Live-Chat-Support w\u00e4hrend der Gesch\u00e4ftszeiten.<\/p>\n\n\n\n<h4 class=\"wp-block-heading\">Bieten Sie R\u00fcckerstattungen oder Garantien an?<\/h4>\n\n\n\n<p>Wir bieten eine 30-t\u00e4gige Zufriedenheitsgarantie. Wenn Sie mit der Qualit\u00e4t Ihres Diploms nicht zufrieden sind, stellen wir es kostenlos um oder erstatten Ihnen den vollen Kaufpreis. Weitere Informationen finden Sie in unserer R\u00fcckerstattungsrichtlinie.<\/p>\n\n\n\n<h4 class=\"wp-block-heading\">Kann ich mit jemandem in meiner Sprache sprechen?<\/h4>\n\n\n\n<p>Unser mehrsprachiges Support-Team spricht \u00fcber 20 Sprachen, darunter Englisch, Niederl\u00e4ndisch, Deutsch, Franz\u00f6sisch, Spanisch, Italienisch, Portugiesisch, Schwedisch, Norwegisch, D\u00e4nisch, Finnisch, Polnisch, Tschechisch, Ungarisch, Rum\u00e4nisch, Bulgarisch, Griechisch, T\u00fcrkisch, Arabisch, Russisch und Chinesisch.<\/p>\n\n\n\n<hr class=\"wp-block-separator has-alpha-channel-opacity\"\/>\n\n\n\n<h3 class=\"wp-block-heading\">Haben Sie noch Fragen?<\/h3>\n\n\n\n<p>Sie k\u00f6nnen nicht finden, was Sie suchen? Unser Support-Team hilft Ihnen gerne weiter! <a href=\"https:\/\/diplomashops.com\/de\/kontakt\/\">Kontakt<\/a> Sie k\u00f6nnen sich jederzeit an uns wenden, wenn Sie pers\u00f6nliche Unterst\u00fctzung f\u00fcr Ihre Diplomarbeit ben\u00f6tigen.<\/p>\n\n\n\n<p>\ud83d\udce7 E-Mail:&nbsp;<a href=\"mailto:DiplomaShops247@gmail.com\" target=\"_blank\" rel=\"noreferrer noopener\">DiplomaShops247@gmail.com<\/a><\/p>","protected":false},"excerpt":{"rendered":"<p>Frequently Asked Questions \u2013 Buy Diploma Service Find answers to the most common questions about our diploma services. Whether you&#8217;re [&hellip;]<\/p>\n","protected":false},"author":1,"featured_media":0,"parent":0,"menu_order":0,"comment_status":"closed","ping_status":"closed","template":"","meta":{"site-sidebar-layout":"default","site-content-layout":"","ast-site-content-layout":"default","site-content-style":"default","site-sidebar-style":"default","ast-global-header-display":"","ast-banner-title-visibility":"","ast-main-header-display":"","ast-hfb-above-header-display":"","ast-hfb-below-header-display":"","ast-hfb-mobile-header-display":"","site-post-title":"","ast-breadcrumbs-content":"","ast-featured-img":"","footer-sml-layout":"","ast-disable-related-posts":"","theme-transparent-header-meta":"","adv-header-id-meta":"","stick-header-meta":"","header-above-stick-meta":"","header-main-stick-meta":"","header-below-stick-meta":"","astra-migrate-meta-layouts":"default","ast-page-background-enabled":"default","ast-page-background-meta":{"desktop":{"background-color":"var(--ast-global-color-5)","background-image":"","background-repeat":"repeat","background-position":"center center","background-size":"auto","background-attachment":"scroll","background-type":"","background-media":"","overlay-type":"","overlay-color":"","overlay-opacity":"","overlay-gradient":""},"tablet":{"background-color":"","background-image":"","background-repeat":"repeat","background-position":"center center","background-size":"auto","background-attachment":"scroll","background-type":"","background-media":"","overlay-type":"","overlay-color":"","overlay-opacity":"","overlay-gradient":""},"mobile":{"background-color":"","background-image":"","background-repeat":"repeat","background-position":"center center","background-size":"auto","background-attachment":"scroll","background-type":"","background-media":"","overlay-type":"","overlay-color":"","overlay-opacity":"","overlay-gradient":""}},"ast-content-background-meta":{"desktop":{"background-color":"var(--ast-global-color-4)","background-image":"","background-repeat":"repeat","background-position":"center center","background-size":"auto","background-attachment":"scroll","background-type":"","background-media":"","overlay-type":"","overlay-color":"","overlay-opacity":"","overlay-gradient":""},"tablet":{"background-color":"var(--ast-global-color-4)","background-image":"","background-repeat":"repeat","background-position":"center center","background-size":"auto","background-attachment":"scroll","background-type":"","background-media":"","overlay-type":"","overlay-color":"","overlay-opacity":"","overlay-gradient":""},"mobile":{"background-color":"var(--ast-global-color-4)","background-image":"","background-repeat":"repeat","background-position":"center center","background-size":"auto","background-attachment":"scroll","background-type":"","background-media":"","overlay-type":"","overlay-color":"","overlay-opacity":"","overlay-gradient":""}},"footnotes":""},"class_list":["post-27","page","type-page","status-publish","hentry"],"yoast_head":"<!-- This site is optimized with the Yoast SEO plugin v27.5 - https:\/\/yoast.com\/product\/yoast-seo-wordpress\/ -->\n<title>FAQ - DiplomaShops.com - Buy Diploma Online | Fast &amp; Secure Service<\/title>\n<meta name=\"description\" content=\"FAQ about buying diplomas online. Learn about ordering, shipping, authenticity, and legal considerations. Get answers fast!\" \/>\n<meta name=\"robots\" content=\"index, follow, max-snippet:-1, max-image-preview:large, max-video-preview:-1\" \/>\n<link rel=\"canonical\" href=\"https:\/\/diplomashops.com\/de\/faq\/\" \/>\n<meta property=\"og:locale\" content=\"de_DE\" \/>\n<meta property=\"og:type\" content=\"article\" \/>\n<meta property=\"og:title\" content=\"FAQ - DiplomaShops.com - Buy Diploma Online | Fast &amp; Secure Service\" \/>\n<meta property=\"og:description\" content=\"FAQ about buying diplomas online. Learn about ordering, shipping, authenticity, and legal considerations. Get answers fast!\" \/>\n<meta property=\"og:url\" content=\"https:\/\/diplomashops.com\/de\/faq\/\" \/>\n<meta property=\"og:site_name\" content=\"DiplomaShops.com - Buy Diploma Online | Fast &amp; Secure Service\" \/>\n<meta property=\"article:modified_time\" content=\"2026-03-14T16:07:08+00:00\" \/>\n<meta property=\"og:image\" content=\"https:\/\/diplomashops.com\/wp-content\/uploads\/2026\/03\/buy-diploma-degree-certificate-online.webp\" \/>\n\t<meta property=\"og:image:width\" content=\"300\" \/>\n\t<meta property=\"og:image:height\" content=\"216\" \/>\n\t<meta property=\"og:image:type\" content=\"image\/webp\" \/>\n<meta name=\"twitter:card\" content=\"summary_large_image\" \/>\n<meta name=\"twitter:label1\" content=\"Gesch\u00e4tzte Lesezeit\" \/>\n\t<meta name=\"twitter:data1\" content=\"5\u00a0Minuten\" \/>\n<script type=\"application\/ld+json\" class=\"yoast-schema-graph\">{\"@context\":\"https:\\\/\\\/schema.org\",\"@graph\":[{\"@type\":\"WebPage\",\"@id\":\"https:\\\/\\\/diplomashops.com\\\/faq\\\/\",\"url\":\"https:\\\/\\\/diplomashops.com\\\/faq\\\/\",\"name\":\"FAQ - DiplomaShops.com - Buy Diploma Online | Fast &amp; Secure Service\",\"isPartOf\":{\"@id\":\"https:\\\/\\\/diplomashops.com\\\/#website\"},\"primaryImageOfPage\":{\"@id\":\"https:\\\/\\\/diplomashops.com\\\/faq\\\/#primaryimage\"},\"image\":{\"@id\":\"https:\\\/\\\/diplomashops.com\\\/faq\\\/#primaryimage\"},\"thumbnailUrl\":\"https:\\\/\\\/diplomashops.com\\\/wp-content\\\/uploads\\\/2026\\\/03\\\/buy-diploma-degree-certificate-online.webp\",\"datePublished\":\"2026-03-14T15:37:23+00:00\",\"dateModified\":\"2026-03-14T16:07:08+00:00\",\"description\":\"FAQ about buying diplomas online. Learn about ordering, shipping, authenticity, and legal considerations. Get answers fast!\",\"breadcrumb\":{\"@id\":\"https:\\\/\\\/diplomashops.com\\\/faq\\\/#breadcrumb\"},\"inLanguage\":\"de\",\"potentialAction\":[{\"@type\":\"ReadAction\",\"target\":[\"https:\\\/\\\/diplomashops.com\\\/faq\\\/\"]}]},{\"@type\":\"ImageObject\",\"inLanguage\":\"de\",\"@id\":\"https:\\\/\\\/diplomashops.com\\\/faq\\\/#primaryimage\",\"url\":\"https:\\\/\\\/diplomashops.com\\\/wp-content\\\/uploads\\\/2026\\\/03\\\/buy-diploma-degree-certificate-online.webp\",\"contentUrl\":\"https:\\\/\\\/diplomashops.com\\\/wp-content\\\/uploads\\\/2026\\\/03\\\/buy-diploma-degree-certificate-online.webp\"},{\"@type\":\"BreadcrumbList\",\"@id\":\"https:\\\/\\\/diplomashops.com\\\/faq\\\/#breadcrumb\",\"itemListElement\":[{\"@type\":\"ListItem\",\"position\":1,\"name\":\"Home\",\"item\":\"https:\\\/\\\/diplomashops.com\\\/\"},{\"@type\":\"ListItem\",\"position\":2,\"name\":\"FAQ\"}]},{\"@type\":\"WebSite\",\"@id\":\"https:\\\/\\\/diplomashops.com\\\/#website\",\"url\":\"https:\\\/\\\/diplomashops.com\\\/\",\"name\":\"DiplomaShops.com - Buy Diploma Online | Fast &amp; Secure Service\",\"description\":\"Buy a Diploma online Delivered Worldwide - Order Your Certificate Today\",\"potentialAction\":[{\"@type\":\"SearchAction\",\"target\":{\"@type\":\"EntryPoint\",\"urlTemplate\":\"https:\\\/\\\/diplomashops.com\\\/?s={search_term_string}\"},\"query-input\":{\"@type\":\"PropertyValueSpecification\",\"valueRequired\":true,\"valueName\":\"search_term_string\"}}],\"inLanguage\":\"de\"}]}<\/script>\n<!-- \/ Yoast SEO plugin. -->","yoast_head_json":{"title":"FAQ - DiplomaShops.de - Diplom online kaufen | Schneller &amp; sicherer Service","description":"FAQ zum Online-Kauf von Diplomen. Erfahren Sie mehr \u00fcber Bestellung, Versand, Echtheit und rechtliche Aspekte. Erhalten Sie schnell Antworten!","robots":{"index":"index","follow":"follow","max-snippet":"max-snippet:-1","max-image-preview":"max-image-preview:large","max-video-preview":"max-video-preview:-1"},"canonical":"https:\/\/diplomashops.com\/de\/faq\/","og_locale":"de_DE","og_type":"article","og_title":"FAQ - DiplomaShops.com - Buy Diploma Online | Fast &amp; Secure Service","og_description":"FAQ about buying diplomas online. Learn about ordering, shipping, authenticity, and legal considerations. Get answers fast!","og_url":"https:\/\/diplomashops.com\/de\/faq\/","og_site_name":"DiplomaShops.com - Buy Diploma Online | Fast &amp; Secure Service","article_modified_time":"2026-03-14T16:07:08+00:00","og_image":[{"width":300,"height":216,"url":"https:\/\/diplomashops.com\/wp-content\/uploads\/2026\/03\/buy-diploma-degree-certificate-online.webp","type":"image\/webp"}],"twitter_card":"summary_large_image","twitter_misc":{"Gesch\u00e4tzte Lesezeit":"5\u00a0Minuten"},"schema":{"@context":"https:\/\/schema.org","@graph":[{"@type":"WebPage","@id":"https:\/\/diplomashops.com\/faq\/","url":"https:\/\/diplomashops.com\/faq\/","name":"FAQ - DiplomaShops.de - Diplom online kaufen | Schneller &amp; sicherer Service","isPartOf":{"@id":"https:\/\/diplomashops.com\/#website"},"primaryImageOfPage":{"@id":"https:\/\/diplomashops.com\/faq\/#primaryimage"},"image":{"@id":"https:\/\/diplomashops.com\/faq\/#primaryimage"},"thumbnailUrl":"https:\/\/diplomashops.com\/wp-content\/uploads\/2026\/03\/buy-diploma-degree-certificate-online.webp","datePublished":"2026-03-14T15:37:23+00:00","dateModified":"2026-03-14T16:07:08+00:00","description":"FAQ zum Online-Kauf von Diplomen. Erfahren Sie mehr \u00fcber Bestellung, Versand, Echtheit und rechtliche Aspekte. Erhalten Sie schnell Antworten!","breadcrumb":{"@id":"https:\/\/diplomashops.com\/faq\/#breadcrumb"},"inLanguage":"de","potentialAction":[{"@type":"ReadAction","target":["https:\/\/diplomashops.com\/faq\/"]}]},{"@type":"ImageObject","inLanguage":"de","@id":"https:\/\/diplomashops.com\/faq\/#primaryimage","url":"https:\/\/diplomashops.com\/wp-content\/uploads\/2026\/03\/buy-diploma-degree-certificate-online.webp","contentUrl":"https:\/\/diplomashops.com\/wp-content\/uploads\/2026\/03\/buy-diploma-degree-certificate-online.webp"},{"@type":"BreadcrumbList","@id":"https:\/\/diplomashops.com\/faq\/#breadcrumb","itemListElement":[{"@type":"ListItem","position":1,"name":"Home","item":"https:\/\/diplomashops.com\/"},{"@type":"ListItem","position":2,"name":"FAQ"}]},{"@type":"WebSite","@id":"https:\/\/diplomashops.com\/#website","url":"https:\/\/diplomashops.com\/","name":"DiplomaShops.com - Diplom online kaufen | Schneller &amp; sicherer Service","description":"Ein Diplom online kaufen und weltweit liefern lassen - Bestellen Sie Ihr Zertifikat noch heute","potentialAction":[{"@type":"SearchAction","target":{"@type":"EntryPoint","urlTemplate":"https:\/\/diplomashops.com\/?s={search_term_string}"},"query-input":{"@type":"PropertyValueSpecification","valueRequired":true,"valueName":"search_term_string"}}],"inLanguage":"de"}]}},"_links":{"self":[{"href":"https:\/\/diplomashops.com\/de\/wp-json\/wp\/v2\/pages\/27","targetHints":{"allow":["GET"]}}],"collection":[{"href":"https:\/\/diplomashops.com\/de\/wp-json\/wp\/v2\/pages"}],"about":[{"href":"https:\/\/diplomashops.com\/de\/wp-json\/wp\/v2\/types\/page"}],"author":[{"embeddable":true,"href":"https:\/\/diplomashops.com\/de\/wp-json\/wp\/v2\/users\/1"}],"replies":[{"embeddable":true,"href":"https:\/\/diplomashops.com\/de\/wp-json\/wp\/v2\/comments?post=27"}],"version-history":[{"count":5,"href":"https:\/\/diplomashops.com\/de\/wp-json\/wp\/v2\/pages\/27\/revisions"}],"predecessor-version":[{"id":96,"href":"https:\/\/diplomashops.com\/de\/wp-json\/wp\/v2\/pages\/27\/revisions\/96"}],"wp:attachment":[{"href":"https:\/\/diplomashops.com\/de\/wp-json\/wp\/v2\/media?parent=27"}],"curies":[{"name":"wp","href":"https:\/\/api.w.org\/{rel}","templated":true}]}}