{"id":6,"date":"2026-03-12T21:48:39","date_gmt":"2026-03-12T21:48:39","guid":{"rendered":"https:\/\/diplomashops.com\/?page_id=6"},"modified":"2026-03-14T16:05:39","modified_gmt":"2026-03-14T16:05:39","slug":"buy-diploma","status":"publish","type":"page","link":"https:\/\/diplomashops.com\/de\/","title":{"rendered":"Diplom kaufen"},"content":{"rendered":"<h2 class=\"wp-block-heading\">Suchen Sie weitere Informationen \u00fcber ein Diplom, einen Abschluss oder ein Zertifikat?<\/h2>\n\n\n\n<p>M\u00f6chten Sie schnell und sicher ein Diplom online kaufen? Egal, ob Sie ein Highschool-Diplom, einen Universit\u00e4tsabschluss oder ein Berufszertifikat ben\u00f6tigen, DiplomaShops.com bietet seri\u00f6se Diplomdienste mit weltweiter Lieferung. Erhalten Sie schnell Ihr authentisch aussehendes Diplom - perfekt f\u00fcr Bewerbungen, Einwanderung oder pers\u00f6nliche Unterlagen. Unser diskreter Service garantiert Privatsph\u00e4re und Qualit\u00e4t, der Sie vertrauen k\u00f6nnen.<\/p>\n\n\n\n<figure class=\"wp-block-image size-full\"><img loading=\"lazy\" decoding=\"async\" width=\"300\" height=\"211\" src=\"https:\/\/diplomashops.com\/wp-content\/uploads\/2026\/03\/buy-diploma.webp\" alt=\"Diplom kaufen\" class=\"wp-image-88\" srcset=\"https:\/\/diplomashops.com\/wp-content\/uploads\/2026\/03\/buy-diploma.webp 300w, https:\/\/diplomashops.com\/wp-content\/uploads\/2026\/03\/buy-diploma-18x12.webp 18w\" sizes=\"auto, (max-width: 300px) 100vw, 300px\" \/><\/figure>\n\n\n\n<h3 class=\"wp-block-heading\">Warum sollten Sie sich f\u00fcr unsere Diplomdienstleistungen entscheiden?<\/h3>\n\n\n\n<h4 class=\"wp-block-heading\">Authentisch aussehende Diplome<\/h4>\n\n\n\n<p>Wenn Sie bei uns ein Universit\u00e4tsdiplom oder ein akademisches Zeugnis kaufen, erhalten Sie eine hochwertige Reproduktion, die den offiziellen Dokumenten entspricht. Unsere erfahrenen Designer verwenden erstklassige Materialien und eine genaue Formatierung, um Zeugnisse zu erstellen, die professionellen Standards entsprechen.<\/p>\n\n\n\n<h4 class=\"wp-block-heading\">Schnelle Bearbeitung &amp; weltweiter Versand<\/h4>\n\n\n\n<p>Sie brauchen Ihr Diplom dringend? Wir bieten eine beschleunigte Bearbeitung an. Die meisten Bestellungen werden innerhalb von 24-48 Stunden bearbeitet. Unser globales Versandnetzwerk liefert in \u00fcber 20 L\u00e4nder, darunter die USA, das Vereinigte K\u00f6nigreich, Kanada, Deutschland, die Niederlande, Frankreich, Australien und viele mehr - mit Sendungsverfolgung f\u00fcr Ihren Seelenfrieden.<\/p>\n\n\n\n<h4 class=\"wp-block-heading\">Vollst\u00e4ndiger Datenschutz garantiert<\/h4>\n\n\n\n<p>Alle Dokumente werden in einfachen, nicht gekennzeichneten Verpackungen versandt. Wir geben Ihre pers\u00f6nlichen Informationen oder Bestelldaten niemals an Dritte weiter. Ihre Vertraulichkeit hat f\u00fcr uns oberste Priorit\u00e4t, wenn Sie sich f\u00fcr den Online-Kauf von Diplomdienstleistungen entscheiden.<\/p>\n\n\n\n<h4 class=\"wp-block-heading\">Mehrsprachige Kundenbetreuung<\/h4>\n\n\n\n<p>Unser Team spricht mehr als 20 Sprachen, so dass die Kommunikation leicht f\u00e4llt, egal ob Sie sich in Europa, Nordamerika oder anderswo befinden. Wenden Sie sich jederzeit an uns, wenn Sie Hilfe bei Ihrer Diplom-Bestellung ben\u00f6tigen.<\/p>\n\n\n\n<figure class=\"wp-block-image size-full\"><img loading=\"lazy\" decoding=\"async\" width=\"300\" height=\"216\" src=\"https:\/\/diplomashops.com\/wp-content\/uploads\/2026\/03\/buy-diploma-degree-certificate-online.webp\" alt=\"Diplome und Zeugnisse online kaufen\" class=\"wp-image-87\" srcset=\"https:\/\/diplomashops.com\/wp-content\/uploads\/2026\/03\/buy-diploma-degree-certificate-online.webp 300w, https:\/\/diplomashops.com\/wp-content\/uploads\/2026\/03\/buy-diploma-degree-certificate-online-18x12.webp 18w\" sizes=\"auto, (max-width: 300px) 100vw, 300px\" \/><\/figure>\n\n\n\n<hr class=\"wp-block-separator has-alpha-channel-opacity\"\/>\n\n\n\n<h3 class=\"wp-block-heading\">Beliebte Diplomtypen, die wir anbieten<\/h3>\n\n\n\n<h4 class=\"wp-block-heading\">Highschool-Diplome<\/h4>\n\n\n\n<p>Haben Sie Ihr Original-Schulabschlusszeugnis verloren? Ben\u00f6tigen Sie einen Ersatz f\u00fcr Bewerbungen? Wir erstellen exakte Reproduktionen, die den offiziellen Formaten von Schulen in den USA, Gro\u00dfbritannien, Kanada und Europa entsprechen.<\/p>\n\n\n\n<h4 class=\"wp-block-heading\">Bachelor- und Master-Abschl\u00fcsse<\/h4>\n\n\n\n<p>Kaufen Sie ein Bachelor-Diplom oder ein Zertifikat f\u00fcr einen h\u00f6heren Abschluss mit Vertrauen. Unsere Universit\u00e4tsdiplome sind so gestaltet, dass sie echte akademische Zeugnisse von anerkannten Institutionen weltweit widerspiegeln.<\/p>\n\n\n\n<h4 class=\"wp-block-heading\">Berufliche Bescheinigungen<\/h4>\n\n\n\n<p>Von IT-Zertifizierungen bis hin zu Zeugnissen f\u00fcr das Gesundheitswesen bieten wir professionelle Abschl\u00fcsse f\u00fcr verschiedene Branchen. Perfekt f\u00fcr den beruflichen Aufstieg oder zur Erf\u00fcllung von Zulassungsanforderungen.<\/p>\n\n\n\n<h4 class=\"wp-block-heading\">Individuelle Gestaltung des Diploms<\/h4>\n\n\n\n<p>Sie brauchen etwas Spezielles? Unser individueller Design-Service erm\u00f6glicht es Ihnen, einzigartige Diplome zu erstellen, die genau auf Ihre Anforderungen zugeschnitten sind - ideal f\u00fcr Unternehmen, Organisationen oder besondere Anl\u00e4sse.<\/p>\n\n\n\n<figure class=\"wp-block-image size-full\"><img loading=\"lazy\" decoding=\"async\" width=\"300\" height=\"212\" src=\"https:\/\/diplomashops.com\/wp-content\/uploads\/2026\/03\/Buy-a-university-master-bachelor-diploma-online.webp\" alt=\"Ein Universit\u00e4ts-Master-Bachelor-Diplom online kaufen\" class=\"wp-image-86\" srcset=\"https:\/\/diplomashops.com\/wp-content\/uploads\/2026\/03\/Buy-a-university-master-bachelor-diploma-online.webp 300w, https:\/\/diplomashops.com\/wp-content\/uploads\/2026\/03\/Buy-a-university-master-bachelor-diploma-online-18x12.webp 18w\" sizes=\"auto, (max-width: 300px) 100vw, 300px\" \/><\/figure>\n\n\n\n<hr class=\"wp-block-separator has-alpha-channel-opacity\"\/>\n\n\n\n<h3 class=\"wp-block-heading\">Wie Sie Ihr Diplom kaufen - ein einfacher 4-Schritte-Prozess<\/h3>\n\n\n\n<h4 class=\"wp-block-heading\">Schritt 1: W\u00e4hlen Sie Ihren Diplomtyp<\/h4>\n\n\n\n<p>St\u00f6bern Sie in unserer Sammlung von akademischen und beruflichen Abschl\u00fcssen. W\u00e4hlen Sie aus vorgefertigten Vorlagen oder entscheiden Sie sich f\u00fcr unseren individuellen Design-Service, um Ihre Zeugnisse zu gestalten.<\/p>\n\n\n\n<h4 class=\"wp-block-heading\">Schritt 2: Geben Sie Ihre Daten an<\/h4>\n\n\n\n<p>Geben Sie alle erforderlichen Informationen ein, einschlie\u00dflich Ihres Namens, des Abschlussdatums, des Namens der Einrichtung, des Titels des Abschlusses und anderer relevanter Details zur Personalisierung.<\/p>\n\n\n\n<h4 class=\"wp-block-heading\">Schritt 3: Sichere Zahlungsabwicklung<\/h4>\n\n\n\n<p>Schlie\u00dfen Sie Ihre Bestellung mit unserem sicheren Zahlungssystem ab. Wir akzeptieren die wichtigsten Kreditkarten, PayPal und Bank\u00fcberweisungen. Alle Transaktionen sind f\u00fcr maximale Sicherheit verschl\u00fcsselt.<\/p>\n\n\n\n<h4 class=\"wp-block-heading\">Schritt 4: Schnelle Lieferung zu Ihrer T\u00fcr<\/h4>\n\n\n\n<p>Nach der Bearbeitung wird Ihr Diplom innerhalb von 24 Stunden per Paketdienst verschickt. Die meisten Kunden erhalten ihre Dokumente innerhalb von 5-10 Werktagen \u00fcberall auf der Welt.<\/p>\n\n\n\n<hr class=\"wp-block-separator has-alpha-channel-opacity\"\/>\n\n\n\n<h3 class=\"wp-block-heading\">H\u00e4ufig gestellte Fragen zum Kauf von Diplomen<\/h3>\n\n\n\n<h4 class=\"wp-block-heading\">Ist es sicher, Diplome online zu kaufen?<\/h4>\n\n\n\n<p>Ja, wenn Sie einen seri\u00f6sen Anbieter wie DiplomaShops.com w\u00e4hlen. Wir priorisieren die Sicherheit unserer Kunden mit verschl\u00fcsselten Zahlungen, privatem Versand und strengen Vertraulichkeitsrichtlinien.<\/p>\n\n\n\n<h4 class=\"wp-block-heading\">Kann ich dies f\u00fcr eine Besch\u00e4ftigung verwenden?<\/h4>\n\n\n\n<p>Viele Arbeitgeber akzeptieren Kopien von Zeugnissen zu Referenzzwecken. Erkundigen Sie sich jedoch immer bei Ihrem Arbeitgeber, welche Anforderungen er an die \u00dcberpr\u00fcfung von Dokumenten stellt, bevor Sie Zeugnisse einreichen.<\/p>\n\n\n\n<h4 class=\"wp-block-heading\">Was ist, wenn ich mein Diplom dringend ben\u00f6tige?<\/h4>\n\n\n\n<p>F\u00fcr dringende Auftr\u00e4ge bieten wir eine Eilbearbeitung an, die noch am selben Tag abgeschlossen werden kann. Kontaktieren Sie uns f\u00fcr Eilservice-Optionen.<\/p>\n\n\n\n<h4 class=\"wp-block-heading\">Bieten Sie digitale PDF-Versionen an?<\/h4>\n\n\n\n<p>Aber sicher! Neben den physischen Diplomen bieten wir auch hochaufl\u00f6sende digitale Kopien an, die sich perfekt f\u00fcr die Online-\u00dcbermittlung oder die Weiterleitung per E-Mail eignen.<\/p>\n\n\n\n<hr class=\"wp-block-separator has-alpha-channel-opacity\"\/>\n\n\n\n<h3 class=\"wp-block-heading\">Sind Sie bereit, Ihr Diplom heute zu kaufen?<\/h3>\n\n\n\n<p>Lassen Sie sich nicht von fehlenden Dokumenten aufhalten. Egal, ob Sie ein Diplom f\u00fcr Bewerbungen kaufen, ein verlorenes Zeugnis ersetzen oder schnell akademische Bescheinigungen erhalten m\u00f6chten, DiplomaShops.com hat alles f\u00fcr Sie. Klicken Sie auf <a href=\"https:\/\/diplomashops.com\/de\/kontakt\/\">Kontakt<\/a> und schreiben Sie uns. <\/p>\n\n\n\n<p>Bestellen Sie jetzt f\u00fcr einen schnellen, diskreten Service mit weltweiter Lieferung.<\/p>\n\n\n\n<p>\ud83d\udce7 Mailen Sie uns:&nbsp;<a href=\"mailto:DiplomaShops247@gmail.com\" rel=\"noreferrer noopener\" target=\"_blank\">DiplomaShops247@gmail.com<\/a><br>\ud83c\udf10 Besuchen Sie unser sicheres Bestellportal<br>\ud83d\ude9a Weltweiter Versand mit Sendungsverfolgung<\/p>\n\n\n\n<figure class=\"wp-block-image size-full is-resized\"><img loading=\"lazy\" decoding=\"async\" width=\"1024\" height=\"724\" src=\"https:\/\/diplomashops.com\/wp-content\/uploads\/2026\/03\/Buy-replacement-diploma-online.jpg\" alt=\"Ersatzdiplom online kaufen\" class=\"wp-image-89\" style=\"width:381px;height:auto\" srcset=\"https:\/\/diplomashops.com\/wp-content\/uploads\/2026\/03\/Buy-replacement-diploma-online.jpg 1024w, https:\/\/diplomashops.com\/wp-content\/uploads\/2026\/03\/Buy-replacement-diploma-online-300x212.jpg 300w, https:\/\/diplomashops.com\/wp-content\/uploads\/2026\/03\/Buy-replacement-diploma-online-768x543.jpg 768w, https:\/\/diplomashops.com\/wp-content\/uploads\/2026\/03\/Buy-replacement-diploma-online-18x12.jpg 18w\" sizes=\"auto, (max-width: 1024px) 100vw, 1024px\" \/><\/figure>","protected":false},"excerpt":{"rendered":"<p>Are you searching more information about a diploma, degree or certificate? Looking to&nbsp;buy a diploma online&nbsp;quickly and securely? Whether you [&hellip;]<\/p>\n","protected":false},"author":1,"featured_media":0,"parent":0,"menu_order":0,"comment_status":"closed","ping_status":"closed","template":"","meta":{"site-sidebar-layout":"default","site-content-layout":"","ast-site-content-layout":"default","site-content-style":"default","site-sidebar-style":"default","ast-global-header-display":"","ast-banner-title-visibility":"","ast-main-header-display":"","ast-hfb-above-header-display":"","ast-hfb-below-header-display":"","ast-hfb-mobile-header-display":"","site-post-title":"","ast-breadcrumbs-content":"","ast-featured-img":"","footer-sml-layout":"","ast-disable-related-posts":"","theme-transparent-header-meta":"","adv-header-id-meta":"","stick-header-meta":"","header-above-stick-meta":"","header-main-stick-meta":"","header-below-stick-meta":"","astra-migrate-meta-layouts":"default","ast-page-background-enabled":"default","ast-page-background-meta":{"desktop":{"background-color":"var(--ast-global-color-5)","background-image":"","background-repeat":"repeat","background-position":"center center","background-size":"auto","background-attachment":"scroll","background-type":"","background-media":"","overlay-type":"","overlay-color":"","overlay-opacity":"","overlay-gradient":""},"tablet":{"background-color":"","background-image":"","background-repeat":"repeat","background-position":"center center","background-size":"auto","background-attachment":"scroll","background-type":"","background-media":"","overlay-type":"","overlay-color":"","overlay-opacity":"","overlay-gradient":""},"mobile":{"background-color":"","background-image":"","background-repeat":"repeat","background-position":"center center","background-size":"auto","background-attachment":"scroll","background-type":"","background-media":"","overlay-type":"","overlay-color":"","overlay-opacity":"","overlay-gradient":""}},"ast-content-background-meta":{"desktop":{"background-color":"var(--ast-global-color-4)","background-image":"","background-repeat":"repeat","background-position":"center center","background-size":"auto","background-attachment":"scroll","background-type":"","background-media":"","overlay-type":"","overlay-color":"","overlay-opacity":"","overlay-gradient":""},"tablet":{"background-color":"var(--ast-global-color-4)","background-image":"","background-repeat":"repeat","background-position":"center center","background-size":"auto","background-attachment":"scroll","background-type":"","background-media":"","overlay-type":"","overlay-color":"","overlay-opacity":"","overlay-gradient":""},"mobile":{"background-color":"var(--ast-global-color-4)","background-image":"","background-repeat":"repeat","background-position":"center center","background-size":"auto","background-attachment":"scroll","background-type":"","background-media":"","overlay-type":"","overlay-color":"","overlay-opacity":"","overlay-gradient":""}},"footnotes":""},"class_list":["post-6","page","type-page","status-publish","hentry"],"yoast_head":"<!-- This site is optimized with the Yoast SEO plugin v27.5 - https:\/\/yoast.com\/product\/yoast-seo-wordpress\/ -->\n<title>Buy Diploma - DiplomaShops.com - Buy Diploma Online | Fast &amp; Secure Service<\/title>\n<meta name=\"description\" content=\"Buy diploma online fast &amp; securely. Get authentic high school, university &amp; professional diplomas delivered worldwide.\" \/>\n<meta name=\"robots\" content=\"index, follow, max-snippet:-1, max-image-preview:large, max-video-preview:-1\" \/>\n<link rel=\"canonical\" href=\"https:\/\/diplomashops.com\/de\/\" \/>\n<meta property=\"og:locale\" content=\"de_DE\" \/>\n<meta property=\"og:type\" content=\"article\" \/>\n<meta property=\"og:title\" content=\"Buy Diploma - DiplomaShops.com - Buy Diploma Online | Fast &amp; Secure Service\" \/>\n<meta property=\"og:description\" content=\"Buy diploma online fast &amp; securely. Get authentic high school, university &amp; professional diplomas delivered worldwide.\" \/>\n<meta property=\"og:url\" content=\"https:\/\/diplomashops.com\/de\/\" \/>\n<meta property=\"og:site_name\" content=\"DiplomaShops.com - Buy Diploma Online | Fast &amp; Secure Service\" \/>\n<meta property=\"article:modified_time\" content=\"2026-03-14T16:05:39+00:00\" \/>\n<meta property=\"og:image\" content=\"https:\/\/diplomashops.com\/wp-content\/uploads\/2026\/03\/buy-diploma.webp\" \/>\n\t<meta property=\"og:image:width\" content=\"300\" \/>\n\t<meta property=\"og:image:height\" content=\"211\" \/>\n\t<meta property=\"og:image:type\" content=\"image\/webp\" \/>\n<meta name=\"twitter:card\" content=\"summary_large_image\" \/>\n<meta name=\"twitter:label1\" content=\"Gesch\u00e4tzte Lesezeit\" \/>\n\t<meta name=\"twitter:data1\" content=\"4\u00a0Minuten\" \/>\n<script type=\"application\/ld+json\" class=\"yoast-schema-graph\">{\"@context\":\"https:\\\/\\\/schema.org\",\"@graph\":[{\"@type\":\"WebPage\",\"@id\":\"https:\\\/\\\/diplomashops.com\\\/\",\"url\":\"https:\\\/\\\/diplomashops.com\\\/\",\"name\":\"Buy Diploma - DiplomaShops.com - Buy Diploma Online | Fast &amp; Secure Service\",\"isPartOf\":{\"@id\":\"https:\\\/\\\/diplomashops.com\\\/#website\"},\"primaryImageOfPage\":{\"@id\":\"https:\\\/\\\/diplomashops.com\\\/#primaryimage\"},\"image\":{\"@id\":\"https:\\\/\\\/diplomashops.com\\\/#primaryimage\"},\"thumbnailUrl\":\"https:\\\/\\\/diplomashops.com\\\/wp-content\\\/uploads\\\/2026\\\/03\\\/buy-diploma.webp\",\"datePublished\":\"2026-03-12T21:48:39+00:00\",\"dateModified\":\"2026-03-14T16:05:39+00:00\",\"description\":\"Buy diploma online fast & securely. Get authentic high school, university & professional diplomas delivered worldwide.\",\"breadcrumb\":{\"@id\":\"https:\\\/\\\/diplomashops.com\\\/#breadcrumb\"},\"inLanguage\":\"de\",\"potentialAction\":[{\"@type\":\"ReadAction\",\"target\":[\"https:\\\/\\\/diplomashops.com\\\/\"]}]},{\"@type\":\"ImageObject\",\"inLanguage\":\"de\",\"@id\":\"https:\\\/\\\/diplomashops.com\\\/#primaryimage\",\"url\":\"https:\\\/\\\/diplomashops.com\\\/wp-content\\\/uploads\\\/2026\\\/03\\\/buy-diploma.webp\",\"contentUrl\":\"https:\\\/\\\/diplomashops.com\\\/wp-content\\\/uploads\\\/2026\\\/03\\\/buy-diploma.webp\"},{\"@type\":\"BreadcrumbList\",\"@id\":\"https:\\\/\\\/diplomashops.com\\\/#breadcrumb\",\"itemListElement\":[{\"@type\":\"ListItem\",\"position\":1,\"name\":\"Home\",\"item\":\"https:\\\/\\\/diplomashops.com\\\/\"},{\"@type\":\"ListItem\",\"position\":2,\"name\":\"Buy Diploma\"}]},{\"@type\":\"WebSite\",\"@id\":\"https:\\\/\\\/diplomashops.com\\\/#website\",\"url\":\"https:\\\/\\\/diplomashops.com\\\/\",\"name\":\"DiplomaShops.com - Buy Diploma Online | Fast &amp; Secure Service\",\"description\":\"Buy a Diploma online Delivered Worldwide - Order Your Certificate Today\",\"potentialAction\":[{\"@type\":\"SearchAction\",\"target\":{\"@type\":\"EntryPoint\",\"urlTemplate\":\"https:\\\/\\\/diplomashops.com\\\/?s={search_term_string}\"},\"query-input\":{\"@type\":\"PropertyValueSpecification\",\"valueRequired\":true,\"valueName\":\"search_term_string\"}}],\"inLanguage\":\"de\"}]}<\/script>\n<!-- \/ Yoast SEO plugin. -->","yoast_head_json":{"title":"Diplom kaufen - DiplomaShops.com - Diplom online kaufen | Schneller &amp; sicherer Service","description":"Diplome schnell und sicher online kaufen. Lassen Sie sich authentische Schul-, Universit\u00e4ts- und Berufsabschl\u00fcsse weltweit liefern.","robots":{"index":"index","follow":"follow","max-snippet":"max-snippet:-1","max-image-preview":"max-image-preview:large","max-video-preview":"max-video-preview:-1"},"canonical":"https:\/\/diplomashops.com\/de\/","og_locale":"de_DE","og_type":"article","og_title":"Buy Diploma - DiplomaShops.com - Buy Diploma Online | Fast &amp; Secure Service","og_description":"Buy diploma online fast & securely. Get authentic high school, university & professional diplomas delivered worldwide.","og_url":"https:\/\/diplomashops.com\/de\/","og_site_name":"DiplomaShops.com - Buy Diploma Online | Fast &amp; Secure Service","article_modified_time":"2026-03-14T16:05:39+00:00","og_image":[{"width":300,"height":211,"url":"https:\/\/diplomashops.com\/wp-content\/uploads\/2026\/03\/buy-diploma.webp","type":"image\/webp"}],"twitter_card":"summary_large_image","twitter_misc":{"Gesch\u00e4tzte Lesezeit":"4\u00a0Minuten"},"schema":{"@context":"https:\/\/schema.org","@graph":[{"@type":"WebPage","@id":"https:\/\/diplomashops.com\/","url":"https:\/\/diplomashops.com\/","name":"Diplom kaufen - DiplomaShops.com - Diplom online kaufen | Schneller &amp; sicherer Service","isPartOf":{"@id":"https:\/\/diplomashops.com\/#website"},"primaryImageOfPage":{"@id":"https:\/\/diplomashops.com\/#primaryimage"},"image":{"@id":"https:\/\/diplomashops.com\/#primaryimage"},"thumbnailUrl":"https:\/\/diplomashops.com\/wp-content\/uploads\/2026\/03\/buy-diploma.webp","datePublished":"2026-03-12T21:48:39+00:00","dateModified":"2026-03-14T16:05:39+00:00","description":"Diplome schnell und sicher online kaufen. Lassen Sie sich authentische Schul-, Universit\u00e4ts- und Berufsabschl\u00fcsse weltweit liefern.","breadcrumb":{"@id":"https:\/\/diplomashops.com\/#breadcrumb"},"inLanguage":"de","potentialAction":[{"@type":"ReadAction","target":["https:\/\/diplomashops.com\/"]}]},{"@type":"ImageObject","inLanguage":"de","@id":"https:\/\/diplomashops.com\/#primaryimage","url":"https:\/\/diplomashops.com\/wp-content\/uploads\/2026\/03\/buy-diploma.webp","contentUrl":"https:\/\/diplomashops.com\/wp-content\/uploads\/2026\/03\/buy-diploma.webp"},{"@type":"BreadcrumbList","@id":"https:\/\/diplomashops.com\/#breadcrumb","itemListElement":[{"@type":"ListItem","position":1,"name":"Home","item":"https:\/\/diplomashops.com\/"},{"@type":"ListItem","position":2,"name":"Buy Diploma"}]},{"@type":"WebSite","@id":"https:\/\/diplomashops.com\/#website","url":"https:\/\/diplomashops.com\/","name":"DiplomaShops.com - Diplom online kaufen | Schneller &amp; sicherer Service","description":"Ein Diplom online kaufen und weltweit liefern lassen - Bestellen Sie Ihr Zertifikat noch heute","potentialAction":[{"@type":"SearchAction","target":{"@type":"EntryPoint","urlTemplate":"https:\/\/diplomashops.com\/?s={search_term_string}"},"query-input":{"@type":"PropertyValueSpecification","valueRequired":true,"valueName":"search_term_string"}}],"inLanguage":"de"}]}},"_links":{"self":[{"href":"https:\/\/diplomashops.com\/de\/wp-json\/wp\/v2\/pages\/6","targetHints":{"allow":["GET"]}}],"collection":[{"href":"https:\/\/diplomashops.com\/de\/wp-json\/wp\/v2\/pages"}],"about":[{"href":"https:\/\/diplomashops.com\/de\/wp-json\/wp\/v2\/types\/page"}],"author":[{"embeddable":true,"href":"https:\/\/diplomashops.com\/de\/wp-json\/wp\/v2\/users\/1"}],"replies":[{"embeddable":true,"href":"https:\/\/diplomashops.com\/de\/wp-json\/wp\/v2\/comments?post=6"}],"version-history":[{"count":13,"href":"https:\/\/diplomashops.com\/de\/wp-json\/wp\/v2\/pages\/6\/revisions"}],"predecessor-version":[{"id":93,"href":"https:\/\/diplomashops.com\/de\/wp-json\/wp\/v2\/pages\/6\/revisions\/93"}],"wp:attachment":[{"href":"https:\/\/diplomashops.com\/de\/wp-json\/wp\/v2\/media?parent=6"}],"curies":[{"name":"wp","href":"https:\/\/api.w.org\/{rel}","templated":true}]}}