{"id":21,"date":"2026-03-14T15:35:38","date_gmt":"2026-03-14T15:35:38","guid":{"rendered":"https:\/\/diplomashops.com\/?page_id=21"},"modified":"2026-03-14T16:06:33","modified_gmt":"2026-03-14T16:06:33","slug":"pongase-en-contacto-con","status":"publish","type":"page","link":"https:\/\/diplomashops.com\/es\/contact\/","title":{"rendered":"P\u00f3ngase en contacto con"},"content":{"rendered":"<h2 class=\"wp-block-heading\">Contacte con nosotros - Obtenga ayuda para comprar su diploma<\/h2>\n\n\n\n<h3 class=\"wp-block-heading\">M\u00faltiples formas de ponerse en contacto con nosotros<\/h3>\n\n\n\n<h4 class=\"wp-block-heading\">\ud83d\udce7 Asistencia por correo electr\u00f3nico<\/h4>\n\n\n\n<p>Env\u00edenos un mensaje en cualquier momento a&nbsp;<a href=\"mailto:DiplomaShops247@gmail.com\" target=\"_blank\" rel=\"noreferrer noopener\">DiplomaShops247@gmail.com<\/a>. Garantizamos una respuesta en 60 minutos durante nuestro horario laboral.<\/p>\n\n\n\n<h4 class=\"wp-block-heading\">\ud83d\udcac Chat de WhatsApp<\/h4>\n\n\n\n<p>\u00bfPrefiere la mensajer\u00eda instant\u00e1nea? Con\u00e9ctate con nosotros directamente a trav\u00e9s de WhatsApp para obtener asistencia inmediata. Haz clic en el bot\u00f3n WhatsApp de la esquina inferior derecha de tu pantalla o escanea el c\u00f3digo QR que aparece a continuaci\u00f3n.<\/p>\n\n\n\n<h4 class=\"wp-block-heading\">Formulario de contacto<\/h4>\n\n\n\n<p>Utilice nuestro formulario de contacto seguro para enviarnos sus preguntas o dudas. Le responderemos r\u00e1pidamente con soluciones \u00fatiles.<\/p>\n\n\n\n<figure class=\"wp-block-image size-full\"><img loading=\"lazy\" decoding=\"async\" width=\"300\" height=\"211\" src=\"https:\/\/diplomashops.com\/wp-content\/uploads\/2026\/03\/buy-diploma.webp\" alt=\"comprar diploma\" class=\"wp-image-88\" srcset=\"https:\/\/diplomashops.com\/wp-content\/uploads\/2026\/03\/buy-diploma.webp 300w, https:\/\/diplomashops.com\/wp-content\/uploads\/2026\/03\/buy-diploma-18x12.webp 18w\" sizes=\"auto, (max-width: 300px) 100vw, 300px\" \/><\/figure>\n\n\n\n<hr class=\"wp-block-separator has-alpha-channel-opacity\"\/>\n\n\n\n<h3 class=\"wp-block-heading\">Horario comercial y tiempos de respuesta<\/h3>\n\n\n\n<h4 class=\"wp-block-heading\">Tiempo de respuesta est\u00e1ndar: 1 hora<\/h4>\n\n\n\n<p>Estamos orgullosos de nuestra rapidez de comunicaci\u00f3n. En horario laboral, espere una respuesta en 60 minutos o menos.<\/p>\n\n\n\n<h4 class=\"wp-block-heading\">Asistencia ampliada disponible<\/h4>\n\n\n\n<p>\u00bfFuera de horario? Deje su mensaje y le responderemos a primera hora del siguiente d\u00eda laborable.<\/p>\n\n\n\n<h4 class=\"wp-block-heading\">Cobertura de fines de semana y festivos<\/h4>\n\n\n\n<p>No tenemos fines de semana ni festivos. Estamos en l\u00ednea 24\/7.<\/p>\n\n\n\n<hr class=\"wp-block-separator has-alpha-channel-opacity\"\/>\n\n\n\n<h3 class=\"wp-block-heading\">Preguntas frecuentes<\/h3>\n\n\n\n<h4 class=\"wp-block-heading\">Estado y seguimiento del pedido<\/h4>\n\n\n\n<p>\u00bfNecesita informaci\u00f3n actualizada sobre su pedido de diplomas? \u00bfQuiere saber cu\u00e1ndo llegar\u00e1 su paquete? Nuestro equipo proporciona informaci\u00f3n de seguimiento en tiempo real.<\/p>\n\n\n\n<h4 class=\"wp-block-heading\">M\u00e9todos de pago y seguridad<\/h4>\n\n\n\n<p>\u00bfTiene preguntas sobre las opciones de pago, la seguridad de las transacciones o las pol\u00edticas de reembolso? Se lo explicamos todo con claridad y transparencia.<\/p>\n\n\n\n<h4 class=\"wp-block-heading\">Solicitudes de personalizaci\u00f3n de diplomas<\/h4>\n\n\n\n<p>\u00bfNo est\u00e1 seguro de qu\u00e9 plantilla se ajusta a sus necesidades? \u00bfQuiere modificar un dise\u00f1o existente? Nuestros expertos le guiar\u00e1n a trav\u00e9s de las opciones de personalizaci\u00f3n.<\/p>\n\n\n\n<h4 class=\"wp-block-heading\">Informaci\u00f3n sobre env\u00edos internacionales<\/h4>\n\n\n\n<p>\u00bfLe interesan los plazos de entrega en su pa\u00eds? \u00bfTiene dudas sobre los tr\u00e1mites aduaneros? Le ofrecemos informaci\u00f3n detallada sobre env\u00edos internacionales.<\/p>\n\n\n\n<figure class=\"wp-block-image size-full\"><img loading=\"lazy\" decoding=\"async\" width=\"300\" height=\"212\" src=\"https:\/\/diplomashops.com\/wp-content\/uploads\/2026\/03\/Buy-a-university-master-bachelor-diploma-online.webp\" alt=\"Comprar en l\u00ednea un t\u00edtulo de m\u00e1ster universitario\" class=\"wp-image-86\" srcset=\"https:\/\/diplomashops.com\/wp-content\/uploads\/2026\/03\/Buy-a-university-master-bachelor-diploma-online.webp 300w, https:\/\/diplomashops.com\/wp-content\/uploads\/2026\/03\/Buy-a-university-master-bachelor-diploma-online-18x12.webp 18w\" sizes=\"auto, (max-width: 300px) 100vw, 300px\" \/><\/figure>\n\n\n\n<hr class=\"wp-block-separator has-alpha-channel-opacity\"\/>\n\n\n\n<h3 class=\"wp-block-heading\">Informaci\u00f3n de contacto de WhatsApp<\/h3>\n\n\n\n<p>\ud83d\udd50 Disponible: 24\/7 para respuestas r\u00e1pidas<br>\ud83d\udcac Idiomas admitidos: Ingl\u00e9s, holand\u00e9s, alem\u00e1n, franc\u00e9s, espa\u00f1ol y m\u00e1s.<\/p>\n\n\n\n<p><em>Haz clic en el icono de WhatsApp de tu pantalla para empezar a chatear inmediatamente.<\/em><\/p>\n\n\n\n<hr class=\"wp-block-separator has-alpha-channel-opacity\"\/>\n\n\n\n<h3 class=\"wp-block-heading\">Informaci\u00f3n de contacto importante<\/h3>\n\n\n\n<h4 class=\"wp-block-heading\">Direcci\u00f3n de correo electr\u00f3nico<\/h4>\n\n\n\n<p><a href=\"mailto:DiplomaShops247@gmail.com\" rel=\"noreferrer noopener\" target=\"_blank\">DiplomaShops247@gmail.com<\/a><\/p>\n\n\n\n<h4 class=\"wp-block-heading\">Garant\u00eda de respuesta<\/h4>\n\n\n\n<p>En el plazo de 1 hora en horario laboral<\/p>\n\n\n\n<h4 class=\"wp-block-heading\">Idiomas hablados<\/h4>\n\n\n\n<p>Ingl\u00e9s, neerland\u00e9s, alem\u00e1n, franc\u00e9s, espa\u00f1ol, italiano, portugu\u00e9s, sueco, noruego, dan\u00e9s, finland\u00e9s, polaco, checo, h\u00fangaro, rumano, b\u00falgaro, griego, turco, \u00e1rabe, ruso, chino \u00a1y mucho m\u00e1s!<\/p>\n\n\n\n<h4 class=\"wp-block-heading\">Huso horario<\/h4>\n\n\n\n<p>Hora central europea (CET\/CEST)<\/p>\n\n\n\n<hr class=\"wp-block-separator has-alpha-channel-opacity\"\/>\n\n\n\n<h3 class=\"wp-block-heading\">Antes de ponerse en contacto con nosotros<\/h3>\n\n\n\n<p>Consulte nuestro&nbsp;<a href=\"https:\/\/diplomashops.com\/es\/faq\/\">PREGUNTAS FRECUENTES<\/a> donde encontrar\u00e1 respuestas a las preguntas m\u00e1s frecuentes sobre pedidos, pagos, env\u00edos y especificaciones de los diplomas. Puede que encuentre exactamente lo que necesita sin tener que esperar. Haga clic aqu\u00ed si desea obtener m\u00e1s informaci\u00f3n <a href=\"https:\/\/diplomashops.com\/es\/acerca-de-nosotros\/\">acerca de nosotros<\/a>. <\/p>\n\n\n\n<hr class=\"wp-block-separator has-alpha-channel-opacity\"\/>\n\n\n\n<h3 class=\"wp-block-heading\">\u00bfNecesita ayuda inmediata?<\/h3>\n\n\n\n<p>Haz clic en el bot\u00f3n WhatsApp de la esquina inferior de la pantalla para chatear con nosotros ahora mismo. Sin esperas: ayuda instant\u00e1nea de nuestros especialistas.<\/p>","protected":false},"excerpt":{"rendered":"<p>Contact Us \u2013 Get Help Buying Your Diploma Multiple Ways to Contact Us &#x1f4e7; Email Support Send us a message [&hellip;]<\/p>\n","protected":false},"author":1,"featured_media":0,"parent":0,"menu_order":0,"comment_status":"closed","ping_status":"closed","template":"","meta":{"site-sidebar-layout":"default","site-content-layout":"","ast-site-content-layout":"default","site-content-style":"default","site-sidebar-style":"default","ast-global-header-display":"","ast-banner-title-visibility":"","ast-main-header-display":"","ast-hfb-above-header-display":"","ast-hfb-below-header-display":"","ast-hfb-mobile-header-display":"","site-post-title":"","ast-breadcrumbs-content":"","ast-featured-img":"","footer-sml-layout":"","ast-disable-related-posts":"","theme-transparent-header-meta":"","adv-header-id-meta":"","stick-header-meta":"","header-above-stick-meta":"","header-main-stick-meta":"","header-below-stick-meta":"","astra-migrate-meta-layouts":"default","ast-page-background-enabled":"default","ast-page-background-meta":{"desktop":{"background-color":"var(--ast-global-color-5)","background-image":"","background-repeat":"repeat","background-position":"center center","background-size":"auto","background-attachment":"scroll","background-type":"","background-media":"","overlay-type":"","overlay-color":"","overlay-opacity":"","overlay-gradient":""},"tablet":{"background-color":"","background-image":"","background-repeat":"repeat","background-position":"center center","background-size":"auto","background-attachment":"scroll","background-type":"","background-media":"","overlay-type":"","overlay-color":"","overlay-opacity":"","overlay-gradient":""},"mobile":{"background-color":"","background-image":"","background-repeat":"repeat","background-position":"center center","background-size":"auto","background-attachment":"scroll","background-type":"","background-media":"","overlay-type":"","overlay-color":"","overlay-opacity":"","overlay-gradient":""}},"ast-content-background-meta":{"desktop":{"background-color":"var(--ast-global-color-4)","background-image":"","background-repeat":"repeat","background-position":"center center","background-size":"auto","background-attachment":"scroll","background-type":"","background-media":"","overlay-type":"","overlay-color":"","overlay-opacity":"","overlay-gradient":""},"tablet":{"background-color":"var(--ast-global-color-4)","background-image":"","background-repeat":"repeat","background-position":"center center","background-size":"auto","background-attachment":"scroll","background-type":"","background-media":"","overlay-type":"","overlay-color":"","overlay-opacity":"","overlay-gradient":""},"mobile":{"background-color":"var(--ast-global-color-4)","background-image":"","background-repeat":"repeat","background-position":"center center","background-size":"auto","background-attachment":"scroll","background-type":"","background-media":"","overlay-type":"","overlay-color":"","overlay-opacity":"","overlay-gradient":""}},"footnotes":""},"class_list":["post-21","page","type-page","status-publish","hentry"],"yoast_head":"<!-- This site is optimized with the Yoast SEO plugin v27.5 - https:\/\/yoast.com\/product\/yoast-seo-wordpress\/ -->\n<title>Contact - DiplomaShops.com - Buy Diploma Online | Fast &amp; Secure Service<\/title>\n<meta name=\"description\" content=\"Contact DiplomaShops.com for fast diploma service help. We respond within 1 hour via email or WhatsApp. Get assistance today!\" \/>\n<meta name=\"robots\" content=\"index, follow, max-snippet:-1, max-image-preview:large, max-video-preview:-1\" \/>\n<link rel=\"canonical\" href=\"https:\/\/diplomashops.com\/es\/pongase-en-contacto-con\/\" \/>\n<meta property=\"og:locale\" content=\"es_ES\" \/>\n<meta property=\"og:type\" content=\"article\" \/>\n<meta property=\"og:title\" content=\"Contact - DiplomaShops.com - Buy Diploma Online | Fast &amp; Secure Service\" \/>\n<meta property=\"og:description\" content=\"Contact DiplomaShops.com for fast diploma service help. We respond within 1 hour via email or WhatsApp. Get assistance today!\" \/>\n<meta property=\"og:url\" content=\"https:\/\/diplomashops.com\/es\/pongase-en-contacto-con\/\" \/>\n<meta property=\"og:site_name\" content=\"DiplomaShops.com - Buy Diploma Online | Fast &amp; Secure Service\" \/>\n<meta property=\"article:modified_time\" content=\"2026-03-14T16:06:33+00:00\" \/>\n<meta property=\"og:image\" content=\"https:\/\/diplomashops.com\/wp-content\/uploads\/2026\/03\/buy-diploma.webp\" \/>\n\t<meta property=\"og:image:width\" content=\"300\" \/>\n\t<meta property=\"og:image:height\" content=\"211\" \/>\n\t<meta property=\"og:image:type\" content=\"image\/webp\" \/>\n<meta name=\"twitter:card\" content=\"summary_large_image\" \/>\n<meta name=\"twitter:label1\" content=\"Tiempo de lectura\" \/>\n\t<meta name=\"twitter:data1\" content=\"3 minutos\" \/>\n<script type=\"application\/ld+json\" class=\"yoast-schema-graph\">{\"@context\":\"https:\\\/\\\/schema.org\",\"@graph\":[{\"@type\":\"WebPage\",\"@id\":\"https:\\\/\\\/diplomashops.com\\\/contact\\\/\",\"url\":\"https:\\\/\\\/diplomashops.com\\\/contact\\\/\",\"name\":\"Contact - DiplomaShops.com - Buy Diploma Online | Fast &amp; Secure Service\",\"isPartOf\":{\"@id\":\"https:\\\/\\\/diplomashops.com\\\/#website\"},\"primaryImageOfPage\":{\"@id\":\"https:\\\/\\\/diplomashops.com\\\/contact\\\/#primaryimage\"},\"image\":{\"@id\":\"https:\\\/\\\/diplomashops.com\\\/contact\\\/#primaryimage\"},\"thumbnailUrl\":\"https:\\\/\\\/diplomashops.com\\\/wp-content\\\/uploads\\\/2026\\\/03\\\/buy-diploma.webp\",\"datePublished\":\"2026-03-14T15:35:38+00:00\",\"dateModified\":\"2026-03-14T16:06:33+00:00\",\"description\":\"Contact DiplomaShops.com for fast diploma service help. We respond within 1 hour via email or WhatsApp. Get assistance today!\",\"breadcrumb\":{\"@id\":\"https:\\\/\\\/diplomashops.com\\\/contact\\\/#breadcrumb\"},\"inLanguage\":\"es\",\"potentialAction\":[{\"@type\":\"ReadAction\",\"target\":[\"https:\\\/\\\/diplomashops.com\\\/contact\\\/\"]}]},{\"@type\":\"ImageObject\",\"inLanguage\":\"es\",\"@id\":\"https:\\\/\\\/diplomashops.com\\\/contact\\\/#primaryimage\",\"url\":\"https:\\\/\\\/diplomashops.com\\\/wp-content\\\/uploads\\\/2026\\\/03\\\/buy-diploma.webp\",\"contentUrl\":\"https:\\\/\\\/diplomashops.com\\\/wp-content\\\/uploads\\\/2026\\\/03\\\/buy-diploma.webp\"},{\"@type\":\"BreadcrumbList\",\"@id\":\"https:\\\/\\\/diplomashops.com\\\/contact\\\/#breadcrumb\",\"itemListElement\":[{\"@type\":\"ListItem\",\"position\":1,\"name\":\"Home\",\"item\":\"https:\\\/\\\/diplomashops.com\\\/\"},{\"@type\":\"ListItem\",\"position\":2,\"name\":\"Contact\"}]},{\"@type\":\"WebSite\",\"@id\":\"https:\\\/\\\/diplomashops.com\\\/#website\",\"url\":\"https:\\\/\\\/diplomashops.com\\\/\",\"name\":\"DiplomaShops.com - Buy Diploma Online | Fast &amp; Secure Service\",\"description\":\"Buy a Diploma online Delivered Worldwide - Order Your Certificate Today\",\"potentialAction\":[{\"@type\":\"SearchAction\",\"target\":{\"@type\":\"EntryPoint\",\"urlTemplate\":\"https:\\\/\\\/diplomashops.com\\\/?s={search_term_string}\"},\"query-input\":{\"@type\":\"PropertyValueSpecification\",\"valueRequired\":true,\"valueName\":\"search_term_string\"}}],\"inLanguage\":\"es\"}]}<\/script>\n<!-- \/ Yoast SEO plugin. -->","yoast_head_json":{"title":"Contacto - DiplomaShops.com - Compre su Diploma Online | Servicio R\u00e1pido y Seguro","description":"P\u00f3ngase en contacto con DiplomaShops.com para obtener ayuda r\u00e1pida sobre el servicio de diplomas. Respondemos en menos de 1 hora por correo electr\u00f3nico o WhatsApp. \u00a1Obtenga ayuda hoy mismo!","robots":{"index":"index","follow":"follow","max-snippet":"max-snippet:-1","max-image-preview":"max-image-preview:large","max-video-preview":"max-video-preview:-1"},"canonical":"https:\/\/diplomashops.com\/es\/pongase-en-contacto-con\/","og_locale":"es_ES","og_type":"article","og_title":"Contact - DiplomaShops.com - Buy Diploma Online | Fast &amp; Secure Service","og_description":"Contact DiplomaShops.com for fast diploma service help. We respond within 1 hour via email or WhatsApp. Get assistance today!","og_url":"https:\/\/diplomashops.com\/es\/pongase-en-contacto-con\/","og_site_name":"DiplomaShops.com - Buy Diploma Online | Fast &amp; Secure Service","article_modified_time":"2026-03-14T16:06:33+00:00","og_image":[{"width":300,"height":211,"url":"https:\/\/diplomashops.com\/wp-content\/uploads\/2026\/03\/buy-diploma.webp","type":"image\/webp"}],"twitter_card":"summary_large_image","twitter_misc":{"Tiempo de lectura":"3 minutos"},"schema":{"@context":"https:\/\/schema.org","@graph":[{"@type":"WebPage","@id":"https:\/\/diplomashops.com\/contact\/","url":"https:\/\/diplomashops.com\/contact\/","name":"Contacto - DiplomaShops.com - Compre su Diploma Online | Servicio R\u00e1pido y Seguro","isPartOf":{"@id":"https:\/\/diplomashops.com\/#website"},"primaryImageOfPage":{"@id":"https:\/\/diplomashops.com\/contact\/#primaryimage"},"image":{"@id":"https:\/\/diplomashops.com\/contact\/#primaryimage"},"thumbnailUrl":"https:\/\/diplomashops.com\/wp-content\/uploads\/2026\/03\/buy-diploma.webp","datePublished":"2026-03-14T15:35:38+00:00","dateModified":"2026-03-14T16:06:33+00:00","description":"P\u00f3ngase en contacto con DiplomaShops.com para obtener ayuda r\u00e1pida sobre el servicio de diplomas. Respondemos en menos de 1 hora por correo electr\u00f3nico o WhatsApp. \u00a1Obtenga ayuda hoy mismo!","breadcrumb":{"@id":"https:\/\/diplomashops.com\/contact\/#breadcrumb"},"inLanguage":"es","potentialAction":[{"@type":"ReadAction","target":["https:\/\/diplomashops.com\/contact\/"]}]},{"@type":"ImageObject","inLanguage":"es","@id":"https:\/\/diplomashops.com\/contact\/#primaryimage","url":"https:\/\/diplomashops.com\/wp-content\/uploads\/2026\/03\/buy-diploma.webp","contentUrl":"https:\/\/diplomashops.com\/wp-content\/uploads\/2026\/03\/buy-diploma.webp"},{"@type":"BreadcrumbList","@id":"https:\/\/diplomashops.com\/contact\/#breadcrumb","itemListElement":[{"@type":"ListItem","position":1,"name":"Home","item":"https:\/\/diplomashops.com\/"},{"@type":"ListItem","position":2,"name":"Contact"}]},{"@type":"WebSite","@id":"https:\/\/diplomashops.com\/#website","url":"https:\/\/diplomashops.com\/","name":"DiplomaShops.com - Comprar diploma en l\u00ednea | Servicio r\u00e1pido y seguro","description":"Comprar un diploma en l\u00ednea Entregado en todo el mundo - Pida hoy mismo su certificado","potentialAction":[{"@type":"SearchAction","target":{"@type":"EntryPoint","urlTemplate":"https:\/\/diplomashops.com\/?s={search_term_string}"},"query-input":{"@type":"PropertyValueSpecification","valueRequired":true,"valueName":"search_term_string"}}],"inLanguage":"es"}]}},"_links":{"self":[{"href":"https:\/\/diplomashops.com\/es\/wp-json\/wp\/v2\/pages\/21","targetHints":{"allow":["GET"]}}],"collection":[{"href":"https:\/\/diplomashops.com\/es\/wp-json\/wp\/v2\/pages"}],"about":[{"href":"https:\/\/diplomashops.com\/es\/wp-json\/wp\/v2\/types\/page"}],"author":[{"embeddable":true,"href":"https:\/\/diplomashops.com\/es\/wp-json\/wp\/v2\/users\/1"}],"replies":[{"embeddable":true,"href":"https:\/\/diplomashops.com\/es\/wp-json\/wp\/v2\/comments?post=21"}],"version-history":[{"count":7,"href":"https:\/\/diplomashops.com\/es\/wp-json\/wp\/v2\/pages\/21\/revisions"}],"predecessor-version":[{"id":95,"href":"https:\/\/diplomashops.com\/es\/wp-json\/wp\/v2\/pages\/21\/revisions\/95"}],"wp:attachment":[{"href":"https:\/\/diplomashops.com\/es\/wp-json\/wp\/v2\/media?parent=21"}],"curies":[{"name":"wp","href":"https:\/\/api.w.org\/{rel}","templated":true}]}}