{"id":21,"date":"2026-03-14T15:35:38","date_gmt":"2026-03-14T15:35:38","guid":{"rendered":"https:\/\/diplomashops.com\/?page_id=21"},"modified":"2026-03-14T16:06:33","modified_gmt":"2026-03-14T16:06:33","slug":"contact","status":"publish","type":"page","link":"https:\/\/diplomashops.com\/fr\/contact\/","title":{"rendered":"Contact"},"content":{"rendered":"<h2 class=\"wp-block-heading\">Contactez-nous - Obtenez de l'aide pour l'achat de votre dipl\u00f4me<\/h2>\n\n\n\n<h3 class=\"wp-block-heading\">Plusieurs fa\u00e7ons de nous contacter<\/h3>\n\n\n\n<h4 class=\"wp-block-heading\">\ud83d\udce7 Assistance par courrier \u00e9lectronique<\/h4>\n\n\n\n<p>Envoyez-nous un message \u00e0 tout moment \u00e0&nbsp;<a href=\"mailto:DiplomaShops247@gmail.com\" target=\"_blank\" rel=\"noreferrer noopener\">DiplomaShops247@gmail.com<\/a>. Nous garantissons une r\u00e9ponse dans les 60 minutes pendant nos heures de travail.<\/p>\n\n\n\n<h4 class=\"wp-block-heading\">\ud83d\udcac WhatsApp Chat<\/h4>\n\n\n\n<p>Vous pr\u00e9f\u00e9rez la messagerie instantan\u00e9e ? Connectez-vous directement avec nous via WhatsApp pour obtenir une assistance imm\u00e9diate. Cliquez sur le bouton WhatsApp en bas \u00e0 droite de votre \u00e9cran ou scannez le code QR ci-dessous.<\/p>\n\n\n\n<h4 class=\"wp-block-heading\">\ud83c\udf10 Formulaire de contact<\/h4>\n\n\n\n<p>Utilisez notre formulaire de contact s\u00e9curis\u00e9 ci-dessous pour nous faire part de vos questions ou pr\u00e9occupations. Nous vous r\u00e9pondrons rapidement en vous proposant des solutions utiles.<\/p>\n\n\n\n<figure class=\"wp-block-image size-full\"><img loading=\"lazy\" decoding=\"async\" width=\"300\" height=\"211\" src=\"https:\/\/diplomashops.com\/wp-content\/uploads\/2026\/03\/buy-diploma.webp\" alt=\"acheter un dipl\u00f4me\" class=\"wp-image-88\" srcset=\"https:\/\/diplomashops.com\/wp-content\/uploads\/2026\/03\/buy-diploma.webp 300w, https:\/\/diplomashops.com\/wp-content\/uploads\/2026\/03\/buy-diploma-18x12.webp 18w\" sizes=\"auto, (max-width: 300px) 100vw, 300px\" \/><\/figure>\n\n\n\n<hr class=\"wp-block-separator has-alpha-channel-opacity\"\/>\n\n\n\n<h3 class=\"wp-block-heading\">Heures d'ouverture et d\u00e9lais de r\u00e9ponse<\/h3>\n\n\n\n<h4 class=\"wp-block-heading\">Temps de r\u00e9ponse standard : dans l'heure<\/h4>\n\n\n\n<p>Nous sommes fiers de notre rapidit\u00e9 de communication. Pendant les heures de bureau, vous recevrez une r\u00e9ponse dans un d\u00e9lai de 60 minutes ou moins.<\/p>\n\n\n\n<h4 class=\"wp-block-heading\">Support \u00e9tendu disponible<\/h4>\n\n\n\n<p>En dehors des heures de bureau ? Laissez votre message et nous vous r\u00e9pondrons \u00e0 la premi\u00e8re heure le jour ouvrable suivant.<\/p>\n\n\n\n<h4 class=\"wp-block-heading\">Couverture des week-ends et des jours f\u00e9ri\u00e9s<\/h4>\n\n\n\n<p>Nous n'avons pas de week-ends ni de jours f\u00e9ri\u00e9s. Nous sommes en ligne 24 heures sur 24, 7 jours sur 7.<\/p>\n\n\n\n<hr class=\"wp-block-separator has-alpha-channel-opacity\"\/>\n\n\n\n<h3 class=\"wp-block-heading\">Questions fr\u00e9quemment pos\u00e9es<\/h3>\n\n\n\n<h4 class=\"wp-block-heading\">Statut et suivi de la commande<\/h4>\n\n\n\n<p>Vous avez besoin d'informations sur votre commande de dipl\u00f4me ? Vous voulez savoir quand votre colis arrivera ? Notre \u00e9quipe vous fournit des informations de suivi en temps r\u00e9el.<\/p>\n\n\n\n<h4 class=\"wp-block-heading\">M\u00e9thodes de paiement et s\u00e9curit\u00e9<\/h4>\n\n\n\n<p>Des questions sur les options de paiement, la s\u00e9curit\u00e9 des transactions ou les politiques de remboursement ? Nous expliquons tout de mani\u00e8re claire et transparente.<\/p>\n\n\n\n<h4 class=\"wp-block-heading\">Demandes de personnalisation du dipl\u00f4me<\/h4>\n\n\n\n<p>Vous ne savez pas quel mod\u00e8le correspond \u00e0 vos besoins ? Vous souhaitez modifier un mod\u00e8le existant ? Nos experts vous guident \u00e0 travers les options de personnalisation.<\/p>\n\n\n\n<h4 class=\"wp-block-heading\">Informations sur l'exp\u00e9dition internationale<\/h4>\n\n\n\n<p>Vous \u00eates curieux de conna\u00eetre les d\u00e9lais de livraison dans votre pays ? Vous vous interrogez sur les proc\u00e9dures douani\u00e8res ? Nous fournissons des conseils d\u00e9taill\u00e9s en mati\u00e8re d'exp\u00e9dition internationale.<\/p>\n\n\n\n<figure class=\"wp-block-image size-full\"><img loading=\"lazy\" decoding=\"async\" width=\"300\" height=\"212\" src=\"https:\/\/diplomashops.com\/wp-content\/uploads\/2026\/03\/Buy-a-university-master-bachelor-diploma-online.webp\" alt=\"Acheter un dipl\u00f4me universitaire en ligne\" class=\"wp-image-86\" srcset=\"https:\/\/diplomashops.com\/wp-content\/uploads\/2026\/03\/Buy-a-university-master-bachelor-diploma-online.webp 300w, https:\/\/diplomashops.com\/wp-content\/uploads\/2026\/03\/Buy-a-university-master-bachelor-diploma-online-18x12.webp 18w\" sizes=\"auto, (max-width: 300px) 100vw, 300px\" \/><\/figure>\n\n\n\n<hr class=\"wp-block-separator has-alpha-channel-opacity\"\/>\n\n\n\n<h3 class=\"wp-block-heading\">Coordonn\u00e9es de WhatsApp<\/h3>\n\n\n\n<p>\ud83d\udd50 Disponible : 24 heures sur 24 et 7 jours sur 7 pour des r\u00e9ponses rapides<br>Langues prises en charge : Anglais, n\u00e9erlandais, allemand, fran\u00e7ais, espagnol, et plus encore<\/p>\n\n\n\n<p><em>Cliquez sur l'ic\u00f4ne WhatsApp sur votre \u00e9cran pour commencer \u00e0 discuter imm\u00e9diatement !<\/em><\/p>\n\n\n\n<hr class=\"wp-block-separator has-alpha-channel-opacity\"\/>\n\n\n\n<h3 class=\"wp-block-heading\">Informations de contact importantes<\/h3>\n\n\n\n<h4 class=\"wp-block-heading\">Adresse \u00e9lectronique<\/h4>\n\n\n\n<p><a href=\"mailto:DiplomaShops247@gmail.com\" rel=\"noreferrer noopener\" target=\"_blank\">DiplomaShops247@gmail.com<\/a><\/p>\n\n\n\n<h4 class=\"wp-block-heading\">Garantie de r\u00e9ponse<\/h4>\n\n\n\n<p>Dans un d\u00e9lai d'une heure pendant les heures de bureau<\/p>\n\n\n\n<h4 class=\"wp-block-heading\">Langues parl\u00e9es<\/h4>\n\n\n\n<p>Anglais, n\u00e9erlandais, allemand, fran\u00e7ais, espagnol, italien, portugais, su\u00e9dois, norv\u00e9gien, danois, finlandais, polonais, tch\u00e8que, hongrois, roumain, bulgare, grec, turc, arabe, russe, chinois et plus encore !<\/p>\n\n\n\n<h4 class=\"wp-block-heading\">Fuseau horaire<\/h4>\n\n\n\n<p>Heure d'Europe centrale (CET\/CEST)<\/p>\n\n\n\n<hr class=\"wp-block-separator has-alpha-channel-opacity\"\/>\n\n\n\n<h3 class=\"wp-block-heading\">Avant de nous contacter<\/h3>\n\n\n\n<p>Consultez notre&nbsp;<a href=\"https:\/\/diplomashops.com\/fr\/faq\/\">FAQ<\/a> pour obtenir des r\u00e9ponses aux questions les plus courantes concernant la commande, le paiement, l'exp\u00e9dition et les sp\u00e9cifications des dipl\u00f4mes. Vous pourriez trouver exactement ce dont vous avez besoin sans attendre ! Cliquez ici pour en savoir plus <a href=\"https:\/\/diplomashops.com\/fr\/a-propos-de-nous\/\">\u00e0 propos de nous<\/a>. <\/p>\n\n\n\n<hr class=\"wp-block-separator has-alpha-channel-opacity\"\/>\n\n\n\n<h3 class=\"wp-block-heading\">Besoin d'une assistance imm\u00e9diate ?<\/h3>\n\n\n\n<p>Cliquez sur le bouton WhatsApp dans le coin inf\u00e9rieur de votre \u00e9cran pour discuter avec nous d\u00e8s maintenant. Pas d'attente - une aide instantan\u00e9e de la part de nos sp\u00e9cialistes de l'assistance.<\/p>","protected":false},"excerpt":{"rendered":"<p>Contact Us \u2013 Get Help Buying Your Diploma Multiple Ways to Contact Us &#x1f4e7; Email Support Send us a message [&hellip;]<\/p>\n","protected":false},"author":1,"featured_media":0,"parent":0,"menu_order":0,"comment_status":"closed","ping_status":"closed","template":"","meta":{"site-sidebar-layout":"default","site-content-layout":"","ast-site-content-layout":"default","site-content-style":"default","site-sidebar-style":"default","ast-global-header-display":"","ast-banner-title-visibility":"","ast-main-header-display":"","ast-hfb-above-header-display":"","ast-hfb-below-header-display":"","ast-hfb-mobile-header-display":"","site-post-title":"","ast-breadcrumbs-content":"","ast-featured-img":"","footer-sml-layout":"","ast-disable-related-posts":"","theme-transparent-header-meta":"","adv-header-id-meta":"","stick-header-meta":"","header-above-stick-meta":"","header-main-stick-meta":"","header-below-stick-meta":"","astra-migrate-meta-layouts":"default","ast-page-background-enabled":"default","ast-page-background-meta":{"desktop":{"background-color":"var(--ast-global-color-5)","background-image":"","background-repeat":"repeat","background-position":"center center","background-size":"auto","background-attachment":"scroll","background-type":"","background-media":"","overlay-type":"","overlay-color":"","overlay-opacity":"","overlay-gradient":""},"tablet":{"background-color":"","background-image":"","background-repeat":"repeat","background-position":"center center","background-size":"auto","background-attachment":"scroll","background-type":"","background-media":"","overlay-type":"","overlay-color":"","overlay-opacity":"","overlay-gradient":""},"mobile":{"background-color":"","background-image":"","background-repeat":"repeat","background-position":"center center","background-size":"auto","background-attachment":"scroll","background-type":"","background-media":"","overlay-type":"","overlay-color":"","overlay-opacity":"","overlay-gradient":""}},"ast-content-background-meta":{"desktop":{"background-color":"var(--ast-global-color-4)","background-image":"","background-repeat":"repeat","background-position":"center center","background-size":"auto","background-attachment":"scroll","background-type":"","background-media":"","overlay-type":"","overlay-color":"","overlay-opacity":"","overlay-gradient":""},"tablet":{"background-color":"var(--ast-global-color-4)","background-image":"","background-repeat":"repeat","background-position":"center center","background-size":"auto","background-attachment":"scroll","background-type":"","background-media":"","overlay-type":"","overlay-color":"","overlay-opacity":"","overlay-gradient":""},"mobile":{"background-color":"var(--ast-global-color-4)","background-image":"","background-repeat":"repeat","background-position":"center center","background-size":"auto","background-attachment":"scroll","background-type":"","background-media":"","overlay-type":"","overlay-color":"","overlay-opacity":"","overlay-gradient":""}},"footnotes":""},"class_list":["post-21","page","type-page","status-publish","hentry"],"yoast_head":"<!-- This site is optimized with the Yoast SEO plugin v27.5 - https:\/\/yoast.com\/product\/yoast-seo-wordpress\/ -->\n<title>Contact - DiplomaShops.com - Buy Diploma Online | Fast &amp; Secure Service<\/title>\n<meta name=\"description\" content=\"Contact DiplomaShops.com for fast diploma service help. We respond within 1 hour via email or WhatsApp. Get assistance today!\" \/>\n<meta name=\"robots\" content=\"index, follow, max-snippet:-1, max-image-preview:large, max-video-preview:-1\" \/>\n<link rel=\"canonical\" href=\"https:\/\/diplomashops.com\/fr\/contact\/\" \/>\n<meta property=\"og:locale\" content=\"fr_FR\" \/>\n<meta property=\"og:type\" content=\"article\" \/>\n<meta property=\"og:title\" content=\"Contact - DiplomaShops.com - Buy Diploma Online | Fast &amp; Secure Service\" \/>\n<meta property=\"og:description\" content=\"Contact DiplomaShops.com for fast diploma service help. We respond within 1 hour via email or WhatsApp. Get assistance today!\" \/>\n<meta property=\"og:url\" content=\"https:\/\/diplomashops.com\/fr\/contact\/\" \/>\n<meta property=\"og:site_name\" content=\"DiplomaShops.com - Buy Diploma Online | Fast &amp; Secure Service\" \/>\n<meta property=\"article:modified_time\" content=\"2026-03-14T16:06:33+00:00\" \/>\n<meta property=\"og:image\" content=\"https:\/\/diplomashops.com\/wp-content\/uploads\/2026\/03\/buy-diploma.webp\" \/>\n\t<meta property=\"og:image:width\" content=\"300\" \/>\n\t<meta property=\"og:image:height\" content=\"211\" \/>\n\t<meta property=\"og:image:type\" content=\"image\/webp\" \/>\n<meta name=\"twitter:card\" content=\"summary_large_image\" \/>\n<meta name=\"twitter:label1\" content=\"Dur\u00e9e de lecture estim\u00e9e\" \/>\n\t<meta name=\"twitter:data1\" content=\"3 minutes\" \/>\n<script type=\"application\/ld+json\" class=\"yoast-schema-graph\">{\"@context\":\"https:\\\/\\\/schema.org\",\"@graph\":[{\"@type\":\"WebPage\",\"@id\":\"https:\\\/\\\/diplomashops.com\\\/contact\\\/\",\"url\":\"https:\\\/\\\/diplomashops.com\\\/contact\\\/\",\"name\":\"Contact - DiplomaShops.com - Buy Diploma Online | Fast &amp; Secure Service\",\"isPartOf\":{\"@id\":\"https:\\\/\\\/diplomashops.com\\\/#website\"},\"primaryImageOfPage\":{\"@id\":\"https:\\\/\\\/diplomashops.com\\\/contact\\\/#primaryimage\"},\"image\":{\"@id\":\"https:\\\/\\\/diplomashops.com\\\/contact\\\/#primaryimage\"},\"thumbnailUrl\":\"https:\\\/\\\/diplomashops.com\\\/wp-content\\\/uploads\\\/2026\\\/03\\\/buy-diploma.webp\",\"datePublished\":\"2026-03-14T15:35:38+00:00\",\"dateModified\":\"2026-03-14T16:06:33+00:00\",\"description\":\"Contact DiplomaShops.com for fast diploma service help. We respond within 1 hour via email or WhatsApp. Get assistance today!\",\"breadcrumb\":{\"@id\":\"https:\\\/\\\/diplomashops.com\\\/contact\\\/#breadcrumb\"},\"inLanguage\":\"fr-FR\",\"potentialAction\":[{\"@type\":\"ReadAction\",\"target\":[\"https:\\\/\\\/diplomashops.com\\\/contact\\\/\"]}]},{\"@type\":\"ImageObject\",\"inLanguage\":\"fr-FR\",\"@id\":\"https:\\\/\\\/diplomashops.com\\\/contact\\\/#primaryimage\",\"url\":\"https:\\\/\\\/diplomashops.com\\\/wp-content\\\/uploads\\\/2026\\\/03\\\/buy-diploma.webp\",\"contentUrl\":\"https:\\\/\\\/diplomashops.com\\\/wp-content\\\/uploads\\\/2026\\\/03\\\/buy-diploma.webp\"},{\"@type\":\"BreadcrumbList\",\"@id\":\"https:\\\/\\\/diplomashops.com\\\/contact\\\/#breadcrumb\",\"itemListElement\":[{\"@type\":\"ListItem\",\"position\":1,\"name\":\"Home\",\"item\":\"https:\\\/\\\/diplomashops.com\\\/\"},{\"@type\":\"ListItem\",\"position\":2,\"name\":\"Contact\"}]},{\"@type\":\"WebSite\",\"@id\":\"https:\\\/\\\/diplomashops.com\\\/#website\",\"url\":\"https:\\\/\\\/diplomashops.com\\\/\",\"name\":\"DiplomaShops.com - Buy Diploma Online | Fast &amp; Secure Service\",\"description\":\"Buy a Diploma online Delivered Worldwide - Order Your Certificate Today\",\"potentialAction\":[{\"@type\":\"SearchAction\",\"target\":{\"@type\":\"EntryPoint\",\"urlTemplate\":\"https:\\\/\\\/diplomashops.com\\\/?s={search_term_string}\"},\"query-input\":{\"@type\":\"PropertyValueSpecification\",\"valueRequired\":true,\"valueName\":\"search_term_string\"}}],\"inLanguage\":\"fr-FR\"}]}<\/script>\n<!-- \/ Yoast SEO plugin. -->","yoast_head_json":{"title":"Contact - DiplomaShops.com - Acheter un dipl\u00f4me en ligne - Service rapide et s\u00e9curis\u00e9","description":"Contactez DiplomaShops.com pour obtenir une aide rapide en mati\u00e8re de service de dipl\u00f4me. Nous r\u00e9pondons dans l'heure qui suit par e-mail ou par WhatsApp. Obtenez de l'aide d\u00e8s aujourd'hui !","robots":{"index":"index","follow":"follow","max-snippet":"max-snippet:-1","max-image-preview":"max-image-preview:large","max-video-preview":"max-video-preview:-1"},"canonical":"https:\/\/diplomashops.com\/fr\/contact\/","og_locale":"fr_FR","og_type":"article","og_title":"Contact - DiplomaShops.com - Buy Diploma Online | Fast &amp; Secure Service","og_description":"Contact DiplomaShops.com for fast diploma service help. We respond within 1 hour via email or WhatsApp. Get assistance today!","og_url":"https:\/\/diplomashops.com\/fr\/contact\/","og_site_name":"DiplomaShops.com - Buy Diploma Online | Fast &amp; Secure Service","article_modified_time":"2026-03-14T16:06:33+00:00","og_image":[{"width":300,"height":211,"url":"https:\/\/diplomashops.com\/wp-content\/uploads\/2026\/03\/buy-diploma.webp","type":"image\/webp"}],"twitter_card":"summary_large_image","twitter_misc":{"Dur\u00e9e de lecture estim\u00e9e":"3 minutes"},"schema":{"@context":"https:\/\/schema.org","@graph":[{"@type":"WebPage","@id":"https:\/\/diplomashops.com\/contact\/","url":"https:\/\/diplomashops.com\/contact\/","name":"Contact - DiplomaShops.com - Acheter un dipl\u00f4me en ligne - Service rapide et s\u00e9curis\u00e9","isPartOf":{"@id":"https:\/\/diplomashops.com\/#website"},"primaryImageOfPage":{"@id":"https:\/\/diplomashops.com\/contact\/#primaryimage"},"image":{"@id":"https:\/\/diplomashops.com\/contact\/#primaryimage"},"thumbnailUrl":"https:\/\/diplomashops.com\/wp-content\/uploads\/2026\/03\/buy-diploma.webp","datePublished":"2026-03-14T15:35:38+00:00","dateModified":"2026-03-14T16:06:33+00:00","description":"Contactez DiplomaShops.com pour obtenir une aide rapide en mati\u00e8re de service de dipl\u00f4me. Nous r\u00e9pondons dans l'heure qui suit par e-mail ou par WhatsApp. Obtenez de l'aide d\u00e8s aujourd'hui !","breadcrumb":{"@id":"https:\/\/diplomashops.com\/contact\/#breadcrumb"},"inLanguage":"fr-FR","potentialAction":[{"@type":"ReadAction","target":["https:\/\/diplomashops.com\/contact\/"]}]},{"@type":"ImageObject","inLanguage":"fr-FR","@id":"https:\/\/diplomashops.com\/contact\/#primaryimage","url":"https:\/\/diplomashops.com\/wp-content\/uploads\/2026\/03\/buy-diploma.webp","contentUrl":"https:\/\/diplomashops.com\/wp-content\/uploads\/2026\/03\/buy-diploma.webp"},{"@type":"BreadcrumbList","@id":"https:\/\/diplomashops.com\/contact\/#breadcrumb","itemListElement":[{"@type":"ListItem","position":1,"name":"Home","item":"https:\/\/diplomashops.com\/"},{"@type":"ListItem","position":2,"name":"Contact"}]},{"@type":"WebSite","@id":"https:\/\/diplomashops.com\/#website","url":"https:\/\/diplomashops.com\/","name":"DiplomaShops.com - Achat de dipl\u00f4me en ligne - Service rapide et s\u00e9curis\u00e9","description":"Acheter un dipl\u00f4me en ligne Livr\u00e9 dans le monde entier - Commandez votre certificat d\u00e8s aujourd'hui","potentialAction":[{"@type":"SearchAction","target":{"@type":"EntryPoint","urlTemplate":"https:\/\/diplomashops.com\/?s={search_term_string}"},"query-input":{"@type":"PropertyValueSpecification","valueRequired":true,"valueName":"search_term_string"}}],"inLanguage":"fr-FR"}]}},"_links":{"self":[{"href":"https:\/\/diplomashops.com\/fr\/wp-json\/wp\/v2\/pages\/21","targetHints":{"allow":["GET"]}}],"collection":[{"href":"https:\/\/diplomashops.com\/fr\/wp-json\/wp\/v2\/pages"}],"about":[{"href":"https:\/\/diplomashops.com\/fr\/wp-json\/wp\/v2\/types\/page"}],"author":[{"embeddable":true,"href":"https:\/\/diplomashops.com\/fr\/wp-json\/wp\/v2\/users\/1"}],"replies":[{"embeddable":true,"href":"https:\/\/diplomashops.com\/fr\/wp-json\/wp\/v2\/comments?post=21"}],"version-history":[{"count":7,"href":"https:\/\/diplomashops.com\/fr\/wp-json\/wp\/v2\/pages\/21\/revisions"}],"predecessor-version":[{"id":95,"href":"https:\/\/diplomashops.com\/fr\/wp-json\/wp\/v2\/pages\/21\/revisions\/95"}],"wp:attachment":[{"href":"https:\/\/diplomashops.com\/fr\/wp-json\/wp\/v2\/media?parent=21"}],"curies":[{"name":"wp","href":"https:\/\/api.w.org\/{rel}","templated":true}]}}