{"id":36,"date":"2026-03-14T15:41:58","date_gmt":"2026-03-14T15:41:58","guid":{"rendered":"https:\/\/diplomashops.com\/?page_id=36"},"modified":"2026-03-14T16:06:08","modified_gmt":"2026-03-14T16:06:08","slug":"a-propos-de-nous","status":"publish","type":"page","link":"https:\/\/diplomashops.com\/fr\/about-us\/","title":{"rendered":"A propos de nous"},"content":{"rendered":"<h2 class=\"wp-block-heading\">Votre prestataire de services de confiance pour les dipl\u00f4mes, www.DiplomaShops.com<\/h2>\n\n\n\n<p>Bienvenue \u00e0 DiplomaShops.com, votre partenaire fiable pour les services de dipl\u00f4mes professionnels depuis 2018. Nous sommes sp\u00e9cialis\u00e9s dans la cr\u00e9ation de dipl\u00f4mes de haute qualit\u00e9 et d'apparence authentique pour les individus du monde entier qui ont besoin de documents de remplacement, d'outils d'avancement de carri\u00e8re ou de documents de r\u00e9f\u00e9rence personnels. Notre mission est de fournir des services rapides, s\u00e9curis\u00e9s et discrets qui d\u00e9passent les attentes des clients \u00e0 chaque fois.<\/p>\n\n\n\n<figure class=\"wp-block-image size-full\"><img loading=\"lazy\" decoding=\"async\" width=\"300\" height=\"211\" src=\"https:\/\/diplomashops.com\/wp-content\/uploads\/2026\/03\/buy-diploma.webp\" alt=\"acheter un dipl\u00f4me\" class=\"wp-image-88\" srcset=\"https:\/\/diplomashops.com\/wp-content\/uploads\/2026\/03\/buy-diploma.webp 300w, https:\/\/diplomashops.com\/wp-content\/uploads\/2026\/03\/buy-diploma-18x12.webp 18w\" sizes=\"auto, (max-width: 300px) 100vw, 300px\" \/><\/figure>\n\n\n\n<h3 class=\"wp-block-heading\">Notre histoire et notre mission<\/h3>\n\n\n\n<h4 class=\"wp-block-heading\">Fond\u00e9e sur la qualit\u00e9 et la confiance<\/h4>\n\n\n\n<p>DiplomaShops.com a \u00e9t\u00e9 cr\u00e9\u00e9 en 2018 par une \u00e9quipe de professionnels de la conception de documents qui ont reconnu le besoin croissant de services l\u00e9gitimes de remplacement de dipl\u00f4mes. Ce qui a commenc\u00e9 comme une petite op\u00e9ration s'est transform\u00e9 en un service international de confiance soutenant les clients \u00e0 travers l'Europe, l'Am\u00e9rique du Nord et au-del\u00e0.<\/p>\n\n\n\n<h4 class=\"wp-block-heading\">Engagement en faveur de l'excellence<\/h4>\n\n\n\n<p>Nous pensons que chacun m\u00e9rite d'avoir acc\u00e8s \u00e0 une documentation de qualit\u00e9 lorsqu'il en a le plus besoin. Que vous ayez perdu votre dipl\u00f4me original, que vous ayez besoin d'un document de remplacement \u00e0 des fins administratives ou que vous souhaitiez am\u00e9liorer votre portefeuille professionnel, nous sommes l\u00e0 pour vous aider avec dignit\u00e9 et discr\u00e9tion.<\/p>\n\n\n\n<h4 class=\"wp-block-heading\">Les valeurs qui nous animent<\/h4>\n\n\n\n<ul class=\"wp-block-list\">\n<li>Int\u00e9grit\u00e9 : service honn\u00eate et transparent avec une communication claire<\/li>\n\n\n\n<li>Qualit\u00e9 : Mat\u00e9riaux de premi\u00e8re qualit\u00e9 et normes de conception professionnelles<\/li>\n\n\n\n<li>Rapidit\u00e9 : Traitement rapide et livraison fiable dans le monde entier<\/li>\n\n\n\n<li>Respect de la vie priv\u00e9e : Confidentialit\u00e9 totale et traitement s\u00e9curis\u00e9 des informations personnelles<\/li>\n\n\n\n<li>Assistance : Service client\u00e8le multilingue disponible 24 heures sur 24, 7 jours sur 7<\/li>\n<\/ul>\n\n\n\n<hr class=\"wp-block-separator has-alpha-channel-opacity\"\/>\n\n\n\n<h3 class=\"wp-block-heading\">Pourquoi choisir DiplomaShops.com ?<\/h3>\n\n\n\n<h4 class=\"wp-block-heading\">\u00c9quipe d'experts en conception<\/h4>\n\n\n\n<p>Nos professionnels de la cr\u00e9ation ont des dizaines d'ann\u00e9es d'exp\u00e9rience combin\u00e9e dans la reproduction de documents et la conception graphique. Nous travaillons exclusivement avec des concepteurs certifi\u00e9s qui comprennent les exigences institutionnelles en mati\u00e8re de formatage et d'authentification.<\/p>\n\n\n\n<h4 class=\"wp-block-heading\">Une port\u00e9e mondiale, un soutien local<\/h4>\n\n\n\n<p>Avec des clients dans plus de 20 pays et un personnel d'assistance parlant plusieurs langues, nous comblons les foss\u00e9s culturels et g\u00e9ographiques pour mieux vous servir. Notre r\u00e9seau d'exp\u00e9dition international garantit une livraison fiable partout dans le monde.<\/p>\n\n\n\n<h4 class=\"wp-block-heading\">Une technologie de pointe<\/h4>\n\n\n\n<p>Nous utilisons des \u00e9quipements d'impression de pointe et des mat\u00e9riaux de premi\u00e8re qualit\u00e9 qui refl\u00e8tent les normes institutionnelles officielles. Nos processus num\u00e9riques garantissent la pr\u00e9cision et la coh\u00e9rence de chaque dipl\u00f4me que nous produisons.<\/p>\n\n\n\n<h4 class=\"wp-block-heading\">Reconnaissance de l'industrie<\/h4>\n\n\n\n<p>Depuis notre cr\u00e9ation, nous avons aid\u00e9 des milliers de clients satisfaits \u00e0 obtenir les documents dont ils avaient besoin. Notre engagement en faveur de la qualit\u00e9 et du service \u00e0 la client\u00e8le nous a valu d'\u00eatre reconnus comme un fournisseur de premier plan dans le secteur des services documentaires.<\/p>\n\n\n\n<hr class=\"wp-block-separator has-alpha-channel-opacity\"\/>\n\n\n\n<h3 class=\"wp-block-heading\">Nos services expliqu\u00e9s<\/h3>\n\n\n\n<h4 class=\"wp-block-heading\">Reproduction du dipl\u00f4me acad\u00e9mique<\/h4>\n\n\n\n<p>Des dipl\u00f4mes de l'enseignement secondaire aux dipl\u00f4mes universitaires, nous cr\u00e9ons des reproductions exactes bas\u00e9es sur des mod\u00e8les r\u00e9els provenant d'institutions reconnues. Parfaites pour remplacer les originaux perdus ou r\u00e9pondre aux exigences administratives.<\/p>\n\n\n\n<h4 class=\"wp-block-heading\">Copies des certifications professionnelles<\/h4>\n\n\n\n<p>Vous avez besoin d'une preuve de formation professionnelle ou de certification ? Nous proposons des titres de comp\u00e9tences pour diff\u00e9rents secteurs, notamment l'informatique, la sant\u00e9, la finance, l'ing\u00e9nierie et bien d'autres encore, tous con\u00e7us selon les normes de l'industrie.<\/p>\n\n\n\n<h4 class=\"wp-block-heading\">Conception d'un dipl\u00f4me sur mesure<\/h4>\n\n\n\n<p>Notre service sp\u00e9cialis\u00e9 permet une personnalisation compl\u00e8te, y compris des logos personnalis\u00e9s, des sceaux institutionnels, des signatures et des mises en forme. Id\u00e9al pour les entreprises, les organisations ou les besoins personnels uniques.<\/p>\n\n\n\n<h4 class=\"wp-block-heading\">Service de remplacement d'urgence<\/h4>\n\n\n\n<p>Vous avez perdu votre dipl\u00f4me avant un entretien d'embauche ou une r\u00e9union importante ? Notre service express livre dans les 24-48 heures pour les situations urgentes o\u00f9 le timing est critique.<\/p>\n\n\n\n<hr class=\"wp-block-separator has-alpha-channel-opacity\"\/>\n\n\n\n<h3 class=\"wp-block-heading\">Rencontrez notre \u00e9quipe<\/h3>\n\n\n\n<h4 class=\"wp-block-heading\">Sp\u00e9cialistes du service \u00e0 la client\u00e8le<\/h4>\n\n\n\n<p>Notre \u00e9quipe d'assistance multilingue traite les demandes dans plus de 20 langues, garantissant ainsi une communication claire, quel que soit votre lieu de r\u00e9sidence ou votre langue maternelle. Elle est disponible 24 heures sur 24 et 7 jours sur 7 pour une assistance imm\u00e9diate.<\/p>\n\n\n\n<h4 class=\"wp-block-heading\">Experts en conception et production<\/h4>\n\n\n\n<p>Des concepteurs de documents et des sp\u00e9cialistes de l'impression certifi\u00e9s travaillent ensemble pour cr\u00e9er des dipl\u00f4mes qui r\u00e9pondent aux normes de qualit\u00e9 les plus \u00e9lev\u00e9es. Chaque d\u00e9tail est soigneusement \u00e9labor\u00e9 dans un souci d'authenticit\u00e9 et de professionnalisme.<\/p>\n\n\n\n<h4 class=\"wp-block-heading\">Coordinateurs de la logistique et de l'exp\u00e9dition<\/h4>\n\n\n\n<p>Notre \u00e9quipe logistique g\u00e8re les op\u00e9rations d'exp\u00e9dition dans le monde entier, en veillant \u00e0 ce que tous les colis soient livr\u00e9s dans les d\u00e9lais et trait\u00e9s correctement. Elle travaille avec des transporteurs de confiance dans toutes les r\u00e9gions que nous desservons.<\/p>\n\n\n\n<h4 class=\"wp-block-heading\">Responsables de l'assurance qualit\u00e9<\/h4>\n\n\n\n<p>Avant d'\u00eatre exp\u00e9di\u00e9, tout dipl\u00f4me fait l'objet de contr\u00f4les de qualit\u00e9 rigoureux afin de garantir son exactitude, son apparence et sa conformit\u00e9 aux sp\u00e9cifications du client. Notre processus d'assurance qualit\u00e9 garantit la satisfaction \u00e0 chaque fois.<\/p>\n\n\n\n<hr class=\"wp-block-separator has-alpha-channel-opacity\"\/>\n\n\n\n<h3 class=\"wp-block-heading\">Notre engagement envers vous<\/h3>\n\n\n\n<h4 class=\"wp-block-heading\">Garantie de satisfaction 100%<\/h4>\n\n\n\n<p>Nous nous portons garants de tous les dipl\u00f4mes que nous cr\u00e9ons. Si vous n'\u00eates pas enti\u00e8rement satisfait de la qualit\u00e9 ou de l'exactitude du dipl\u00f4me, nous le referons gratuitement ou le rembourserons int\u00e9gralement.<\/p>\n\n\n\n<h4 class=\"wp-block-heading\">Promesse de protection de la vie priv\u00e9e<\/h4>\n\n\n\n<p>Vos informations personnelles et les d\u00e9tails de votre commande ne sont jamais communiqu\u00e9s \u00e0 des tiers. Toutes les communications et transactions sont trait\u00e9es avec la plus grande confidentialit\u00e9.<\/p>\n\n\n\n<h4 class=\"wp-block-heading\">Temps de r\u00e9ponse rapide<\/h4>\n\n\n\n<p>Nous garantissons une r\u00e9ponse aux demandes des clients dans un d\u00e9lai d'une heure pendant les heures de bureau. Notre \u00e9quipe d'assistance est toujours pr\u00eate \u00e0 r\u00e9pondre \u00e0 vos questions.<\/p>\n\n\n\n<h4 class=\"wp-block-heading\">Am\u00e9lioration continue<\/h4>\n\n\n\n<p>Nous mettons r\u00e9guli\u00e8rement \u00e0 jour nos processus, nos mat\u00e9riaux et nos services en fonction des commentaires de nos clients et de l'\u00e9volution de l'industrie. Votre succ\u00e8s est le moteur de notre innovation.<\/p>\n\n\n\n<hr class=\"wp-block-separator has-alpha-channel-opacity\"\/>\n\n\n\n<h3 class=\"wp-block-heading\">Historique de l'entreprise<\/h3>\n\n\n\n<h4 class=\"wp-block-heading\">2018 : Fondation d'entreprise<\/h4>\n\n\n\n<p>D\u00e9marrage des op\u00e9rations en se concentrant sur les services de dipl\u00f4mes du march\u00e9 europ\u00e9en<\/p>\n\n\n\n<h4 class=\"wp-block-heading\">2019 : Expansion internationale<\/h4>\n\n\n\n<p>Extension des services \u00e0 l'Am\u00e9rique du Nord et ajout d'un support multilingue<\/p>\n\n\n\n<h4 class=\"wp-block-heading\">2020 : Transformation num\u00e9rique<\/h4>\n\n\n\n<p>Lancement d'une plateforme de commande en ligne et d'options de dipl\u00f4mes num\u00e9riques<\/p>\n\n\n\n<h4 class=\"wp-block-heading\">2021 : Ligne de services premium<\/h4>\n\n\n\n<p>Introduction d'options de papier de luxe et de services de conception personnalis\u00e9s<\/p>\n\n\n\n<h4 class=\"wp-block-heading\">2022 : R\u00e9seau mondial de transport maritime<\/h4>\n\n\n\n<p>Mise en place de partenariats avec des transporteurs internationaux pour une livraison plus rapide<\/p>\n\n\n\n<h4 class=\"wp-block-heading\">2023 : Mesures de s\u00e9curit\u00e9 renforc\u00e9es<\/h4>\n\n\n\n<p>Mise en \u0153uvre de protocoles avanc\u00e9s de cryptage et de protection de la vie priv\u00e9e<\/p>\n\n\n\n<h4 class=\"wp-block-heading\">2024 : D\u00e9veloppement d'applications mobiles<\/h4>\n\n\n\n<p>Travail sur une application mobile d\u00e9di\u00e9e pour faciliter les commandes<\/p>\n\n\n\n<hr class=\"wp-block-separator has-alpha-channel-opacity\"\/>\n\n\n\n<h3 class=\"wp-block-heading\">Regarder vers l'avenir<\/h3>\n\n\n\n<p>Alors que nous continuons \u00e0 nous d\u00e9velopper, notre engagement reste inchang\u00e9 : fournir des services exceptionnels en mati\u00e8re de dipl\u00f4mes en mettant l'accent sur l'int\u00e9grit\u00e9, la qualit\u00e9 et la satisfaction du client. Nous innovons constamment pour mieux servir notre communaut\u00e9 mondiale et nous adapter \u00e0 l'\u00e9volution des besoins de nos clients.<\/p>\n\n\n\n<p>Rejoignez les milliers de clients satisfaits qui ont fait confiance \u00e0 DiplomaShops.com pour leurs besoins en dipl\u00f4mes. Faites l'exp\u00e9rience de la diff\u00e9rence que fait un service professionnel.<\/p>\n\n\n\n<hr class=\"wp-block-separator has-alpha-channel-opacity\"\/>\n\n\n\n<h3 class=\"wp-block-heading\">Prendre contact<\/h3>\n\n\n\n<p>Vous souhaitez en savoir plus sur nos services ou discuter de vos besoins sp\u00e9cifiques en mati\u00e8re de dipl\u00f4mes ? Notre \u00e9quipe se tient \u00e0 votre disposition pour vous aider.<\/p>\n\n\n\n<p>\ud83d\udce7 Courriel :&nbsp;<a href=\"mailto:DiplomaShops247@gmail.com\" target=\"_blank\" rel=\"noreferrer noopener\">DiplomaShops247@gmail.com<\/a><br>\ud83c\udf10 Site web :&nbsp;<a href=\"https:\/\/diplomashops.com\/fr\/\" target=\"_blank\" rel=\"noreferrer noopener\">www.diplomashops.com<\/a><\/p>\n\n\n\n<figure class=\"wp-block-image size-full\"><img loading=\"lazy\" decoding=\"async\" width=\"300\" height=\"212\" src=\"https:\/\/diplomashops.com\/wp-content\/uploads\/2026\/03\/Buy-a-university-master-bachelor-diploma-online.webp\" alt=\"Acheter un dipl\u00f4me universitaire en ligne\" class=\"wp-image-86\" srcset=\"https:\/\/diplomashops.com\/wp-content\/uploads\/2026\/03\/Buy-a-university-master-bachelor-diploma-online.webp 300w, https:\/\/diplomashops.com\/wp-content\/uploads\/2026\/03\/Buy-a-university-master-bachelor-diploma-online-18x12.webp 18w\" sizes=\"auto, (max-width: 300px) 100vw, 300px\" \/><\/figure>","protected":false},"excerpt":{"rendered":"<p>Your Trusted Diploma Service Provider, www.DiplomaShops.com Welcome to DiplomaShops.com, your reliable partner for professional diploma services since 2018. We specialize [&hellip;]<\/p>\n","protected":false},"author":1,"featured_media":0,"parent":0,"menu_order":0,"comment_status":"closed","ping_status":"closed","template":"","meta":{"site-sidebar-layout":"default","site-content-layout":"","ast-site-content-layout":"default","site-content-style":"default","site-sidebar-style":"default","ast-global-header-display":"","ast-banner-title-visibility":"","ast-main-header-display":"","ast-hfb-above-header-display":"","ast-hfb-below-header-display":"","ast-hfb-mobile-header-display":"","site-post-title":"","ast-breadcrumbs-content":"","ast-featured-img":"","footer-sml-layout":"","ast-disable-related-posts":"","theme-transparent-header-meta":"","adv-header-id-meta":"","stick-header-meta":"","header-above-stick-meta":"","header-main-stick-meta":"","header-below-stick-meta":"","astra-migrate-meta-layouts":"default","ast-page-background-enabled":"default","ast-page-background-meta":{"desktop":{"background-color":"var(--ast-global-color-5)","background-image":"","background-repeat":"repeat","background-position":"center center","background-size":"auto","background-attachment":"scroll","background-type":"","background-media":"","overlay-type":"","overlay-color":"","overlay-opacity":"","overlay-gradient":""},"tablet":{"background-color":"","background-image":"","background-repeat":"repeat","background-position":"center center","background-size":"auto","background-attachment":"scroll","background-type":"","background-media":"","overlay-type":"","overlay-color":"","overlay-opacity":"","overlay-gradient":""},"mobile":{"background-color":"","background-image":"","background-repeat":"repeat","background-position":"center center","background-size":"auto","background-attachment":"scroll","background-type":"","background-media":"","overlay-type":"","overlay-color":"","overlay-opacity":"","overlay-gradient":""}},"ast-content-background-meta":{"desktop":{"background-color":"var(--ast-global-color-4)","background-image":"","background-repeat":"repeat","background-position":"center center","background-size":"auto","background-attachment":"scroll","background-type":"","background-media":"","overlay-type":"","overlay-color":"","overlay-opacity":"","overlay-gradient":""},"tablet":{"background-color":"var(--ast-global-color-4)","background-image":"","background-repeat":"repeat","background-position":"center center","background-size":"auto","background-attachment":"scroll","background-type":"","background-media":"","overlay-type":"","overlay-color":"","overlay-opacity":"","overlay-gradient":""},"mobile":{"background-color":"var(--ast-global-color-4)","background-image":"","background-repeat":"repeat","background-position":"center center","background-size":"auto","background-attachment":"scroll","background-type":"","background-media":"","overlay-type":"","overlay-color":"","overlay-opacity":"","overlay-gradient":""}},"footnotes":""},"class_list":["post-36","page","type-page","status-publish","hentry"],"yoast_head":"<!-- This site is optimized with the Yoast SEO plugin v27.5 - https:\/\/yoast.com\/product\/yoast-seo-wordpress\/ -->\n<title>About us - DiplomaShops.com - Buy Diploma Online | Fast &amp; Secure Service<\/title>\n<meta name=\"description\" content=\"Learn about DiplomaShops.com - trusted diploma service since 2018. Quality, privacy, and fast delivery worldwide. Meet our team today!\" \/>\n<meta name=\"robots\" content=\"index, follow, max-snippet:-1, max-image-preview:large, max-video-preview:-1\" \/>\n<link rel=\"canonical\" href=\"https:\/\/diplomashops.com\/fr\/a-propos-de-nous\/\" \/>\n<meta property=\"og:locale\" content=\"fr_FR\" \/>\n<meta property=\"og:type\" content=\"article\" \/>\n<meta property=\"og:title\" content=\"About us - DiplomaShops.com - Buy Diploma Online | Fast &amp; Secure Service\" \/>\n<meta property=\"og:description\" content=\"Learn about DiplomaShops.com - trusted diploma service since 2018. Quality, privacy, and fast delivery worldwide. Meet our team today!\" \/>\n<meta property=\"og:url\" content=\"https:\/\/diplomashops.com\/fr\/a-propos-de-nous\/\" \/>\n<meta property=\"og:site_name\" content=\"DiplomaShops.com - Buy Diploma Online | Fast &amp; Secure Service\" \/>\n<meta property=\"article:modified_time\" content=\"2026-03-14T16:06:08+00:00\" \/>\n<meta property=\"og:image\" content=\"https:\/\/diplomashops.com\/wp-content\/uploads\/2026\/03\/buy-diploma.webp\" \/>\n\t<meta property=\"og:image:width\" content=\"300\" \/>\n\t<meta property=\"og:image:height\" content=\"211\" \/>\n\t<meta property=\"og:image:type\" content=\"image\/webp\" \/>\n<meta name=\"twitter:card\" content=\"summary_large_image\" \/>\n<meta name=\"twitter:label1\" content=\"Dur\u00e9e de lecture estim\u00e9e\" \/>\n\t<meta name=\"twitter:data1\" content=\"5 minutes\" \/>\n<script type=\"application\/ld+json\" class=\"yoast-schema-graph\">{\"@context\":\"https:\\\/\\\/schema.org\",\"@graph\":[{\"@type\":\"WebPage\",\"@id\":\"https:\\\/\\\/diplomashops.com\\\/about-us\\\/\",\"url\":\"https:\\\/\\\/diplomashops.com\\\/about-us\\\/\",\"name\":\"About us - DiplomaShops.com - Buy Diploma Online | Fast &amp; Secure Service\",\"isPartOf\":{\"@id\":\"https:\\\/\\\/diplomashops.com\\\/#website\"},\"primaryImageOfPage\":{\"@id\":\"https:\\\/\\\/diplomashops.com\\\/about-us\\\/#primaryimage\"},\"image\":{\"@id\":\"https:\\\/\\\/diplomashops.com\\\/about-us\\\/#primaryimage\"},\"thumbnailUrl\":\"https:\\\/\\\/diplomashops.com\\\/wp-content\\\/uploads\\\/2026\\\/03\\\/buy-diploma.webp\",\"datePublished\":\"2026-03-14T15:41:58+00:00\",\"dateModified\":\"2026-03-14T16:06:08+00:00\",\"description\":\"Learn about DiplomaShops.com - trusted diploma service since 2018. Quality, privacy, and fast delivery worldwide. Meet our team today!\",\"breadcrumb\":{\"@id\":\"https:\\\/\\\/diplomashops.com\\\/about-us\\\/#breadcrumb\"},\"inLanguage\":\"fr-FR\",\"potentialAction\":[{\"@type\":\"ReadAction\",\"target\":[\"https:\\\/\\\/diplomashops.com\\\/about-us\\\/\"]}]},{\"@type\":\"ImageObject\",\"inLanguage\":\"fr-FR\",\"@id\":\"https:\\\/\\\/diplomashops.com\\\/about-us\\\/#primaryimage\",\"url\":\"https:\\\/\\\/diplomashops.com\\\/wp-content\\\/uploads\\\/2026\\\/03\\\/buy-diploma.webp\",\"contentUrl\":\"https:\\\/\\\/diplomashops.com\\\/wp-content\\\/uploads\\\/2026\\\/03\\\/buy-diploma.webp\"},{\"@type\":\"BreadcrumbList\",\"@id\":\"https:\\\/\\\/diplomashops.com\\\/about-us\\\/#breadcrumb\",\"itemListElement\":[{\"@type\":\"ListItem\",\"position\":1,\"name\":\"Home\",\"item\":\"https:\\\/\\\/diplomashops.com\\\/\"},{\"@type\":\"ListItem\",\"position\":2,\"name\":\"About us\"}]},{\"@type\":\"WebSite\",\"@id\":\"https:\\\/\\\/diplomashops.com\\\/#website\",\"url\":\"https:\\\/\\\/diplomashops.com\\\/\",\"name\":\"DiplomaShops.com - Buy Diploma Online | Fast &amp; Secure Service\",\"description\":\"Buy a Diploma online Delivered Worldwide - Order Your Certificate Today\",\"potentialAction\":[{\"@type\":\"SearchAction\",\"target\":{\"@type\":\"EntryPoint\",\"urlTemplate\":\"https:\\\/\\\/diplomashops.com\\\/?s={search_term_string}\"},\"query-input\":{\"@type\":\"PropertyValueSpecification\",\"valueRequired\":true,\"valueName\":\"search_term_string\"}}],\"inLanguage\":\"fr-FR\"}]}<\/script>\n<!-- \/ Yoast SEO plugin. -->","yoast_head_json":{"title":"A propos de nous - DiplomaShops.com - Acheter un dipl\u00f4me en ligne - Service rapide et s\u00e9curis\u00e9","description":"D\u00e9couvrez DiplomaShops.com - un service de dipl\u00f4me de confiance depuis 2018. Qualit\u00e9, confidentialit\u00e9 et livraison rapide dans le monde entier. Rencontrez notre \u00e9quipe d\u00e8s aujourd'hui !","robots":{"index":"index","follow":"follow","max-snippet":"max-snippet:-1","max-image-preview":"max-image-preview:large","max-video-preview":"max-video-preview:-1"},"canonical":"https:\/\/diplomashops.com\/fr\/a-propos-de-nous\/","og_locale":"fr_FR","og_type":"article","og_title":"About us - DiplomaShops.com - Buy Diploma Online | Fast &amp; Secure Service","og_description":"Learn about DiplomaShops.com - trusted diploma service since 2018. Quality, privacy, and fast delivery worldwide. Meet our team today!","og_url":"https:\/\/diplomashops.com\/fr\/a-propos-de-nous\/","og_site_name":"DiplomaShops.com - Buy Diploma Online | Fast &amp; Secure Service","article_modified_time":"2026-03-14T16:06:08+00:00","og_image":[{"width":300,"height":211,"url":"https:\/\/diplomashops.com\/wp-content\/uploads\/2026\/03\/buy-diploma.webp","type":"image\/webp"}],"twitter_card":"summary_large_image","twitter_misc":{"Dur\u00e9e de lecture estim\u00e9e":"5 minutes"},"schema":{"@context":"https:\/\/schema.org","@graph":[{"@type":"WebPage","@id":"https:\/\/diplomashops.com\/about-us\/","url":"https:\/\/diplomashops.com\/about-us\/","name":"A propos de nous - DiplomaShops.com - Acheter un dipl\u00f4me en ligne - Service rapide et s\u00e9curis\u00e9","isPartOf":{"@id":"https:\/\/diplomashops.com\/#website"},"primaryImageOfPage":{"@id":"https:\/\/diplomashops.com\/about-us\/#primaryimage"},"image":{"@id":"https:\/\/diplomashops.com\/about-us\/#primaryimage"},"thumbnailUrl":"https:\/\/diplomashops.com\/wp-content\/uploads\/2026\/03\/buy-diploma.webp","datePublished":"2026-03-14T15:41:58+00:00","dateModified":"2026-03-14T16:06:08+00:00","description":"D\u00e9couvrez DiplomaShops.com - un service de dipl\u00f4me de confiance depuis 2018. Qualit\u00e9, confidentialit\u00e9 et livraison rapide dans le monde entier. Rencontrez notre \u00e9quipe d\u00e8s aujourd'hui !","breadcrumb":{"@id":"https:\/\/diplomashops.com\/about-us\/#breadcrumb"},"inLanguage":"fr-FR","potentialAction":[{"@type":"ReadAction","target":["https:\/\/diplomashops.com\/about-us\/"]}]},{"@type":"ImageObject","inLanguage":"fr-FR","@id":"https:\/\/diplomashops.com\/about-us\/#primaryimage","url":"https:\/\/diplomashops.com\/wp-content\/uploads\/2026\/03\/buy-diploma.webp","contentUrl":"https:\/\/diplomashops.com\/wp-content\/uploads\/2026\/03\/buy-diploma.webp"},{"@type":"BreadcrumbList","@id":"https:\/\/diplomashops.com\/about-us\/#breadcrumb","itemListElement":[{"@type":"ListItem","position":1,"name":"Home","item":"https:\/\/diplomashops.com\/"},{"@type":"ListItem","position":2,"name":"About us"}]},{"@type":"WebSite","@id":"https:\/\/diplomashops.com\/#website","url":"https:\/\/diplomashops.com\/","name":"DiplomaShops.com - Achat de dipl\u00f4me en ligne - Service rapide et s\u00e9curis\u00e9","description":"Acheter un dipl\u00f4me en ligne Livr\u00e9 dans le monde entier - Commandez votre certificat d\u00e8s aujourd'hui","potentialAction":[{"@type":"SearchAction","target":{"@type":"EntryPoint","urlTemplate":"https:\/\/diplomashops.com\/?s={search_term_string}"},"query-input":{"@type":"PropertyValueSpecification","valueRequired":true,"valueName":"search_term_string"}}],"inLanguage":"fr-FR"}]}},"_links":{"self":[{"href":"https:\/\/diplomashops.com\/fr\/wp-json\/wp\/v2\/pages\/36","targetHints":{"allow":["GET"]}}],"collection":[{"href":"https:\/\/diplomashops.com\/fr\/wp-json\/wp\/v2\/pages"}],"about":[{"href":"https:\/\/diplomashops.com\/fr\/wp-json\/wp\/v2\/types\/page"}],"author":[{"embeddable":true,"href":"https:\/\/diplomashops.com\/fr\/wp-json\/wp\/v2\/users\/1"}],"replies":[{"embeddable":true,"href":"https:\/\/diplomashops.com\/fr\/wp-json\/wp\/v2\/comments?post=36"}],"version-history":[{"count":3,"href":"https:\/\/diplomashops.com\/fr\/wp-json\/wp\/v2\/pages\/36\/revisions"}],"predecessor-version":[{"id":94,"href":"https:\/\/diplomashops.com\/fr\/wp-json\/wp\/v2\/pages\/36\/revisions\/94"}],"wp:attachment":[{"href":"https:\/\/diplomashops.com\/fr\/wp-json\/wp\/v2\/media?parent=36"}],"curies":[{"name":"wp","href":"https:\/\/api.w.org\/{rel}","templated":true}]}}