{"id":21,"date":"2026-03-14T15:35:38","date_gmt":"2026-03-14T15:35:38","guid":{"rendered":"https:\/\/diplomashops.com\/?page_id=21"},"modified":"2026-03-14T16:06:33","modified_gmt":"2026-03-14T16:06:33","slug":"kontakt","status":"publish","type":"page","link":"https:\/\/diplomashops.com\/hr\/contact\/","title":{"rendered":"Kontakt"},"content":{"rendered":"<h2 class=\"wp-block-heading\">Kontaktirajte nas \u2013 Nabavite pomo\u0107 pri kupnji diplome<\/h2>\n\n\n\n<h3 class=\"wp-block-heading\">Vi\u0161e na\u010dina za kontakt<\/h3>\n\n\n\n<h4 class=\"wp-block-heading\">\ud83d\udce7 Podr\u0161ka putem e-po\u0161te<\/h4>\n\n\n\n<p>Po\u0161aljite nam poruku u bilo koje vrijeme na&nbsp;<a href=\"mailto:DiplomaShops247@gmail.com\" target=\"_blank\" rel=\"noreferrer noopener\">DiplomaShops247@gmail.com<\/a>. Jam\u010dimo odgovor unutar 60 minuta tijekom na\u0161eg radnog vremena.<\/p>\n\n\n\n<h4 class=\"wp-block-heading\">\ud83d\udcac WhatsApp chat<\/h4>\n\n\n\n<p>Preferirate li trenuta\u010dne poruke? Kontaktirajte nas izravno putem WhatsAppa za trenuta\u010dnu pomo\u0107. Kliknite gumb WhatsAppa u donjem desnom kutu ekrana ili skenirajte QR kod ispod.<\/p>\n\n\n\n<h4 class=\"wp-block-heading\">\ud83c\udf10 Kontaktni obrazac<\/h4>\n\n\n\n<p>Koristite na\u0161 siguran kontaktni obrazac u nastavku da nam po\u0161aljete svoja pitanja ili nedoumice. Odgovorit \u0107emo vam u najkra\u0107em roku s korisnim rje\u0161enjima.<\/p>\n\n\n\n<figure class=\"wp-block-image size-full\"><img loading=\"lazy\" decoding=\"async\" width=\"300\" height=\"211\" src=\"https:\/\/diplomashops.com\/wp-content\/uploads\/2026\/03\/buy-diploma.webp\" alt=\"kupi diplomu\" class=\"wp-image-88\" srcset=\"https:\/\/diplomashops.com\/wp-content\/uploads\/2026\/03\/buy-diploma.webp 300w, https:\/\/diplomashops.com\/wp-content\/uploads\/2026\/03\/buy-diploma-18x12.webp 18w\" sizes=\"auto, (max-width: 300px) 100vw, 300px\" \/><\/figure>\n\n\n\n<hr class=\"wp-block-separator has-alpha-channel-opacity\"\/>\n\n\n\n<h3 class=\"wp-block-heading\">Radno vrijeme i vrijeme odgovora<\/h3>\n\n\n\n<h4 class=\"wp-block-heading\">Standardno vrijeme odgovora: unutar 1 sata<\/h4>\n\n\n\n<p>Ponosimo se brzim komunikacijama. Tijekom radnog vremena o\u010dekujte odgovor u roku od 60 minuta ili kra\u0107e.<\/p>\n\n\n\n<h4 class=\"wp-block-heading\">Dostupna je pro\u0161irena podr\u0161ka<\/h4>\n\n\n\n<p>Izvan redovnog radnog vremena? Ostavite poruku i odgovorit \u0107emo vam prvi radni dan.<\/p>\n\n\n\n<h4 class=\"wp-block-heading\">Pokrivanje vikenda i praznika<\/h4>\n\n\n\n<p>Nemamo vikende ni praznike. Dostupni smo 24 sata dnevno, sedam dana u tjednu.<\/p>\n\n\n\n<hr class=\"wp-block-separator has-alpha-channel-opacity\"\/>\n\n\n\n<h3 class=\"wp-block-heading\">\u010cesto tra\u017eeno<\/h3>\n\n\n\n<h4 class=\"wp-block-heading\">Status narud\u017ebe i pra\u0107enje<\/h4>\n\n\n\n<p>Trebate li a\u017eurirane informacije o narud\u017ebi diplome? \u017delite li znati kada \u0107e va\u0161 paket sti\u0107i? Na\u0161 tim pru\u017ea informacije o pra\u0107enju u stvarnom vremenu.<\/p>\n\n\n\n<h4 class=\"wp-block-heading\">Na\u010dini pla\u0107anja i sigurnost<\/h4>\n\n\n\n<p>Pitanja o opcijama pla\u0107anja, sigurnosti transakcija ili pravilima povrata novca? Sve obja\u0161njavamo jasno i transparentno.<\/p>\n\n\n\n<h4 class=\"wp-block-heading\">Zahtjevi za prilagodbu diplome<\/h4>\n\n\n\n<p>Niste sigurni koja predlo\u017eak najbolje odgovara va\u0161im potrebama? \u017delite izmijeniti postoje\u0107i dizajn? Na\u0161i stru\u010dnjaci \u0107e vas voditi kroz opcije prilagodbe.<\/p>\n\n\n\n<h4 class=\"wp-block-heading\">Informacije o me\u0111unarodnoj dostavi<\/h4>\n\n\n\n<p>Zanima vas vrijeme dostave u va\u0161u zemlju? Pitate se o carinskim postupcima? Pru\u017eamo detaljne upute za me\u0111unarodnu dostavu.<\/p>\n\n\n\n<figure class=\"wp-block-image size-full\"><img loading=\"lazy\" decoding=\"async\" width=\"300\" height=\"212\" src=\"https:\/\/diplomashops.com\/wp-content\/uploads\/2026\/03\/Buy-a-university-master-bachelor-diploma-online.webp\" alt=\"Kupite online diplomu sveu\u010dili\u0161nog magistra i prvostupnika\" class=\"wp-image-86\" srcset=\"https:\/\/diplomashops.com\/wp-content\/uploads\/2026\/03\/Buy-a-university-master-bachelor-diploma-online.webp 300w, https:\/\/diplomashops.com\/wp-content\/uploads\/2026\/03\/Buy-a-university-master-bachelor-diploma-online-18x12.webp 18w\" sizes=\"auto, (max-width: 300px) 100vw, 300px\" \/><\/figure>\n\n\n\n<hr class=\"wp-block-separator has-alpha-channel-opacity\"\/>\n\n\n\n<h3 class=\"wp-block-heading\">WhatsApp kontaktne informacije<\/h3>\n\n\n\n<p>\ud83d\udd50 Dostupno: 24\/7 za brze odgovore<br>\ud83d\udcac Podr\u017eani jezici: engleski, nizozemski, njema\u010dki, francuski, \u0161panjolski i drugi<\/p>\n\n\n\n<p><em>Kliknite na ikonu WhatsAppa na va\u0161em zaslonu da odmah zapo\u010dnete razgovor!<\/em><\/p>\n\n\n\n<hr class=\"wp-block-separator has-alpha-channel-opacity\"\/>\n\n\n\n<h3 class=\"wp-block-heading\">Va\u017ene kontaktne informacije<\/h3>\n\n\n\n<h4 class=\"wp-block-heading\">Adresa e-po\u0161te<\/h4>\n\n\n\n<p><a href=\"mailto:DiplomaShops247@gmail.com\" rel=\"noreferrer noopener\" target=\"_blank\">DiplomaShops247@gmail.com<\/a><\/p>\n\n\n\n<h4 class=\"wp-block-heading\">Jamstvo odgovora<\/h4>\n\n\n\n<p>Unutar jednog sata tijekom radnog vremena<\/p>\n\n\n\n<h4 class=\"wp-block-heading\">Govoreni jezici<\/h4>\n\n\n\n<p>Engleski, nizozemski, njema\u010dki, francuski, \u0161panjolski, talijanski, portugalski, \u0161vedski, norve\u0161ki, danski, finski, poljski, \u010de\u0161ki, ma\u0111arski, rumunjski, bugarski, gr\u010dki, turski, arapski, ruski, kineski i jo\u0161 mnogo vi\u0161e!<\/p>\n\n\n\n<h4 class=\"wp-block-heading\">Vremenska zona<\/h4>\n\n\n\n<p>Srednjoeuropsko vrijeme (CET\/CEST)<\/p>\n\n\n\n<hr class=\"wp-block-separator has-alpha-channel-opacity\"\/>\n\n\n\n<h3 class=\"wp-block-heading\">Prije nego \u0161to nas kontaktirate<\/h3>\n\n\n\n<p>Provjerite na\u0161&nbsp;<a href=\"https:\/\/diplomashops.com\/hr\/faq\/\">\u010cesto postavljana pitanja<\/a> Stranica s odgovorima na \u010desta pitanja o naru\u010divanju, pla\u0107anju, dostavi i specifikacijama diplome. Mo\u017eda \u0107ete prona\u0107i upravo ono \u0161to vam treba bez \u010dekanja! Kliknite ovdje ako \u017eelite pro\u010ditati vi\u0161e <a href=\"https:\/\/diplomashops.com\/hr\/o-nama\/\">o nama<\/a>. <\/p>\n\n\n\n<hr class=\"wp-block-separator has-alpha-channel-opacity\"\/>\n\n\n\n<h3 class=\"wp-block-heading\">Trebate li hitnu pomo\u0107?<\/h3>\n\n\n\n<p>Kliknite gumb WhatsApp u donjem kutu ekrana da biste odmah razgovarali s nama. Bez \u010dekanja \u2013 trenutna pomo\u0107 od na\u0161ih stru\u010dnjaka za podr\u0161ku.<\/p>","protected":false},"excerpt":{"rendered":"<p>Contact Us \u2013 Get Help Buying Your Diploma Multiple Ways to Contact Us &#x1f4e7; Email Support Send us a message [&hellip;]<\/p>\n","protected":false},"author":1,"featured_media":0,"parent":0,"menu_order":0,"comment_status":"closed","ping_status":"closed","template":"","meta":{"site-sidebar-layout":"default","site-content-layout":"","ast-site-content-layout":"default","site-content-style":"default","site-sidebar-style":"default","ast-global-header-display":"","ast-banner-title-visibility":"","ast-main-header-display":"","ast-hfb-above-header-display":"","ast-hfb-below-header-display":"","ast-hfb-mobile-header-display":"","site-post-title":"","ast-breadcrumbs-content":"","ast-featured-img":"","footer-sml-layout":"","ast-disable-related-posts":"","theme-transparent-header-meta":"","adv-header-id-meta":"","stick-header-meta":"","header-above-stick-meta":"","header-main-stick-meta":"","header-below-stick-meta":"","astra-migrate-meta-layouts":"default","ast-page-background-enabled":"default","ast-page-background-meta":{"desktop":{"background-color":"var(--ast-global-color-5)","background-image":"","background-repeat":"repeat","background-position":"center center","background-size":"auto","background-attachment":"scroll","background-type":"","background-media":"","overlay-type":"","overlay-color":"","overlay-opacity":"","overlay-gradient":""},"tablet":{"background-color":"","background-image":"","background-repeat":"repeat","background-position":"center center","background-size":"auto","background-attachment":"scroll","background-type":"","background-media":"","overlay-type":"","overlay-color":"","overlay-opacity":"","overlay-gradient":""},"mobile":{"background-color":"","background-image":"","background-repeat":"repeat","background-position":"center center","background-size":"auto","background-attachment":"scroll","background-type":"","background-media":"","overlay-type":"","overlay-color":"","overlay-opacity":"","overlay-gradient":""}},"ast-content-background-meta":{"desktop":{"background-color":"var(--ast-global-color-4)","background-image":"","background-repeat":"repeat","background-position":"center center","background-size":"auto","background-attachment":"scroll","background-type":"","background-media":"","overlay-type":"","overlay-color":"","overlay-opacity":"","overlay-gradient":""},"tablet":{"background-color":"var(--ast-global-color-4)","background-image":"","background-repeat":"repeat","background-position":"center center","background-size":"auto","background-attachment":"scroll","background-type":"","background-media":"","overlay-type":"","overlay-color":"","overlay-opacity":"","overlay-gradient":""},"mobile":{"background-color":"var(--ast-global-color-4)","background-image":"","background-repeat":"repeat","background-position":"center center","background-size":"auto","background-attachment":"scroll","background-type":"","background-media":"","overlay-type":"","overlay-color":"","overlay-opacity":"","overlay-gradient":""}},"footnotes":""},"class_list":["post-21","page","type-page","status-publish","hentry"],"yoast_head":"<!-- This site is optimized with the Yoast SEO plugin v27.5 - https:\/\/yoast.com\/product\/yoast-seo-wordpress\/ -->\n<title>Contact - DiplomaShops.com - Buy Diploma Online | Fast &amp; Secure Service<\/title>\n<meta name=\"description\" content=\"Contact DiplomaShops.com for fast diploma service help. We respond within 1 hour via email or WhatsApp. Get assistance today!\" \/>\n<meta name=\"robots\" content=\"index, follow, max-snippet:-1, max-image-preview:large, max-video-preview:-1\" \/>\n<link rel=\"canonical\" href=\"https:\/\/diplomashops.com\/hr\/kontakt\/\" \/>\n<meta property=\"og:locale\" content=\"hr_HR\" \/>\n<meta property=\"og:type\" content=\"article\" \/>\n<meta property=\"og:title\" content=\"Contact - DiplomaShops.com - Buy Diploma Online | Fast &amp; Secure Service\" \/>\n<meta property=\"og:description\" content=\"Contact DiplomaShops.com for fast diploma service help. We respond within 1 hour via email or WhatsApp. Get assistance today!\" \/>\n<meta property=\"og:url\" content=\"https:\/\/diplomashops.com\/hr\/kontakt\/\" \/>\n<meta property=\"og:site_name\" content=\"DiplomaShops.com - Buy Diploma Online | Fast &amp; Secure Service\" \/>\n<meta property=\"article:modified_time\" content=\"2026-03-14T16:06:33+00:00\" \/>\n<meta property=\"og:image\" content=\"https:\/\/diplomashops.com\/wp-content\/uploads\/2026\/03\/buy-diploma.webp\" \/>\n\t<meta property=\"og:image:width\" content=\"300\" \/>\n\t<meta property=\"og:image:height\" content=\"211\" \/>\n\t<meta property=\"og:image:type\" content=\"image\/webp\" \/>\n<meta name=\"twitter:card\" content=\"summary_large_image\" \/>\n<meta name=\"twitter:label1\" content=\"Procijenjeno vrijeme \u010ditanja\" \/>\n\t<meta name=\"twitter:data1\" content=\"3 minute\" \/>\n<script type=\"application\/ld+json\" class=\"yoast-schema-graph\">{\"@context\":\"https:\\\/\\\/schema.org\",\"@graph\":[{\"@type\":\"WebPage\",\"@id\":\"https:\\\/\\\/diplomashops.com\\\/contact\\\/\",\"url\":\"https:\\\/\\\/diplomashops.com\\\/contact\\\/\",\"name\":\"Contact - DiplomaShops.com - Buy Diploma Online | Fast &amp; Secure Service\",\"isPartOf\":{\"@id\":\"https:\\\/\\\/diplomashops.com\\\/#website\"},\"primaryImageOfPage\":{\"@id\":\"https:\\\/\\\/diplomashops.com\\\/contact\\\/#primaryimage\"},\"image\":{\"@id\":\"https:\\\/\\\/diplomashops.com\\\/contact\\\/#primaryimage\"},\"thumbnailUrl\":\"https:\\\/\\\/diplomashops.com\\\/wp-content\\\/uploads\\\/2026\\\/03\\\/buy-diploma.webp\",\"datePublished\":\"2026-03-14T15:35:38+00:00\",\"dateModified\":\"2026-03-14T16:06:33+00:00\",\"description\":\"Contact DiplomaShops.com for fast diploma service help. We respond within 1 hour via email or WhatsApp. Get assistance today!\",\"breadcrumb\":{\"@id\":\"https:\\\/\\\/diplomashops.com\\\/contact\\\/#breadcrumb\"},\"inLanguage\":\"hr\",\"potentialAction\":[{\"@type\":\"ReadAction\",\"target\":[\"https:\\\/\\\/diplomashops.com\\\/contact\\\/\"]}]},{\"@type\":\"ImageObject\",\"inLanguage\":\"hr\",\"@id\":\"https:\\\/\\\/diplomashops.com\\\/contact\\\/#primaryimage\",\"url\":\"https:\\\/\\\/diplomashops.com\\\/wp-content\\\/uploads\\\/2026\\\/03\\\/buy-diploma.webp\",\"contentUrl\":\"https:\\\/\\\/diplomashops.com\\\/wp-content\\\/uploads\\\/2026\\\/03\\\/buy-diploma.webp\"},{\"@type\":\"BreadcrumbList\",\"@id\":\"https:\\\/\\\/diplomashops.com\\\/contact\\\/#breadcrumb\",\"itemListElement\":[{\"@type\":\"ListItem\",\"position\":1,\"name\":\"Home\",\"item\":\"https:\\\/\\\/diplomashops.com\\\/\"},{\"@type\":\"ListItem\",\"position\":2,\"name\":\"Contact\"}]},{\"@type\":\"WebSite\",\"@id\":\"https:\\\/\\\/diplomashops.com\\\/#website\",\"url\":\"https:\\\/\\\/diplomashops.com\\\/\",\"name\":\"DiplomaShops.com - Buy Diploma Online | Fast &amp; Secure Service\",\"description\":\"Buy a Diploma online Delivered Worldwide - Order Your Certificate Today\",\"potentialAction\":[{\"@type\":\"SearchAction\",\"target\":{\"@type\":\"EntryPoint\",\"urlTemplate\":\"https:\\\/\\\/diplomashops.com\\\/?s={search_term_string}\"},\"query-input\":{\"@type\":\"PropertyValueSpecification\",\"valueRequired\":true,\"valueName\":\"search_term_string\"}}],\"inLanguage\":\"hr\"}]}<\/script>\n<!-- \/ Yoast SEO plugin. -->","yoast_head_json":{"title":"Kontakt - DiplomaShops.com - Kupite diplomu online | Brza i sigurna usluga","description":"Obratite se DiplomaShops.com za brzu pomo\u0107 oko diplome. Odgovaramo u roku od 1 sata putem e-po\u0161te ili WhatsAppa. Dobijte pomo\u0107 ve\u0107 danas!","robots":{"index":"index","follow":"follow","max-snippet":"max-snippet:-1","max-image-preview":"max-image-preview:large","max-video-preview":"max-video-preview:-1"},"canonical":"https:\/\/diplomashops.com\/hr\/kontakt\/","og_locale":"hr_HR","og_type":"article","og_title":"Contact - DiplomaShops.com - Buy Diploma Online | Fast &amp; Secure Service","og_description":"Contact DiplomaShops.com for fast diploma service help. We respond within 1 hour via email or WhatsApp. Get assistance today!","og_url":"https:\/\/diplomashops.com\/hr\/kontakt\/","og_site_name":"DiplomaShops.com - Buy Diploma Online | Fast &amp; Secure Service","article_modified_time":"2026-03-14T16:06:33+00:00","og_image":[{"width":300,"height":211,"url":"https:\/\/diplomashops.com\/wp-content\/uploads\/2026\/03\/buy-diploma.webp","type":"image\/webp"}],"twitter_card":"summary_large_image","twitter_misc":{"Procijenjeno vrijeme \u010ditanja":"3 minute"},"schema":{"@context":"https:\/\/schema.org","@graph":[{"@type":"WebPage","@id":"https:\/\/diplomashops.com\/contact\/","url":"https:\/\/diplomashops.com\/contact\/","name":"Kontakt - DiplomaShops.com - Kupite diplomu online | Brza i sigurna usluga","isPartOf":{"@id":"https:\/\/diplomashops.com\/#website"},"primaryImageOfPage":{"@id":"https:\/\/diplomashops.com\/contact\/#primaryimage"},"image":{"@id":"https:\/\/diplomashops.com\/contact\/#primaryimage"},"thumbnailUrl":"https:\/\/diplomashops.com\/wp-content\/uploads\/2026\/03\/buy-diploma.webp","datePublished":"2026-03-14T15:35:38+00:00","dateModified":"2026-03-14T16:06:33+00:00","description":"Obratite se DiplomaShops.com za brzu pomo\u0107 oko diplome. Odgovaramo u roku od 1 sata putem e-po\u0161te ili WhatsAppa. Dobijte pomo\u0107 ve\u0107 danas!","breadcrumb":{"@id":"https:\/\/diplomashops.com\/contact\/#breadcrumb"},"inLanguage":"hr","potentialAction":[{"@type":"ReadAction","target":["https:\/\/diplomashops.com\/contact\/"]}]},{"@type":"ImageObject","inLanguage":"hr","@id":"https:\/\/diplomashops.com\/contact\/#primaryimage","url":"https:\/\/diplomashops.com\/wp-content\/uploads\/2026\/03\/buy-diploma.webp","contentUrl":"https:\/\/diplomashops.com\/wp-content\/uploads\/2026\/03\/buy-diploma.webp"},{"@type":"BreadcrumbList","@id":"https:\/\/diplomashops.com\/contact\/#breadcrumb","itemListElement":[{"@type":"ListItem","position":1,"name":"Home","item":"https:\/\/diplomashops.com\/"},{"@type":"ListItem","position":2,"name":"Contact"}]},{"@type":"WebSite","@id":"https:\/\/diplomashops.com\/#website","url":"https:\/\/diplomashops.com\/","name":"DiplomaShops.com - Kupite diplomu online | Brza i sigurna usluga","description":"Kupite diplomu online, dostava diljem svijeta - naru\u010dite svoj certifikat danas","potentialAction":[{"@type":"SearchAction","target":{"@type":"EntryPoint","urlTemplate":"https:\/\/diplomashops.com\/?s={search_term_string}"},"query-input":{"@type":"PropertyValueSpecification","valueRequired":true,"valueName":"search_term_string"}}],"inLanguage":"hr"}]}},"_links":{"self":[{"href":"https:\/\/diplomashops.com\/hr\/wp-json\/wp\/v2\/pages\/21","targetHints":{"allow":["GET"]}}],"collection":[{"href":"https:\/\/diplomashops.com\/hr\/wp-json\/wp\/v2\/pages"}],"about":[{"href":"https:\/\/diplomashops.com\/hr\/wp-json\/wp\/v2\/types\/page"}],"author":[{"embeddable":true,"href":"https:\/\/diplomashops.com\/hr\/wp-json\/wp\/v2\/users\/1"}],"replies":[{"embeddable":true,"href":"https:\/\/diplomashops.com\/hr\/wp-json\/wp\/v2\/comments?post=21"}],"version-history":[{"count":7,"href":"https:\/\/diplomashops.com\/hr\/wp-json\/wp\/v2\/pages\/21\/revisions"}],"predecessor-version":[{"id":95,"href":"https:\/\/diplomashops.com\/hr\/wp-json\/wp\/v2\/pages\/21\/revisions\/95"}],"wp:attachment":[{"href":"https:\/\/diplomashops.com\/hr\/wp-json\/wp\/v2\/media?parent=21"}],"curies":[{"name":"wp","href":"https:\/\/api.w.org\/{rel}","templated":true}]}}