{"id":36,"date":"2026-03-14T15:41:58","date_gmt":"2026-03-14T15:41:58","guid":{"rendered":"https:\/\/diplomashops.com\/?page_id=36"},"modified":"2026-03-14T16:06:08","modified_gmt":"2026-03-14T16:06:08","slug":"o-nama","status":"publish","type":"page","link":"https:\/\/diplomashops.com\/hr\/about-us\/","title":{"rendered":"O nama"},"content":{"rendered":"<h2 class=\"wp-block-heading\">Va\u0161 pouzdani pru\u017eatelj diploma, www.DiplomaShops.com<\/h2>\n\n\n\n<p>Dobrodo\u0161li na DiplomaShops.com, va\u0161eg pouzdanog partnera za profesionalne usluge izrade diploma od 2018. godine. Specijalizirani smo za izradu visokokvalitetnih diploma autenti\u010dnog izgleda za pojedince diljem svijeta kojima su potrebni zamjenski dokumenti, alati za napredovanje u karijeri ili osobni referentni materijali. Na\u0161a je misija pru\u017eati brze, sigurne i diskretne usluge koje svaki put nadma\u0161uju o\u010dekivanja klijenata.<\/p>\n\n\n\n<figure class=\"wp-block-image size-full\"><img loading=\"lazy\" decoding=\"async\" width=\"300\" height=\"211\" src=\"https:\/\/diplomashops.com\/wp-content\/uploads\/2026\/03\/buy-diploma.webp\" alt=\"kupi diplomu\" class=\"wp-image-88\" srcset=\"https:\/\/diplomashops.com\/wp-content\/uploads\/2026\/03\/buy-diploma.webp 300w, https:\/\/diplomashops.com\/wp-content\/uploads\/2026\/03\/buy-diploma-18x12.webp 18w\" sizes=\"auto, (max-width: 300px) 100vw, 300px\" \/><\/figure>\n\n\n\n<h3 class=\"wp-block-heading\">Na\u0161a pri\u010da i misija<\/h3>\n\n\n\n<h4 class=\"wp-block-heading\">Osnovano na kvaliteti i povjerenju<\/h4>\n\n\n\n<p>DiplomaShops.com je osnovan 2018. godine od strane tima profesionalaca za dizajn dokumenata koji su prepoznali rastu\u0107u potrebu za legitimnim uslugama zamjene diploma. Ono \u0161to je zapo\u010delo kao mala tvrtka preraslo je u pouzdanu me\u0111unarodnu uslugu koja podr\u017eava klijente diljem Europe, Sjeverne Amerike i \u0161ire.<\/p>\n\n\n\n<h4 class=\"wp-block-heading\">Posve\u0107enost izvrsnosti<\/h4>\n\n\n\n<p>Vjerujemo da svatko zaslu\u017euje pristup kvalitetnoj dokumentaciji kad mu je najpotrebnija. Bilo da ste izgubili originalnu diplomu, trebate zamjenu za administrativne potrebe ili \u017eelite obogatiti svoj profesionalni portfolio, tu smo da vam pomognemo s dostojanstvom i diskrecijom.<\/p>\n\n\n\n<h4 class=\"wp-block-heading\">Vrijednosti koje nas pokre\u0107u<\/h4>\n\n\n\n<ul class=\"wp-block-list\">\n<li>Integritet: Po\u0161tena, transparentna usluga s jasnom komunikacijom<\/li>\n\n\n\n<li>Kvaliteta: vrhunski materijali i profesionalni standardi dizajna<\/li>\n\n\n\n<li>Brzina: brza obrada i pouzdana dostava diljem svijeta<\/li>\n\n\n\n<li>Privatnost: Potpuna povjerljivost i sigurno rukovanje osobnim podacima<\/li>\n\n\n\n<li>Podr\u0161ka: Vi\u0161ezavr\u0161na korisni\u010dka slu\u017eba dostupna 24\/7<\/li>\n<\/ul>\n\n\n\n<hr class=\"wp-block-separator has-alpha-channel-opacity\"\/>\n\n\n\n<h3 class=\"wp-block-heading\">Za\u0161to odabrati DiplomaShops.com?<\/h3>\n\n\n\n<h4 class=\"wp-block-heading\">Tim stru\u010dnjaka za dizajn<\/h4>\n\n\n\n<p>Na\u0161i kreativni stru\u010dnjaci imaju desetlje\u0107a zajedni\u010dkog iskustva u reprodukciji dokumenata i grafi\u010dkom dizajnu. Radimo isklju\u010divo s certificiranim dizajnerima koji razumiju institucionalno formatiranje i zahtjeve za autentifikaciju.<\/p>\n\n\n\n<h4 class=\"wp-block-heading\">Globalni doseg, lokalna podr\u0161ka<\/h4>\n\n\n\n<p>S kupcima u vi\u0161e od 20 zemalja i podr\u017enim osobljem koje govori vi\u0161e jezika, premostavamo kulturne i geografske razlike kako bismo vam pru\u017eili bolju uslugu. Na\u0161a me\u0111unarodna mre\u017ea dostave osigurava pouzdanu isporuku bilo gdje u svijetu.<\/p>\n\n\n\n<h4 class=\"wp-block-heading\">Vrhunska tehnologija<\/h4>\n\n\n\n<p>Koristimo najsuvremeniju opremu za tisak i vrhunske materijale koji odra\u017eavaju slu\u017ebene institucionalne standarde. Na\u0161i digitalni procesi osiguravaju to\u010dnost i dosljednost u svakoj diplomi koju izra\u0111ujemo.<\/p>\n\n\n\n<h4 class=\"wp-block-heading\">Priznanja u industriji<\/h4>\n\n\n\n<p>Od na\u0161eg osnutka pomogli smo tisu\u0107ama zadovoljnih korisnika da dobiju potrebnu dokumentaciju. Na\u0161a predanost kvaliteti i korisni\u010dkoj slu\u017ebi donijela nam je priznanje kao vode\u0107em pru\u017eatelju usluga u industriji dokumenata.<\/p>\n\n\n\n<hr class=\"wp-block-separator has-alpha-channel-opacity\"\/>\n\n\n\n<h3 class=\"wp-block-heading\">Obja\u0161njenje na\u0161ih usluga<\/h3>\n\n\n\n<h4 class=\"wp-block-heading\">Reprodukcija akademske diplome<\/h4>\n\n\n\n<p>Od srednjo\u0161kolskih diploma do sveu\u010dili\u0161nih diploma, izra\u0111ujemo to\u010dne reprodukcije na temelju stvarnih predlo\u017eaka priznatih institucija. Savr\u0161eno za zamjenu izgubljenih originala ili ispunjavanje administrativnih zahtjeva.<\/p>\n\n\n\n<h4 class=\"wp-block-heading\">Profesionalne kopije certifikata<\/h4>\n\n\n\n<p>Trebate li dokaz o stru\u010dnoj obuci ili certifikaciji? Nudimo kvalifikacije za razne industrije, uklju\u010duju\u0107i IT, zdravstvo, financije, in\u017eenjerstvo i druge \u2013 sve u skladu s industrijskim standardima.<\/p>\n\n\n\n<h4 class=\"wp-block-heading\">Prilago\u0111eni dizajn diplome<\/h4>\n\n\n\n<p>Na\u0161a specijalizirana usluga omogu\u0107uje potpunu personalizaciju, uklju\u010duju\u0107i prilago\u0111ene logotipe, institucionalne pe\u010date, potpise i formatiranje. Idealno za tvrtke, organizacije ili jedinstvene osobne potrebe.<\/p>\n\n\n\n<h4 class=\"wp-block-heading\">Hitna zamjenska slu\u017eba<\/h4>\n\n\n\n<p>Jeste li izgubili diplomu prije razgovora za posao ili va\u017enog sastanka? Na\u0161a ekspresna usluga dostavlja u roku od 24 do 48 sati u hitnim situacijama kada je vrijeme od presudne va\u017enosti.<\/p>\n\n\n\n<hr class=\"wp-block-separator has-alpha-channel-opacity\"\/>\n\n\n\n<h3 class=\"wp-block-heading\">Upoznajte na\u0161 tim<\/h3>\n\n\n\n<h4 class=\"wp-block-heading\">Specijalisti korisni\u010dke slu\u017ebe<\/h4>\n\n\n\n<p>Na\u0161 tim za vi\u0161estruki jezi\u010dni podr\u0161ku obra\u0111uje upite na vi\u0161e od 20 jezika, osiguravaju\u0107i jasnu komunikaciju bez obzira na va\u0161u lokaciju ili materin jezik. Dostupan 24 sata dnevno, 7 dana u tjednu za trenutnu pomo\u0107.<\/p>\n\n\n\n<h4 class=\"wp-block-heading\">Stru\u010dnjaci za dizajn i produkciju<\/h4>\n\n\n\n<p>Certificirani dizajneri dokumenata i stru\u010dnjaci za tisak sura\u0111uju na izradi diploma koje zadovoljavaju najvi\u0161e standarde kvalitete. Svaki je detalj pa\u017eljivo izra\u0111en radi autenti\u010dnosti i profesionalnosti.<\/p>\n\n\n\n<h4 class=\"wp-block-heading\">Logisti\u010dki i koordinatori dostave<\/h4>\n\n\n\n<p>Na\u0161 logisti\u010dki tim upravlja svjetskim operacijama dostave, osiguravaju\u0107i pravovremenu isporuku i pravilno rukovanje svim paketima. Sura\u0111uje s pouzdanim prijevoznicima u svakoj regiji koju opslu\u017eujemo.<\/p>\n\n\n\n<h4 class=\"wp-block-heading\">Menad\u017eeri osiguranja kvalitete<\/h4>\n\n\n\n<p>Prije nego \u0161to se bilo koja diploma po\u0161alje, prolazi rigorozne kontrole kvalitete kako bi se osigurala to\u010dnost, izgled i uskla\u0111enost s specifikacijama kupca. Na\u0161 proces kontrole kvalitete jam\u010di zadovoljstvo svaki put.<\/p>\n\n\n\n<hr class=\"wp-block-separator has-alpha-channel-opacity\"\/>\n\n\n\n<h3 class=\"wp-block-heading\">Na\u0161a predanost Vama<\/h3>\n\n\n\n<h4 class=\"wp-block-heading\">100% Garancija zadovoljstva<\/h4>\n\n\n\n<p>Stoji iza svake diplome koju izradimo. Ako niste u potpunosti zadovoljni kvalitetom ili to\u010dno\u0161\u0107u, ponovno \u0107emo je izraditi besplatno ili vam vratiti sav novac.<\/p>\n\n\n\n<h4 class=\"wp-block-heading\">Obe\u0107anje o za\u0161titi privatnosti<\/h4>\n\n\n\n<p>Va\u0161i osobni podaci i detalji narud\u017ebe nikada se ne dijele s tre\u0107im stranama. Sve komunikacije i transakcije obra\u0111uju se s najve\u0107om povjerljivo\u0161\u0107u.<\/p>\n\n\n\n<h4 class=\"wp-block-heading\">Brzo vrijeme odgovora<\/h4>\n\n\n\n<p>Jam\u010dimo odgovore na upite kupaca unutar jednog sata tijekom radnog vremena. Na\u0161 tim za podr\u0161ku uvijek je spreman pomo\u0107i s bilo kakvim pitanjima ili nedoumicama.<\/p>\n\n\n\n<h4 class=\"wp-block-heading\">Kontinuirano pobolj\u0161anje<\/h4>\n\n\n\n<p>Redovito a\u017euriramo na\u0161e procese, materijale i usluge na temelju povratnih informacija kupaca i razvoja u industriji. Va\u0161 uspjeh poti\u010de na\u0161e inovacije.<\/p>\n\n\n\n<hr class=\"wp-block-separator has-alpha-channel-opacity\"\/>\n\n\n\n<h3 class=\"wp-block-heading\">Va\u017ene prekretnice tvrtke<\/h3>\n\n\n\n<h4 class=\"wp-block-heading\">2018.: Osnivanje tvrtke<\/h4>\n\n\n\n<p>Pokrenuli smo poslovanje s fokusom na europsko tr\u017ei\u0161te diploma usluga<\/p>\n\n\n\n<h4 class=\"wp-block-heading\">2019: Me\u0111unarodna ekspanzija<\/h4>\n\n\n\n<p>Pro\u0161irene usluge za Sjevernu Ameriku i dodana vi\u0161jezichna podr\u0161ka<\/p>\n\n\n\n<h4 class=\"wp-block-heading\">2020: Digitalna transformacija<\/h4>\n\n\n\n<p>Pokrenuta je platforma za online naru\u010divanje i opcije digitalnih diploma.<\/p>\n\n\n\n<h4 class=\"wp-block-heading\">2021.: Premium linija usluga<\/h4>\n\n\n\n<p>Uvedene su luksuzne papirne opcije i usluge prilago\u0111enog dizajna.<\/p>\n\n\n\n<h4 class=\"wp-block-heading\">2022: Globalna pomorska mre\u017ea<\/h4>\n\n\n\n<p>Uspostavljena su partnerstva s me\u0111unarodnim prijevoznicima radi br\u017ee dostave.<\/p>\n\n\n\n<h4 class=\"wp-block-heading\">2023.: Poja\u010dane sigurnosne mjere<\/h4>\n\n\n\n<p>Implementirani su napredni protokoli za \u0161ifriranje i za\u0161titu privatnosti.<\/p>\n\n\n\n<h4 class=\"wp-block-heading\">2024: Razvoj mobilnih aplikacija<\/h4>\n\n\n\n<p>Radimo na namjenskoj mobilnoj aplikaciji za lak\u0161e naru\u010divanje.<\/p>\n\n\n\n<hr class=\"wp-block-separator has-alpha-channel-opacity\"\/>\n\n\n\n<h3 class=\"wp-block-heading\">S pogledom u budu\u0107nost<\/h3>\n\n\n\n<p>Kako nastavljamo rasti, na\u0161a predanost ostaje nepromijenjena: pru\u017eanje izvanrednih diploma usluga uz integritet, kvalitetu i zadovoljstvo klijenata na prvom mjestu. Stalno inoviramo kako bismo bolje slu\u017eili na\u0161oj globalnoj zajednici i prilago\u0111avali se promjenjivim potrebama klijenata.<\/p>\n\n\n\n<p>Pridru\u017eite se tisu\u0107ama zadovoljnih kupaca koji su za svoje potrebe diploma vjerovali DiplomaShops.com. Iskusite razliku koju profesionalna usluga \u010dini.<\/p>\n\n\n\n<hr class=\"wp-block-separator has-alpha-channel-opacity\"\/>\n\n\n\n<h3 class=\"wp-block-heading\">Kontaktirajte nas<\/h3>\n\n\n\n<p>Jeste li spremni saznati vi\u0161e o na\u0161im uslugama ili razgovarati o va\u0161im specifi\u010dnim potrebama za diplomom? Na\u0161 tim je na raspolaganju da vam pomogne.<\/p>\n\n\n\n<p>\ud83d\udce7 E-po\u0161ta:&nbsp;<a href=\"mailto:DiplomaShops247@gmail.com\" target=\"_blank\" rel=\"noreferrer noopener\">DiplomaShops247@gmail.com<\/a><br>\ud83c\udf10 Web stranica:&nbsp;<a href=\"https:\/\/diplomashops.com\/hr\/\" target=\"_blank\" rel=\"noreferrer noopener\">www.diplomashops.com<\/a><\/p>\n\n\n\n<figure class=\"wp-block-image size-full\"><img loading=\"lazy\" decoding=\"async\" width=\"300\" height=\"212\" src=\"https:\/\/diplomashops.com\/wp-content\/uploads\/2026\/03\/Buy-a-university-master-bachelor-diploma-online.webp\" alt=\"Kupite online diplomu sveu\u010dili\u0161nog magistra i prvostupnika\" class=\"wp-image-86\" srcset=\"https:\/\/diplomashops.com\/wp-content\/uploads\/2026\/03\/Buy-a-university-master-bachelor-diploma-online.webp 300w, https:\/\/diplomashops.com\/wp-content\/uploads\/2026\/03\/Buy-a-university-master-bachelor-diploma-online-18x12.webp 18w\" sizes=\"auto, (max-width: 300px) 100vw, 300px\" \/><\/figure>","protected":false},"excerpt":{"rendered":"<p>Your Trusted Diploma Service Provider, www.DiplomaShops.com Welcome to DiplomaShops.com, your reliable partner for professional diploma services since 2018. We specialize [&hellip;]<\/p>\n","protected":false},"author":1,"featured_media":0,"parent":0,"menu_order":0,"comment_status":"closed","ping_status":"closed","template":"","meta":{"site-sidebar-layout":"default","site-content-layout":"","ast-site-content-layout":"default","site-content-style":"default","site-sidebar-style":"default","ast-global-header-display":"","ast-banner-title-visibility":"","ast-main-header-display":"","ast-hfb-above-header-display":"","ast-hfb-below-header-display":"","ast-hfb-mobile-header-display":"","site-post-title":"","ast-breadcrumbs-content":"","ast-featured-img":"","footer-sml-layout":"","ast-disable-related-posts":"","theme-transparent-header-meta":"","adv-header-id-meta":"","stick-header-meta":"","header-above-stick-meta":"","header-main-stick-meta":"","header-below-stick-meta":"","astra-migrate-meta-layouts":"default","ast-page-background-enabled":"default","ast-page-background-meta":{"desktop":{"background-color":"var(--ast-global-color-5)","background-image":"","background-repeat":"repeat","background-position":"center center","background-size":"auto","background-attachment":"scroll","background-type":"","background-media":"","overlay-type":"","overlay-color":"","overlay-opacity":"","overlay-gradient":""},"tablet":{"background-color":"","background-image":"","background-repeat":"repeat","background-position":"center center","background-size":"auto","background-attachment":"scroll","background-type":"","background-media":"","overlay-type":"","overlay-color":"","overlay-opacity":"","overlay-gradient":""},"mobile":{"background-color":"","background-image":"","background-repeat":"repeat","background-position":"center center","background-size":"auto","background-attachment":"scroll","background-type":"","background-media":"","overlay-type":"","overlay-color":"","overlay-opacity":"","overlay-gradient":""}},"ast-content-background-meta":{"desktop":{"background-color":"var(--ast-global-color-4)","background-image":"","background-repeat":"repeat","background-position":"center center","background-size":"auto","background-attachment":"scroll","background-type":"","background-media":"","overlay-type":"","overlay-color":"","overlay-opacity":"","overlay-gradient":""},"tablet":{"background-color":"var(--ast-global-color-4)","background-image":"","background-repeat":"repeat","background-position":"center center","background-size":"auto","background-attachment":"scroll","background-type":"","background-media":"","overlay-type":"","overlay-color":"","overlay-opacity":"","overlay-gradient":""},"mobile":{"background-color":"var(--ast-global-color-4)","background-image":"","background-repeat":"repeat","background-position":"center center","background-size":"auto","background-attachment":"scroll","background-type":"","background-media":"","overlay-type":"","overlay-color":"","overlay-opacity":"","overlay-gradient":""}},"footnotes":""},"class_list":["post-36","page","type-page","status-publish","hentry"],"yoast_head":"<!-- This site is optimized with the Yoast SEO plugin v27.5 - https:\/\/yoast.com\/product\/yoast-seo-wordpress\/ -->\n<title>About us - DiplomaShops.com - Buy Diploma Online | Fast &amp; Secure Service<\/title>\n<meta name=\"description\" content=\"Learn about DiplomaShops.com - trusted diploma service since 2018. Quality, privacy, and fast delivery worldwide. Meet our team today!\" \/>\n<meta name=\"robots\" content=\"index, follow, max-snippet:-1, max-image-preview:large, max-video-preview:-1\" \/>\n<link rel=\"canonical\" href=\"https:\/\/diplomashops.com\/hr\/o-nama\/\" \/>\n<meta property=\"og:locale\" content=\"hr_HR\" \/>\n<meta property=\"og:type\" content=\"article\" \/>\n<meta property=\"og:title\" content=\"About us - DiplomaShops.com - Buy Diploma Online | Fast &amp; Secure Service\" \/>\n<meta property=\"og:description\" content=\"Learn about DiplomaShops.com - trusted diploma service since 2018. Quality, privacy, and fast delivery worldwide. Meet our team today!\" \/>\n<meta property=\"og:url\" content=\"https:\/\/diplomashops.com\/hr\/o-nama\/\" \/>\n<meta property=\"og:site_name\" content=\"DiplomaShops.com - Buy Diploma Online | Fast &amp; Secure Service\" \/>\n<meta property=\"article:modified_time\" content=\"2026-03-14T16:06:08+00:00\" \/>\n<meta property=\"og:image\" content=\"https:\/\/diplomashops.com\/wp-content\/uploads\/2026\/03\/buy-diploma.webp\" \/>\n\t<meta property=\"og:image:width\" content=\"300\" \/>\n\t<meta property=\"og:image:height\" content=\"211\" \/>\n\t<meta property=\"og:image:type\" content=\"image\/webp\" \/>\n<meta name=\"twitter:card\" content=\"summary_large_image\" \/>\n<meta name=\"twitter:label1\" content=\"Procijenjeno vrijeme \u010ditanja\" \/>\n\t<meta name=\"twitter:data1\" content=\"5 minuta\" \/>\n<script type=\"application\/ld+json\" class=\"yoast-schema-graph\">{\"@context\":\"https:\\\/\\\/schema.org\",\"@graph\":[{\"@type\":\"WebPage\",\"@id\":\"https:\\\/\\\/diplomashops.com\\\/about-us\\\/\",\"url\":\"https:\\\/\\\/diplomashops.com\\\/about-us\\\/\",\"name\":\"About us - DiplomaShops.com - Buy Diploma Online | Fast &amp; Secure Service\",\"isPartOf\":{\"@id\":\"https:\\\/\\\/diplomashops.com\\\/#website\"},\"primaryImageOfPage\":{\"@id\":\"https:\\\/\\\/diplomashops.com\\\/about-us\\\/#primaryimage\"},\"image\":{\"@id\":\"https:\\\/\\\/diplomashops.com\\\/about-us\\\/#primaryimage\"},\"thumbnailUrl\":\"https:\\\/\\\/diplomashops.com\\\/wp-content\\\/uploads\\\/2026\\\/03\\\/buy-diploma.webp\",\"datePublished\":\"2026-03-14T15:41:58+00:00\",\"dateModified\":\"2026-03-14T16:06:08+00:00\",\"description\":\"Learn about DiplomaShops.com - trusted diploma service since 2018. Quality, privacy, and fast delivery worldwide. Meet our team today!\",\"breadcrumb\":{\"@id\":\"https:\\\/\\\/diplomashops.com\\\/about-us\\\/#breadcrumb\"},\"inLanguage\":\"hr\",\"potentialAction\":[{\"@type\":\"ReadAction\",\"target\":[\"https:\\\/\\\/diplomashops.com\\\/about-us\\\/\"]}]},{\"@type\":\"ImageObject\",\"inLanguage\":\"hr\",\"@id\":\"https:\\\/\\\/diplomashops.com\\\/about-us\\\/#primaryimage\",\"url\":\"https:\\\/\\\/diplomashops.com\\\/wp-content\\\/uploads\\\/2026\\\/03\\\/buy-diploma.webp\",\"contentUrl\":\"https:\\\/\\\/diplomashops.com\\\/wp-content\\\/uploads\\\/2026\\\/03\\\/buy-diploma.webp\"},{\"@type\":\"BreadcrumbList\",\"@id\":\"https:\\\/\\\/diplomashops.com\\\/about-us\\\/#breadcrumb\",\"itemListElement\":[{\"@type\":\"ListItem\",\"position\":1,\"name\":\"Home\",\"item\":\"https:\\\/\\\/diplomashops.com\\\/\"},{\"@type\":\"ListItem\",\"position\":2,\"name\":\"About us\"}]},{\"@type\":\"WebSite\",\"@id\":\"https:\\\/\\\/diplomashops.com\\\/#website\",\"url\":\"https:\\\/\\\/diplomashops.com\\\/\",\"name\":\"DiplomaShops.com - Buy Diploma Online | Fast &amp; Secure Service\",\"description\":\"Buy a Diploma online Delivered Worldwide - Order Your Certificate Today\",\"potentialAction\":[{\"@type\":\"SearchAction\",\"target\":{\"@type\":\"EntryPoint\",\"urlTemplate\":\"https:\\\/\\\/diplomashops.com\\\/?s={search_term_string}\"},\"query-input\":{\"@type\":\"PropertyValueSpecification\",\"valueRequired\":true,\"valueName\":\"search_term_string\"}}],\"inLanguage\":\"hr\"}]}<\/script>\n<!-- \/ Yoast SEO plugin. -->","yoast_head_json":{"title":"O nama - DiplomaShops.com - Kupite diplomu online | Brza i sigurna usluga","description":"Saznajte vi\u0161e o DiplomaShops.com \u2013 pouzdanoj usluzi izrade diploma od 2018. godine. Kvaliteta, povjerljivost i brza dostava diljem svijeta. Upoznajte na\u0161 tim danas!","robots":{"index":"index","follow":"follow","max-snippet":"max-snippet:-1","max-image-preview":"max-image-preview:large","max-video-preview":"max-video-preview:-1"},"canonical":"https:\/\/diplomashops.com\/hr\/o-nama\/","og_locale":"hr_HR","og_type":"article","og_title":"About us - DiplomaShops.com - Buy Diploma Online | Fast &amp; Secure Service","og_description":"Learn about DiplomaShops.com - trusted diploma service since 2018. Quality, privacy, and fast delivery worldwide. Meet our team today!","og_url":"https:\/\/diplomashops.com\/hr\/o-nama\/","og_site_name":"DiplomaShops.com - Buy Diploma Online | Fast &amp; Secure Service","article_modified_time":"2026-03-14T16:06:08+00:00","og_image":[{"width":300,"height":211,"url":"https:\/\/diplomashops.com\/wp-content\/uploads\/2026\/03\/buy-diploma.webp","type":"image\/webp"}],"twitter_card":"summary_large_image","twitter_misc":{"Procijenjeno vrijeme \u010ditanja":"5 minuta"},"schema":{"@context":"https:\/\/schema.org","@graph":[{"@type":"WebPage","@id":"https:\/\/diplomashops.com\/about-us\/","url":"https:\/\/diplomashops.com\/about-us\/","name":"O nama - DiplomaShops.com - Kupite diplomu online | Brza i sigurna usluga","isPartOf":{"@id":"https:\/\/diplomashops.com\/#website"},"primaryImageOfPage":{"@id":"https:\/\/diplomashops.com\/about-us\/#primaryimage"},"image":{"@id":"https:\/\/diplomashops.com\/about-us\/#primaryimage"},"thumbnailUrl":"https:\/\/diplomashops.com\/wp-content\/uploads\/2026\/03\/buy-diploma.webp","datePublished":"2026-03-14T15:41:58+00:00","dateModified":"2026-03-14T16:06:08+00:00","description":"Saznajte vi\u0161e o DiplomaShops.com \u2013 pouzdanoj usluzi izrade diploma od 2018. godine. Kvaliteta, povjerljivost i brza dostava diljem svijeta. Upoznajte na\u0161 tim danas!","breadcrumb":{"@id":"https:\/\/diplomashops.com\/about-us\/#breadcrumb"},"inLanguage":"hr","potentialAction":[{"@type":"ReadAction","target":["https:\/\/diplomashops.com\/about-us\/"]}]},{"@type":"ImageObject","inLanguage":"hr","@id":"https:\/\/diplomashops.com\/about-us\/#primaryimage","url":"https:\/\/diplomashops.com\/wp-content\/uploads\/2026\/03\/buy-diploma.webp","contentUrl":"https:\/\/diplomashops.com\/wp-content\/uploads\/2026\/03\/buy-diploma.webp"},{"@type":"BreadcrumbList","@id":"https:\/\/diplomashops.com\/about-us\/#breadcrumb","itemListElement":[{"@type":"ListItem","position":1,"name":"Home","item":"https:\/\/diplomashops.com\/"},{"@type":"ListItem","position":2,"name":"About us"}]},{"@type":"WebSite","@id":"https:\/\/diplomashops.com\/#website","url":"https:\/\/diplomashops.com\/","name":"DiplomaShops.com - Kupite diplomu online | Brza i sigurna usluga","description":"Kupite diplomu online, dostava diljem svijeta - naru\u010dite svoj certifikat danas","potentialAction":[{"@type":"SearchAction","target":{"@type":"EntryPoint","urlTemplate":"https:\/\/diplomashops.com\/?s={search_term_string}"},"query-input":{"@type":"PropertyValueSpecification","valueRequired":true,"valueName":"search_term_string"}}],"inLanguage":"hr"}]}},"_links":{"self":[{"href":"https:\/\/diplomashops.com\/hr\/wp-json\/wp\/v2\/pages\/36","targetHints":{"allow":["GET"]}}],"collection":[{"href":"https:\/\/diplomashops.com\/hr\/wp-json\/wp\/v2\/pages"}],"about":[{"href":"https:\/\/diplomashops.com\/hr\/wp-json\/wp\/v2\/types\/page"}],"author":[{"embeddable":true,"href":"https:\/\/diplomashops.com\/hr\/wp-json\/wp\/v2\/users\/1"}],"replies":[{"embeddable":true,"href":"https:\/\/diplomashops.com\/hr\/wp-json\/wp\/v2\/comments?post=36"}],"version-history":[{"count":3,"href":"https:\/\/diplomashops.com\/hr\/wp-json\/wp\/v2\/pages\/36\/revisions"}],"predecessor-version":[{"id":94,"href":"https:\/\/diplomashops.com\/hr\/wp-json\/wp\/v2\/pages\/36\/revisions\/94"}],"wp:attachment":[{"href":"https:\/\/diplomashops.com\/hr\/wp-json\/wp\/v2\/media?parent=36"}],"curies":[{"name":"wp","href":"https:\/\/api.w.org\/{rel}","templated":true}]}}