{"id":36,"date":"2026-03-14T15:41:58","date_gmt":"2026-03-14T15:41:58","guid":{"rendered":"https:\/\/diplomashops.com\/?page_id=36"},"modified":"2026-03-14T16:06:08","modified_gmt":"2026-03-14T16:06:08","slug":"about-us","status":"publish","type":"page","link":"https:\/\/diplomashops.com\/hu\/about-us\/","title":{"rendered":"R\u00f3lunk"},"content":{"rendered":"<h2 class=\"wp-block-heading\">Az \u00d6n megb\u00edzhat\u00f3 diplomaszolg\u00e1ltat\u00f3ja, www.DiplomaShops.com<\/h2>\n\n\n\n<p>\u00dcdv\u00f6z\u00f6lj\u00fck a DiplomaShops.com oldalon, amely 2018 \u00f3ta az \u00d6n megb\u00edzhat\u00f3 partnere a professzion\u00e1lis diplomaszolg\u00e1ltat\u00e1sok ter\u00e9n. Kiv\u00e1l\u00f3 min\u0151s\u00e9g\u0171, hitelesnek t\u0171n\u0151 diplom\u00e1k l\u00e9trehoz\u00e1s\u00e1ra szakosodtunk vil\u00e1gszerte olyan mag\u00e1nszem\u00e9lyek sz\u00e1m\u00e1ra, akiknek helyettes\u00edt\u0151 dokumentumokra, karrier\u00e9p\u00edt\u00e9si eszk\u00f6z\u00f6kre vagy szem\u00e9lyes referenciaanyagokra van sz\u00fcks\u00e9g\u00fck. K\u00fcldet\u00e9s\u00fcnk, hogy gyors, biztons\u00e1gos \u00e9s diszkr\u00e9t szolg\u00e1ltat\u00e1sokat ny\u00fajtsunk, amelyek minden alkalommal fel\u00fclm\u00falj\u00e1k az \u00fcgyfelek elv\u00e1r\u00e1sait.<\/p>\n\n\n\n<figure class=\"wp-block-image size-full\"><img loading=\"lazy\" decoding=\"async\" width=\"300\" height=\"211\" src=\"https:\/\/diplomashops.com\/wp-content\/uploads\/2026\/03\/buy-diploma.webp\" alt=\"oklev\u00e9lv\u00e1s\u00e1rl\u00e1s\" class=\"wp-image-88\" srcset=\"https:\/\/diplomashops.com\/wp-content\/uploads\/2026\/03\/buy-diploma.webp 300w, https:\/\/diplomashops.com\/wp-content\/uploads\/2026\/03\/buy-diploma-18x12.webp 18w\" sizes=\"auto, (max-width: 300px) 100vw, 300px\" \/><\/figure>\n\n\n\n<h3 class=\"wp-block-heading\">T\u00f6rt\u00e9net\u00fcnk \u00e9s k\u00fcldet\u00e9s\u00fcnk<\/h3>\n\n\n\n<h4 class=\"wp-block-heading\">Min\u0151s\u00e9gre \u00e9s bizalomra alapozva<\/h4>\n\n\n\n<p>A DiplomaShops.com-ot 2018-ban hozta l\u00e9tre egy dokumentumtervez\u00e9si szakemberekb\u0151l \u00e1ll\u00f3 csapat, akik felismert\u00e9k, hogy egyre nagyobb sz\u00fcks\u00e9g van a t\u00f6rv\u00e9nyes oklev\u00e9lcsere-szolg\u00e1ltat\u00e1sokra. Ami kis v\u00e1llalkoz\u00e1sk\u00e9nt indult, m\u00e1ra egy megb\u00edzhat\u00f3 nemzetk\u00f6zi szolg\u00e1ltat\u00e1ss\u00e1 n\u0151tte ki mag\u00e1t, amely t\u00e1mogatja az \u00fcgyfeleket Eur\u00f3pa-szerte, \u00c9szak-Amerik\u00e1ban \u00e9s azon t\u00fal is.<\/p>\n\n\n\n<h4 class=\"wp-block-heading\">Elk\u00f6telezetts\u00e9g a kiv\u00e1l\u00f3s\u00e1g ir\u00e1nt<\/h4>\n\n\n\n<p>Hissz\u00fck, hogy mindenki meg\u00e9rdemli a min\u0151s\u00e9gi dokument\u00e1ci\u00f3hoz val\u00f3 hozz\u00e1f\u00e9r\u00e9st, amikor a legnagyobb sz\u00fcks\u00e9g van r\u00e1. Ak\u00e1r elvesztette eredeti diplom\u00e1j\u00e1t, ak\u00e1r adminisztrat\u00edv okokb\u00f3l van sz\u00fcks\u00e9ge p\u00f3tl\u00e1sra, ak\u00e1r szakmai portf\u00f3li\u00f3j\u00e1t szeretn\u00e9 b\u0151v\u00edteni, mi m\u00e9lt\u00f3s\u00e1ggal \u00e9s diszkr\u00e9ci\u00f3val seg\u00edt\u00fcnk.<\/p>\n\n\n\n<h4 class=\"wp-block-heading\">\u00c9rt\u00e9kek, amelyek vez\u00e9relnek minket<\/h4>\n\n\n\n<ul class=\"wp-block-list\">\n<li>Integrit\u00e1s: \u0151szinte, \u00e1tl\u00e1that\u00f3 szolg\u00e1ltat\u00e1s, vil\u00e1gos kommunik\u00e1ci\u00f3val<\/li>\n\n\n\n<li>Min\u0151s\u00e9g: Pr\u00e9mium anyagok \u00e9s professzion\u00e1lis tervez\u00e9si szabv\u00e1nyok<\/li>\n\n\n\n<li>Sebess\u00e9g: Gyors feldolgoz\u00e1s \u00e9s megb\u00edzhat\u00f3 sz\u00e1ll\u00edt\u00e1s vil\u00e1gszerte<\/li>\n\n\n\n<li>Adatv\u00e9delem: A szem\u00e9lyes adatok teljes titoktart\u00e1sa \u00e9s biztons\u00e1gos kezel\u00e9se<\/li>\n\n\n\n<li>T\u00e1mogat\u00e1s: T\u00f6bbnyelv\u0171 \u00fcgyf\u00e9lszolg\u00e1lat 24\/7<\/li>\n<\/ul>\n\n\n\n<hr class=\"wp-block-separator has-alpha-channel-opacity\"\/>\n\n\n\n<h3 class=\"wp-block-heading\">Mi\u00e9rt v\u00e1lassza a DiplomaShops.com-ot?<\/h3>\n\n\n\n<h4 class=\"wp-block-heading\">Szak\u00e9rt\u0151 tervez\u0151csapat<\/h4>\n\n\n\n<p>Kreat\u00edv szakembereink egy\u00fcttesen t\u00f6bb \u00e9vtizedes tapasztalattal rendelkeznek a dokumentumok sokszoros\u00edt\u00e1sa \u00e9s a grafikai tervez\u00e9s ter\u00e9n. Kiz\u00e1r\u00f3lag tan\u00fas\u00edtott tervez\u0151kkel dolgozunk, akik tiszt\u00e1ban vannak az int\u00e9zm\u00e9nyi form\u00e1z\u00e1si \u00e9s hiteles\u00edt\u00e9si k\u00f6vetelm\u00e9nyekkel.<\/p>\n\n\n\n<h4 class=\"wp-block-heading\">Glob\u00e1lis el\u00e9r\u00e9s, helyi t\u00e1mogat\u00e1s<\/h4>\n\n\n\n<p>T\u00f6bb mint 20 orsz\u00e1gban l\u00e9v\u0151 \u00fcgyfeleink \u00e9s t\u00f6bb nyelven besz\u00e9l\u0151 t\u00e1mogat\u00f3 szem\u00e9lyzet\u00fcnk r\u00e9v\u00e9n \u00e1thidaljuk a kultur\u00e1lis \u00e9s f\u00f6ldrajzi k\u00fcl\u00f6nbs\u00e9geket, hogy jobban kiszolg\u00e1lhassuk \u00d6nt. Nemzetk\u00f6zi sz\u00e1ll\u00edt\u00e1si h\u00e1l\u00f3zatunk megb\u00edzhat\u00f3 sz\u00e1ll\u00edt\u00e1st biztos\u00edt a vil\u00e1g b\u00e1rmely pontj\u00e1ra.<\/p>\n\n\n\n<h4 class=\"wp-block-heading\">\u00c9lvonalbeli technol\u00f3gia<\/h4>\n\n\n\n<p>A legmodernebb nyomdai berendez\u00e9seket \u00e9s pr\u00e9mium min\u0151s\u00e9g\u0171 anyagokat haszn\u00e1lunk, amelyek t\u00fckr\u00f6zik a hivatalos int\u00e9zm\u00e9nyi szabv\u00e1nyokat. Digit\u00e1lis elj\u00e1r\u00e1saink biztos\u00edtj\u00e1k a pontoss\u00e1got \u00e9s a konzisztenci\u00e1t minden \u00e1ltalunk el\u0151\u00e1ll\u00edtott oklev\u00e9l eset\u00e9ben.<\/p>\n\n\n\n<h4 class=\"wp-block-heading\">Ipari elismer\u00e9s<\/h4>\n\n\n\n<p>Alap\u00edt\u00e1sunk \u00f3ta t\u00f6bb ezer el\u00e9gedett \u00fcgyf\u00e9lnek seg\u00edtett\u00fcnk megszerezni a sz\u00fcks\u00e9ges dokument\u00e1ci\u00f3t. A min\u0151s\u00e9g \u00e9s az \u00fcgyf\u00e9lszolg\u00e1lat ir\u00e1nti elk\u00f6telezetts\u00e9g\u00fcnk elismer\u00e9st szerzett nek\u00fcnk, mint a dokumentumszolg\u00e1ltat\u00e1si \u00e1gazat vezet\u0151 szolg\u00e1ltat\u00f3j\u00e1nak.<\/p>\n\n\n\n<hr class=\"wp-block-separator has-alpha-channel-opacity\"\/>\n\n\n\n<h3 class=\"wp-block-heading\">Szolg\u00e1ltat\u00e1saink magyar\u00e1zata<\/h3>\n\n\n\n<h4 class=\"wp-block-heading\">Akad\u00e9miai diploma reprodukci\u00f3<\/h4>\n\n\n\n<p>A k\u00f6z\u00e9piskolai diplom\u00e1kt\u00f3l az egyetemi diplom\u00e1kig pontos reprodukci\u00f3kat k\u00e9sz\u00edt\u00fcnk elismert int\u00e9zm\u00e9nyek val\u00f3di sablonjai alapj\u00e1n. T\u00f6k\u00e9letes az elveszett eredetiek p\u00f3tl\u00e1s\u00e1ra vagy az adminisztrat\u00edv k\u00f6vetelm\u00e9nyek teljes\u00edt\u00e9s\u00e9re.<\/p>\n\n\n\n<h4 class=\"wp-block-heading\">Szakmai tan\u00fas\u00edtv\u00e1nyok m\u00e1solatai<\/h4>\n\n\n\n<p>Szakmai k\u00e9pz\u00e9st vagy tan\u00fas\u00edtv\u00e1nyt kell igazolnia? K\u00fcl\u00f6nb\u00f6z\u0151 ipar\u00e1gak sz\u00e1m\u00e1ra k\u00edn\u00e1lunk igazol\u00e1sokat, t\u00f6bbek k\u00f6z\u00f6tt az IT, az eg\u00e9szs\u00e9g\u00fcgy, a p\u00e9nz\u00fcgy, a m\u00e9rn\u00f6ki \u00e9s egy\u00e9b ipar\u00e1gak sz\u00e1m\u00e1ra - mindegyiket az ipar\u00e1gi szabv\u00e1nyoknak megfelel\u0151en tervezt\u00fck.<\/p>\n\n\n\n<h4 class=\"wp-block-heading\">Egyedi diploma tervez\u00e9se<\/h4>\n\n\n\n<p>Speci\u00e1lis szolg\u00e1ltat\u00e1sunk lehet\u0151v\u00e9 teszi a teljes k\u00f6r\u0171 szem\u00e9lyre szab\u00e1st, bele\u00e9rtve az egyedi log\u00f3kat, int\u00e9zm\u00e9nyi pecs\u00e9teket, al\u00e1\u00edr\u00e1sokat \u00e9s form\u00e1z\u00e1st. Ide\u00e1lis v\u00e1llalkoz\u00e1sok, szervezetek vagy egyedi szem\u00e9lyes ig\u00e9nyek sz\u00e1m\u00e1ra.<\/p>\n\n\n\n<h4 class=\"wp-block-heading\">S\u00fcrg\u0151ss\u00e9gi csere szolg\u00e1ltat\u00e1s<\/h4>\n\n\n\n<p>Elvesztette a diplom\u00e1j\u00e1t egy \u00e1ll\u00e1sinterj\u00fa vagy fontos megbesz\u00e9l\u00e9s el\u0151tt? Expressz szolg\u00e1ltat\u00e1sunk 24-48 \u00f3r\u00e1n bel\u00fcl k\u00e9zbes\u00edti az oklevelet olyan s\u00fcrg\u0151s helyzetekben, amikor az id\u0151z\u00edt\u00e9s kritikus.<\/p>\n\n\n\n<hr class=\"wp-block-separator has-alpha-channel-opacity\"\/>\n\n\n\n<h3 class=\"wp-block-heading\">Ismerje meg csapatunkat<\/h3>\n\n\n\n<h4 class=\"wp-block-heading\">\u00dcgyf\u00e9lszolg\u00e1lati szakemberek<\/h4>\n\n\n\n<p>T\u00f6bbnyelv\u0171 \u00fcgyf\u00e9lszolg\u00e1lati csapatunk t\u00f6bb mint 20 nyelven kezeli a megkeres\u00e9seket, biztos\u00edtva az egy\u00e9rtelm\u0171 kommunik\u00e1ci\u00f3t, f\u00fcggetlen\u00fcl az \u00d6n tart\u00f3zkod\u00e1si hely\u00e9t\u0151l vagy anyanyelv\u00e9t\u0151l. Azonnali seg\u00edts\u00e9g\u00e9rt a nap 24 \u00f3r\u00e1j\u00e1ban rendelkez\u00e9sre \u00e1ll.<\/p>\n\n\n\n<h4 class=\"wp-block-heading\">Tervez\u00e9si \u00e9s gy\u00e1rt\u00e1si szak\u00e9rt\u0151k<\/h4>\n\n\n\n<p>A tan\u00fas\u00edtott dokumentumtervez\u0151k \u00e9s a nyomdai szakemberek egy\u00fctt dolgoznak a legmagasabb min\u0151s\u00e9gi k\u00f6vetelm\u00e9nyeknek megfelel\u0151 oklevelek l\u00e9trehoz\u00e1s\u00e1n. Minden r\u00e9szletet gondosan kidolgoznak a hiteless\u00e9g \u00e9s a professzionalizmus \u00e9rdek\u00e9ben.<\/p>\n\n\n\n<h4 class=\"wp-block-heading\">Logisztikai \u00e9s sz\u00e1ll\u00edt\u00e1si koordin\u00e1torok<\/h4>\n\n\n\n<p>Logisztikai csapatunk ir\u00e1ny\u00edtja a vil\u00e1gm\u00e9ret\u0171 sz\u00e1ll\u00edt\u00e1si m\u0171veleteket, biztos\u00edtva a csomagok id\u0151ben t\u00f6rt\u00e9n\u0151 k\u00e9zbes\u00edt\u00e9s\u00e9t \u00e9s megfelel\u0151 kezel\u00e9s\u00e9t. Minden \u00e1ltalunk kiszolg\u00e1lt r\u00e9gi\u00f3ban megb\u00edzhat\u00f3 fuvaroz\u00f3kkal dolgoznak egy\u00fctt.<\/p>\n\n\n\n<h4 class=\"wp-block-heading\">Min\u0151s\u00e9gbiztos\u00edt\u00e1si menedzserek<\/h4>\n\n\n\n<p>Miel\u0151tt b\u00e1rmilyen diplom\u00e1t elk\u00fclden\u00e9nk, szigor\u00fa min\u0151s\u00e9gi ellen\u0151rz\u00e9seken megy kereszt\u00fcl, hogy biztos\u00edtsuk a pontoss\u00e1got, a megjelen\u00e9st \u00e9s a vev\u0151i el\u0151\u00edr\u00e1soknak val\u00f3 megfelel\u00e9st. A min\u0151s\u00e9gbiztos\u00edt\u00e1si folyamatunk minden alkalommal garant\u00e1lja az el\u00e9gedetts\u00e9get.<\/p>\n\n\n\n<hr class=\"wp-block-separator has-alpha-channel-opacity\"\/>\n\n\n\n<h3 class=\"wp-block-heading\">Elk\u00f6telezetts\u00e9g\u00fcnk \u00d6n ir\u00e1nt<\/h3>\n\n\n\n<h4 class=\"wp-block-heading\">100% El\u00e9gedetts\u00e9gi garancia<\/h4>\n\n\n\n<p>Minden \u00e1ltalunk k\u00e9sz\u00edtett diploma m\u00f6g\u00f6tt \u00e1llunk. Ha nem vagy teljesen el\u00e9gedett a min\u0151s\u00e9ggel vagy a pontoss\u00e1ggal, ingyenesen \u00fajra elk\u00e9sz\u00edtj\u00fck, vagy teljes visszat\u00e9r\u00edt\u00e9st biztos\u00edtunk.<\/p>\n\n\n\n<h4 class=\"wp-block-heading\">Adatv\u00e9delmi \u00edg\u00e9ret<\/h4>\n\n\n\n<p>Az \u00d6n szem\u00e9lyes adatait \u00e9s a megrendel\u00e9s adatait soha nem osztjuk meg harmadik f\u00e9llel. Minden kommunik\u00e1ci\u00f3t \u00e9s tranzakci\u00f3t a legnagyobb titoktart\u00e1s mellett kezel\u00fcnk.<\/p>\n\n\n\n<h4 class=\"wp-block-heading\">Gyors v\u00e1laszid\u0151<\/h4>\n\n\n\n<p>Garant\u00e1ljuk, hogy az \u00fcgyf\u00e9lk\u00e9rd\u00e9sekre munkaid\u0151ben egy \u00f3r\u00e1n bel\u00fcl v\u00e1laszolunk. T\u00e1mogat\u00f3 csapatunk mindig k\u00e9szen \u00e1ll arra, hogy b\u00e1rmilyen k\u00e9rd\u00e9ssel vagy probl\u00e9m\u00e1val kapcsolatban seg\u00edts\u00e9get ny\u00fajtson.<\/p>\n\n\n\n<h4 class=\"wp-block-heading\">Folyamatos fejleszt\u00e9s<\/h4>\n\n\n\n<p>Az \u00fcgyfelek visszajelz\u00e9sei \u00e9s az ipar\u00e1gi fejlem\u00e9nyek alapj\u00e1n rendszeresen friss\u00edtj\u00fck folyamatainkat, anyagainkat \u00e9s szolg\u00e1ltat\u00e1sainkat. Az \u00d6n sikere hajtja innov\u00e1ci\u00f3nkat.<\/p>\n\n\n\n<hr class=\"wp-block-separator has-alpha-channel-opacity\"\/>\n\n\n\n<h3 class=\"wp-block-heading\">V\u00e1llalati m\u00e9rf\u00f6ldk\u00f6vek<\/h3>\n\n\n\n<h4 class=\"wp-block-heading\">2018: V\u00e1llalat Alap\u00edtv\u00e1ny<\/h4>\n\n\n\n<p>Megkezdte m\u0171k\u00f6d\u00e9s\u00e9t az eur\u00f3pai piaci diplomaszolg\u00e1ltat\u00e1sokra \u00f6sszpontos\u00edtva<\/p>\n\n\n\n<h4 class=\"wp-block-heading\">2019: Nemzetk\u00f6zi terjeszked\u00e9s<\/h4>\n\n\n\n<p>A szolg\u00e1ltat\u00e1sok kiterjeszt\u00e9se \u00c9szak-Amerik\u00e1ra \u00e9s t\u00f6bbnyelv\u0171 t\u00e1mogat\u00e1s hozz\u00e1ad\u00e1sa<\/p>\n\n\n\n<h4 class=\"wp-block-heading\">2020: Digit\u00e1lis \u00e1talakul\u00e1s<\/h4>\n\n\n\n<p>Online rendel\u00e9si platform \u00e9s digit\u00e1lis diplomav\u00e1lt\u00e1si lehet\u0151s\u00e9gek bevezet\u00e9se<\/p>\n\n\n\n<h4 class=\"wp-block-heading\">2021: Pr\u00e9mium szolg\u00e1ltat\u00e1si vonal<\/h4>\n\n\n\n<p>Luxus pap\u00edrv\u00e1laszt\u00e9k \u00e9s egyedi tervez\u00e9si szolg\u00e1ltat\u00e1sok bevezet\u00e9se<\/p>\n\n\n\n<h4 class=\"wp-block-heading\">2022: Glob\u00e1lis sz\u00e1ll\u00edt\u00e1si h\u00e1l\u00f3zat<\/h4>\n\n\n\n<p>Nemzetk\u00f6zi fuvaroz\u00f3kkal kialak\u00edtott partners\u00e9gek a gyorsabb sz\u00e1ll\u00edt\u00e1s \u00e9rdek\u00e9ben<\/p>\n\n\n\n<h4 class=\"wp-block-heading\">2023: Fokozott biztons\u00e1gi int\u00e9zked\u00e9sek<\/h4>\n\n\n\n<p>Fejlett titkos\u00edt\u00e1si \u00e9s adatv\u00e9delmi protokollok bevezet\u00e9se<\/p>\n\n\n\n<h4 class=\"wp-block-heading\">2024: Mobile App Development<\/h4>\n\n\n\n<p>Dedik\u00e1lt mobilalkalmaz\u00e1s kidolgoz\u00e1sa a k\u00f6nnyebb rendel\u00e9s \u00e9rdek\u00e9ben<\/p>\n\n\n\n<hr class=\"wp-block-separator has-alpha-channel-opacity\"\/>\n\n\n\n<h3 class=\"wp-block-heading\">El\u0151re tekintve<\/h3>\n\n\n\n<p>Mik\u00f6zben folyamatosan n\u00f6veksz\u00fcnk, elk\u00f6telezetts\u00e9g\u00fcnk v\u00e1ltozatlan marad: kiv\u00e9teles diplomaszolg\u00e1ltat\u00e1sokat ny\u00fajtunk, a tisztess\u00e9g, a min\u0151s\u00e9g \u00e9s az \u00fcgyfelek el\u00e9gedetts\u00e9ge \u00e1ll az els\u0151 helyen. Folyamatosan \u00faj\u00edtunk, hogy jobban kiszolg\u00e1lhassuk glob\u00e1lis k\u00f6z\u00f6ss\u00e9g\u00fcnket, \u00e9s alkalmazkodjunk a v\u00e1ltoz\u00f3 \u00fcgyf\u00e9lig\u00e9nyekhez.<\/p>\n\n\n\n<p>Csatlakozzon t\u00f6bb ezer el\u00e9gedett \u00fcgyf\u00e9lhez, akik a DiplomaShops.com-ra b\u00edzt\u00e1k diplomak\u00f6vetelm\u00e9nyeiket. Tapasztalja meg a k\u00fcl\u00f6nbs\u00e9get, amit a professzion\u00e1lis szolg\u00e1ltat\u00e1s jelent.<\/p>\n\n\n\n<hr class=\"wp-block-separator has-alpha-channel-opacity\"\/>\n\n\n\n<h3 class=\"wp-block-heading\">Kapcsolatfelv\u00e9tel<\/h3>\n\n\n\n<p>Szeretne t\u00f6bbet megtudni szolg\u00e1ltat\u00e1sainkr\u00f3l, vagy megvitatni az \u00d6n speci\u00e1lis diplomasz\u00fcks\u00e9gleteit? Csapatunk k\u00e9szen \u00e1ll, hogy seg\u00edtsen \u00d6nnek.<\/p>\n\n\n\n<p>\ud83d\udce7 Email:&nbsp;<a href=\"mailto:DiplomaShops247@gmail.com\" target=\"_blank\" rel=\"noreferrer noopener\">DiplomaShops247@gmail.com<\/a><br>\ud83c\udf10 Weboldal:&nbsp;<a href=\"https:\/\/diplomashops.com\/hu\/\" target=\"_blank\" rel=\"noreferrer noopener\">www.diplomashops.com<\/a><\/p>\n\n\n\n<figure class=\"wp-block-image size-full\"><img loading=\"lazy\" decoding=\"async\" width=\"300\" height=\"212\" src=\"https:\/\/diplomashops.com\/wp-content\/uploads\/2026\/03\/Buy-a-university-master-bachelor-diploma-online.webp\" alt=\"V\u00e1s\u00e1roljon egyetemi mesterlevelet online\" class=\"wp-image-86\" srcset=\"https:\/\/diplomashops.com\/wp-content\/uploads\/2026\/03\/Buy-a-university-master-bachelor-diploma-online.webp 300w, https:\/\/diplomashops.com\/wp-content\/uploads\/2026\/03\/Buy-a-university-master-bachelor-diploma-online-18x12.webp 18w\" sizes=\"auto, (max-width: 300px) 100vw, 300px\" \/><\/figure>","protected":false},"excerpt":{"rendered":"<p>Your Trusted Diploma Service Provider, www.DiplomaShops.com Welcome to DiplomaShops.com, your reliable partner for professional diploma services since 2018. We specialize [&hellip;]<\/p>\n","protected":false},"author":1,"featured_media":0,"parent":0,"menu_order":0,"comment_status":"closed","ping_status":"closed","template":"","meta":{"site-sidebar-layout":"default","site-content-layout":"","ast-site-content-layout":"default","site-content-style":"default","site-sidebar-style":"default","ast-global-header-display":"","ast-banner-title-visibility":"","ast-main-header-display":"","ast-hfb-above-header-display":"","ast-hfb-below-header-display":"","ast-hfb-mobile-header-display":"","site-post-title":"","ast-breadcrumbs-content":"","ast-featured-img":"","footer-sml-layout":"","ast-disable-related-posts":"","theme-transparent-header-meta":"","adv-header-id-meta":"","stick-header-meta":"","header-above-stick-meta":"","header-main-stick-meta":"","header-below-stick-meta":"","astra-migrate-meta-layouts":"default","ast-page-background-enabled":"default","ast-page-background-meta":{"desktop":{"background-color":"var(--ast-global-color-5)","background-image":"","background-repeat":"repeat","background-position":"center center","background-size":"auto","background-attachment":"scroll","background-type":"","background-media":"","overlay-type":"","overlay-color":"","overlay-opacity":"","overlay-gradient":""},"tablet":{"background-color":"","background-image":"","background-repeat":"repeat","background-position":"center center","background-size":"auto","background-attachment":"scroll","background-type":"","background-media":"","overlay-type":"","overlay-color":"","overlay-opacity":"","overlay-gradient":""},"mobile":{"background-color":"","background-image":"","background-repeat":"repeat","background-position":"center center","background-size":"auto","background-attachment":"scroll","background-type":"","background-media":"","overlay-type":"","overlay-color":"","overlay-opacity":"","overlay-gradient":""}},"ast-content-background-meta":{"desktop":{"background-color":"var(--ast-global-color-4)","background-image":"","background-repeat":"repeat","background-position":"center center","background-size":"auto","background-attachment":"scroll","background-type":"","background-media":"","overlay-type":"","overlay-color":"","overlay-opacity":"","overlay-gradient":""},"tablet":{"background-color":"var(--ast-global-color-4)","background-image":"","background-repeat":"repeat","background-position":"center center","background-size":"auto","background-attachment":"scroll","background-type":"","background-media":"","overlay-type":"","overlay-color":"","overlay-opacity":"","overlay-gradient":""},"mobile":{"background-color":"var(--ast-global-color-4)","background-image":"","background-repeat":"repeat","background-position":"center center","background-size":"auto","background-attachment":"scroll","background-type":"","background-media":"","overlay-type":"","overlay-color":"","overlay-opacity":"","overlay-gradient":""}},"footnotes":""},"class_list":["post-36","page","type-page","status-publish","hentry"],"yoast_head":"<!-- This site is optimized with the Yoast SEO plugin v27.5 - https:\/\/yoast.com\/product\/yoast-seo-wordpress\/ -->\n<title>About us - DiplomaShops.com - Buy Diploma Online | Fast &amp; Secure Service<\/title>\n<meta name=\"description\" content=\"Learn about DiplomaShops.com - trusted diploma service since 2018. Quality, privacy, and fast delivery worldwide. Meet our team today!\" \/>\n<meta name=\"robots\" content=\"index, follow, max-snippet:-1, max-image-preview:large, max-video-preview:-1\" \/>\n<link rel=\"canonical\" href=\"https:\/\/diplomashops.com\/hu\/about-us\/\" \/>\n<meta property=\"og:locale\" content=\"hu_HU\" \/>\n<meta property=\"og:type\" content=\"article\" \/>\n<meta property=\"og:title\" content=\"About us - DiplomaShops.com - Buy Diploma Online | Fast &amp; Secure Service\" \/>\n<meta property=\"og:description\" content=\"Learn about DiplomaShops.com - trusted diploma service since 2018. Quality, privacy, and fast delivery worldwide. Meet our team today!\" \/>\n<meta property=\"og:url\" content=\"https:\/\/diplomashops.com\/hu\/about-us\/\" \/>\n<meta property=\"og:site_name\" content=\"DiplomaShops.com - Buy Diploma Online | Fast &amp; Secure Service\" \/>\n<meta property=\"article:modified_time\" content=\"2026-03-14T16:06:08+00:00\" \/>\n<meta property=\"og:image\" content=\"https:\/\/diplomashops.com\/wp-content\/uploads\/2026\/03\/buy-diploma.webp\" \/>\n\t<meta property=\"og:image:width\" content=\"300\" \/>\n\t<meta property=\"og:image:height\" content=\"211\" \/>\n\t<meta property=\"og:image:type\" content=\"image\/webp\" \/>\n<meta name=\"twitter:card\" content=\"summary_large_image\" \/>\n<meta name=\"twitter:label1\" content=\"Becs\u00fclt olvas\u00e1si id\u0151\" \/>\n\t<meta name=\"twitter:data1\" content=\"5 perc\" \/>\n<script type=\"application\/ld+json\" class=\"yoast-schema-graph\">{\"@context\":\"https:\\\/\\\/schema.org\",\"@graph\":[{\"@type\":\"WebPage\",\"@id\":\"https:\\\/\\\/diplomashops.com\\\/about-us\\\/\",\"url\":\"https:\\\/\\\/diplomashops.com\\\/about-us\\\/\",\"name\":\"About us - DiplomaShops.com - Buy Diploma Online | Fast &amp; Secure Service\",\"isPartOf\":{\"@id\":\"https:\\\/\\\/diplomashops.com\\\/#website\"},\"primaryImageOfPage\":{\"@id\":\"https:\\\/\\\/diplomashops.com\\\/about-us\\\/#primaryimage\"},\"image\":{\"@id\":\"https:\\\/\\\/diplomashops.com\\\/about-us\\\/#primaryimage\"},\"thumbnailUrl\":\"https:\\\/\\\/diplomashops.com\\\/wp-content\\\/uploads\\\/2026\\\/03\\\/buy-diploma.webp\",\"datePublished\":\"2026-03-14T15:41:58+00:00\",\"dateModified\":\"2026-03-14T16:06:08+00:00\",\"description\":\"Learn about DiplomaShops.com - trusted diploma service since 2018. Quality, privacy, and fast delivery worldwide. Meet our team today!\",\"breadcrumb\":{\"@id\":\"https:\\\/\\\/diplomashops.com\\\/about-us\\\/#breadcrumb\"},\"inLanguage\":\"hu\",\"potentialAction\":[{\"@type\":\"ReadAction\",\"target\":[\"https:\\\/\\\/diplomashops.com\\\/about-us\\\/\"]}]},{\"@type\":\"ImageObject\",\"inLanguage\":\"hu\",\"@id\":\"https:\\\/\\\/diplomashops.com\\\/about-us\\\/#primaryimage\",\"url\":\"https:\\\/\\\/diplomashops.com\\\/wp-content\\\/uploads\\\/2026\\\/03\\\/buy-diploma.webp\",\"contentUrl\":\"https:\\\/\\\/diplomashops.com\\\/wp-content\\\/uploads\\\/2026\\\/03\\\/buy-diploma.webp\"},{\"@type\":\"BreadcrumbList\",\"@id\":\"https:\\\/\\\/diplomashops.com\\\/about-us\\\/#breadcrumb\",\"itemListElement\":[{\"@type\":\"ListItem\",\"position\":1,\"name\":\"Home\",\"item\":\"https:\\\/\\\/diplomashops.com\\\/\"},{\"@type\":\"ListItem\",\"position\":2,\"name\":\"About us\"}]},{\"@type\":\"WebSite\",\"@id\":\"https:\\\/\\\/diplomashops.com\\\/#website\",\"url\":\"https:\\\/\\\/diplomashops.com\\\/\",\"name\":\"DiplomaShops.com - Buy Diploma Online | Fast &amp; Secure Service\",\"description\":\"Buy a Diploma online Delivered Worldwide - Order Your Certificate Today\",\"potentialAction\":[{\"@type\":\"SearchAction\",\"target\":{\"@type\":\"EntryPoint\",\"urlTemplate\":\"https:\\\/\\\/diplomashops.com\\\/?s={search_term_string}\"},\"query-input\":{\"@type\":\"PropertyValueSpecification\",\"valueRequired\":true,\"valueName\":\"search_term_string\"}}],\"inLanguage\":\"hu\"}]}<\/script>\n<!-- \/ Yoast SEO plugin. -->","yoast_head_json":{"title":"R\u00f3lunk - DiplomaShops.com - Diplomav\u00e1s\u00e1rl\u00e1s online | Gyors \u00e9s biztons\u00e1gos szolg\u00e1ltat\u00e1s","description":"Ismerje meg a DiplomaShops.com-ot - megb\u00edzhat\u00f3 diplomaszolg\u00e1ltat\u00e1s 2018 \u00f3ta. Min\u0151s\u00e9g, adatv\u00e9delem \u00e9s gyors sz\u00e1ll\u00edt\u00e1s vil\u00e1gszerte. Ismerje meg csapatunkat m\u00e9g ma!","robots":{"index":"index","follow":"follow","max-snippet":"max-snippet:-1","max-image-preview":"max-image-preview:large","max-video-preview":"max-video-preview:-1"},"canonical":"https:\/\/diplomashops.com\/hu\/about-us\/","og_locale":"hu_HU","og_type":"article","og_title":"About us - DiplomaShops.com - Buy Diploma Online | Fast &amp; Secure Service","og_description":"Learn about DiplomaShops.com - trusted diploma service since 2018. Quality, privacy, and fast delivery worldwide. Meet our team today!","og_url":"https:\/\/diplomashops.com\/hu\/about-us\/","og_site_name":"DiplomaShops.com - Buy Diploma Online | Fast &amp; Secure Service","article_modified_time":"2026-03-14T16:06:08+00:00","og_image":[{"width":300,"height":211,"url":"https:\/\/diplomashops.com\/wp-content\/uploads\/2026\/03\/buy-diploma.webp","type":"image\/webp"}],"twitter_card":"summary_large_image","twitter_misc":{"Becs\u00fclt olvas\u00e1si id\u0151":"5 perc"},"schema":{"@context":"https:\/\/schema.org","@graph":[{"@type":"WebPage","@id":"https:\/\/diplomashops.com\/about-us\/","url":"https:\/\/diplomashops.com\/about-us\/","name":"R\u00f3lunk - DiplomaShops.com - Diplomav\u00e1s\u00e1rl\u00e1s online | Gyors \u00e9s biztons\u00e1gos szolg\u00e1ltat\u00e1s","isPartOf":{"@id":"https:\/\/diplomashops.com\/#website"},"primaryImageOfPage":{"@id":"https:\/\/diplomashops.com\/about-us\/#primaryimage"},"image":{"@id":"https:\/\/diplomashops.com\/about-us\/#primaryimage"},"thumbnailUrl":"https:\/\/diplomashops.com\/wp-content\/uploads\/2026\/03\/buy-diploma.webp","datePublished":"2026-03-14T15:41:58+00:00","dateModified":"2026-03-14T16:06:08+00:00","description":"Ismerje meg a DiplomaShops.com-ot - megb\u00edzhat\u00f3 diplomaszolg\u00e1ltat\u00e1s 2018 \u00f3ta. Min\u0151s\u00e9g, adatv\u00e9delem \u00e9s gyors sz\u00e1ll\u00edt\u00e1s vil\u00e1gszerte. Ismerje meg csapatunkat m\u00e9g ma!","breadcrumb":{"@id":"https:\/\/diplomashops.com\/about-us\/#breadcrumb"},"inLanguage":"hu","potentialAction":[{"@type":"ReadAction","target":["https:\/\/diplomashops.com\/about-us\/"]}]},{"@type":"ImageObject","inLanguage":"hu","@id":"https:\/\/diplomashops.com\/about-us\/#primaryimage","url":"https:\/\/diplomashops.com\/wp-content\/uploads\/2026\/03\/buy-diploma.webp","contentUrl":"https:\/\/diplomashops.com\/wp-content\/uploads\/2026\/03\/buy-diploma.webp"},{"@type":"BreadcrumbList","@id":"https:\/\/diplomashops.com\/about-us\/#breadcrumb","itemListElement":[{"@type":"ListItem","position":1,"name":"Home","item":"https:\/\/diplomashops.com\/"},{"@type":"ListItem","position":2,"name":"About us"}]},{"@type":"WebSite","@id":"https:\/\/diplomashops.com\/#website","url":"https:\/\/diplomashops.com\/","name":"DiplomaShops.com - Diplomav\u00e1s\u00e1rl\u00e1s online | Gyors \u00e9s biztons\u00e1gos szolg\u00e1ltat\u00e1s","description":"V\u00e1s\u00e1roljon online diplom\u00e1t vil\u00e1gszerte - Rendelje meg tan\u00fas\u00edtv\u00e1ny\u00e1t m\u00e9g ma","potentialAction":[{"@type":"SearchAction","target":{"@type":"EntryPoint","urlTemplate":"https:\/\/diplomashops.com\/?s={search_term_string}"},"query-input":{"@type":"PropertyValueSpecification","valueRequired":true,"valueName":"search_term_string"}}],"inLanguage":"hu"}]}},"_links":{"self":[{"href":"https:\/\/diplomashops.com\/hu\/wp-json\/wp\/v2\/pages\/36","targetHints":{"allow":["GET"]}}],"collection":[{"href":"https:\/\/diplomashops.com\/hu\/wp-json\/wp\/v2\/pages"}],"about":[{"href":"https:\/\/diplomashops.com\/hu\/wp-json\/wp\/v2\/types\/page"}],"author":[{"embeddable":true,"href":"https:\/\/diplomashops.com\/hu\/wp-json\/wp\/v2\/users\/1"}],"replies":[{"embeddable":true,"href":"https:\/\/diplomashops.com\/hu\/wp-json\/wp\/v2\/comments?post=36"}],"version-history":[{"count":3,"href":"https:\/\/diplomashops.com\/hu\/wp-json\/wp\/v2\/pages\/36\/revisions"}],"predecessor-version":[{"id":94,"href":"https:\/\/diplomashops.com\/hu\/wp-json\/wp\/v2\/pages\/36\/revisions\/94"}],"wp:attachment":[{"href":"https:\/\/diplomashops.com\/hu\/wp-json\/wp\/v2\/media?parent=36"}],"curies":[{"name":"wp","href":"https:\/\/api.w.org\/{rel}","templated":true}]}}