{"id":21,"date":"2026-03-14T15:35:38","date_gmt":"2026-03-14T15:35:38","guid":{"rendered":"https:\/\/diplomashops.com\/?page_id=21"},"modified":"2026-03-14T16:06:33","modified_gmt":"2026-03-14T16:06:33","slug":"hafdu-samband","status":"publish","type":"page","link":"https:\/\/diplomashops.com\/is\/contact\/","title":{"rendered":"Haf\u00f0u samband"},"content":{"rendered":"<h2 class=\"wp-block-heading\">Haf\u00f0u samband \u2013 F\u00e1\u00f0u a\u00f0sto\u00f0 vi\u00f0 a\u00f0 kaupa dipl\u00f3muna \u00fe\u00edna<\/h2>\n\n\n\n<h3 class=\"wp-block-heading\">\u00ddmsar lei\u00f0ir til a\u00f0 hafa samband vi\u00f0 okkur<\/h3>\n\n\n\n<h4 class=\"wp-block-heading\">\ud83d\udce7 T\u00f6lvup\u00f3stur stu\u00f0nings<\/h4>\n\n\n\n<p>Sendu okkur skilabo\u00f0 hven\u00e6r sem er \u00e1&nbsp;<a href=\"mailto:DiplomaShops247@gmail.com\" target=\"_blank\" rel=\"noreferrer noopener\">DiplomaShops247@gmail.com<\/a>. Vi\u00f0 tryggjum svar innan 60 m\u00edn\u00fatna \u00e1 opnunart\u00edma okkar.<\/p>\n\n\n\n<h4 class=\"wp-block-heading\">\ud83d\udcac WhatsApp spjall<\/h4>\n\n\n\n<p>Viltu frekar tafarlaust spjall? Haf\u00f0u beint samband vi\u00f0 okkur \u00e1 WhatsApp til a\u00f0 f\u00e1 tafarlausa a\u00f0sto\u00f0. Smelltu \u00e1 WhatsApp-hnappinn \u00ed ne\u00f0ra h\u00e6gra horni skj\u00e1sins e\u00f0a skanna\u00f0u QR-k\u00f3\u00f0ann h\u00e9r a\u00f0 ne\u00f0an.<\/p>\n\n\n\n<h4 class=\"wp-block-heading\">\ud83c\udf10 Tengili\u00f0arey\u00f0ubla\u00f0<\/h4>\n\n\n\n<p>Nota\u00f0u \u00f6rugga tengili\u00f0arey\u00f0ubla\u00f0i\u00f0 okkar h\u00e9r a\u00f0 ne\u00f0an til a\u00f0 senda okkur spurningar e\u00f0a \u00e1hyggjur. Vi\u00f0 munum svara \u00fe\u00e9r flj\u00f3tt me\u00f0 gagnlegum lausnum.<\/p>\n\n\n\n<figure class=\"wp-block-image size-full\"><img loading=\"lazy\" decoding=\"async\" width=\"300\" height=\"211\" src=\"https:\/\/diplomashops.com\/wp-content\/uploads\/2026\/03\/buy-diploma.webp\" alt=\"kaupa pr\u00f3fsk\u00edrteini\" class=\"wp-image-88\" srcset=\"https:\/\/diplomashops.com\/wp-content\/uploads\/2026\/03\/buy-diploma.webp 300w, https:\/\/diplomashops.com\/wp-content\/uploads\/2026\/03\/buy-diploma-18x12.webp 18w\" sizes=\"auto, (max-width: 300px) 100vw, 300px\" \/><\/figure>\n\n\n\n<hr class=\"wp-block-separator has-alpha-channel-opacity\"\/>\n\n\n\n<h3 class=\"wp-block-heading\">Opnunart\u00edmi og vi\u00f0brag\u00f0st\u00edmi<\/h3>\n\n\n\n<h4 class=\"wp-block-heading\">Sta\u00f0la\u00f0ur vi\u00f0brag\u00f0st\u00edmi: innan eins klukkut\u00edma<\/h4>\n\n\n\n<p>Vi\u00f0 erum stolt af skj\u00f3tum samskiptum. \u00c1 opnunart\u00edma m\u00e1 b\u00faast vi\u00f0 svari innan 60 m\u00edn\u00fatna e\u00f0a skemmri t\u00edma.<\/p>\n\n\n\n<h4 class=\"wp-block-heading\">Vi\u00f0b\u00f3tarstu\u00f0ningur \u00ed bo\u00f0i<\/h4>\n\n\n\n<p>Er utan venjulegs opnunart\u00edma? Skildu eftir skilabo\u00f0 og vi\u00f0 sv\u00f6rum fyrst um lei\u00f0 n\u00e6sta virka dag.<\/p>\n\n\n\n<h4 class=\"wp-block-heading\">Helgar- og fr\u00eddagask\u00fdring<\/h4>\n\n\n\n<p>Vi\u00f0 h\u00f6fum hvorki helgar n\u00e9 fr\u00ed. Vi\u00f0 erum \u00e1 netinu allan s\u00f3larhringinn, alla daga vikunnar.<\/p>\n\n\n\n<hr class=\"wp-block-separator has-alpha-channel-opacity\"\/>\n\n\n\n<h3 class=\"wp-block-heading\">Algeng fyrirspurnarefni<\/h3>\n\n\n\n<h4 class=\"wp-block-heading\">P\u00f6ntunarsta\u00f0a og rekjanleiki<\/h4>\n\n\n\n<p>Viltu f\u00e1 uppf\u00e6rslur \u00e1 p\u00f6ntuninni \u00feinni \u00e1 dipl\u00f3ma? Viltu vita hven\u00e6r pakkinn \u00feinn kemur? Teymi\u00f0 okkar veitir raunt\u00edmauppl\u00fdsingar um sendinguna.<\/p>\n\n\n\n<h4 class=\"wp-block-heading\">Grei\u00f0slua\u00f0fer\u00f0ir og \u00f6ryggi<\/h4>\n\n\n\n<p>Spurningar um grei\u00f0slum\u00f6guleika, \u00f6ryggi vi\u00f0skipta e\u00f0a endurgrei\u00f0slustefnu? Vi\u00f0 \u00fatsk\u00fdrum allt sk\u00fdrt og gagns\u00e6tt.<\/p>\n\n\n\n<h4 class=\"wp-block-heading\">Bei\u00f0nir um s\u00e9rsni\u00f0ningu dipl\u00f3ma<\/h4>\n\n\n\n<p>Ekki viss um hva\u00f0a sni\u00f0m\u00e1t hentar \u00fe\u00ednum \u00fe\u00f6rfum? Viltu breyta n\u00faverandi h\u00f6nnun? S\u00e9rfr\u00e6\u00f0ingar okkar lei\u00f0a \u00feig \u00ed gegnum s\u00e9rsni\u00f0narvalkosti.<\/p>\n\n\n\n<h4 class=\"wp-block-heading\">Uppl\u00fdsingar um al\u00fej\u00f3\u00f0lega sendingu<\/h4>\n\n\n\n<p>Ertu forvitinn um afhendingart\u00edma til landsins \u00fe\u00edns? Veltir\u00f0u fyrir \u00fe\u00e9r tollafgrei\u00f0slu? Vi\u00f0 bj\u00f3\u00f0um upp \u00e1 \u00edtarlegar lei\u00f0beiningar um al\u00fej\u00f3\u00f0lega sendingu.<\/p>\n\n\n\n<figure class=\"wp-block-image size-full\"><img loading=\"lazy\" decoding=\"async\" width=\"300\" height=\"212\" src=\"https:\/\/diplomashops.com\/wp-content\/uploads\/2026\/03\/Buy-a-university-master-bachelor-diploma-online.webp\" alt=\"Kauptu h\u00e1sk\u00f3lamaster-, bachelor- og dipl\u00f3magr\u00e1\u00f0ur \u00e1 netinu\" class=\"wp-image-86\" srcset=\"https:\/\/diplomashops.com\/wp-content\/uploads\/2026\/03\/Buy-a-university-master-bachelor-diploma-online.webp 300w, https:\/\/diplomashops.com\/wp-content\/uploads\/2026\/03\/Buy-a-university-master-bachelor-diploma-online-18x12.webp 18w\" sizes=\"auto, (max-width: 300px) 100vw, 300px\" \/><\/figure>\n\n\n\n<hr class=\"wp-block-separator has-alpha-channel-opacity\"\/>\n\n\n\n<h3 class=\"wp-block-heading\">WhatsApp tengili\u00f0auppl\u00fdsingar<\/h3>\n\n\n\n<p>\ud83d\udd50 A\u00f0gengilegur: 24\/7 fyrir skj\u00f3t sv\u00f6r<br>\ud83d\udcac Stu\u00f0a\u00f0ar tungum\u00e1l: enska, hollenska, \u00fe\u00fdska, franska, sp\u00e6nska og fleiri<\/p>\n\n\n\n<p><em>Smelltu \u00e1 WhatsApp-t\u00e1kni\u00f0 \u00e1 skj\u00e1num \u00fe\u00ednum til a\u00f0 hefja spjall strax!<\/em><\/p>\n\n\n\n<hr class=\"wp-block-separator has-alpha-channel-opacity\"\/>\n\n\n\n<h3 class=\"wp-block-heading\">Mikilv\u00e6gar tengili\u00f0auppl\u00fdsingar<\/h3>\n\n\n\n<h4 class=\"wp-block-heading\">Netfang<\/h4>\n\n\n\n<p><a href=\"mailto:DiplomaShops247@gmail.com\" rel=\"noreferrer noopener\" target=\"_blank\">DiplomaShops247@gmail.com<\/a><\/p>\n\n\n\n<h4 class=\"wp-block-heading\">Svartrygging<\/h4>\n\n\n\n<p>Inni \u00e1 einni klukkustund \u00e1 opnunart\u00edma<\/p>\n\n\n\n<h4 class=\"wp-block-heading\">M\u00e1l sem tala\u00f0 er<\/h4>\n\n\n\n<p>enska, hollenska, \u00fe\u00fdska, franska, sp\u00e6nska, \u00edtalska, port\u00fag\u00f6lska, s\u00e6nska, norska, d\u00f6nsk, finnska, p\u00f3lsk, t\u00e9kknesk, ungversk, r\u00famenska, b\u00falg\u00f6rsk, gr\u00edsk, tyrknesk, arab\u00edsk, r\u00fassnesk, k\u00ednversk og fleiri!<\/p>\n\n\n\n<h4 class=\"wp-block-heading\">T\u00edmabelti<\/h4>\n\n\n\n<p>Mi\u00f0evr\u00f3pskur t\u00edmi (CET\/CEST)<\/p>\n\n\n\n<hr class=\"wp-block-separator has-alpha-channel-opacity\"\/>\n\n\n\n<h3 class=\"wp-block-heading\">\u00c1\u00f0ur en \u00fe\u00fa hefur samband vi\u00f0 okkur<\/h3>\n\n\n\n<p>Sko\u00f0a\u00f0u okkar&nbsp;<a href=\"https:\/\/diplomashops.com\/is\/faq\/\">Algengar spurningar<\/a> S\u00ed\u00f0a me\u00f0 sv\u00f6rum vi\u00f0 algengum spurningum um pantanir, grei\u00f0slur, sendingar og kr\u00f6fur um dipl\u00f3m. \u00de\u00fa g\u00e6tir fundi\u00f0 n\u00e1kv\u00e6mlega \u00fea\u00f0 sem \u00fe\u00fa \u00fearft \u00e1n \u00feess a\u00f0 b\u00ed\u00f0a! Smelltu h\u00e9r ef \u00fe\u00fa vilt lesa meira <a href=\"https:\/\/diplomashops.com\/is\/about-us\/\">um okkur<\/a>. <\/p>\n\n\n\n<hr class=\"wp-block-separator has-alpha-channel-opacity\"\/>\n\n\n\n<h3 class=\"wp-block-heading\">\u00dearftu tafarlausa a\u00f0sto\u00f0?<\/h3>\n\n\n\n<p>Smelltu \u00e1 WhatsApp-hnappinn \u00ed ne\u00f0ra horninu \u00e1 skj\u00e1num \u00fe\u00ednum til a\u00f0 spjalla vi\u00f0 okkur strax. Engin bi\u00f0 \u2013 tafarlaust a\u00f0sto\u00f0 fr\u00e1 stu\u00f0ningss\u00e9rfr\u00e6\u00f0ingum okkar.<\/p>","protected":false},"excerpt":{"rendered":"<p>Contact Us \u2013 Get Help Buying Your Diploma Multiple Ways to Contact Us &#x1f4e7; Email Support Send us a message [&hellip;]<\/p>\n","protected":false},"author":1,"featured_media":0,"parent":0,"menu_order":0,"comment_status":"closed","ping_status":"closed","template":"","meta":{"site-sidebar-layout":"default","site-content-layout":"","ast-site-content-layout":"default","site-content-style":"default","site-sidebar-style":"default","ast-global-header-display":"","ast-banner-title-visibility":"","ast-main-header-display":"","ast-hfb-above-header-display":"","ast-hfb-below-header-display":"","ast-hfb-mobile-header-display":"","site-post-title":"","ast-breadcrumbs-content":"","ast-featured-img":"","footer-sml-layout":"","ast-disable-related-posts":"","theme-transparent-header-meta":"","adv-header-id-meta":"","stick-header-meta":"","header-above-stick-meta":"","header-main-stick-meta":"","header-below-stick-meta":"","astra-migrate-meta-layouts":"default","ast-page-background-enabled":"default","ast-page-background-meta":{"desktop":{"background-color":"var(--ast-global-color-5)","background-image":"","background-repeat":"repeat","background-position":"center center","background-size":"auto","background-attachment":"scroll","background-type":"","background-media":"","overlay-type":"","overlay-color":"","overlay-opacity":"","overlay-gradient":""},"tablet":{"background-color":"","background-image":"","background-repeat":"repeat","background-position":"center center","background-size":"auto","background-attachment":"scroll","background-type":"","background-media":"","overlay-type":"","overlay-color":"","overlay-opacity":"","overlay-gradient":""},"mobile":{"background-color":"","background-image":"","background-repeat":"repeat","background-position":"center center","background-size":"auto","background-attachment":"scroll","background-type":"","background-media":"","overlay-type":"","overlay-color":"","overlay-opacity":"","overlay-gradient":""}},"ast-content-background-meta":{"desktop":{"background-color":"var(--ast-global-color-4)","background-image":"","background-repeat":"repeat","background-position":"center center","background-size":"auto","background-attachment":"scroll","background-type":"","background-media":"","overlay-type":"","overlay-color":"","overlay-opacity":"","overlay-gradient":""},"tablet":{"background-color":"var(--ast-global-color-4)","background-image":"","background-repeat":"repeat","background-position":"center center","background-size":"auto","background-attachment":"scroll","background-type":"","background-media":"","overlay-type":"","overlay-color":"","overlay-opacity":"","overlay-gradient":""},"mobile":{"background-color":"var(--ast-global-color-4)","background-image":"","background-repeat":"repeat","background-position":"center center","background-size":"auto","background-attachment":"scroll","background-type":"","background-media":"","overlay-type":"","overlay-color":"","overlay-opacity":"","overlay-gradient":""}},"footnotes":""},"class_list":["post-21","page","type-page","status-publish","hentry"],"yoast_head":"<!-- This site is optimized with the Yoast SEO plugin v27.5 - https:\/\/yoast.com\/product\/yoast-seo-wordpress\/ -->\n<title>Contact - DiplomaShops.com - Buy Diploma Online | Fast &amp; Secure Service<\/title>\n<meta name=\"description\" content=\"Contact DiplomaShops.com for fast diploma service help. We respond within 1 hour via email or WhatsApp. Get assistance today!\" \/>\n<meta name=\"robots\" content=\"index, follow, max-snippet:-1, max-image-preview:large, max-video-preview:-1\" \/>\n<link rel=\"canonical\" href=\"https:\/\/diplomashops.com\/is\/hafdu-samband\/\" \/>\n<meta property=\"og:locale\" content=\"is_IS\" \/>\n<meta property=\"og:type\" content=\"article\" \/>\n<meta property=\"og:title\" content=\"Contact - DiplomaShops.com - Buy Diploma Online | Fast &amp; Secure Service\" \/>\n<meta property=\"og:description\" content=\"Contact DiplomaShops.com for fast diploma service help. We respond within 1 hour via email or WhatsApp. Get assistance today!\" \/>\n<meta property=\"og:url\" content=\"https:\/\/diplomashops.com\/is\/hafdu-samband\/\" \/>\n<meta property=\"og:site_name\" content=\"DiplomaShops.com - Buy Diploma Online | Fast &amp; Secure Service\" \/>\n<meta property=\"article:modified_time\" content=\"2026-03-14T16:06:33+00:00\" \/>\n<meta property=\"og:image\" content=\"https:\/\/diplomashops.com\/wp-content\/uploads\/2026\/03\/buy-diploma.webp\" \/>\n\t<meta property=\"og:image:width\" content=\"300\" \/>\n\t<meta property=\"og:image:height\" content=\"211\" \/>\n\t<meta property=\"og:image:type\" content=\"image\/webp\" \/>\n<meta name=\"twitter:card\" content=\"summary_large_image\" \/>\n<meta name=\"twitter:label1\" content=\"Est. reading time\" \/>\n\t<meta name=\"twitter:data1\" content=\"3 minutes\" \/>\n<script type=\"application\/ld+json\" class=\"yoast-schema-graph\">{\"@context\":\"https:\\\/\\\/schema.org\",\"@graph\":[{\"@type\":\"WebPage\",\"@id\":\"https:\\\/\\\/diplomashops.com\\\/contact\\\/\",\"url\":\"https:\\\/\\\/diplomashops.com\\\/contact\\\/\",\"name\":\"Contact - DiplomaShops.com - Buy Diploma Online | Fast &amp; Secure Service\",\"isPartOf\":{\"@id\":\"https:\\\/\\\/diplomashops.com\\\/#website\"},\"primaryImageOfPage\":{\"@id\":\"https:\\\/\\\/diplomashops.com\\\/contact\\\/#primaryimage\"},\"image\":{\"@id\":\"https:\\\/\\\/diplomashops.com\\\/contact\\\/#primaryimage\"},\"thumbnailUrl\":\"https:\\\/\\\/diplomashops.com\\\/wp-content\\\/uploads\\\/2026\\\/03\\\/buy-diploma.webp\",\"datePublished\":\"2026-03-14T15:35:38+00:00\",\"dateModified\":\"2026-03-14T16:06:33+00:00\",\"description\":\"Contact DiplomaShops.com for fast diploma service help. We respond within 1 hour via email or WhatsApp. Get assistance today!\",\"breadcrumb\":{\"@id\":\"https:\\\/\\\/diplomashops.com\\\/contact\\\/#breadcrumb\"},\"inLanguage\":\"is\",\"potentialAction\":[{\"@type\":\"ReadAction\",\"target\":[\"https:\\\/\\\/diplomashops.com\\\/contact\\\/\"]}]},{\"@type\":\"ImageObject\",\"inLanguage\":\"is\",\"@id\":\"https:\\\/\\\/diplomashops.com\\\/contact\\\/#primaryimage\",\"url\":\"https:\\\/\\\/diplomashops.com\\\/wp-content\\\/uploads\\\/2026\\\/03\\\/buy-diploma.webp\",\"contentUrl\":\"https:\\\/\\\/diplomashops.com\\\/wp-content\\\/uploads\\\/2026\\\/03\\\/buy-diploma.webp\"},{\"@type\":\"BreadcrumbList\",\"@id\":\"https:\\\/\\\/diplomashops.com\\\/contact\\\/#breadcrumb\",\"itemListElement\":[{\"@type\":\"ListItem\",\"position\":1,\"name\":\"Home\",\"item\":\"https:\\\/\\\/diplomashops.com\\\/\"},{\"@type\":\"ListItem\",\"position\":2,\"name\":\"Contact\"}]},{\"@type\":\"WebSite\",\"@id\":\"https:\\\/\\\/diplomashops.com\\\/#website\",\"url\":\"https:\\\/\\\/diplomashops.com\\\/\",\"name\":\"DiplomaShops.com - Buy Diploma Online | Fast &amp; Secure Service\",\"description\":\"Buy a Diploma online Delivered Worldwide - Order Your Certificate Today\",\"potentialAction\":[{\"@type\":\"SearchAction\",\"target\":{\"@type\":\"EntryPoint\",\"urlTemplate\":\"https:\\\/\\\/diplomashops.com\\\/?s={search_term_string}\"},\"query-input\":{\"@type\":\"PropertyValueSpecification\",\"valueRequired\":true,\"valueName\":\"search_term_string\"}}],\"inLanguage\":\"is\"}]}<\/script>\n<!-- \/ Yoast SEO plugin. -->","yoast_head_json":{"title":"Haf\u00f0u samband - DiplomaShops.com - Kaupa pr\u00f3fsk\u00edrteini \u00e1 netinu | Flj\u00f3tleg og \u00f6rugg \u00fej\u00f3nusta","description":"Haf\u00f0u samband vi\u00f0 DiplomaShops.com fyrir hra\u00f0a \u00fej\u00f3nustu vi\u00f0 dipl\u00f3m. Vi\u00f0 sv\u00f6rum innan klukkustundar \u00ed t\u00f6lvup\u00f3sti e\u00f0a \u00e1 WhatsApp. F\u00e1\u00f0u a\u00f0sto\u00f0 \u00ed dag!","robots":{"index":"index","follow":"follow","max-snippet":"max-snippet:-1","max-image-preview":"max-image-preview:large","max-video-preview":"max-video-preview:-1"},"canonical":"https:\/\/diplomashops.com\/is\/hafdu-samband\/","og_locale":"is_IS","og_type":"article","og_title":"Contact - DiplomaShops.com - Buy Diploma Online | Fast &amp; Secure Service","og_description":"Contact DiplomaShops.com for fast diploma service help. We respond within 1 hour via email or WhatsApp. Get assistance today!","og_url":"https:\/\/diplomashops.com\/is\/hafdu-samband\/","og_site_name":"DiplomaShops.com - Buy Diploma Online | Fast &amp; Secure Service","article_modified_time":"2026-03-14T16:06:33+00:00","og_image":[{"width":300,"height":211,"url":"https:\/\/diplomashops.com\/wp-content\/uploads\/2026\/03\/buy-diploma.webp","type":"image\/webp"}],"twitter_card":"summary_large_image","twitter_misc":{"Est. reading time":"3 minutes"},"schema":{"@context":"https:\/\/schema.org","@graph":[{"@type":"WebPage","@id":"https:\/\/diplomashops.com\/contact\/","url":"https:\/\/diplomashops.com\/contact\/","name":"Haf\u00f0u samband - DiplomaShops.com - Kaupa pr\u00f3fsk\u00edrteini \u00e1 netinu | Flj\u00f3tleg og \u00f6rugg \u00fej\u00f3nusta","isPartOf":{"@id":"https:\/\/diplomashops.com\/#website"},"primaryImageOfPage":{"@id":"https:\/\/diplomashops.com\/contact\/#primaryimage"},"image":{"@id":"https:\/\/diplomashops.com\/contact\/#primaryimage"},"thumbnailUrl":"https:\/\/diplomashops.com\/wp-content\/uploads\/2026\/03\/buy-diploma.webp","datePublished":"2026-03-14T15:35:38+00:00","dateModified":"2026-03-14T16:06:33+00:00","description":"Haf\u00f0u samband vi\u00f0 DiplomaShops.com fyrir hra\u00f0a \u00fej\u00f3nustu vi\u00f0 dipl\u00f3m. Vi\u00f0 sv\u00f6rum innan klukkustundar \u00ed t\u00f6lvup\u00f3sti e\u00f0a \u00e1 WhatsApp. F\u00e1\u00f0u a\u00f0sto\u00f0 \u00ed dag!","breadcrumb":{"@id":"https:\/\/diplomashops.com\/contact\/#breadcrumb"},"inLanguage":"is","potentialAction":[{"@type":"ReadAction","target":["https:\/\/diplomashops.com\/contact\/"]}]},{"@type":"ImageObject","inLanguage":"is","@id":"https:\/\/diplomashops.com\/contact\/#primaryimage","url":"https:\/\/diplomashops.com\/wp-content\/uploads\/2026\/03\/buy-diploma.webp","contentUrl":"https:\/\/diplomashops.com\/wp-content\/uploads\/2026\/03\/buy-diploma.webp"},{"@type":"BreadcrumbList","@id":"https:\/\/diplomashops.com\/contact\/#breadcrumb","itemListElement":[{"@type":"ListItem","position":1,"name":"Home","item":"https:\/\/diplomashops.com\/"},{"@type":"ListItem","position":2,"name":"Contact"}]},{"@type":"WebSite","@id":"https:\/\/diplomashops.com\/#website","url":"https:\/\/diplomashops.com\/","name":"DiplomaShops.com - Kaup\u00f0u pr\u00f3fsk\u00edrteini \u00e1 netinu | Flj\u00f3tleg og \u00f6rugg \u00fej\u00f3nusta","description":"Kauptu dipl\u00f3mu \u00e1 netinu, afhent um allan heim - Panta\u00f0u vottor\u00f0i\u00f0 \u00feitt \u00ed dag","potentialAction":[{"@type":"SearchAction","target":{"@type":"EntryPoint","urlTemplate":"https:\/\/diplomashops.com\/?s={search_term_string}"},"query-input":{"@type":"PropertyValueSpecification","valueRequired":true,"valueName":"search_term_string"}}],"inLanguage":"is"}]}},"_links":{"self":[{"href":"https:\/\/diplomashops.com\/is\/wp-json\/wp\/v2\/pages\/21","targetHints":{"allow":["GET"]}}],"collection":[{"href":"https:\/\/diplomashops.com\/is\/wp-json\/wp\/v2\/pages"}],"about":[{"href":"https:\/\/diplomashops.com\/is\/wp-json\/wp\/v2\/types\/page"}],"author":[{"embeddable":true,"href":"https:\/\/diplomashops.com\/is\/wp-json\/wp\/v2\/users\/1"}],"replies":[{"embeddable":true,"href":"https:\/\/diplomashops.com\/is\/wp-json\/wp\/v2\/comments?post=21"}],"version-history":[{"count":7,"href":"https:\/\/diplomashops.com\/is\/wp-json\/wp\/v2\/pages\/21\/revisions"}],"predecessor-version":[{"id":95,"href":"https:\/\/diplomashops.com\/is\/wp-json\/wp\/v2\/pages\/21\/revisions\/95"}],"wp:attachment":[{"href":"https:\/\/diplomashops.com\/is\/wp-json\/wp\/v2\/media?parent=21"}],"curies":[{"name":"wp","href":"https:\/\/api.w.org\/{rel}","templated":true}]}}