{"id":21,"date":"2026-03-14T15:35:38","date_gmt":"2026-03-14T15:35:38","guid":{"rendered":"https:\/\/diplomashops.com\/?page_id=21"},"modified":"2026-03-14T16:06:33","modified_gmt":"2026-03-14T16:06:33","slug":"susisiekite-su","status":"publish","type":"page","link":"https:\/\/diplomashops.com\/lt\/contact\/","title":{"rendered":"Susisiekite su"},"content":{"rendered":"<h2 class=\"wp-block-heading\">Susisiekite su mumis - Gaukite pagalb\u0105 \u012fsigyjant diplom\u0105<\/h2>\n\n\n\n<h3 class=\"wp-block-heading\">Keli b\u016bdai susisiekti su mumis<\/h3>\n\n\n\n<h4 class=\"wp-block-heading\">\ud83d\udce7 Pagalba el. pa\u0161tu<\/h4>\n\n\n\n<p>Si\u0173skite mums \u017einut\u0119 bet kuriuo metu adresu&nbsp;<a href=\"mailto:DiplomaShops247@gmail.com\" target=\"_blank\" rel=\"noreferrer noopener\">DiplomaShops247@gmail.com<\/a>. Garantuojame, kad darbo valandomis atsakym\u0105 pateiksime per 60 minu\u010di\u0173.<\/p>\n\n\n\n<h4 class=\"wp-block-heading\">\ud83d\udcac \"WhatsApp\" pokalbiai<\/h4>\n\n\n\n<p>Norite tiesiogini\u0173 \u017einu\u010di\u0173? Susisiekite su mumis tiesiogiai per \"WhatsApp\" ir gaukite skubi\u0105 pagalb\u0105. Spustel\u0117kite \"WhatsApp\" mygtuk\u0105 apatiniame de\u0161iniajame ekrano kampe arba nuskaitykite toliau pateikt\u0105 QR kod\u0105.<\/p>\n\n\n\n<h4 class=\"wp-block-heading\">\ud83c\udf10 Kontaktin\u0117 forma<\/h4>\n\n\n\n<p>Naudokit\u0117s toliau pateikta saugia kontakt\u0173 forma ir si\u0173skite mums savo klausimus ar problemas. Mes nedelsdami atsakysime ir pateiksime nauding\u0173 sprendim\u0173.<\/p>\n\n\n\n<figure class=\"wp-block-image size-full\"><img loading=\"lazy\" decoding=\"async\" width=\"300\" height=\"211\" src=\"https:\/\/diplomashops.com\/wp-content\/uploads\/2026\/03\/buy-diploma.webp\" alt=\"pirkti diplom\u0105\" class=\"wp-image-88\" srcset=\"https:\/\/diplomashops.com\/wp-content\/uploads\/2026\/03\/buy-diploma.webp 300w, https:\/\/diplomashops.com\/wp-content\/uploads\/2026\/03\/buy-diploma-18x12.webp 18w\" sizes=\"auto, (max-width: 300px) 100vw, 300px\" \/><\/figure>\n\n\n\n<hr class=\"wp-block-separator has-alpha-channel-opacity\"\/>\n\n\n\n<h3 class=\"wp-block-heading\">Darbo valandos ir reagavimo laikas<\/h3>\n\n\n\n<h4 class=\"wp-block-heading\">Standartinis atsakymo laikas: per 1 valand\u0105<\/h4>\n\n\n\n<p>Did\u017eiuojam\u0117s greitu bendravimu. Darbo valandomis tik\u0117kit\u0117s atsakymo per 60 minu\u010di\u0173 ar grei\u010diau.<\/p>\n\n\n\n<h4 class=\"wp-block-heading\">Galimas i\u0161pl\u0117stas palaikymas<\/h4>\n\n\n\n<p>Ne \u012fprastomis valandomis? Palikite \u017einut\u0119 ir mes atsakysime kit\u0105 darbo dien\u0105.<\/p>\n\n\n\n<h4 class=\"wp-block-heading\">Savaitgalio ir \u0161ven\u010di\u0173 apr\u0117ptis<\/h4>\n\n\n\n<p>Mes neturime savaitgali\u0173 ar \u0161ven\u010di\u0173 dien\u0173. Esame vis\u0105 par\u0105 ir 7 dienas per savait\u0119 prisijung\u0119.<\/p>\n\n\n\n<hr class=\"wp-block-separator has-alpha-channel-opacity\"\/>\n\n\n\n<h3 class=\"wp-block-heading\">Da\u017enai kreipiamasi d\u0117l<\/h3>\n\n\n\n<h4 class=\"wp-block-heading\">U\u017esakymo b\u016bsena ir sekimas<\/h4>\n\n\n\n<p>Reikia atnaujinim\u0173 apie j\u016bs\u0173 diplomo u\u017esakym\u0105? Norite su\u017einoti, kada j\u016bs\u0173 siuntinys bus pristatytas? M\u016bs\u0173 komanda teikia sekimo informacij\u0105 realiuoju laiku.<\/p>\n\n\n\n<h4 class=\"wp-block-heading\">Mok\u0117jimo b\u016bdai ir saugumas<\/h4>\n\n\n\n<p>Turite klausim\u0173 apie mok\u0117jimo parinktis, sandori\u0173 saugum\u0105 ar gr\u0105\u017einimo politik\u0105? Visk\u0105 paai\u0161kiname ai\u0161kiai ir skaidriai.<\/p>\n\n\n\n<h4 class=\"wp-block-heading\">Diplomo pritaikymo u\u017eklausos<\/h4>\n\n\n\n<p>Ne\u017einote, kuris \u0161ablonas atitinka j\u016bs\u0173 poreikius? Norite pakeisti esam\u0105 dizain\u0105? M\u016bs\u0173 ekspertai pad\u0117s jums pasirinkti pritaikymo galimybes.<\/p>\n\n\n\n<h4 class=\"wp-block-heading\">Tarptautinio pristatymo informacija<\/h4>\n\n\n\n<p>Domina pristatymo \u012f j\u016bs\u0173 \u0161al\u012f laikas? Domina muitin\u0117s proced\u016bros? Pateikiame i\u0161samias tarptautinio pristatymo gaires.<\/p>\n\n\n\n<figure class=\"wp-block-image size-full\"><img loading=\"lazy\" decoding=\"async\" width=\"300\" height=\"212\" src=\"https:\/\/diplomashops.com\/wp-content\/uploads\/2026\/03\/Buy-a-university-master-bachelor-diploma-online.webp\" alt=\"Pirkti universiteto magistro bakalauro diplom\u0105 internetu\" class=\"wp-image-86\" srcset=\"https:\/\/diplomashops.com\/wp-content\/uploads\/2026\/03\/Buy-a-university-master-bachelor-diploma-online.webp 300w, https:\/\/diplomashops.com\/wp-content\/uploads\/2026\/03\/Buy-a-university-master-bachelor-diploma-online-18x12.webp 18w\" sizes=\"auto, (max-width: 300px) 100vw, 300px\" \/><\/figure>\n\n\n\n<hr class=\"wp-block-separator has-alpha-channel-opacity\"\/>\n\n\n\n<h3 class=\"wp-block-heading\">\"WhatsApp\" kontaktin\u0117 informacija<\/h3>\n\n\n\n<p>\ud83d\udd50 Galimyb\u0117 naudotis: 24 valandas per par\u0105, 7 dienas per savait\u0119, greitas atsakas<br>\ud83d\udcac Palaikomos kalbos: Parengta: angl\u0173, oland\u0173, vokie\u010di\u0173, pranc\u016bz\u0173, ispan\u0173 ir kt.<\/p>\n\n\n\n<p><em>Spustel\u0117kite \"WhatsApp\" piktogram\u0105 ekrane ir i\u0161kart prad\u0117kite pokalbius!<\/em><\/p>\n\n\n\n<hr class=\"wp-block-separator has-alpha-channel-opacity\"\/>\n\n\n\n<h3 class=\"wp-block-heading\">Svarbi kontaktin\u0117 informacija<\/h3>\n\n\n\n<h4 class=\"wp-block-heading\">El. pa\u0161to adresas<\/h4>\n\n\n\n<p><a href=\"mailto:DiplomaShops247@gmail.com\" rel=\"noreferrer noopener\" target=\"_blank\">DiplomaShops247@gmail.com<\/a><\/p>\n\n\n\n<h4 class=\"wp-block-heading\">Atsakymo garantija<\/h4>\n\n\n\n<p>Per 1 valand\u0105 darbo valandomis<\/p>\n\n\n\n<h4 class=\"wp-block-heading\">Kalbos, kuriomis kalbama<\/h4>\n\n\n\n<p>Angl\u0173, oland\u0173, vokie\u010di\u0173, pranc\u016bz\u0173, ispan\u0173, ital\u0173, portugal\u0173, \u0161ved\u0173, norveg\u0173, dan\u0173, suomi\u0173, lenk\u0173, \u010dek\u0173, vengr\u0173, rumun\u0173, bulgar\u0173, graik\u0173, turk\u0173, arab\u0173, rus\u0173, kin\u0173 ir dar daugiau!<\/p>\n\n\n\n<h4 class=\"wp-block-heading\">Laiko juosta<\/h4>\n\n\n\n<p>Vidurio Europos laiku (CET\/CEST)<\/p>\n\n\n\n<hr class=\"wp-block-separator has-alpha-channel-opacity\"\/>\n\n\n\n<h3 class=\"wp-block-heading\">Prie\u0161 susisiekdami su mumis<\/h3>\n\n\n\n<p>Patikrinkite m\u016bs\u0173&nbsp;<a href=\"https:\/\/diplomashops.com\/lt\/faq\/\">DUK<\/a> puslapyje rasite atsakymus \u012f da\u017eniausiai u\u017eduodamus klausimus apie u\u017esakym\u0105, mok\u0117jim\u0105, pristatym\u0105 ir diplomo specifikacijas. Galb\u016bt nieko nelaukdami rasite b\u016btent tai, ko jums reikia! Spustel\u0117kite \u010dia, jei norite perskaityti daugiau <a href=\"https:\/\/diplomashops.com\/lt\/about-us\/\">apie mus<\/a>. <\/p>\n\n\n\n<hr class=\"wp-block-separator has-alpha-channel-opacity\"\/>\n\n\n\n<h3 class=\"wp-block-heading\">Reikia skubios pagalbos?<\/h3>\n\n\n\n<p>Spustel\u0117kite \"WhatsApp\" mygtuk\u0105 apatiniame ekrano kampe ir bendraukite su mumis dabar. Jokio laukimo - skubi m\u016bs\u0173 pagalbos specialist\u0173 pagalba.<\/p>","protected":false},"excerpt":{"rendered":"<p>Contact Us \u2013 Get Help Buying Your Diploma Multiple Ways to Contact Us &#x1f4e7; Email Support Send us a message [&hellip;]<\/p>\n","protected":false},"author":1,"featured_media":0,"parent":0,"menu_order":0,"comment_status":"closed","ping_status":"closed","template":"","meta":{"site-sidebar-layout":"default","site-content-layout":"","ast-site-content-layout":"default","site-content-style":"default","site-sidebar-style":"default","ast-global-header-display":"","ast-banner-title-visibility":"","ast-main-header-display":"","ast-hfb-above-header-display":"","ast-hfb-below-header-display":"","ast-hfb-mobile-header-display":"","site-post-title":"","ast-breadcrumbs-content":"","ast-featured-img":"","footer-sml-layout":"","ast-disable-related-posts":"","theme-transparent-header-meta":"","adv-header-id-meta":"","stick-header-meta":"","header-above-stick-meta":"","header-main-stick-meta":"","header-below-stick-meta":"","astra-migrate-meta-layouts":"default","ast-page-background-enabled":"default","ast-page-background-meta":{"desktop":{"background-color":"var(--ast-global-color-5)","background-image":"","background-repeat":"repeat","background-position":"center center","background-size":"auto","background-attachment":"scroll","background-type":"","background-media":"","overlay-type":"","overlay-color":"","overlay-opacity":"","overlay-gradient":""},"tablet":{"background-color":"","background-image":"","background-repeat":"repeat","background-position":"center center","background-size":"auto","background-attachment":"scroll","background-type":"","background-media":"","overlay-type":"","overlay-color":"","overlay-opacity":"","overlay-gradient":""},"mobile":{"background-color":"","background-image":"","background-repeat":"repeat","background-position":"center center","background-size":"auto","background-attachment":"scroll","background-type":"","background-media":"","overlay-type":"","overlay-color":"","overlay-opacity":"","overlay-gradient":""}},"ast-content-background-meta":{"desktop":{"background-color":"var(--ast-global-color-4)","background-image":"","background-repeat":"repeat","background-position":"center center","background-size":"auto","background-attachment":"scroll","background-type":"","background-media":"","overlay-type":"","overlay-color":"","overlay-opacity":"","overlay-gradient":""},"tablet":{"background-color":"var(--ast-global-color-4)","background-image":"","background-repeat":"repeat","background-position":"center center","background-size":"auto","background-attachment":"scroll","background-type":"","background-media":"","overlay-type":"","overlay-color":"","overlay-opacity":"","overlay-gradient":""},"mobile":{"background-color":"var(--ast-global-color-4)","background-image":"","background-repeat":"repeat","background-position":"center center","background-size":"auto","background-attachment":"scroll","background-type":"","background-media":"","overlay-type":"","overlay-color":"","overlay-opacity":"","overlay-gradient":""}},"footnotes":""},"class_list":["post-21","page","type-page","status-publish","hentry"],"yoast_head":"<!-- This site is optimized with the Yoast SEO plugin v27.5 - https:\/\/yoast.com\/product\/yoast-seo-wordpress\/ -->\n<title>Contact - DiplomaShops.com - Buy Diploma Online | Fast &amp; Secure Service<\/title>\n<meta name=\"description\" content=\"Contact DiplomaShops.com for fast diploma service help. We respond within 1 hour via email or WhatsApp. Get assistance today!\" \/>\n<meta name=\"robots\" content=\"index, follow, max-snippet:-1, max-image-preview:large, max-video-preview:-1\" \/>\n<link rel=\"canonical\" href=\"https:\/\/diplomashops.com\/lt\/susisiekite-su\/\" \/>\n<meta property=\"og:locale\" content=\"lt_LT\" \/>\n<meta property=\"og:type\" content=\"article\" \/>\n<meta property=\"og:title\" content=\"Contact - DiplomaShops.com - Buy Diploma Online | Fast &amp; Secure Service\" \/>\n<meta property=\"og:description\" content=\"Contact DiplomaShops.com for fast diploma service help. We respond within 1 hour via email or WhatsApp. Get assistance today!\" \/>\n<meta property=\"og:url\" content=\"https:\/\/diplomashops.com\/lt\/susisiekite-su\/\" \/>\n<meta property=\"og:site_name\" content=\"DiplomaShops.com - Buy Diploma Online | Fast &amp; Secure Service\" \/>\n<meta property=\"article:modified_time\" content=\"2026-03-14T16:06:33+00:00\" \/>\n<meta property=\"og:image\" content=\"https:\/\/diplomashops.com\/wp-content\/uploads\/2026\/03\/buy-diploma.webp\" \/>\n\t<meta property=\"og:image:width\" content=\"300\" \/>\n\t<meta property=\"og:image:height\" content=\"211\" \/>\n\t<meta property=\"og:image:type\" content=\"image\/webp\" \/>\n<meta name=\"twitter:card\" content=\"summary_large_image\" \/>\n<meta name=\"twitter:label1\" content=\"Est. reading time\" \/>\n\t<meta name=\"twitter:data1\" content=\"3 minut\u0117s\" \/>\n<script type=\"application\/ld+json\" class=\"yoast-schema-graph\">{\"@context\":\"https:\\\/\\\/schema.org\",\"@graph\":[{\"@type\":\"WebPage\",\"@id\":\"https:\\\/\\\/diplomashops.com\\\/contact\\\/\",\"url\":\"https:\\\/\\\/diplomashops.com\\\/contact\\\/\",\"name\":\"Contact - DiplomaShops.com - Buy Diploma Online | Fast &amp; Secure Service\",\"isPartOf\":{\"@id\":\"https:\\\/\\\/diplomashops.com\\\/#website\"},\"primaryImageOfPage\":{\"@id\":\"https:\\\/\\\/diplomashops.com\\\/contact\\\/#primaryimage\"},\"image\":{\"@id\":\"https:\\\/\\\/diplomashops.com\\\/contact\\\/#primaryimage\"},\"thumbnailUrl\":\"https:\\\/\\\/diplomashops.com\\\/wp-content\\\/uploads\\\/2026\\\/03\\\/buy-diploma.webp\",\"datePublished\":\"2026-03-14T15:35:38+00:00\",\"dateModified\":\"2026-03-14T16:06:33+00:00\",\"description\":\"Contact DiplomaShops.com for fast diploma service help. We respond within 1 hour via email or WhatsApp. Get assistance today!\",\"breadcrumb\":{\"@id\":\"https:\\\/\\\/diplomashops.com\\\/contact\\\/#breadcrumb\"},\"inLanguage\":\"lt-LT\",\"potentialAction\":[{\"@type\":\"ReadAction\",\"target\":[\"https:\\\/\\\/diplomashops.com\\\/contact\\\/\"]}]},{\"@type\":\"ImageObject\",\"inLanguage\":\"lt-LT\",\"@id\":\"https:\\\/\\\/diplomashops.com\\\/contact\\\/#primaryimage\",\"url\":\"https:\\\/\\\/diplomashops.com\\\/wp-content\\\/uploads\\\/2026\\\/03\\\/buy-diploma.webp\",\"contentUrl\":\"https:\\\/\\\/diplomashops.com\\\/wp-content\\\/uploads\\\/2026\\\/03\\\/buy-diploma.webp\"},{\"@type\":\"BreadcrumbList\",\"@id\":\"https:\\\/\\\/diplomashops.com\\\/contact\\\/#breadcrumb\",\"itemListElement\":[{\"@type\":\"ListItem\",\"position\":1,\"name\":\"Home\",\"item\":\"https:\\\/\\\/diplomashops.com\\\/\"},{\"@type\":\"ListItem\",\"position\":2,\"name\":\"Contact\"}]},{\"@type\":\"WebSite\",\"@id\":\"https:\\\/\\\/diplomashops.com\\\/#website\",\"url\":\"https:\\\/\\\/diplomashops.com\\\/\",\"name\":\"DiplomaShops.com - Buy Diploma Online | Fast &amp; Secure Service\",\"description\":\"Buy a Diploma online Delivered Worldwide - Order Your Certificate Today\",\"potentialAction\":[{\"@type\":\"SearchAction\",\"target\":{\"@type\":\"EntryPoint\",\"urlTemplate\":\"https:\\\/\\\/diplomashops.com\\\/?s={search_term_string}\"},\"query-input\":{\"@type\":\"PropertyValueSpecification\",\"valueRequired\":true,\"valueName\":\"search_term_string\"}}],\"inLanguage\":\"lt-LT\"}]}<\/script>\n<!-- \/ Yoast SEO plugin. -->","yoast_head_json":{"title":"Kontaktas - DiplomaShops.com - Pirkti diplom\u0105 internetu | Greitas ir saugus aptarnavimas","description":"Kreipkit\u0117s \u012f DiplomaShops.com ir gaukite greit\u0105 diplom\u0173 \u012fteikimo pagalb\u0105. Atsakome per 1 valand\u0105 el. pa\u0161tu arba \"WhatsApp\". Gaukite pagalb\u0105 jau \u0161iandien!","robots":{"index":"index","follow":"follow","max-snippet":"max-snippet:-1","max-image-preview":"max-image-preview:large","max-video-preview":"max-video-preview:-1"},"canonical":"https:\/\/diplomashops.com\/lt\/susisiekite-su\/","og_locale":"lt_LT","og_type":"article","og_title":"Contact - DiplomaShops.com - Buy Diploma Online | Fast &amp; Secure Service","og_description":"Contact DiplomaShops.com for fast diploma service help. We respond within 1 hour via email or WhatsApp. Get assistance today!","og_url":"https:\/\/diplomashops.com\/lt\/susisiekite-su\/","og_site_name":"DiplomaShops.com - Buy Diploma Online | Fast &amp; Secure Service","article_modified_time":"2026-03-14T16:06:33+00:00","og_image":[{"width":300,"height":211,"url":"https:\/\/diplomashops.com\/wp-content\/uploads\/2026\/03\/buy-diploma.webp","type":"image\/webp"}],"twitter_card":"summary_large_image","twitter_misc":{"Est. reading time":"3 minut\u0117s"},"schema":{"@context":"https:\/\/schema.org","@graph":[{"@type":"WebPage","@id":"https:\/\/diplomashops.com\/contact\/","url":"https:\/\/diplomashops.com\/contact\/","name":"Kontaktas - DiplomaShops.com - Pirkti diplom\u0105 internetu | Greitas ir saugus aptarnavimas","isPartOf":{"@id":"https:\/\/diplomashops.com\/#website"},"primaryImageOfPage":{"@id":"https:\/\/diplomashops.com\/contact\/#primaryimage"},"image":{"@id":"https:\/\/diplomashops.com\/contact\/#primaryimage"},"thumbnailUrl":"https:\/\/diplomashops.com\/wp-content\/uploads\/2026\/03\/buy-diploma.webp","datePublished":"2026-03-14T15:35:38+00:00","dateModified":"2026-03-14T16:06:33+00:00","description":"Kreipkit\u0117s \u012f DiplomaShops.com ir gaukite greit\u0105 diplom\u0173 \u012fteikimo pagalb\u0105. Atsakome per 1 valand\u0105 el. pa\u0161tu arba \"WhatsApp\". Gaukite pagalb\u0105 jau \u0161iandien!","breadcrumb":{"@id":"https:\/\/diplomashops.com\/contact\/#breadcrumb"},"inLanguage":"lt-LT","potentialAction":[{"@type":"ReadAction","target":["https:\/\/diplomashops.com\/contact\/"]}]},{"@type":"ImageObject","inLanguage":"lt-LT","@id":"https:\/\/diplomashops.com\/contact\/#primaryimage","url":"https:\/\/diplomashops.com\/wp-content\/uploads\/2026\/03\/buy-diploma.webp","contentUrl":"https:\/\/diplomashops.com\/wp-content\/uploads\/2026\/03\/buy-diploma.webp"},{"@type":"BreadcrumbList","@id":"https:\/\/diplomashops.com\/contact\/#breadcrumb","itemListElement":[{"@type":"ListItem","position":1,"name":"Home","item":"https:\/\/diplomashops.com\/"},{"@type":"ListItem","position":2,"name":"Contact"}]},{"@type":"WebSite","@id":"https:\/\/diplomashops.com\/#website","url":"https:\/\/diplomashops.com\/","name":"DiplomaShops.com - Pirkti diplom\u0105 internetu | Greitas ir saugus aptarnavimas","description":"Pirkite diplom\u0105 internetu, pristatom\u0105 visame pasaulyje - u\u017esisakykite sertifikat\u0105 \u0161iandien","potentialAction":[{"@type":"SearchAction","target":{"@type":"EntryPoint","urlTemplate":"https:\/\/diplomashops.com\/?s={search_term_string}"},"query-input":{"@type":"PropertyValueSpecification","valueRequired":true,"valueName":"search_term_string"}}],"inLanguage":"lt-LT"}]}},"_links":{"self":[{"href":"https:\/\/diplomashops.com\/lt\/wp-json\/wp\/v2\/pages\/21","targetHints":{"allow":["GET"]}}],"collection":[{"href":"https:\/\/diplomashops.com\/lt\/wp-json\/wp\/v2\/pages"}],"about":[{"href":"https:\/\/diplomashops.com\/lt\/wp-json\/wp\/v2\/types\/page"}],"author":[{"embeddable":true,"href":"https:\/\/diplomashops.com\/lt\/wp-json\/wp\/v2\/users\/1"}],"replies":[{"embeddable":true,"href":"https:\/\/diplomashops.com\/lt\/wp-json\/wp\/v2\/comments?post=21"}],"version-history":[{"count":7,"href":"https:\/\/diplomashops.com\/lt\/wp-json\/wp\/v2\/pages\/21\/revisions"}],"predecessor-version":[{"id":95,"href":"https:\/\/diplomashops.com\/lt\/wp-json\/wp\/v2\/pages\/21\/revisions\/95"}],"wp:attachment":[{"href":"https:\/\/diplomashops.com\/lt\/wp-json\/wp\/v2\/media?parent=21"}],"curies":[{"name":"wp","href":"https:\/\/api.w.org\/{rel}","templated":true}]}}