{"id":36,"date":"2026-03-14T15:41:58","date_gmt":"2026-03-14T15:41:58","guid":{"rendered":"https:\/\/diplomashops.com\/?page_id=36"},"modified":"2026-03-14T16:06:08","modified_gmt":"2026-03-14T16:06:08","slug":"about-us","status":"publish","type":"page","link":"https:\/\/diplomashops.com\/lt\/about-us\/","title":{"rendered":"Apie mus"},"content":{"rendered":"<h2 class=\"wp-block-heading\">J\u016bs\u0173 patikimas diplomo paslaug\u0173 teik\u0117jas, www.DiplomaShops.com<\/h2>\n\n\n\n<p>Sveiki atvyk\u0119 \u012f DiplomaShops.com, patikim\u0105 profesionali\u0173 diplom\u0173 paslaug\u0173 partner\u012f nuo 2018 m. Specializuojam\u0117s kurdami auk\u0161tos kokyb\u0117s, autenti\u0161kai atrodan\u010dius diplomus asmenims visame pasaulyje, kuriems reikia pakaitini\u0173 dokument\u0173, karjeros k\u0117limo priemoni\u0173 ar asmenin\u0117s informacin\u0117s med\u017eiagos. M\u016bs\u0173 misija - teikti greitas, saugias ir diskreti\u0161kas paslaugas, kurios kaskart pranoksta klient\u0173 l\u016bkes\u010dius.<\/p>\n\n\n\n<figure class=\"wp-block-image size-full\"><img loading=\"lazy\" decoding=\"async\" width=\"300\" height=\"211\" src=\"https:\/\/diplomashops.com\/wp-content\/uploads\/2026\/03\/buy-diploma.webp\" alt=\"pirkti diplom\u0105\" class=\"wp-image-88\" srcset=\"https:\/\/diplomashops.com\/wp-content\/uploads\/2026\/03\/buy-diploma.webp 300w, https:\/\/diplomashops.com\/wp-content\/uploads\/2026\/03\/buy-diploma-18x12.webp 18w\" sizes=\"auto, (max-width: 300px) 100vw, 300px\" \/><\/figure>\n\n\n\n<h3 class=\"wp-block-heading\">M\u016bs\u0173 istorija ir misija<\/h3>\n\n\n\n<h4 class=\"wp-block-heading\">Kokyb\u0117 ir pasitik\u0117jimas<\/h4>\n\n\n\n<p>DiplomaShops.com 2018 m. \u012fk\u016br\u0117 dokument\u0173 k\u016brimo profesional\u0173 komanda, kuri pripa\u017eino did\u0117jant\u012f teis\u0117t\u0173 diplom\u0173 keitimo paslaug\u0173 poreik\u012f. Tai, kas prasid\u0117jo kaip nedidel\u0117 operacija, i\u0161augo \u012f patikim\u0105 tarptautin\u0119 paslaug\u0105, padedan\u010di\u0105 klientams visoje Europoje, \u0160iaur\u0117s Amerikoje ir u\u017e jos rib\u0173.<\/p>\n\n\n\n<h4 class=\"wp-block-heading\">\u012esipareigojimas siekti meistri\u0161kumo<\/h4>\n\n\n\n<p>Tikime, kad kiekvienas nusipelno galimyb\u0117s gauti kokybi\u0161k\u0105 dokumentacij\u0105, kai jos labiausiai reikia. Nesvarbu, ar praradote original\u0173 diplom\u0105, ar jums reikia pakaitinio dokumento administraciniais tikslais, ar norite papildyti savo profesin\u012f portfel\u012f, mes pad\u0117sime jums oriai ir diskreti\u0161kai.<\/p>\n\n\n\n<h4 class=\"wp-block-heading\">Vertyb\u0117s, kuriomis vadovaujam\u0117s<\/h4>\n\n\n\n<ul class=\"wp-block-list\">\n<li>S\u0105\u017einingumas: s\u0105\u017einingas, skaidrus aptarnavimas ir ai\u0161kus bendravimas.<\/li>\n\n\n\n<li>Kokyb\u0117: Auk\u0161\u010diausios kokyb\u0117s med\u017eiagos ir profesional\u016bs dizaino standartai<\/li>\n\n\n\n<li>Greitis: Greitas apdorojimas ir patikimas pristatymas visame pasaulyje<\/li>\n\n\n\n<li>Privatumas: Visi\u0161kas konfidencialumas ir saugus asmenin\u0117s informacijos tvarkymas<\/li>\n\n\n\n<li>Parama: Daugiakalbis klient\u0173 aptarnavimas 24\/7<\/li>\n<\/ul>\n\n\n\n<hr class=\"wp-block-separator has-alpha-channel-opacity\"\/>\n\n\n\n<h3 class=\"wp-block-heading\">Kod\u0117l verta rinktis DiplomaShops.com?<\/h3>\n\n\n\n<h4 class=\"wp-block-heading\">Ekspert\u0173 dizaino komanda<\/h4>\n\n\n\n<p>M\u016bs\u0173 k\u016brybos specialistai yra sukaup\u0119 ilgamet\u0119 dokument\u0173 dauginimo ir grafinio dizaino patirt\u012f. Dirbame tik su sertifikuotais dizaineriais, kurie i\u0161mano institucij\u0173 formatavimo ir autenti\u0161kumo patvirtinimo reikalavimus.<\/p>\n\n\n\n<h4 class=\"wp-block-heading\">Pasaulinis pasiekiamumas, vietinis palaikymas<\/h4>\n\n\n\n<p>Tur\u0117dami klient\u0173 daugiau nei 20 \u0161ali\u0173 ir palaikymo darbuotoj\u0173, kalban\u010di\u0173 keliomis kalbomis, \u012fveikiame kult\u016brinius ir geografinius skirtumus, kad gal\u0117tume jus geriau aptarnauti. M\u016bs\u0173 tarptautinis siunt\u0173 tinklas u\u017etikrina patikim\u0105 pristatym\u0105 \u012f bet kuri\u0105 pasaulio viet\u0105.<\/p>\n\n\n\n<h4 class=\"wp-block-heading\">Pa\u017eangiausios technologijos<\/h4>\n\n\n\n<p>Naudojame moderniausi\u0105 spausdinimo \u012frang\u0105 ir auk\u0161\u010diausios kokyb\u0117s med\u017eiagas, atitinkan\u010dias oficialius institucij\u0173 standartus. M\u016bs\u0173 skaitmeniniai procesai u\u017etikrina kiekvieno pagaminto diplomo tikslum\u0105 ir nuoseklum\u0105.<\/p>\n\n\n\n<h4 class=\"wp-block-heading\">Pramon\u0117s pripa\u017einimas<\/h4>\n\n\n\n<p>Nuo pat \u012fk\u016brimo pad\u0117jome t\u016bkstan\u010diams patenkint\u0173 klient\u0173 gauti reikiamus dokumentus. D\u0117l savo \u012fsipareigojimo u\u017etikrinti kokyb\u0119 ir klient\u0173 aptarnavim\u0105 peln\u0117me pirmaujan\u010dio dokument\u0173 paslaug\u0173 teik\u0117jo pripa\u017einim\u0105.<\/p>\n\n\n\n<hr class=\"wp-block-separator has-alpha-channel-opacity\"\/>\n\n\n\n<h3 class=\"wp-block-heading\">Paai\u0161kintos m\u016bs\u0173 paslaugos<\/h3>\n\n\n\n<h4 class=\"wp-block-heading\">Akademinio diplomo kopijavimas<\/h4>\n\n\n\n<p>Kuriame tikslias reprodukcijas, pagr\u012fstas tikrais pripa\u017eint\u0173 institucij\u0173 \u0161ablonais, nuo vidurin\u0117s mokyklos diplom\u0173 iki universitet\u0173 diplom\u0173. Puikiai tinka pamestiems originalams pakeisti arba administraciniams reikalavimams \u012fvykdyti.<\/p>\n\n\n\n<h4 class=\"wp-block-heading\">Profesinio sertifikavimo kopijos<\/h4>\n\n\n\n<p>Reikia profesinio mokymo ar sertifikavimo \u012frodymo? Si\u016blome \u012fvairi\u0173 pramon\u0117s \u0161ak\u0173, \u012fskaitant IT, sveikatos prie\u017ei\u016bros, finans\u0173, in\u017einerijos ir kitas, pa\u017eym\u0117jimus - visi jie parengti pagal pramon\u0117s standartus.<\/p>\n\n\n\n<h4 class=\"wp-block-heading\">Individualizuotas diplomo dizainas<\/h4>\n\n\n\n<p>M\u016bs\u0173 specializuota paslauga leid\u017eia visi\u0161kai suasmeninti, \u012fskaitant pasirinktinius logotipus, institucij\u0173 antspaudus, para\u0161us ir formatavim\u0105. Idealiai tinka \u012fmon\u0117ms, organizacijoms ar unikaliems asmeniniams poreikiams.<\/p>\n\n\n\n<h4 class=\"wp-block-heading\">Skubios pakeitimo paslaugos<\/h4>\n\n\n\n<p>Prie\u0161 darbo pokalb\u012f ar svarb\u0173 susitikim\u0105 pamet\u0117te diplom\u0105? M\u016bs\u0173 skubios paslaugos pristatomos per 24-48 valandas skubiais atvejais, kai laikas labai svarbus.<\/p>\n\n\n\n<hr class=\"wp-block-separator has-alpha-channel-opacity\"\/>\n\n\n\n<h3 class=\"wp-block-heading\">Susipa\u017einkite su m\u016bs\u0173 komanda<\/h3>\n\n\n\n<h4 class=\"wp-block-heading\">Klient\u0173 aptarnavimo specialistai<\/h4>\n\n\n\n<p>M\u016bs\u0173 daugiakalb\u0117 palaikymo komanda u\u017eklausas tvarko daugiau nei 20 kalb\u0173, tod\u0117l u\u017etikriname ai\u0161k\u0173 bendravim\u0105 nepriklausomai nuo j\u016bs\u0173 buvimo vietos ar gimtosios kalbos. Galimyb\u0117 gauti skubi\u0105 pagalb\u0105 vis\u0105 par\u0105 ir 7 dienas per savait\u0119.<\/p>\n\n\n\n<h4 class=\"wp-block-heading\">Dizaino ir gamybos ekspertai<\/h4>\n\n\n\n<p>Sertifikuoti dokument\u0173 dizaineriai ir spausdinimo specialistai kartu kuria auk\u0161\u010diausius kokyb\u0117s standartus atitinkan\u010dius diplomus. Kiekviena detal\u0117 kruop\u0161\u010diai parengta siekiant autenti\u0161kumo ir profesionalumo.<\/p>\n\n\n\n<h4 class=\"wp-block-heading\">Logistikos ir pristatymo koordinatoriai<\/h4>\n\n\n\n<p>M\u016bs\u0173 logistikos komanda valdo siuntimo operacijas visame pasaulyje, u\u017etikrindama, kad visos siuntos b\u016bt\u0173 pristatytos laiku ir tinkamai tvarkomos. Jie bendradarbiauja su patikimais ve\u017e\u0117jais visuose m\u016bs\u0173 aptarnaujamuose regionuose.<\/p>\n\n\n\n<h4 class=\"wp-block-heading\">Kokyb\u0117s u\u017etikrinimo vadybininkai<\/h4>\n\n\n\n<p>Prie\u0161 i\u0161siun\u010diant bet kok\u012f diplom\u0105, jis grie\u017etai patikrinamas, kad b\u016bt\u0173 u\u017etikrintas tikslumas, i\u0161vaizda ir atitiktis kliento specifikacijoms. M\u016bs\u0173 kokyb\u0117s u\u017etikrinimo procesas garantuoja, kad kiekvien\u0105 kart\u0105 liksite patenkinti.<\/p>\n\n\n\n<hr class=\"wp-block-separator has-alpha-channel-opacity\"\/>\n\n\n\n<h3 class=\"wp-block-heading\">M\u016bs\u0173 \u012fsipareigojimas jums<\/h3>\n\n\n\n<h4 class=\"wp-block-heading\">100% pasitenkinimo garantija<\/h4>\n\n\n\n<p>Mes garantuojame u\u017e kiekvien\u0105 savo sukurt\u0105 diplom\u0105. Jei nesate visi\u0161kai patenkinti jo kokybe ar tikslumu, mes nemokamai j\u012f perkursime arba gr\u0105\u017einsime visus pinigus.<\/p>\n\n\n\n<h4 class=\"wp-block-heading\">Privatumo apsaugos pa\u017eadas<\/h4>\n\n\n\n<p>J\u016bs\u0173 asmenin\u0117 informacija ir u\u017esakymo duomenys niekada n\u0117ra perduodami tre\u010diosioms \u0161alims. Visi prane\u0161imai ir sandoriai tvarkomi itin konfidencialiai.<\/p>\n\n\n\n<h4 class=\"wp-block-heading\">Greitas reagavimo laikas<\/h4>\n\n\n\n<p>Garantuojame, kad \u012f klient\u0173 u\u017eklausas darbo valandomis atsakysime per vien\u0105 valand\u0105. M\u016bs\u0173 palaikymo komanda visada pasiruo\u0161usi pad\u0117ti atsakyti \u012f bet kokius klausimus ar problemas.<\/p>\n\n\n\n<h4 class=\"wp-block-heading\">Nuolatinis tobulinimas<\/h4>\n\n\n\n<p>Reguliariai atnaujiname savo procesus, med\u017eiagas ir paslaugas, atsi\u017evelgdami \u012f klient\u0173 atsiliepimus ir pramon\u0117s poky\u010dius. J\u016bs\u0173 s\u0117km\u0117 yra m\u016bs\u0173 inovacij\u0173 varomoji j\u0117ga.<\/p>\n\n\n\n<hr class=\"wp-block-separator has-alpha-channel-opacity\"\/>\n\n\n\n<h3 class=\"wp-block-heading\">\u012emon\u0117s veiklos etapai<\/h3>\n\n\n\n<h4 class=\"wp-block-heading\">2018: \u012emon\u0117s fondas<\/h4>\n\n\n\n<p>Prad\u0117ta veikla, orientuota \u012f Europos rinkos diplom\u0173 i\u0161davimo paslaugas<\/p>\n\n\n\n<h4 class=\"wp-block-heading\">2019 m.: tarptautin\u0117 pl\u0117tra<\/h4>\n\n\n\n<p>I\u0161pl\u0117stas paslaug\u0173 teikimas \u0160iaur\u0117s Amerikoje ir papildytas daugiakalbiu palaikymu<\/p>\n\n\n\n<h4 class=\"wp-block-heading\">2020: Skaitmenin\u0117 transformacija<\/h4>\n\n\n\n<p>\u012ediegta internetin\u0117 u\u017esakymo platforma ir skaitmeninio diplomo parinktys<\/p>\n\n\n\n<h4 class=\"wp-block-heading\">2021: Auk\u0161\u010diausios kokyb\u0117s paslaug\u0173 linija<\/h4>\n\n\n\n<p>Pristatytos prabangaus popieriaus parinktys ir nestandartinio dizaino paslaugos<\/p>\n\n\n\n<h4 class=\"wp-block-heading\">2022 m.: Pasaulinis laivybos tinklas<\/h4>\n\n\n\n<p>U\u017emegzta partneryst\u0117 su tarptautiniais ve\u017e\u0117jais, siekiant greitesnio pristatymo<\/p>\n\n\n\n<h4 class=\"wp-block-heading\">2023: Sustiprintos saugumo priemon\u0117s<\/h4>\n\n\n\n<p>\u012ediegti pa\u017eang\u016bs \u0161ifravimo ir privatumo apsaugos protokolai<\/p>\n\n\n\n<h4 class=\"wp-block-heading\">2024: Mobili\u0173j\u0173 program\u0117li\u0173 k\u016brimas<\/h4>\n\n\n\n<p>Dirbama su specialia mobili\u0105ja program\u0117le, kad b\u016bt\u0173 lengviau u\u017esisakyti<\/p>\n\n\n\n<hr class=\"wp-block-separator has-alpha-channel-opacity\"\/>\n\n\n\n<h3 class=\"wp-block-heading\">\u017dvelgiant \u012f ateit\u012f<\/h3>\n\n\n\n<p>Toliau augant m\u016bs\u0173 \u012fsipareigojimas i\u0161lieka nepakit\u0119s: teikti i\u0161skirtines diplom\u0173 i\u0161davimo paslaugas, u\u017etikrinant s\u0105\u017einingum\u0105, kokyb\u0119 ir klient\u0173 pasitenkinim\u0105. Nuolat diegiame naujoves, kad gal\u0117tume geriau tarnauti savo pasaulinei bendruomenei ir prisitaikyti prie besikei\u010dian\u010di\u0173 klient\u0173 poreiki\u0173.<\/p>\n\n\n\n<p>Prisijunkite prie t\u016bkstan\u010di\u0173 patenkint\u0173 klient\u0173, kurie pasitik\u0117jo DiplomaShops.com, kad gal\u0117t\u0173 gauti diplom\u0105. Patirkite skirtum\u0105, kur\u012f lemia profesionalus aptarnavimas.<\/p>\n\n\n\n<hr class=\"wp-block-separator has-alpha-channel-opacity\"\/>\n\n\n\n<h3 class=\"wp-block-heading\">Susisiekite su mumis<\/h3>\n\n\n\n<p>Norite su\u017einoti daugiau apie m\u016bs\u0173 paslaugas arba aptarti konkre\u010dius diplomo poreikius? M\u016bs\u0173 komanda pasirengusi jums pad\u0117ti.<\/p>\n\n\n\n<p>\ud83d\udce7 El. pa\u0161tas:&nbsp;<a href=\"mailto:DiplomaShops247@gmail.com\" target=\"_blank\" rel=\"noreferrer noopener\">DiplomaShops247@gmail.com<\/a><br>\ud83c\udf10 Interneto svetain\u0117:&nbsp;<a href=\"https:\/\/diplomashops.com\/lt\/\" target=\"_blank\" rel=\"noreferrer noopener\">www.diplomashops.com<\/a><\/p>\n\n\n\n<figure class=\"wp-block-image size-full\"><img loading=\"lazy\" decoding=\"async\" width=\"300\" height=\"212\" src=\"https:\/\/diplomashops.com\/wp-content\/uploads\/2026\/03\/Buy-a-university-master-bachelor-diploma-online.webp\" alt=\"Pirkti universiteto magistro bakalauro diplom\u0105 internetu\" class=\"wp-image-86\" srcset=\"https:\/\/diplomashops.com\/wp-content\/uploads\/2026\/03\/Buy-a-university-master-bachelor-diploma-online.webp 300w, https:\/\/diplomashops.com\/wp-content\/uploads\/2026\/03\/Buy-a-university-master-bachelor-diploma-online-18x12.webp 18w\" sizes=\"auto, (max-width: 300px) 100vw, 300px\" \/><\/figure>","protected":false},"excerpt":{"rendered":"<p>Your Trusted Diploma Service Provider, www.DiplomaShops.com Welcome to DiplomaShops.com, your reliable partner for professional diploma services since 2018. We specialize [&hellip;]<\/p>\n","protected":false},"author":1,"featured_media":0,"parent":0,"menu_order":0,"comment_status":"closed","ping_status":"closed","template":"","meta":{"site-sidebar-layout":"default","site-content-layout":"","ast-site-content-layout":"default","site-content-style":"default","site-sidebar-style":"default","ast-global-header-display":"","ast-banner-title-visibility":"","ast-main-header-display":"","ast-hfb-above-header-display":"","ast-hfb-below-header-display":"","ast-hfb-mobile-header-display":"","site-post-title":"","ast-breadcrumbs-content":"","ast-featured-img":"","footer-sml-layout":"","ast-disable-related-posts":"","theme-transparent-header-meta":"","adv-header-id-meta":"","stick-header-meta":"","header-above-stick-meta":"","header-main-stick-meta":"","header-below-stick-meta":"","astra-migrate-meta-layouts":"default","ast-page-background-enabled":"default","ast-page-background-meta":{"desktop":{"background-color":"var(--ast-global-color-5)","background-image":"","background-repeat":"repeat","background-position":"center center","background-size":"auto","background-attachment":"scroll","background-type":"","background-media":"","overlay-type":"","overlay-color":"","overlay-opacity":"","overlay-gradient":""},"tablet":{"background-color":"","background-image":"","background-repeat":"repeat","background-position":"center center","background-size":"auto","background-attachment":"scroll","background-type":"","background-media":"","overlay-type":"","overlay-color":"","overlay-opacity":"","overlay-gradient":""},"mobile":{"background-color":"","background-image":"","background-repeat":"repeat","background-position":"center center","background-size":"auto","background-attachment":"scroll","background-type":"","background-media":"","overlay-type":"","overlay-color":"","overlay-opacity":"","overlay-gradient":""}},"ast-content-background-meta":{"desktop":{"background-color":"var(--ast-global-color-4)","background-image":"","background-repeat":"repeat","background-position":"center center","background-size":"auto","background-attachment":"scroll","background-type":"","background-media":"","overlay-type":"","overlay-color":"","overlay-opacity":"","overlay-gradient":""},"tablet":{"background-color":"var(--ast-global-color-4)","background-image":"","background-repeat":"repeat","background-position":"center center","background-size":"auto","background-attachment":"scroll","background-type":"","background-media":"","overlay-type":"","overlay-color":"","overlay-opacity":"","overlay-gradient":""},"mobile":{"background-color":"var(--ast-global-color-4)","background-image":"","background-repeat":"repeat","background-position":"center center","background-size":"auto","background-attachment":"scroll","background-type":"","background-media":"","overlay-type":"","overlay-color":"","overlay-opacity":"","overlay-gradient":""}},"footnotes":""},"class_list":["post-36","page","type-page","status-publish","hentry"],"yoast_head":"<!-- This site is optimized with the Yoast SEO plugin v27.5 - https:\/\/yoast.com\/product\/yoast-seo-wordpress\/ -->\n<title>About us - DiplomaShops.com - Buy Diploma Online | Fast &amp; Secure Service<\/title>\n<meta name=\"description\" content=\"Learn about DiplomaShops.com - trusted diploma service since 2018. Quality, privacy, and fast delivery worldwide. Meet our team today!\" \/>\n<meta name=\"robots\" content=\"index, follow, max-snippet:-1, max-image-preview:large, max-video-preview:-1\" \/>\n<link rel=\"canonical\" href=\"https:\/\/diplomashops.com\/lt\/about-us\/\" \/>\n<meta property=\"og:locale\" content=\"lt_LT\" \/>\n<meta property=\"og:type\" content=\"article\" \/>\n<meta property=\"og:title\" content=\"About us - DiplomaShops.com - Buy Diploma Online | Fast &amp; Secure Service\" \/>\n<meta property=\"og:description\" content=\"Learn about DiplomaShops.com - trusted diploma service since 2018. Quality, privacy, and fast delivery worldwide. Meet our team today!\" \/>\n<meta property=\"og:url\" content=\"https:\/\/diplomashops.com\/lt\/about-us\/\" \/>\n<meta property=\"og:site_name\" content=\"DiplomaShops.com - Buy Diploma Online | Fast &amp; Secure Service\" \/>\n<meta property=\"article:modified_time\" content=\"2026-03-14T16:06:08+00:00\" \/>\n<meta property=\"og:image\" content=\"https:\/\/diplomashops.com\/wp-content\/uploads\/2026\/03\/buy-diploma.webp\" \/>\n\t<meta property=\"og:image:width\" content=\"300\" \/>\n\t<meta property=\"og:image:height\" content=\"211\" \/>\n\t<meta property=\"og:image:type\" content=\"image\/webp\" \/>\n<meta name=\"twitter:card\" content=\"summary_large_image\" \/>\n<meta name=\"twitter:label1\" content=\"Est. reading time\" \/>\n\t<meta name=\"twitter:data1\" content=\"5 minut\u0117s\" \/>\n<script type=\"application\/ld+json\" class=\"yoast-schema-graph\">{\"@context\":\"https:\\\/\\\/schema.org\",\"@graph\":[{\"@type\":\"WebPage\",\"@id\":\"https:\\\/\\\/diplomashops.com\\\/about-us\\\/\",\"url\":\"https:\\\/\\\/diplomashops.com\\\/about-us\\\/\",\"name\":\"About us - DiplomaShops.com - Buy Diploma Online | Fast &amp; Secure Service\",\"isPartOf\":{\"@id\":\"https:\\\/\\\/diplomashops.com\\\/#website\"},\"primaryImageOfPage\":{\"@id\":\"https:\\\/\\\/diplomashops.com\\\/about-us\\\/#primaryimage\"},\"image\":{\"@id\":\"https:\\\/\\\/diplomashops.com\\\/about-us\\\/#primaryimage\"},\"thumbnailUrl\":\"https:\\\/\\\/diplomashops.com\\\/wp-content\\\/uploads\\\/2026\\\/03\\\/buy-diploma.webp\",\"datePublished\":\"2026-03-14T15:41:58+00:00\",\"dateModified\":\"2026-03-14T16:06:08+00:00\",\"description\":\"Learn about DiplomaShops.com - trusted diploma service since 2018. Quality, privacy, and fast delivery worldwide. Meet our team today!\",\"breadcrumb\":{\"@id\":\"https:\\\/\\\/diplomashops.com\\\/about-us\\\/#breadcrumb\"},\"inLanguage\":\"lt-LT\",\"potentialAction\":[{\"@type\":\"ReadAction\",\"target\":[\"https:\\\/\\\/diplomashops.com\\\/about-us\\\/\"]}]},{\"@type\":\"ImageObject\",\"inLanguage\":\"lt-LT\",\"@id\":\"https:\\\/\\\/diplomashops.com\\\/about-us\\\/#primaryimage\",\"url\":\"https:\\\/\\\/diplomashops.com\\\/wp-content\\\/uploads\\\/2026\\\/03\\\/buy-diploma.webp\",\"contentUrl\":\"https:\\\/\\\/diplomashops.com\\\/wp-content\\\/uploads\\\/2026\\\/03\\\/buy-diploma.webp\"},{\"@type\":\"BreadcrumbList\",\"@id\":\"https:\\\/\\\/diplomashops.com\\\/about-us\\\/#breadcrumb\",\"itemListElement\":[{\"@type\":\"ListItem\",\"position\":1,\"name\":\"Home\",\"item\":\"https:\\\/\\\/diplomashops.com\\\/\"},{\"@type\":\"ListItem\",\"position\":2,\"name\":\"About us\"}]},{\"@type\":\"WebSite\",\"@id\":\"https:\\\/\\\/diplomashops.com\\\/#website\",\"url\":\"https:\\\/\\\/diplomashops.com\\\/\",\"name\":\"DiplomaShops.com - Buy Diploma Online | Fast &amp; Secure Service\",\"description\":\"Buy a Diploma online Delivered Worldwide - Order Your Certificate Today\",\"potentialAction\":[{\"@type\":\"SearchAction\",\"target\":{\"@type\":\"EntryPoint\",\"urlTemplate\":\"https:\\\/\\\/diplomashops.com\\\/?s={search_term_string}\"},\"query-input\":{\"@type\":\"PropertyValueSpecification\",\"valueRequired\":true,\"valueName\":\"search_term_string\"}}],\"inLanguage\":\"lt-LT\"}]}<\/script>\n<!-- \/ Yoast SEO plugin. -->","yoast_head_json":{"title":"Apie mus - DiplomaShops.com - Pirkti diplom\u0105 internetu | Greitas ir saugus aptarnavimas","description":"Su\u017einokite apie DiplomaShops.com - patikim\u0105 diplom\u0173 i\u0161davimo paslaug\u0105 nuo 2018 m. Kokyb\u0117, privatumas ir greitas pristatymas visame pasaulyje. Susipa\u017einkite su m\u016bs\u0173 komanda \u0161iandien!","robots":{"index":"index","follow":"follow","max-snippet":"max-snippet:-1","max-image-preview":"max-image-preview:large","max-video-preview":"max-video-preview:-1"},"canonical":"https:\/\/diplomashops.com\/lt\/about-us\/","og_locale":"lt_LT","og_type":"article","og_title":"About us - DiplomaShops.com - Buy Diploma Online | Fast &amp; Secure Service","og_description":"Learn about DiplomaShops.com - trusted diploma service since 2018. Quality, privacy, and fast delivery worldwide. Meet our team today!","og_url":"https:\/\/diplomashops.com\/lt\/about-us\/","og_site_name":"DiplomaShops.com - Buy Diploma Online | Fast &amp; Secure Service","article_modified_time":"2026-03-14T16:06:08+00:00","og_image":[{"width":300,"height":211,"url":"https:\/\/diplomashops.com\/wp-content\/uploads\/2026\/03\/buy-diploma.webp","type":"image\/webp"}],"twitter_card":"summary_large_image","twitter_misc":{"Est. reading time":"5 minut\u0117s"},"schema":{"@context":"https:\/\/schema.org","@graph":[{"@type":"WebPage","@id":"https:\/\/diplomashops.com\/about-us\/","url":"https:\/\/diplomashops.com\/about-us\/","name":"Apie mus - DiplomaShops.com - Pirkti diplom\u0105 internetu | Greitas ir saugus aptarnavimas","isPartOf":{"@id":"https:\/\/diplomashops.com\/#website"},"primaryImageOfPage":{"@id":"https:\/\/diplomashops.com\/about-us\/#primaryimage"},"image":{"@id":"https:\/\/diplomashops.com\/about-us\/#primaryimage"},"thumbnailUrl":"https:\/\/diplomashops.com\/wp-content\/uploads\/2026\/03\/buy-diploma.webp","datePublished":"2026-03-14T15:41:58+00:00","dateModified":"2026-03-14T16:06:08+00:00","description":"Su\u017einokite apie DiplomaShops.com - patikim\u0105 diplom\u0173 i\u0161davimo paslaug\u0105 nuo 2018 m. Kokyb\u0117, privatumas ir greitas pristatymas visame pasaulyje. Susipa\u017einkite su m\u016bs\u0173 komanda \u0161iandien!","breadcrumb":{"@id":"https:\/\/diplomashops.com\/about-us\/#breadcrumb"},"inLanguage":"lt-LT","potentialAction":[{"@type":"ReadAction","target":["https:\/\/diplomashops.com\/about-us\/"]}]},{"@type":"ImageObject","inLanguage":"lt-LT","@id":"https:\/\/diplomashops.com\/about-us\/#primaryimage","url":"https:\/\/diplomashops.com\/wp-content\/uploads\/2026\/03\/buy-diploma.webp","contentUrl":"https:\/\/diplomashops.com\/wp-content\/uploads\/2026\/03\/buy-diploma.webp"},{"@type":"BreadcrumbList","@id":"https:\/\/diplomashops.com\/about-us\/#breadcrumb","itemListElement":[{"@type":"ListItem","position":1,"name":"Home","item":"https:\/\/diplomashops.com\/"},{"@type":"ListItem","position":2,"name":"About us"}]},{"@type":"WebSite","@id":"https:\/\/diplomashops.com\/#website","url":"https:\/\/diplomashops.com\/","name":"DiplomaShops.com - Pirkti diplom\u0105 internetu | Greitas ir saugus aptarnavimas","description":"Pirkite diplom\u0105 internetu, pristatom\u0105 visame pasaulyje - u\u017esisakykite sertifikat\u0105 \u0161iandien","potentialAction":[{"@type":"SearchAction","target":{"@type":"EntryPoint","urlTemplate":"https:\/\/diplomashops.com\/?s={search_term_string}"},"query-input":{"@type":"PropertyValueSpecification","valueRequired":true,"valueName":"search_term_string"}}],"inLanguage":"lt-LT"}]}},"_links":{"self":[{"href":"https:\/\/diplomashops.com\/lt\/wp-json\/wp\/v2\/pages\/36","targetHints":{"allow":["GET"]}}],"collection":[{"href":"https:\/\/diplomashops.com\/lt\/wp-json\/wp\/v2\/pages"}],"about":[{"href":"https:\/\/diplomashops.com\/lt\/wp-json\/wp\/v2\/types\/page"}],"author":[{"embeddable":true,"href":"https:\/\/diplomashops.com\/lt\/wp-json\/wp\/v2\/users\/1"}],"replies":[{"embeddable":true,"href":"https:\/\/diplomashops.com\/lt\/wp-json\/wp\/v2\/comments?post=36"}],"version-history":[{"count":3,"href":"https:\/\/diplomashops.com\/lt\/wp-json\/wp\/v2\/pages\/36\/revisions"}],"predecessor-version":[{"id":94,"href":"https:\/\/diplomashops.com\/lt\/wp-json\/wp\/v2\/pages\/36\/revisions\/94"}],"wp:attachment":[{"href":"https:\/\/diplomashops.com\/lt\/wp-json\/wp\/v2\/media?parent=36"}],"curies":[{"name":"wp","href":"https:\/\/api.w.org\/{rel}","templated":true}]}}