{"id":6,"date":"2026-03-12T21:48:39","date_gmt":"2026-03-12T21:48:39","guid":{"rendered":"https:\/\/diplomashops.com\/?page_id=6"},"modified":"2026-03-14T16:05:39","modified_gmt":"2026-03-14T16:05:39","slug":"buy-diploma","status":"publish","type":"page","link":"https:\/\/diplomashops.com\/lt\/","title":{"rendered":"Pirkti diplom\u0105"},"content":{"rendered":"<h2 class=\"wp-block-heading\">Ie\u0161kote daugiau informacijos apie diplom\u0105, laipsn\u012f ar pa\u017eym\u0117jim\u0105?<\/h2>\n\n\n\n<p>Norite greitai ir saugiai nusipirkti diplom\u0105 internetu? Nesvarbu, ar jums reikia vidurin\u0117s mokyklos diplomo, universiteto diplomo, ar profesinio pa\u017eym\u0117jimo, DiplomaShops.com si\u016blo teis\u0117tas diplom\u0173 pristatymo paslaugas visame pasaulyje. Greitai gaukite autenti\u0161kai atrodant\u012f diplom\u0105, kuris puikiai tinka darbo pra\u0161ymams, imigracijos ar asmeniniams dokumentams. M\u016bs\u0173 diskreti\u0161kos paslaugos u\u017etikrina privatum\u0105 ir kokyb\u0119, kuria galite pasitik\u0117ti.<\/p>\n\n\n\n<figure class=\"wp-block-image size-full\"><img loading=\"lazy\" decoding=\"async\" width=\"300\" height=\"211\" src=\"https:\/\/diplomashops.com\/wp-content\/uploads\/2026\/03\/buy-diploma.webp\" alt=\"pirkti diplom\u0105\" class=\"wp-image-88\" srcset=\"https:\/\/diplomashops.com\/wp-content\/uploads\/2026\/03\/buy-diploma.webp 300w, https:\/\/diplomashops.com\/wp-content\/uploads\/2026\/03\/buy-diploma-18x12.webp 18w\" sizes=\"auto, (max-width: 300px) 100vw, 300px\" \/><\/figure>\n\n\n\n<h3 class=\"wp-block-heading\">Kod\u0117l verta rinktis m\u016bs\u0173 diplom\u0173 i\u0161davimo paslaugas?<\/h3>\n\n\n\n<h4 class=\"wp-block-heading\">Autenti\u0161kai atrodantys diplomai<\/h4>\n\n\n\n<p>Pirkdami i\u0161 m\u016bs\u0173 universiteto diplom\u0105 ar bet kok\u012f akademin\u012f pa\u017eym\u0117jim\u0105, gausite auk\u0161tos kokyb\u0117s reprodukcij\u0105, atitinkan\u010di\u0105 oficialius dokumentus. M\u016bs\u0173 ekspertai dizaineriai naudoja auk\u0161\u010diausios kokyb\u0117s med\u017eiagas ir tiksl\u0173 formatavim\u0105, kad sukurt\u0173 profesinius standartus atitinkan\u010dius \u012fgaliojimus.<\/p>\n\n\n\n<h4 class=\"wp-block-heading\">Greitas apdorojimas ir pristatymas visame pasaulyje<\/h4>\n\n\n\n<p>Ar jums skubiai reikia diplomo? Si\u016blome pagreitint\u0105 tvarkym\u0105 - dauguma u\u017esakym\u0173 \u012fvykdomi per 24-48 valandas. M\u016bs\u0173 pasaulinis siunt\u0173 tinklas pristato \u012f daugiau nei 20 \u0161ali\u0173, \u012fskaitant JAV, Jungtin\u0119 Karalyst\u0119, Kanad\u0105, Vokietij\u0105, Nyderlandus, Pranc\u016bzij\u0105, Australij\u0105 ir kitas \u0161alis, o j\u016bs\u0173 ramybei u\u017etikrinti - su steb\u0117jimo funkcija.<\/p>\n\n\n\n<h4 class=\"wp-block-heading\">Garantuojamas visi\u0161kas privatumas<\/h4>\n\n\n\n<p>Visi dokumentai siun\u010diami paprastoje, nepa\u017eym\u0117toje pakuot\u0117je. Niekada neatskleid\u017eiame j\u016bs\u0173 asmenin\u0117s informacijos ar u\u017esakymo duomen\u0173 tre\u010diosioms \u0161alims. J\u016bs\u0173 konfidencialumas yra m\u016bs\u0173 svarbiausias prioritetas, kai nusprend\u017eiate pirkti diplomo paslaugas internetu.<\/p>\n\n\n\n<h4 class=\"wp-block-heading\">Daugiakalbis klient\u0173 aptarnavimas<\/h4>\n\n\n\n<p>M\u016bs\u0173 komanda kalba daugiau nei 20 kalb\u0173, tod\u0117l bendrauti su jumis lengva, nesvarbu, ar esate Europoje, \u0160iaur\u0117s Amerikoje, ar kitur. Kreipkit\u0117s \u012f mus bet kuriuo metu, jei norite pad\u0117ti u\u017esisakyti diplom\u0105.<\/p>\n\n\n\n<figure class=\"wp-block-image size-full\"><img loading=\"lazy\" decoding=\"async\" width=\"300\" height=\"216\" src=\"https:\/\/diplomashops.com\/wp-content\/uploads\/2026\/03\/buy-diploma-degree-certificate-online.webp\" alt=\"pirkti diplomo laipsnio sertifikat\u0105 internetu\" class=\"wp-image-87\" srcset=\"https:\/\/diplomashops.com\/wp-content\/uploads\/2026\/03\/buy-diploma-degree-certificate-online.webp 300w, https:\/\/diplomashops.com\/wp-content\/uploads\/2026\/03\/buy-diploma-degree-certificate-online-18x12.webp 18w\" sizes=\"auto, (max-width: 300px) 100vw, 300px\" \/><\/figure>\n\n\n\n<hr class=\"wp-block-separator has-alpha-channel-opacity\"\/>\n\n\n\n<h3 class=\"wp-block-heading\">Populiariausi diplom\u0173 tipai, kuriuos si\u016blome<\/h3>\n\n\n\n<h4 class=\"wp-block-heading\">Vidurin\u0117s mokyklos diplomai<\/h4>\n\n\n\n<p>Pametei vidurin\u0117s mokyklos baigimo diplom\u0105? Reikia pakaitinio darbo pra\u0161ymams? Kuriame tikslias kopijas, atitinkan\u010dias oficialius JAV, JK, Kanados ir Europos mokykl\u0173 formatus.<\/p>\n\n\n\n<h4 class=\"wp-block-heading\">Bakalauro ir magistro laipsniai<\/h4>\n\n\n\n<p>\u012esigykite bakalauro diplom\u0105 arba auk\u0161tesniojo laipsnio pa\u017eym\u0117jim\u0105. M\u016bs\u0173 universitet\u0173 diplomai sukurti taip, kad atspind\u0117t\u0173 tikrus akademinius pa\u017eym\u0117jimus, i\u0161duotus visame pasaulyje pripa\u017eint\u0173 institucij\u0173.<\/p>\n\n\n\n<h4 class=\"wp-block-heading\">Profesiniai sertifikatai<\/h4>\n\n\n\n<p>Teikiame \u012fvairi\u0173 pramon\u0117s \u0161ak\u0173 profesinius diplomus - nuo IT sertifikat\u0173 iki sveikatos prie\u017ei\u016bros pa\u017eym\u0117jim\u0173. Puikiai tinka karjerai ar licencijavimo reikalavimams \u012fvykdyti.<\/p>\n\n\n\n<h4 class=\"wp-block-heading\">Individualizuotas diplomo dizainas<\/h4>\n\n\n\n<p>Reikia ko nors konkretaus? M\u016bs\u0173 u\u017esakomojo dizaino paslauga leid\u017eia sukurti unikalius diplomus, pritaikytus tiksliai pagal j\u016bs\u0173 reikalavimus - idealiai tinka \u012fmon\u0117ms, organizacijoms ar ypatingoms progoms.<\/p>\n\n\n\n<figure class=\"wp-block-image size-full\"><img loading=\"lazy\" decoding=\"async\" width=\"300\" height=\"212\" src=\"https:\/\/diplomashops.com\/wp-content\/uploads\/2026\/03\/Buy-a-university-master-bachelor-diploma-online.webp\" alt=\"Pirkti universiteto magistro bakalauro diplom\u0105 internetu\" class=\"wp-image-86\" srcset=\"https:\/\/diplomashops.com\/wp-content\/uploads\/2026\/03\/Buy-a-university-master-bachelor-diploma-online.webp 300w, https:\/\/diplomashops.com\/wp-content\/uploads\/2026\/03\/Buy-a-university-master-bachelor-diploma-online-18x12.webp 18w\" sizes=\"auto, (max-width: 300px) 100vw, 300px\" \/><\/figure>\n\n\n\n<hr class=\"wp-block-separator has-alpha-channel-opacity\"\/>\n\n\n\n<h3 class=\"wp-block-heading\">Kaip nusipirkti diplom\u0105 - paprastas 4 \u017eingsni\u0173 procesas<\/h3>\n\n\n\n<h4 class=\"wp-block-heading\">1 \u017eingsnis: pasirinkite diplomo tip\u0105<\/h4>\n\n\n\n<p>Per\u017ei\u016br\u0117kite m\u016bs\u0173 akademini\u0173 ir profesini\u0173 diplom\u0173 kolekcij\u0105. Rinkit\u0117s i\u0161 i\u0161 anksto paruo\u0161t\u0173 \u0161ablon\u0173 arba naudokit\u0117s m\u016bs\u0173 individualaus dizaino paslauga, kad gautum\u0117te asmeninius \u012fgaliojimus.<\/p>\n\n\n\n<h4 class=\"wp-block-heading\">2 \u017eingsnis: pateikite savo duomenis<\/h4>\n\n\n\n<p>U\u017epildykite vis\u0105 reikiam\u0105 informacij\u0105, \u012fskaitant savo vard\u0105 ir pavard\u0119, baigimo dat\u0105, institucijos pavadinim\u0105, mokslo laipsnio pavadinim\u0105 ir bet koki\u0105 kit\u0105 svarbi\u0105 personalizavimo informacij\u0105.<\/p>\n\n\n\n<h4 class=\"wp-block-heading\">3 \u017eingsnis: saugus mok\u0117jim\u0173 apdorojimas<\/h4>\n\n\n\n<p>U\u017epildykite u\u017esakym\u0105 naudodamiesi saugia mok\u0117jimo sistema. Priimame pagrindines kredito korteles, \"PayPal\" ir banko pavedimus. Visos operacijos \u0161ifruojamos, kad b\u016bt\u0173 u\u017etikrintas maksimalus saugumas.<\/p>\n\n\n\n<h4 class=\"wp-block-heading\">4 \u017eingsnis: greitas pristatymas \u012f j\u016bs\u0173 duris<\/h4>\n\n\n\n<p>Apdorotas diplomas i\u0161siun\u010diamas per 24 valandas sekamu pa\u0161tu. Dauguma klient\u0173 dokumentus gauna per 5-10 darbo dien\u0173 bet kurioje pasaulio vietoje.<\/p>\n\n\n\n<hr class=\"wp-block-separator has-alpha-channel-opacity\"\/>\n\n\n\n<h3 class=\"wp-block-heading\">Da\u017eniausiai u\u017eduodami klausimai apie diplom\u0173 pirkim\u0105<\/h3>\n\n\n\n<h4 class=\"wp-block-heading\">Ar saugu pirkti diplom\u0105 internetu?<\/h4>\n\n\n\n<p>Taip, jei pasirinksite tok\u012f patikim\u0105 teik\u0117j\u0105 kaip DiplomaShops.com. Mes teikiame pirmenyb\u0119 klient\u0173 saugumui - \u0161ifruojamiems mok\u0117jimams, priva\u010diam siuntimui ir grie\u017etai konfidencialumo politikai.<\/p>\n\n\n\n<h4 class=\"wp-block-heading\">Ar galiu tai naudoti \u012fsidarbindamas?<\/h4>\n\n\n\n<p>Daugelis darbdavi\u0173 priima diplomo kopijas kaip rekomendacijas. Ta\u010diau prie\u0161 pateikdami bet kokius dokumentus, visada pasitarkite su konkre\u010diu darbdaviu d\u0117l j\u0173 dokument\u0173 tikrinimo reikalavim\u0173.<\/p>\n\n\n\n<h4 class=\"wp-block-heading\">K\u0105 daryti, jei diplomo reikia skubiai?<\/h4>\n\n\n\n<p>Si\u016blome skub\u0173 tvarkym\u0105, o skubius u\u017esakymus galima atlikti t\u0105 pa\u010di\u0105 dien\u0105. Susisiekite su mumis d\u0117l greitojo aptarnavimo galimybi\u0173.<\/p>\n\n\n\n<h4 class=\"wp-block-heading\">Ar si\u016blote skaitmenines PDF versijas?<\/h4>\n\n\n\n<p>Absoliu\u010diai! Kartu su fiziniais diplomais pateikiame ir didel\u0117s rai\u0161kos skaitmenines kopijas, kurios puikiai tinka pateikti internetu arba persi\u0173sti el. pa\u0161tu.<\/p>\n\n\n\n<hr class=\"wp-block-separator has-alpha-channel-opacity\"\/>\n\n\n\n<h3 class=\"wp-block-heading\">Ar esate pasireng\u0119 \u012fsigyti diplom\u0105 \u0161iandien?<\/h3>\n\n\n\n<p>Neleiskite, kad tr\u016bkstami dokumentai jus stabdyt\u0173. Nesvarbu, ar jums reikia \u012fsigyti diplom\u0105, kad gal\u0117tum\u0117te kreiptis d\u0117l darbo, pakeisti prarast\u0105 pa\u017eym\u0117jim\u0105, ar greitai gauti akademinius \u012fgaliojimus, DiplomaShops.com jums pad\u0117s. Spustel\u0117kite <a href=\"https:\/\/diplomashops.com\/lt\/susisiekite-su\/\">Susisiekite su<\/a> ir para\u0161ykite mums. <\/p>\n\n\n\n<p>U\u017esisakykite dabar ir u\u017esisakykite greit\u0105, diskreti\u0161k\u0105 paslaug\u0105 su pristatymu visame pasaulyje.<\/p>\n\n\n\n<p>\ud83d\udce7 Ra\u0161ykite mums el. pa\u0161tu:&nbsp;<a href=\"mailto:DiplomaShops247@gmail.com\" rel=\"noreferrer noopener\" target=\"_blank\">DiplomaShops247@gmail.com<\/a><br>\ud83c\udf10 Apsilankykite m\u016bs\u0173 saugiame u\u017esakym\u0173 portale<br>\ud83d\ude9a Pristatymas visame pasaulyje su sekimu<\/p>\n\n\n\n<figure class=\"wp-block-image size-full is-resized\"><img loading=\"lazy\" decoding=\"async\" width=\"1024\" height=\"724\" src=\"https:\/\/diplomashops.com\/wp-content\/uploads\/2026\/03\/Buy-replacement-diploma-online.jpg\" alt=\"Pirkti pakaitin\u012f diplom\u0105 internetu\" class=\"wp-image-89\" style=\"width:381px;height:auto\" srcset=\"https:\/\/diplomashops.com\/wp-content\/uploads\/2026\/03\/Buy-replacement-diploma-online.jpg 1024w, https:\/\/diplomashops.com\/wp-content\/uploads\/2026\/03\/Buy-replacement-diploma-online-300x212.jpg 300w, https:\/\/diplomashops.com\/wp-content\/uploads\/2026\/03\/Buy-replacement-diploma-online-768x543.jpg 768w, https:\/\/diplomashops.com\/wp-content\/uploads\/2026\/03\/Buy-replacement-diploma-online-18x12.jpg 18w\" sizes=\"auto, (max-width: 1024px) 100vw, 1024px\" \/><\/figure>","protected":false},"excerpt":{"rendered":"<p>Are you searching more information about a diploma, degree or certificate? Looking to&nbsp;buy a diploma online&nbsp;quickly and securely? Whether you [&hellip;]<\/p>\n","protected":false},"author":1,"featured_media":0,"parent":0,"menu_order":0,"comment_status":"closed","ping_status":"closed","template":"","meta":{"site-sidebar-layout":"default","site-content-layout":"","ast-site-content-layout":"default","site-content-style":"default","site-sidebar-style":"default","ast-global-header-display":"","ast-banner-title-visibility":"","ast-main-header-display":"","ast-hfb-above-header-display":"","ast-hfb-below-header-display":"","ast-hfb-mobile-header-display":"","site-post-title":"","ast-breadcrumbs-content":"","ast-featured-img":"","footer-sml-layout":"","ast-disable-related-posts":"","theme-transparent-header-meta":"","adv-header-id-meta":"","stick-header-meta":"","header-above-stick-meta":"","header-main-stick-meta":"","header-below-stick-meta":"","astra-migrate-meta-layouts":"default","ast-page-background-enabled":"default","ast-page-background-meta":{"desktop":{"background-color":"var(--ast-global-color-5)","background-image":"","background-repeat":"repeat","background-position":"center center","background-size":"auto","background-attachment":"scroll","background-type":"","background-media":"","overlay-type":"","overlay-color":"","overlay-opacity":"","overlay-gradient":""},"tablet":{"background-color":"","background-image":"","background-repeat":"repeat","background-position":"center center","background-size":"auto","background-attachment":"scroll","background-type":"","background-media":"","overlay-type":"","overlay-color":"","overlay-opacity":"","overlay-gradient":""},"mobile":{"background-color":"","background-image":"","background-repeat":"repeat","background-position":"center center","background-size":"auto","background-attachment":"scroll","background-type":"","background-media":"","overlay-type":"","overlay-color":"","overlay-opacity":"","overlay-gradient":""}},"ast-content-background-meta":{"desktop":{"background-color":"var(--ast-global-color-4)","background-image":"","background-repeat":"repeat","background-position":"center center","background-size":"auto","background-attachment":"scroll","background-type":"","background-media":"","overlay-type":"","overlay-color":"","overlay-opacity":"","overlay-gradient":""},"tablet":{"background-color":"var(--ast-global-color-4)","background-image":"","background-repeat":"repeat","background-position":"center center","background-size":"auto","background-attachment":"scroll","background-type":"","background-media":"","overlay-type":"","overlay-color":"","overlay-opacity":"","overlay-gradient":""},"mobile":{"background-color":"var(--ast-global-color-4)","background-image":"","background-repeat":"repeat","background-position":"center center","background-size":"auto","background-attachment":"scroll","background-type":"","background-media":"","overlay-type":"","overlay-color":"","overlay-opacity":"","overlay-gradient":""}},"footnotes":""},"class_list":["post-6","page","type-page","status-publish","hentry"],"yoast_head":"<!-- This site is optimized with the Yoast SEO plugin v27.5 - https:\/\/yoast.com\/product\/yoast-seo-wordpress\/ -->\n<title>Buy Diploma - DiplomaShops.com - Buy Diploma Online | Fast &amp; Secure Service<\/title>\n<meta name=\"description\" content=\"Buy diploma online fast &amp; securely. Get authentic high school, university &amp; professional diplomas delivered worldwide.\" \/>\n<meta name=\"robots\" content=\"index, follow, max-snippet:-1, max-image-preview:large, max-video-preview:-1\" \/>\n<link rel=\"canonical\" href=\"https:\/\/diplomashops.com\/lt\/\" \/>\n<meta property=\"og:locale\" content=\"lt_LT\" \/>\n<meta property=\"og:type\" content=\"article\" \/>\n<meta property=\"og:title\" content=\"Buy Diploma - DiplomaShops.com - Buy Diploma Online | Fast &amp; Secure Service\" \/>\n<meta property=\"og:description\" content=\"Buy diploma online fast &amp; securely. Get authentic high school, university &amp; professional diplomas delivered worldwide.\" \/>\n<meta property=\"og:url\" content=\"https:\/\/diplomashops.com\/lt\/\" \/>\n<meta property=\"og:site_name\" content=\"DiplomaShops.com - Buy Diploma Online | Fast &amp; Secure Service\" \/>\n<meta property=\"article:modified_time\" content=\"2026-03-14T16:05:39+00:00\" \/>\n<meta property=\"og:image\" content=\"https:\/\/diplomashops.com\/wp-content\/uploads\/2026\/03\/buy-diploma.webp\" \/>\n\t<meta property=\"og:image:width\" content=\"300\" \/>\n\t<meta property=\"og:image:height\" content=\"211\" \/>\n\t<meta property=\"og:image:type\" content=\"image\/webp\" \/>\n<meta name=\"twitter:card\" content=\"summary_large_image\" \/>\n<meta name=\"twitter:label1\" content=\"Est. reading time\" \/>\n\t<meta name=\"twitter:data1\" content=\"4 minut\u0117s\" \/>\n<script type=\"application\/ld+json\" class=\"yoast-schema-graph\">{\"@context\":\"https:\\\/\\\/schema.org\",\"@graph\":[{\"@type\":\"WebPage\",\"@id\":\"https:\\\/\\\/diplomashops.com\\\/\",\"url\":\"https:\\\/\\\/diplomashops.com\\\/\",\"name\":\"Buy Diploma - DiplomaShops.com - Buy Diploma Online | Fast &amp; Secure Service\",\"isPartOf\":{\"@id\":\"https:\\\/\\\/diplomashops.com\\\/#website\"},\"primaryImageOfPage\":{\"@id\":\"https:\\\/\\\/diplomashops.com\\\/#primaryimage\"},\"image\":{\"@id\":\"https:\\\/\\\/diplomashops.com\\\/#primaryimage\"},\"thumbnailUrl\":\"https:\\\/\\\/diplomashops.com\\\/wp-content\\\/uploads\\\/2026\\\/03\\\/buy-diploma.webp\",\"datePublished\":\"2026-03-12T21:48:39+00:00\",\"dateModified\":\"2026-03-14T16:05:39+00:00\",\"description\":\"Buy diploma online fast & securely. Get authentic high school, university & professional diplomas delivered worldwide.\",\"breadcrumb\":{\"@id\":\"https:\\\/\\\/diplomashops.com\\\/#breadcrumb\"},\"inLanguage\":\"lt-LT\",\"potentialAction\":[{\"@type\":\"ReadAction\",\"target\":[\"https:\\\/\\\/diplomashops.com\\\/\"]}]},{\"@type\":\"ImageObject\",\"inLanguage\":\"lt-LT\",\"@id\":\"https:\\\/\\\/diplomashops.com\\\/#primaryimage\",\"url\":\"https:\\\/\\\/diplomashops.com\\\/wp-content\\\/uploads\\\/2026\\\/03\\\/buy-diploma.webp\",\"contentUrl\":\"https:\\\/\\\/diplomashops.com\\\/wp-content\\\/uploads\\\/2026\\\/03\\\/buy-diploma.webp\"},{\"@type\":\"BreadcrumbList\",\"@id\":\"https:\\\/\\\/diplomashops.com\\\/#breadcrumb\",\"itemListElement\":[{\"@type\":\"ListItem\",\"position\":1,\"name\":\"Home\",\"item\":\"https:\\\/\\\/diplomashops.com\\\/\"},{\"@type\":\"ListItem\",\"position\":2,\"name\":\"Buy Diploma\"}]},{\"@type\":\"WebSite\",\"@id\":\"https:\\\/\\\/diplomashops.com\\\/#website\",\"url\":\"https:\\\/\\\/diplomashops.com\\\/\",\"name\":\"DiplomaShops.com - Buy Diploma Online | Fast &amp; Secure Service\",\"description\":\"Buy a Diploma online Delivered Worldwide - Order Your Certificate Today\",\"potentialAction\":[{\"@type\":\"SearchAction\",\"target\":{\"@type\":\"EntryPoint\",\"urlTemplate\":\"https:\\\/\\\/diplomashops.com\\\/?s={search_term_string}\"},\"query-input\":{\"@type\":\"PropertyValueSpecification\",\"valueRequired\":true,\"valueName\":\"search_term_string\"}}],\"inLanguage\":\"lt-LT\"}]}<\/script>\n<!-- \/ Yoast SEO plugin. -->","yoast_head_json":{"title":"Pirkti diplom\u0105 - DiplomaShops.com - Pirkti diplom\u0105 internetu | Greitas ir saugus aptarnavimas","description":"Pirkite diplom\u0105 internetu greitai ir saugiai. Gaukite autenti\u0161kus auk\u0161t\u0173j\u0173 mokykl\u0173, universitet\u0173 ir profesini\u0173 mokykl\u0173 diplomus, pristatomus visame pasaulyje.","robots":{"index":"index","follow":"follow","max-snippet":"max-snippet:-1","max-image-preview":"max-image-preview:large","max-video-preview":"max-video-preview:-1"},"canonical":"https:\/\/diplomashops.com\/lt\/","og_locale":"lt_LT","og_type":"article","og_title":"Buy Diploma - DiplomaShops.com - Buy Diploma Online | Fast &amp; Secure Service","og_description":"Buy diploma online fast & securely. Get authentic high school, university & professional diplomas delivered worldwide.","og_url":"https:\/\/diplomashops.com\/lt\/","og_site_name":"DiplomaShops.com - Buy Diploma Online | Fast &amp; Secure Service","article_modified_time":"2026-03-14T16:05:39+00:00","og_image":[{"width":300,"height":211,"url":"https:\/\/diplomashops.com\/wp-content\/uploads\/2026\/03\/buy-diploma.webp","type":"image\/webp"}],"twitter_card":"summary_large_image","twitter_misc":{"Est. reading time":"4 minut\u0117s"},"schema":{"@context":"https:\/\/schema.org","@graph":[{"@type":"WebPage","@id":"https:\/\/diplomashops.com\/","url":"https:\/\/diplomashops.com\/","name":"Pirkti diplom\u0105 - DiplomaShops.com - Pirkti diplom\u0105 internetu | Greitas ir saugus aptarnavimas","isPartOf":{"@id":"https:\/\/diplomashops.com\/#website"},"primaryImageOfPage":{"@id":"https:\/\/diplomashops.com\/#primaryimage"},"image":{"@id":"https:\/\/diplomashops.com\/#primaryimage"},"thumbnailUrl":"https:\/\/diplomashops.com\/wp-content\/uploads\/2026\/03\/buy-diploma.webp","datePublished":"2026-03-12T21:48:39+00:00","dateModified":"2026-03-14T16:05:39+00:00","description":"Pirkite diplom\u0105 internetu greitai ir saugiai. Gaukite autenti\u0161kus auk\u0161t\u0173j\u0173 mokykl\u0173, universitet\u0173 ir profesini\u0173 mokykl\u0173 diplomus, pristatomus visame pasaulyje.","breadcrumb":{"@id":"https:\/\/diplomashops.com\/#breadcrumb"},"inLanguage":"lt-LT","potentialAction":[{"@type":"ReadAction","target":["https:\/\/diplomashops.com\/"]}]},{"@type":"ImageObject","inLanguage":"lt-LT","@id":"https:\/\/diplomashops.com\/#primaryimage","url":"https:\/\/diplomashops.com\/wp-content\/uploads\/2026\/03\/buy-diploma.webp","contentUrl":"https:\/\/diplomashops.com\/wp-content\/uploads\/2026\/03\/buy-diploma.webp"},{"@type":"BreadcrumbList","@id":"https:\/\/diplomashops.com\/#breadcrumb","itemListElement":[{"@type":"ListItem","position":1,"name":"Home","item":"https:\/\/diplomashops.com\/"},{"@type":"ListItem","position":2,"name":"Buy Diploma"}]},{"@type":"WebSite","@id":"https:\/\/diplomashops.com\/#website","url":"https:\/\/diplomashops.com\/","name":"DiplomaShops.com - Pirkti diplom\u0105 internetu | Greitas ir saugus aptarnavimas","description":"Pirkite diplom\u0105 internetu, pristatom\u0105 visame pasaulyje - u\u017esisakykite sertifikat\u0105 \u0161iandien","potentialAction":[{"@type":"SearchAction","target":{"@type":"EntryPoint","urlTemplate":"https:\/\/diplomashops.com\/?s={search_term_string}"},"query-input":{"@type":"PropertyValueSpecification","valueRequired":true,"valueName":"search_term_string"}}],"inLanguage":"lt-LT"}]}},"_links":{"self":[{"href":"https:\/\/diplomashops.com\/lt\/wp-json\/wp\/v2\/pages\/6","targetHints":{"allow":["GET"]}}],"collection":[{"href":"https:\/\/diplomashops.com\/lt\/wp-json\/wp\/v2\/pages"}],"about":[{"href":"https:\/\/diplomashops.com\/lt\/wp-json\/wp\/v2\/types\/page"}],"author":[{"embeddable":true,"href":"https:\/\/diplomashops.com\/lt\/wp-json\/wp\/v2\/users\/1"}],"replies":[{"embeddable":true,"href":"https:\/\/diplomashops.com\/lt\/wp-json\/wp\/v2\/comments?post=6"}],"version-history":[{"count":13,"href":"https:\/\/diplomashops.com\/lt\/wp-json\/wp\/v2\/pages\/6\/revisions"}],"predecessor-version":[{"id":93,"href":"https:\/\/diplomashops.com\/lt\/wp-json\/wp\/v2\/pages\/6\/revisions\/93"}],"wp:attachment":[{"href":"https:\/\/diplomashops.com\/lt\/wp-json\/wp\/v2\/media?parent=6"}],"curies":[{"name":"wp","href":"https:\/\/api.w.org\/{rel}","templated":true}]}}