{"id":21,"date":"2026-03-14T15:35:38","date_gmt":"2026-03-14T15:35:38","guid":{"rendered":"https:\/\/diplomashops.com\/?page_id=21"},"modified":"2026-03-14T16:06:33","modified_gmt":"2026-03-14T16:06:33","slug":"sazinaties-ar","status":"publish","type":"page","link":"https:\/\/diplomashops.com\/lv\/contact\/","title":{"rendered":"Sazinieties ar"},"content":{"rendered":"<h2 class=\"wp-block-heading\">Sazinieties ar mums - Sa\u0146emiet pal\u012bdz\u012bbu, ieg\u0101d\u0101joties savu diplomu<\/h2>\n\n\n\n<h3 class=\"wp-block-heading\">Vair\u0101ki veidi, k\u0101 sazin\u0101ties ar mums<\/h3>\n\n\n\n<h4 class=\"wp-block-heading\">\ud83d\udce7 E-pasta atbalsts<\/h4>\n\n\n\n<p>S\u016btiet mums zi\u0146u jebkur\u0101 laik\u0101 uz \u0161\u0101du adresi&nbsp;<a href=\"mailto:DiplomaShops247@gmail.com\" target=\"_blank\" rel=\"noreferrer noopener\">DiplomaShops247@gmail.com<\/a>. M\u0113s garant\u0113jam atbildi 60 min\u016b\u0161u laik\u0101 m\u016bsu darba laik\u0101.<\/p>\n\n\n\n<h4 class=\"wp-block-heading\">\ud83d\udcac WhatsApp \u010dats<\/h4>\n\n\n\n<p>Dodat priek\u0161roku t\u016bl\u012bt\u0113jai zi\u0146apmai\u0146ai? Sazinieties ar mums tie\u0161i, izmantojot WhatsApp, lai sa\u0146emtu t\u016bl\u012bt\u0113ju pal\u012bdz\u012bbu. Noklik\u0161\u0137iniet uz WhatsApp pogas ekr\u0101na apak\u0161\u0113j\u0101 labaj\u0101 st\u016br\u012b vai nosken\u0113jiet zem\u0101k redzamo QR kodu.<\/p>\n\n\n\n<h4 class=\"wp-block-heading\">\ud83c\udf10 Kontaktinformu<\/h4>\n\n\n\n<p>Izmantojiet m\u016bsu dro\u0161o kontaktformu, lai nos\u016bt\u012btu mums savus jaut\u0101jumus vai probl\u0113mas. M\u0113s nekav\u0113joties sazin\u0101simies ar jums, pied\u0101v\u0101jot noder\u012bgus risin\u0101jumus.<\/p>\n\n\n\n<figure class=\"wp-block-image size-full\"><img loading=\"lazy\" decoding=\"async\" width=\"300\" height=\"211\" src=\"https:\/\/diplomashops.com\/wp-content\/uploads\/2026\/03\/buy-diploma.webp\" alt=\"nopirkt diplomu\" class=\"wp-image-88\" srcset=\"https:\/\/diplomashops.com\/wp-content\/uploads\/2026\/03\/buy-diploma.webp 300w, https:\/\/diplomashops.com\/wp-content\/uploads\/2026\/03\/buy-diploma-18x12.webp 18w\" sizes=\"auto, (max-width: 300px) 100vw, 300px\" \/><\/figure>\n\n\n\n<hr class=\"wp-block-separator has-alpha-channel-opacity\"\/>\n\n\n\n<h3 class=\"wp-block-heading\">Darba laiks un reakcijas laiks<\/h3>\n\n\n\n<h4 class=\"wp-block-heading\">Standarta reakcijas laiks: 1 stundas laik\u0101<\/h4>\n\n\n\n<p>M\u0113s lepojamies ar \u0101tru sazi\u0146u. Darba laik\u0101 sagaidiet atbildi 60 min\u016b\u0161u laik\u0101 vai \u0101tr\u0101k.<\/p>\n\n\n\n<h4 class=\"wp-block-heading\">Pieejams papla\u0161in\u0101ts atbalsts<\/h4>\n\n\n\n<p>\u0100rpus parast\u0101 darba laika? Atst\u0101jiet zi\u0146u, un m\u0113s atbild\u0113sim jums n\u0101kamaj\u0101 darba dien\u0101.<\/p>\n\n\n\n<h4 class=\"wp-block-heading\">Ned\u0113\u013cas nogales un br\u012bvdienu p\u0101rkl\u0101jums<\/h4>\n\n\n\n<p>Mums nav br\u012bvdienu vai sv\u0113tku dienu. M\u0113s esam tie\u0161saist\u0113 24 stundas diennakt\u012b, 7 dienas ned\u0113\u013c\u0101, 7 dienas ned\u0113\u013c\u0101, 7 dienas ned\u0113\u013c\u0101.<\/p>\n\n\n\n<hr class=\"wp-block-separator has-alpha-channel-opacity\"\/>\n\n\n\n<h3 class=\"wp-block-heading\">Bie\u017ei sastopamie jaut\u0101jumi<\/h3>\n\n\n\n<h4 class=\"wp-block-heading\">Pas\u016bt\u012bjuma statuss un izseko\u0161ana<\/h4>\n\n\n\n<p>Vai ir nepiecie\u0161ami jaunin\u0101jumi par j\u016bsu diploma pas\u016bt\u012bjumu? V\u0113laties uzzin\u0101t, kad j\u016bsu pakete tiks pieg\u0101d\u0101ta? M\u016bsu komanda nodro\u0161ina izseko\u0161anas inform\u0101ciju re\u0101llaik\u0101.<\/p>\n\n\n\n<h4 class=\"wp-block-heading\">Maks\u0101jumu metodes un dro\u0161\u012bba<\/h4>\n\n\n\n<p>Jaut\u0101jumi par maks\u0101jumu iesp\u0113j\u0101m, dar\u012bjumu dro\u0161\u012bbu vai atmaksas politiku? M\u0113s visu izskaidrojam skaidri un p\u0101rredzami.<\/p>\n\n\n\n<h4 class=\"wp-block-heading\">Diploma piel\u0101go\u0161anas piepras\u012bjumi<\/h4>\n\n\n\n<p>Neesat p\u0101rliecin\u0101ts, kura veidne atbilst j\u016bsu vajadz\u012bb\u0101m? Vai v\u0113laties main\u012bt eso\u0161o dizainu? M\u016bsu eksperti pal\u012bdz\u0113s jums atrast piel\u0101go\u0161anas iesp\u0113jas.<\/p>\n\n\n\n<h4 class=\"wp-block-heading\">Inform\u0101cija par starptautisko pieg\u0101di<\/h4>\n\n\n\n<p>V\u0113laties uzzin\u0101t pieg\u0101des laiku uz j\u016bsu valsti? Vai interes\u0113 muitas proced\u016bras? M\u0113s sniedzam detaliz\u0113tus nor\u0101d\u012bjumus par starptautisko pieg\u0101di.<\/p>\n\n\n\n<figure class=\"wp-block-image size-full\"><img loading=\"lazy\" decoding=\"async\" width=\"300\" height=\"212\" src=\"https:\/\/diplomashops.com\/wp-content\/uploads\/2026\/03\/Buy-a-university-master-bachelor-diploma-online.webp\" alt=\"Pirkt universit\u0101tes ma\u0123istra bakalaura diplomu tie\u0161saist\u0113\" class=\"wp-image-86\" srcset=\"https:\/\/diplomashops.com\/wp-content\/uploads\/2026\/03\/Buy-a-university-master-bachelor-diploma-online.webp 300w, https:\/\/diplomashops.com\/wp-content\/uploads\/2026\/03\/Buy-a-university-master-bachelor-diploma-online-18x12.webp 18w\" sizes=\"auto, (max-width: 300px) 100vw, 300px\" \/><\/figure>\n\n\n\n<hr class=\"wp-block-separator has-alpha-channel-opacity\"\/>\n\n\n\n<h3 class=\"wp-block-heading\">WhatsApp kontaktinform\u0101cija<\/h3>\n\n\n\n<p>\ud83d\udd50 Pieejams: 24\/7 \u0101trai rea\u0123\u0113\u0161anai<br>\ud83d\udcac Atbalst\u012bt\u0101s valodas: Atbalst\u012bt\u0101s valodas: ang\u013cu, n\u012bderlandie\u0161u, v\u0101cu, fran\u010du, sp\u0101\u0146u, sp\u0101\u0146u un citas<\/p>\n\n\n\n<p><em>Noklik\u0161\u0137iniet uz WhatsApp ikonas ekr\u0101n\u0101, lai nekav\u0113joties s\u0101ktu t\u0113rz\u0113t!<\/em><\/p>\n\n\n\n<hr class=\"wp-block-separator has-alpha-channel-opacity\"\/>\n\n\n\n<h3 class=\"wp-block-heading\">Svar\u012bga kontaktinform\u0101cija<\/h3>\n\n\n\n<h4 class=\"wp-block-heading\">E-pasta adrese<\/h4>\n\n\n\n<p><a href=\"mailto:DiplomaShops247@gmail.com\" rel=\"noreferrer noopener\" target=\"_blank\">DiplomaShops247@gmail.com<\/a><\/p>\n\n\n\n<h4 class=\"wp-block-heading\">Atbildes garantija<\/h4>\n\n\n\n<p>1 stundas laik\u0101 darba laik\u0101<\/p>\n\n\n\n<h4 class=\"wp-block-heading\">Valodas, kur\u0101s run\u0101<\/h4>\n\n\n\n<p>Ang\u013cu, holandie\u0161u, v\u0101cu, fran\u010du, sp\u0101\u0146u, it\u0101\u013cu, portug\u0101\u013cu, zviedru, norv\u0113\u0123u, d\u0101\u0146u, somu, po\u013cu, \u010dehu, ung\u0101ru, rum\u0101\u0146u, bulg\u0101ru, grie\u0137u, turku, ar\u0101bu, krievu, \u0137\u012bnie\u0161u un citas valodas!<\/p>\n\n\n\n<h4 class=\"wp-block-heading\">Laika josla<\/h4>\n\n\n\n<p>Centr\u0101leiropas laiks (CET\/CEST)<\/p>\n\n\n\n<hr class=\"wp-block-separator has-alpha-channel-opacity\"\/>\n\n\n\n<h3 class=\"wp-block-heading\">Pirms sazin\u0101ties ar mums<\/h3>\n\n\n\n<p>P\u0101rbaudiet m\u016bsu&nbsp;<a href=\"https:\/\/diplomashops.com\/lv\/faq\/\">BIE\u017d\u0100K UZDOTIE JAUT\u0100JUMI<\/a> lap\u0101 atbildes uz bie\u017e\u0101k uzdotajiem jaut\u0101jumiem par pas\u016bt\u012b\u0161anu, maks\u0101jumiem, pieg\u0101di un diploma specifik\u0101cij\u0101m. Iesp\u0113jams, j\u016bs atrad\u012bsiet tie\u0161i to, kas jums nepiecie\u0161ams, negaidot! Noklik\u0161\u0137iniet \u0161eit, ja v\u0113laties las\u012bt vair\u0101k <a href=\"https:\/\/diplomashops.com\/lv\/about-us\/\">par mums<\/a>. <\/p>\n\n\n\n<hr class=\"wp-block-separator has-alpha-channel-opacity\"\/>\n\n\n\n<h3 class=\"wp-block-heading\">Nepiecie\u0161ama t\u016bl\u012bt\u0113ja pal\u012bdz\u012bba?<\/h3>\n\n\n\n<p>Noklik\u0161\u0137iniet uz WhatsApp pogas ekr\u0101na apak\u0161\u0113j\u0101 st\u016br\u012b, lai sazin\u0101tos ar mums tie\u0161i tagad. Nav j\u0101gaida - t\u016bl\u012bt\u0113ja pal\u012bdz\u012bba no m\u016bsu atbalsta speci\u0101listiem.<\/p>","protected":false},"excerpt":{"rendered":"<p>Contact Us \u2013 Get Help Buying Your Diploma Multiple Ways to Contact Us &#x1f4e7; Email Support Send us a message [&hellip;]<\/p>\n","protected":false},"author":1,"featured_media":0,"parent":0,"menu_order":0,"comment_status":"closed","ping_status":"closed","template":"","meta":{"site-sidebar-layout":"default","site-content-layout":"","ast-site-content-layout":"default","site-content-style":"default","site-sidebar-style":"default","ast-global-header-display":"","ast-banner-title-visibility":"","ast-main-header-display":"","ast-hfb-above-header-display":"","ast-hfb-below-header-display":"","ast-hfb-mobile-header-display":"","site-post-title":"","ast-breadcrumbs-content":"","ast-featured-img":"","footer-sml-layout":"","ast-disable-related-posts":"","theme-transparent-header-meta":"","adv-header-id-meta":"","stick-header-meta":"","header-above-stick-meta":"","header-main-stick-meta":"","header-below-stick-meta":"","astra-migrate-meta-layouts":"default","ast-page-background-enabled":"default","ast-page-background-meta":{"desktop":{"background-color":"var(--ast-global-color-5)","background-image":"","background-repeat":"repeat","background-position":"center center","background-size":"auto","background-attachment":"scroll","background-type":"","background-media":"","overlay-type":"","overlay-color":"","overlay-opacity":"","overlay-gradient":""},"tablet":{"background-color":"","background-image":"","background-repeat":"repeat","background-position":"center center","background-size":"auto","background-attachment":"scroll","background-type":"","background-media":"","overlay-type":"","overlay-color":"","overlay-opacity":"","overlay-gradient":""},"mobile":{"background-color":"","background-image":"","background-repeat":"repeat","background-position":"center center","background-size":"auto","background-attachment":"scroll","background-type":"","background-media":"","overlay-type":"","overlay-color":"","overlay-opacity":"","overlay-gradient":""}},"ast-content-background-meta":{"desktop":{"background-color":"var(--ast-global-color-4)","background-image":"","background-repeat":"repeat","background-position":"center center","background-size":"auto","background-attachment":"scroll","background-type":"","background-media":"","overlay-type":"","overlay-color":"","overlay-opacity":"","overlay-gradient":""},"tablet":{"background-color":"var(--ast-global-color-4)","background-image":"","background-repeat":"repeat","background-position":"center center","background-size":"auto","background-attachment":"scroll","background-type":"","background-media":"","overlay-type":"","overlay-color":"","overlay-opacity":"","overlay-gradient":""},"mobile":{"background-color":"var(--ast-global-color-4)","background-image":"","background-repeat":"repeat","background-position":"center center","background-size":"auto","background-attachment":"scroll","background-type":"","background-media":"","overlay-type":"","overlay-color":"","overlay-opacity":"","overlay-gradient":""}},"footnotes":""},"class_list":["post-21","page","type-page","status-publish","hentry"],"yoast_head":"<!-- This site is optimized with the Yoast SEO plugin v27.5 - https:\/\/yoast.com\/product\/yoast-seo-wordpress\/ -->\n<title>Contact - DiplomaShops.com - Buy Diploma Online | Fast &amp; Secure Service<\/title>\n<meta name=\"description\" content=\"Contact DiplomaShops.com for fast diploma service help. We respond within 1 hour via email or WhatsApp. Get assistance today!\" \/>\n<meta name=\"robots\" content=\"index, follow, max-snippet:-1, max-image-preview:large, max-video-preview:-1\" \/>\n<link rel=\"canonical\" href=\"https:\/\/diplomashops.com\/lv\/sazinaties-ar\/\" \/>\n<meta property=\"og:locale\" content=\"lv_LV\" \/>\n<meta property=\"og:type\" content=\"article\" \/>\n<meta property=\"og:title\" content=\"Contact - DiplomaShops.com - Buy Diploma Online | Fast &amp; Secure Service\" \/>\n<meta property=\"og:description\" content=\"Contact DiplomaShops.com for fast diploma service help. We respond within 1 hour via email or WhatsApp. Get assistance today!\" \/>\n<meta property=\"og:url\" content=\"https:\/\/diplomashops.com\/lv\/sazinaties-ar\/\" \/>\n<meta property=\"og:site_name\" content=\"DiplomaShops.com - Buy Diploma Online | Fast &amp; Secure Service\" \/>\n<meta property=\"article:modified_time\" content=\"2026-03-14T16:06:33+00:00\" \/>\n<meta property=\"og:image\" content=\"https:\/\/diplomashops.com\/wp-content\/uploads\/2026\/03\/buy-diploma.webp\" \/>\n\t<meta property=\"og:image:width\" content=\"300\" \/>\n\t<meta property=\"og:image:height\" content=\"211\" \/>\n\t<meta property=\"og:image:type\" content=\"image\/webp\" \/>\n<meta name=\"twitter:card\" content=\"summary_large_image\" \/>\n<meta name=\"twitter:label1\" content=\"Est. reading time\" \/>\n\t<meta name=\"twitter:data1\" content=\"3 min\u016btes\" \/>\n<script type=\"application\/ld+json\" class=\"yoast-schema-graph\">{\"@context\":\"https:\\\/\\\/schema.org\",\"@graph\":[{\"@type\":\"WebPage\",\"@id\":\"https:\\\/\\\/diplomashops.com\\\/contact\\\/\",\"url\":\"https:\\\/\\\/diplomashops.com\\\/contact\\\/\",\"name\":\"Contact - DiplomaShops.com - Buy Diploma Online | Fast &amp; Secure Service\",\"isPartOf\":{\"@id\":\"https:\\\/\\\/diplomashops.com\\\/#website\"},\"primaryImageOfPage\":{\"@id\":\"https:\\\/\\\/diplomashops.com\\\/contact\\\/#primaryimage\"},\"image\":{\"@id\":\"https:\\\/\\\/diplomashops.com\\\/contact\\\/#primaryimage\"},\"thumbnailUrl\":\"https:\\\/\\\/diplomashops.com\\\/wp-content\\\/uploads\\\/2026\\\/03\\\/buy-diploma.webp\",\"datePublished\":\"2026-03-14T15:35:38+00:00\",\"dateModified\":\"2026-03-14T16:06:33+00:00\",\"description\":\"Contact DiplomaShops.com for fast diploma service help. We respond within 1 hour via email or WhatsApp. Get assistance today!\",\"breadcrumb\":{\"@id\":\"https:\\\/\\\/diplomashops.com\\\/contact\\\/#breadcrumb\"},\"inLanguage\":\"lv-LV\",\"potentialAction\":[{\"@type\":\"ReadAction\",\"target\":[\"https:\\\/\\\/diplomashops.com\\\/contact\\\/\"]}]},{\"@type\":\"ImageObject\",\"inLanguage\":\"lv-LV\",\"@id\":\"https:\\\/\\\/diplomashops.com\\\/contact\\\/#primaryimage\",\"url\":\"https:\\\/\\\/diplomashops.com\\\/wp-content\\\/uploads\\\/2026\\\/03\\\/buy-diploma.webp\",\"contentUrl\":\"https:\\\/\\\/diplomashops.com\\\/wp-content\\\/uploads\\\/2026\\\/03\\\/buy-diploma.webp\"},{\"@type\":\"BreadcrumbList\",\"@id\":\"https:\\\/\\\/diplomashops.com\\\/contact\\\/#breadcrumb\",\"itemListElement\":[{\"@type\":\"ListItem\",\"position\":1,\"name\":\"Home\",\"item\":\"https:\\\/\\\/diplomashops.com\\\/\"},{\"@type\":\"ListItem\",\"position\":2,\"name\":\"Contact\"}]},{\"@type\":\"WebSite\",\"@id\":\"https:\\\/\\\/diplomashops.com\\\/#website\",\"url\":\"https:\\\/\\\/diplomashops.com\\\/\",\"name\":\"DiplomaShops.com - Buy Diploma Online | Fast &amp; Secure Service\",\"description\":\"Buy a Diploma online Delivered Worldwide - Order Your Certificate Today\",\"potentialAction\":[{\"@type\":\"SearchAction\",\"target\":{\"@type\":\"EntryPoint\",\"urlTemplate\":\"https:\\\/\\\/diplomashops.com\\\/?s={search_term_string}\"},\"query-input\":{\"@type\":\"PropertyValueSpecification\",\"valueRequired\":true,\"valueName\":\"search_term_string\"}}],\"inLanguage\":\"lv-LV\"}]}<\/script>\n<!-- \/ Yoast SEO plugin. -->","yoast_head_json":{"title":"Kontakti - DiplomaShops.com - Pirkt diplomu tie\u0161saist\u0113 | \u0100trs un dro\u0161s serviss","description":"Sazinieties ar DiplomaShops.com, lai sa\u0146emtu \u0101tru diplomu izsnieg\u0161anas pal\u012bdz\u012bbu. M\u0113s atbildam 1 stundas laik\u0101 pa e-pastu vai WhatsApp. Sa\u0146emiet pal\u012bdz\u012bbu jau \u0161odien!","robots":{"index":"index","follow":"follow","max-snippet":"max-snippet:-1","max-image-preview":"max-image-preview:large","max-video-preview":"max-video-preview:-1"},"canonical":"https:\/\/diplomashops.com\/lv\/sazinaties-ar\/","og_locale":"lv_LV","og_type":"article","og_title":"Contact - DiplomaShops.com - Buy Diploma Online | Fast &amp; Secure Service","og_description":"Contact DiplomaShops.com for fast diploma service help. We respond within 1 hour via email or WhatsApp. Get assistance today!","og_url":"https:\/\/diplomashops.com\/lv\/sazinaties-ar\/","og_site_name":"DiplomaShops.com - Buy Diploma Online | Fast &amp; Secure Service","article_modified_time":"2026-03-14T16:06:33+00:00","og_image":[{"width":300,"height":211,"url":"https:\/\/diplomashops.com\/wp-content\/uploads\/2026\/03\/buy-diploma.webp","type":"image\/webp"}],"twitter_card":"summary_large_image","twitter_misc":{"Est. reading time":"3 min\u016btes"},"schema":{"@context":"https:\/\/schema.org","@graph":[{"@type":"WebPage","@id":"https:\/\/diplomashops.com\/contact\/","url":"https:\/\/diplomashops.com\/contact\/","name":"Kontakti - DiplomaShops.com - Pirkt diplomu tie\u0161saist\u0113 | \u0100trs un dro\u0161s serviss","isPartOf":{"@id":"https:\/\/diplomashops.com\/#website"},"primaryImageOfPage":{"@id":"https:\/\/diplomashops.com\/contact\/#primaryimage"},"image":{"@id":"https:\/\/diplomashops.com\/contact\/#primaryimage"},"thumbnailUrl":"https:\/\/diplomashops.com\/wp-content\/uploads\/2026\/03\/buy-diploma.webp","datePublished":"2026-03-14T15:35:38+00:00","dateModified":"2026-03-14T16:06:33+00:00","description":"Sazinieties ar DiplomaShops.com, lai sa\u0146emtu \u0101tru diplomu izsnieg\u0161anas pal\u012bdz\u012bbu. M\u0113s atbildam 1 stundas laik\u0101 pa e-pastu vai WhatsApp. Sa\u0146emiet pal\u012bdz\u012bbu jau \u0161odien!","breadcrumb":{"@id":"https:\/\/diplomashops.com\/contact\/#breadcrumb"},"inLanguage":"lv-LV","potentialAction":[{"@type":"ReadAction","target":["https:\/\/diplomashops.com\/contact\/"]}]},{"@type":"ImageObject","inLanguage":"lv-LV","@id":"https:\/\/diplomashops.com\/contact\/#primaryimage","url":"https:\/\/diplomashops.com\/wp-content\/uploads\/2026\/03\/buy-diploma.webp","contentUrl":"https:\/\/diplomashops.com\/wp-content\/uploads\/2026\/03\/buy-diploma.webp"},{"@type":"BreadcrumbList","@id":"https:\/\/diplomashops.com\/contact\/#breadcrumb","itemListElement":[{"@type":"ListItem","position":1,"name":"Home","item":"https:\/\/diplomashops.com\/"},{"@type":"ListItem","position":2,"name":"Contact"}]},{"@type":"WebSite","@id":"https:\/\/diplomashops.com\/#website","url":"https:\/\/diplomashops.com\/","name":"DiplomaShops.com - Pirkt diplomu tie\u0161saist\u0113 | \u0100trs un dro\u0161s serviss","description":"Pirkt diplomu tie\u0161saist\u0113 ar pieg\u0101di vis\u0101 pasaul\u0113 - pas\u016btiet savu sertifik\u0101tu jau \u0161odien","potentialAction":[{"@type":"SearchAction","target":{"@type":"EntryPoint","urlTemplate":"https:\/\/diplomashops.com\/?s={search_term_string}"},"query-input":{"@type":"PropertyValueSpecification","valueRequired":true,"valueName":"search_term_string"}}],"inLanguage":"lv-LV"}]}},"_links":{"self":[{"href":"https:\/\/diplomashops.com\/lv\/wp-json\/wp\/v2\/pages\/21","targetHints":{"allow":["GET"]}}],"collection":[{"href":"https:\/\/diplomashops.com\/lv\/wp-json\/wp\/v2\/pages"}],"about":[{"href":"https:\/\/diplomashops.com\/lv\/wp-json\/wp\/v2\/types\/page"}],"author":[{"embeddable":true,"href":"https:\/\/diplomashops.com\/lv\/wp-json\/wp\/v2\/users\/1"}],"replies":[{"embeddable":true,"href":"https:\/\/diplomashops.com\/lv\/wp-json\/wp\/v2\/comments?post=21"}],"version-history":[{"count":7,"href":"https:\/\/diplomashops.com\/lv\/wp-json\/wp\/v2\/pages\/21\/revisions"}],"predecessor-version":[{"id":95,"href":"https:\/\/diplomashops.com\/lv\/wp-json\/wp\/v2\/pages\/21\/revisions\/95"}],"wp:attachment":[{"href":"https:\/\/diplomashops.com\/lv\/wp-json\/wp\/v2\/media?parent=21"}],"curies":[{"name":"wp","href":"https:\/\/api.w.org\/{rel}","templated":true}]}}