{"id":36,"date":"2026-03-14T15:41:58","date_gmt":"2026-03-14T15:41:58","guid":{"rendered":"https:\/\/diplomashops.com\/?page_id=36"},"modified":"2026-03-14T16:06:08","modified_gmt":"2026-03-14T16:06:08","slug":"about-us","status":"publish","type":"page","link":"https:\/\/diplomashops.com\/lv\/about-us\/","title":{"rendered":"Par mums"},"content":{"rendered":"<h2 class=\"wp-block-heading\">J\u016bsu uzticamais diplomu pakalpojumu sniedz\u0113js, www.DiplomaShops.com<\/h2>\n\n\n\n<p>Laipni l\u016bgti DiplomaShops.com, j\u016bsu uzticamaj\u0101 profesion\u0101lo diplomu pakalpojumu partner\u012b kop\u0161 2018. gada. M\u0113s specializ\u0113jamies augstas kvalit\u0101tes, autentiska izskata diplomu izgatavo\u0161an\u0101 person\u0101m vis\u0101 pasaul\u0113, kam nepiecie\u0161ami aizvietojo\u0161i dokumenti, karjeras izaugsmes r\u012bki vai person\u012bgie uzzi\u0146as materi\u0101li. M\u016bsu misija ir nodro\u0161in\u0101t \u0101trus, dro\u0161us un diskr\u0113tus pakalpojumus, kas katru reizi p\u0101rsniedz klientu cer\u012bbas.<\/p>\n\n\n\n<figure class=\"wp-block-image size-full\"><img loading=\"lazy\" decoding=\"async\" width=\"300\" height=\"211\" src=\"https:\/\/diplomashops.com\/wp-content\/uploads\/2026\/03\/buy-diploma.webp\" alt=\"nopirkt diplomu\" class=\"wp-image-88\" srcset=\"https:\/\/diplomashops.com\/wp-content\/uploads\/2026\/03\/buy-diploma.webp 300w, https:\/\/diplomashops.com\/wp-content\/uploads\/2026\/03\/buy-diploma-18x12.webp 18w\" sizes=\"auto, (max-width: 300px) 100vw, 300px\" \/><\/figure>\n\n\n\n<h3 class=\"wp-block-heading\">M\u016bsu st\u0101sts un misija<\/h3>\n\n\n\n<h4 class=\"wp-block-heading\">Kvalit\u0101te un uztic\u012bba<\/h4>\n\n\n\n<p>DiplomaShops.com 2018. gad\u0101 izveidoja dokumentu dizaina profesion\u0101\u013cu komanda, kas atzina pieaugo\u0161o vajadz\u012bbu p\u0113c likum\u012bgiem diplomu aizst\u0101\u0161anas pakalpojumiem. Tas, kas s\u0101k\u0101s k\u0101 neliela oper\u0101cija, ir izaudzis par uzticamu starptautisku pakalpojumu, kas atbalsta klientus vis\u0101 Eirop\u0101, Zieme\u013camerik\u0101 un \u0101rpus t\u0101s.<\/p>\n\n\n\n<h4 class=\"wp-block-heading\">Ap\u0146em\u0161an\u0101s sasniegt izcil\u012bbu<\/h4>\n\n\n\n<p>M\u0113s uzskat\u0101m, ka ikviens ir peln\u012bjis piek\u013cuvi kvalitat\u012bvai dokument\u0101cijai, kad t\u0101 visvair\u0101k nepiecie\u0161ama. Neatkar\u012bgi no t\u0101, vai esat pazaud\u0113jis diploma ori\u0123in\u0101lu, vai jums ir nepiecie\u0161ams t\u0101 aizst\u0101j\u0113js administrat\u012bviem m\u0113r\u0137iem, vai v\u0113laties uzlabot savu profesion\u0101lo portfolio, m\u0113s esam \u0161eit, lai pal\u012bdz\u0113tu ar cie\u0146u un diskr\u0113ti.<\/p>\n\n\n\n<h4 class=\"wp-block-heading\">V\u0113rt\u012bbas, kas m\u016bs virza<\/h4>\n\n\n\n<ul class=\"wp-block-list\">\n<li>Integrit\u0101te: god\u012bgs, p\u0101rredzams pakalpojums ar skaidru sazi\u0146u.<\/li>\n\n\n\n<li>Kvalit\u0101te: Augst\u0101k\u0101s kvalit\u0101tes materi\u0101li un profesion\u0101li dizaina standarti<\/li>\n\n\n\n<li>\u0100trums: \u0100tra apstr\u0101de un uzticama pieg\u0101de vis\u0101 pasaul\u0113<\/li>\n\n\n\n<li>Konfidencialit\u0101te: Piln\u012bga konfidencialit\u0101te un dro\u0161a personisk\u0101s inform\u0101cijas apstr\u0101de.<\/li>\n\n\n\n<li>Atbalsts: Daudzvalodu klientu apkalpo\u0161anas dienests pieejams 24\/7<\/li>\n<\/ul>\n\n\n\n<hr class=\"wp-block-separator has-alpha-channel-opacity\"\/>\n\n\n\n<h3 class=\"wp-block-heading\">K\u0101p\u0113c izv\u0113l\u0113ties DiplomaShops.com?<\/h3>\n\n\n\n<h4 class=\"wp-block-heading\">Ekspertu dizaina komanda<\/h4>\n\n\n\n<p>M\u016bsu rado\u0161ajiem profesion\u0101\u013ciem ir gadu desmitiem ilga pieredze dokumentu reproduc\u0113\u0161anas un grafisk\u0101 dizaina jom\u0101. M\u0113s str\u0101d\u0101jam tikai ar sertific\u0113tiem dizaineriem, kuri izprot iest\u0101\u017eu format\u0113\u0161anas un autentifik\u0101cijas pras\u012bbas.<\/p>\n\n\n\n<h4 class=\"wp-block-heading\">Glob\u0101ls p\u0101rkl\u0101jums, viet\u0113jais atbalsts<\/h4>\n\n\n\n<p>M\u016bsu klienti ir vair\u0101k nek\u0101 20 valst\u012bs, un atbalsta person\u0101ls run\u0101 vair\u0101k\u0101s valod\u0101s, t\u0101p\u0113c m\u0113s p\u0101rvaram kult\u016bras un \u0123eogr\u0101fisk\u0101s at\u0161\u0137ir\u012bbas, lai j\u016bs lab\u0101k apkalpotu. M\u016bsu starptautiskais pieg\u0101des t\u012bkls nodro\u0161ina uzticamu pieg\u0101di vis\u0101 pasaul\u0113.<\/p>\n\n\n\n<h4 class=\"wp-block-heading\">Modern\u0101k\u0101s tehnolo\u0123ijas<\/h4>\n\n\n\n<p>M\u0113s izmantojam modern\u0101k\u0101s drukas iek\u0101rtas un augst\u0101k\u0101s kvalit\u0101tes materi\u0101lus, kas atbilst ofici\u0101lajiem iest\u0101\u017eu standartiem. M\u016bsu digit\u0101lie procesi nodro\u0161ina precizit\u0101ti un konsekvenci katr\u0101 m\u016bsu izgatavotaj\u0101 diplom\u0101.<\/p>\n\n\n\n<h4 class=\"wp-block-heading\">Nozares atz\u012b\u0161ana<\/h4>\n\n\n\n<p>Kop\u0161 uz\u0146\u0113muma dibin\u0101\u0161anas esam pal\u012bdz\u0113ju\u0161i t\u016bksto\u0161iem apmierin\u0101tu klientu ieg\u016bt nepiecie\u0161amo dokument\u0101ciju. M\u016bsu ap\u0146em\u0161an\u0101s nodro\u0161in\u0101t kvalit\u0101ti un klientu apkalpo\u0161anu ir \u013c\u0101vusi mums k\u013c\u016bt par vado\u0161o pakalpojumu sniedz\u0113ju dokumentu pakalpojumu nozar\u0113.<\/p>\n\n\n\n<hr class=\"wp-block-separator has-alpha-channel-opacity\"\/>\n\n\n\n<h3 class=\"wp-block-heading\">M\u016bsu pakalpojumu skaidrojums<\/h3>\n\n\n\n<h4 class=\"wp-block-heading\">Akad\u0113misk\u0101 diploma pavairo\u0161ana<\/h4>\n\n\n\n<p>Izgatavojam prec\u012bzas reprodukcijas no vidusskolas diplomiem l\u012bdz augstskolu diplomiem, pamatojoties uz re\u0101liem paraugiem no atz\u012bt\u0101m iest\u0101d\u0113m. Ide\u0101li piem\u0113roti, lai aizst\u0101tu nozaud\u0113tus ori\u0123in\u0101lus vai izpild\u012btu administrat\u012bv\u0101s pras\u012bbas.<\/p>\n\n\n\n<h4 class=\"wp-block-heading\">Profesion\u0101l\u0101s sertifik\u0101cijas kopijas<\/h4>\n\n\n\n<p>Nepiecie\u0161ams profesion\u0101l\u0101s apm\u0101c\u012bbas vai sertifik\u0101cijas apliecin\u0101jums? M\u0113s pied\u0101v\u0101jam da\u017e\u0101du nozaru, tostarp IT, vesel\u012bbas apr\u016bpes, finan\u0161u, in\u017eenierzin\u0101t\u0146u un citu nozaru, apliec\u012bbas, kas atbilst nozares standartiem.<\/p>\n\n\n\n<h4 class=\"wp-block-heading\">Piel\u0101gota diploma dizains<\/h4>\n\n\n\n<p>M\u016bsu specializ\u0113tais pakalpojums \u013cauj veikt piln\u012bgu personaliz\u0101ciju, tostarp piel\u0101gotus logotipus, iest\u0101\u017eu z\u012bmogus, parakstus un format\u0113jumu. Ide\u0101li piem\u0113rots uz\u0146\u0113mumiem, organiz\u0101cij\u0101m vai unik\u0101l\u0101m person\u012bg\u0101m vajadz\u012bb\u0101m.<\/p>\n\n\n\n<h4 class=\"wp-block-heading\">Av\u0101rijas nomai\u0146as pakalpojums<\/h4>\n\n\n\n<p>Pirms darba intervijas vai svar\u012bgas tik\u0161an\u0101s esat pazaud\u0113jis diplomu? M\u016bsu ekspress pakalpojums pieg\u0101d\u0101 24-48 stundu laik\u0101 steidzamos gad\u012bjumos, kad laiks ir \u013coti svar\u012bgs.<\/p>\n\n\n\n<hr class=\"wp-block-separator has-alpha-channel-opacity\"\/>\n\n\n\n<h3 class=\"wp-block-heading\">Iepaz\u012bstieties ar m\u016bsu komandu<\/h3>\n\n\n\n<h4 class=\"wp-block-heading\">Klientu apkalpo\u0161anas speci\u0101listi<\/h4>\n\n\n\n<p>M\u016bsu daudzvalodu atbalsta komanda apstr\u0101d\u0101 piepras\u012bjumus vair\u0101k nek\u0101 20 valod\u0101s, nodro\u0161inot skaidru sazi\u0146u neatkar\u012bgi no j\u016bsu atra\u0161an\u0101s vietas vai dzimt\u0101s valodas. Pieejama 24 stundas diennakt\u012b, 7 dienas ned\u0113\u013c\u0101, 7 dienas ned\u0113\u013c\u0101, 7 dienas ned\u0113\u013c\u0101, lai sa\u0146emtu t\u016bl\u012bt\u0113ju pal\u012bdz\u012bbu.<\/p>\n\n\n\n<h4 class=\"wp-block-heading\">Dizaina un ra\u017eo\u0161anas eksperti<\/h4>\n\n\n\n<p>Sertific\u0113ti dokumentu dizaineri un drukas speci\u0101listi str\u0101d\u0101 kop\u0101, lai izveidotu diplomus, kas atbilst visaugst\u0101kajiem kvalit\u0101tes standartiem. Katra deta\u013ca ir r\u016bp\u012bgi izstr\u0101d\u0101ta, lai nodro\u0161in\u0101tu autentiskumu un profesionalit\u0101ti.<\/p>\n\n\n\n<h4 class=\"wp-block-heading\">Lo\u0123istikas un pieg\u0101des koordinatori<\/h4>\n\n\n\n<p>M\u016bsu lo\u0123istikas komanda p\u0101rvalda pieg\u0101des oper\u0101cijas vis\u0101 pasaul\u0113, nodro\u0161inot savlaic\u012bgu pieg\u0101di un pien\u0101c\u012bgu visu paku apstr\u0101di. Vi\u0146i sadarbojas ar uzticamiem p\u0101rvad\u0101t\u0101jiem visos m\u016bsu apkalpotajos re\u0123ionos.<\/p>\n\n\n\n<h4 class=\"wp-block-heading\">Kvalit\u0101tes nodro\u0161in\u0101\u0161anas vad\u012bt\u0101ji<\/h4>\n\n\n\n<p>Pirms jebkura diploma nos\u016bt\u012b\u0161anas tiek veiktas stingras kvalit\u0101tes p\u0101rbaudes, lai nodro\u0161in\u0101tu precizit\u0101ti, izskatu un atbilst\u012bbu klienta specifik\u0101cij\u0101m. M\u016bsu kvalit\u0101tes nodro\u0161in\u0101\u0161anas process vienm\u0113r garant\u0113 apmierin\u0101t\u012bbu.<\/p>\n\n\n\n<hr class=\"wp-block-separator has-alpha-channel-opacity\"\/>\n\n\n\n<h3 class=\"wp-block-heading\">M\u016bsu saist\u012bbas pret jums<\/h3>\n\n\n\n<h4 class=\"wp-block-heading\">100% apmierin\u0101t\u012bbas garantija<\/h4>\n\n\n\n<p>M\u0113s st\u0101vam aiz katra m\u016bsu izstr\u0101d\u0101t\u0101 diploma. Ja neesat piln\u012bb\u0101 apmierin\u0101ts ar kvalit\u0101ti vai precizit\u0101ti, m\u0113s to p\u0101rtais\u012bsim bez maksas vai piln\u012bb\u0101 atmaks\u0101sim naudu.<\/p>\n\n\n\n<h4 class=\"wp-block-heading\">Priv\u0101tuma aizsardz\u012bbas sol\u012bjums<\/h4>\n\n\n\n<p>J\u016bsu personisk\u0101 inform\u0101cija un pas\u016bt\u012bjuma inform\u0101cija nekad netiek kop\u012bgota ar tre\u0161aj\u0101m pus\u0113m. Visa sazi\u0146a un dar\u012bjumi tiek veikti ar visaugst\u0101ko konfidencialit\u0101ti.<\/p>\n\n\n\n<h4 class=\"wp-block-heading\">\u0100trs reakcijas laiks<\/h4>\n\n\n\n<p>M\u0113s garant\u0113jam, ka darba laik\u0101 uz klientu jaut\u0101jumiem atbild\u0113sim vienas stundas laik\u0101. M\u016bsu atbalsta komanda vienm\u0113r ir gatava pal\u012bdz\u0113t ar visiem jaut\u0101jumiem vai probl\u0113m\u0101m.<\/p>\n\n\n\n<h4 class=\"wp-block-heading\">Nep\u0101rtraukta uzlabo\u0161ana<\/h4>\n\n\n\n<p>M\u0113s regul\u0101ri atjaunin\u0101m savus procesus, materi\u0101lus un pakalpojumus, pamatojoties uz klientu atsauksm\u0113m un nozares att\u012bst\u012bbu. J\u016bsu pan\u0101kumi ir m\u016bsu inov\u0101ciju dzin\u0113jsp\u0113ks.<\/p>\n\n\n\n<hr class=\"wp-block-separator has-alpha-channel-opacity\"\/>\n\n\n\n<h3 class=\"wp-block-heading\">Uz\u0146\u0113muma pagrieziena punkti<\/h3>\n\n\n\n<h4 class=\"wp-block-heading\">2018: Uz\u0146\u0113muma dibin\u0101\u0161ana<\/h4>\n\n\n\n<p>Darb\u012bbas uzs\u0101k\u0161ana, koncentr\u0113joties uz Eiropas tirgus diplomu izsnieg\u0161anas pakalpojumiem<\/p>\n\n\n\n<h4 class=\"wp-block-heading\">2019: Starptautisk\u0101 papla\u0161in\u0101\u0161an\u0101s<\/h4>\n\n\n\n<p>Pakalpojumu papla\u0161in\u0101\u0161ana Zieme\u013camerik\u0101 un daudzvalodu atbalsts<\/p>\n\n\n\n<h4 class=\"wp-block-heading\">2020: Digit\u0101l\u0101 transform\u0101cija<\/h4>\n\n\n\n<p>Izveidota tie\u0161saistes pas\u016bt\u012b\u0161anas platforma un digit\u0101l\u0101 diploma iesp\u0113jas<\/p>\n\n\n\n<h4 class=\"wp-block-heading\">2021: Premium pakalpojumu l\u012bnija<\/h4>\n\n\n\n<p>Ieviestas luksusa pap\u012bra iesp\u0113jas un piel\u0101gota dizaina pakalpojumi<\/p>\n\n\n\n<h4 class=\"wp-block-heading\">2022: Glob\u0101lais ku\u0123niec\u012bbas t\u012bkls<\/h4>\n\n\n\n<p>Izveidotas partnerattiec\u012bbas ar starptautiskajiem p\u0101rvad\u0101t\u0101jiem \u0101tr\u0101kai pieg\u0101dei<\/p>\n\n\n\n<h4 class=\"wp-block-heading\">2023: Pastiprin\u0101ti dro\u0161\u012bbas pas\u0101kumi<\/h4>\n\n\n\n<p>\u012astenoti uzlabotas \u0161ifr\u0113\u0161anas un priv\u0101tuma aizsardz\u012bbas protokoli.<\/p>\n\n\n\n<h4 class=\"wp-block-heading\">2024: Mobilo lietot\u0146u izstr\u0101de<\/h4>\n\n\n\n<p>Darbs pie \u012bpa\u0161as mobil\u0101s lietotnes, lai atvieglotu pas\u016bt\u012b\u0161anu<\/p>\n\n\n\n<hr class=\"wp-block-separator has-alpha-channel-opacity\"\/>\n\n\n\n<h3 class=\"wp-block-heading\">Raugoties uz n\u0101kotni<\/h3>\n\n\n\n<p>Turpinot augt, m\u016bsu ap\u0146em\u0161an\u0101s paliek nemain\u012bga: sniegt izcilus diplomu izsnieg\u0161anas pakalpojumus, iev\u0113rojot godpr\u0101t\u012bbu, kvalit\u0101ti un klientu apmierin\u0101t\u012bbu. M\u0113s past\u0101v\u012bgi ievie\u0161am jaunin\u0101jumus, lai lab\u0101k kalpotu m\u016bsu glob\u0101lajai sabiedr\u012bbai un piel\u0101gotos main\u012bgaj\u0101m klientu vajadz\u012bb\u0101m.<\/p>\n\n\n\n<p>Pievienojieties t\u016bksto\u0161iem apmierin\u0101tu klientu, kuri ir uztic\u0113ju\u0161ies DiplomaShops.com, lai izpild\u012btu savas diplomu pras\u012bbas. Izbaudiet at\u0161\u0137ir\u012bbu, ko rada profesion\u0101ls serviss.<\/p>\n\n\n\n<hr class=\"wp-block-separator has-alpha-channel-opacity\"\/>\n\n\n\n<h3 class=\"wp-block-heading\">Sazinieties ar mums<\/h3>\n\n\n\n<p>Vai esat gatavs uzzin\u0101t vair\u0101k par m\u016bsu pakalpojumiem vai apspriest savas \u012bpa\u0161\u0101s diplomu vajadz\u012bbas? M\u016bsu komanda ir gatava jums pal\u012bdz\u0113t.<\/p>\n\n\n\n<p>\ud83d\udce7 E-pasts:&nbsp;<a href=\"mailto:DiplomaShops247@gmail.com\" target=\"_blank\" rel=\"noreferrer noopener\">DiplomaShops247@gmail.com<\/a><br>\ud83c\udf10 T\u012bmek\u013ca vietne:&nbsp;<a href=\"https:\/\/diplomashops.com\/lv\/\" target=\"_blank\" rel=\"noreferrer noopener\">www.diplomashops.com<\/a><\/p>\n\n\n\n<figure class=\"wp-block-image size-full\"><img loading=\"lazy\" decoding=\"async\" width=\"300\" height=\"212\" src=\"https:\/\/diplomashops.com\/wp-content\/uploads\/2026\/03\/Buy-a-university-master-bachelor-diploma-online.webp\" alt=\"Pirkt universit\u0101tes ma\u0123istra bakalaura diplomu tie\u0161saist\u0113\" class=\"wp-image-86\" srcset=\"https:\/\/diplomashops.com\/wp-content\/uploads\/2026\/03\/Buy-a-university-master-bachelor-diploma-online.webp 300w, https:\/\/diplomashops.com\/wp-content\/uploads\/2026\/03\/Buy-a-university-master-bachelor-diploma-online-18x12.webp 18w\" sizes=\"auto, (max-width: 300px) 100vw, 300px\" \/><\/figure>","protected":false},"excerpt":{"rendered":"<p>Your Trusted Diploma Service Provider, www.DiplomaShops.com Welcome to DiplomaShops.com, your reliable partner for professional diploma services since 2018. We specialize [&hellip;]<\/p>\n","protected":false},"author":1,"featured_media":0,"parent":0,"menu_order":0,"comment_status":"closed","ping_status":"closed","template":"","meta":{"site-sidebar-layout":"default","site-content-layout":"","ast-site-content-layout":"default","site-content-style":"default","site-sidebar-style":"default","ast-global-header-display":"","ast-banner-title-visibility":"","ast-main-header-display":"","ast-hfb-above-header-display":"","ast-hfb-below-header-display":"","ast-hfb-mobile-header-display":"","site-post-title":"","ast-breadcrumbs-content":"","ast-featured-img":"","footer-sml-layout":"","ast-disable-related-posts":"","theme-transparent-header-meta":"","adv-header-id-meta":"","stick-header-meta":"","header-above-stick-meta":"","header-main-stick-meta":"","header-below-stick-meta":"","astra-migrate-meta-layouts":"default","ast-page-background-enabled":"default","ast-page-background-meta":{"desktop":{"background-color":"var(--ast-global-color-5)","background-image":"","background-repeat":"repeat","background-position":"center center","background-size":"auto","background-attachment":"scroll","background-type":"","background-media":"","overlay-type":"","overlay-color":"","overlay-opacity":"","overlay-gradient":""},"tablet":{"background-color":"","background-image":"","background-repeat":"repeat","background-position":"center center","background-size":"auto","background-attachment":"scroll","background-type":"","background-media":"","overlay-type":"","overlay-color":"","overlay-opacity":"","overlay-gradient":""},"mobile":{"background-color":"","background-image":"","background-repeat":"repeat","background-position":"center center","background-size":"auto","background-attachment":"scroll","background-type":"","background-media":"","overlay-type":"","overlay-color":"","overlay-opacity":"","overlay-gradient":""}},"ast-content-background-meta":{"desktop":{"background-color":"var(--ast-global-color-4)","background-image":"","background-repeat":"repeat","background-position":"center center","background-size":"auto","background-attachment":"scroll","background-type":"","background-media":"","overlay-type":"","overlay-color":"","overlay-opacity":"","overlay-gradient":""},"tablet":{"background-color":"var(--ast-global-color-4)","background-image":"","background-repeat":"repeat","background-position":"center center","background-size":"auto","background-attachment":"scroll","background-type":"","background-media":"","overlay-type":"","overlay-color":"","overlay-opacity":"","overlay-gradient":""},"mobile":{"background-color":"var(--ast-global-color-4)","background-image":"","background-repeat":"repeat","background-position":"center center","background-size":"auto","background-attachment":"scroll","background-type":"","background-media":"","overlay-type":"","overlay-color":"","overlay-opacity":"","overlay-gradient":""}},"footnotes":""},"class_list":["post-36","page","type-page","status-publish","hentry"],"yoast_head":"<!-- This site is optimized with the Yoast SEO plugin v27.5 - https:\/\/yoast.com\/product\/yoast-seo-wordpress\/ -->\n<title>About us - DiplomaShops.com - Buy Diploma Online | Fast &amp; Secure Service<\/title>\n<meta name=\"description\" content=\"Learn about DiplomaShops.com - trusted diploma service since 2018. Quality, privacy, and fast delivery worldwide. Meet our team today!\" \/>\n<meta name=\"robots\" content=\"index, follow, max-snippet:-1, max-image-preview:large, max-video-preview:-1\" \/>\n<link rel=\"canonical\" href=\"https:\/\/diplomashops.com\/lv\/about-us\/\" \/>\n<meta property=\"og:locale\" content=\"lv_LV\" \/>\n<meta property=\"og:type\" content=\"article\" \/>\n<meta property=\"og:title\" content=\"About us - DiplomaShops.com - Buy Diploma Online | Fast &amp; Secure Service\" \/>\n<meta property=\"og:description\" content=\"Learn about DiplomaShops.com - trusted diploma service since 2018. Quality, privacy, and fast delivery worldwide. Meet our team today!\" \/>\n<meta property=\"og:url\" content=\"https:\/\/diplomashops.com\/lv\/about-us\/\" \/>\n<meta property=\"og:site_name\" content=\"DiplomaShops.com - Buy Diploma Online | Fast &amp; Secure Service\" \/>\n<meta property=\"article:modified_time\" content=\"2026-03-14T16:06:08+00:00\" \/>\n<meta property=\"og:image\" content=\"https:\/\/diplomashops.com\/wp-content\/uploads\/2026\/03\/buy-diploma.webp\" \/>\n\t<meta property=\"og:image:width\" content=\"300\" \/>\n\t<meta property=\"og:image:height\" content=\"211\" \/>\n\t<meta property=\"og:image:type\" content=\"image\/webp\" \/>\n<meta name=\"twitter:card\" content=\"summary_large_image\" \/>\n<meta name=\"twitter:label1\" content=\"Est. reading time\" \/>\n\t<meta name=\"twitter:data1\" content=\"5 min\u016btes\" \/>\n<script type=\"application\/ld+json\" class=\"yoast-schema-graph\">{\"@context\":\"https:\\\/\\\/schema.org\",\"@graph\":[{\"@type\":\"WebPage\",\"@id\":\"https:\\\/\\\/diplomashops.com\\\/about-us\\\/\",\"url\":\"https:\\\/\\\/diplomashops.com\\\/about-us\\\/\",\"name\":\"About us - DiplomaShops.com - Buy Diploma Online | Fast &amp; Secure Service\",\"isPartOf\":{\"@id\":\"https:\\\/\\\/diplomashops.com\\\/#website\"},\"primaryImageOfPage\":{\"@id\":\"https:\\\/\\\/diplomashops.com\\\/about-us\\\/#primaryimage\"},\"image\":{\"@id\":\"https:\\\/\\\/diplomashops.com\\\/about-us\\\/#primaryimage\"},\"thumbnailUrl\":\"https:\\\/\\\/diplomashops.com\\\/wp-content\\\/uploads\\\/2026\\\/03\\\/buy-diploma.webp\",\"datePublished\":\"2026-03-14T15:41:58+00:00\",\"dateModified\":\"2026-03-14T16:06:08+00:00\",\"description\":\"Learn about DiplomaShops.com - trusted diploma service since 2018. Quality, privacy, and fast delivery worldwide. Meet our team today!\",\"breadcrumb\":{\"@id\":\"https:\\\/\\\/diplomashops.com\\\/about-us\\\/#breadcrumb\"},\"inLanguage\":\"lv-LV\",\"potentialAction\":[{\"@type\":\"ReadAction\",\"target\":[\"https:\\\/\\\/diplomashops.com\\\/about-us\\\/\"]}]},{\"@type\":\"ImageObject\",\"inLanguage\":\"lv-LV\",\"@id\":\"https:\\\/\\\/diplomashops.com\\\/about-us\\\/#primaryimage\",\"url\":\"https:\\\/\\\/diplomashops.com\\\/wp-content\\\/uploads\\\/2026\\\/03\\\/buy-diploma.webp\",\"contentUrl\":\"https:\\\/\\\/diplomashops.com\\\/wp-content\\\/uploads\\\/2026\\\/03\\\/buy-diploma.webp\"},{\"@type\":\"BreadcrumbList\",\"@id\":\"https:\\\/\\\/diplomashops.com\\\/about-us\\\/#breadcrumb\",\"itemListElement\":[{\"@type\":\"ListItem\",\"position\":1,\"name\":\"Home\",\"item\":\"https:\\\/\\\/diplomashops.com\\\/\"},{\"@type\":\"ListItem\",\"position\":2,\"name\":\"About us\"}]},{\"@type\":\"WebSite\",\"@id\":\"https:\\\/\\\/diplomashops.com\\\/#website\",\"url\":\"https:\\\/\\\/diplomashops.com\\\/\",\"name\":\"DiplomaShops.com - Buy Diploma Online | Fast &amp; Secure Service\",\"description\":\"Buy a Diploma online Delivered Worldwide - Order Your Certificate Today\",\"potentialAction\":[{\"@type\":\"SearchAction\",\"target\":{\"@type\":\"EntryPoint\",\"urlTemplate\":\"https:\\\/\\\/diplomashops.com\\\/?s={search_term_string}\"},\"query-input\":{\"@type\":\"PropertyValueSpecification\",\"valueRequired\":true,\"valueName\":\"search_term_string\"}}],\"inLanguage\":\"lv-LV\"}]}<\/script>\n<!-- \/ Yoast SEO plugin. -->","yoast_head_json":{"title":"Par mums - DiplomaShops.com - Pirkt diplomu tie\u0161saist\u0113 | \u0100trs un dro\u0161s serviss","description":"Uzzini vair\u0101k par DiplomaShops.com - uzticamu diplomu izsnieg\u0161anas pakalpojumu kop\u0161 2018. gada. Kvalit\u0101te, priv\u0101tums un \u0101tra pieg\u0101de vis\u0101 pasaul\u0113. Iepaz\u012bstieties ar m\u016bsu komandu jau \u0161odien!","robots":{"index":"index","follow":"follow","max-snippet":"max-snippet:-1","max-image-preview":"max-image-preview:large","max-video-preview":"max-video-preview:-1"},"canonical":"https:\/\/diplomashops.com\/lv\/about-us\/","og_locale":"lv_LV","og_type":"article","og_title":"About us - DiplomaShops.com - Buy Diploma Online | Fast &amp; Secure Service","og_description":"Learn about DiplomaShops.com - trusted diploma service since 2018. Quality, privacy, and fast delivery worldwide. Meet our team today!","og_url":"https:\/\/diplomashops.com\/lv\/about-us\/","og_site_name":"DiplomaShops.com - Buy Diploma Online | Fast &amp; Secure Service","article_modified_time":"2026-03-14T16:06:08+00:00","og_image":[{"width":300,"height":211,"url":"https:\/\/diplomashops.com\/wp-content\/uploads\/2026\/03\/buy-diploma.webp","type":"image\/webp"}],"twitter_card":"summary_large_image","twitter_misc":{"Est. reading time":"5 min\u016btes"},"schema":{"@context":"https:\/\/schema.org","@graph":[{"@type":"WebPage","@id":"https:\/\/diplomashops.com\/about-us\/","url":"https:\/\/diplomashops.com\/about-us\/","name":"Par mums - DiplomaShops.com - Pirkt diplomu tie\u0161saist\u0113 | \u0100trs un dro\u0161s serviss","isPartOf":{"@id":"https:\/\/diplomashops.com\/#website"},"primaryImageOfPage":{"@id":"https:\/\/diplomashops.com\/about-us\/#primaryimage"},"image":{"@id":"https:\/\/diplomashops.com\/about-us\/#primaryimage"},"thumbnailUrl":"https:\/\/diplomashops.com\/wp-content\/uploads\/2026\/03\/buy-diploma.webp","datePublished":"2026-03-14T15:41:58+00:00","dateModified":"2026-03-14T16:06:08+00:00","description":"Uzzini vair\u0101k par DiplomaShops.com - uzticamu diplomu izsnieg\u0161anas pakalpojumu kop\u0161 2018. gada. Kvalit\u0101te, priv\u0101tums un \u0101tra pieg\u0101de vis\u0101 pasaul\u0113. Iepaz\u012bstieties ar m\u016bsu komandu jau \u0161odien!","breadcrumb":{"@id":"https:\/\/diplomashops.com\/about-us\/#breadcrumb"},"inLanguage":"lv-LV","potentialAction":[{"@type":"ReadAction","target":["https:\/\/diplomashops.com\/about-us\/"]}]},{"@type":"ImageObject","inLanguage":"lv-LV","@id":"https:\/\/diplomashops.com\/about-us\/#primaryimage","url":"https:\/\/diplomashops.com\/wp-content\/uploads\/2026\/03\/buy-diploma.webp","contentUrl":"https:\/\/diplomashops.com\/wp-content\/uploads\/2026\/03\/buy-diploma.webp"},{"@type":"BreadcrumbList","@id":"https:\/\/diplomashops.com\/about-us\/#breadcrumb","itemListElement":[{"@type":"ListItem","position":1,"name":"Home","item":"https:\/\/diplomashops.com\/"},{"@type":"ListItem","position":2,"name":"About us"}]},{"@type":"WebSite","@id":"https:\/\/diplomashops.com\/#website","url":"https:\/\/diplomashops.com\/","name":"DiplomaShops.com - Pirkt diplomu tie\u0161saist\u0113 | \u0100trs un dro\u0161s serviss","description":"Pirkt diplomu tie\u0161saist\u0113 ar pieg\u0101di vis\u0101 pasaul\u0113 - pas\u016btiet savu sertifik\u0101tu jau \u0161odien","potentialAction":[{"@type":"SearchAction","target":{"@type":"EntryPoint","urlTemplate":"https:\/\/diplomashops.com\/?s={search_term_string}"},"query-input":{"@type":"PropertyValueSpecification","valueRequired":true,"valueName":"search_term_string"}}],"inLanguage":"lv-LV"}]}},"_links":{"self":[{"href":"https:\/\/diplomashops.com\/lv\/wp-json\/wp\/v2\/pages\/36","targetHints":{"allow":["GET"]}}],"collection":[{"href":"https:\/\/diplomashops.com\/lv\/wp-json\/wp\/v2\/pages"}],"about":[{"href":"https:\/\/diplomashops.com\/lv\/wp-json\/wp\/v2\/types\/page"}],"author":[{"embeddable":true,"href":"https:\/\/diplomashops.com\/lv\/wp-json\/wp\/v2\/users\/1"}],"replies":[{"embeddable":true,"href":"https:\/\/diplomashops.com\/lv\/wp-json\/wp\/v2\/comments?post=36"}],"version-history":[{"count":3,"href":"https:\/\/diplomashops.com\/lv\/wp-json\/wp\/v2\/pages\/36\/revisions"}],"predecessor-version":[{"id":94,"href":"https:\/\/diplomashops.com\/lv\/wp-json\/wp\/v2\/pages\/36\/revisions\/94"}],"wp:attachment":[{"href":"https:\/\/diplomashops.com\/lv\/wp-json\/wp\/v2\/media?parent=36"}],"curies":[{"name":"wp","href":"https:\/\/api.w.org\/{rel}","templated":true}]}}