{"id":6,"date":"2026-03-12T21:48:39","date_gmt":"2026-03-12T21:48:39","guid":{"rendered":"https:\/\/diplomashops.com\/?page_id=6"},"modified":"2026-03-14T16:05:39","modified_gmt":"2026-03-14T16:05:39","slug":"buy-diploma","status":"publish","type":"page","link":"https:\/\/diplomashops.com\/lv\/","title":{"rendered":"Pirkt diplomu"},"content":{"rendered":"<h2 class=\"wp-block-heading\">Vai mekl\u0113jat vair\u0101k inform\u0101cijas par diplomu, gr\u0101du vai sertifik\u0101tu?<\/h2>\n\n\n\n<p>Vai v\u0113laties \u0101tri un dro\u0161i ieg\u0101d\u0101ties diplomu tie\u0161saist\u0113? Neatkar\u012bgi no t\u0101, vai jums nepiecie\u0161ams vidusskolas diploms, universit\u0101tes diploms vai profesion\u0101lais sertifik\u0101ts, DiplomaShops.com pied\u0101v\u0101 leg\u0101lus diplomu pakalpojumus ar pieg\u0101di vis\u0101 pasaul\u0113. \u0100tri ieg\u016bstiet autentisku diplomu, kas lieliski noder\u0113s darba pieteikumiem, imigr\u0101cijas vai person\u012bgajiem datiem. M\u016bsu diskr\u0113tais pakalpojums nodro\u0161ina konfidencialit\u0101ti un kvalit\u0101ti, kam varat uztic\u0113ties.<\/p>\n\n\n\n<figure class=\"wp-block-image size-full\"><img loading=\"lazy\" decoding=\"async\" width=\"300\" height=\"211\" src=\"https:\/\/diplomashops.com\/wp-content\/uploads\/2026\/03\/buy-diploma.webp\" alt=\"nopirkt diplomu\" class=\"wp-image-88\" srcset=\"https:\/\/diplomashops.com\/wp-content\/uploads\/2026\/03\/buy-diploma.webp 300w, https:\/\/diplomashops.com\/wp-content\/uploads\/2026\/03\/buy-diploma-18x12.webp 18w\" sizes=\"auto, (max-width: 300px) 100vw, 300px\" \/><\/figure>\n\n\n\n<h3 class=\"wp-block-heading\">K\u0101p\u0113c izv\u0113l\u0113ties m\u016bsu diplomu izsnieg\u0161anas pakalpojumus?<\/h3>\n\n\n\n<h4 class=\"wp-block-heading\">Autentiska izskata diplomi<\/h4>\n\n\n\n<p>Ieg\u0101d\u0101joties universit\u0101tes diplomu vai jebkuru akad\u0113misko apliec\u012bbu no mums, j\u016bs sa\u0146emat augstas kvalit\u0101tes reprodukciju, kas atspogu\u013co ofici\u0101los dokumentus. M\u016bsu speci\u0101listi dizaineri izmanto augst\u0101k\u0101s kvalit\u0101tes materi\u0101lus un prec\u012bzu format\u0113jumu, lai rad\u012btu profesion\u0101liem standartiem atbilsto\u0161us akredit\u0101cijas dokumentus.<\/p>\n\n\n\n<h4 class=\"wp-block-heading\">\u0100tra apstr\u0101de un pieg\u0101de vis\u0101 pasaul\u0113<\/h4>\n\n\n\n<p>Vai jums steidzami nepiecie\u0161ams diploms? M\u0113s pied\u0101v\u0101jam pa\u0101trin\u0101tu apstr\u0101di, un liel\u0101k\u0101 da\u013ca pas\u016bt\u012bjumu tiek izpild\u012bti 24-48 stundu laik\u0101. M\u016bsu glob\u0101lais pieg\u0101des t\u012bkls nodro\u0161ina pieg\u0101di uz vair\u0101k nek\u0101 20 valst\u012bm, tostarp ASV, Apvienoto Karalisti, Kan\u0101du, V\u0101ciju, N\u012bderlandi, Franciju, Franciju, Austr\u0101liju un cit\u0101m valst\u012bm, un j\u016bsu sirdsmieram ir nodro\u0161in\u0101ta izseko\u0161ana.<\/p>\n\n\n\n<h4 class=\"wp-block-heading\">Garant\u0113ta piln\u012bga konfidencialit\u0101te<\/h4>\n\n\n\n<p>Visi dokumenti tiek nos\u016bt\u012bti vienk\u0101r\u0161\u0101, nemar\u0137\u0113t\u0101 iepakojum\u0101. M\u0113s nekad neizpau\u017eam j\u016bsu personisko inform\u0101ciju vai pas\u016bt\u012bjuma inform\u0101ciju tre\u0161\u0101m person\u0101m. J\u016bsu konfidencialit\u0101te ir m\u016bsu galven\u0101 priorit\u0101te, kad izv\u0113laties ieg\u0101d\u0101ties diplomu pakalpojumus tie\u0161saist\u0113.<\/p>\n\n\n\n<h4 class=\"wp-block-heading\">Daudzvalodu klientu atbalsts<\/h4>\n\n\n\n<p>M\u016bsu komanda run\u0101 vair\u0101k nek\u0101 20 valod\u0101s, t\u0101p\u0113c sazi\u0146a ir vienk\u0101r\u0161a neatkar\u012bgi no t\u0101, vai atrodaties Eirop\u0101, Zieme\u013camerik\u0101 vai citur. Sazinieties ar mums jebkur\u0101 laik\u0101, lai sa\u0146emtu pal\u012bdz\u012bbu saist\u012bb\u0101 ar j\u016bsu diploma pas\u016bt\u012bjumu.<\/p>\n\n\n\n<figure class=\"wp-block-image size-full\"><img loading=\"lazy\" decoding=\"async\" width=\"300\" height=\"216\" src=\"https:\/\/diplomashops.com\/wp-content\/uploads\/2026\/03\/buy-diploma-degree-certificate-online.webp\" alt=\"nopirkt diploma gr\u0101ds sertifik\u0101ts tie\u0161saist\u0113\" class=\"wp-image-87\" srcset=\"https:\/\/diplomashops.com\/wp-content\/uploads\/2026\/03\/buy-diploma-degree-certificate-online.webp 300w, https:\/\/diplomashops.com\/wp-content\/uploads\/2026\/03\/buy-diploma-degree-certificate-online-18x12.webp 18w\" sizes=\"auto, (max-width: 300px) 100vw, 300px\" \/><\/figure>\n\n\n\n<hr class=\"wp-block-separator has-alpha-channel-opacity\"\/>\n\n\n\n<h3 class=\"wp-block-heading\">Popul\u0101r\u0101kie diploma veidi, ko m\u0113s pied\u0101v\u0101jam<\/h3>\n\n\n\n<h4 class=\"wp-block-heading\">Vidusskolas diplomi<\/h4>\n\n\n\n<p>Vai esat pazaud\u0113jis vidusskolas diploma ori\u0123in\u0101lu? Nepiecie\u0161ams aizst\u0101j\u0113js darba pieteikumiem? M\u0113s izgatavojam prec\u012bzas kopijas, kas atbilst ASV, Apvienot\u0101s Karalistes, Kan\u0101das un Eiropas skolu ofici\u0101lajiem form\u0101tiem.<\/p>\n\n\n\n<h4 class=\"wp-block-heading\">Bakalaura un ma\u0123istra gr\u0101di<\/h4>\n\n\n\n<p>Dro\u0161i ieg\u0101d\u0101jieties bakalaura diplomu vai augst\u0101ka diploma sertifik\u0101tu. M\u016bsu augstskolu diplomi ir izstr\u0101d\u0101ti t\u0101, lai atspogu\u013cotu re\u0101lus akad\u0113miskos kred\u012btpunktus no atz\u012bt\u0101m iest\u0101d\u0113m vis\u0101 pasaul\u0113.<\/p>\n\n\n\n<h4 class=\"wp-block-heading\">Profesion\u0101lie sertifik\u0101ti<\/h4>\n\n\n\n<p>M\u0113s pied\u0101v\u0101jam profesion\u0101lus diplomus da\u017e\u0101d\u0101m nozar\u0113m - no IT sertifik\u0101tiem l\u012bdz vesel\u012bbas apr\u016bpes akredit\u0101cijas apliec\u012bb\u0101m. Ide\u0101li piem\u0113roti karjeras izaugsmei vai licenc\u0113\u0161anas pras\u012bbu izpildei.<\/p>\n\n\n\n<h4 class=\"wp-block-heading\">Piel\u0101gota diploma dizains<\/h4>\n\n\n\n<p>Nepiecie\u0161ams kaut kas \u012bpa\u0161s? M\u016bsu pas\u016bt\u012bjuma dizaina pakalpojums \u013cauj jums izveidot unik\u0101lus diplomus, kas ir piel\u0101goti tie\u0161i j\u016bsu pras\u012bb\u0101m - ide\u0101li piem\u0113roti uz\u0146\u0113mumiem, organiz\u0101cij\u0101m vai \u012bpa\u0161iem gad\u012bjumiem.<\/p>\n\n\n\n<figure class=\"wp-block-image size-full\"><img loading=\"lazy\" decoding=\"async\" width=\"300\" height=\"212\" src=\"https:\/\/diplomashops.com\/wp-content\/uploads\/2026\/03\/Buy-a-university-master-bachelor-diploma-online.webp\" alt=\"Pirkt universit\u0101tes ma\u0123istra bakalaura diplomu tie\u0161saist\u0113\" class=\"wp-image-86\" srcset=\"https:\/\/diplomashops.com\/wp-content\/uploads\/2026\/03\/Buy-a-university-master-bachelor-diploma-online.webp 300w, https:\/\/diplomashops.com\/wp-content\/uploads\/2026\/03\/Buy-a-university-master-bachelor-diploma-online-18x12.webp 18w\" sizes=\"auto, (max-width: 300px) 100vw, 300px\" \/><\/figure>\n\n\n\n<hr class=\"wp-block-separator has-alpha-channel-opacity\"\/>\n\n\n\n<h3 class=\"wp-block-heading\">K\u0101 ieg\u0101d\u0101ties diplomu - vienk\u0101r\u0161s 4 so\u013cu process<\/h3>\n\n\n\n<h4 class=\"wp-block-heading\">1. solis: Izv\u0113lieties diploma veidu<\/h4>\n\n\n\n<p>P\u0101rl\u016bkojiet m\u016bsu akad\u0113misko un profesion\u0101lo diplomu kolekciju. Izv\u0113lieties k\u0101du no iepriek\u0161 izstr\u0101d\u0101t\u0101m veidn\u0113m vai izmantojiet m\u016bsu piel\u0101got\u0101 dizaina pakalpojumu, lai ieg\u016btu personaliz\u0113tus akredit\u0101cijas dokumentus.<\/p>\n\n\n\n<h4 class=\"wp-block-heading\">2. solis: Sniedziet savu inform\u0101ciju<\/h4>\n\n\n\n<p>Aizpildiet visu nepiecie\u0161amo inform\u0101ciju, tostarp savu v\u0101rdu, izlaiduma datumu, iest\u0101des nosaukumu, gr\u0101da nosaukumu un citu svar\u012bgu inform\u0101ciju personaliz\u0113\u0161anai.<\/p>\n\n\n\n<h4 class=\"wp-block-heading\">3. solis: dro\u0161a maks\u0101jumu apstr\u0101de<\/h4>\n\n\n\n<p>Pabeidziet savu pas\u016bt\u012bjumu, izmantojot m\u016bsu dro\u0161u maks\u0101jumu sist\u0113mu. M\u0113s pie\u0146emam galven\u0101s kred\u012btkartes, PayPal un bankas p\u0101rskait\u012bjumus. Visi dar\u012bjumi ir \u0161ifr\u0113ti, lai nodro\u0161in\u0101tu maksim\u0101lu dro\u0161\u012bbu.<\/p>\n\n\n\n<h4 class=\"wp-block-heading\">4. solis: \u0101tra pieg\u0101de l\u012bdz j\u016bsu durv\u012bm<\/h4>\n\n\n\n<p>Kad diploms ir apstr\u0101d\u0101ts, tas tiek nos\u016bt\u012bts 24 stundu laik\u0101 pa pastu ar izsekotu s\u016bt\u012bjumu. Liel\u0101k\u0101 da\u013ca klientu sa\u0146em dokumentus 5-10 darba dienu laik\u0101 jebkur\u0101 pasaules viet\u0101.<\/p>\n\n\n\n<hr class=\"wp-block-separator has-alpha-channel-opacity\"\/>\n\n\n\n<h3 class=\"wp-block-heading\">Bie\u017e\u0101k uzdotie jaut\u0101jumi par diplomu ieg\u0101di<\/h3>\n\n\n\n<h4 class=\"wp-block-heading\">Vai ir dro\u0161i ieg\u0101d\u0101ties diplomu tie\u0161saist\u0113?<\/h4>\n\n\n\n<p>J\u0101, ja izv\u0113laties t\u0101du cien\u012bjamu pakalpojumu sniedz\u0113ju k\u0101 DiplomaShops.com. M\u0113s pie\u0161\u0137iram priorit\u0101ti klientu dro\u0161\u012bbai ar \u0161ifr\u0113tiem maks\u0101jumiem, priv\u0101tu pieg\u0101di un stingru konfidencialit\u0101tes politiku.<\/p>\n\n\n\n<h4 class=\"wp-block-heading\">Vai to var izmantot darb\u0101?<\/h4>\n\n\n\n<p>Daudzi darba dev\u0113ji pie\u0146em diplomu kopijas k\u0101 rekomend\u0101cijas. Tom\u0113r, pirms iesniegt akredit\u0101cijas dokumentus, vienm\u0113r sazinieties ar konkr\u0113to darba dev\u0113ju par t\u0101 pras\u012bb\u0101m attiec\u012bb\u0101 uz dokumentu p\u0101rbaudi.<\/p>\n\n\n\n<h4 class=\"wp-block-heading\">Ko dar\u012bt, ja man diploms ir nepiecie\u0161ams steidzami?<\/h4>\n\n\n\n<p>M\u0113s pied\u0101v\u0101jam steidzamu apstr\u0101di ar t\u0101s pa\u0161as dienas pabeig\u0161anu \u0101rk\u0101rtas pas\u016bt\u012bjumiem. Sazinieties ar mums, lai sa\u0146emtu pa\u0101trin\u0101tas apkalpo\u0161anas iesp\u0113jas.<\/p>\n\n\n\n<h4 class=\"wp-block-heading\">Vai j\u016bs pied\u0101v\u0101jat digit\u0101l\u0101s PDF versijas?<\/h4>\n\n\n\n<p>Piln\u012bgi noteikti! Papildus fiziskajiem diplomiem m\u0113s pied\u0101v\u0101jam ar\u012b augstas iz\u0161\u0137irtsp\u0113jas digit\u0101l\u0101s kopijas, kas ir ide\u0101li piem\u0113rotas iesnieg\u0161anai tie\u0161saist\u0113 vai p\u0101rs\u016bt\u012b\u0161anai pa e-pastu.<\/p>\n\n\n\n<hr class=\"wp-block-separator has-alpha-channel-opacity\"\/>\n\n\n\n<h3 class=\"wp-block-heading\">Vai esat gatavs ieg\u0101d\u0101ties savu diplomu jau \u0161odien?<\/h3>\n\n\n\n<p>Ne\u013caujiet tr\u016bksto\u0161ajiem dokumentiem j\u016bs kav\u0113t. Neatkar\u012bgi no t\u0101, vai jums ir nepiecie\u0161ams ieg\u0101d\u0101ties diplomu, lai pieteiktos darb\u0101, aizst\u0101t nozaud\u0113tu sertifik\u0101tu vai \u0101tri ieg\u016bt akad\u0113misk\u0101s pilnvaras, DiplomaShops.com ir j\u016bsu r\u012bc\u012bb\u0101. Noklik\u0161\u0137iniet uz <a href=\"https:\/\/diplomashops.com\/lv\/sazinaties-ar\/\">sazin\u0101ties ar<\/a> un rakstiet mums. <\/p>\n\n\n\n<p>Pas\u016btiet tagad, lai sa\u0146emtu \u0101tru, diskr\u0113tu pakalpojumu ar pieg\u0101di vis\u0101 pasaul\u0113.<\/p>\n\n\n\n<p>\ud83d\udce7 Nos\u016btiet mums e-pastu:&nbsp;<a href=\"mailto:DiplomaShops247@gmail.com\" rel=\"noreferrer noopener\" target=\"_blank\">DiplomaShops247@gmail.com<\/a><br>\ud83c\udf10 Apmekl\u0113jiet m\u016bsu dro\u0161o pas\u016bt\u012b\u0161anas port\u0101lu<br>\ud83d\ude9a Pieg\u0101de vis\u0101 pasaul\u0113 ar izseko\u0161anu<\/p>\n\n\n\n<figure class=\"wp-block-image size-full is-resized\"><img loading=\"lazy\" decoding=\"async\" width=\"1024\" height=\"724\" src=\"https:\/\/diplomashops.com\/wp-content\/uploads\/2026\/03\/Buy-replacement-diploma-online.jpg\" alt=\"Nopirkt rezerves diplomu tie\u0161saist\u0113\" class=\"wp-image-89\" style=\"width:381px;height:auto\" srcset=\"https:\/\/diplomashops.com\/wp-content\/uploads\/2026\/03\/Buy-replacement-diploma-online.jpg 1024w, https:\/\/diplomashops.com\/wp-content\/uploads\/2026\/03\/Buy-replacement-diploma-online-300x212.jpg 300w, https:\/\/diplomashops.com\/wp-content\/uploads\/2026\/03\/Buy-replacement-diploma-online-768x543.jpg 768w, https:\/\/diplomashops.com\/wp-content\/uploads\/2026\/03\/Buy-replacement-diploma-online-18x12.jpg 18w\" sizes=\"auto, (max-width: 1024px) 100vw, 1024px\" \/><\/figure>","protected":false},"excerpt":{"rendered":"<p>Are you searching more information about a diploma, degree or certificate? Looking to&nbsp;buy a diploma online&nbsp;quickly and securely? Whether you [&hellip;]<\/p>\n","protected":false},"author":1,"featured_media":0,"parent":0,"menu_order":0,"comment_status":"closed","ping_status":"closed","template":"","meta":{"site-sidebar-layout":"default","site-content-layout":"","ast-site-content-layout":"default","site-content-style":"default","site-sidebar-style":"default","ast-global-header-display":"","ast-banner-title-visibility":"","ast-main-header-display":"","ast-hfb-above-header-display":"","ast-hfb-below-header-display":"","ast-hfb-mobile-header-display":"","site-post-title":"","ast-breadcrumbs-content":"","ast-featured-img":"","footer-sml-layout":"","ast-disable-related-posts":"","theme-transparent-header-meta":"","adv-header-id-meta":"","stick-header-meta":"","header-above-stick-meta":"","header-main-stick-meta":"","header-below-stick-meta":"","astra-migrate-meta-layouts":"default","ast-page-background-enabled":"default","ast-page-background-meta":{"desktop":{"background-color":"var(--ast-global-color-5)","background-image":"","background-repeat":"repeat","background-position":"center center","background-size":"auto","background-attachment":"scroll","background-type":"","background-media":"","overlay-type":"","overlay-color":"","overlay-opacity":"","overlay-gradient":""},"tablet":{"background-color":"","background-image":"","background-repeat":"repeat","background-position":"center center","background-size":"auto","background-attachment":"scroll","background-type":"","background-media":"","overlay-type":"","overlay-color":"","overlay-opacity":"","overlay-gradient":""},"mobile":{"background-color":"","background-image":"","background-repeat":"repeat","background-position":"center center","background-size":"auto","background-attachment":"scroll","background-type":"","background-media":"","overlay-type":"","overlay-color":"","overlay-opacity":"","overlay-gradient":""}},"ast-content-background-meta":{"desktop":{"background-color":"var(--ast-global-color-4)","background-image":"","background-repeat":"repeat","background-position":"center center","background-size":"auto","background-attachment":"scroll","background-type":"","background-media":"","overlay-type":"","overlay-color":"","overlay-opacity":"","overlay-gradient":""},"tablet":{"background-color":"var(--ast-global-color-4)","background-image":"","background-repeat":"repeat","background-position":"center center","background-size":"auto","background-attachment":"scroll","background-type":"","background-media":"","overlay-type":"","overlay-color":"","overlay-opacity":"","overlay-gradient":""},"mobile":{"background-color":"var(--ast-global-color-4)","background-image":"","background-repeat":"repeat","background-position":"center center","background-size":"auto","background-attachment":"scroll","background-type":"","background-media":"","overlay-type":"","overlay-color":"","overlay-opacity":"","overlay-gradient":""}},"footnotes":""},"class_list":["post-6","page","type-page","status-publish","hentry"],"yoast_head":"<!-- This site is optimized with the Yoast SEO plugin v27.5 - https:\/\/yoast.com\/product\/yoast-seo-wordpress\/ -->\n<title>Buy Diploma - DiplomaShops.com - Buy Diploma Online | Fast &amp; Secure Service<\/title>\n<meta name=\"description\" content=\"Buy diploma online fast &amp; securely. Get authentic high school, university &amp; professional diplomas delivered worldwide.\" \/>\n<meta name=\"robots\" content=\"index, follow, max-snippet:-1, max-image-preview:large, max-video-preview:-1\" \/>\n<link rel=\"canonical\" href=\"https:\/\/diplomashops.com\/lv\/\" \/>\n<meta property=\"og:locale\" content=\"lv_LV\" \/>\n<meta property=\"og:type\" content=\"article\" \/>\n<meta property=\"og:title\" content=\"Buy Diploma - DiplomaShops.com - Buy Diploma Online | Fast &amp; Secure Service\" \/>\n<meta property=\"og:description\" content=\"Buy diploma online fast &amp; securely. Get authentic high school, university &amp; professional diplomas delivered worldwide.\" \/>\n<meta property=\"og:url\" content=\"https:\/\/diplomashops.com\/lv\/\" \/>\n<meta property=\"og:site_name\" content=\"DiplomaShops.com - Buy Diploma Online | Fast &amp; Secure Service\" \/>\n<meta property=\"article:modified_time\" content=\"2026-03-14T16:05:39+00:00\" \/>\n<meta property=\"og:image\" content=\"https:\/\/diplomashops.com\/wp-content\/uploads\/2026\/03\/buy-diploma.webp\" \/>\n\t<meta property=\"og:image:width\" content=\"300\" \/>\n\t<meta property=\"og:image:height\" content=\"211\" \/>\n\t<meta property=\"og:image:type\" content=\"image\/webp\" \/>\n<meta name=\"twitter:card\" content=\"summary_large_image\" \/>\n<meta name=\"twitter:label1\" content=\"Est. reading time\" \/>\n\t<meta name=\"twitter:data1\" content=\"4 min\u016btes\" \/>\n<script type=\"application\/ld+json\" class=\"yoast-schema-graph\">{\"@context\":\"https:\\\/\\\/schema.org\",\"@graph\":[{\"@type\":\"WebPage\",\"@id\":\"https:\\\/\\\/diplomashops.com\\\/\",\"url\":\"https:\\\/\\\/diplomashops.com\\\/\",\"name\":\"Buy Diploma - DiplomaShops.com - Buy Diploma Online | Fast &amp; Secure Service\",\"isPartOf\":{\"@id\":\"https:\\\/\\\/diplomashops.com\\\/#website\"},\"primaryImageOfPage\":{\"@id\":\"https:\\\/\\\/diplomashops.com\\\/#primaryimage\"},\"image\":{\"@id\":\"https:\\\/\\\/diplomashops.com\\\/#primaryimage\"},\"thumbnailUrl\":\"https:\\\/\\\/diplomashops.com\\\/wp-content\\\/uploads\\\/2026\\\/03\\\/buy-diploma.webp\",\"datePublished\":\"2026-03-12T21:48:39+00:00\",\"dateModified\":\"2026-03-14T16:05:39+00:00\",\"description\":\"Buy diploma online fast & securely. Get authentic high school, university & professional diplomas delivered worldwide.\",\"breadcrumb\":{\"@id\":\"https:\\\/\\\/diplomashops.com\\\/#breadcrumb\"},\"inLanguage\":\"lv-LV\",\"potentialAction\":[{\"@type\":\"ReadAction\",\"target\":[\"https:\\\/\\\/diplomashops.com\\\/\"]}]},{\"@type\":\"ImageObject\",\"inLanguage\":\"lv-LV\",\"@id\":\"https:\\\/\\\/diplomashops.com\\\/#primaryimage\",\"url\":\"https:\\\/\\\/diplomashops.com\\\/wp-content\\\/uploads\\\/2026\\\/03\\\/buy-diploma.webp\",\"contentUrl\":\"https:\\\/\\\/diplomashops.com\\\/wp-content\\\/uploads\\\/2026\\\/03\\\/buy-diploma.webp\"},{\"@type\":\"BreadcrumbList\",\"@id\":\"https:\\\/\\\/diplomashops.com\\\/#breadcrumb\",\"itemListElement\":[{\"@type\":\"ListItem\",\"position\":1,\"name\":\"Home\",\"item\":\"https:\\\/\\\/diplomashops.com\\\/\"},{\"@type\":\"ListItem\",\"position\":2,\"name\":\"Buy Diploma\"}]},{\"@type\":\"WebSite\",\"@id\":\"https:\\\/\\\/diplomashops.com\\\/#website\",\"url\":\"https:\\\/\\\/diplomashops.com\\\/\",\"name\":\"DiplomaShops.com - Buy Diploma Online | Fast &amp; Secure Service\",\"description\":\"Buy a Diploma online Delivered Worldwide - Order Your Certificate Today\",\"potentialAction\":[{\"@type\":\"SearchAction\",\"target\":{\"@type\":\"EntryPoint\",\"urlTemplate\":\"https:\\\/\\\/diplomashops.com\\\/?s={search_term_string}\"},\"query-input\":{\"@type\":\"PropertyValueSpecification\",\"valueRequired\":true,\"valueName\":\"search_term_string\"}}],\"inLanguage\":\"lv-LV\"}]}<\/script>\n<!-- \/ Yoast SEO plugin. -->","yoast_head_json":{"title":"Pirkt diplomu - DiplomaShops.com - Pirkt diplomu tie\u0161saist\u0113 | Fast &amp; Secure Service","description":"Ieg\u0101d\u0101jieties diplomu tie\u0161saist\u0113 \u0101tri un dro\u0161i. Ieg\u016bstiet autentiskus vidusskolas, universit\u0101tes un profesion\u0101los diplomus ar pieg\u0101di vis\u0101 pasaul\u0113.","robots":{"index":"index","follow":"follow","max-snippet":"max-snippet:-1","max-image-preview":"max-image-preview:large","max-video-preview":"max-video-preview:-1"},"canonical":"https:\/\/diplomashops.com\/lv\/","og_locale":"lv_LV","og_type":"article","og_title":"Buy Diploma - DiplomaShops.com - Buy Diploma Online | Fast &amp; Secure Service","og_description":"Buy diploma online fast & securely. Get authentic high school, university & professional diplomas delivered worldwide.","og_url":"https:\/\/diplomashops.com\/lv\/","og_site_name":"DiplomaShops.com - Buy Diploma Online | Fast &amp; Secure Service","article_modified_time":"2026-03-14T16:05:39+00:00","og_image":[{"width":300,"height":211,"url":"https:\/\/diplomashops.com\/wp-content\/uploads\/2026\/03\/buy-diploma.webp","type":"image\/webp"}],"twitter_card":"summary_large_image","twitter_misc":{"Est. reading time":"4 min\u016btes"},"schema":{"@context":"https:\/\/schema.org","@graph":[{"@type":"WebPage","@id":"https:\/\/diplomashops.com\/","url":"https:\/\/diplomashops.com\/","name":"Pirkt diplomu - DiplomaShops.com - Pirkt diplomu tie\u0161saist\u0113 | Fast &amp; Secure Service","isPartOf":{"@id":"https:\/\/diplomashops.com\/#website"},"primaryImageOfPage":{"@id":"https:\/\/diplomashops.com\/#primaryimage"},"image":{"@id":"https:\/\/diplomashops.com\/#primaryimage"},"thumbnailUrl":"https:\/\/diplomashops.com\/wp-content\/uploads\/2026\/03\/buy-diploma.webp","datePublished":"2026-03-12T21:48:39+00:00","dateModified":"2026-03-14T16:05:39+00:00","description":"Ieg\u0101d\u0101jieties diplomu tie\u0161saist\u0113 \u0101tri un dro\u0161i. Ieg\u016bstiet autentiskus vidusskolas, universit\u0101tes un profesion\u0101los diplomus ar pieg\u0101di vis\u0101 pasaul\u0113.","breadcrumb":{"@id":"https:\/\/diplomashops.com\/#breadcrumb"},"inLanguage":"lv-LV","potentialAction":[{"@type":"ReadAction","target":["https:\/\/diplomashops.com\/"]}]},{"@type":"ImageObject","inLanguage":"lv-LV","@id":"https:\/\/diplomashops.com\/#primaryimage","url":"https:\/\/diplomashops.com\/wp-content\/uploads\/2026\/03\/buy-diploma.webp","contentUrl":"https:\/\/diplomashops.com\/wp-content\/uploads\/2026\/03\/buy-diploma.webp"},{"@type":"BreadcrumbList","@id":"https:\/\/diplomashops.com\/#breadcrumb","itemListElement":[{"@type":"ListItem","position":1,"name":"Home","item":"https:\/\/diplomashops.com\/"},{"@type":"ListItem","position":2,"name":"Buy Diploma"}]},{"@type":"WebSite","@id":"https:\/\/diplomashops.com\/#website","url":"https:\/\/diplomashops.com\/","name":"DiplomaShops.com - Pirkt diplomu tie\u0161saist\u0113 | \u0100trs un dro\u0161s serviss","description":"Pirkt diplomu tie\u0161saist\u0113 ar pieg\u0101di vis\u0101 pasaul\u0113 - pas\u016btiet savu sertifik\u0101tu jau \u0161odien","potentialAction":[{"@type":"SearchAction","target":{"@type":"EntryPoint","urlTemplate":"https:\/\/diplomashops.com\/?s={search_term_string}"},"query-input":{"@type":"PropertyValueSpecification","valueRequired":true,"valueName":"search_term_string"}}],"inLanguage":"lv-LV"}]}},"_links":{"self":[{"href":"https:\/\/diplomashops.com\/lv\/wp-json\/wp\/v2\/pages\/6","targetHints":{"allow":["GET"]}}],"collection":[{"href":"https:\/\/diplomashops.com\/lv\/wp-json\/wp\/v2\/pages"}],"about":[{"href":"https:\/\/diplomashops.com\/lv\/wp-json\/wp\/v2\/types\/page"}],"author":[{"embeddable":true,"href":"https:\/\/diplomashops.com\/lv\/wp-json\/wp\/v2\/users\/1"}],"replies":[{"embeddable":true,"href":"https:\/\/diplomashops.com\/lv\/wp-json\/wp\/v2\/comments?post=6"}],"version-history":[{"count":13,"href":"https:\/\/diplomashops.com\/lv\/wp-json\/wp\/v2\/pages\/6\/revisions"}],"predecessor-version":[{"id":93,"href":"https:\/\/diplomashops.com\/lv\/wp-json\/wp\/v2\/pages\/6\/revisions\/93"}],"wp:attachment":[{"href":"https:\/\/diplomashops.com\/lv\/wp-json\/wp\/v2\/media?parent=6"}],"curies":[{"name":"wp","href":"https:\/\/api.w.org\/{rel}","templated":true}]}}