{"id":21,"date":"2026-03-14T15:35:38","date_gmt":"2026-03-14T15:35:38","guid":{"rendered":"https:\/\/diplomashops.com\/?page_id=21"},"modified":"2026-03-14T16:06:33","modified_gmt":"2026-03-14T16:06:33","slug":"kontakt","status":"publish","type":"page","link":"https:\/\/diplomashops.com\/pl\/contact\/","title":{"rendered":"Kontakt"},"content":{"rendered":"<h2 class=\"wp-block-heading\">Skontaktuj si\u0119 z nami - Uzyskaj pomoc przy zakupie dyplomu<\/h2>\n\n\n\n<h3 class=\"wp-block-heading\">Wiele sposob\u00f3w kontaktu z nami<\/h3>\n\n\n\n<h4 class=\"wp-block-heading\">Wsparcie przez e-mail<\/h4>\n\n\n\n<p>Wy\u015blij nam wiadomo\u015b\u0107 w dowolnym momencie na adres&nbsp;<a href=\"mailto:DiplomaShops247@gmail.com\" target=\"_blank\" rel=\"noreferrer noopener\">DiplomaShops247@gmail.com<\/a>. Gwarantujemy odpowied\u017a w ci\u0105gu 60 minut w godzinach pracy.<\/p>\n\n\n\n<h4 class=\"wp-block-heading\">Czat WhatsApp<\/h4>\n\n\n\n<p>Preferujesz komunikatory internetowe? Po\u0142\u0105cz si\u0119 z nami bezpo\u015brednio przez WhatsApp, aby uzyska\u0107 natychmiastow\u0105 pomoc. Kliknij przycisk WhatsApp w prawym dolnym rogu ekranu lub zeskanuj poni\u017cszy kod QR.<\/p>\n\n\n\n<h4 class=\"wp-block-heading\">Formularz kontaktowy<\/h4>\n\n\n\n<p>Skorzystaj z naszego bezpiecznego formularza kontaktowego poni\u017cej, aby przes\u0142a\u0107 nam swoje pytania lub w\u0105tpliwo\u015bci. Skontaktujemy si\u0119 z Tob\u0105 niezw\u0142ocznie, oferuj\u0105c pomocne rozwi\u0105zania.<\/p>\n\n\n\n<figure class=\"wp-block-image size-full\"><img loading=\"lazy\" decoding=\"async\" width=\"300\" height=\"211\" src=\"https:\/\/diplomashops.com\/wp-content\/uploads\/2026\/03\/buy-diploma.webp\" alt=\"kupi\u0107 dyplom\" class=\"wp-image-88\" srcset=\"https:\/\/diplomashops.com\/wp-content\/uploads\/2026\/03\/buy-diploma.webp 300w, https:\/\/diplomashops.com\/wp-content\/uploads\/2026\/03\/buy-diploma-18x12.webp 18w\" sizes=\"auto, (max-width: 300px) 100vw, 300px\" \/><\/figure>\n\n\n\n<hr class=\"wp-block-separator has-alpha-channel-opacity\"\/>\n\n\n\n<h3 class=\"wp-block-heading\">Godziny pracy i czas reakcji<\/h3>\n\n\n\n<h4 class=\"wp-block-heading\">Standardowy czas reakcji: w ci\u0105gu 1 godziny<\/h4>\n\n\n\n<p>Jeste\u015bmy dumni z szybkiej komunikacji. W godzinach pracy oczekujemy odpowiedzi w ci\u0105gu maksymalnie 60 minut.<\/p>\n\n\n\n<h4 class=\"wp-block-heading\">Dost\u0119pne rozszerzone wsparcie<\/h4>\n\n\n\n<p>Poza normalnymi godzinami pracy? Zostaw wiadomo\u015b\u0107, a odpowiemy na ni\u0105 nast\u0119pnego dnia roboczego.<\/p>\n\n\n\n<h4 class=\"wp-block-heading\">Obs\u0142uga weekend\u00f3w i \u015bwi\u0105t<\/h4>\n\n\n\n<p>Nie mamy weekend\u00f3w ani \u015bwi\u0105t. Jeste\u015bmy online 24\/7.<\/p>\n\n\n\n<hr class=\"wp-block-separator has-alpha-channel-opacity\"\/>\n\n\n\n<h3 class=\"wp-block-heading\">Najcz\u0119\u015bciej zadawane pytania<\/h3>\n\n\n\n<h4 class=\"wp-block-heading\">Status i \u015bledzenie zam\u00f3wienia<\/h4>\n\n\n\n<p>Potrzebujesz aktualnych informacji na temat zam\u00f3wienia dyplomu? Chcesz wiedzie\u0107, kiedy paczka dotrze? Nasz zesp\u00f3\u0142 zapewnia informacje o \u015bledzeniu przesy\u0142ki w czasie rzeczywistym.<\/p>\n\n\n\n<h4 class=\"wp-block-heading\">Metody p\u0142atno\u015bci i bezpiecze\u0144stwo<\/h4>\n\n\n\n<p>Masz pytania dotycz\u0105ce opcji p\u0142atno\u015bci, bezpiecze\u0144stwa transakcji lub zasad zwrot\u00f3w? Wyja\u015bniamy wszystko jasno i przejrzy\u015bcie.<\/p>\n\n\n\n<h4 class=\"wp-block-heading\">Pro\u015bby o dostosowanie dyplomu<\/h4>\n\n\n\n<p>Nie masz pewno\u015bci, kt\u00f3ry szablon odpowiada Twoim potrzebom? Chcesz zmodyfikowa\u0107 istniej\u0105cy projekt? Nasi eksperci przeprowadz\u0105 Ci\u0119 przez opcje dostosowywania.<\/p>\n\n\n\n<h4 class=\"wp-block-heading\">Informacje o wysy\u0142ce mi\u0119dzynarodowej<\/h4>\n\n\n\n<p>Interesuje Ci\u0119 czas dostawy do Twojego kraju? Zastanawiasz si\u0119 nad procedurami celnymi? Zapewniamy szczeg\u00f3\u0142owe wskaz\u00f3wki dotycz\u0105ce wysy\u0142ki mi\u0119dzynarodowej.<\/p>\n\n\n\n<figure class=\"wp-block-image size-full\"><img loading=\"lazy\" decoding=\"async\" width=\"300\" height=\"212\" src=\"https:\/\/diplomashops.com\/wp-content\/uploads\/2026\/03\/Buy-a-university-master-bachelor-diploma-online.webp\" alt=\"Kup dyplom uniwersytecki magistra licencjata online\" class=\"wp-image-86\" srcset=\"https:\/\/diplomashops.com\/wp-content\/uploads\/2026\/03\/Buy-a-university-master-bachelor-diploma-online.webp 300w, https:\/\/diplomashops.com\/wp-content\/uploads\/2026\/03\/Buy-a-university-master-bachelor-diploma-online-18x12.webp 18w\" sizes=\"auto, (max-width: 300px) 100vw, 300px\" \/><\/figure>\n\n\n\n<hr class=\"wp-block-separator has-alpha-channel-opacity\"\/>\n\n\n\n<h3 class=\"wp-block-heading\">Informacje kontaktowe WhatsApp<\/h3>\n\n\n\n<p>Dost\u0119pno\u015b\u0107: 24\/7 dla szybkich odpowiedzi<br>Obs\u0142ugiwane j\u0119zyki: Angielski, holenderski, niemiecki, francuski, hiszpa\u0144ski i inne<\/p>\n\n\n\n<p><em>Kliknij ikon\u0119 WhatsApp na ekranie, aby natychmiast rozpocz\u0105\u0107 czat!<\/em><\/p>\n\n\n\n<hr class=\"wp-block-separator has-alpha-channel-opacity\"\/>\n\n\n\n<h3 class=\"wp-block-heading\">Wa\u017cne informacje kontaktowe<\/h3>\n\n\n\n<h4 class=\"wp-block-heading\">Adres e-mail<\/h4>\n\n\n\n<p><a href=\"mailto:DiplomaShops247@gmail.com\" rel=\"noreferrer noopener\" target=\"_blank\">DiplomaShops247@gmail.com<\/a><\/p>\n\n\n\n<h4 class=\"wp-block-heading\">Gwarancja odpowiedzi<\/h4>\n\n\n\n<p>W ci\u0105gu 1 godziny w godzinach pracy<\/p>\n\n\n\n<h4 class=\"wp-block-heading\">M\u00f3wione j\u0119zyki<\/h4>\n\n\n\n<p>Angielski, holenderski, niemiecki, francuski, hiszpa\u0144ski, w\u0142oski, portugalski, szwedzki, norweski, du\u0144ski, fi\u0144ski, polski, czeski, w\u0119gierski, rumu\u0144ski, bu\u0142garski, grecki, turecki, arabski, rosyjski, chi\u0144ski i inne!<\/p>\n\n\n\n<h4 class=\"wp-block-heading\">Strefa czasowa<\/h4>\n\n\n\n<p>Czas \u015brodkowoeuropejski (CET\/CEST)<\/p>\n\n\n\n<hr class=\"wp-block-separator has-alpha-channel-opacity\"\/>\n\n\n\n<h3 class=\"wp-block-heading\">Zanim si\u0119 z nami skontaktujesz<\/h3>\n\n\n\n<p>Sprawd\u017a nasze&nbsp;<a href=\"https:\/\/diplomashops.com\/pl\/faq\/\">FAQ<\/a> znajdziesz odpowiedzi na najcz\u0119\u015bciej zadawane pytania dotycz\u0105ce zamawiania, p\u0142atno\u015bci, wysy\u0142ki i specyfikacji dyplom\u00f3w. By\u0107 mo\u017ce znajdziesz dok\u0142adnie to, czego potrzebujesz bez czekania! Kliknij tutaj, je\u015bli chcesz dowiedzie\u0107 si\u0119 wi\u0119cej <a href=\"https:\/\/diplomashops.com\/pl\/o-nas\/\">o nas<\/a>. <\/p>\n\n\n\n<hr class=\"wp-block-separator has-alpha-channel-opacity\"\/>\n\n\n\n<h3 class=\"wp-block-heading\">Potrzebujesz natychmiastowej pomocy?<\/h3>\n\n\n\n<p>Kliknij przycisk WhatsApp w dolnym rogu ekranu, aby porozmawia\u0107 z nami ju\u017c teraz. Bez czekania - natychmiastowa pomoc od naszych specjalist\u00f3w ds. wsparcia.<\/p>","protected":false},"excerpt":{"rendered":"<p>Contact Us \u2013 Get Help Buying Your Diploma Multiple Ways to Contact Us &#x1f4e7; Email Support Send us a message [&hellip;]<\/p>\n","protected":false},"author":1,"featured_media":0,"parent":0,"menu_order":0,"comment_status":"closed","ping_status":"closed","template":"","meta":{"site-sidebar-layout":"default","site-content-layout":"","ast-site-content-layout":"default","site-content-style":"default","site-sidebar-style":"default","ast-global-header-display":"","ast-banner-title-visibility":"","ast-main-header-display":"","ast-hfb-above-header-display":"","ast-hfb-below-header-display":"","ast-hfb-mobile-header-display":"","site-post-title":"","ast-breadcrumbs-content":"","ast-featured-img":"","footer-sml-layout":"","ast-disable-related-posts":"","theme-transparent-header-meta":"","adv-header-id-meta":"","stick-header-meta":"","header-above-stick-meta":"","header-main-stick-meta":"","header-below-stick-meta":"","astra-migrate-meta-layouts":"default","ast-page-background-enabled":"default","ast-page-background-meta":{"desktop":{"background-color":"var(--ast-global-color-5)","background-image":"","background-repeat":"repeat","background-position":"center center","background-size":"auto","background-attachment":"scroll","background-type":"","background-media":"","overlay-type":"","overlay-color":"","overlay-opacity":"","overlay-gradient":""},"tablet":{"background-color":"","background-image":"","background-repeat":"repeat","background-position":"center center","background-size":"auto","background-attachment":"scroll","background-type":"","background-media":"","overlay-type":"","overlay-color":"","overlay-opacity":"","overlay-gradient":""},"mobile":{"background-color":"","background-image":"","background-repeat":"repeat","background-position":"center center","background-size":"auto","background-attachment":"scroll","background-type":"","background-media":"","overlay-type":"","overlay-color":"","overlay-opacity":"","overlay-gradient":""}},"ast-content-background-meta":{"desktop":{"background-color":"var(--ast-global-color-4)","background-image":"","background-repeat":"repeat","background-position":"center center","background-size":"auto","background-attachment":"scroll","background-type":"","background-media":"","overlay-type":"","overlay-color":"","overlay-opacity":"","overlay-gradient":""},"tablet":{"background-color":"var(--ast-global-color-4)","background-image":"","background-repeat":"repeat","background-position":"center center","background-size":"auto","background-attachment":"scroll","background-type":"","background-media":"","overlay-type":"","overlay-color":"","overlay-opacity":"","overlay-gradient":""},"mobile":{"background-color":"var(--ast-global-color-4)","background-image":"","background-repeat":"repeat","background-position":"center center","background-size":"auto","background-attachment":"scroll","background-type":"","background-media":"","overlay-type":"","overlay-color":"","overlay-opacity":"","overlay-gradient":""}},"footnotes":""},"class_list":["post-21","page","type-page","status-publish","hentry"],"yoast_head":"<!-- This site is optimized with the Yoast SEO plugin v27.5 - https:\/\/yoast.com\/product\/yoast-seo-wordpress\/ -->\n<title>Contact - DiplomaShops.com - Buy Diploma Online | Fast &amp; Secure Service<\/title>\n<meta name=\"description\" content=\"Contact DiplomaShops.com for fast diploma service help. We respond within 1 hour via email or WhatsApp. Get assistance today!\" \/>\n<meta name=\"robots\" content=\"index, follow, max-snippet:-1, max-image-preview:large, max-video-preview:-1\" \/>\n<link rel=\"canonical\" href=\"https:\/\/diplomashops.com\/pl\/kontakt\/\" \/>\n<meta property=\"og:locale\" content=\"pl_PL\" \/>\n<meta property=\"og:type\" content=\"article\" \/>\n<meta property=\"og:title\" content=\"Contact - DiplomaShops.com - Buy Diploma Online | Fast &amp; Secure Service\" \/>\n<meta property=\"og:description\" content=\"Contact DiplomaShops.com for fast diploma service help. We respond within 1 hour via email or WhatsApp. Get assistance today!\" \/>\n<meta property=\"og:url\" content=\"https:\/\/diplomashops.com\/pl\/kontakt\/\" \/>\n<meta property=\"og:site_name\" content=\"DiplomaShops.com - Buy Diploma Online | Fast &amp; Secure Service\" \/>\n<meta property=\"article:modified_time\" content=\"2026-03-14T16:06:33+00:00\" \/>\n<meta property=\"og:image\" content=\"https:\/\/diplomashops.com\/wp-content\/uploads\/2026\/03\/buy-diploma.webp\" \/>\n\t<meta property=\"og:image:width\" content=\"300\" \/>\n\t<meta property=\"og:image:height\" content=\"211\" \/>\n\t<meta property=\"og:image:type\" content=\"image\/webp\" \/>\n<meta name=\"twitter:card\" content=\"summary_large_image\" \/>\n<meta name=\"twitter:label1\" content=\"Szacowany czas czytania\" \/>\n\t<meta name=\"twitter:data1\" content=\"3 minuty\" \/>\n<script type=\"application\/ld+json\" class=\"yoast-schema-graph\">{\"@context\":\"https:\\\/\\\/schema.org\",\"@graph\":[{\"@type\":\"WebPage\",\"@id\":\"https:\\\/\\\/diplomashops.com\\\/contact\\\/\",\"url\":\"https:\\\/\\\/diplomashops.com\\\/contact\\\/\",\"name\":\"Contact - DiplomaShops.com - Buy Diploma Online | Fast &amp; Secure Service\",\"isPartOf\":{\"@id\":\"https:\\\/\\\/diplomashops.com\\\/#website\"},\"primaryImageOfPage\":{\"@id\":\"https:\\\/\\\/diplomashops.com\\\/contact\\\/#primaryimage\"},\"image\":{\"@id\":\"https:\\\/\\\/diplomashops.com\\\/contact\\\/#primaryimage\"},\"thumbnailUrl\":\"https:\\\/\\\/diplomashops.com\\\/wp-content\\\/uploads\\\/2026\\\/03\\\/buy-diploma.webp\",\"datePublished\":\"2026-03-14T15:35:38+00:00\",\"dateModified\":\"2026-03-14T16:06:33+00:00\",\"description\":\"Contact DiplomaShops.com for fast diploma service help. We respond within 1 hour via email or WhatsApp. Get assistance today!\",\"breadcrumb\":{\"@id\":\"https:\\\/\\\/diplomashops.com\\\/contact\\\/#breadcrumb\"},\"inLanguage\":\"pl-PL\",\"potentialAction\":[{\"@type\":\"ReadAction\",\"target\":[\"https:\\\/\\\/diplomashops.com\\\/contact\\\/\"]}]},{\"@type\":\"ImageObject\",\"inLanguage\":\"pl-PL\",\"@id\":\"https:\\\/\\\/diplomashops.com\\\/contact\\\/#primaryimage\",\"url\":\"https:\\\/\\\/diplomashops.com\\\/wp-content\\\/uploads\\\/2026\\\/03\\\/buy-diploma.webp\",\"contentUrl\":\"https:\\\/\\\/diplomashops.com\\\/wp-content\\\/uploads\\\/2026\\\/03\\\/buy-diploma.webp\"},{\"@type\":\"BreadcrumbList\",\"@id\":\"https:\\\/\\\/diplomashops.com\\\/contact\\\/#breadcrumb\",\"itemListElement\":[{\"@type\":\"ListItem\",\"position\":1,\"name\":\"Home\",\"item\":\"https:\\\/\\\/diplomashops.com\\\/\"},{\"@type\":\"ListItem\",\"position\":2,\"name\":\"Contact\"}]},{\"@type\":\"WebSite\",\"@id\":\"https:\\\/\\\/diplomashops.com\\\/#website\",\"url\":\"https:\\\/\\\/diplomashops.com\\\/\",\"name\":\"DiplomaShops.com - Buy Diploma Online | Fast &amp; Secure Service\",\"description\":\"Buy a Diploma online Delivered Worldwide - Order Your Certificate Today\",\"potentialAction\":[{\"@type\":\"SearchAction\",\"target\":{\"@type\":\"EntryPoint\",\"urlTemplate\":\"https:\\\/\\\/diplomashops.com\\\/?s={search_term_string}\"},\"query-input\":{\"@type\":\"PropertyValueSpecification\",\"valueRequired\":true,\"valueName\":\"search_term_string\"}}],\"inLanguage\":\"pl-PL\"}]}<\/script>\n<!-- \/ Yoast SEO plugin. -->","yoast_head_json":{"title":"Kontakt - DiplomaShops.com - Kup dyplom online | Szybka i bezpieczna obs\u0142uga","description":"Skontaktuj si\u0119 z DiplomaShops.com, aby uzyska\u0107 szybk\u0105 pomoc w zakresie obs\u0142ugi dyplom\u00f3w. Odpowiadamy w ci\u0105gu 1 godziny przez e-mail lub WhatsApp. Uzyskaj pomoc ju\u017c dzi\u015b!","robots":{"index":"index","follow":"follow","max-snippet":"max-snippet:-1","max-image-preview":"max-image-preview:large","max-video-preview":"max-video-preview:-1"},"canonical":"https:\/\/diplomashops.com\/pl\/kontakt\/","og_locale":"pl_PL","og_type":"article","og_title":"Contact - DiplomaShops.com - Buy Diploma Online | Fast &amp; Secure Service","og_description":"Contact DiplomaShops.com for fast diploma service help. We respond within 1 hour via email or WhatsApp. Get assistance today!","og_url":"https:\/\/diplomashops.com\/pl\/kontakt\/","og_site_name":"DiplomaShops.com - Buy Diploma Online | Fast &amp; Secure Service","article_modified_time":"2026-03-14T16:06:33+00:00","og_image":[{"width":300,"height":211,"url":"https:\/\/diplomashops.com\/wp-content\/uploads\/2026\/03\/buy-diploma.webp","type":"image\/webp"}],"twitter_card":"summary_large_image","twitter_misc":{"Szacowany czas czytania":"3 minuty"},"schema":{"@context":"https:\/\/schema.org","@graph":[{"@type":"WebPage","@id":"https:\/\/diplomashops.com\/contact\/","url":"https:\/\/diplomashops.com\/contact\/","name":"Kontakt - DiplomaShops.com - Kup dyplom online | Szybka i bezpieczna obs\u0142uga","isPartOf":{"@id":"https:\/\/diplomashops.com\/#website"},"primaryImageOfPage":{"@id":"https:\/\/diplomashops.com\/contact\/#primaryimage"},"image":{"@id":"https:\/\/diplomashops.com\/contact\/#primaryimage"},"thumbnailUrl":"https:\/\/diplomashops.com\/wp-content\/uploads\/2026\/03\/buy-diploma.webp","datePublished":"2026-03-14T15:35:38+00:00","dateModified":"2026-03-14T16:06:33+00:00","description":"Skontaktuj si\u0119 z DiplomaShops.com, aby uzyska\u0107 szybk\u0105 pomoc w zakresie obs\u0142ugi dyplom\u00f3w. Odpowiadamy w ci\u0105gu 1 godziny przez e-mail lub WhatsApp. Uzyskaj pomoc ju\u017c dzi\u015b!","breadcrumb":{"@id":"https:\/\/diplomashops.com\/contact\/#breadcrumb"},"inLanguage":"pl-PL","potentialAction":[{"@type":"ReadAction","target":["https:\/\/diplomashops.com\/contact\/"]}]},{"@type":"ImageObject","inLanguage":"pl-PL","@id":"https:\/\/diplomashops.com\/contact\/#primaryimage","url":"https:\/\/diplomashops.com\/wp-content\/uploads\/2026\/03\/buy-diploma.webp","contentUrl":"https:\/\/diplomashops.com\/wp-content\/uploads\/2026\/03\/buy-diploma.webp"},{"@type":"BreadcrumbList","@id":"https:\/\/diplomashops.com\/contact\/#breadcrumb","itemListElement":[{"@type":"ListItem","position":1,"name":"Home","item":"https:\/\/diplomashops.com\/"},{"@type":"ListItem","position":2,"name":"Contact"}]},{"@type":"WebSite","@id":"https:\/\/diplomashops.com\/#website","url":"https:\/\/diplomashops.com\/","name":"DiplomaShops.com - Kup dyplom online | Szybka i bezpieczna us\u0142uga","description":"Kup dyplom online z dostaw\u0105 na ca\u0142y \u015bwiat - zam\u00f3w certyfikat ju\u017c dzi\u015b","potentialAction":[{"@type":"SearchAction","target":{"@type":"EntryPoint","urlTemplate":"https:\/\/diplomashops.com\/?s={search_term_string}"},"query-input":{"@type":"PropertyValueSpecification","valueRequired":true,"valueName":"search_term_string"}}],"inLanguage":"pl-PL"}]}},"_links":{"self":[{"href":"https:\/\/diplomashops.com\/pl\/wp-json\/wp\/v2\/pages\/21","targetHints":{"allow":["GET"]}}],"collection":[{"href":"https:\/\/diplomashops.com\/pl\/wp-json\/wp\/v2\/pages"}],"about":[{"href":"https:\/\/diplomashops.com\/pl\/wp-json\/wp\/v2\/types\/page"}],"author":[{"embeddable":true,"href":"https:\/\/diplomashops.com\/pl\/wp-json\/wp\/v2\/users\/1"}],"replies":[{"embeddable":true,"href":"https:\/\/diplomashops.com\/pl\/wp-json\/wp\/v2\/comments?post=21"}],"version-history":[{"count":7,"href":"https:\/\/diplomashops.com\/pl\/wp-json\/wp\/v2\/pages\/21\/revisions"}],"predecessor-version":[{"id":95,"href":"https:\/\/diplomashops.com\/pl\/wp-json\/wp\/v2\/pages\/21\/revisions\/95"}],"wp:attachment":[{"href":"https:\/\/diplomashops.com\/pl\/wp-json\/wp\/v2\/media?parent=21"}],"curies":[{"name":"wp","href":"https:\/\/api.w.org\/{rel}","templated":true}]}}