{"id":27,"date":"2026-03-14T15:37:23","date_gmt":"2026-03-14T15:37:23","guid":{"rendered":"https:\/\/diplomashops.com\/?page_id=27"},"modified":"2026-03-14T16:07:08","modified_gmt":"2026-03-14T16:07:08","slug":"faq","status":"publish","type":"page","link":"https:\/\/diplomashops.com\/pl\/faq\/","title":{"rendered":"FAQ"},"content":{"rendered":"<h2 class=\"wp-block-heading\">Cz\u0119sto zadawane pytania - us\u0142uga kupna dyplomu<\/h2>\n\n\n\n<p>Znajd\u017a odpowiedzi na najcz\u0119\u015bciej zadawane pytania dotycz\u0105ce naszych us\u0142ug zwi\u0105zanych z dyplomami. Niezale\u017cnie od tego, czy zastanawiasz si\u0119 nad procesem zamawiania, czasem dostawy czy autentyczno\u015bci\u0105 dokumentu, mamy dla Ciebie wszystko. Przejrzyj nasz\u0105 obszern\u0105 sekcj\u0119 FAQ, aby dowiedzie\u0107 si\u0119 wszystkiego, co musisz wiedzie\u0107 przed zakupem dyplomu online.<\/p>\n\n\n\n<figure class=\"wp-block-image size-full\"><img loading=\"lazy\" decoding=\"async\" width=\"300\" height=\"216\" src=\"https:\/\/diplomashops.com\/wp-content\/uploads\/2026\/03\/buy-diploma-degree-certificate-online.webp\" alt=\"kup dyplom uko\u0144czenia studi\u00f3w online\" class=\"wp-image-87\" srcset=\"https:\/\/diplomashops.com\/wp-content\/uploads\/2026\/03\/buy-diploma-degree-certificate-online.webp 300w, https:\/\/diplomashops.com\/wp-content\/uploads\/2026\/03\/buy-diploma-degree-certificate-online-18x12.webp 18w\" sizes=\"auto, (max-width: 300px) 100vw, 300px\" \/><\/figure>\n\n\n\n<h3 class=\"wp-block-heading\">Pytania dotycz\u0105ce zam\u00f3wie\u0144 i p\u0142atno\u015bci<\/h3>\n\n\n\n<h4 class=\"wp-block-heading\">Jak z\u0142o\u017cy\u0107 zam\u00f3wienie na dyplom?<\/h4>\n\n\n\n<p>Aby kupi\u0107 dyplom online, wystarczy przejrze\u0107 nasze kategorie dyplom\u00f3w, wybra\u0107 preferowany szablon, poda\u0107 swoje dane osobowe i uko\u0144czy\u0107 bezpieczny proces p\u0142atno\u015bci. Natychmiast po dokonaniu p\u0142atno\u015bci otrzymasz wiadomo\u015b\u0107 e-mail z potwierdzeniem zam\u00f3wienia.<\/p>\n\n\n\n<h4 class=\"wp-block-heading\">Jakie metody p\u0142atno\u015bci s\u0105 akceptowane?<\/h4>\n\n\n\n<p>Akceptujemy g\u0142\u00f3wne karty kredytowe (Visa, MasterCard, American Express), PayPal i przelewy bankowe. Wszystkie transakcje s\u0105 przetwarzane za po\u015brednictwem szyfrowanych, bezpiecznych bramek p\u0142atniczych w celu ochrony informacji finansowych.<\/p>\n\n\n\n<h4 class=\"wp-block-heading\">Czy moje dane dotycz\u0105ce p\u0142atno\u015bci s\u0105 bezpieczne?<\/h4>\n\n\n\n<p>Absolutnie. U\u017cywamy standardowego w bran\u017cy szyfrowania SSL i przestrzegamy standard\u00f3w bezpiecze\u0144stwa PCI DSS. Dane dotycz\u0105ce p\u0142atno\u015bci nigdy nie s\u0105 przechowywane ani udost\u0119pniane stronom trzecim.<\/p>\n\n\n\n<h4 class=\"wp-block-heading\">Czy mog\u0119 anulowa\u0107 lub zmodyfikowa\u0107 zam\u00f3wienie po dokonaniu p\u0142atno\u015bci?<\/h4>\n\n\n\n<p>Zam\u00f3wienia mo\u017cna modyfikowa\u0107 lub anulowa\u0107 w ci\u0105gu 2 godzin od ich z\u0142o\u017cenia. Po tym czasie produkcja rozpoczyna si\u0119 natychmiast. Skontaktuj si\u0119 z nami jak najszybciej, je\u015bli potrzebne s\u0105 zmiany.<\/p>\n\n\n\n<h4 class=\"wp-block-heading\">Czy oferujecie plany p\u0142atno\u015bci lub opcje ratalne?<\/h4>\n\n\n\n<p>Obecnie wymagamy pe\u0142nej p\u0142atno\u015bci z g\u00f3ry, aby zrealizowa\u0107 zam\u00f3wienie na dyplom. Pracujemy nad elastycznymi opcjami p\u0142atno\u015bci do wdro\u017cenia w przysz\u0142o\u015bci.<\/p>\n\n\n\n<hr class=\"wp-block-separator has-alpha-channel-opacity\"\/>\n\n\n\n<h3 class=\"wp-block-heading\">Informacje o dostawie i wysy\u0142ce<\/h3>\n\n\n\n<h4 class=\"wp-block-heading\">Jak d\u0142ugo trwa dostawa?<\/h4>\n\n\n\n<p>Standardowa dostawa trwa 5-10 dni roboczych na ca\u0142ym \u015bwiecie. Za dodatkow\u0105 op\u0142at\u0105 dost\u0119pne s\u0105 opcje dostawy ekspresowej w ci\u0105gu 2-3 dni roboczych.<\/p>\n\n\n\n<h4 class=\"wp-block-heading\">Czy wysy\u0142asz za granic\u0119?<\/h4>\n\n\n\n<p>Tak, dostarczamy do ponad 20 kraj\u00f3w, w tym USA, Kanady, Wielkiej Brytanii, Niemiec, Holandii, Hiszpanii, Francji, Australii, Szwecji, Norwegii, Danii i wielu innych. Sprawd\u017a nasz\u0105 stron\u0119 wysy\u0142kow\u0105, aby uzyska\u0107 informacje o czasie dostawy do poszczeg\u00f3lnych kraj\u00f3w.<\/p>\n\n\n\n<h4 class=\"wp-block-heading\">Jak pakowane i wysy\u0142ane s\u0105 dyplomy?<\/h4>\n\n\n\n<p>Wszystkie dyplomy s\u0105 wysy\u0142ane w zwyk\u0142ych, nieoznakowanych kopertach lub paczkach, aby zapewni\u0107 pe\u0142n\u0105 prywatno\u015b\u0107. \u017badne zewn\u0119trzne oznaczenia nie wskazuj\u0105 na zawarto\u015b\u0107. U\u017cywamy \u015bledzonych i ubezpieczonych metod wysy\u0142ki dla Twojej ochrony.<\/p>\n\n\n\n<h4 class=\"wp-block-heading\">Czy otrzymam informacje o \u015bledzeniu przesy\u0142ki?<\/h4>\n\n\n\n<p>Tak, ka\u017cde zam\u00f3wienie zawiera numery \u015bledzenia, dzi\u0119ki czemu mo\u017cna monitorowa\u0107 status przesy\u0142ki w czasie rzeczywistym. Szczeg\u00f3\u0142y \u015bledzenia s\u0105 wysy\u0142ane e-mailem po wys\u0142aniu dyplomu.<\/p>\n\n\n\n<h4 class=\"wp-block-heading\">Co si\u0119 stanie, je\u015bli moja paczka zostanie zgubiona lub uszkodzona?<\/h4>\n\n\n\n<p>Zapewniamy pe\u0142ne ubezpieczenie wszystkich przesy\u0142ek. Je\u015bli dyplom zostanie zgubiony lub uszkodzony podczas transportu, przerobimy go i wy\u015blemy ponownie bez dodatkowych koszt\u00f3w lub zwr\u00f3cimy pe\u0142n\u0105 kwot\u0119.<\/p>\n\n\n\n<figure class=\"wp-block-image size-full\"><img loading=\"lazy\" decoding=\"async\" width=\"300\" height=\"212\" src=\"https:\/\/diplomashops.com\/wp-content\/uploads\/2026\/03\/Buy-a-university-master-bachelor-diploma-online.webp\" alt=\"Kup dyplom uniwersytecki magistra licencjata online\" class=\"wp-image-86\" srcset=\"https:\/\/diplomashops.com\/wp-content\/uploads\/2026\/03\/Buy-a-university-master-bachelor-diploma-online.webp 300w, https:\/\/diplomashops.com\/wp-content\/uploads\/2026\/03\/Buy-a-university-master-bachelor-diploma-online-18x12.webp 18w\" sizes=\"auto, (max-width: 300px) 100vw, 300px\" \/><\/figure>\n\n\n\n<hr class=\"wp-block-separator has-alpha-channel-opacity\"\/>\n\n\n\n<h3 class=\"wp-block-heading\">Jako\u015b\u0107 i autentyczno\u015b\u0107 dyplomu<\/h3>\n\n\n\n<h4 class=\"wp-block-heading\">Czy s\u0105 to prawdziwe dyplomy z prawdziwych uniwersytet\u00f3w?<\/h4>\n\n\n\n<p>Nie, nasze dyplomy s\u0105 wysokiej jako\u015bci reprodukcjami przeznaczonymi do osobistych cel\u00f3w referencyjnych, zast\u0119pczych lub wystawowych. Nie s\u0105 one wydawane przez rzeczywiste instytucje edukacyjne, ale s\u0105 wykonane tak, aby jak najbardziej przypomina\u0142y oficjalne dokumenty.<\/p>\n\n\n\n<h4 class=\"wp-block-heading\">Jak autentycznie wygl\u0105daj\u0105 dyplomy?<\/h4>\n\n\n\n<p>Nasze dyplomy cechuj\u0105 si\u0119 profesjonaln\u0105 jako\u015bci\u0105 papieru, autentycznymi czcionkami, oficjalnymi piecz\u0119ciami i dok\u0142adnym formatowaniem, kt\u00f3re \u015bci\u015ble odpowiada rzeczywistym projektom instytucjonalnym. Wielu klient\u00f3w zg\u0142asza pozytywne opinie na temat ich realistycznego wygl\u0105du.<\/p>\n\n\n\n<h4 class=\"wp-block-heading\">Czy mo\u017cna ich u\u017cywa\u0107 do cel\u00f3w s\u0142u\u017cbowych?<\/h4>\n\n\n\n<p>Zale\u017cy to od konkretnych wymaga\u0144 organizacji \u017c\u0105daj\u0105cej dokumentu. Chocia\u017c nasze dyplomy wygl\u0105daj\u0105 autentycznie, powinny by\u0107 u\u017cywane tylko tam, gdzie oficjalna weryfikacja nie jest wymagana. Zawsze nale\u017cy skontaktowa\u0107 si\u0119 z pracodawc\u0105 lub instytucj\u0105 w celu uzyskania akceptowalnej dokumentacji.<\/p>\n\n\n\n<h4 class=\"wp-block-heading\">Czy oferujecie r\u00f3\u017cne jako\u015bci papieru lub wyko\u0144czenia?<\/h4>\n\n\n\n<p>Tak, oferujemy opcje papieru standardowego, premium i luksusowego. Premium obejmuje papier ze znakiem wodnym podobny do oficjalnych dokument\u00f3w, podczas gdy luksusowy zawiera papier w stylu pergaminu ze z\u0142ot\u0105 foli\u0105.<\/p>\n\n\n\n<hr class=\"wp-block-separator has-alpha-channel-opacity\"\/>\n\n\n\n<h3 class=\"wp-block-heading\">Rozwa\u017cania prawne i etyczne<\/h3>\n\n\n\n<h4 class=\"wp-block-heading\">Czy zakup dyplomu jest legalny?<\/h4>\n\n\n\n<p>Legalno\u015b\u0107 zale\u017cy od jurysdykcji i zamierzonego zastosowania. Nasze us\u0142ugi s\u0105 przeznaczone do legalnych cel\u00f3w, takich jak zast\u0119powanie utraconych orygina\u0142\u00f3w lub osobiste odniesienia. Zalecamy zapoznanie si\u0119 z lokalnymi przepisami dotycz\u0105cymi wymaga\u0144 zwi\u0105zanych z korzystaniem z dokument\u00f3w.<\/p>\n\n\n\n<h4 class=\"wp-block-heading\">Czy mog\u0119 mie\u0107 k\u0142opoty za u\u017cywanie twoich dyplom\u00f3w?<\/h4>\n\n\n\n<p>Podanie nieprawdziwych danych uwierzytelniaj\u0105cych mo\u017ce mie\u0107 powa\u017cne konsekwencje. Zdecydowanie zalecamy u\u017cywanie naszych dyplom\u00f3w wy\u0142\u0105cznie do odpowiednich cel\u00f3w, w kt\u00f3rych oficjalna weryfikacja nie jest obowi\u0105zkowa. Odpowiedzialno\u015b\u0107 za w\u0142a\u015bciwe u\u017cytkowanie spoczywa na kliencie.<\/p>\n\n\n\n<h4 class=\"wp-block-heading\">Czy weryfikujesz wykszta\u0142cenie?<\/h4>\n\n\n\n<p>Nie, \u015bwiadczymy wy\u0142\u0105cznie us\u0142ugi powielania dokument\u00f3w. Nie wykonujemy ani nie \u015bwiadczymy us\u0142ug weryfikacji edukacyjnej. W celu uzyskania oficjalnych us\u0142ug transkrypcji nale\u017cy skontaktowa\u0107 si\u0119 bezpo\u015brednio z oryginaln\u0105 instytucj\u0105.<\/p>\n\n\n\n<hr class=\"wp-block-separator has-alpha-channel-opacity\"\/>\n\n\n\n<h3 class=\"wp-block-heading\">Pytania techniczne i dotycz\u0105ce dostosowywania<\/h3>\n\n\n\n<h4 class=\"wp-block-heading\">Czy mog\u0119 zobaczy\u0107 pr\u00f3bk\u0119 przed z\u0142o\u017ceniem zam\u00f3wienia?<\/h4>\n\n\n\n<p>Tak, ka\u017cda lista dyplom\u00f3w zawiera przyk\u0142adowe zdj\u0119cia w wysokiej rozdzielczo\u015bci przedstawiaj\u0105ce widok z przodu i z ty\u0142u. Popro\u015b o dodatkowe pr\u00f3bki, kontaktuj\u0105c si\u0119 z naszym zespo\u0142em pomocy technicznej.<\/p>\n\n\n\n<h4 class=\"wp-block-heading\">W jaki spos\u00f3b mo\u017cna dostosowa\u0107 dyplomy?<\/h4>\n\n\n\n<p>Nasza niestandardowa us\u0142uga projektowania umo\u017cliwia pe\u0142n\u0105 personalizacj\u0119, w tym imiona i nazwiska, daty, dane instytucji, logo, podpisy i specjalne wymagania dotycz\u0105ce formatowania. Prze\u015blij w\u0142asny szablon lub opisz swoj\u0105 wizj\u0119.<\/p>\n\n\n\n<h4 class=\"wp-block-heading\">Jakie formaty plik\u00f3w s\u0105 dost\u0119pne dla dyplom\u00f3w cyfrowych?<\/h4>\n\n\n\n<p>Dyplomy cyfrowe s\u0105 dostarczane w formacie PDF o wysokiej rozdzielczo\u015bci, odpowiednim do drukowania lub przesy\u0142ania poczt\u0105 elektroniczn\u0105. Na \u017cyczenie oferujemy r\u00f3wnie\u017c wersje JPEG.<\/p>\n\n\n\n<h4 class=\"wp-block-heading\">Czy mo\u017cna dopasowa\u0107 dok\u0142adny format okre\u015blonego uniwersytetu?<\/h4>\n\n\n\n<p>Tak, nasza niestandardowa us\u0142uga premium mo\u017ce powiela\u0107 okre\u015blone szablony instytucjonalne. Prze\u015blij nam przyk\u0142adowy obraz lub szczeg\u00f3\u0142owe specyfikacje w celu dok\u0142adnej reprodukcji.<\/p>\n\n\n\n<hr class=\"wp-block-separator has-alpha-channel-opacity\"\/>\n\n\n\n<h3 class=\"wp-block-heading\">Obs\u0142uga klienta i wsparcie<\/h3>\n\n\n\n<h4 class=\"wp-block-heading\">Jaki jest czas reakcji na zapytania klient\u00f3w?<\/h4>\n\n\n\n<p>Gwarantujemy odpowied\u017a w ci\u0105gu 1 godziny w godzinach pracy.<\/p>\n\n\n\n<h4 class=\"wp-block-heading\">Jak mog\u0119 skontaktowa\u0107 si\u0119 z obs\u0142ug\u0105 klienta?<\/h4>\n\n\n\n<p>Skontaktuj si\u0119 z nami za po\u015brednictwem poczty elektronicznej pod adresem&nbsp;<a href=\"mailto:DiplomaShops247@gmail.com\" target=\"_blank\" rel=\"noreferrer noopener\">DiplomaShops247@gmail.com<\/a>, WhatsApp lub nasz formularz kontaktowy. Oferujemy r\u00f3wnie\u017c wsparcie na czacie na \u017cywo w godzinach pracy.<\/p>\n\n\n\n<h4 class=\"wp-block-heading\">Czy oferujecie zwroty lub gwarancje?<\/h4>\n\n\n\n<p>Oferujemy 30-dniow\u0105 gwarancj\u0119 satysfakcji. Je\u015bli nie b\u0119dziesz zadowolony z jako\u015bci dyplomu, przerobimy go bezp\u0142atnie lub zwr\u00f3cimy pe\u0142n\u0105 kwot\u0119. Szczeg\u00f3\u0142owe informacje mo\u017cna znale\u017a\u0107 w naszej polityce zwrot\u00f3w.<\/p>\n\n\n\n<h4 class=\"wp-block-heading\">Czy mog\u0119 porozmawia\u0107 z kim\u015b w moim j\u0119zyku?<\/h4>\n\n\n\n<p>Nasz wieloj\u0119zyczny zesp\u00f3\u0142 wsparcia pos\u0142uguje si\u0119 ponad 20 j\u0119zykami, w tym angielskim, niderlandzkim, niemieckim, francuskim, hiszpa\u0144skim, w\u0142oskim, portugalskim, szwedzkim, norweskim, du\u0144skim, fi\u0144skim, polskim, czeskim, w\u0119gierskim, rumu\u0144skim, bu\u0142garskim, greckim, tureckim, arabskim, rosyjskim i chi\u0144skim.<\/p>\n\n\n\n<hr class=\"wp-block-separator has-alpha-channel-opacity\"\/>\n\n\n\n<h3 class=\"wp-block-heading\">Nadal masz pytania?<\/h3>\n\n\n\n<p>Nie mo\u017cesz znale\u017a\u0107 tego, czego szukasz? Nasz zesp\u00f3\u0142 wsparcia jest gotowy do pomocy! <a href=\"https:\/\/diplomashops.com\/pl\/kontakt\/\">Kontakt<\/a> aby uzyska\u0107 spersonalizowan\u0105 pomoc w zakresie dyplom\u00f3w.<\/p>\n\n\n\n<p>E-mail:&nbsp;<a href=\"mailto:DiplomaShops247@gmail.com\" target=\"_blank\" rel=\"noreferrer noopener\">DiplomaShops247@gmail.com<\/a><\/p>","protected":false},"excerpt":{"rendered":"<p>Frequently Asked Questions \u2013 Buy Diploma Service Find answers to the most common questions about our diploma services. Whether you&#8217;re [&hellip;]<\/p>\n","protected":false},"author":1,"featured_media":0,"parent":0,"menu_order":0,"comment_status":"closed","ping_status":"closed","template":"","meta":{"site-sidebar-layout":"default","site-content-layout":"","ast-site-content-layout":"default","site-content-style":"default","site-sidebar-style":"default","ast-global-header-display":"","ast-banner-title-visibility":"","ast-main-header-display":"","ast-hfb-above-header-display":"","ast-hfb-below-header-display":"","ast-hfb-mobile-header-display":"","site-post-title":"","ast-breadcrumbs-content":"","ast-featured-img":"","footer-sml-layout":"","ast-disable-related-posts":"","theme-transparent-header-meta":"","adv-header-id-meta":"","stick-header-meta":"","header-above-stick-meta":"","header-main-stick-meta":"","header-below-stick-meta":"","astra-migrate-meta-layouts":"default","ast-page-background-enabled":"default","ast-page-background-meta":{"desktop":{"background-color":"var(--ast-global-color-5)","background-image":"","background-repeat":"repeat","background-position":"center center","background-size":"auto","background-attachment":"scroll","background-type":"","background-media":"","overlay-type":"","overlay-color":"","overlay-opacity":"","overlay-gradient":""},"tablet":{"background-color":"","background-image":"","background-repeat":"repeat","background-position":"center center","background-size":"auto","background-attachment":"scroll","background-type":"","background-media":"","overlay-type":"","overlay-color":"","overlay-opacity":"","overlay-gradient":""},"mobile":{"background-color":"","background-image":"","background-repeat":"repeat","background-position":"center center","background-size":"auto","background-attachment":"scroll","background-type":"","background-media":"","overlay-type":"","overlay-color":"","overlay-opacity":"","overlay-gradient":""}},"ast-content-background-meta":{"desktop":{"background-color":"var(--ast-global-color-4)","background-image":"","background-repeat":"repeat","background-position":"center center","background-size":"auto","background-attachment":"scroll","background-type":"","background-media":"","overlay-type":"","overlay-color":"","overlay-opacity":"","overlay-gradient":""},"tablet":{"background-color":"var(--ast-global-color-4)","background-image":"","background-repeat":"repeat","background-position":"center center","background-size":"auto","background-attachment":"scroll","background-type":"","background-media":"","overlay-type":"","overlay-color":"","overlay-opacity":"","overlay-gradient":""},"mobile":{"background-color":"var(--ast-global-color-4)","background-image":"","background-repeat":"repeat","background-position":"center center","background-size":"auto","background-attachment":"scroll","background-type":"","background-media":"","overlay-type":"","overlay-color":"","overlay-opacity":"","overlay-gradient":""}},"footnotes":""},"class_list":["post-27","page","type-page","status-publish","hentry"],"yoast_head":"<!-- This site is optimized with the Yoast SEO plugin v27.5 - https:\/\/yoast.com\/product\/yoast-seo-wordpress\/ -->\n<title>FAQ - DiplomaShops.com - Buy Diploma Online | Fast &amp; Secure Service<\/title>\n<meta name=\"description\" content=\"FAQ about buying diplomas online. Learn about ordering, shipping, authenticity, and legal considerations. Get answers fast!\" \/>\n<meta name=\"robots\" content=\"index, follow, max-snippet:-1, max-image-preview:large, max-video-preview:-1\" \/>\n<link rel=\"canonical\" href=\"https:\/\/diplomashops.com\/pl\/faq\/\" \/>\n<meta property=\"og:locale\" content=\"pl_PL\" \/>\n<meta property=\"og:type\" content=\"article\" \/>\n<meta property=\"og:title\" content=\"FAQ - DiplomaShops.com - Buy Diploma Online | Fast &amp; Secure Service\" \/>\n<meta property=\"og:description\" content=\"FAQ about buying diplomas online. Learn about ordering, shipping, authenticity, and legal considerations. Get answers fast!\" \/>\n<meta property=\"og:url\" content=\"https:\/\/diplomashops.com\/pl\/faq\/\" \/>\n<meta property=\"og:site_name\" content=\"DiplomaShops.com - Buy Diploma Online | Fast &amp; Secure Service\" \/>\n<meta property=\"article:modified_time\" content=\"2026-03-14T16:07:08+00:00\" \/>\n<meta property=\"og:image\" content=\"https:\/\/diplomashops.com\/wp-content\/uploads\/2026\/03\/buy-diploma-degree-certificate-online.webp\" \/>\n\t<meta property=\"og:image:width\" content=\"300\" \/>\n\t<meta property=\"og:image:height\" content=\"216\" \/>\n\t<meta property=\"og:image:type\" content=\"image\/webp\" \/>\n<meta name=\"twitter:card\" content=\"summary_large_image\" \/>\n<meta name=\"twitter:label1\" content=\"Szacowany czas czytania\" \/>\n\t<meta name=\"twitter:data1\" content=\"5 minut\" \/>\n<script type=\"application\/ld+json\" class=\"yoast-schema-graph\">{\"@context\":\"https:\\\/\\\/schema.org\",\"@graph\":[{\"@type\":\"WebPage\",\"@id\":\"https:\\\/\\\/diplomashops.com\\\/faq\\\/\",\"url\":\"https:\\\/\\\/diplomashops.com\\\/faq\\\/\",\"name\":\"FAQ - DiplomaShops.com - Buy Diploma Online | Fast &amp; Secure Service\",\"isPartOf\":{\"@id\":\"https:\\\/\\\/diplomashops.com\\\/#website\"},\"primaryImageOfPage\":{\"@id\":\"https:\\\/\\\/diplomashops.com\\\/faq\\\/#primaryimage\"},\"image\":{\"@id\":\"https:\\\/\\\/diplomashops.com\\\/faq\\\/#primaryimage\"},\"thumbnailUrl\":\"https:\\\/\\\/diplomashops.com\\\/wp-content\\\/uploads\\\/2026\\\/03\\\/buy-diploma-degree-certificate-online.webp\",\"datePublished\":\"2026-03-14T15:37:23+00:00\",\"dateModified\":\"2026-03-14T16:07:08+00:00\",\"description\":\"FAQ about buying diplomas online. Learn about ordering, shipping, authenticity, and legal considerations. Get answers fast!\",\"breadcrumb\":{\"@id\":\"https:\\\/\\\/diplomashops.com\\\/faq\\\/#breadcrumb\"},\"inLanguage\":\"pl-PL\",\"potentialAction\":[{\"@type\":\"ReadAction\",\"target\":[\"https:\\\/\\\/diplomashops.com\\\/faq\\\/\"]}]},{\"@type\":\"ImageObject\",\"inLanguage\":\"pl-PL\",\"@id\":\"https:\\\/\\\/diplomashops.com\\\/faq\\\/#primaryimage\",\"url\":\"https:\\\/\\\/diplomashops.com\\\/wp-content\\\/uploads\\\/2026\\\/03\\\/buy-diploma-degree-certificate-online.webp\",\"contentUrl\":\"https:\\\/\\\/diplomashops.com\\\/wp-content\\\/uploads\\\/2026\\\/03\\\/buy-diploma-degree-certificate-online.webp\"},{\"@type\":\"BreadcrumbList\",\"@id\":\"https:\\\/\\\/diplomashops.com\\\/faq\\\/#breadcrumb\",\"itemListElement\":[{\"@type\":\"ListItem\",\"position\":1,\"name\":\"Home\",\"item\":\"https:\\\/\\\/diplomashops.com\\\/\"},{\"@type\":\"ListItem\",\"position\":2,\"name\":\"FAQ\"}]},{\"@type\":\"WebSite\",\"@id\":\"https:\\\/\\\/diplomashops.com\\\/#website\",\"url\":\"https:\\\/\\\/diplomashops.com\\\/\",\"name\":\"DiplomaShops.com - Buy Diploma Online | Fast &amp; Secure Service\",\"description\":\"Buy a Diploma online Delivered Worldwide - Order Your Certificate Today\",\"potentialAction\":[{\"@type\":\"SearchAction\",\"target\":{\"@type\":\"EntryPoint\",\"urlTemplate\":\"https:\\\/\\\/diplomashops.com\\\/?s={search_term_string}\"},\"query-input\":{\"@type\":\"PropertyValueSpecification\",\"valueRequired\":true,\"valueName\":\"search_term_string\"}}],\"inLanguage\":\"pl-PL\"}]}<\/script>\n<!-- \/ Yoast SEO plugin. -->","yoast_head_json":{"title":"FAQ - DiplomaShops.com - Kup dyplom online | Szybka i bezpieczna us\u0142uga","description":"Najcz\u0119\u015bciej zadawane pytania dotycz\u0105ce kupowania dyplom\u00f3w online. Dowiedz si\u0119 wi\u0119cej o zamawianiu, wysy\u0142ce, autentyczno\u015bci i kwestiach prawnych. Szybko uzyskaj odpowiedzi!","robots":{"index":"index","follow":"follow","max-snippet":"max-snippet:-1","max-image-preview":"max-image-preview:large","max-video-preview":"max-video-preview:-1"},"canonical":"https:\/\/diplomashops.com\/pl\/faq\/","og_locale":"pl_PL","og_type":"article","og_title":"FAQ - DiplomaShops.com - Buy Diploma Online | Fast &amp; Secure Service","og_description":"FAQ about buying diplomas online. Learn about ordering, shipping, authenticity, and legal considerations. Get answers fast!","og_url":"https:\/\/diplomashops.com\/pl\/faq\/","og_site_name":"DiplomaShops.com - Buy Diploma Online | Fast &amp; Secure Service","article_modified_time":"2026-03-14T16:07:08+00:00","og_image":[{"width":300,"height":216,"url":"https:\/\/diplomashops.com\/wp-content\/uploads\/2026\/03\/buy-diploma-degree-certificate-online.webp","type":"image\/webp"}],"twitter_card":"summary_large_image","twitter_misc":{"Szacowany czas czytania":"5 minut"},"schema":{"@context":"https:\/\/schema.org","@graph":[{"@type":"WebPage","@id":"https:\/\/diplomashops.com\/faq\/","url":"https:\/\/diplomashops.com\/faq\/","name":"FAQ - DiplomaShops.com - Kup dyplom online | Szybka i bezpieczna us\u0142uga","isPartOf":{"@id":"https:\/\/diplomashops.com\/#website"},"primaryImageOfPage":{"@id":"https:\/\/diplomashops.com\/faq\/#primaryimage"},"image":{"@id":"https:\/\/diplomashops.com\/faq\/#primaryimage"},"thumbnailUrl":"https:\/\/diplomashops.com\/wp-content\/uploads\/2026\/03\/buy-diploma-degree-certificate-online.webp","datePublished":"2026-03-14T15:37:23+00:00","dateModified":"2026-03-14T16:07:08+00:00","description":"Najcz\u0119\u015bciej zadawane pytania dotycz\u0105ce kupowania dyplom\u00f3w online. Dowiedz si\u0119 wi\u0119cej o zamawianiu, wysy\u0142ce, autentyczno\u015bci i kwestiach prawnych. Szybko uzyskaj odpowiedzi!","breadcrumb":{"@id":"https:\/\/diplomashops.com\/faq\/#breadcrumb"},"inLanguage":"pl-PL","potentialAction":[{"@type":"ReadAction","target":["https:\/\/diplomashops.com\/faq\/"]}]},{"@type":"ImageObject","inLanguage":"pl-PL","@id":"https:\/\/diplomashops.com\/faq\/#primaryimage","url":"https:\/\/diplomashops.com\/wp-content\/uploads\/2026\/03\/buy-diploma-degree-certificate-online.webp","contentUrl":"https:\/\/diplomashops.com\/wp-content\/uploads\/2026\/03\/buy-diploma-degree-certificate-online.webp"},{"@type":"BreadcrumbList","@id":"https:\/\/diplomashops.com\/faq\/#breadcrumb","itemListElement":[{"@type":"ListItem","position":1,"name":"Home","item":"https:\/\/diplomashops.com\/"},{"@type":"ListItem","position":2,"name":"FAQ"}]},{"@type":"WebSite","@id":"https:\/\/diplomashops.com\/#website","url":"https:\/\/diplomashops.com\/","name":"DiplomaShops.com - Kup dyplom online | Szybka i bezpieczna us\u0142uga","description":"Kup dyplom online z dostaw\u0105 na ca\u0142y \u015bwiat - zam\u00f3w certyfikat ju\u017c dzi\u015b","potentialAction":[{"@type":"SearchAction","target":{"@type":"EntryPoint","urlTemplate":"https:\/\/diplomashops.com\/?s={search_term_string}"},"query-input":{"@type":"PropertyValueSpecification","valueRequired":true,"valueName":"search_term_string"}}],"inLanguage":"pl-PL"}]}},"_links":{"self":[{"href":"https:\/\/diplomashops.com\/pl\/wp-json\/wp\/v2\/pages\/27","targetHints":{"allow":["GET"]}}],"collection":[{"href":"https:\/\/diplomashops.com\/pl\/wp-json\/wp\/v2\/pages"}],"about":[{"href":"https:\/\/diplomashops.com\/pl\/wp-json\/wp\/v2\/types\/page"}],"author":[{"embeddable":true,"href":"https:\/\/diplomashops.com\/pl\/wp-json\/wp\/v2\/users\/1"}],"replies":[{"embeddable":true,"href":"https:\/\/diplomashops.com\/pl\/wp-json\/wp\/v2\/comments?post=27"}],"version-history":[{"count":5,"href":"https:\/\/diplomashops.com\/pl\/wp-json\/wp\/v2\/pages\/27\/revisions"}],"predecessor-version":[{"id":96,"href":"https:\/\/diplomashops.com\/pl\/wp-json\/wp\/v2\/pages\/27\/revisions\/96"}],"wp:attachment":[{"href":"https:\/\/diplomashops.com\/pl\/wp-json\/wp\/v2\/media?parent=27"}],"curies":[{"name":"wp","href":"https:\/\/api.w.org\/{rel}","templated":true}]}}