{"id":36,"date":"2026-03-14T15:41:58","date_gmt":"2026-03-14T15:41:58","guid":{"rendered":"https:\/\/diplomashops.com\/?page_id=36"},"modified":"2026-03-14T16:06:08","modified_gmt":"2026-03-14T16:06:08","slug":"o-nas","status":"publish","type":"page","link":"https:\/\/diplomashops.com\/pl\/about-us\/","title":{"rendered":"O nas"},"content":{"rendered":"<h2 class=\"wp-block-heading\">Tw\u00f3j zaufany dostawca us\u0142ug dyplomowych, www.DiplomaShops.com<\/h2>\n\n\n\n<p>Witamy w DiplomaShops.com, niezawodnym partnerze w zakresie profesjonalnych us\u0142ug zwi\u0105zanych z dyplomami od 2018 roku. Specjalizujemy si\u0119 w tworzeniu wysokiej jako\u015bci, autentycznie wygl\u0105daj\u0105cych dyplom\u00f3w dla os\u00f3b na ca\u0142ym \u015bwiecie, kt\u00f3re potrzebuj\u0105 dokument\u00f3w zast\u0119pczych, narz\u0119dzi do rozwoju kariery lub osobistych materia\u0142\u00f3w referencyjnych. Nasz\u0105 misj\u0105 jest dostarczanie szybkich, bezpiecznych i dyskretnych us\u0142ug, kt\u00f3re za ka\u017cdym razem przekraczaj\u0105 oczekiwania klient\u00f3w.<\/p>\n\n\n\n<figure class=\"wp-block-image size-full\"><img loading=\"lazy\" decoding=\"async\" width=\"300\" height=\"211\" src=\"https:\/\/diplomashops.com\/wp-content\/uploads\/2026\/03\/buy-diploma.webp\" alt=\"kupi\u0107 dyplom\" class=\"wp-image-88\" srcset=\"https:\/\/diplomashops.com\/wp-content\/uploads\/2026\/03\/buy-diploma.webp 300w, https:\/\/diplomashops.com\/wp-content\/uploads\/2026\/03\/buy-diploma-18x12.webp 18w\" sizes=\"auto, (max-width: 300px) 100vw, 300px\" \/><\/figure>\n\n\n\n<h3 class=\"wp-block-heading\">Nasza historia i misja<\/h3>\n\n\n\n<h4 class=\"wp-block-heading\">Oparty na jako\u015bci i zaufaniu<\/h4>\n\n\n\n<p>DiplomaShops.com zosta\u0142a za\u0142o\u017cona w 2018 roku przez zesp\u00f3\u0142 profesjonalist\u00f3w zajmuj\u0105cych si\u0119 projektowaniem dokument\u00f3w, kt\u00f3rzy dostrzegli rosn\u0105ce zapotrzebowanie na legalne us\u0142ugi wymiany dyplom\u00f3w. To, co zacz\u0119\u0142o si\u0119 jako ma\u0142a operacja, przekszta\u0142ci\u0142o si\u0119 w zaufan\u0105 mi\u0119dzynarodow\u0105 us\u0142ug\u0119 wspieraj\u0105c\u0105 klient\u00f3w w ca\u0142ej Europie, Ameryce P\u00f3\u0142nocnej i poza ni\u0105.<\/p>\n\n\n\n<h4 class=\"wp-block-heading\">Zobowi\u0105zanie do doskona\u0142o\u015bci<\/h4>\n\n\n\n<p>Wierzymy, \u017ce ka\u017cdy zas\u0142uguje na dost\u0119p do wysokiej jako\u015bci dokumentacji, gdy jej najbardziej potrzebuje. Niezale\u017cnie od tego, czy zgubi\u0142e\u015b oryginalny dyplom, potrzebujesz zamiennika do cel\u00f3w administracyjnych, czy chcesz wzbogaci\u0107 swoje profesjonalne portfolio, jeste\u015bmy tutaj, aby pom\u00f3c z godno\u015bci\u0105 i dyskrecj\u0105.<\/p>\n\n\n\n<h4 class=\"wp-block-heading\">Warto\u015bci, kt\u00f3re nas nap\u0119dzaj\u0105<\/h4>\n\n\n\n<ul class=\"wp-block-list\">\n<li>Uczciwo\u015b\u0107: Uczciwa, przejrzysta obs\u0142uga z jasn\u0105 komunikacj\u0105.<\/li>\n\n\n\n<li>Jako\u015b\u0107: Najwy\u017cszej jako\u015bci materia\u0142y i profesjonalne standardy projektowania<\/li>\n\n\n\n<li>Szybko\u015b\u0107: Szybkie przetwarzanie i niezawodna dostawa na ca\u0142ym \u015bwiecie<\/li>\n\n\n\n<li>Prywatno\u015b\u0107: Pe\u0142na poufno\u015b\u0107 i bezpieczne przetwarzanie danych osobowych<\/li>\n\n\n\n<li>Wsparcie: Wieloj\u0119zyczna obs\u0142uga klienta dost\u0119pna 24\/7<\/li>\n<\/ul>\n\n\n\n<hr class=\"wp-block-separator has-alpha-channel-opacity\"\/>\n\n\n\n<h3 class=\"wp-block-heading\">Dlaczego warto wybra\u0107 DiplomaShops.com?<\/h3>\n\n\n\n<h4 class=\"wp-block-heading\">Zesp\u00f3\u0142 projektant\u00f3w ekspert\u00f3w<\/h4>\n\n\n\n<p>Nasi kreatywni specjali\u015bci maj\u0105 wieloletnie do\u015bwiadczenie w reprodukcji dokument\u00f3w i projektowaniu graficznym. Wsp\u00f3\u0142pracujemy wy\u0142\u0105cznie z certyfikowanymi projektantami, kt\u00f3rzy rozumiej\u0105 instytucjonalne wymagania dotycz\u0105ce formatowania i uwierzytelniania.<\/p>\n\n\n\n<h4 class=\"wp-block-heading\">Globalny zasi\u0119g, lokalne wsparcie<\/h4>\n\n\n\n<p>Maj\u0105c klient\u00f3w w ponad 20 krajach i personel pomocniczy pos\u0142uguj\u0105cy si\u0119 wieloma j\u0119zykami, pokonujemy r\u00f3\u017cnice kulturowe i geograficzne, aby lepiej s\u0142u\u017cy\u0107 klientom. Nasza mi\u0119dzynarodowa sie\u0107 wysy\u0142kowa zapewnia niezawodn\u0105 dostaw\u0119 w dowolne miejsce na \u015bwiecie.<\/p>\n\n\n\n<h4 class=\"wp-block-heading\">Najnowocze\u015bniejsza technologia<\/h4>\n\n\n\n<p>Korzystamy z najnowocze\u015bniejszego sprz\u0119tu drukarskiego i najwy\u017cszej jako\u015bci materia\u0142\u00f3w, kt\u00f3re odzwierciedlaj\u0105 oficjalne standardy instytucjonalne. Nasze procesy cyfrowe zapewniaj\u0105 dok\u0142adno\u015b\u0107 i sp\u00f3jno\u015b\u0107 ka\u017cdego produkowanego przez nas dyplomu.<\/p>\n\n\n\n<h4 class=\"wp-block-heading\">Uznanie bran\u017cy<\/h4>\n\n\n\n<p>Od momentu powstania pomogli\u015bmy tysi\u0105com zadowolonych klient\u00f3w uzyska\u0107 potrzebn\u0105 im dokumentacj\u0119. Nasze zaanga\u017cowanie w jako\u015b\u0107 i obs\u0142ug\u0119 klienta przynios\u0142o nam uznanie jako wiod\u0105cy dostawca w bran\u017cy us\u0142ug zwi\u0105zanych z dokumentami.<\/p>\n\n\n\n<hr class=\"wp-block-separator has-alpha-channel-opacity\"\/>\n\n\n\n<h3 class=\"wp-block-heading\">Wyja\u015bnienie naszych us\u0142ug<\/h3>\n\n\n\n<h4 class=\"wp-block-heading\">Reprodukcja dyplom\u00f3w akademickich<\/h4>\n\n\n\n<p>Od dyplom\u00f3w uko\u0144czenia szko\u0142y \u015bredniej po dyplomy uniwersyteckie, tworzymy dok\u0142adne reprodukcje oparte na rzeczywistych szablonach uznanych instytucji. Idealne do zast\u0105pienia utraconych orygina\u0142\u00f3w lub spe\u0142nienia wymog\u00f3w administracyjnych.<\/p>\n\n\n\n<h4 class=\"wp-block-heading\">Kopie certyfikat\u00f3w zawodowych<\/h4>\n\n\n\n<p>Potrzebujesz dowodu profesjonalnego szkolenia lub certyfikacji? Oferujemy po\u015bwiadczenia dla r\u00f3\u017cnych bran\u017c, w tym IT, opieki zdrowotnej, finans\u00f3w, in\u017cynierii i innych - wszystkie zaprojektowane zgodnie ze standardami bran\u017cowymi.<\/p>\n\n\n\n<h4 class=\"wp-block-heading\">Niestandardowy projekt dyplomu<\/h4>\n\n\n\n<p>Nasza specjalistyczna us\u0142uga umo\u017cliwia pe\u0142n\u0105 personalizacj\u0119, w tym niestandardowe logo, piecz\u0119cie instytucjonalne, podpisy i formatowanie. Idealne rozwi\u0105zanie dla firm, organizacji lub wyj\u0105tkowych wymaga\u0144 osobistych.<\/p>\n\n\n\n<h4 class=\"wp-block-heading\">Awaryjna us\u0142uga wymiany<\/h4>\n\n\n\n<p>Zgubi\u0142e\u015b dyplom przed rozmow\u0105 kwalifikacyjn\u0105 lub wa\u017cnym spotkaniem? Nasza us\u0142uga ekspresowa zapewnia dostaw\u0119 w ci\u0105gu 24-48 godzin w pilnych sytuacjach, w kt\u00f3rych czas ma kluczowe znaczenie.<\/p>\n\n\n\n<hr class=\"wp-block-separator has-alpha-channel-opacity\"\/>\n\n\n\n<h3 class=\"wp-block-heading\">Poznaj nasz zesp\u00f3\u0142<\/h3>\n\n\n\n<h4 class=\"wp-block-heading\">Specjali\u015bci ds. obs\u0142ugi klienta<\/h4>\n\n\n\n<p>Nasz wieloj\u0119zyczny zesp\u00f3\u0142 wsparcia obs\u0142uguje zapytania w ponad 20 j\u0119zykach, zapewniaj\u0105c jasn\u0105 komunikacj\u0119 niezale\u017cnie od lokalizacji lub j\u0119zyka ojczystego. Dost\u0119pny 24\/7 w celu uzyskania natychmiastowej pomocy.<\/p>\n\n\n\n<h4 class=\"wp-block-heading\">Eksperci w dziedzinie projektowania i produkcji<\/h4>\n\n\n\n<p>Certyfikowani projektanci dokument\u00f3w i specjali\u015bci ds. druku wsp\u00f3\u0142pracuj\u0105 ze sob\u0105, aby tworzy\u0107 dyplomy spe\u0142niaj\u0105ce najwy\u017csze standardy jako\u015bci. Ka\u017cdy szczeg\u00f3\u0142 jest starannie dopracowany pod k\u0105tem autentyczno\u015bci i profesjonalizmu.<\/p>\n\n\n\n<h4 class=\"wp-block-heading\">Koordynatorzy ds. logistyki i wysy\u0142ki<\/h4>\n\n\n\n<p>Nasz zesp\u00f3\u0142 logistyczny zarz\u0105dza operacjami wysy\u0142kowymi na ca\u0142ym \u015bwiecie, zapewniaj\u0105c terminow\u0105 dostaw\u0119 i w\u0142a\u015bciw\u0105 obs\u0142ug\u0119 wszystkich paczek. Wsp\u00f3\u0142pracuje on z zaufanymi przewo\u017anikami w ka\u017cdym obs\u0142ugiwanym przez nas regionie.<\/p>\n\n\n\n<h4 class=\"wp-block-heading\">Mened\u017cerowie ds. zapewnienia jako\u015bci<\/h4>\n\n\n\n<p>Zanim jakikolwiek dyplom zostanie wys\u0142any, przechodzi rygorystyczne kontrole jako\u015bci w celu zapewnienia dok\u0142adno\u015bci, wygl\u0105du i zgodno\u015bci ze specyfikacjami klienta. Nasz proces kontroli jako\u015bci gwarantuje satysfakcj\u0119 za ka\u017cdym razem.<\/p>\n\n\n\n<hr class=\"wp-block-separator has-alpha-channel-opacity\"\/>\n\n\n\n<h3 class=\"wp-block-heading\">Nasze zobowi\u0105zanie wobec Ciebie<\/h3>\n\n\n\n<h4 class=\"wp-block-heading\">Gwarancja satysfakcji 100%<\/h4>\n\n\n\n<p>Stoimy za ka\u017cdym stworzonym przez nas dyplomem. Je\u015bli nie b\u0119dziesz w pe\u0142ni zadowolony z jako\u015bci lub dok\u0142adno\u015bci, przerobimy go bezp\u0142atnie lub dokonamy pe\u0142nego zwrotu pieni\u0119dzy.<\/p>\n\n\n\n<h4 class=\"wp-block-heading\">Obietnica ochrony prywatno\u015bci<\/h4>\n\n\n\n<p>Dane osobowe i szczeg\u00f3\u0142y zam\u00f3wienia nigdy nie s\u0105 udost\u0119pniane stronom trzecim. Ca\u0142a komunikacja i transakcje s\u0105 obs\u0142ugiwane z zachowaniem najwy\u017cszej poufno\u015bci.<\/p>\n\n\n\n<h4 class=\"wp-block-heading\">Szybki czas reakcji<\/h4>\n\n\n\n<p>Gwarantujemy odpowiedzi na zapytania klient\u00f3w w ci\u0105gu godziny w godzinach pracy. Nasz zesp\u00f3\u0142 wsparcia jest zawsze gotowy do pomocy w przypadku jakichkolwiek pyta\u0144 lub w\u0105tpliwo\u015bci.<\/p>\n\n\n\n<h4 class=\"wp-block-heading\">Ci\u0105g\u0142e doskonalenie<\/h4>\n\n\n\n<p>Regularnie aktualizujemy nasze procesy, materia\u0142y i us\u0142ugi w oparciu o opinie klient\u00f3w i rozw\u00f3j bran\u017cy. Tw\u00f3j sukces nap\u0119dza nasze innowacje.<\/p>\n\n\n\n<hr class=\"wp-block-separator has-alpha-channel-opacity\"\/>\n\n\n\n<h3 class=\"wp-block-heading\">Kamienie milowe firmy<\/h3>\n\n\n\n<h4 class=\"wp-block-heading\">2018: Fundacja Firma<\/h4>\n\n\n\n<p>Rozpocz\u0119cie dzia\u0142alno\u015bci z naciskiem na us\u0142ugi dyplomowe na rynku europejskim<\/p>\n\n\n\n<h4 class=\"wp-block-heading\">2019: Ekspansja mi\u0119dzynarodowa<\/h4>\n\n\n\n<p>Rozszerzenie us\u0142ug na Ameryk\u0119 P\u00f3\u0142nocn\u0105 i dodanie obs\u0142ugi wieloj\u0119zycznej.<\/p>\n\n\n\n<h4 class=\"wp-block-heading\">2020: Transformacja cyfrowa<\/h4>\n\n\n\n<p>Uruchomiona platforma zam\u00f3wie\u0144 online i opcje dyplom\u00f3w cyfrowych<\/p>\n\n\n\n<h4 class=\"wp-block-heading\">2021: Linia us\u0142ug Premium<\/h4>\n\n\n\n<p>Wprowadzono luksusowe opcje papieru i niestandardowe us\u0142ugi projektowe<\/p>\n\n\n\n<h4 class=\"wp-block-heading\">2022: Globalna sie\u0107 wysy\u0142kowa<\/h4>\n\n\n\n<p>Nawi\u0105zanie wsp\u00f3\u0142pracy z mi\u0119dzynarodowymi przewo\u017anikami w celu szybszej dostawy<\/p>\n\n\n\n<h4 class=\"wp-block-heading\">2023: Wzmocnione \u015brodki bezpiecze\u0144stwa<\/h4>\n\n\n\n<p>Wdro\u017cone zaawansowane protoko\u0142y szyfrowania i ochrony prywatno\u015bci<\/p>\n\n\n\n<h4 class=\"wp-block-heading\">2024: Rozw\u00f3j aplikacji mobilnych<\/h4>\n\n\n\n<p>Praca nad dedykowan\u0105 aplikacj\u0105 mobiln\u0105 u\u0142atwiaj\u0105c\u0105 sk\u0142adanie zam\u00f3wie\u0144<\/p>\n\n\n\n<hr class=\"wp-block-separator has-alpha-channel-opacity\"\/>\n\n\n\n<h3 class=\"wp-block-heading\">Patrz\u0105c w przysz\u0142o\u015b\u0107<\/h3>\n\n\n\n<p>W miar\u0119 naszego rozwoju, nasze zaanga\u017cowanie pozostaje niezmienne: dostarczanie wyj\u0105tkowych us\u0142ug dyplomowych z uczciwo\u015bci\u0105, jako\u015bci\u0105 i satysfakcj\u0105 klienta na czele. Nieustannie wprowadzamy innowacje, aby lepiej s\u0142u\u017cy\u0107 naszej globalnej spo\u0142eczno\u015bci i dostosowywa\u0107 si\u0119 do zmieniaj\u0105cych si\u0119 potrzeb klient\u00f3w.<\/p>\n\n\n\n<p>Do\u0142\u0105cz do tysi\u0119cy zadowolonych klient\u00f3w, kt\u00f3rzy zaufali DiplomaShops.com w zakresie wymaga\u0144 dotycz\u0105cych dyplom\u00f3w. Poczuj r\u00f3\u017cnic\u0119, jak\u0105 daje profesjonalna obs\u0142uga.<\/p>\n\n\n\n<hr class=\"wp-block-separator has-alpha-channel-opacity\"\/>\n\n\n\n<h3 class=\"wp-block-heading\">Skontaktuj si\u0119 z nami<\/h3>\n\n\n\n<p>Chcesz dowiedzie\u0107 si\u0119 wi\u0119cej o naszych us\u0142ugach lub om\u00f3wi\u0107 swoje konkretne potrzeby zwi\u0105zane z dyplomami? Nasz zesp\u00f3\u0142 jest gotowy do pomocy.<\/p>\n\n\n\n<p>E-mail:&nbsp;<a href=\"mailto:DiplomaShops247@gmail.com\" target=\"_blank\" rel=\"noreferrer noopener\">DiplomaShops247@gmail.com<\/a><br>Strona internetowa:&nbsp;<a href=\"https:\/\/diplomashops.com\/pl\/\" target=\"_blank\" rel=\"noreferrer noopener\">www.diplomashops.com<\/a><\/p>\n\n\n\n<figure class=\"wp-block-image size-full\"><img loading=\"lazy\" decoding=\"async\" width=\"300\" height=\"212\" src=\"https:\/\/diplomashops.com\/wp-content\/uploads\/2026\/03\/Buy-a-university-master-bachelor-diploma-online.webp\" alt=\"Kup dyplom uniwersytecki magistra licencjata online\" class=\"wp-image-86\" srcset=\"https:\/\/diplomashops.com\/wp-content\/uploads\/2026\/03\/Buy-a-university-master-bachelor-diploma-online.webp 300w, https:\/\/diplomashops.com\/wp-content\/uploads\/2026\/03\/Buy-a-university-master-bachelor-diploma-online-18x12.webp 18w\" sizes=\"auto, (max-width: 300px) 100vw, 300px\" \/><\/figure>","protected":false},"excerpt":{"rendered":"<p>Your Trusted Diploma Service Provider, www.DiplomaShops.com Welcome to DiplomaShops.com, your reliable partner for professional diploma services since 2018. We specialize [&hellip;]<\/p>\n","protected":false},"author":1,"featured_media":0,"parent":0,"menu_order":0,"comment_status":"closed","ping_status":"closed","template":"","meta":{"site-sidebar-layout":"default","site-content-layout":"","ast-site-content-layout":"default","site-content-style":"default","site-sidebar-style":"default","ast-global-header-display":"","ast-banner-title-visibility":"","ast-main-header-display":"","ast-hfb-above-header-display":"","ast-hfb-below-header-display":"","ast-hfb-mobile-header-display":"","site-post-title":"","ast-breadcrumbs-content":"","ast-featured-img":"","footer-sml-layout":"","ast-disable-related-posts":"","theme-transparent-header-meta":"","adv-header-id-meta":"","stick-header-meta":"","header-above-stick-meta":"","header-main-stick-meta":"","header-below-stick-meta":"","astra-migrate-meta-layouts":"default","ast-page-background-enabled":"default","ast-page-background-meta":{"desktop":{"background-color":"var(--ast-global-color-5)","background-image":"","background-repeat":"repeat","background-position":"center center","background-size":"auto","background-attachment":"scroll","background-type":"","background-media":"","overlay-type":"","overlay-color":"","overlay-opacity":"","overlay-gradient":""},"tablet":{"background-color":"","background-image":"","background-repeat":"repeat","background-position":"center center","background-size":"auto","background-attachment":"scroll","background-type":"","background-media":"","overlay-type":"","overlay-color":"","overlay-opacity":"","overlay-gradient":""},"mobile":{"background-color":"","background-image":"","background-repeat":"repeat","background-position":"center center","background-size":"auto","background-attachment":"scroll","background-type":"","background-media":"","overlay-type":"","overlay-color":"","overlay-opacity":"","overlay-gradient":""}},"ast-content-background-meta":{"desktop":{"background-color":"var(--ast-global-color-4)","background-image":"","background-repeat":"repeat","background-position":"center center","background-size":"auto","background-attachment":"scroll","background-type":"","background-media":"","overlay-type":"","overlay-color":"","overlay-opacity":"","overlay-gradient":""},"tablet":{"background-color":"var(--ast-global-color-4)","background-image":"","background-repeat":"repeat","background-position":"center center","background-size":"auto","background-attachment":"scroll","background-type":"","background-media":"","overlay-type":"","overlay-color":"","overlay-opacity":"","overlay-gradient":""},"mobile":{"background-color":"var(--ast-global-color-4)","background-image":"","background-repeat":"repeat","background-position":"center center","background-size":"auto","background-attachment":"scroll","background-type":"","background-media":"","overlay-type":"","overlay-color":"","overlay-opacity":"","overlay-gradient":""}},"footnotes":""},"class_list":["post-36","page","type-page","status-publish","hentry"],"yoast_head":"<!-- This site is optimized with the Yoast SEO plugin v27.5 - https:\/\/yoast.com\/product\/yoast-seo-wordpress\/ -->\n<title>About us - DiplomaShops.com - Buy Diploma Online | Fast &amp; Secure Service<\/title>\n<meta name=\"description\" content=\"Learn about DiplomaShops.com - trusted diploma service since 2018. Quality, privacy, and fast delivery worldwide. Meet our team today!\" \/>\n<meta name=\"robots\" content=\"index, follow, max-snippet:-1, max-image-preview:large, max-video-preview:-1\" \/>\n<link rel=\"canonical\" href=\"https:\/\/diplomashops.com\/pl\/o-nas\/\" \/>\n<meta property=\"og:locale\" content=\"pl_PL\" \/>\n<meta property=\"og:type\" content=\"article\" \/>\n<meta property=\"og:title\" content=\"About us - DiplomaShops.com - Buy Diploma Online | Fast &amp; Secure Service\" \/>\n<meta property=\"og:description\" content=\"Learn about DiplomaShops.com - trusted diploma service since 2018. Quality, privacy, and fast delivery worldwide. Meet our team today!\" \/>\n<meta property=\"og:url\" content=\"https:\/\/diplomashops.com\/pl\/o-nas\/\" \/>\n<meta property=\"og:site_name\" content=\"DiplomaShops.com - Buy Diploma Online | Fast &amp; Secure Service\" \/>\n<meta property=\"article:modified_time\" content=\"2026-03-14T16:06:08+00:00\" \/>\n<meta property=\"og:image\" content=\"https:\/\/diplomashops.com\/wp-content\/uploads\/2026\/03\/buy-diploma.webp\" \/>\n\t<meta property=\"og:image:width\" content=\"300\" \/>\n\t<meta property=\"og:image:height\" content=\"211\" \/>\n\t<meta property=\"og:image:type\" content=\"image\/webp\" \/>\n<meta name=\"twitter:card\" content=\"summary_large_image\" \/>\n<meta name=\"twitter:label1\" content=\"Szacowany czas czytania\" \/>\n\t<meta name=\"twitter:data1\" content=\"5 minut\" \/>\n<script type=\"application\/ld+json\" class=\"yoast-schema-graph\">{\"@context\":\"https:\\\/\\\/schema.org\",\"@graph\":[{\"@type\":\"WebPage\",\"@id\":\"https:\\\/\\\/diplomashops.com\\\/about-us\\\/\",\"url\":\"https:\\\/\\\/diplomashops.com\\\/about-us\\\/\",\"name\":\"About us - DiplomaShops.com - Buy Diploma Online | Fast &amp; Secure Service\",\"isPartOf\":{\"@id\":\"https:\\\/\\\/diplomashops.com\\\/#website\"},\"primaryImageOfPage\":{\"@id\":\"https:\\\/\\\/diplomashops.com\\\/about-us\\\/#primaryimage\"},\"image\":{\"@id\":\"https:\\\/\\\/diplomashops.com\\\/about-us\\\/#primaryimage\"},\"thumbnailUrl\":\"https:\\\/\\\/diplomashops.com\\\/wp-content\\\/uploads\\\/2026\\\/03\\\/buy-diploma.webp\",\"datePublished\":\"2026-03-14T15:41:58+00:00\",\"dateModified\":\"2026-03-14T16:06:08+00:00\",\"description\":\"Learn about DiplomaShops.com - trusted diploma service since 2018. Quality, privacy, and fast delivery worldwide. Meet our team today!\",\"breadcrumb\":{\"@id\":\"https:\\\/\\\/diplomashops.com\\\/about-us\\\/#breadcrumb\"},\"inLanguage\":\"pl-PL\",\"potentialAction\":[{\"@type\":\"ReadAction\",\"target\":[\"https:\\\/\\\/diplomashops.com\\\/about-us\\\/\"]}]},{\"@type\":\"ImageObject\",\"inLanguage\":\"pl-PL\",\"@id\":\"https:\\\/\\\/diplomashops.com\\\/about-us\\\/#primaryimage\",\"url\":\"https:\\\/\\\/diplomashops.com\\\/wp-content\\\/uploads\\\/2026\\\/03\\\/buy-diploma.webp\",\"contentUrl\":\"https:\\\/\\\/diplomashops.com\\\/wp-content\\\/uploads\\\/2026\\\/03\\\/buy-diploma.webp\"},{\"@type\":\"BreadcrumbList\",\"@id\":\"https:\\\/\\\/diplomashops.com\\\/about-us\\\/#breadcrumb\",\"itemListElement\":[{\"@type\":\"ListItem\",\"position\":1,\"name\":\"Home\",\"item\":\"https:\\\/\\\/diplomashops.com\\\/\"},{\"@type\":\"ListItem\",\"position\":2,\"name\":\"About us\"}]},{\"@type\":\"WebSite\",\"@id\":\"https:\\\/\\\/diplomashops.com\\\/#website\",\"url\":\"https:\\\/\\\/diplomashops.com\\\/\",\"name\":\"DiplomaShops.com - Buy Diploma Online | Fast &amp; Secure Service\",\"description\":\"Buy a Diploma online Delivered Worldwide - Order Your Certificate Today\",\"potentialAction\":[{\"@type\":\"SearchAction\",\"target\":{\"@type\":\"EntryPoint\",\"urlTemplate\":\"https:\\\/\\\/diplomashops.com\\\/?s={search_term_string}\"},\"query-input\":{\"@type\":\"PropertyValueSpecification\",\"valueRequired\":true,\"valueName\":\"search_term_string\"}}],\"inLanguage\":\"pl-PL\"}]}<\/script>\n<!-- \/ Yoast SEO plugin. -->","yoast_head_json":{"title":"O nas - DiplomaShops.com - Kup dyplom online | Szybka i bezpieczna us\u0142uga","description":"Dowiedz si\u0119 wi\u0119cej o DiplomaShops.com - zaufanym serwisie dyplom\u00f3w od 2018 roku. Jako\u015b\u0107, prywatno\u015b\u0107 i szybka dostawa na ca\u0142ym \u015bwiecie. Poznaj nasz zesp\u00f3\u0142 ju\u017c dzi\u015b!","robots":{"index":"index","follow":"follow","max-snippet":"max-snippet:-1","max-image-preview":"max-image-preview:large","max-video-preview":"max-video-preview:-1"},"canonical":"https:\/\/diplomashops.com\/pl\/o-nas\/","og_locale":"pl_PL","og_type":"article","og_title":"About us - DiplomaShops.com - Buy Diploma Online | Fast &amp; Secure Service","og_description":"Learn about DiplomaShops.com - trusted diploma service since 2018. Quality, privacy, and fast delivery worldwide. Meet our team today!","og_url":"https:\/\/diplomashops.com\/pl\/o-nas\/","og_site_name":"DiplomaShops.com - Buy Diploma Online | Fast &amp; Secure Service","article_modified_time":"2026-03-14T16:06:08+00:00","og_image":[{"width":300,"height":211,"url":"https:\/\/diplomashops.com\/wp-content\/uploads\/2026\/03\/buy-diploma.webp","type":"image\/webp"}],"twitter_card":"summary_large_image","twitter_misc":{"Szacowany czas czytania":"5 minut"},"schema":{"@context":"https:\/\/schema.org","@graph":[{"@type":"WebPage","@id":"https:\/\/diplomashops.com\/about-us\/","url":"https:\/\/diplomashops.com\/about-us\/","name":"O nas - DiplomaShops.com - Kup dyplom online | Szybka i bezpieczna us\u0142uga","isPartOf":{"@id":"https:\/\/diplomashops.com\/#website"},"primaryImageOfPage":{"@id":"https:\/\/diplomashops.com\/about-us\/#primaryimage"},"image":{"@id":"https:\/\/diplomashops.com\/about-us\/#primaryimage"},"thumbnailUrl":"https:\/\/diplomashops.com\/wp-content\/uploads\/2026\/03\/buy-diploma.webp","datePublished":"2026-03-14T15:41:58+00:00","dateModified":"2026-03-14T16:06:08+00:00","description":"Dowiedz si\u0119 wi\u0119cej o DiplomaShops.com - zaufanym serwisie dyplom\u00f3w od 2018 roku. Jako\u015b\u0107, prywatno\u015b\u0107 i szybka dostawa na ca\u0142ym \u015bwiecie. Poznaj nasz zesp\u00f3\u0142 ju\u017c dzi\u015b!","breadcrumb":{"@id":"https:\/\/diplomashops.com\/about-us\/#breadcrumb"},"inLanguage":"pl-PL","potentialAction":[{"@type":"ReadAction","target":["https:\/\/diplomashops.com\/about-us\/"]}]},{"@type":"ImageObject","inLanguage":"pl-PL","@id":"https:\/\/diplomashops.com\/about-us\/#primaryimage","url":"https:\/\/diplomashops.com\/wp-content\/uploads\/2026\/03\/buy-diploma.webp","contentUrl":"https:\/\/diplomashops.com\/wp-content\/uploads\/2026\/03\/buy-diploma.webp"},{"@type":"BreadcrumbList","@id":"https:\/\/diplomashops.com\/about-us\/#breadcrumb","itemListElement":[{"@type":"ListItem","position":1,"name":"Home","item":"https:\/\/diplomashops.com\/"},{"@type":"ListItem","position":2,"name":"About us"}]},{"@type":"WebSite","@id":"https:\/\/diplomashops.com\/#website","url":"https:\/\/diplomashops.com\/","name":"DiplomaShops.com - Kup dyplom online | Szybka i bezpieczna us\u0142uga","description":"Kup dyplom online z dostaw\u0105 na ca\u0142y \u015bwiat - zam\u00f3w certyfikat ju\u017c dzi\u015b","potentialAction":[{"@type":"SearchAction","target":{"@type":"EntryPoint","urlTemplate":"https:\/\/diplomashops.com\/?s={search_term_string}"},"query-input":{"@type":"PropertyValueSpecification","valueRequired":true,"valueName":"search_term_string"}}],"inLanguage":"pl-PL"}]}},"_links":{"self":[{"href":"https:\/\/diplomashops.com\/pl\/wp-json\/wp\/v2\/pages\/36","targetHints":{"allow":["GET"]}}],"collection":[{"href":"https:\/\/diplomashops.com\/pl\/wp-json\/wp\/v2\/pages"}],"about":[{"href":"https:\/\/diplomashops.com\/pl\/wp-json\/wp\/v2\/types\/page"}],"author":[{"embeddable":true,"href":"https:\/\/diplomashops.com\/pl\/wp-json\/wp\/v2\/users\/1"}],"replies":[{"embeddable":true,"href":"https:\/\/diplomashops.com\/pl\/wp-json\/wp\/v2\/comments?post=36"}],"version-history":[{"count":3,"href":"https:\/\/diplomashops.com\/pl\/wp-json\/wp\/v2\/pages\/36\/revisions"}],"predecessor-version":[{"id":94,"href":"https:\/\/diplomashops.com\/pl\/wp-json\/wp\/v2\/pages\/36\/revisions\/94"}],"wp:attachment":[{"href":"https:\/\/diplomashops.com\/pl\/wp-json\/wp\/v2\/media?parent=36"}],"curies":[{"name":"wp","href":"https:\/\/api.w.org\/{rel}","templated":true}]}}