{"id":6,"date":"2026-03-12T21:48:39","date_gmt":"2026-03-12T21:48:39","guid":{"rendered":"https:\/\/diplomashops.com\/?page_id=6"},"modified":"2026-03-14T16:05:39","modified_gmt":"2026-03-14T16:05:39","slug":"buy-diploma","status":"publish","type":"page","link":"https:\/\/diplomashops.com\/pl\/","title":{"rendered":"Kup dyplom"},"content":{"rendered":"<h2 class=\"wp-block-heading\">Szukasz wi\u0119cej informacji na temat dyplomu, stopnia naukowego lub certyfikatu?<\/h2>\n\n\n\n<p>Chcesz szybko i bezpiecznie kupi\u0107 dyplom online? Niezale\u017cnie od tego, czy potrzebujesz dyplomu uko\u0144czenia szko\u0142y \u015bredniej, dyplomu uniwersyteckiego czy certyfikatu zawodowego, DiplomaShops.com oferuje legalne us\u0142ugi zwi\u0105zane z dyplomami z dostaw\u0105 na ca\u0142y \u015bwiat. Uzyskaj szybko sw\u00f3j autentycznie wygl\u0105daj\u0105cy dyplom - idealny do poda\u0144 o prac\u0119, imigracji lub akt osobowych. Nasza dyskretna us\u0142uga zapewnia prywatno\u015b\u0107 i jako\u015b\u0107, kt\u00f3rej mo\u017cna zaufa\u0107.<\/p>\n\n\n\n<figure class=\"wp-block-image size-full\"><img loading=\"lazy\" decoding=\"async\" width=\"300\" height=\"211\" src=\"https:\/\/diplomashops.com\/wp-content\/uploads\/2026\/03\/buy-diploma.webp\" alt=\"kupi\u0107 dyplom\" class=\"wp-image-88\" srcset=\"https:\/\/diplomashops.com\/wp-content\/uploads\/2026\/03\/buy-diploma.webp 300w, https:\/\/diplomashops.com\/wp-content\/uploads\/2026\/03\/buy-diploma-18x12.webp 18w\" sizes=\"auto, (max-width: 300px) 100vw, 300px\" \/><\/figure>\n\n\n\n<h3 class=\"wp-block-heading\">Dlaczego warto wybra\u0107 nasze us\u0142ugi dyplomowe?<\/h3>\n\n\n\n<h4 class=\"wp-block-heading\">Dyplomy o autentycznym wygl\u0105dzie<\/h4>\n\n\n\n<p>Kupuj\u0105c u nas dyplom uniwersytecki lub dowolny certyfikat akademicki, otrzymujesz wysokiej jako\u015bci reprodukcj\u0119, kt\u00f3ra odzwierciedla oficjalne dokumenty. Nasi do\u015bwiadczeni projektanci korzystaj\u0105 z najwy\u017cszej jako\u015bci materia\u0142\u00f3w i dok\u0142adnego formatowania, aby tworzy\u0107 po\u015bwiadczenia spe\u0142niaj\u0105ce profesjonalne standardy.<\/p>\n\n\n\n<h4 class=\"wp-block-heading\">Szybkie przetwarzanie i wysy\u0142ka na ca\u0142y \u015bwiat<\/h4>\n\n\n\n<p>Pilnie potrzebujesz dyplomu? Oferujemy przyspieszon\u0105 realizacj\u0119 wi\u0119kszo\u015bci zam\u00f3wie\u0144 w ci\u0105gu 24-48 godzin. Nasza globalna sie\u0107 wysy\u0142kowa dostarcza do ponad 20 kraj\u00f3w, w tym do USA, Wielkiej Brytanii, Kanady, Niemiec, Holandii, Francji, Australii i innych - z mo\u017cliwo\u015bci\u0105 \u015bledzenia przesy\u0142ki dla Twojego spokoju ducha.<\/p>\n\n\n\n<h4 class=\"wp-block-heading\">Gwarancja pe\u0142nej prywatno\u015bci<\/h4>\n\n\n\n<p>Wszystkie dokumenty s\u0105 wysy\u0142ane w zwyk\u0142ym, nieoznakowanym opakowaniu. Nigdy nie ujawniamy danych osobowych ani szczeg\u00f3\u0142\u00f3w zam\u00f3wienia stronom trzecim. Poufno\u015b\u0107 jest naszym najwy\u017cszym priorytetem, gdy decydujesz si\u0119 na zakup us\u0142ug dyplomowych online.<\/p>\n\n\n\n<h4 class=\"wp-block-heading\">Wieloj\u0119zyczna obs\u0142uga klienta<\/h4>\n\n\n\n<p>Nasz zesp\u00f3\u0142 m\u00f3wi w ponad 20 j\u0119zykach, co u\u0142atwia komunikacj\u0119 niezale\u017cnie od tego, czy jeste\u015b w Europie, Ameryce P\u00f3\u0142nocnej, czy gdziekolwiek indziej. Skontaktuj si\u0119 z nami w dowolnym momencie, aby uzyska\u0107 pomoc przy zam\u00f3wieniu dyplomu.<\/p>\n\n\n\n<figure class=\"wp-block-image size-full\"><img loading=\"lazy\" decoding=\"async\" width=\"300\" height=\"216\" src=\"https:\/\/diplomashops.com\/wp-content\/uploads\/2026\/03\/buy-diploma-degree-certificate-online.webp\" alt=\"kup dyplom uko\u0144czenia studi\u00f3w online\" class=\"wp-image-87\" srcset=\"https:\/\/diplomashops.com\/wp-content\/uploads\/2026\/03\/buy-diploma-degree-certificate-online.webp 300w, https:\/\/diplomashops.com\/wp-content\/uploads\/2026\/03\/buy-diploma-degree-certificate-online-18x12.webp 18w\" sizes=\"auto, (max-width: 300px) 100vw, 300px\" \/><\/figure>\n\n\n\n<hr class=\"wp-block-separator has-alpha-channel-opacity\"\/>\n\n\n\n<h3 class=\"wp-block-heading\">Popularne rodzaje oferowanych przez nas dyplom\u00f3w<\/h3>\n\n\n\n<h4 class=\"wp-block-heading\">Dyplomy uko\u0144czenia szko\u0142y \u015bredniej<\/h4>\n\n\n\n<p>Zgubi\u0142e\u015b oryginalny dyplom uko\u0144czenia szko\u0142y \u015bredniej? Potrzebujesz zamiennika do podania o prac\u0119? Tworzymy dok\u0142adne reprodukcje, kt\u00f3re odpowiadaj\u0105 oficjalnym formatom szk\u00f3\u0142 w USA, Wielkiej Brytanii, Kanadzie i Europie.<\/p>\n\n\n\n<h4 class=\"wp-block-heading\">Stopnie licencjackie i magisterskie<\/h4>\n\n\n\n<p>Kup dyplom licencjata lub certyfikat zaawansowanego stopnia naukowego bez obaw. Nasze dyplomy uniwersyteckie s\u0105 zaprojektowane tak, aby odzwierciedla\u0107 rzeczywiste po\u015bwiadczenia akademickie z uznanych instytucji na ca\u0142ym \u015bwiecie.<\/p>\n\n\n\n<h4 class=\"wp-block-heading\">Certyfikaty zawodowe<\/h4>\n\n\n\n<p>Od certyfikat\u00f3w IT po po\u015bwiadczenia w zakresie opieki zdrowotnej, zapewniamy profesjonalne dyplomy dla r\u00f3\u017cnych bran\u017c. Idealne do rozwoju kariery lub spe\u0142nienia wymog\u00f3w licencyjnych.<\/p>\n\n\n\n<h4 class=\"wp-block-heading\">Niestandardowy projekt dyplomu<\/h4>\n\n\n\n<p>Potrzebujesz czego\u015b konkretnego? Nasza niestandardowa us\u0142uga projektowania pozwala na stworzenie unikalnych dyplom\u00f3w dostosowanych do konkretnych wymaga\u0144 - idealnych dla firm, organizacji lub na specjalne okazje.<\/p>\n\n\n\n<figure class=\"wp-block-image size-full\"><img loading=\"lazy\" decoding=\"async\" width=\"300\" height=\"212\" src=\"https:\/\/diplomashops.com\/wp-content\/uploads\/2026\/03\/Buy-a-university-master-bachelor-diploma-online.webp\" alt=\"Kup dyplom uniwersytecki magistra licencjata online\" class=\"wp-image-86\" srcset=\"https:\/\/diplomashops.com\/wp-content\/uploads\/2026\/03\/Buy-a-university-master-bachelor-diploma-online.webp 300w, https:\/\/diplomashops.com\/wp-content\/uploads\/2026\/03\/Buy-a-university-master-bachelor-diploma-online-18x12.webp 18w\" sizes=\"auto, (max-width: 300px) 100vw, 300px\" \/><\/figure>\n\n\n\n<hr class=\"wp-block-separator has-alpha-channel-opacity\"\/>\n\n\n\n<h3 class=\"wp-block-heading\">Jak kupi\u0107 dyplom - prosty 4-etapowy proces<\/h3>\n\n\n\n<h4 class=\"wp-block-heading\">Krok 1: Wybierz typ dyplomu<\/h4>\n\n\n\n<p>Przejrzyj nasz\u0105 kolekcj\u0119 dyplom\u00f3w akademickich i zawodowych. Wybieraj spo\u015br\u00f3d wst\u0119pnie zaprojektowanych szablon\u00f3w lub zdecyduj si\u0119 na nasz\u0105 niestandardow\u0105 us\u0142ug\u0119 projektowania spersonalizowanych po\u015bwiadcze\u0144.<\/p>\n\n\n\n<h4 class=\"wp-block-heading\">Krok 2: Podaj swoje dane<\/h4>\n\n\n\n<p>Wype\u0142nij wszystkie niezb\u0119dne informacje, w tym imi\u0119 i nazwisko, dat\u0119 uko\u0144czenia studi\u00f3w, nazw\u0119 instytucji, tytu\u0142 naukowy i wszelkie inne istotne szczeg\u00f3\u0142y w celu personalizacji.<\/p>\n\n\n\n<h4 class=\"wp-block-heading\">Krok 3: Bezpieczne przetwarzanie p\u0142atno\u015bci<\/h4>\n\n\n\n<p>Zrealizuj zam\u00f3wienie za pomoc\u0105 naszego bezpiecznego systemu p\u0142atno\u015bci. Akceptujemy g\u0142\u00f3wne karty kredytowe, PayPal i przelewy bankowe. Wszystkie transakcje s\u0105 szyfrowane w celu zapewnienia maksymalnego bezpiecze\u0144stwa.<\/p>\n\n\n\n<h4 class=\"wp-block-heading\">Krok 4: Szybka dostawa do domu<\/h4>\n\n\n\n<p>Po przetworzeniu dyplom jest wysy\u0142any w ci\u0105gu 24 godzin za po\u015brednictwem \u015bledzonej poczty. Wi\u0119kszo\u015b\u0107 klient\u00f3w otrzymuje swoje dokumenty w ci\u0105gu 5-10 dni roboczych w dowolnym miejscu na \u015bwiecie.<\/p>\n\n\n\n<hr class=\"wp-block-separator has-alpha-channel-opacity\"\/>\n\n\n\n<h3 class=\"wp-block-heading\">Cz\u0119sto zadawane pytania dotycz\u0105ce zakupu dyplom\u00f3w<\/h3>\n\n\n\n<h4 class=\"wp-block-heading\">Czy kupowanie dyplom\u00f3w online jest bezpieczne?<\/h4>\n\n\n\n<p>Tak, je\u015bli wybierzesz renomowanego dostawc\u0119, takiego jak DiplomaShops.com. Naszym priorytetem jest bezpiecze\u0144stwo klient\u00f3w dzi\u0119ki szyfrowanym p\u0142atno\u015bciom, prywatnej wysy\u0142ce i \u015bcis\u0142ej polityce poufno\u015bci.<\/p>\n\n\n\n<h4 class=\"wp-block-heading\">Czy mog\u0119 u\u017cy\u0107 tego do zatrudnienia?<\/h4>\n\n\n\n<p>Wielu pracodawc\u00f3w akceptuje kopie dyplom\u00f3w dla cel\u00f3w referencyjnych. Przed z\u0142o\u017ceniem jakichkolwiek po\u015bwiadcze\u0144 nale\u017cy jednak zawsze sprawdzi\u0107 u konkretnego pracodawcy wymagania dotycz\u0105ce weryfikacji dokument\u00f3w.<\/p>\n\n\n\n<h4 class=\"wp-block-heading\">Co zrobi\u0107, je\u015bli pilnie potrzebuj\u0119 dyplomu?<\/h4>\n\n\n\n<p>Oferujemy szybkie przetwarzanie z mo\u017cliwo\u015bci\u0105 realizacji tego samego dnia w przypadku zam\u00f3wie\u0144 awaryjnych. Skontaktuj si\u0119 z nami, aby uzyska\u0107 informacje o opcjach przyspieszonej obs\u0142ugi.<\/p>\n\n\n\n<h4 class=\"wp-block-heading\">Czy oferujecie cyfrowe wersje PDF?<\/h4>\n\n\n\n<p>Absolutnie! Wraz z fizycznymi dyplomami dostarczamy kopie cyfrowe w wysokiej rozdzielczo\u015bci, idealne do przesy\u0142ania online lub przesy\u0142ania poczt\u0105 elektroniczn\u0105.<\/p>\n\n\n\n<hr class=\"wp-block-separator has-alpha-channel-opacity\"\/>\n\n\n\n<h3 class=\"wp-block-heading\">Gotowy do zakupu dyplomu ju\u017c dzi\u015b?<\/h3>\n\n\n\n<p>Nie pozw\u00f3l, aby brakuj\u0105ca dokumentacja Ci\u0119 powstrzyma\u0142a. Niezale\u017cnie od tego, czy chcesz kupi\u0107 dyplom na potrzeby aplikacji o prac\u0119, zast\u0105pi\u0107 zagubiony certyfikat, czy te\u017c szybko uzyska\u0107 po\u015bwiadczenia akademickie, DiplomaShops.com zapewni Ci ochron\u0119. Kliknij na <a href=\"https:\/\/diplomashops.com\/pl\/kontakt\/\">kontakt<\/a> i napisz do nas. <\/p>\n\n\n\n<p>Zam\u00f3w teraz, aby uzyska\u0107 szybk\u0105, dyskretn\u0105 obs\u0142ug\u0119 z dostaw\u0105 na ca\u0142y \u015bwiat.<\/p>\n\n\n\n<p>Napisz do nas:&nbsp;<a href=\"mailto:DiplomaShops247@gmail.com\" rel=\"noreferrer noopener\" target=\"_blank\">DiplomaShops247@gmail.com<\/a><br>Odwied\u017a nasz bezpieczny portal zam\u00f3wie\u0144<br>Wysy\u0142ka na ca\u0142y \u015bwiat ze \u015bledzeniem<\/p>\n\n\n\n<figure class=\"wp-block-image size-full is-resized\"><img loading=\"lazy\" decoding=\"async\" width=\"1024\" height=\"724\" src=\"https:\/\/diplomashops.com\/wp-content\/uploads\/2026\/03\/Buy-replacement-diploma-online.jpg\" alt=\"Kup dyplom zast\u0119pczy online\" class=\"wp-image-89\" style=\"width:381px;height:auto\" srcset=\"https:\/\/diplomashops.com\/wp-content\/uploads\/2026\/03\/Buy-replacement-diploma-online.jpg 1024w, https:\/\/diplomashops.com\/wp-content\/uploads\/2026\/03\/Buy-replacement-diploma-online-300x212.jpg 300w, https:\/\/diplomashops.com\/wp-content\/uploads\/2026\/03\/Buy-replacement-diploma-online-768x543.jpg 768w, https:\/\/diplomashops.com\/wp-content\/uploads\/2026\/03\/Buy-replacement-diploma-online-18x12.jpg 18w\" sizes=\"auto, (max-width: 1024px) 100vw, 1024px\" \/><\/figure>","protected":false},"excerpt":{"rendered":"<p>Are you searching more information about a diploma, degree or certificate? Looking to&nbsp;buy a diploma online&nbsp;quickly and securely? Whether you [&hellip;]<\/p>\n","protected":false},"author":1,"featured_media":0,"parent":0,"menu_order":0,"comment_status":"closed","ping_status":"closed","template":"","meta":{"site-sidebar-layout":"default","site-content-layout":"","ast-site-content-layout":"default","site-content-style":"default","site-sidebar-style":"default","ast-global-header-display":"","ast-banner-title-visibility":"","ast-main-header-display":"","ast-hfb-above-header-display":"","ast-hfb-below-header-display":"","ast-hfb-mobile-header-display":"","site-post-title":"","ast-breadcrumbs-content":"","ast-featured-img":"","footer-sml-layout":"","ast-disable-related-posts":"","theme-transparent-header-meta":"","adv-header-id-meta":"","stick-header-meta":"","header-above-stick-meta":"","header-main-stick-meta":"","header-below-stick-meta":"","astra-migrate-meta-layouts":"default","ast-page-background-enabled":"default","ast-page-background-meta":{"desktop":{"background-color":"var(--ast-global-color-5)","background-image":"","background-repeat":"repeat","background-position":"center center","background-size":"auto","background-attachment":"scroll","background-type":"","background-media":"","overlay-type":"","overlay-color":"","overlay-opacity":"","overlay-gradient":""},"tablet":{"background-color":"","background-image":"","background-repeat":"repeat","background-position":"center center","background-size":"auto","background-attachment":"scroll","background-type":"","background-media":"","overlay-type":"","overlay-color":"","overlay-opacity":"","overlay-gradient":""},"mobile":{"background-color":"","background-image":"","background-repeat":"repeat","background-position":"center center","background-size":"auto","background-attachment":"scroll","background-type":"","background-media":"","overlay-type":"","overlay-color":"","overlay-opacity":"","overlay-gradient":""}},"ast-content-background-meta":{"desktop":{"background-color":"var(--ast-global-color-4)","background-image":"","background-repeat":"repeat","background-position":"center center","background-size":"auto","background-attachment":"scroll","background-type":"","background-media":"","overlay-type":"","overlay-color":"","overlay-opacity":"","overlay-gradient":""},"tablet":{"background-color":"var(--ast-global-color-4)","background-image":"","background-repeat":"repeat","background-position":"center center","background-size":"auto","background-attachment":"scroll","background-type":"","background-media":"","overlay-type":"","overlay-color":"","overlay-opacity":"","overlay-gradient":""},"mobile":{"background-color":"var(--ast-global-color-4)","background-image":"","background-repeat":"repeat","background-position":"center center","background-size":"auto","background-attachment":"scroll","background-type":"","background-media":"","overlay-type":"","overlay-color":"","overlay-opacity":"","overlay-gradient":""}},"footnotes":""},"class_list":["post-6","page","type-page","status-publish","hentry"],"yoast_head":"<!-- This site is optimized with the Yoast SEO plugin v27.5 - https:\/\/yoast.com\/product\/yoast-seo-wordpress\/ -->\n<title>Buy Diploma - DiplomaShops.com - Buy Diploma Online | Fast &amp; Secure Service<\/title>\n<meta name=\"description\" content=\"Buy diploma online fast &amp; securely. Get authentic high school, university &amp; professional diplomas delivered worldwide.\" \/>\n<meta name=\"robots\" content=\"index, follow, max-snippet:-1, max-image-preview:large, max-video-preview:-1\" \/>\n<link rel=\"canonical\" href=\"https:\/\/diplomashops.com\/pl\/\" \/>\n<meta property=\"og:locale\" content=\"pl_PL\" \/>\n<meta property=\"og:type\" content=\"article\" \/>\n<meta property=\"og:title\" content=\"Buy Diploma - DiplomaShops.com - Buy Diploma Online | Fast &amp; Secure Service\" \/>\n<meta property=\"og:description\" content=\"Buy diploma online fast &amp; securely. Get authentic high school, university &amp; professional diplomas delivered worldwide.\" \/>\n<meta property=\"og:url\" content=\"https:\/\/diplomashops.com\/pl\/\" \/>\n<meta property=\"og:site_name\" content=\"DiplomaShops.com - Buy Diploma Online | Fast &amp; Secure Service\" \/>\n<meta property=\"article:modified_time\" content=\"2026-03-14T16:05:39+00:00\" \/>\n<meta property=\"og:image\" content=\"https:\/\/diplomashops.com\/wp-content\/uploads\/2026\/03\/buy-diploma.webp\" \/>\n\t<meta property=\"og:image:width\" content=\"300\" \/>\n\t<meta property=\"og:image:height\" content=\"211\" \/>\n\t<meta property=\"og:image:type\" content=\"image\/webp\" \/>\n<meta name=\"twitter:card\" content=\"summary_large_image\" \/>\n<meta name=\"twitter:label1\" content=\"Szacowany czas czytania\" \/>\n\t<meta name=\"twitter:data1\" content=\"4 minuty\" \/>\n<script type=\"application\/ld+json\" class=\"yoast-schema-graph\">{\"@context\":\"https:\\\/\\\/schema.org\",\"@graph\":[{\"@type\":\"WebPage\",\"@id\":\"https:\\\/\\\/diplomashops.com\\\/\",\"url\":\"https:\\\/\\\/diplomashops.com\\\/\",\"name\":\"Buy Diploma - DiplomaShops.com - Buy Diploma Online | Fast &amp; Secure Service\",\"isPartOf\":{\"@id\":\"https:\\\/\\\/diplomashops.com\\\/#website\"},\"primaryImageOfPage\":{\"@id\":\"https:\\\/\\\/diplomashops.com\\\/#primaryimage\"},\"image\":{\"@id\":\"https:\\\/\\\/diplomashops.com\\\/#primaryimage\"},\"thumbnailUrl\":\"https:\\\/\\\/diplomashops.com\\\/wp-content\\\/uploads\\\/2026\\\/03\\\/buy-diploma.webp\",\"datePublished\":\"2026-03-12T21:48:39+00:00\",\"dateModified\":\"2026-03-14T16:05:39+00:00\",\"description\":\"Buy diploma online fast & securely. Get authentic high school, university & professional diplomas delivered worldwide.\",\"breadcrumb\":{\"@id\":\"https:\\\/\\\/diplomashops.com\\\/#breadcrumb\"},\"inLanguage\":\"pl-PL\",\"potentialAction\":[{\"@type\":\"ReadAction\",\"target\":[\"https:\\\/\\\/diplomashops.com\\\/\"]}]},{\"@type\":\"ImageObject\",\"inLanguage\":\"pl-PL\",\"@id\":\"https:\\\/\\\/diplomashops.com\\\/#primaryimage\",\"url\":\"https:\\\/\\\/diplomashops.com\\\/wp-content\\\/uploads\\\/2026\\\/03\\\/buy-diploma.webp\",\"contentUrl\":\"https:\\\/\\\/diplomashops.com\\\/wp-content\\\/uploads\\\/2026\\\/03\\\/buy-diploma.webp\"},{\"@type\":\"BreadcrumbList\",\"@id\":\"https:\\\/\\\/diplomashops.com\\\/#breadcrumb\",\"itemListElement\":[{\"@type\":\"ListItem\",\"position\":1,\"name\":\"Home\",\"item\":\"https:\\\/\\\/diplomashops.com\\\/\"},{\"@type\":\"ListItem\",\"position\":2,\"name\":\"Buy Diploma\"}]},{\"@type\":\"WebSite\",\"@id\":\"https:\\\/\\\/diplomashops.com\\\/#website\",\"url\":\"https:\\\/\\\/diplomashops.com\\\/\",\"name\":\"DiplomaShops.com - Buy Diploma Online | Fast &amp; Secure Service\",\"description\":\"Buy a Diploma online Delivered Worldwide - Order Your Certificate Today\",\"potentialAction\":[{\"@type\":\"SearchAction\",\"target\":{\"@type\":\"EntryPoint\",\"urlTemplate\":\"https:\\\/\\\/diplomashops.com\\\/?s={search_term_string}\"},\"query-input\":{\"@type\":\"PropertyValueSpecification\",\"valueRequired\":true,\"valueName\":\"search_term_string\"}}],\"inLanguage\":\"pl-PL\"}]}<\/script>\n<!-- \/ Yoast SEO plugin. -->","yoast_head_json":{"title":"Kup dyplom - DiplomaShops.com - Kup dyplom online | Szybka i bezpieczna us\u0142uga","description":"Kup dyplom online szybko i bezpiecznie. Uzyskaj autentyczne dyplomy szk\u00f3\u0142 \u015brednich, uniwersyteckie i zawodowe dostarczane na ca\u0142ym \u015bwiecie.","robots":{"index":"index","follow":"follow","max-snippet":"max-snippet:-1","max-image-preview":"max-image-preview:large","max-video-preview":"max-video-preview:-1"},"canonical":"https:\/\/diplomashops.com\/pl\/","og_locale":"pl_PL","og_type":"article","og_title":"Buy Diploma - DiplomaShops.com - Buy Diploma Online | Fast &amp; Secure Service","og_description":"Buy diploma online fast & securely. Get authentic high school, university & professional diplomas delivered worldwide.","og_url":"https:\/\/diplomashops.com\/pl\/","og_site_name":"DiplomaShops.com - Buy Diploma Online | Fast &amp; Secure Service","article_modified_time":"2026-03-14T16:05:39+00:00","og_image":[{"width":300,"height":211,"url":"https:\/\/diplomashops.com\/wp-content\/uploads\/2026\/03\/buy-diploma.webp","type":"image\/webp"}],"twitter_card":"summary_large_image","twitter_misc":{"Szacowany czas czytania":"4 minuty"},"schema":{"@context":"https:\/\/schema.org","@graph":[{"@type":"WebPage","@id":"https:\/\/diplomashops.com\/","url":"https:\/\/diplomashops.com\/","name":"Kup dyplom - DiplomaShops.com - Kup dyplom online | Szybka i bezpieczna us\u0142uga","isPartOf":{"@id":"https:\/\/diplomashops.com\/#website"},"primaryImageOfPage":{"@id":"https:\/\/diplomashops.com\/#primaryimage"},"image":{"@id":"https:\/\/diplomashops.com\/#primaryimage"},"thumbnailUrl":"https:\/\/diplomashops.com\/wp-content\/uploads\/2026\/03\/buy-diploma.webp","datePublished":"2026-03-12T21:48:39+00:00","dateModified":"2026-03-14T16:05:39+00:00","description":"Kup dyplom online szybko i bezpiecznie. Uzyskaj autentyczne dyplomy szk\u00f3\u0142 \u015brednich, uniwersyteckie i zawodowe dostarczane na ca\u0142ym \u015bwiecie.","breadcrumb":{"@id":"https:\/\/diplomashops.com\/#breadcrumb"},"inLanguage":"pl-PL","potentialAction":[{"@type":"ReadAction","target":["https:\/\/diplomashops.com\/"]}]},{"@type":"ImageObject","inLanguage":"pl-PL","@id":"https:\/\/diplomashops.com\/#primaryimage","url":"https:\/\/diplomashops.com\/wp-content\/uploads\/2026\/03\/buy-diploma.webp","contentUrl":"https:\/\/diplomashops.com\/wp-content\/uploads\/2026\/03\/buy-diploma.webp"},{"@type":"BreadcrumbList","@id":"https:\/\/diplomashops.com\/#breadcrumb","itemListElement":[{"@type":"ListItem","position":1,"name":"Home","item":"https:\/\/diplomashops.com\/"},{"@type":"ListItem","position":2,"name":"Buy Diploma"}]},{"@type":"WebSite","@id":"https:\/\/diplomashops.com\/#website","url":"https:\/\/diplomashops.com\/","name":"DiplomaShops.com - Kup dyplom online | Szybka i bezpieczna us\u0142uga","description":"Kup dyplom online z dostaw\u0105 na ca\u0142y \u015bwiat - zam\u00f3w certyfikat ju\u017c dzi\u015b","potentialAction":[{"@type":"SearchAction","target":{"@type":"EntryPoint","urlTemplate":"https:\/\/diplomashops.com\/?s={search_term_string}"},"query-input":{"@type":"PropertyValueSpecification","valueRequired":true,"valueName":"search_term_string"}}],"inLanguage":"pl-PL"}]}},"_links":{"self":[{"href":"https:\/\/diplomashops.com\/pl\/wp-json\/wp\/v2\/pages\/6","targetHints":{"allow":["GET"]}}],"collection":[{"href":"https:\/\/diplomashops.com\/pl\/wp-json\/wp\/v2\/pages"}],"about":[{"href":"https:\/\/diplomashops.com\/pl\/wp-json\/wp\/v2\/types\/page"}],"author":[{"embeddable":true,"href":"https:\/\/diplomashops.com\/pl\/wp-json\/wp\/v2\/users\/1"}],"replies":[{"embeddable":true,"href":"https:\/\/diplomashops.com\/pl\/wp-json\/wp\/v2\/comments?post=6"}],"version-history":[{"count":13,"href":"https:\/\/diplomashops.com\/pl\/wp-json\/wp\/v2\/pages\/6\/revisions"}],"predecessor-version":[{"id":93,"href":"https:\/\/diplomashops.com\/pl\/wp-json\/wp\/v2\/pages\/6\/revisions\/93"}],"wp:attachment":[{"href":"https:\/\/diplomashops.com\/pl\/wp-json\/wp\/v2\/media?parent=6"}],"curies":[{"name":"wp","href":"https:\/\/api.w.org\/{rel}","templated":true}]}}