{"id":36,"date":"2026-03-14T15:41:58","date_gmt":"2026-03-14T15:41:58","guid":{"rendered":"https:\/\/diplomashops.com\/?page_id=36"},"modified":"2026-03-14T16:06:08","modified_gmt":"2026-03-14T16:06:08","slug":"about-us","status":"publish","type":"page","link":"https:\/\/diplomashops.com\/ro\/about-us\/","title":{"rendered":"Despre noi"},"content":{"rendered":"<h2 class=\"wp-block-heading\">Furnizorul dvs. de servicii de \u00eencredere pentru diplome, www.DiplomaShops.com<\/h2>\n\n\n\n<p>Bine a\u021bi venit la DiplomaShops.com, partenerul dvs. de \u00eencredere pentru servicii profesionale de diplome din 2018. Suntem specializa\u021bi \u00een crearea de diplome de \u00eenalt\u0103 calitate, cu aspect autentic, pentru persoane din \u00eentreaga lume care au nevoie de documente de \u00eenlocuire, instrumente de avansare \u00een carier\u0103 sau materiale de referin\u021b\u0103 personale. Misiunea noastr\u0103 este de a oferi servicii rapide, sigure \u0219i discrete care dep\u0103\u0219esc de fiecare dat\u0103 a\u0219tept\u0103rile clien\u021bilor.<\/p>\n\n\n\n<figure class=\"wp-block-image size-full\"><img loading=\"lazy\" decoding=\"async\" width=\"300\" height=\"211\" src=\"https:\/\/diplomashops.com\/wp-content\/uploads\/2026\/03\/buy-diploma.webp\" alt=\"cump\u0103ra diplom\u0103\" class=\"wp-image-88\" srcset=\"https:\/\/diplomashops.com\/wp-content\/uploads\/2026\/03\/buy-diploma.webp 300w, https:\/\/diplomashops.com\/wp-content\/uploads\/2026\/03\/buy-diploma-18x12.webp 18w\" sizes=\"auto, (max-width: 300px) 100vw, 300px\" \/><\/figure>\n\n\n\n<h3 class=\"wp-block-heading\">Povestea \u0219i misiunea noastr\u0103<\/h3>\n\n\n\n<h4 class=\"wp-block-heading\">Fondat\u0103 pe calitate \u0219i \u00eencredere<\/h4>\n\n\n\n<p>DiplomaShops.com a fost \u00eenfiin\u021bat\u0103 \u00een 2018 de o echip\u0103 de profesioni\u0219ti \u00een proiectarea documentelor care au recunoscut nevoia tot mai mare de servicii legitime de \u00eenlocuire a diplomelor. Ceea ce a \u00eenceput ca o opera\u021biune mic\u0103 s-a transformat \u00eentr-un serviciu interna\u021bional de \u00eencredere care sprijin\u0103 clien\u021bii din Europa, America de Nord \u0219i nu numai.<\/p>\n\n\n\n<h4 class=\"wp-block-heading\">Angajamentul fa\u021b\u0103 de excelen\u021b\u0103<\/h4>\n\n\n\n<p>Credem c\u0103 oricine merit\u0103 s\u0103 aib\u0103 acces la documente de calitate atunci c\u00e2nd are cea mai mare nevoie de ele. Fie c\u0103 v-a\u021bi pierdut diploma original\u0103, ave\u021bi nevoie de un \u00eenlocuitor \u00een scopuri administrative sau dori\u021bi s\u0103 v\u0103 \u00eembun\u0103t\u0103\u021bi\u021bi portofoliul profesional, suntem aici pentru a v\u0103 ajuta cu demnitate \u0219i discre\u021bie.<\/p>\n\n\n\n<h4 class=\"wp-block-heading\">Valorile care ne anim\u0103<\/h4>\n\n\n\n<ul class=\"wp-block-list\">\n<li>Integritate: servicii oneste, transparente, cu o comunicare clar\u0103<\/li>\n\n\n\n<li>Calitate: Materiale premium \u0219i standarde profesionale de design<\/li>\n\n\n\n<li>Rapiditate: Procesare rapid\u0103 \u0219i livrare fiabil\u0103 \u00een \u00eentreaga lume<\/li>\n\n\n\n<li>Confiden\u021bialitate: Confiden\u021bialitatea total\u0103 \u0219i gestionarea sigur\u0103 a informa\u021biilor personale<\/li>\n\n\n\n<li>Asisten\u021b\u0103: Serviciu clien\u021bi multilingv disponibil 24\/7<\/li>\n<\/ul>\n\n\n\n<hr class=\"wp-block-separator has-alpha-channel-opacity\"\/>\n\n\n\n<h3 class=\"wp-block-heading\">De ce s\u0103 alege\u021bi DiplomaShops.com?<\/h3>\n\n\n\n<h4 class=\"wp-block-heading\">Echipa de exper\u021bi \u00een design<\/h4>\n\n\n\n<p>Profesioni\u0219tii no\u0219tri creativi au zeci de ani de experien\u021b\u0103 combinat\u0103 \u00een reproducerea documentelor \u0219i design grafic. Lucr\u0103m exclusiv cu designeri certifica\u021bi care \u00een\u021beleg cerin\u021bele institu\u021bionale de formatare \u0219i autentificare.<\/p>\n\n\n\n<h4 class=\"wp-block-heading\">Acoperire global\u0103, suport local<\/h4>\n\n\n\n<p>Cu clien\u021bi \u00een peste 20 de \u021b\u0103ri \u0219i personal de asisten\u021b\u0103 care vorbe\u0219te mai multe limbi, acoperim diferen\u021bele culturale \u0219i geografice pentru a v\u0103 servi mai bine. Re\u021beaua noastr\u0103 interna\u021bional\u0103 de transport asigur\u0103 o livrare fiabil\u0103 oriunde \u00een lume.<\/p>\n\n\n\n<h4 class=\"wp-block-heading\">Tehnologie de ultim\u0103 or\u0103<\/h4>\n\n\n\n<p>Utiliz\u0103m echipamente de imprimare de ultim\u0103 genera\u021bie \u0219i materiale premium care reflect\u0103 standardele institu\u021bionale oficiale. Procesele noastre digitale asigur\u0103 acurate\u021bea \u0219i consecven\u021ba fiec\u0103rei diplome pe care o producem.<\/p>\n\n\n\n<h4 class=\"wp-block-heading\">Recunoa\u0219terea industriei<\/h4>\n\n\n\n<p>De la \u00eenfiin\u021bare, am ajutat mii de clien\u021bi mul\u021bumi\u021bi s\u0103 ob\u021bin\u0103 documentele de care au nevoie. Angajamentul nostru fa\u021b\u0103 de calitate \u0219i servicii pentru clien\u021bi ne-a adus recunoa\u0219terea ca furnizor de top \u00een industria serviciilor de documente.<\/p>\n\n\n\n<hr class=\"wp-block-separator has-alpha-channel-opacity\"\/>\n\n\n\n<h3 class=\"wp-block-heading\">Explicarea serviciilor noastre<\/h3>\n\n\n\n<h4 class=\"wp-block-heading\">Reproducerea diplomelor academice<\/h4>\n\n\n\n<p>De la diplome de liceu la diplome universitare, cre\u0103m reproduceri exacte bazate pe modele reale de la institu\u021bii recunoscute. Perfect pentru \u00eenlocuirea originalelor pierdute sau pentru \u00eendeplinirea cerin\u021belor administrative.<\/p>\n\n\n\n<h4 class=\"wp-block-heading\">Copii ale certific\u0103rilor profesionale<\/h4>\n\n\n\n<p>Ave\u021bi nevoie de o dovad\u0103 a form\u0103rii profesionale sau a certific\u0103rii? Oferim acredit\u0103ri pentru diverse industrii, inclusiv IT, s\u0103n\u0103tate, finan\u021be, inginerie \u0219i multe altele - toate concepute \u00een conformitate cu standardele industriei.<\/p>\n\n\n\n<h4 class=\"wp-block-heading\">Design personalizat al diplomei<\/h4>\n\n\n\n<p>Serviciul nostru specializat permite personalizarea complet\u0103, inclusiv logo-uri personalizate, sigilii institu\u021bionale, semn\u0103turi \u0219i formatare. Ideal pentru \u00eentreprinderi, organiza\u021bii sau cerin\u021be personale unice.<\/p>\n\n\n\n<h4 class=\"wp-block-heading\">Serviciul de \u00eenlocuire de urgen\u021b\u0103<\/h4>\n\n\n\n<p>V-a\u021bi pierdut diploma \u00eenainte de un interviu de angajare sau de o \u00eent\u00e2lnire important\u0103? Serviciul nostru expres livreaz\u0103 \u00een 24-48 de ore pentru situa\u021biile urgente \u00een care timpul este esen\u021bial.<\/p>\n\n\n\n<hr class=\"wp-block-separator has-alpha-channel-opacity\"\/>\n\n\n\n<h3 class=\"wp-block-heading\">Face\u021bi cuno\u0219tin\u021b\u0103 cu echipa noastr\u0103<\/h3>\n\n\n\n<h4 class=\"wp-block-heading\">Speciali\u0219ti \u00een servicii pentru clien\u021bi<\/h4>\n\n\n\n<p>Echipa noastr\u0103 de asisten\u021b\u0103 multilingv\u0103 gestioneaz\u0103 solicit\u0103rile \u00een peste 20 de limbi, asigur\u00e2nd o comunicare clar\u0103, indiferent de loca\u021bie sau de limba dvs. matern\u0103. Disponibil\u0103 24\/7 pentru asisten\u021b\u0103 imediat\u0103.<\/p>\n\n\n\n<h4 class=\"wp-block-heading\">Exper\u021bi \u00een design \u0219i produc\u021bie<\/h4>\n\n\n\n<p>Designeri de documente certifica\u021bi \u0219i speciali\u0219ti \u00een tip\u0103rire lucreaz\u0103 \u00eempreun\u0103 pentru a crea diplome care \u00eendeplinesc cele mai \u00eenalte standarde de calitate. Fiecare detaliu este atent elaborat pentru autenticitate \u0219i profesionalism.<\/p>\n\n\n\n<h4 class=\"wp-block-heading\">Coordonatori logistic\u0103 \u0219i expediere<\/h4>\n\n\n\n<p>Echipa noastr\u0103 de logistic\u0103 gestioneaz\u0103 opera\u021biunile de expediere la nivel mondial, asigur\u00e2nd livrarea la timp \u0219i manipularea corespunz\u0103toare a tuturor coletelor. Ei lucreaz\u0103 cu transportatori de \u00eencredere \u00een fiecare regiune pe care o deservim.<\/p>\n\n\n\n<h4 class=\"wp-block-heading\">Manageri pentru asigurarea calit\u0103\u021bii<\/h4>\n\n\n\n<p>\u00cenainte de a fi livrat\u0103, orice diplom\u0103 este supus\u0103 unor verific\u0103ri riguroase ale calit\u0103\u021bii pentru a asigura acurate\u021bea, aspectul \u0219i conformitatea cu specifica\u021biile clientului. Procesul nostru de asigurare a calit\u0103\u021bii garanteaz\u0103 satisfac\u021bia de fiecare dat\u0103.<\/p>\n\n\n\n<hr class=\"wp-block-separator has-alpha-channel-opacity\"\/>\n\n\n\n<h3 class=\"wp-block-heading\">Angajamentul nostru fa\u021b\u0103 de dumneavoastr\u0103<\/h3>\n\n\n\n<h4 class=\"wp-block-heading\">100% Garan\u021bie de satisfac\u021bie<\/h4>\n\n\n\n<p>Sus\u021binem fiecare diplom\u0103 pe care o cre\u0103m. Dac\u0103 nu sunte\u021bi complet mul\u021bumit de calitate sau acurate\u021be, o vom reface gratuit sau v\u0103 vom oferi o rambursare complet\u0103.<\/p>\n\n\n\n<h4 class=\"wp-block-heading\">Promisiunea de protec\u021bie a confiden\u021bialit\u0103\u021bii<\/h4>\n\n\n\n<p>Informa\u021biile dvs. personale \u0219i detaliile comenzii nu sunt niciodat\u0103 partajate cu ter\u021be p\u0103r\u021bi. Toate comunic\u0103rile \u0219i tranzac\u021biile sunt tratate cu cea mai mare confiden\u021bialitate.<\/p>\n\n\n\n<h4 class=\"wp-block-heading\">Timp de r\u0103spuns rapid<\/h4>\n\n\n\n<p>Garant\u0103m r\u0103spunsuri la solicit\u0103rile clien\u021bilor \u00een termen de o or\u0103 \u00een timpul programului de lucru. Echipa noastr\u0103 de asisten\u021b\u0103 este \u00eentotdeauna gata s\u0103 v\u0103 ajute cu orice \u00eentreb\u0103ri sau nel\u0103muriri.<\/p>\n\n\n\n<h4 class=\"wp-block-heading\">\u00cembun\u0103t\u0103\u021birea continu\u0103<\/h4>\n\n\n\n<p>Ne actualiz\u0103m periodic procesele, materialele \u0219i serviciile pe baza feedback-ului clien\u021bilor \u0219i a evolu\u021biilor din industrie. Succesul dumneavoastr\u0103 este motorul inova\u021biei noastre.<\/p>\n\n\n\n<hr class=\"wp-block-separator has-alpha-channel-opacity\"\/>\n\n\n\n<h3 class=\"wp-block-heading\">Reperele companiei<\/h3>\n\n\n\n<h4 class=\"wp-block-heading\">2018: Funda\u021bia companiei<\/h4>\n\n\n\n<p>\u00cenceperea opera\u021biunilor cu accent pe pia\u021ba european\u0103 a serviciilor de diplom\u0103<\/p>\n\n\n\n<h4 class=\"wp-block-heading\">2019: Expansiune interna\u021bional\u0103<\/h4>\n\n\n\n<p>Servicii extinse \u00een America de Nord \u0219i asisten\u021b\u0103 multilingv\u0103 ad\u0103ugat\u0103<\/p>\n\n\n\n<h4 class=\"wp-block-heading\">2020: Transformarea digital\u0103<\/h4>\n\n\n\n<p>Lansarea platformei de comand\u0103 online \u0219i a op\u021biunilor de diplom\u0103 digital\u0103<\/p>\n\n\n\n<h4 class=\"wp-block-heading\">2021: Linie de servicii premium<\/h4>\n\n\n\n<p>Introdus op\u021biuni de h\u00e2rtie de lux \u0219i servicii de design personalizate<\/p>\n\n\n\n<h4 class=\"wp-block-heading\">2022: Re\u021bea global\u0103 de transport maritim<\/h4>\n\n\n\n<p>Parteneriate stabilite cu transportatori interna\u021bionali pentru o livrare mai rapid\u0103<\/p>\n\n\n\n<h4 class=\"wp-block-heading\">2023: M\u0103suri de securitate \u00eembun\u0103t\u0103\u021bite<\/h4>\n\n\n\n<p>Implementarea de protocoale avansate de criptare \u0219i protec\u021bie a confiden\u021bialit\u0103\u021bii<\/p>\n\n\n\n<h4 class=\"wp-block-heading\">2024: Dezvoltarea aplica\u021biilor mobile<\/h4>\n\n\n\n<p>Lucr\u0103m la o aplica\u021bie mobil\u0103 dedicat\u0103 pentru a facilita comenzile<\/p>\n\n\n\n<hr class=\"wp-block-separator has-alpha-channel-opacity\"\/>\n\n\n\n<h3 class=\"wp-block-heading\">Privind \u00eenainte<\/h3>\n\n\n\n<p>Pe m\u0103sur\u0103 ce continu\u0103m s\u0103 cre\u0219tem, angajamentul nostru r\u0103m\u00e2ne neschimbat: furnizarea de servicii diplomatice excep\u021bionale cu integritate, calitate \u0219i satisfac\u021bia clien\u021bilor \u00een prim plan. Inov\u0103m constant pentru a servi mai bine comunitatea noastr\u0103 global\u0103 \u0219i pentru a ne adapta la nevoile \u00een schimbare ale clien\u021bilor.<\/p>\n\n\n\n<p>Al\u0103tura\u021bi-v\u0103 miilor de clien\u021bi mul\u021bumi\u021bi care au avut \u00eencredere \u00een DiplomaShops.com pentru cerin\u021bele lor de diplom\u0103. Experimenta\u021bi diferen\u021ba pe care o fac serviciile profesionale.<\/p>\n\n\n\n<hr class=\"wp-block-separator has-alpha-channel-opacity\"\/>\n\n\n\n<h3 class=\"wp-block-heading\">Intra\u021bi \u00een contact<\/h3>\n\n\n\n<p>Sunte\u021bi gata s\u0103 afla\u021bi mai multe despre serviciile noastre sau s\u0103 discuta\u021bi despre nevoile dvs. specifice de diplom\u0103? Echipa noastr\u0103 este preg\u0103tit\u0103 s\u0103 v\u0103 ajute.<\/p>\n\n\n\n<p>\ud83d\udce7 E-mail:&nbsp;<a href=\"mailto:DiplomaShops247@gmail.com\" target=\"_blank\" rel=\"noreferrer noopener\">DiplomaShops247@gmail.com<\/a><br>\ud83c\udf10 Site web:&nbsp;<a href=\"https:\/\/diplomashops.com\/ro\/\" target=\"_blank\" rel=\"noreferrer noopener\">www.diplomashops.com<\/a><\/p>\n\n\n\n<figure class=\"wp-block-image size-full\"><img loading=\"lazy\" decoding=\"async\" width=\"300\" height=\"212\" src=\"https:\/\/diplomashops.com\/wp-content\/uploads\/2026\/03\/Buy-a-university-master-bachelor-diploma-online.webp\" alt=\"Cump\u0103ra\u021bi o diplom\u0103 universitar\u0103 de masterat online\" class=\"wp-image-86\" srcset=\"https:\/\/diplomashops.com\/wp-content\/uploads\/2026\/03\/Buy-a-university-master-bachelor-diploma-online.webp 300w, https:\/\/diplomashops.com\/wp-content\/uploads\/2026\/03\/Buy-a-university-master-bachelor-diploma-online-18x12.webp 18w\" sizes=\"auto, (max-width: 300px) 100vw, 300px\" \/><\/figure>","protected":false},"excerpt":{"rendered":"<p>Your Trusted Diploma Service Provider, www.DiplomaShops.com Welcome to DiplomaShops.com, your reliable partner for professional diploma services since 2018. We specialize [&hellip;]<\/p>\n","protected":false},"author":1,"featured_media":0,"parent":0,"menu_order":0,"comment_status":"closed","ping_status":"closed","template":"","meta":{"site-sidebar-layout":"default","site-content-layout":"","ast-site-content-layout":"default","site-content-style":"default","site-sidebar-style":"default","ast-global-header-display":"","ast-banner-title-visibility":"","ast-main-header-display":"","ast-hfb-above-header-display":"","ast-hfb-below-header-display":"","ast-hfb-mobile-header-display":"","site-post-title":"","ast-breadcrumbs-content":"","ast-featured-img":"","footer-sml-layout":"","ast-disable-related-posts":"","theme-transparent-header-meta":"","adv-header-id-meta":"","stick-header-meta":"","header-above-stick-meta":"","header-main-stick-meta":"","header-below-stick-meta":"","astra-migrate-meta-layouts":"default","ast-page-background-enabled":"default","ast-page-background-meta":{"desktop":{"background-color":"var(--ast-global-color-5)","background-image":"","background-repeat":"repeat","background-position":"center center","background-size":"auto","background-attachment":"scroll","background-type":"","background-media":"","overlay-type":"","overlay-color":"","overlay-opacity":"","overlay-gradient":""},"tablet":{"background-color":"","background-image":"","background-repeat":"repeat","background-position":"center center","background-size":"auto","background-attachment":"scroll","background-type":"","background-media":"","overlay-type":"","overlay-color":"","overlay-opacity":"","overlay-gradient":""},"mobile":{"background-color":"","background-image":"","background-repeat":"repeat","background-position":"center center","background-size":"auto","background-attachment":"scroll","background-type":"","background-media":"","overlay-type":"","overlay-color":"","overlay-opacity":"","overlay-gradient":""}},"ast-content-background-meta":{"desktop":{"background-color":"var(--ast-global-color-4)","background-image":"","background-repeat":"repeat","background-position":"center center","background-size":"auto","background-attachment":"scroll","background-type":"","background-media":"","overlay-type":"","overlay-color":"","overlay-opacity":"","overlay-gradient":""},"tablet":{"background-color":"var(--ast-global-color-4)","background-image":"","background-repeat":"repeat","background-position":"center center","background-size":"auto","background-attachment":"scroll","background-type":"","background-media":"","overlay-type":"","overlay-color":"","overlay-opacity":"","overlay-gradient":""},"mobile":{"background-color":"var(--ast-global-color-4)","background-image":"","background-repeat":"repeat","background-position":"center center","background-size":"auto","background-attachment":"scroll","background-type":"","background-media":"","overlay-type":"","overlay-color":"","overlay-opacity":"","overlay-gradient":""}},"footnotes":""},"class_list":["post-36","page","type-page","status-publish","hentry"],"yoast_head":"<!-- This site is optimized with the Yoast SEO plugin v27.5 - https:\/\/yoast.com\/product\/yoast-seo-wordpress\/ -->\n<title>About us - DiplomaShops.com - Buy Diploma Online | Fast &amp; Secure Service<\/title>\n<meta name=\"description\" content=\"Learn about DiplomaShops.com - trusted diploma service since 2018. Quality, privacy, and fast delivery worldwide. Meet our team today!\" \/>\n<meta name=\"robots\" content=\"index, follow, max-snippet:-1, max-image-preview:large, max-video-preview:-1\" \/>\n<link rel=\"canonical\" href=\"https:\/\/diplomashops.com\/ro\/about-us\/\" \/>\n<meta property=\"og:locale\" content=\"ro_RO\" \/>\n<meta property=\"og:type\" content=\"article\" \/>\n<meta property=\"og:title\" content=\"About us - DiplomaShops.com - Buy Diploma Online | Fast &amp; Secure Service\" \/>\n<meta property=\"og:description\" content=\"Learn about DiplomaShops.com - trusted diploma service since 2018. Quality, privacy, and fast delivery worldwide. Meet our team today!\" \/>\n<meta property=\"og:url\" content=\"https:\/\/diplomashops.com\/ro\/about-us\/\" \/>\n<meta property=\"og:site_name\" content=\"DiplomaShops.com - Buy Diploma Online | Fast &amp; Secure Service\" \/>\n<meta property=\"article:modified_time\" content=\"2026-03-14T16:06:08+00:00\" \/>\n<meta property=\"og:image\" content=\"https:\/\/diplomashops.com\/wp-content\/uploads\/2026\/03\/buy-diploma.webp\" \/>\n\t<meta property=\"og:image:width\" content=\"300\" \/>\n\t<meta property=\"og:image:height\" content=\"211\" \/>\n\t<meta property=\"og:image:type\" content=\"image\/webp\" \/>\n<meta name=\"twitter:card\" content=\"summary_large_image\" \/>\n<meta name=\"twitter:label1\" content=\"Timp estimat pentru citire\" \/>\n\t<meta name=\"twitter:data1\" content=\"5 minute\" \/>\n<script type=\"application\/ld+json\" class=\"yoast-schema-graph\">{\"@context\":\"https:\\\/\\\/schema.org\",\"@graph\":[{\"@type\":\"WebPage\",\"@id\":\"https:\\\/\\\/diplomashops.com\\\/about-us\\\/\",\"url\":\"https:\\\/\\\/diplomashops.com\\\/about-us\\\/\",\"name\":\"About us - DiplomaShops.com - Buy Diploma Online | Fast &amp; Secure Service\",\"isPartOf\":{\"@id\":\"https:\\\/\\\/diplomashops.com\\\/#website\"},\"primaryImageOfPage\":{\"@id\":\"https:\\\/\\\/diplomashops.com\\\/about-us\\\/#primaryimage\"},\"image\":{\"@id\":\"https:\\\/\\\/diplomashops.com\\\/about-us\\\/#primaryimage\"},\"thumbnailUrl\":\"https:\\\/\\\/diplomashops.com\\\/wp-content\\\/uploads\\\/2026\\\/03\\\/buy-diploma.webp\",\"datePublished\":\"2026-03-14T15:41:58+00:00\",\"dateModified\":\"2026-03-14T16:06:08+00:00\",\"description\":\"Learn about DiplomaShops.com - trusted diploma service since 2018. Quality, privacy, and fast delivery worldwide. Meet our team today!\",\"breadcrumb\":{\"@id\":\"https:\\\/\\\/diplomashops.com\\\/about-us\\\/#breadcrumb\"},\"inLanguage\":\"ro-RO\",\"potentialAction\":[{\"@type\":\"ReadAction\",\"target\":[\"https:\\\/\\\/diplomashops.com\\\/about-us\\\/\"]}]},{\"@type\":\"ImageObject\",\"inLanguage\":\"ro-RO\",\"@id\":\"https:\\\/\\\/diplomashops.com\\\/about-us\\\/#primaryimage\",\"url\":\"https:\\\/\\\/diplomashops.com\\\/wp-content\\\/uploads\\\/2026\\\/03\\\/buy-diploma.webp\",\"contentUrl\":\"https:\\\/\\\/diplomashops.com\\\/wp-content\\\/uploads\\\/2026\\\/03\\\/buy-diploma.webp\"},{\"@type\":\"BreadcrumbList\",\"@id\":\"https:\\\/\\\/diplomashops.com\\\/about-us\\\/#breadcrumb\",\"itemListElement\":[{\"@type\":\"ListItem\",\"position\":1,\"name\":\"Home\",\"item\":\"https:\\\/\\\/diplomashops.com\\\/\"},{\"@type\":\"ListItem\",\"position\":2,\"name\":\"About us\"}]},{\"@type\":\"WebSite\",\"@id\":\"https:\\\/\\\/diplomashops.com\\\/#website\",\"url\":\"https:\\\/\\\/diplomashops.com\\\/\",\"name\":\"DiplomaShops.com - Buy Diploma Online | Fast &amp; Secure Service\",\"description\":\"Buy a Diploma online Delivered Worldwide - Order Your Certificate Today\",\"potentialAction\":[{\"@type\":\"SearchAction\",\"target\":{\"@type\":\"EntryPoint\",\"urlTemplate\":\"https:\\\/\\\/diplomashops.com\\\/?s={search_term_string}\"},\"query-input\":{\"@type\":\"PropertyValueSpecification\",\"valueRequired\":true,\"valueName\":\"search_term_string\"}}],\"inLanguage\":\"ro-RO\"}]}<\/script>\n<!-- \/ Yoast SEO plugin. -->","yoast_head_json":{"title":"Despre noi - DiplomaShops.com - Cumpara Diploma Online | Fast &amp; Secure Service","description":"Afla\u021bi mai multe despre DiplomaShops.com - serviciu de diplom\u0103 de \u00eencredere din 2018. Calitate, confiden\u021bialitate \u0219i livrare rapid\u0103 \u00een \u00eentreaga lume. Face\u021bi cuno\u0219tin\u021b\u0103 cu echipa noastr\u0103 ast\u0103zi!","robots":{"index":"index","follow":"follow","max-snippet":"max-snippet:-1","max-image-preview":"max-image-preview:large","max-video-preview":"max-video-preview:-1"},"canonical":"https:\/\/diplomashops.com\/ro\/about-us\/","og_locale":"ro_RO","og_type":"article","og_title":"About us - DiplomaShops.com - Buy Diploma Online | Fast &amp; Secure Service","og_description":"Learn about DiplomaShops.com - trusted diploma service since 2018. Quality, privacy, and fast delivery worldwide. Meet our team today!","og_url":"https:\/\/diplomashops.com\/ro\/about-us\/","og_site_name":"DiplomaShops.com - Buy Diploma Online | Fast &amp; Secure Service","article_modified_time":"2026-03-14T16:06:08+00:00","og_image":[{"width":300,"height":211,"url":"https:\/\/diplomashops.com\/wp-content\/uploads\/2026\/03\/buy-diploma.webp","type":"image\/webp"}],"twitter_card":"summary_large_image","twitter_misc":{"Timp estimat pentru citire":"5 minute"},"schema":{"@context":"https:\/\/schema.org","@graph":[{"@type":"WebPage","@id":"https:\/\/diplomashops.com\/about-us\/","url":"https:\/\/diplomashops.com\/about-us\/","name":"Despre noi - DiplomaShops.com - Cumpara Diploma Online | Fast &amp; Secure Service","isPartOf":{"@id":"https:\/\/diplomashops.com\/#website"},"primaryImageOfPage":{"@id":"https:\/\/diplomashops.com\/about-us\/#primaryimage"},"image":{"@id":"https:\/\/diplomashops.com\/about-us\/#primaryimage"},"thumbnailUrl":"https:\/\/diplomashops.com\/wp-content\/uploads\/2026\/03\/buy-diploma.webp","datePublished":"2026-03-14T15:41:58+00:00","dateModified":"2026-03-14T16:06:08+00:00","description":"Afla\u021bi mai multe despre DiplomaShops.com - serviciu de diplom\u0103 de \u00eencredere din 2018. Calitate, confiden\u021bialitate \u0219i livrare rapid\u0103 \u00een \u00eentreaga lume. Face\u021bi cuno\u0219tin\u021b\u0103 cu echipa noastr\u0103 ast\u0103zi!","breadcrumb":{"@id":"https:\/\/diplomashops.com\/about-us\/#breadcrumb"},"inLanguage":"ro-RO","potentialAction":[{"@type":"ReadAction","target":["https:\/\/diplomashops.com\/about-us\/"]}]},{"@type":"ImageObject","inLanguage":"ro-RO","@id":"https:\/\/diplomashops.com\/about-us\/#primaryimage","url":"https:\/\/diplomashops.com\/wp-content\/uploads\/2026\/03\/buy-diploma.webp","contentUrl":"https:\/\/diplomashops.com\/wp-content\/uploads\/2026\/03\/buy-diploma.webp"},{"@type":"BreadcrumbList","@id":"https:\/\/diplomashops.com\/about-us\/#breadcrumb","itemListElement":[{"@type":"ListItem","position":1,"name":"Home","item":"https:\/\/diplomashops.com\/"},{"@type":"ListItem","position":2,"name":"About us"}]},{"@type":"WebSite","@id":"https:\/\/diplomashops.com\/#website","url":"https:\/\/diplomashops.com\/","name":"DiplomaShops.com - Cump\u0103ra\u021bi diploma online | Serviciu rapid \u0219i sigur","description":"Cump\u0103ra\u021bi o diplom\u0103 online Livrat\u0103 \u00een \u00eentreaga lume - Comanda\u021bi certificatul dvs. ast\u0103zi","potentialAction":[{"@type":"SearchAction","target":{"@type":"EntryPoint","urlTemplate":"https:\/\/diplomashops.com\/?s={search_term_string}"},"query-input":{"@type":"PropertyValueSpecification","valueRequired":true,"valueName":"search_term_string"}}],"inLanguage":"ro-RO"}]}},"_links":{"self":[{"href":"https:\/\/diplomashops.com\/ro\/wp-json\/wp\/v2\/pages\/36","targetHints":{"allow":["GET"]}}],"collection":[{"href":"https:\/\/diplomashops.com\/ro\/wp-json\/wp\/v2\/pages"}],"about":[{"href":"https:\/\/diplomashops.com\/ro\/wp-json\/wp\/v2\/types\/page"}],"author":[{"embeddable":true,"href":"https:\/\/diplomashops.com\/ro\/wp-json\/wp\/v2\/users\/1"}],"replies":[{"embeddable":true,"href":"https:\/\/diplomashops.com\/ro\/wp-json\/wp\/v2\/comments?post=36"}],"version-history":[{"count":3,"href":"https:\/\/diplomashops.com\/ro\/wp-json\/wp\/v2\/pages\/36\/revisions"}],"predecessor-version":[{"id":94,"href":"https:\/\/diplomashops.com\/ro\/wp-json\/wp\/v2\/pages\/36\/revisions\/94"}],"wp:attachment":[{"href":"https:\/\/diplomashops.com\/ro\/wp-json\/wp\/v2\/media?parent=36"}],"curies":[{"name":"wp","href":"https:\/\/api.w.org\/{rel}","templated":true}]}}