{"id":6,"date":"2026-03-12T21:48:39","date_gmt":"2026-03-12T21:48:39","guid":{"rendered":"https:\/\/diplomashops.com\/?page_id=6"},"modified":"2026-03-14T16:05:39","modified_gmt":"2026-03-14T16:05:39","slug":"buy-diploma","status":"publish","type":"page","link":"https:\/\/diplomashops.com\/ro\/","title":{"rendered":"Cump\u0103ra\u021bi diploma"},"content":{"rendered":"<h2 class=\"wp-block-heading\">C\u0103uta\u021bi mai multe informa\u021bii despre o diplom\u0103, un grad sau un certificat?<\/h2>\n\n\n\n<p>C\u0103uta\u021bi s\u0103 cump\u0103ra\u021bi o diplom\u0103 online rapid \u0219i sigur? Fie c\u0103 ave\u021bi nevoie de o diplom\u0103 de liceu, o diplom\u0103 universitar\u0103 sau un certificat profesional, DiplomaShops.com ofer\u0103 servicii legitime de diplom\u0103 cu livrare \u00een \u00eentreaga lume. Ob\u021bine\u021bi rapid diploma dvs. cu aspect autentic - perfect\u0103 pentru cererile de angajare, imigra\u021bie sau dosare personale. Serviciul nostru discret asigur\u0103 confiden\u021bialitatea \u0219i calitatea \u00een care pute\u021bi avea \u00eencredere.<\/p>\n\n\n\n<figure class=\"wp-block-image size-full\"><img loading=\"lazy\" decoding=\"async\" width=\"300\" height=\"211\" src=\"https:\/\/diplomashops.com\/wp-content\/uploads\/2026\/03\/buy-diploma.webp\" alt=\"cump\u0103ra diplom\u0103\" class=\"wp-image-88\" srcset=\"https:\/\/diplomashops.com\/wp-content\/uploads\/2026\/03\/buy-diploma.webp 300w, https:\/\/diplomashops.com\/wp-content\/uploads\/2026\/03\/buy-diploma-18x12.webp 18w\" sizes=\"auto, (max-width: 300px) 100vw, 300px\" \/><\/figure>\n\n\n\n<h3 class=\"wp-block-heading\">De ce s\u0103 alege\u021bi serviciile noastre de diplom\u0103?<\/h3>\n\n\n\n<h4 class=\"wp-block-heading\">Diplome cu aspect autentic<\/h4>\n\n\n\n<p>Atunci c\u00e2nd cump\u0103ra\u021bi o diplom\u0103 universitar\u0103 sau orice certificat academic de la noi, primi\u021bi o reproducere de \u00eenalt\u0103 calitate care reflect\u0103 documentele oficiale. Designerii no\u0219tri exper\u021bi folosesc materiale premium \u0219i o formatare precis\u0103 pentru a crea acredit\u0103ri care \u00eendeplinesc standardele profesionale.<\/p>\n\n\n\n<h4 class=\"wp-block-heading\">Procesare rapid\u0103 \u0219i expediere \u00een \u00eentreaga lume<\/h4>\n\n\n\n<p>Ave\u021bi nevoie urgent\u0103 de diploma dumneavoastr\u0103? Oferim procesare accelerat\u0103, majoritatea comenzilor fiind finalizate \u00een 24-48 de ore. Re\u021beaua noastr\u0103 global\u0103 de transport livreaz\u0103 \u00een peste 20 de \u021b\u0103ri, inclusiv SUA, Marea Britanie, Canada, Germania, Olanda, Fran\u021ba, Australia \u0219i multe altele - cu urm\u0103rire inclus\u0103 pentru lini\u0219tea dumneavoastr\u0103.<\/p>\n\n\n\n<h4 class=\"wp-block-heading\">Confiden\u021bialitate complet\u0103 garantat\u0103<\/h4>\n\n\n\n<p>Toate documentele sunt expediate \u00een ambalaje simple, nemarcate. Nu divulg\u0103m niciodat\u0103 informa\u021biile dvs. personale sau detaliile comenzii c\u0103tre ter\u021be p\u0103r\u021bi. Confiden\u021bialitatea dumneavoastr\u0103 este prioritatea noastr\u0103 principal\u0103 atunci c\u00e2nd alege\u021bi s\u0103 cump\u0103ra\u021bi servicii de diplom\u0103 online.<\/p>\n\n\n\n<h4 class=\"wp-block-heading\">Asisten\u021b\u0103 multilingv\u0103 pentru clien\u021bi<\/h4>\n\n\n\n<p>Echipa noastr\u0103 vorbe\u0219te peste 20 de limbi, facilit\u00e2nd comunicarea, indiferent dac\u0103 v\u0103 afla\u021bi \u00een Europa, America de Nord sau \u00een alt\u0103 parte. Contacta\u021bi-ne oric\u00e2nd pentru asisten\u021b\u0103 cu privire la comanda dvs. de diplome.<\/p>\n\n\n\n<figure class=\"wp-block-image size-full\"><img loading=\"lazy\" decoding=\"async\" width=\"300\" height=\"216\" src=\"https:\/\/diplomashops.com\/wp-content\/uploads\/2026\/03\/buy-diploma-degree-certificate-online.webp\" alt=\"Cump\u0103ra\u021bi diploma de grad certificat online\" class=\"wp-image-87\" srcset=\"https:\/\/diplomashops.com\/wp-content\/uploads\/2026\/03\/buy-diploma-degree-certificate-online.webp 300w, https:\/\/diplomashops.com\/wp-content\/uploads\/2026\/03\/buy-diploma-degree-certificate-online-18x12.webp 18w\" sizes=\"auto, (max-width: 300px) 100vw, 300px\" \/><\/figure>\n\n\n\n<hr class=\"wp-block-separator has-alpha-channel-opacity\"\/>\n\n\n\n<h3 class=\"wp-block-heading\">Tipuri de diplome populare pe care le oferim<\/h3>\n\n\n\n<h4 class=\"wp-block-heading\">Diplome de liceu<\/h4>\n\n\n\n<p>V-a\u021bi pierdut diploma original\u0103 de liceu? Ave\u021bi nevoie de un \u00eenlocuitor pentru cererile de angajare? Noi cre\u0103m reproduceri exacte care corespund formatelor oficiale ale \u0219colilor din SUA, Marea Britanie, Canada \u0219i Europa.<\/p>\n\n\n\n<h4 class=\"wp-block-heading\">Diplome de licen\u021b\u0103 \u0219i masterat<\/h4>\n\n\n\n<p>Cump\u0103ra\u021bi o diplom\u0103 de licen\u021b\u0103 sau un certificat de grad avansat cu \u00eencredere. Diplomele noastre universitare sunt concepute pentru a reflecta acredit\u0103rile academice reale de la institu\u021bii recunoscute la nivel mondial.<\/p>\n\n\n\n<h4 class=\"wp-block-heading\">Certificate profesionale<\/h4>\n\n\n\n<p>De la certific\u0103ri IT la acredit\u0103ri \u00een domeniul s\u0103n\u0103t\u0103\u021bii, oferim diplome profesionale pentru diverse industrii. Perfect pentru avansarea \u00een carier\u0103 sau pentru \u00eendeplinirea cerin\u021belor de licen\u021biere.<\/p>\n\n\n\n<h4 class=\"wp-block-heading\">Design personalizat al diplomei<\/h4>\n\n\n\n<p>Ave\u021bi nevoie de ceva specific? Serviciul nostru de design personalizat v\u0103 permite s\u0103 crea\u021bi diplome unice, adaptate la cerin\u021bele dvs. exacte - ideale pentru \u00eentreprinderi, organiza\u021bii sau ocazii speciale.<\/p>\n\n\n\n<figure class=\"wp-block-image size-full\"><img loading=\"lazy\" decoding=\"async\" width=\"300\" height=\"212\" src=\"https:\/\/diplomashops.com\/wp-content\/uploads\/2026\/03\/Buy-a-university-master-bachelor-diploma-online.webp\" alt=\"Cump\u0103ra\u021bi o diplom\u0103 universitar\u0103 de masterat online\" class=\"wp-image-86\" srcset=\"https:\/\/diplomashops.com\/wp-content\/uploads\/2026\/03\/Buy-a-university-master-bachelor-diploma-online.webp 300w, https:\/\/diplomashops.com\/wp-content\/uploads\/2026\/03\/Buy-a-university-master-bachelor-diploma-online-18x12.webp 18w\" sizes=\"auto, (max-width: 300px) 100vw, 300px\" \/><\/figure>\n\n\n\n<hr class=\"wp-block-separator has-alpha-channel-opacity\"\/>\n\n\n\n<h3 class=\"wp-block-heading\">Cum s\u0103 v\u0103 cump\u0103ra\u021bi diploma - proces simplu \u00een 4 pa\u0219i<\/h3>\n\n\n\n<h4 class=\"wp-block-heading\">Pasul 1: Alege\u021bi tipul de diplom\u0103<\/h4>\n\n\n\n<p>R\u0103sfoi\u021bi colec\u021bia noastr\u0103 de diplome academice \u0219i profesionale. Selecta\u021bi din \u0219abloanele prestabilite sau opta\u021bi pentru serviciul nostru de design personalizat pentru diplome personalizate.<\/p>\n\n\n\n<h4 class=\"wp-block-heading\">Pasul 2: Furniza\u021bi detaliile dvs.<\/h4>\n\n\n\n<p>Completa\u021bi toate informa\u021biile necesare, inclusiv numele dvs., data absolvirii, numele institu\u021biei, titlul diplomei \u0219i orice alte detalii relevante pentru personalizare.<\/p>\n\n\n\n<h4 class=\"wp-block-heading\">Pasul 3: Procesarea securizat\u0103 a pl\u0103\u021bilor<\/h4>\n\n\n\n<p>Finaliza\u021bi-v\u0103 comanda cu sistemul nostru de plat\u0103 sigur. Accept\u0103m principalele carduri de credit, PayPal \u0219i transferuri bancare. Toate tranzac\u021biile sunt criptate pentru securitate maxim\u0103.<\/p>\n\n\n\n<h4 class=\"wp-block-heading\">Pasul 4: Livrare rapid\u0103 la u\u0219a dumneavoastr\u0103<\/h4>\n\n\n\n<p>Odat\u0103 procesat\u0103, diploma dvs. este expediat\u0103 \u00een termen de 24 de ore prin po\u0219t\u0103. Majoritatea clien\u021bilor \u00ee\u0219i primesc documentele \u00een termen de 5-10 zile lucr\u0103toare oriunde \u00een lume.<\/p>\n\n\n\n<hr class=\"wp-block-separator has-alpha-channel-opacity\"\/>\n\n\n\n<h3 class=\"wp-block-heading\">\u00centreb\u0103ri frecvente despre cump\u0103rarea de diplome<\/h3>\n\n\n\n<h4 class=\"wp-block-heading\">Este sigur s\u0103 cumperi diploma online?<\/h4>\n\n\n\n<p>Da, atunci c\u00e2nd alege\u021bi un furnizor de renume precum DiplomaShops.com. Noi acord\u0103m prioritate securit\u0103\u021bii clien\u021bilor cu pl\u0103\u021bi criptate, transport privat \u0219i politici stricte de confiden\u021bialitate.<\/p>\n\n\n\n<h4 class=\"wp-block-heading\">Pot folosi acest lucru pentru angajare?<\/h4>\n\n\n\n<p>Mul\u021bi angajatori accept\u0103 copii ale diplomelor \u00een scopuri de referin\u021b\u0103. Cu toate acestea, consulta\u021bi \u00eentotdeauna angajatorul cu privire la cerin\u021bele sale \u00een materie de verificare a documentelor \u00eenainte de a prezenta orice titlu de studii.<\/p>\n\n\n\n<h4 class=\"wp-block-heading\">Ce se \u00eent\u00e2mpl\u0103 dac\u0103 am nevoie urgent\u0103 de diploma mea?<\/h4>\n\n\n\n<p>Oferim procesare urgent\u0103 cu finalizare \u00een aceea\u0219i zi disponibil\u0103 pentru comenzi de urgen\u021b\u0103. Contacta\u021bi-ne pentru op\u021biuni de servicii accelerate.<\/p>\n\n\n\n<h4 class=\"wp-block-heading\">Oferi\u021bi versiuni PDF digitale?<\/h4>\n\n\n\n<p>Absolut! \u00cempreun\u0103 cu diplomele fizice, oferim copii digitale de \u00eenalt\u0103 rezolu\u021bie, perfecte pentru trimiterea online sau prin e-mail.<\/p>\n\n\n\n<hr class=\"wp-block-separator has-alpha-channel-opacity\"\/>\n\n\n\n<h3 class=\"wp-block-heading\">Sunte\u021bi gata s\u0103 v\u0103 cump\u0103ra\u021bi diploma ast\u0103zi?<\/h3>\n\n\n\n<p>Nu l\u0103sa\u021bi documenta\u021bia lips\u0103 s\u0103 v\u0103 re\u021bin\u0103. Fie c\u0103 trebuie s\u0103 cump\u0103ra\u021bi o diplom\u0103 pentru a aplica la un loc de munc\u0103, s\u0103 \u00eenlocui\u021bi un certificat pierdut sau s\u0103 ob\u021bine\u021bi rapid acredit\u0103ri academice, DiplomaShops.com v\u0103 acoper\u0103. Face\u021bi clic pe <a href=\"https:\/\/diplomashops.com\/ro\/contact\/\">contact<\/a> \u0219i s\u0103 ne scrie\u021bi. <\/p>\n\n\n\n<p>Comanda\u021bi acum pentru un serviciu rapid, discret, cu livrare \u00een \u00eentreaga lume.<\/p>\n\n\n\n<p>\ud83d\udce7 Trimite\u021bi-ne un e-mail:&nbsp;<a href=\"mailto:DiplomaShops247@gmail.com\" rel=\"noreferrer noopener\" target=\"_blank\">DiplomaShops247@gmail.com<\/a><br>\ud83c\udf10 Vizita\u021bi portalul nostru securizat de comenzi<br>\ud83d\ude9a Transport maritim mondial cu urm\u0103rire<\/p>\n\n\n\n<figure class=\"wp-block-image size-full is-resized\"><img loading=\"lazy\" decoding=\"async\" width=\"1024\" height=\"724\" src=\"https:\/\/diplomashops.com\/wp-content\/uploads\/2026\/03\/Buy-replacement-diploma-online.jpg\" alt=\"Cump\u0103ra\u021bi diploma de \u00eenlocuire online\" class=\"wp-image-89\" style=\"width:381px;height:auto\" srcset=\"https:\/\/diplomashops.com\/wp-content\/uploads\/2026\/03\/Buy-replacement-diploma-online.jpg 1024w, https:\/\/diplomashops.com\/wp-content\/uploads\/2026\/03\/Buy-replacement-diploma-online-300x212.jpg 300w, https:\/\/diplomashops.com\/wp-content\/uploads\/2026\/03\/Buy-replacement-diploma-online-768x543.jpg 768w, https:\/\/diplomashops.com\/wp-content\/uploads\/2026\/03\/Buy-replacement-diploma-online-18x12.jpg 18w\" sizes=\"auto, (max-width: 1024px) 100vw, 1024px\" \/><\/figure>","protected":false},"excerpt":{"rendered":"<p>Are you searching more information about a diploma, degree or certificate? Looking to&nbsp;buy a diploma online&nbsp;quickly and securely? Whether you [&hellip;]<\/p>\n","protected":false},"author":1,"featured_media":0,"parent":0,"menu_order":0,"comment_status":"closed","ping_status":"closed","template":"","meta":{"site-sidebar-layout":"default","site-content-layout":"","ast-site-content-layout":"default","site-content-style":"default","site-sidebar-style":"default","ast-global-header-display":"","ast-banner-title-visibility":"","ast-main-header-display":"","ast-hfb-above-header-display":"","ast-hfb-below-header-display":"","ast-hfb-mobile-header-display":"","site-post-title":"","ast-breadcrumbs-content":"","ast-featured-img":"","footer-sml-layout":"","ast-disable-related-posts":"","theme-transparent-header-meta":"","adv-header-id-meta":"","stick-header-meta":"","header-above-stick-meta":"","header-main-stick-meta":"","header-below-stick-meta":"","astra-migrate-meta-layouts":"default","ast-page-background-enabled":"default","ast-page-background-meta":{"desktop":{"background-color":"var(--ast-global-color-5)","background-image":"","background-repeat":"repeat","background-position":"center center","background-size":"auto","background-attachment":"scroll","background-type":"","background-media":"","overlay-type":"","overlay-color":"","overlay-opacity":"","overlay-gradient":""},"tablet":{"background-color":"","background-image":"","background-repeat":"repeat","background-position":"center center","background-size":"auto","background-attachment":"scroll","background-type":"","background-media":"","overlay-type":"","overlay-color":"","overlay-opacity":"","overlay-gradient":""},"mobile":{"background-color":"","background-image":"","background-repeat":"repeat","background-position":"center center","background-size":"auto","background-attachment":"scroll","background-type":"","background-media":"","overlay-type":"","overlay-color":"","overlay-opacity":"","overlay-gradient":""}},"ast-content-background-meta":{"desktop":{"background-color":"var(--ast-global-color-4)","background-image":"","background-repeat":"repeat","background-position":"center center","background-size":"auto","background-attachment":"scroll","background-type":"","background-media":"","overlay-type":"","overlay-color":"","overlay-opacity":"","overlay-gradient":""},"tablet":{"background-color":"var(--ast-global-color-4)","background-image":"","background-repeat":"repeat","background-position":"center center","background-size":"auto","background-attachment":"scroll","background-type":"","background-media":"","overlay-type":"","overlay-color":"","overlay-opacity":"","overlay-gradient":""},"mobile":{"background-color":"var(--ast-global-color-4)","background-image":"","background-repeat":"repeat","background-position":"center center","background-size":"auto","background-attachment":"scroll","background-type":"","background-media":"","overlay-type":"","overlay-color":"","overlay-opacity":"","overlay-gradient":""}},"footnotes":""},"class_list":["post-6","page","type-page","status-publish","hentry"],"yoast_head":"<!-- This site is optimized with the Yoast SEO plugin v27.5 - https:\/\/yoast.com\/product\/yoast-seo-wordpress\/ -->\n<title>Buy Diploma - DiplomaShops.com - Buy Diploma Online | Fast &amp; Secure Service<\/title>\n<meta name=\"description\" content=\"Buy diploma online fast &amp; securely. Get authentic high school, university &amp; professional diplomas delivered worldwide.\" \/>\n<meta name=\"robots\" content=\"index, follow, max-snippet:-1, max-image-preview:large, max-video-preview:-1\" \/>\n<link rel=\"canonical\" href=\"https:\/\/diplomashops.com\/ro\/\" \/>\n<meta property=\"og:locale\" content=\"ro_RO\" \/>\n<meta property=\"og:type\" content=\"article\" \/>\n<meta property=\"og:title\" content=\"Buy Diploma - DiplomaShops.com - Buy Diploma Online | Fast &amp; Secure Service\" \/>\n<meta property=\"og:description\" content=\"Buy diploma online fast &amp; securely. Get authentic high school, university &amp; professional diplomas delivered worldwide.\" \/>\n<meta property=\"og:url\" content=\"https:\/\/diplomashops.com\/ro\/\" \/>\n<meta property=\"og:site_name\" content=\"DiplomaShops.com - Buy Diploma Online | Fast &amp; Secure Service\" \/>\n<meta property=\"article:modified_time\" content=\"2026-03-14T16:05:39+00:00\" \/>\n<meta property=\"og:image\" content=\"https:\/\/diplomashops.com\/wp-content\/uploads\/2026\/03\/buy-diploma.webp\" \/>\n\t<meta property=\"og:image:width\" content=\"300\" \/>\n\t<meta property=\"og:image:height\" content=\"211\" \/>\n\t<meta property=\"og:image:type\" content=\"image\/webp\" \/>\n<meta name=\"twitter:card\" content=\"summary_large_image\" \/>\n<meta name=\"twitter:label1\" content=\"Timp estimat pentru citire\" \/>\n\t<meta name=\"twitter:data1\" content=\"4 minute\" \/>\n<script type=\"application\/ld+json\" class=\"yoast-schema-graph\">{\"@context\":\"https:\\\/\\\/schema.org\",\"@graph\":[{\"@type\":\"WebPage\",\"@id\":\"https:\\\/\\\/diplomashops.com\\\/\",\"url\":\"https:\\\/\\\/diplomashops.com\\\/\",\"name\":\"Buy Diploma - DiplomaShops.com - Buy Diploma Online | Fast &amp; Secure Service\",\"isPartOf\":{\"@id\":\"https:\\\/\\\/diplomashops.com\\\/#website\"},\"primaryImageOfPage\":{\"@id\":\"https:\\\/\\\/diplomashops.com\\\/#primaryimage\"},\"image\":{\"@id\":\"https:\\\/\\\/diplomashops.com\\\/#primaryimage\"},\"thumbnailUrl\":\"https:\\\/\\\/diplomashops.com\\\/wp-content\\\/uploads\\\/2026\\\/03\\\/buy-diploma.webp\",\"datePublished\":\"2026-03-12T21:48:39+00:00\",\"dateModified\":\"2026-03-14T16:05:39+00:00\",\"description\":\"Buy diploma online fast & securely. Get authentic high school, university & professional diplomas delivered worldwide.\",\"breadcrumb\":{\"@id\":\"https:\\\/\\\/diplomashops.com\\\/#breadcrumb\"},\"inLanguage\":\"ro-RO\",\"potentialAction\":[{\"@type\":\"ReadAction\",\"target\":[\"https:\\\/\\\/diplomashops.com\\\/\"]}]},{\"@type\":\"ImageObject\",\"inLanguage\":\"ro-RO\",\"@id\":\"https:\\\/\\\/diplomashops.com\\\/#primaryimage\",\"url\":\"https:\\\/\\\/diplomashops.com\\\/wp-content\\\/uploads\\\/2026\\\/03\\\/buy-diploma.webp\",\"contentUrl\":\"https:\\\/\\\/diplomashops.com\\\/wp-content\\\/uploads\\\/2026\\\/03\\\/buy-diploma.webp\"},{\"@type\":\"BreadcrumbList\",\"@id\":\"https:\\\/\\\/diplomashops.com\\\/#breadcrumb\",\"itemListElement\":[{\"@type\":\"ListItem\",\"position\":1,\"name\":\"Home\",\"item\":\"https:\\\/\\\/diplomashops.com\\\/\"},{\"@type\":\"ListItem\",\"position\":2,\"name\":\"Buy Diploma\"}]},{\"@type\":\"WebSite\",\"@id\":\"https:\\\/\\\/diplomashops.com\\\/#website\",\"url\":\"https:\\\/\\\/diplomashops.com\\\/\",\"name\":\"DiplomaShops.com - Buy Diploma Online | Fast &amp; Secure Service\",\"description\":\"Buy a Diploma online Delivered Worldwide - Order Your Certificate Today\",\"potentialAction\":[{\"@type\":\"SearchAction\",\"target\":{\"@type\":\"EntryPoint\",\"urlTemplate\":\"https:\\\/\\\/diplomashops.com\\\/?s={search_term_string}\"},\"query-input\":{\"@type\":\"PropertyValueSpecification\",\"valueRequired\":true,\"valueName\":\"search_term_string\"}}],\"inLanguage\":\"ro-RO\"}]}<\/script>\n<!-- \/ Yoast SEO plugin. -->","yoast_head_json":{"title":"Cumpara Diploma - DiplomaShops.com - Cumpara Diploma Online | Fast &amp; Secure Service","description":"Cump\u0103ra\u021bi diplome online rapid \u0219i sigur. Ob\u021bine\u021bi diplome autentice de liceu, universitare \u0219i profesionale livrate \u00een \u00eentreaga lume.","robots":{"index":"index","follow":"follow","max-snippet":"max-snippet:-1","max-image-preview":"max-image-preview:large","max-video-preview":"max-video-preview:-1"},"canonical":"https:\/\/diplomashops.com\/ro\/","og_locale":"ro_RO","og_type":"article","og_title":"Buy Diploma - DiplomaShops.com - Buy Diploma Online | Fast &amp; Secure Service","og_description":"Buy diploma online fast & securely. Get authentic high school, university & professional diplomas delivered worldwide.","og_url":"https:\/\/diplomashops.com\/ro\/","og_site_name":"DiplomaShops.com - Buy Diploma Online | Fast &amp; Secure Service","article_modified_time":"2026-03-14T16:05:39+00:00","og_image":[{"width":300,"height":211,"url":"https:\/\/diplomashops.com\/wp-content\/uploads\/2026\/03\/buy-diploma.webp","type":"image\/webp"}],"twitter_card":"summary_large_image","twitter_misc":{"Timp estimat pentru citire":"4 minute"},"schema":{"@context":"https:\/\/schema.org","@graph":[{"@type":"WebPage","@id":"https:\/\/diplomashops.com\/","url":"https:\/\/diplomashops.com\/","name":"Cumpara Diploma - DiplomaShops.com - Cumpara Diploma Online | Fast &amp; Secure Service","isPartOf":{"@id":"https:\/\/diplomashops.com\/#website"},"primaryImageOfPage":{"@id":"https:\/\/diplomashops.com\/#primaryimage"},"image":{"@id":"https:\/\/diplomashops.com\/#primaryimage"},"thumbnailUrl":"https:\/\/diplomashops.com\/wp-content\/uploads\/2026\/03\/buy-diploma.webp","datePublished":"2026-03-12T21:48:39+00:00","dateModified":"2026-03-14T16:05:39+00:00","description":"Cump\u0103ra\u021bi diplome online rapid \u0219i sigur. Ob\u021bine\u021bi diplome autentice de liceu, universitare \u0219i profesionale livrate \u00een \u00eentreaga lume.","breadcrumb":{"@id":"https:\/\/diplomashops.com\/#breadcrumb"},"inLanguage":"ro-RO","potentialAction":[{"@type":"ReadAction","target":["https:\/\/diplomashops.com\/"]}]},{"@type":"ImageObject","inLanguage":"ro-RO","@id":"https:\/\/diplomashops.com\/#primaryimage","url":"https:\/\/diplomashops.com\/wp-content\/uploads\/2026\/03\/buy-diploma.webp","contentUrl":"https:\/\/diplomashops.com\/wp-content\/uploads\/2026\/03\/buy-diploma.webp"},{"@type":"BreadcrumbList","@id":"https:\/\/diplomashops.com\/#breadcrumb","itemListElement":[{"@type":"ListItem","position":1,"name":"Home","item":"https:\/\/diplomashops.com\/"},{"@type":"ListItem","position":2,"name":"Buy Diploma"}]},{"@type":"WebSite","@id":"https:\/\/diplomashops.com\/#website","url":"https:\/\/diplomashops.com\/","name":"DiplomaShops.com - Cump\u0103ra\u021bi diploma online | Serviciu rapid \u0219i sigur","description":"Cump\u0103ra\u021bi o diplom\u0103 online Livrat\u0103 \u00een \u00eentreaga lume - Comanda\u021bi certificatul dvs. ast\u0103zi","potentialAction":[{"@type":"SearchAction","target":{"@type":"EntryPoint","urlTemplate":"https:\/\/diplomashops.com\/?s={search_term_string}"},"query-input":{"@type":"PropertyValueSpecification","valueRequired":true,"valueName":"search_term_string"}}],"inLanguage":"ro-RO"}]}},"_links":{"self":[{"href":"https:\/\/diplomashops.com\/ro\/wp-json\/wp\/v2\/pages\/6","targetHints":{"allow":["GET"]}}],"collection":[{"href":"https:\/\/diplomashops.com\/ro\/wp-json\/wp\/v2\/pages"}],"about":[{"href":"https:\/\/diplomashops.com\/ro\/wp-json\/wp\/v2\/types\/page"}],"author":[{"embeddable":true,"href":"https:\/\/diplomashops.com\/ro\/wp-json\/wp\/v2\/users\/1"}],"replies":[{"embeddable":true,"href":"https:\/\/diplomashops.com\/ro\/wp-json\/wp\/v2\/comments?post=6"}],"version-history":[{"count":13,"href":"https:\/\/diplomashops.com\/ro\/wp-json\/wp\/v2\/pages\/6\/revisions"}],"predecessor-version":[{"id":93,"href":"https:\/\/diplomashops.com\/ro\/wp-json\/wp\/v2\/pages\/6\/revisions\/93"}],"wp:attachment":[{"href":"https:\/\/diplomashops.com\/ro\/wp-json\/wp\/v2\/media?parent=6"}],"curies":[{"name":"wp","href":"https:\/\/api.w.org\/{rel}","templated":true}]}}