{"id":21,"date":"2026-03-14T15:35:38","date_gmt":"2026-03-14T15:35:38","guid":{"rendered":"https:\/\/diplomashops.com\/?page_id=21"},"modified":"2026-03-14T16:06:33","modified_gmt":"2026-03-14T16:06:33","slug":"kontakt","status":"publish","type":"page","link":"https:\/\/diplomashops.com\/sk\/contact\/","title":{"rendered":"Kontakt"},"content":{"rendered":"<h2 class=\"wp-block-heading\">Kontaktujte n\u00e1s - Z\u00edskajte pomoc pri k\u00fape diplomu<\/h2>\n\n\n\n<h3 class=\"wp-block-heading\">Viacero sp\u00f4sobov, ako n\u00e1s kontaktova\u0165<\/h3>\n\n\n\n<h4 class=\"wp-block-heading\">\ud83d\udce7 E-mailov\u00e1 podpora<\/h4>\n\n\n\n<p>Po\u0161lite n\u00e1m kedyko\u013evek spr\u00e1vu na adresu&nbsp;<a href=\"mailto:DiplomaShops247@gmail.com\" target=\"_blank\" rel=\"noreferrer noopener\">DiplomaShops247@gmail.com<\/a>. Garantujeme v\u00e1m odpove\u010f do 60 min\u00fat po\u010das na\u0161ej pracovnej doby.<\/p>\n\n\n\n<h4 class=\"wp-block-heading\">\ud83d\udcac WhatsApp Chat<\/h4>\n\n\n\n<p>Uprednost\u0148ujete okam\u017eit\u00e9 zasielanie spr\u00e1v? Spojte sa s nami priamo prostredn\u00edctvom aplik\u00e1cie WhatsApp a z\u00edskajte okam\u017eit\u00fa pomoc. Kliknite na tla\u010didlo WhatsApp v pravom dolnom rohu obrazovky alebo naskenujte QR k\u00f3d ni\u017e\u0161ie.<\/p>\n\n\n\n<h4 class=\"wp-block-heading\">\ud83c\udf10 Kontaktn\u00fd formul\u00e1r<\/h4>\n\n\n\n<p>Pomocou n\u00e1\u0161ho zabezpe\u010den\u00e9ho kontaktn\u00e9ho formul\u00e1ra ni\u017e\u0161ie n\u00e1m m\u00f4\u017eete posla\u0165 svoje ot\u00e1zky alebo pripomienky. Okam\u017eite sa v\u00e1m ozveme s u\u017eito\u010dn\u00fdmi rie\u0161eniami.<\/p>\n\n\n\n<figure class=\"wp-block-image size-full\"><img loading=\"lazy\" decoding=\"async\" width=\"300\" height=\"211\" src=\"https:\/\/diplomashops.com\/wp-content\/uploads\/2026\/03\/buy-diploma.webp\" alt=\"k\u00fapi\u0165 diplom\" class=\"wp-image-88\" srcset=\"https:\/\/diplomashops.com\/wp-content\/uploads\/2026\/03\/buy-diploma.webp 300w, https:\/\/diplomashops.com\/wp-content\/uploads\/2026\/03\/buy-diploma-18x12.webp 18w\" sizes=\"auto, (max-width: 300px) 100vw, 300px\" \/><\/figure>\n\n\n\n<hr class=\"wp-block-separator has-alpha-channel-opacity\"\/>\n\n\n\n<h3 class=\"wp-block-heading\">Pracovn\u00fd \u010das a \u010das odozvy<\/h3>\n\n\n\n<h4 class=\"wp-block-heading\">\u0160tandardn\u00fd \u010das odozvy: do 1 hodiny<\/h4>\n\n\n\n<p>Sme hrd\u00ed na r\u00fdchlu komunik\u00e1ciu. Po\u010das pracovnej doby o\u010dak\u00e1vajte odpove\u010f do 60 min\u00fat alebo sk\u00f4r.<\/p>\n\n\n\n<h4 class=\"wp-block-heading\">K dispoz\u00edcii je roz\u0161\u00edren\u00e1 podpora<\/h4>\n\n\n\n<p>Mimo be\u017en\u00fdch hod\u00edn? Zanechajte n\u00e1m spr\u00e1vu a my v\u00e1m odpovieme hne\u010f nasleduj\u00faci pracovn\u00fd de\u0148.<\/p>\n\n\n\n<h4 class=\"wp-block-heading\">Pokrytie v\u00edkendov a sviatkov<\/h4>\n\n\n\n<p>Nem\u00e1me v\u00edkendy ani sviatky. Sme online 24 hod\u00edn denne, 7 dn\u00ed v t\u00fd\u017edni.<\/p>\n\n\n\n<hr class=\"wp-block-separator has-alpha-channel-opacity\"\/>\n\n\n\n<h3 class=\"wp-block-heading\">\u010casto kontaktovan\u00e9 inform\u00e1cie<\/h3>\n\n\n\n<h4 class=\"wp-block-heading\">Stav objedn\u00e1vky a sledovanie<\/h4>\n\n\n\n<p>Potrebujete aktualizova\u0165 svoju objedn\u00e1vku diplomu? Chcete vedie\u0165, kedy v\u00e1\u0161 bal\u00edk doraz\u00ed? N\u00e1\u0161 t\u00edm poskytuje inform\u00e1cie o sledovan\u00ed v re\u00e1lnom \u010dase.<\/p>\n\n\n\n<h4 class=\"wp-block-heading\">Sp\u00f4soby platby a zabezpe\u010denie<\/h4>\n\n\n\n<p>M\u00e1te ot\u00e1zky o mo\u017enostiach platby, bezpe\u010dnosti transakci\u00ed alebo z\u00e1sad\u00e1ch vr\u00e1tenia pe\u0148az\u00ed? V\u0161etko vysvet\u013eujeme jasne a transparentne.<\/p>\n\n\n\n<h4 class=\"wp-block-heading\">\u017diadosti o prisp\u00f4sobenie diplomu<\/h4>\n\n\n\n<p>Nie ste si ist\u00ed, ktor\u00e1 \u0161abl\u00f3na vyhovuje va\u0161im potreb\u00e1m? Chcete upravi\u0165 existuj\u00faci dizajn? Na\u0161i odborn\u00edci v\u00e1s preved\u00fa mo\u017enos\u0165ami prisp\u00f4sobenia.<\/p>\n\n\n\n<h4 class=\"wp-block-heading\">Inform\u00e1cie o medzin\u00e1rodnej preprave<\/h4>\n\n\n\n<p>Zauj\u00edma v\u00e1s \u010das doru\u010denia do va\u0161ej krajiny? Zauj\u00edma v\u00e1s coln\u00e9 konanie? Poskytujeme podrobn\u00e9 pokyny pre medzin\u00e1rodn\u00fa prepravu.<\/p>\n\n\n\n<figure class=\"wp-block-image size-full\"><img loading=\"lazy\" decoding=\"async\" width=\"300\" height=\"212\" src=\"https:\/\/diplomashops.com\/wp-content\/uploads\/2026\/03\/Buy-a-university-master-bachelor-diploma-online.webp\" alt=\"K\u00fapi\u0165 vysoko\u0161kolsk\u00fd magistersk\u00fd bakal\u00e1rsky diplom online\" class=\"wp-image-86\" srcset=\"https:\/\/diplomashops.com\/wp-content\/uploads\/2026\/03\/Buy-a-university-master-bachelor-diploma-online.webp 300w, https:\/\/diplomashops.com\/wp-content\/uploads\/2026\/03\/Buy-a-university-master-bachelor-diploma-online-18x12.webp 18w\" sizes=\"auto, (max-width: 300px) 100vw, 300px\" \/><\/figure>\n\n\n\n<hr class=\"wp-block-separator has-alpha-channel-opacity\"\/>\n\n\n\n<h3 class=\"wp-block-heading\">Kontaktn\u00e9 inform\u00e1cie WhatsApp<\/h3>\n\n\n\n<p>\ud83d\udd50 K dispoz\u00edcii: 24\/7 pre r\u00fdchle reakcie<br>\ud83d\udcac Podporovan\u00e9 jazyky: Angli\u010dtina, holand\u010dina, nem\u010dina, franc\u00faz\u0161tina, \u0161paniel\u010dina a \u010fal\u0161ie<\/p>\n\n\n\n<p><em>Kliknut\u00edm na ikonu WhatsApp na obrazovke m\u00f4\u017eete okam\u017eite za\u010da\u0165 chatova\u0165!<\/em><\/p>\n\n\n\n<hr class=\"wp-block-separator has-alpha-channel-opacity\"\/>\n\n\n\n<h3 class=\"wp-block-heading\">D\u00f4le\u017eit\u00e9 kontaktn\u00e9 inform\u00e1cie<\/h3>\n\n\n\n<h4 class=\"wp-block-heading\">E-mailov\u00e1 adresa<\/h4>\n\n\n\n<p><a href=\"mailto:DiplomaShops247@gmail.com\" rel=\"noreferrer noopener\" target=\"_blank\">DiplomaShops247@gmail.com<\/a><\/p>\n\n\n\n<h4 class=\"wp-block-heading\">Z\u00e1ruka reakcie<\/h4>\n\n\n\n<p>Do 1 hodiny po\u010das pracovn\u00fdch hod\u00edn<\/p>\n\n\n\n<h4 class=\"wp-block-heading\">Jazyky, ktor\u00fdmi sa hovor\u00ed<\/h4>\n\n\n\n<p>Angli\u010dtina, holand\u010dina, nem\u010dina, franc\u00faz\u0161tina, \u0161paniel\u010dina, talian\u010dina, portugal\u010dina, \u0161v\u00e9d\u010dina, n\u00f3r\u010dina, d\u00e1n\u010dina, f\u00edn\u010dina, po\u013e\u0161tina, \u010de\u0161tina, ma\u010far\u010dina, rumun\u010dina, bulhar\u010dina, gr\u00e9\u010dtina, ture\u010dtina, arab\u010dina, ru\u0161tina, \u010d\u00edn\u0161tina a \u010fal\u0161ie!<\/p>\n\n\n\n<h4 class=\"wp-block-heading\">\u010casov\u00e9 p\u00e1smo<\/h4>\n\n\n\n<p>Stredoeur\u00f3psky \u010das (CET\/CEST)<\/p>\n\n\n\n<hr class=\"wp-block-separator has-alpha-channel-opacity\"\/>\n\n\n\n<h3 class=\"wp-block-heading\">Predt\u00fdm, ako n\u00e1s kontaktujete<\/h3>\n\n\n\n<p>Pozrite si na\u0161u&nbsp;<a href=\"https:\/\/diplomashops.com\/sk\/faq\/\">\u010cASTO KLADEN\u00c9 OT\u00c1ZKY<\/a> na str\u00e1nke, kde n\u00e1jdete odpovede na \u010dast\u00e9 ot\u00e1zky t\u00fdkaj\u00face sa objedn\u00e1vania, platby, dopravy a \u0161pecifik\u00e1ci\u00ed diplomov. Mo\u017eno n\u00e1jdete presne to, \u010do potrebujete, bez \u010dakania! Ak si chcete pre\u010d\u00edta\u0165 viac, kliknite sem <a href=\"https:\/\/diplomashops.com\/sk\/o-nas\/\">o n\u00e1s<\/a>. <\/p>\n\n\n\n<hr class=\"wp-block-separator has-alpha-channel-opacity\"\/>\n\n\n\n<h3 class=\"wp-block-heading\">Potrebujete okam\u017eit\u00fa pomoc?<\/h3>\n\n\n\n<p>Kliknut\u00edm na tla\u010didlo WhatsApp v dolnom rohu obrazovky s nami m\u00f4\u017eete hne\u010f chatova\u0165. \u017diadne \u010dakanie - okam\u017eit\u00e1 pomoc od na\u0161ich \u0161pecialistov na podporu.<\/p>","protected":false},"excerpt":{"rendered":"<p>Contact Us \u2013 Get Help Buying Your Diploma Multiple Ways to Contact Us &#x1f4e7; Email Support Send us a message [&hellip;]<\/p>\n","protected":false},"author":1,"featured_media":0,"parent":0,"menu_order":0,"comment_status":"closed","ping_status":"closed","template":"","meta":{"site-sidebar-layout":"default","site-content-layout":"","ast-site-content-layout":"default","site-content-style":"default","site-sidebar-style":"default","ast-global-header-display":"","ast-banner-title-visibility":"","ast-main-header-display":"","ast-hfb-above-header-display":"","ast-hfb-below-header-display":"","ast-hfb-mobile-header-display":"","site-post-title":"","ast-breadcrumbs-content":"","ast-featured-img":"","footer-sml-layout":"","ast-disable-related-posts":"","theme-transparent-header-meta":"","adv-header-id-meta":"","stick-header-meta":"","header-above-stick-meta":"","header-main-stick-meta":"","header-below-stick-meta":"","astra-migrate-meta-layouts":"default","ast-page-background-enabled":"default","ast-page-background-meta":{"desktop":{"background-color":"var(--ast-global-color-5)","background-image":"","background-repeat":"repeat","background-position":"center center","background-size":"auto","background-attachment":"scroll","background-type":"","background-media":"","overlay-type":"","overlay-color":"","overlay-opacity":"","overlay-gradient":""},"tablet":{"background-color":"","background-image":"","background-repeat":"repeat","background-position":"center center","background-size":"auto","background-attachment":"scroll","background-type":"","background-media":"","overlay-type":"","overlay-color":"","overlay-opacity":"","overlay-gradient":""},"mobile":{"background-color":"","background-image":"","background-repeat":"repeat","background-position":"center center","background-size":"auto","background-attachment":"scroll","background-type":"","background-media":"","overlay-type":"","overlay-color":"","overlay-opacity":"","overlay-gradient":""}},"ast-content-background-meta":{"desktop":{"background-color":"var(--ast-global-color-4)","background-image":"","background-repeat":"repeat","background-position":"center center","background-size":"auto","background-attachment":"scroll","background-type":"","background-media":"","overlay-type":"","overlay-color":"","overlay-opacity":"","overlay-gradient":""},"tablet":{"background-color":"var(--ast-global-color-4)","background-image":"","background-repeat":"repeat","background-position":"center center","background-size":"auto","background-attachment":"scroll","background-type":"","background-media":"","overlay-type":"","overlay-color":"","overlay-opacity":"","overlay-gradient":""},"mobile":{"background-color":"var(--ast-global-color-4)","background-image":"","background-repeat":"repeat","background-position":"center center","background-size":"auto","background-attachment":"scroll","background-type":"","background-media":"","overlay-type":"","overlay-color":"","overlay-opacity":"","overlay-gradient":""}},"footnotes":""},"class_list":["post-21","page","type-page","status-publish","hentry"],"yoast_head":"<!-- This site is optimized with the Yoast SEO plugin v27.5 - https:\/\/yoast.com\/product\/yoast-seo-wordpress\/ -->\n<title>Contact - DiplomaShops.com - Buy Diploma Online | Fast &amp; Secure Service<\/title>\n<meta name=\"description\" content=\"Contact DiplomaShops.com for fast diploma service help. We respond within 1 hour via email or WhatsApp. Get assistance today!\" \/>\n<meta name=\"robots\" content=\"index, follow, max-snippet:-1, max-image-preview:large, max-video-preview:-1\" \/>\n<link rel=\"canonical\" href=\"https:\/\/diplomashops.com\/sk\/kontakt\/\" \/>\n<meta property=\"og:locale\" content=\"sk_SK\" \/>\n<meta property=\"og:type\" content=\"article\" \/>\n<meta property=\"og:title\" content=\"Contact - DiplomaShops.com - Buy Diploma Online | Fast &amp; Secure Service\" \/>\n<meta property=\"og:description\" content=\"Contact DiplomaShops.com for fast diploma service help. We respond within 1 hour via email or WhatsApp. Get assistance today!\" \/>\n<meta property=\"og:url\" content=\"https:\/\/diplomashops.com\/sk\/kontakt\/\" \/>\n<meta property=\"og:site_name\" content=\"DiplomaShops.com - Buy Diploma Online | Fast &amp; Secure Service\" \/>\n<meta property=\"article:modified_time\" content=\"2026-03-14T16:06:33+00:00\" \/>\n<meta property=\"og:image\" content=\"https:\/\/diplomashops.com\/wp-content\/uploads\/2026\/03\/buy-diploma.webp\" \/>\n\t<meta property=\"og:image:width\" content=\"300\" \/>\n\t<meta property=\"og:image:height\" content=\"211\" \/>\n\t<meta property=\"og:image:type\" content=\"image\/webp\" \/>\n<meta name=\"twitter:card\" content=\"summary_large_image\" \/>\n<meta name=\"twitter:label1\" content=\"Predpokladan\u00fd \u010das \u010d\u00edtania\" \/>\n\t<meta name=\"twitter:data1\" content=\"3 min\u00faty\" \/>\n<script type=\"application\/ld+json\" class=\"yoast-schema-graph\">{\"@context\":\"https:\\\/\\\/schema.org\",\"@graph\":[{\"@type\":\"WebPage\",\"@id\":\"https:\\\/\\\/diplomashops.com\\\/contact\\\/\",\"url\":\"https:\\\/\\\/diplomashops.com\\\/contact\\\/\",\"name\":\"Contact - DiplomaShops.com - Buy Diploma Online | Fast &amp; Secure Service\",\"isPartOf\":{\"@id\":\"https:\\\/\\\/diplomashops.com\\\/#website\"},\"primaryImageOfPage\":{\"@id\":\"https:\\\/\\\/diplomashops.com\\\/contact\\\/#primaryimage\"},\"image\":{\"@id\":\"https:\\\/\\\/diplomashops.com\\\/contact\\\/#primaryimage\"},\"thumbnailUrl\":\"https:\\\/\\\/diplomashops.com\\\/wp-content\\\/uploads\\\/2026\\\/03\\\/buy-diploma.webp\",\"datePublished\":\"2026-03-14T15:35:38+00:00\",\"dateModified\":\"2026-03-14T16:06:33+00:00\",\"description\":\"Contact DiplomaShops.com for fast diploma service help. We respond within 1 hour via email or WhatsApp. Get assistance today!\",\"breadcrumb\":{\"@id\":\"https:\\\/\\\/diplomashops.com\\\/contact\\\/#breadcrumb\"},\"inLanguage\":\"sk-SK\",\"potentialAction\":[{\"@type\":\"ReadAction\",\"target\":[\"https:\\\/\\\/diplomashops.com\\\/contact\\\/\"]}]},{\"@type\":\"ImageObject\",\"inLanguage\":\"sk-SK\",\"@id\":\"https:\\\/\\\/diplomashops.com\\\/contact\\\/#primaryimage\",\"url\":\"https:\\\/\\\/diplomashops.com\\\/wp-content\\\/uploads\\\/2026\\\/03\\\/buy-diploma.webp\",\"contentUrl\":\"https:\\\/\\\/diplomashops.com\\\/wp-content\\\/uploads\\\/2026\\\/03\\\/buy-diploma.webp\"},{\"@type\":\"BreadcrumbList\",\"@id\":\"https:\\\/\\\/diplomashops.com\\\/contact\\\/#breadcrumb\",\"itemListElement\":[{\"@type\":\"ListItem\",\"position\":1,\"name\":\"Home\",\"item\":\"https:\\\/\\\/diplomashops.com\\\/\"},{\"@type\":\"ListItem\",\"position\":2,\"name\":\"Contact\"}]},{\"@type\":\"WebSite\",\"@id\":\"https:\\\/\\\/diplomashops.com\\\/#website\",\"url\":\"https:\\\/\\\/diplomashops.com\\\/\",\"name\":\"DiplomaShops.com - Buy Diploma Online | Fast &amp; Secure Service\",\"description\":\"Buy a Diploma online Delivered Worldwide - Order Your Certificate Today\",\"potentialAction\":[{\"@type\":\"SearchAction\",\"target\":{\"@type\":\"EntryPoint\",\"urlTemplate\":\"https:\\\/\\\/diplomashops.com\\\/?s={search_term_string}\"},\"query-input\":{\"@type\":\"PropertyValueSpecification\",\"valueRequired\":true,\"valueName\":\"search_term_string\"}}],\"inLanguage\":\"sk-SK\"}]}<\/script>\n<!-- \/ Yoast SEO plugin. -->","yoast_head_json":{"title":"Kontakt - DiplomaShops.com - K\u00fapi\u0165 diplom online | Fast &amp; Secure Service","description":"Kontaktujte DiplomaShops.com pre r\u00fdchlu pomoc pri vyd\u00e1van\u00ed diplomov. Odpoved\u00e1me do 1 hodiny prostredn\u00edctvom e-mailu alebo aplik\u00e1cie WhatsApp. Z\u00edskajte pomoc e\u0161te dnes!","robots":{"index":"index","follow":"follow","max-snippet":"max-snippet:-1","max-image-preview":"max-image-preview:large","max-video-preview":"max-video-preview:-1"},"canonical":"https:\/\/diplomashops.com\/sk\/kontakt\/","og_locale":"sk_SK","og_type":"article","og_title":"Contact - DiplomaShops.com - Buy Diploma Online | Fast &amp; Secure Service","og_description":"Contact DiplomaShops.com for fast diploma service help. We respond within 1 hour via email or WhatsApp. Get assistance today!","og_url":"https:\/\/diplomashops.com\/sk\/kontakt\/","og_site_name":"DiplomaShops.com - Buy Diploma Online | Fast &amp; Secure Service","article_modified_time":"2026-03-14T16:06:33+00:00","og_image":[{"width":300,"height":211,"url":"https:\/\/diplomashops.com\/wp-content\/uploads\/2026\/03\/buy-diploma.webp","type":"image\/webp"}],"twitter_card":"summary_large_image","twitter_misc":{"Predpokladan\u00fd \u010das \u010d\u00edtania":"3 min\u00faty"},"schema":{"@context":"https:\/\/schema.org","@graph":[{"@type":"WebPage","@id":"https:\/\/diplomashops.com\/contact\/","url":"https:\/\/diplomashops.com\/contact\/","name":"Kontakt - DiplomaShops.com - K\u00fapi\u0165 diplom online | Fast &amp; Secure Service","isPartOf":{"@id":"https:\/\/diplomashops.com\/#website"},"primaryImageOfPage":{"@id":"https:\/\/diplomashops.com\/contact\/#primaryimage"},"image":{"@id":"https:\/\/diplomashops.com\/contact\/#primaryimage"},"thumbnailUrl":"https:\/\/diplomashops.com\/wp-content\/uploads\/2026\/03\/buy-diploma.webp","datePublished":"2026-03-14T15:35:38+00:00","dateModified":"2026-03-14T16:06:33+00:00","description":"Kontaktujte DiplomaShops.com pre r\u00fdchlu pomoc pri vyd\u00e1van\u00ed diplomov. Odpoved\u00e1me do 1 hodiny prostredn\u00edctvom e-mailu alebo aplik\u00e1cie WhatsApp. Z\u00edskajte pomoc e\u0161te dnes!","breadcrumb":{"@id":"https:\/\/diplomashops.com\/contact\/#breadcrumb"},"inLanguage":"sk-SK","potentialAction":[{"@type":"ReadAction","target":["https:\/\/diplomashops.com\/contact\/"]}]},{"@type":"ImageObject","inLanguage":"sk-SK","@id":"https:\/\/diplomashops.com\/contact\/#primaryimage","url":"https:\/\/diplomashops.com\/wp-content\/uploads\/2026\/03\/buy-diploma.webp","contentUrl":"https:\/\/diplomashops.com\/wp-content\/uploads\/2026\/03\/buy-diploma.webp"},{"@type":"BreadcrumbList","@id":"https:\/\/diplomashops.com\/contact\/#breadcrumb","itemListElement":[{"@type":"ListItem","position":1,"name":"Home","item":"https:\/\/diplomashops.com\/"},{"@type":"ListItem","position":2,"name":"Contact"}]},{"@type":"WebSite","@id":"https:\/\/diplomashops.com\/#website","url":"https:\/\/diplomashops.com\/","name":"DiplomaShops.com - K\u00fapi\u0165 diplom online | R\u00fdchle a bezpe\u010dn\u00e9 slu\u017eby","description":"K\u00fapi\u0165 diplom online s doru\u010den\u00edm po celom svete - objednajte si certifik\u00e1t e\u0161te dnes","potentialAction":[{"@type":"SearchAction","target":{"@type":"EntryPoint","urlTemplate":"https:\/\/diplomashops.com\/?s={search_term_string}"},"query-input":{"@type":"PropertyValueSpecification","valueRequired":true,"valueName":"search_term_string"}}],"inLanguage":"sk-SK"}]}},"_links":{"self":[{"href":"https:\/\/diplomashops.com\/sk\/wp-json\/wp\/v2\/pages\/21","targetHints":{"allow":["GET"]}}],"collection":[{"href":"https:\/\/diplomashops.com\/sk\/wp-json\/wp\/v2\/pages"}],"about":[{"href":"https:\/\/diplomashops.com\/sk\/wp-json\/wp\/v2\/types\/page"}],"author":[{"embeddable":true,"href":"https:\/\/diplomashops.com\/sk\/wp-json\/wp\/v2\/users\/1"}],"replies":[{"embeddable":true,"href":"https:\/\/diplomashops.com\/sk\/wp-json\/wp\/v2\/comments?post=21"}],"version-history":[{"count":7,"href":"https:\/\/diplomashops.com\/sk\/wp-json\/wp\/v2\/pages\/21\/revisions"}],"predecessor-version":[{"id":95,"href":"https:\/\/diplomashops.com\/sk\/wp-json\/wp\/v2\/pages\/21\/revisions\/95"}],"wp:attachment":[{"href":"https:\/\/diplomashops.com\/sk\/wp-json\/wp\/v2\/media?parent=21"}],"curies":[{"name":"wp","href":"https:\/\/api.w.org\/{rel}","templated":true}]}}