{"id":36,"date":"2026-03-14T15:41:58","date_gmt":"2026-03-14T15:41:58","guid":{"rendered":"https:\/\/diplomashops.com\/?page_id=36"},"modified":"2026-03-14T16:06:08","modified_gmt":"2026-03-14T16:06:08","slug":"o-nas","status":"publish","type":"page","link":"https:\/\/diplomashops.com\/sk\/about-us\/","title":{"rendered":"O n\u00e1s"},"content":{"rendered":"<h2 class=\"wp-block-heading\">V\u00e1\u0161 d\u00f4veryhodn\u00fd poskytovate\u013e diplomov\u00fdch slu\u017eieb, www.DiplomaShops.com<\/h2>\n\n\n\n<p>Vitajte na str\u00e1nke DiplomaShops.com, ktor\u00e1 je od roku 2018 va\u0161\u00edm spo\u013eahliv\u00fdm partnerom pre profesion\u00e1lne slu\u017eby v oblasti diplomov. \u0160pecializujeme sa na vytv\u00e1ranie vysokokvalitn\u00fdch, autenticky vyzeraj\u00facich diplomov pre jednotlivcov na celom svete, ktor\u00ed potrebuj\u00fa n\u00e1hradn\u00e9 dokumenty, n\u00e1stroje na kari\u00e9rny postup alebo osobn\u00e9 referen\u010dn\u00e9 materi\u00e1ly. Na\u0161\u00edm poslan\u00edm je poskytova\u0165 r\u00fdchle, bezpe\u010dn\u00e9 a diskr\u00e9tne slu\u017eby, ktor\u00e9 v\u017edy prekonaj\u00fa o\u010dak\u00e1vania z\u00e1kazn\u00edkov.<\/p>\n\n\n\n<figure class=\"wp-block-image size-full\"><img loading=\"lazy\" decoding=\"async\" width=\"300\" height=\"211\" src=\"https:\/\/diplomashops.com\/wp-content\/uploads\/2026\/03\/buy-diploma.webp\" alt=\"k\u00fapi\u0165 diplom\" class=\"wp-image-88\" srcset=\"https:\/\/diplomashops.com\/wp-content\/uploads\/2026\/03\/buy-diploma.webp 300w, https:\/\/diplomashops.com\/wp-content\/uploads\/2026\/03\/buy-diploma-18x12.webp 18w\" sizes=\"auto, (max-width: 300px) 100vw, 300px\" \/><\/figure>\n\n\n\n<h3 class=\"wp-block-heading\">N\u00e1\u0161 pr\u00edbeh a poslanie<\/h3>\n\n\n\n<h4 class=\"wp-block-heading\">Zalo\u017een\u00e9 na kvalite a d\u00f4vere<\/h4>\n\n\n\n<p>Spolo\u010dnos\u0165 DiplomaShops.com bola zalo\u017een\u00e1 v roku 2018 t\u00edmom odborn\u00edkov na dizajn dokumentov, ktor\u00ed rozpoznali rast\u00facu potrebu legit\u00edmnych slu\u017eieb v\u00fdmeny diplomov. To, \u010do za\u010dalo ako mal\u00e1 oper\u00e1cia, sa rozr\u00e1stlo na d\u00f4veryhodn\u00fa medzin\u00e1rodn\u00fa slu\u017ebu podporuj\u00facu z\u00e1kazn\u00edkov v celej Eur\u00f3pe, Severnej Amerike a inde.<\/p>\n\n\n\n<h4 class=\"wp-block-heading\">Z\u00e1v\u00e4zok k dokonalosti<\/h4>\n\n\n\n<p>Ver\u00edme, \u017ee ka\u017ed\u00fd si zasl\u00fa\u017ei pr\u00edstup ku kvalitnej dokument\u00e1cii, ke\u010f ju najviac potrebuje. \u010ci u\u017e ste stratili svoj p\u00f4vodn\u00fd diplom, potrebujete n\u00e1hradn\u00fd na administrat\u00edvne \u00fa\u010dely, alebo chcete obohati\u0165 svoje profesion\u00e1lne portf\u00f3lio, sme tu, aby sme v\u00e1m d\u00f4stojne a diskr\u00e9tne pomohli.<\/p>\n\n\n\n<h4 class=\"wp-block-heading\">Hodnoty, ktor\u00e9 n\u00e1s poh\u00e1\u0148aj\u00fa<\/h4>\n\n\n\n<ul class=\"wp-block-list\">\n<li>Integrita: \u010destn\u00e9, transparentn\u00e9 slu\u017eby s jasnou komunik\u00e1ciou<\/li>\n\n\n\n<li>Kvalita: Pr\u00e9miov\u00e9 materi\u00e1ly a profesion\u00e1lne dizajnov\u00e9 \u0161tandardy<\/li>\n\n\n\n<li>R\u00fdchlos\u0165: R\u00fdchle spracovanie a spo\u013eahliv\u00e9 doru\u010denie po celom svete<\/li>\n\n\n\n<li>Ochrana osobn\u00fdch \u00fadajov: \u00dapln\u00e1 d\u00f4vernos\u0165 a bezpe\u010dn\u00e9 spracovanie osobn\u00fdch \u00fadajov<\/li>\n\n\n\n<li>Podpora: Viacjazy\u010dn\u00fd z\u00e1kazn\u00edcky servis k dispoz\u00edcii 24 hod\u00edn denne, 7 dn\u00ed v t\u00fd\u017edni<\/li>\n<\/ul>\n\n\n\n<hr class=\"wp-block-separator has-alpha-channel-opacity\"\/>\n\n\n\n<h3 class=\"wp-block-heading\">Pre\u010do si vybra\u0165 DiplomaShops.com?<\/h3>\n\n\n\n<h4 class=\"wp-block-heading\">T\u00edm odborn\u00edkov na dizajn<\/h4>\n\n\n\n<p>Na\u0161i kreat\u00edvni odborn\u00edci maj\u00fa desa\u0165ro\u010dia sk\u00fasenost\u00ed v oblasti reprodukcie dokumentov a grafick\u00e9ho dizajnu. Pracujeme v\u00fdlu\u010dne s certifikovan\u00fdmi dizajn\u00e9rmi, ktor\u00ed rozumej\u00fa po\u017eiadavk\u00e1m na form\u00e1tovanie a overovanie dokumentov v in\u0161tit\u00faci\u00e1ch.<\/p>\n\n\n\n<h4 class=\"wp-block-heading\">Glob\u00e1lny dosah, miestna podpora<\/h4>\n\n\n\n<p>V\u010faka z\u00e1kazn\u00edkom vo viac ako 20 krajin\u00e1ch a pracovn\u00edkom podpory hovoriacim viacer\u00fdmi jazykmi prekon\u00e1vame kult\u00farne a geografick\u00e9 rozdiely, aby sme v\u00e1m mohli lep\u0161ie sl\u00fa\u017ei\u0165. Na\u0161a medzin\u00e1rodn\u00e1 prepravn\u00e1 sie\u0165 zabezpe\u010duje spo\u013eahliv\u00e9 doru\u010denie kamko\u013evek na svete.<\/p>\n\n\n\n<h4 class=\"wp-block-heading\">Najmodernej\u0161ia technol\u00f3gia<\/h4>\n\n\n\n<p>Pou\u017e\u00edvame najmodernej\u0161ie tla\u010dov\u00e9 zariadenia a prvotriedne materi\u00e1ly, ktor\u00e9 odr\u00e1\u017eaj\u00fa ofici\u00e1lne in\u0161titucion\u00e1lne normy. Na\u0161e digit\u00e1lne procesy zabezpe\u010duj\u00fa presnos\u0165 a konzistenciu ka\u017ed\u00e9ho diplomu, ktor\u00fd vyrob\u00edme.<\/p>\n\n\n\n<h4 class=\"wp-block-heading\">Uznanie v odvetv\u00ed<\/h4>\n\n\n\n<p>Od n\u00e1\u0161ho zalo\u017eenia sme pomohli tis\u00edcom spokojn\u00fdch z\u00e1kazn\u00edkov z\u00edska\u0165 potrebn\u00fa dokument\u00e1ciu. V\u010faka n\u00e1\u0161mu z\u00e1v\u00e4zku vo\u010di kvalite a z\u00e1kazn\u00edckym slu\u017eb\u00e1m sme z\u00edskali uznanie ako popredn\u00fd poskytovate\u013e slu\u017eieb v oblasti dokumentov.<\/p>\n\n\n\n<hr class=\"wp-block-separator has-alpha-channel-opacity\"\/>\n\n\n\n<h3 class=\"wp-block-heading\">Vysvetlenie na\u0161ich slu\u017eieb<\/h3>\n\n\n\n<h4 class=\"wp-block-heading\">Reprodukcia akademick\u00e9ho diplomu<\/h4>\n\n\n\n<p>Vytv\u00e1rame presn\u00e9 reprodukcie od stredo\u0161kolsk\u00fdch diplomov a\u017e po univerzitn\u00e9 tituly pod\u013ea skuto\u010dn\u00fdch vzorov z uzn\u00e1van\u00fdch in\u0161tit\u00faci\u00ed. Ide\u00e1lne na nahradenie straten\u00fdch origin\u00e1lov alebo splnenie administrat\u00edvnych po\u017eiadaviek.<\/p>\n\n\n\n<h4 class=\"wp-block-heading\">K\u00f3pie odborn\u00fdch certifik\u00e1tov<\/h4>\n\n\n\n<p>Potrebujete doklad o odbornej pr\u00edprave alebo certifik\u00e1ciu? Pon\u00fakame osved\u010denia pre r\u00f4zne odvetvia vr\u00e1tane IT, zdravotn\u00edctva, finan\u010dn\u00edctva, stroj\u00e1rstva a \u010fal\u0161\u00edch - v\u0161etky s\u00fa navrhnut\u00e9 pod\u013ea priemyseln\u00fdch noriem.<\/p>\n\n\n\n<h4 class=\"wp-block-heading\">Vlastn\u00fd dizajn diplomu<\/h4>\n\n\n\n<p>Na\u0161a \u0161peci\u00e1lna slu\u017eba umo\u017e\u0148uje kompletn\u00fa personaliz\u00e1ciu vr\u00e1tane vlastn\u00fdch log, in\u0161titucion\u00e1lnych pe\u010dat\u00ed, podpisov a form\u00e1tovania. Ide\u00e1lne pre podniky, organiz\u00e1cie alebo jedine\u010dn\u00e9 osobn\u00e9 po\u017eiadavky.<\/p>\n\n\n\n<h4 class=\"wp-block-heading\">N\u00fadzov\u00e1 n\u00e1hradn\u00e1 slu\u017eba<\/h4>\n\n\n\n<p>Stratili ste diplom pred pracovn\u00fdm pohovorom alebo d\u00f4le\u017eit\u00fdm stretnut\u00edm? Na\u0161a expresn\u00e1 slu\u017eba v\u00e1m ho doru\u010d\u00ed do 24-48 hod\u00edn v naliehav\u00fdch situ\u00e1ci\u00e1ch, ke\u010f je na\u010dasovanie rozhoduj\u00face.<\/p>\n\n\n\n<hr class=\"wp-block-separator has-alpha-channel-opacity\"\/>\n\n\n\n<h3 class=\"wp-block-heading\">Zozn\u00e1mte sa s na\u0161\u00edm t\u00edmom<\/h3>\n\n\n\n<h4 class=\"wp-block-heading\">\u0160pecialisti na slu\u017eby z\u00e1kazn\u00edkom<\/h4>\n\n\n\n<p>N\u00e1\u0161 viacjazy\u010dn\u00fd t\u00edm podpory vybavuje ot\u00e1zky vo viac ako 20 jazykoch, \u010d\u00edm zabezpe\u010duje zrozumite\u013en\u00fa komunik\u00e1ciu bez oh\u013eadu na va\u0161u polohu alebo rodn\u00fd jazyk. Pre okam\u017eit\u00fa pomoc je k dispoz\u00edcii 24 hod\u00edn denne, 7 dn\u00ed v t\u00fd\u017edni.<\/p>\n\n\n\n<h4 class=\"wp-block-heading\">Odborn\u00edci na dizajn a v\u00fdrobu<\/h4>\n\n\n\n<p>Certifikovan\u00ed dizajn\u00e9ri dokumentov a \u0161pecialisti na tla\u010d spolupracuj\u00fa na tvorbe diplomov, ktor\u00e9 sp\u013a\u0148aj\u00fa najvy\u0161\u0161ie \u0161tandardy kvality. Ka\u017ed\u00fd detail je starostlivo prepracovan\u00fd, aby bol autentick\u00fd a profesion\u00e1lny.<\/p>\n\n\n\n<h4 class=\"wp-block-heading\">Koordin\u00e1tori logistiky a prepravy<\/h4>\n\n\n\n<p>N\u00e1\u0161 logistick\u00fd t\u00edm riadi celosvetov\u00fa prepravu a zabezpe\u010duje v\u010dasn\u00e9 doru\u010denie a spr\u00e1vne spracovanie v\u0161etk\u00fdch bal\u00edkov. Spolupracuj\u00fa s d\u00f4veryhodn\u00fdmi dopravcami v ka\u017edom regi\u00f3ne, ktor\u00fd obsluhujeme.<\/p>\n\n\n\n<h4 class=\"wp-block-heading\">Mana\u017e\u00e9ri zabezpe\u010denia kvality<\/h4>\n\n\n\n<p>Pred odoslan\u00edm ka\u017ed\u00e9ho diplomu sa podrob\u00ed pr\u00edsnej kontrole kvality, aby sa zabezpe\u010dila presnos\u0165, vzh\u013ead a s\u00falad so \u0161pecifik\u00e1ciami z\u00e1kazn\u00edka. N\u00e1\u0161 proces kontroly kvality zaru\u010duje v\u017edy spokojnos\u0165.<\/p>\n\n\n\n<hr class=\"wp-block-separator has-alpha-channel-opacity\"\/>\n\n\n\n<h3 class=\"wp-block-heading\">N\u00e1\u0161 z\u00e1v\u00e4zok vo\u010di v\u00e1m<\/h3>\n\n\n\n<h4 class=\"wp-block-heading\">Z\u00e1ruka spokojnosti 100%<\/h4>\n\n\n\n<p>Stoj\u00edme za ka\u017ed\u00fdm diplomom, ktor\u00fd vytvor\u00edme. Ak nebudete \u00faplne spokojn\u00ed s jeho kvalitou alebo presnos\u0165ou, bezplatne ho prerob\u00edme alebo v\u00e1m vr\u00e1time peniaze v plnej v\u00fd\u0161ke.<\/p>\n\n\n\n<h4 class=\"wp-block-heading\">Pr\u00eds\u013eub ochrany s\u00fakromia<\/h4>\n\n\n\n<p>Va\u0161e osobn\u00e9 \u00fadaje a \u00fadaje o objedn\u00e1vke sa nikdy neposkytuj\u00fa tret\u00edm stran\u00e1m. V\u0161etka komunik\u00e1cia a transakcie s\u00fa spracovan\u00e9 s maxim\u00e1lnou d\u00f4vernos\u0165ou.<\/p>\n\n\n\n<h4 class=\"wp-block-heading\">R\u00fdchla reakcia<\/h4>\n\n\n\n<p>Odpovede na ot\u00e1zky z\u00e1kazn\u00edkov garantujeme do jednej hodiny po\u010das pracovnej doby. N\u00e1\u0161 t\u00edm podpory je v\u017edy pripraven\u00fd pom\u00f4c\u0165 s ak\u00fdmiko\u013evek ot\u00e1zkami alebo probl\u00e9mami.<\/p>\n\n\n\n<h4 class=\"wp-block-heading\">Neust\u00e1le zlep\u0161ovanie<\/h4>\n\n\n\n<p>Pravidelne aktualizujeme na\u0161e procesy, materi\u00e1ly a slu\u017eby na z\u00e1klade sp\u00e4tnej v\u00e4zby od z\u00e1kazn\u00edkov a v\u00fdvoja v odvetv\u00ed. V\u00e1\u0161 \u00faspech je hnac\u00edm motorom na\u0161ich inov\u00e1ci\u00ed.<\/p>\n\n\n\n<hr class=\"wp-block-separator has-alpha-channel-opacity\"\/>\n\n\n\n<h3 class=\"wp-block-heading\">M\u00ed\u013eniky spolo\u010dnosti<\/h3>\n\n\n\n<h4 class=\"wp-block-heading\">2018: Zalo\u017eenie spolo\u010dnosti<\/h4>\n\n\n\n<p>Za\u010datie \u010dinnosti so zameran\u00edm na slu\u017eby diplomov na eur\u00f3pskom trhu<\/p>\n\n\n\n<h4 class=\"wp-block-heading\">2019: Medzin\u00e1rodn\u00e1 expanzia<\/h4>\n\n\n\n<p>Roz\u0161\u00edrenie slu\u017eieb o Severn\u00fa Ameriku a pridanie viacjazy\u010dnej podpory<\/p>\n\n\n\n<h4 class=\"wp-block-heading\">2020: Digit\u00e1lna transform\u00e1cia<\/h4>\n\n\n\n<p>Spustenie online platformy na objedn\u00e1vanie a mo\u017enosti digit\u00e1lneho diplomu<\/p>\n\n\n\n<h4 class=\"wp-block-heading\">2021: Pr\u00e9miov\u00e1 l\u00ednia slu\u017eieb<\/h4>\n\n\n\n<p>Zaveden\u00e9 mo\u017enosti luxusn\u00e9ho papiera a slu\u017eby dizajnu na mieru<\/p>\n\n\n\n<h4 class=\"wp-block-heading\">2022: Glob\u00e1lna prepravn\u00e1 sie\u0165<\/h4>\n\n\n\n<p>Nadviazan\u00e9 partnerstv\u00e1 s medzin\u00e1rodn\u00fdmi dopravcami pre r\u00fdchlej\u0161ie doru\u010dovanie<\/p>\n\n\n\n<h4 class=\"wp-block-heading\">2023: Zv\u00fd\u0161en\u00e9 bezpe\u010dnostn\u00e9 opatrenia<\/h4>\n\n\n\n<p>Implementovan\u00e9 pokro\u010dil\u00e9 \u0161ifrovanie a protokoly na ochranu s\u00fakromia<\/p>\n\n\n\n<h4 class=\"wp-block-heading\">2024: V\u00fdvoj mobiln\u00fdch aplik\u00e1ci\u00ed<\/h4>\n\n\n\n<p>Pr\u00e1ca na \u0161pecializovanej mobilnej aplik\u00e1cii pre jednoduch\u0161ie objedn\u00e1vanie<\/p>\n\n\n\n<hr class=\"wp-block-separator has-alpha-channel-opacity\"\/>\n\n\n\n<h3 class=\"wp-block-heading\">V\u00fdh\u013ead do bud\u00facnosti<\/h3>\n\n\n\n<p>Aj ke\u010f na\u010falej rastieme, n\u00e1\u0161 z\u00e1v\u00e4zok zost\u00e1va nezmenen\u00fd: poskytova\u0165 v\u00fdnimo\u010dn\u00e9 diplomov\u00e9 slu\u017eby s integritou, kvalitou a spokojnos\u0165ou z\u00e1kazn\u00edkov na prvom mieste. Neust\u00e1le inovujeme, aby sme lep\u0161ie sl\u00fa\u017eili na\u0161ej glob\u00e1lnej komunite a prisp\u00f4sobovali sa meniacim sa potreb\u00e1m z\u00e1kazn\u00edkov.<\/p>\n\n\n\n<p>Pridajte sa k tis\u00edcom spokojn\u00fdch z\u00e1kazn\u00edkov, ktor\u00ed d\u00f4veruj\u00fa DiplomaShops.com pri vybavovan\u00ed svojich po\u017eiadaviek na diplom. Za\u017eite rozdiel, ktor\u00fd prin\u00e1\u0161a profesion\u00e1lny servis.<\/p>\n\n\n\n<hr class=\"wp-block-separator has-alpha-channel-opacity\"\/>\n\n\n\n<h3 class=\"wp-block-heading\">Kontaktujte n\u00e1s<\/h3>\n\n\n\n<p>Ste pripraven\u00ed dozvedie\u0165 sa viac o na\u0161ich slu\u017eb\u00e1ch alebo prediskutova\u0165 svoje \u0161pecifick\u00e9 potreby v oblasti diplomov? N\u00e1\u0161 t\u00edm je pripraven\u00fd v\u00e1m pom\u00f4c\u0165.<\/p>\n\n\n\n<p>\ud83d\udce7 E-mail:&nbsp;<a href=\"mailto:DiplomaShops247@gmail.com\" target=\"_blank\" rel=\"noreferrer noopener\">DiplomaShops247@gmail.com<\/a><br>\ud83c\udf10 Webov\u00e1 str\u00e1nka:&nbsp;<a href=\"https:\/\/diplomashops.com\/sk\/\" target=\"_blank\" rel=\"noreferrer noopener\">www.diplomashops.com<\/a><\/p>\n\n\n\n<figure class=\"wp-block-image size-full\"><img loading=\"lazy\" decoding=\"async\" width=\"300\" height=\"212\" src=\"https:\/\/diplomashops.com\/wp-content\/uploads\/2026\/03\/Buy-a-university-master-bachelor-diploma-online.webp\" alt=\"K\u00fapi\u0165 vysoko\u0161kolsk\u00fd magistersk\u00fd bakal\u00e1rsky diplom online\" class=\"wp-image-86\" srcset=\"https:\/\/diplomashops.com\/wp-content\/uploads\/2026\/03\/Buy-a-university-master-bachelor-diploma-online.webp 300w, https:\/\/diplomashops.com\/wp-content\/uploads\/2026\/03\/Buy-a-university-master-bachelor-diploma-online-18x12.webp 18w\" sizes=\"auto, (max-width: 300px) 100vw, 300px\" \/><\/figure>","protected":false},"excerpt":{"rendered":"<p>Your Trusted Diploma Service Provider, www.DiplomaShops.com Welcome to DiplomaShops.com, your reliable partner for professional diploma services since 2018. We specialize [&hellip;]<\/p>\n","protected":false},"author":1,"featured_media":0,"parent":0,"menu_order":0,"comment_status":"closed","ping_status":"closed","template":"","meta":{"site-sidebar-layout":"default","site-content-layout":"","ast-site-content-layout":"default","site-content-style":"default","site-sidebar-style":"default","ast-global-header-display":"","ast-banner-title-visibility":"","ast-main-header-display":"","ast-hfb-above-header-display":"","ast-hfb-below-header-display":"","ast-hfb-mobile-header-display":"","site-post-title":"","ast-breadcrumbs-content":"","ast-featured-img":"","footer-sml-layout":"","ast-disable-related-posts":"","theme-transparent-header-meta":"","adv-header-id-meta":"","stick-header-meta":"","header-above-stick-meta":"","header-main-stick-meta":"","header-below-stick-meta":"","astra-migrate-meta-layouts":"default","ast-page-background-enabled":"default","ast-page-background-meta":{"desktop":{"background-color":"var(--ast-global-color-5)","background-image":"","background-repeat":"repeat","background-position":"center center","background-size":"auto","background-attachment":"scroll","background-type":"","background-media":"","overlay-type":"","overlay-color":"","overlay-opacity":"","overlay-gradient":""},"tablet":{"background-color":"","background-image":"","background-repeat":"repeat","background-position":"center center","background-size":"auto","background-attachment":"scroll","background-type":"","background-media":"","overlay-type":"","overlay-color":"","overlay-opacity":"","overlay-gradient":""},"mobile":{"background-color":"","background-image":"","background-repeat":"repeat","background-position":"center center","background-size":"auto","background-attachment":"scroll","background-type":"","background-media":"","overlay-type":"","overlay-color":"","overlay-opacity":"","overlay-gradient":""}},"ast-content-background-meta":{"desktop":{"background-color":"var(--ast-global-color-4)","background-image":"","background-repeat":"repeat","background-position":"center center","background-size":"auto","background-attachment":"scroll","background-type":"","background-media":"","overlay-type":"","overlay-color":"","overlay-opacity":"","overlay-gradient":""},"tablet":{"background-color":"var(--ast-global-color-4)","background-image":"","background-repeat":"repeat","background-position":"center center","background-size":"auto","background-attachment":"scroll","background-type":"","background-media":"","overlay-type":"","overlay-color":"","overlay-opacity":"","overlay-gradient":""},"mobile":{"background-color":"var(--ast-global-color-4)","background-image":"","background-repeat":"repeat","background-position":"center center","background-size":"auto","background-attachment":"scroll","background-type":"","background-media":"","overlay-type":"","overlay-color":"","overlay-opacity":"","overlay-gradient":""}},"footnotes":""},"class_list":["post-36","page","type-page","status-publish","hentry"],"yoast_head":"<!-- This site is optimized with the Yoast SEO plugin v27.5 - https:\/\/yoast.com\/product\/yoast-seo-wordpress\/ -->\n<title>About us - DiplomaShops.com - Buy Diploma Online | Fast &amp; Secure Service<\/title>\n<meta name=\"description\" content=\"Learn about DiplomaShops.com - trusted diploma service since 2018. Quality, privacy, and fast delivery worldwide. Meet our team today!\" \/>\n<meta name=\"robots\" content=\"index, follow, max-snippet:-1, max-image-preview:large, max-video-preview:-1\" \/>\n<link rel=\"canonical\" href=\"https:\/\/diplomashops.com\/sk\/o-nas\/\" \/>\n<meta property=\"og:locale\" content=\"sk_SK\" \/>\n<meta property=\"og:type\" content=\"article\" \/>\n<meta property=\"og:title\" content=\"About us - DiplomaShops.com - Buy Diploma Online | Fast &amp; Secure Service\" \/>\n<meta property=\"og:description\" content=\"Learn about DiplomaShops.com - trusted diploma service since 2018. Quality, privacy, and fast delivery worldwide. Meet our team today!\" \/>\n<meta property=\"og:url\" content=\"https:\/\/diplomashops.com\/sk\/o-nas\/\" \/>\n<meta property=\"og:site_name\" content=\"DiplomaShops.com - Buy Diploma Online | Fast &amp; Secure Service\" \/>\n<meta property=\"article:modified_time\" content=\"2026-03-14T16:06:08+00:00\" \/>\n<meta property=\"og:image\" content=\"https:\/\/diplomashops.com\/wp-content\/uploads\/2026\/03\/buy-diploma.webp\" \/>\n\t<meta property=\"og:image:width\" content=\"300\" \/>\n\t<meta property=\"og:image:height\" content=\"211\" \/>\n\t<meta property=\"og:image:type\" content=\"image\/webp\" \/>\n<meta name=\"twitter:card\" content=\"summary_large_image\" \/>\n<meta name=\"twitter:label1\" content=\"Predpokladan\u00fd \u010das \u010d\u00edtania\" \/>\n\t<meta name=\"twitter:data1\" content=\"5 min\u00fat\" \/>\n<script type=\"application\/ld+json\" class=\"yoast-schema-graph\">{\"@context\":\"https:\\\/\\\/schema.org\",\"@graph\":[{\"@type\":\"WebPage\",\"@id\":\"https:\\\/\\\/diplomashops.com\\\/about-us\\\/\",\"url\":\"https:\\\/\\\/diplomashops.com\\\/about-us\\\/\",\"name\":\"About us - DiplomaShops.com - Buy Diploma Online | Fast &amp; Secure Service\",\"isPartOf\":{\"@id\":\"https:\\\/\\\/diplomashops.com\\\/#website\"},\"primaryImageOfPage\":{\"@id\":\"https:\\\/\\\/diplomashops.com\\\/about-us\\\/#primaryimage\"},\"image\":{\"@id\":\"https:\\\/\\\/diplomashops.com\\\/about-us\\\/#primaryimage\"},\"thumbnailUrl\":\"https:\\\/\\\/diplomashops.com\\\/wp-content\\\/uploads\\\/2026\\\/03\\\/buy-diploma.webp\",\"datePublished\":\"2026-03-14T15:41:58+00:00\",\"dateModified\":\"2026-03-14T16:06:08+00:00\",\"description\":\"Learn about DiplomaShops.com - trusted diploma service since 2018. Quality, privacy, and fast delivery worldwide. Meet our team today!\",\"breadcrumb\":{\"@id\":\"https:\\\/\\\/diplomashops.com\\\/about-us\\\/#breadcrumb\"},\"inLanguage\":\"sk-SK\",\"potentialAction\":[{\"@type\":\"ReadAction\",\"target\":[\"https:\\\/\\\/diplomashops.com\\\/about-us\\\/\"]}]},{\"@type\":\"ImageObject\",\"inLanguage\":\"sk-SK\",\"@id\":\"https:\\\/\\\/diplomashops.com\\\/about-us\\\/#primaryimage\",\"url\":\"https:\\\/\\\/diplomashops.com\\\/wp-content\\\/uploads\\\/2026\\\/03\\\/buy-diploma.webp\",\"contentUrl\":\"https:\\\/\\\/diplomashops.com\\\/wp-content\\\/uploads\\\/2026\\\/03\\\/buy-diploma.webp\"},{\"@type\":\"BreadcrumbList\",\"@id\":\"https:\\\/\\\/diplomashops.com\\\/about-us\\\/#breadcrumb\",\"itemListElement\":[{\"@type\":\"ListItem\",\"position\":1,\"name\":\"Home\",\"item\":\"https:\\\/\\\/diplomashops.com\\\/\"},{\"@type\":\"ListItem\",\"position\":2,\"name\":\"About us\"}]},{\"@type\":\"WebSite\",\"@id\":\"https:\\\/\\\/diplomashops.com\\\/#website\",\"url\":\"https:\\\/\\\/diplomashops.com\\\/\",\"name\":\"DiplomaShops.com - Buy Diploma Online | Fast &amp; Secure Service\",\"description\":\"Buy a Diploma online Delivered Worldwide - Order Your Certificate Today\",\"potentialAction\":[{\"@type\":\"SearchAction\",\"target\":{\"@type\":\"EntryPoint\",\"urlTemplate\":\"https:\\\/\\\/diplomashops.com\\\/?s={search_term_string}\"},\"query-input\":{\"@type\":\"PropertyValueSpecification\",\"valueRequired\":true,\"valueName\":\"search_term_string\"}}],\"inLanguage\":\"sk-SK\"}]}<\/script>\n<!-- \/ Yoast SEO plugin. -->","yoast_head_json":{"title":"O n\u00e1s - DiplomaShops.com - K\u00fapi\u0165 diplom online | R\u00fdchle a bezpe\u010dn\u00e9 slu\u017eby","description":"Zistite viac o DiplomaShops.com - d\u00f4veryhodnej slu\u017ebe vyd\u00e1vania diplomov od roku 2018. Kvalita, s\u00fakromie a r\u00fdchle dodanie po celom svete. Zozn\u00e1mte sa s na\u0161\u00edm t\u00edmom e\u0161te dnes!","robots":{"index":"index","follow":"follow","max-snippet":"max-snippet:-1","max-image-preview":"max-image-preview:large","max-video-preview":"max-video-preview:-1"},"canonical":"https:\/\/diplomashops.com\/sk\/o-nas\/","og_locale":"sk_SK","og_type":"article","og_title":"About us - DiplomaShops.com - Buy Diploma Online | Fast &amp; Secure Service","og_description":"Learn about DiplomaShops.com - trusted diploma service since 2018. Quality, privacy, and fast delivery worldwide. Meet our team today!","og_url":"https:\/\/diplomashops.com\/sk\/o-nas\/","og_site_name":"DiplomaShops.com - Buy Diploma Online | Fast &amp; Secure Service","article_modified_time":"2026-03-14T16:06:08+00:00","og_image":[{"width":300,"height":211,"url":"https:\/\/diplomashops.com\/wp-content\/uploads\/2026\/03\/buy-diploma.webp","type":"image\/webp"}],"twitter_card":"summary_large_image","twitter_misc":{"Predpokladan\u00fd \u010das \u010d\u00edtania":"5 min\u00fat"},"schema":{"@context":"https:\/\/schema.org","@graph":[{"@type":"WebPage","@id":"https:\/\/diplomashops.com\/about-us\/","url":"https:\/\/diplomashops.com\/about-us\/","name":"O n\u00e1s - DiplomaShops.com - K\u00fapi\u0165 diplom online | R\u00fdchle a bezpe\u010dn\u00e9 slu\u017eby","isPartOf":{"@id":"https:\/\/diplomashops.com\/#website"},"primaryImageOfPage":{"@id":"https:\/\/diplomashops.com\/about-us\/#primaryimage"},"image":{"@id":"https:\/\/diplomashops.com\/about-us\/#primaryimage"},"thumbnailUrl":"https:\/\/diplomashops.com\/wp-content\/uploads\/2026\/03\/buy-diploma.webp","datePublished":"2026-03-14T15:41:58+00:00","dateModified":"2026-03-14T16:06:08+00:00","description":"Zistite viac o DiplomaShops.com - d\u00f4veryhodnej slu\u017ebe vyd\u00e1vania diplomov od roku 2018. Kvalita, s\u00fakromie a r\u00fdchle dodanie po celom svete. Zozn\u00e1mte sa s na\u0161\u00edm t\u00edmom e\u0161te dnes!","breadcrumb":{"@id":"https:\/\/diplomashops.com\/about-us\/#breadcrumb"},"inLanguage":"sk-SK","potentialAction":[{"@type":"ReadAction","target":["https:\/\/diplomashops.com\/about-us\/"]}]},{"@type":"ImageObject","inLanguage":"sk-SK","@id":"https:\/\/diplomashops.com\/about-us\/#primaryimage","url":"https:\/\/diplomashops.com\/wp-content\/uploads\/2026\/03\/buy-diploma.webp","contentUrl":"https:\/\/diplomashops.com\/wp-content\/uploads\/2026\/03\/buy-diploma.webp"},{"@type":"BreadcrumbList","@id":"https:\/\/diplomashops.com\/about-us\/#breadcrumb","itemListElement":[{"@type":"ListItem","position":1,"name":"Home","item":"https:\/\/diplomashops.com\/"},{"@type":"ListItem","position":2,"name":"About us"}]},{"@type":"WebSite","@id":"https:\/\/diplomashops.com\/#website","url":"https:\/\/diplomashops.com\/","name":"DiplomaShops.com - K\u00fapi\u0165 diplom online | R\u00fdchle a bezpe\u010dn\u00e9 slu\u017eby","description":"K\u00fapi\u0165 diplom online s doru\u010den\u00edm po celom svete - objednajte si certifik\u00e1t e\u0161te dnes","potentialAction":[{"@type":"SearchAction","target":{"@type":"EntryPoint","urlTemplate":"https:\/\/diplomashops.com\/?s={search_term_string}"},"query-input":{"@type":"PropertyValueSpecification","valueRequired":true,"valueName":"search_term_string"}}],"inLanguage":"sk-SK"}]}},"_links":{"self":[{"href":"https:\/\/diplomashops.com\/sk\/wp-json\/wp\/v2\/pages\/36","targetHints":{"allow":["GET"]}}],"collection":[{"href":"https:\/\/diplomashops.com\/sk\/wp-json\/wp\/v2\/pages"}],"about":[{"href":"https:\/\/diplomashops.com\/sk\/wp-json\/wp\/v2\/types\/page"}],"author":[{"embeddable":true,"href":"https:\/\/diplomashops.com\/sk\/wp-json\/wp\/v2\/users\/1"}],"replies":[{"embeddable":true,"href":"https:\/\/diplomashops.com\/sk\/wp-json\/wp\/v2\/comments?post=36"}],"version-history":[{"count":3,"href":"https:\/\/diplomashops.com\/sk\/wp-json\/wp\/v2\/pages\/36\/revisions"}],"predecessor-version":[{"id":94,"href":"https:\/\/diplomashops.com\/sk\/wp-json\/wp\/v2\/pages\/36\/revisions\/94"}],"wp:attachment":[{"href":"https:\/\/diplomashops.com\/sk\/wp-json\/wp\/v2\/media?parent=36"}],"curies":[{"name":"wp","href":"https:\/\/api.w.org\/{rel}","templated":true}]}}