{"id":6,"date":"2026-03-12T21:48:39","date_gmt":"2026-03-12T21:48:39","guid":{"rendered":"https:\/\/diplomashops.com\/?page_id=6"},"modified":"2026-03-14T16:05:39","modified_gmt":"2026-03-14T16:05:39","slug":"buy-diploma","status":"publish","type":"page","link":"https:\/\/diplomashops.com\/sk\/","title":{"rendered":"K\u00fapi\u0165 diplom"},"content":{"rendered":"<h2 class=\"wp-block-heading\">H\u013ead\u00e1te viac inform\u00e1ci\u00ed o diplome, stupni vzdelania alebo osved\u010den\u00ed?<\/h2>\n\n\n\n<p>Chcete si r\u00fdchlo a bezpe\u010dne k\u00fapi\u0165 diplom online? \u010ci u\u017e potrebujete stredo\u0161kolsk\u00fd diplom, vysoko\u0161kolsk\u00fd titul alebo profesijn\u00fd certifik\u00e1t, DiplomaShops.com pon\u00faka leg\u00e1lne slu\u017eby v oblasti diplomov s doru\u010den\u00edm po celom svete. Z\u00edskajte r\u00fdchlo svoj autenticky vyzeraj\u00faci diplom - ide\u00e1lny pre \u017eiadosti o zamestnanie, imigr\u00e1ciu alebo osobn\u00e9 z\u00e1znamy. Na\u0161e diskr\u00e9tne slu\u017eby zaru\u010duj\u00fa s\u00fakromie a kvalitu, ktorej m\u00f4\u017eete d\u00f4verova\u0165.<\/p>\n\n\n\n<figure class=\"wp-block-image size-full\"><img loading=\"lazy\" decoding=\"async\" width=\"300\" height=\"211\" src=\"https:\/\/diplomashops.com\/wp-content\/uploads\/2026\/03\/buy-diploma.webp\" alt=\"k\u00fapi\u0165 diplom\" class=\"wp-image-88\" srcset=\"https:\/\/diplomashops.com\/wp-content\/uploads\/2026\/03\/buy-diploma.webp 300w, https:\/\/diplomashops.com\/wp-content\/uploads\/2026\/03\/buy-diploma-18x12.webp 18w\" sizes=\"auto, (max-width: 300px) 100vw, 300px\" \/><\/figure>\n\n\n\n<h3 class=\"wp-block-heading\">Pre\u010do si vybra\u0165 na\u0161e slu\u017eby v oblasti diplomov?<\/h3>\n\n\n\n<h4 class=\"wp-block-heading\">Autentick\u00fd vzh\u013ead diplomov<\/h4>\n\n\n\n<p>Ke\u010f si u n\u00e1s k\u00fapite vysoko\u0161kolsk\u00fd diplom alebo ak\u00e9ko\u013evek akademick\u00e9 vysved\u010denie, dostanete vysokokvalitn\u00fa reprodukciu, ktor\u00e1 odr\u00e1\u017ea ofici\u00e1lne dokumenty. Na\u0161i odborn\u00ed dizajn\u00e9ri pou\u017e\u00edvaj\u00fa prvotriedne materi\u00e1ly a presn\u00e9 form\u00e1tovanie, aby vytvorili poverenia, ktor\u00e9 sp\u013a\u0148aj\u00fa profesion\u00e1lne normy.<\/p>\n\n\n\n<h4 class=\"wp-block-heading\">R\u00fdchle spracovanie a celosvetov\u00e1 doprava<\/h4>\n\n\n\n<p>Potrebujete naliehavo svoj diplom? Pon\u00fakame zr\u00fdchlen\u00e9 spracovanie v\u00e4\u010d\u0161iny objedn\u00e1vok do 24-48 hod\u00edn. Na\u0161a celosvetov\u00e1 prepravn\u00e1 sie\u0165 doru\u010duje do viac ako 20 kraj\u00edn vr\u00e1tane USA, Spojen\u00e9ho kr\u00e1\u013eovstva, Kanady, Nemecka, Holandska, Franc\u00fazska, Austr\u00e1lie a \u010fal\u0161\u00edch kraj\u00edn - pre v\u00e1\u0161 pokoj v du\u0161i.<\/p>\n\n\n\n<h4 class=\"wp-block-heading\">\u00dapln\u00e9 zaru\u010denie s\u00fakromia<\/h4>\n\n\n\n<p>V\u0161etky dokumenty sa zasielaj\u00fa v oby\u010dajn\u00fdch, neozna\u010den\u00fdch obaloch. Nikdy neposkytujeme va\u0161e osobn\u00e9 \u00fadaje ani \u00fadaje o objedn\u00e1vke tret\u00edm stran\u00e1m. Va\u0161a d\u00f4vernos\u0165 je na\u0161ou najvy\u0161\u0161ou prioritou, ke\u010f sa rozhodnete k\u00fapi\u0165 si diplomov\u00e9 slu\u017eby online.<\/p>\n\n\n\n<h4 class=\"wp-block-heading\">Viacjazy\u010dn\u00e1 z\u00e1kazn\u00edcka podpora<\/h4>\n\n\n\n<p>N\u00e1\u0161 t\u00edm hovor\u00ed viac ako 20 jazykmi, tak\u017ee komunik\u00e1cia je jednoduch\u00e1 bez oh\u013eadu na to, \u010di ste v Eur\u00f3pe, Severnej Amerike alebo inde. Kontaktujte n\u00e1s kedyko\u013evek, ak potrebujete pomoc s objedn\u00e1vkou diplomu.<\/p>\n\n\n\n<figure class=\"wp-block-image size-full\"><img loading=\"lazy\" decoding=\"async\" width=\"300\" height=\"216\" src=\"https:\/\/diplomashops.com\/wp-content\/uploads\/2026\/03\/buy-diploma-degree-certificate-online.webp\" alt=\"k\u00fapi\u0165 certifik\u00e1t o z\u00edskanom stupni vzdelania online\" class=\"wp-image-87\" srcset=\"https:\/\/diplomashops.com\/wp-content\/uploads\/2026\/03\/buy-diploma-degree-certificate-online.webp 300w, https:\/\/diplomashops.com\/wp-content\/uploads\/2026\/03\/buy-diploma-degree-certificate-online-18x12.webp 18w\" sizes=\"auto, (max-width: 300px) 100vw, 300px\" \/><\/figure>\n\n\n\n<hr class=\"wp-block-separator has-alpha-channel-opacity\"\/>\n\n\n\n<h3 class=\"wp-block-heading\">Ob\u013e\u00faben\u00e9 typy diplomov, ktor\u00e9 pon\u00fakame<\/h3>\n\n\n\n<h4 class=\"wp-block-heading\">Vysoko\u0161kolsk\u00e9 diplomy<\/h4>\n\n\n\n<p>Stratili ste p\u00f4vodn\u00e9 maturitn\u00e9 vysved\u010denie? Potrebujete n\u00e1hradn\u00fd pre \u017eiadosti o zamestnanie? Vytv\u00e1rame presn\u00e9 reprodukcie, ktor\u00e9 zodpovedaj\u00fa ofici\u00e1lnym form\u00e1tom zo \u0161k\u00f4l v USA, Spojenom kr\u00e1\u013eovstve, Kanade a Eur\u00f3pe.<\/p>\n\n\n\n<h4 class=\"wp-block-heading\">Bakal\u00e1rske a magistersk\u00e9 tituly<\/h4>\n\n\n\n<p>K\u00fapte si s istotou bakal\u00e1rsky diplom alebo osved\u010denie o vy\u0161\u0161om vzdelan\u00ed. Na\u0161e univerzitn\u00e9 diplomy s\u00fa navrhnut\u00e9 tak, aby odr\u00e1\u017eali skuto\u010dn\u00e9 akademick\u00e9 tituly z uzn\u00e1van\u00fdch in\u0161tit\u00faci\u00ed na celom svete.<\/p>\n\n\n\n<h4 class=\"wp-block-heading\">Odborn\u00e9 certifik\u00e1ty<\/h4>\n\n\n\n<p>Poskytujeme odborn\u00e9 diplomy pre r\u00f4zne odvetvia, od certifik\u00e1tov IT a\u017e po osved\u010denia v oblasti zdravotn\u00edctva. Ide\u00e1lne na kari\u00e9rny postup alebo splnenie licen\u010dn\u00fdch po\u017eiadaviek.<\/p>\n\n\n\n<h4 class=\"wp-block-heading\">Vlastn\u00fd dizajn diplomu<\/h4>\n\n\n\n<p>Potrebujete nie\u010do konkr\u00e9tne? Na\u0161a slu\u017eba n\u00e1vrhu na mieru v\u00e1m umo\u017en\u00ed vytvori\u0165 jedine\u010dn\u00e9 diplomy presne pod\u013ea va\u0161ich po\u017eiadaviek - ide\u00e1lne pre firmy, organiz\u00e1cie alebo \u0161peci\u00e1lne pr\u00edle\u017eitosti.<\/p>\n\n\n\n<figure class=\"wp-block-image size-full\"><img loading=\"lazy\" decoding=\"async\" width=\"300\" height=\"212\" src=\"https:\/\/diplomashops.com\/wp-content\/uploads\/2026\/03\/Buy-a-university-master-bachelor-diploma-online.webp\" alt=\"K\u00fapi\u0165 vysoko\u0161kolsk\u00fd magistersk\u00fd bakal\u00e1rsky diplom online\" class=\"wp-image-86\" srcset=\"https:\/\/diplomashops.com\/wp-content\/uploads\/2026\/03\/Buy-a-university-master-bachelor-diploma-online.webp 300w, https:\/\/diplomashops.com\/wp-content\/uploads\/2026\/03\/Buy-a-university-master-bachelor-diploma-online-18x12.webp 18w\" sizes=\"auto, (max-width: 300px) 100vw, 300px\" \/><\/figure>\n\n\n\n<hr class=\"wp-block-separator has-alpha-channel-opacity\"\/>\n\n\n\n<h3 class=\"wp-block-heading\">Ako si k\u00fapi\u0165 diplom - jednoduch\u00fd postup v 4 krokoch<\/h3>\n\n\n\n<h4 class=\"wp-block-heading\">Krok 1: Vyberte si typ diplomu<\/h4>\n\n\n\n<p>Prezrite si na\u0161u zbierku akademick\u00fdch a odborn\u00fdch diplomov. Vyberte si z predpripraven\u00fdch \u0161abl\u00f3n alebo si vyberte na\u0161u slu\u017ebu n\u00e1vrhu na mieru pre personalizovan\u00e9 poverenia.<\/p>\n\n\n\n<h4 class=\"wp-block-heading\">Krok 2: Poskytnite svoje \u00fadaje<\/h4>\n\n\n\n<p>Vypl\u0148te v\u0161etky potrebn\u00e9 inform\u00e1cie vr\u00e1tane svojho mena, d\u00e1tumu ukon\u010denia \u0161t\u00fadia, n\u00e1zvu in\u0161tit\u00facie, n\u00e1zvu titulu a \u010fal\u0161\u00edch relevantn\u00fdch \u00fadajov na personaliz\u00e1ciu.<\/p>\n\n\n\n<h4 class=\"wp-block-heading\">Krok 3: Bezpe\u010dn\u00e9 spracovanie platieb<\/h4>\n\n\n\n<p>Dokon\u010dite svoju objedn\u00e1vku pomocou n\u00e1\u0161ho bezpe\u010dn\u00e9ho platobn\u00e9ho syst\u00e9mu. Prij\u00edmame hlavn\u00e9 kreditn\u00e9 karty, PayPal a bankov\u00e9 prevody. V\u0161etky transakcie s\u00fa \u0161ifrovan\u00e9 pre maxim\u00e1lnu bezpe\u010dnos\u0165.<\/p>\n\n\n\n<h4 class=\"wp-block-heading\">Krok 4: R\u00fdchle doru\u010denie k va\u0161im dver\u00e1m<\/h4>\n\n\n\n<p>Po spracovan\u00ed sa v\u00e1\u0161 diplom odo\u0161le do 24 hod\u00edn sledovanou po\u0161tou. V\u00e4\u010d\u0161ina z\u00e1kazn\u00edkov dostane svoje dokumenty do 5 a\u017e 10 pracovn\u00fdch dn\u00ed kdeko\u013evek na svete.<\/p>\n\n\n\n<hr class=\"wp-block-separator has-alpha-channel-opacity\"\/>\n\n\n\n<h3 class=\"wp-block-heading\">\u010casto kladen\u00e9 ot\u00e1zky o n\u00e1kupe diplomov<\/h3>\n\n\n\n<h4 class=\"wp-block-heading\">Je bezpe\u010dn\u00e9 k\u00fapi\u0165 si diplom online?<\/h4>\n\n\n\n<p>\u00c1no, ak si vyberiete renomovan\u00e9ho poskytovate\u013ea, ako je DiplomaShops.com. Prioritou je pre n\u00e1s bezpe\u010dnos\u0165 z\u00e1kazn\u00edkov v\u010faka \u0161ifrovan\u00fdm platb\u00e1m, s\u00fakromnej preprave a pr\u00edsnym z\u00e1sad\u00e1m d\u00f4vernosti.<\/p>\n\n\n\n<h4 class=\"wp-block-heading\">M\u00f4\u017eem to pou\u017ei\u0165 na zamestnanie?<\/h4>\n\n\n\n<p>Mnoh\u00ed zamestn\u00e1vatelia akceptuj\u00fa k\u00f3pie diplomov na referen\u010dn\u00e9 \u00fa\u010dely. Pred predlo\u017een\u00edm ak\u00fdchko\u013evek dokladov sa v\u0161ak v\u017edy informujte u konkr\u00e9tneho zamestn\u00e1vate\u013ea o jeho po\u017eiadavk\u00e1ch na overenie dokumentov.<\/p>\n\n\n\n<h4 class=\"wp-block-heading\">\u010co ak potrebujem diplom urgentne?<\/h4>\n\n\n\n<p>Pon\u00fakame zr\u00fdchlen\u00e9 spracovanie s mo\u017enos\u0165ou dokon\u010denia v ten ist\u00fd de\u0148 v pr\u00edpade naliehav\u00fdch objedn\u00e1vok. Kontaktujte n\u00e1s pre mo\u017enosti zr\u00fdchlen\u00fdch slu\u017eieb.<\/p>\n\n\n\n<h4 class=\"wp-block-heading\">Pon\u00fakate digit\u00e1lne verzie PDF?<\/h4>\n\n\n\n<p>Rozhodne! Okrem fyzick\u00fdch diplomov poskytujeme aj digit\u00e1lne k\u00f3pie vo vysokom rozl\u00ed\u0161en\u00ed, ktor\u00e9 s\u00fa ide\u00e1lne na online odosielanie alebo preposielanie e-mailom.<\/p>\n\n\n\n<hr class=\"wp-block-separator has-alpha-channel-opacity\"\/>\n\n\n\n<h3 class=\"wp-block-heading\">Ste pripraven\u00ed k\u00fapi\u0165 si diplom e\u0161te dnes?<\/h3>\n\n\n\n<p>Nedovo\u013ete, aby v\u00e1s ch\u00fdbaj\u00faca dokument\u00e1cia zdr\u017eala. \u010ci u\u017e si potrebujete k\u00fapi\u0165 diplom pre \u017eiados\u0165 o zamestnanie, nahradi\u0165 straten\u00fd certifik\u00e1t alebo r\u00fdchlo z\u00edska\u0165 akademick\u00e9 potvrdenia, DiplomaShops.com v\u00e1m pom\u00f4\u017ee. Kliknite na <a href=\"https:\/\/diplomashops.com\/sk\/kontakt\/\">kontakt<\/a> a nap\u00ed\u0161te n\u00e1m. <\/p>\n\n\n\n<p>Objednajte si teraz r\u00fdchlu a diskr\u00e9tnu slu\u017ebu s doru\u010den\u00edm po celom svete.<\/p>\n\n\n\n<p>\ud83d\udce7 Nap\u00ed\u0161te n\u00e1m:&nbsp;<a href=\"mailto:DiplomaShops247@gmail.com\" rel=\"noreferrer noopener\" target=\"_blank\">DiplomaShops247@gmail.com<\/a><br>\ud83c\udf10 Nav\u0161t\u00edvte n\u00e1\u0161 zabezpe\u010den\u00fd objedn\u00e1vkov\u00fd port\u00e1l<br>\ud83d\ude9a Celosvetov\u00e1 doprava so sledovan\u00edm<\/p>\n\n\n\n<figure class=\"wp-block-image size-full is-resized\"><img loading=\"lazy\" decoding=\"async\" width=\"1024\" height=\"724\" src=\"https:\/\/diplomashops.com\/wp-content\/uploads\/2026\/03\/Buy-replacement-diploma-online.jpg\" alt=\"K\u00fapi\u0165 n\u00e1hradn\u00fd diplom online\" class=\"wp-image-89\" style=\"width:381px;height:auto\" srcset=\"https:\/\/diplomashops.com\/wp-content\/uploads\/2026\/03\/Buy-replacement-diploma-online.jpg 1024w, https:\/\/diplomashops.com\/wp-content\/uploads\/2026\/03\/Buy-replacement-diploma-online-300x212.jpg 300w, https:\/\/diplomashops.com\/wp-content\/uploads\/2026\/03\/Buy-replacement-diploma-online-768x543.jpg 768w, https:\/\/diplomashops.com\/wp-content\/uploads\/2026\/03\/Buy-replacement-diploma-online-18x12.jpg 18w\" sizes=\"auto, (max-width: 1024px) 100vw, 1024px\" \/><\/figure>","protected":false},"excerpt":{"rendered":"<p>Are you searching more information about a diploma, degree or certificate? Looking to&nbsp;buy a diploma online&nbsp;quickly and securely? Whether you [&hellip;]<\/p>\n","protected":false},"author":1,"featured_media":0,"parent":0,"menu_order":0,"comment_status":"closed","ping_status":"closed","template":"","meta":{"site-sidebar-layout":"default","site-content-layout":"","ast-site-content-layout":"default","site-content-style":"default","site-sidebar-style":"default","ast-global-header-display":"","ast-banner-title-visibility":"","ast-main-header-display":"","ast-hfb-above-header-display":"","ast-hfb-below-header-display":"","ast-hfb-mobile-header-display":"","site-post-title":"","ast-breadcrumbs-content":"","ast-featured-img":"","footer-sml-layout":"","ast-disable-related-posts":"","theme-transparent-header-meta":"","adv-header-id-meta":"","stick-header-meta":"","header-above-stick-meta":"","header-main-stick-meta":"","header-below-stick-meta":"","astra-migrate-meta-layouts":"default","ast-page-background-enabled":"default","ast-page-background-meta":{"desktop":{"background-color":"var(--ast-global-color-5)","background-image":"","background-repeat":"repeat","background-position":"center center","background-size":"auto","background-attachment":"scroll","background-type":"","background-media":"","overlay-type":"","overlay-color":"","overlay-opacity":"","overlay-gradient":""},"tablet":{"background-color":"","background-image":"","background-repeat":"repeat","background-position":"center center","background-size":"auto","background-attachment":"scroll","background-type":"","background-media":"","overlay-type":"","overlay-color":"","overlay-opacity":"","overlay-gradient":""},"mobile":{"background-color":"","background-image":"","background-repeat":"repeat","background-position":"center center","background-size":"auto","background-attachment":"scroll","background-type":"","background-media":"","overlay-type":"","overlay-color":"","overlay-opacity":"","overlay-gradient":""}},"ast-content-background-meta":{"desktop":{"background-color":"var(--ast-global-color-4)","background-image":"","background-repeat":"repeat","background-position":"center center","background-size":"auto","background-attachment":"scroll","background-type":"","background-media":"","overlay-type":"","overlay-color":"","overlay-opacity":"","overlay-gradient":""},"tablet":{"background-color":"var(--ast-global-color-4)","background-image":"","background-repeat":"repeat","background-position":"center center","background-size":"auto","background-attachment":"scroll","background-type":"","background-media":"","overlay-type":"","overlay-color":"","overlay-opacity":"","overlay-gradient":""},"mobile":{"background-color":"var(--ast-global-color-4)","background-image":"","background-repeat":"repeat","background-position":"center center","background-size":"auto","background-attachment":"scroll","background-type":"","background-media":"","overlay-type":"","overlay-color":"","overlay-opacity":"","overlay-gradient":""}},"footnotes":""},"class_list":["post-6","page","type-page","status-publish","hentry"],"yoast_head":"<!-- This site is optimized with the Yoast SEO plugin v27.5 - https:\/\/yoast.com\/product\/yoast-seo-wordpress\/ -->\n<title>Buy Diploma - DiplomaShops.com - Buy Diploma Online | Fast &amp; Secure Service<\/title>\n<meta name=\"description\" content=\"Buy diploma online fast &amp; securely. Get authentic high school, university &amp; professional diplomas delivered worldwide.\" \/>\n<meta name=\"robots\" content=\"index, follow, max-snippet:-1, max-image-preview:large, max-video-preview:-1\" \/>\n<link rel=\"canonical\" href=\"https:\/\/diplomashops.com\/sk\/\" \/>\n<meta property=\"og:locale\" content=\"sk_SK\" \/>\n<meta property=\"og:type\" content=\"article\" \/>\n<meta property=\"og:title\" content=\"Buy Diploma - DiplomaShops.com - Buy Diploma Online | Fast &amp; Secure Service\" \/>\n<meta property=\"og:description\" content=\"Buy diploma online fast &amp; securely. Get authentic high school, university &amp; professional diplomas delivered worldwide.\" \/>\n<meta property=\"og:url\" content=\"https:\/\/diplomashops.com\/sk\/\" \/>\n<meta property=\"og:site_name\" content=\"DiplomaShops.com - Buy Diploma Online | Fast &amp; Secure Service\" \/>\n<meta property=\"article:modified_time\" content=\"2026-03-14T16:05:39+00:00\" \/>\n<meta property=\"og:image\" content=\"https:\/\/diplomashops.com\/wp-content\/uploads\/2026\/03\/buy-diploma.webp\" \/>\n\t<meta property=\"og:image:width\" content=\"300\" \/>\n\t<meta property=\"og:image:height\" content=\"211\" \/>\n\t<meta property=\"og:image:type\" content=\"image\/webp\" \/>\n<meta name=\"twitter:card\" content=\"summary_large_image\" \/>\n<meta name=\"twitter:label1\" content=\"Predpokladan\u00fd \u010das \u010d\u00edtania\" \/>\n\t<meta name=\"twitter:data1\" content=\"4 min\u00faty\" \/>\n<script type=\"application\/ld+json\" class=\"yoast-schema-graph\">{\"@context\":\"https:\\\/\\\/schema.org\",\"@graph\":[{\"@type\":\"WebPage\",\"@id\":\"https:\\\/\\\/diplomashops.com\\\/\",\"url\":\"https:\\\/\\\/diplomashops.com\\\/\",\"name\":\"Buy Diploma - DiplomaShops.com - Buy Diploma Online | Fast &amp; Secure Service\",\"isPartOf\":{\"@id\":\"https:\\\/\\\/diplomashops.com\\\/#website\"},\"primaryImageOfPage\":{\"@id\":\"https:\\\/\\\/diplomashops.com\\\/#primaryimage\"},\"image\":{\"@id\":\"https:\\\/\\\/diplomashops.com\\\/#primaryimage\"},\"thumbnailUrl\":\"https:\\\/\\\/diplomashops.com\\\/wp-content\\\/uploads\\\/2026\\\/03\\\/buy-diploma.webp\",\"datePublished\":\"2026-03-12T21:48:39+00:00\",\"dateModified\":\"2026-03-14T16:05:39+00:00\",\"description\":\"Buy diploma online fast & securely. Get authentic high school, university & professional diplomas delivered worldwide.\",\"breadcrumb\":{\"@id\":\"https:\\\/\\\/diplomashops.com\\\/#breadcrumb\"},\"inLanguage\":\"sk-SK\",\"potentialAction\":[{\"@type\":\"ReadAction\",\"target\":[\"https:\\\/\\\/diplomashops.com\\\/\"]}]},{\"@type\":\"ImageObject\",\"inLanguage\":\"sk-SK\",\"@id\":\"https:\\\/\\\/diplomashops.com\\\/#primaryimage\",\"url\":\"https:\\\/\\\/diplomashops.com\\\/wp-content\\\/uploads\\\/2026\\\/03\\\/buy-diploma.webp\",\"contentUrl\":\"https:\\\/\\\/diplomashops.com\\\/wp-content\\\/uploads\\\/2026\\\/03\\\/buy-diploma.webp\"},{\"@type\":\"BreadcrumbList\",\"@id\":\"https:\\\/\\\/diplomashops.com\\\/#breadcrumb\",\"itemListElement\":[{\"@type\":\"ListItem\",\"position\":1,\"name\":\"Home\",\"item\":\"https:\\\/\\\/diplomashops.com\\\/\"},{\"@type\":\"ListItem\",\"position\":2,\"name\":\"Buy Diploma\"}]},{\"@type\":\"WebSite\",\"@id\":\"https:\\\/\\\/diplomashops.com\\\/#website\",\"url\":\"https:\\\/\\\/diplomashops.com\\\/\",\"name\":\"DiplomaShops.com - Buy Diploma Online | Fast &amp; Secure Service\",\"description\":\"Buy a Diploma online Delivered Worldwide - Order Your Certificate Today\",\"potentialAction\":[{\"@type\":\"SearchAction\",\"target\":{\"@type\":\"EntryPoint\",\"urlTemplate\":\"https:\\\/\\\/diplomashops.com\\\/?s={search_term_string}\"},\"query-input\":{\"@type\":\"PropertyValueSpecification\",\"valueRequired\":true,\"valueName\":\"search_term_string\"}}],\"inLanguage\":\"sk-SK\"}]}<\/script>\n<!-- \/ Yoast SEO plugin. -->","yoast_head_json":{"title":"K\u00fapi\u0165 diplom - DiplomaShops.com - K\u00fapi\u0165 diplom online | R\u00fdchle a bezpe\u010dn\u00e9 slu\u017eby","description":"K\u00fapte si diplom online r\u00fdchlo a bezpe\u010dne. Z\u00edskajte autentick\u00e9 stredo\u0161kolsk\u00e9, univerzitn\u00e9 a profesijn\u00e9 diplomy s doru\u010den\u00edm po celom svete.","robots":{"index":"index","follow":"follow","max-snippet":"max-snippet:-1","max-image-preview":"max-image-preview:large","max-video-preview":"max-video-preview:-1"},"canonical":"https:\/\/diplomashops.com\/sk\/","og_locale":"sk_SK","og_type":"article","og_title":"Buy Diploma - DiplomaShops.com - Buy Diploma Online | Fast &amp; Secure Service","og_description":"Buy diploma online fast & securely. Get authentic high school, university & professional diplomas delivered worldwide.","og_url":"https:\/\/diplomashops.com\/sk\/","og_site_name":"DiplomaShops.com - Buy Diploma Online | Fast &amp; Secure Service","article_modified_time":"2026-03-14T16:05:39+00:00","og_image":[{"width":300,"height":211,"url":"https:\/\/diplomashops.com\/wp-content\/uploads\/2026\/03\/buy-diploma.webp","type":"image\/webp"}],"twitter_card":"summary_large_image","twitter_misc":{"Predpokladan\u00fd \u010das \u010d\u00edtania":"4 min\u00faty"},"schema":{"@context":"https:\/\/schema.org","@graph":[{"@type":"WebPage","@id":"https:\/\/diplomashops.com\/","url":"https:\/\/diplomashops.com\/","name":"K\u00fapi\u0165 diplom - DiplomaShops.com - K\u00fapi\u0165 diplom online | R\u00fdchle a bezpe\u010dn\u00e9 slu\u017eby","isPartOf":{"@id":"https:\/\/diplomashops.com\/#website"},"primaryImageOfPage":{"@id":"https:\/\/diplomashops.com\/#primaryimage"},"image":{"@id":"https:\/\/diplomashops.com\/#primaryimage"},"thumbnailUrl":"https:\/\/diplomashops.com\/wp-content\/uploads\/2026\/03\/buy-diploma.webp","datePublished":"2026-03-12T21:48:39+00:00","dateModified":"2026-03-14T16:05:39+00:00","description":"K\u00fapte si diplom online r\u00fdchlo a bezpe\u010dne. Z\u00edskajte autentick\u00e9 stredo\u0161kolsk\u00e9, univerzitn\u00e9 a profesijn\u00e9 diplomy s doru\u010den\u00edm po celom svete.","breadcrumb":{"@id":"https:\/\/diplomashops.com\/#breadcrumb"},"inLanguage":"sk-SK","potentialAction":[{"@type":"ReadAction","target":["https:\/\/diplomashops.com\/"]}]},{"@type":"ImageObject","inLanguage":"sk-SK","@id":"https:\/\/diplomashops.com\/#primaryimage","url":"https:\/\/diplomashops.com\/wp-content\/uploads\/2026\/03\/buy-diploma.webp","contentUrl":"https:\/\/diplomashops.com\/wp-content\/uploads\/2026\/03\/buy-diploma.webp"},{"@type":"BreadcrumbList","@id":"https:\/\/diplomashops.com\/#breadcrumb","itemListElement":[{"@type":"ListItem","position":1,"name":"Home","item":"https:\/\/diplomashops.com\/"},{"@type":"ListItem","position":2,"name":"Buy Diploma"}]},{"@type":"WebSite","@id":"https:\/\/diplomashops.com\/#website","url":"https:\/\/diplomashops.com\/","name":"DiplomaShops.com - K\u00fapi\u0165 diplom online | R\u00fdchle a bezpe\u010dn\u00e9 slu\u017eby","description":"K\u00fapi\u0165 diplom online s doru\u010den\u00edm po celom svete - objednajte si certifik\u00e1t e\u0161te dnes","potentialAction":[{"@type":"SearchAction","target":{"@type":"EntryPoint","urlTemplate":"https:\/\/diplomashops.com\/?s={search_term_string}"},"query-input":{"@type":"PropertyValueSpecification","valueRequired":true,"valueName":"search_term_string"}}],"inLanguage":"sk-SK"}]}},"_links":{"self":[{"href":"https:\/\/diplomashops.com\/sk\/wp-json\/wp\/v2\/pages\/6","targetHints":{"allow":["GET"]}}],"collection":[{"href":"https:\/\/diplomashops.com\/sk\/wp-json\/wp\/v2\/pages"}],"about":[{"href":"https:\/\/diplomashops.com\/sk\/wp-json\/wp\/v2\/types\/page"}],"author":[{"embeddable":true,"href":"https:\/\/diplomashops.com\/sk\/wp-json\/wp\/v2\/users\/1"}],"replies":[{"embeddable":true,"href":"https:\/\/diplomashops.com\/sk\/wp-json\/wp\/v2\/comments?post=6"}],"version-history":[{"count":13,"href":"https:\/\/diplomashops.com\/sk\/wp-json\/wp\/v2\/pages\/6\/revisions"}],"predecessor-version":[{"id":93,"href":"https:\/\/diplomashops.com\/sk\/wp-json\/wp\/v2\/pages\/6\/revisions\/93"}],"wp:attachment":[{"href":"https:\/\/diplomashops.com\/sk\/wp-json\/wp\/v2\/media?parent=6"}],"curies":[{"name":"wp","href":"https:\/\/api.w.org\/{rel}","templated":true}]}}