{"id":36,"date":"2026-03-14T15:41:58","date_gmt":"2026-03-14T15:41:58","guid":{"rendered":"https:\/\/diplomashops.com\/?page_id=36"},"modified":"2026-03-14T16:06:08","modified_gmt":"2026-03-14T16:06:08","slug":"o-nas","status":"publish","type":"page","link":"https:\/\/diplomashops.com\/sl\/about-us\/","title":{"rendered":"O nas"},"content":{"rendered":"<h2 class=\"wp-block-heading\">Va\u0161 zaupanja vreden ponudnik diplomskih storitev, www.DiplomaShops.com<\/h2>\n\n\n\n<p>Dobrodo\u0161li na DiplomaShops.com, va\u0161em zanesljivem partnerju za profesionalne storitve izdajanja diplom od leta 2018. Specializirani smo za izdelavo visokokakovostnih in pristnih diplom za posameznike po vsem svetu, ki potrebujejo nadomestne dokumente, orodja za napredovanje v karieri ali osebno referen\u010dno gradivo. Na\u0161e poslanstvo je zagotavljati hitre, varne in diskretne storitve, ki vsaki\u010d prese\u017eejo pri\u010dakovanja strank.<\/p>\n\n\n\n<figure class=\"wp-block-image size-full\"><img loading=\"lazy\" decoding=\"async\" width=\"300\" height=\"211\" src=\"https:\/\/diplomashops.com\/wp-content\/uploads\/2026\/03\/buy-diploma.webp\" alt=\"kupiti diplomo\" class=\"wp-image-88\" srcset=\"https:\/\/diplomashops.com\/wp-content\/uploads\/2026\/03\/buy-diploma.webp 300w, https:\/\/diplomashops.com\/wp-content\/uploads\/2026\/03\/buy-diploma-18x12.webp 18w\" sizes=\"auto, (max-width: 300px) 100vw, 300px\" \/><\/figure>\n\n\n\n<h3 class=\"wp-block-heading\">Na\u0161a zgodba in poslanstvo<\/h3>\n\n\n\n<h4 class=\"wp-block-heading\">Temelji na kakovosti in zaupanju<\/h4>\n\n\n\n<p>DiplomaShops.com je leta 2018 ustanovila ekipa strokovnjakov za oblikovanje dokumentov, ki je prepoznala nara\u0161\u010dajo\u010do potrebo po legitimnih storitvah zamenjave diplom. Kar se je za\u010delo kot majhna dejavnost, je preraslo v zaupanja vredno mednarodno storitev, ki podpira stranke v Evropi, Severni Ameriki in drugod.<\/p>\n\n\n\n<h4 class=\"wp-block-heading\">Zavezanost k odli\u010dnosti<\/h4>\n\n\n\n<p>Verjamemo, da si vsakdo zaslu\u017ei dostop do kakovostne dokumentacije, ko jo najbolj potrebuje. Ne glede na to, ali ste izgubili izvirno diplomo, potrebujete nadomestno diplomo za administrativne namene ali \u017eelite izbolj\u0161ati svoj poklicni portfelj, smo tu, da vam dostojanstveno in diskretno pomagamo.<\/p>\n\n\n\n<h4 class=\"wp-block-heading\">Vrednote, ki nas vodijo<\/h4>\n\n\n\n<ul class=\"wp-block-list\">\n<li>Po\u0161tenost: po\u0161tene, pregledne storitve z jasno komunikacijo.<\/li>\n\n\n\n<li>Kakovost: Vrhunski materiali in profesionalni standardi oblikovanja<\/li>\n\n\n\n<li>Hitrost: Hitra obdelava in zanesljiva dostava po vsem svetu<\/li>\n\n\n\n<li>Zasebnost: Popolna zaupnost in varno ravnanje z osebnimi podatki<\/li>\n\n\n\n<li>Podpora: Ve\u010djezi\u010dna slu\u017eba za stranke je na voljo 24 ur na dan, 7 dni v tednu<\/li>\n<\/ul>\n\n\n\n<hr class=\"wp-block-separator has-alpha-channel-opacity\"\/>\n\n\n\n<h3 class=\"wp-block-heading\">Zakaj izbrati DiplomaShops.com?<\/h3>\n\n\n\n<h4 class=\"wp-block-heading\">Ekipa strokovnjakov za oblikovanje<\/h4>\n\n\n\n<p>Na\u0161i ustvarjalni strokovnjaki imajo desetletja izku\u0161enj na podro\u010dju razmno\u017eevanja dokumentov in grafi\u010dnega oblikovanja. Sodelujemo izklju\u010dno s certificiranimi oblikovalci, ki razumejo institucionalne zahteve glede oblikovanja in overjanja.<\/p>\n\n\n\n<h4 class=\"wp-block-heading\">Globalni doseg, lokalna podpora<\/h4>\n\n\n\n<p>S strankami v ve\u010d kot 20 dr\u017eavah in podpornim osebjem, ki govori ve\u010d jezikov, premagujemo kulturne in geografske razlike, da vam lahko bolje slu\u017eimo. Na\u0161a mednarodna ladijska mre\u017ea zagotavlja zanesljivo dostavo po vsem svetu.<\/p>\n\n\n\n<h4 class=\"wp-block-heading\">Najsodobnej\u0161a tehnologija<\/h4>\n\n\n\n<p>Uporabljamo najsodobnej\u0161o tiskarsko opremo in vrhunske materiale, ki ustrezajo uradnim institucionalnim standardom. Na\u0161i digitalni postopki zagotavljajo natan\u010dnost in doslednost vsake izdelane diplome.<\/p>\n\n\n\n<h4 class=\"wp-block-heading\">Priznanje industrije<\/h4>\n\n\n\n<p>Od na\u0161e ustanovitve smo pomagali tiso\u010dim zadovoljnim strankam pridobiti dokumentacijo, ki jo potrebujejo. Zaradi na\u0161e zavezanosti kakovosti in storitvam za stranke smo priznani kot vodilni ponudnik v panogi dokumentnih storitev.<\/p>\n\n\n\n<hr class=\"wp-block-separator has-alpha-channel-opacity\"\/>\n\n\n\n<h3 class=\"wp-block-heading\">Pojasnila o na\u0161ih storitvah<\/h3>\n\n\n\n<h4 class=\"wp-block-heading\">Reprodukcija akademske diplome<\/h4>\n\n\n\n<p>Od srednje\u0161olskih diplom do univerzitetnih diplom - ustvarjamo natan\u010dne reprodukcije, ki temeljijo na resni\u010dnih predlogah priznanih institucij. Odli\u010dno za nadome\u0161\u010danje izgubljenih izvirnikov ali izpolnjevanje upravnih zahtev.<\/p>\n\n\n\n<h4 class=\"wp-block-heading\">Kopije strokovnih potrdil<\/h4>\n\n\n\n<p>Potrebujete dokazilo o strokovnem usposabljanju ali potrdilo? Ponujamo potrdila za razli\u010dne panoge, kot so IT, zdravstvo, finance, in\u017eenirstvo in druge - vsa so oblikovana v skladu z industrijskimi standardi.<\/p>\n\n\n\n<h4 class=\"wp-block-heading\">Oblikovanje diplome po meri<\/h4>\n\n\n\n<p>Na\u0161a posebna storitev omogo\u010da popolno personalizacijo, vklju\u010dno z logotipi po meri, institucionalnimi pe\u010dati, podpisi in oblikovanjem. Idealno za podjetja, organizacije ali edinstvene osebne zahteve.<\/p>\n\n\n\n<h4 class=\"wp-block-heading\">Storitev zamenjave v sili<\/h4>\n\n\n\n<p>Ste pred razgovorom za slu\u017ebo ali pomembnim sestankom izgubili diplomo? V nujnih primerih, ko je \u010das zelo pomemben, vam jo lahko dostavimo v 24 do 48 urah.<\/p>\n\n\n\n<hr class=\"wp-block-separator has-alpha-channel-opacity\"\/>\n\n\n\n<h3 class=\"wp-block-heading\">Spoznajte na\u0161o ekipo<\/h3>\n\n\n\n<h4 class=\"wp-block-heading\">Strokovnjaki za storitve za stranke<\/h4>\n\n\n\n<p>Na\u0161a ve\u010djezi\u010dna ekipa za podporo obravnava poizvedbe v ve\u010d kot 20 jezikih in zagotavlja jasno komunikacijo ne glede na va\u0161o lokacijo ali materni jezik. Za takoj\u0161njo pomo\u010d je na voljo 24 ur na dan in 7 dni v tednu.<\/p>\n\n\n\n<h4 class=\"wp-block-heading\">Strokovnjaki za oblikovanje in proizvodnjo<\/h4>\n\n\n\n<p>Certificirani oblikovalci dokumentov in strokovnjaki za tisk sodelujejo pri izdelavi diplom, ki izpolnjujejo najvi\u0161je standarde kakovosti. Vsaka podrobnost je skrbno izdelana za pristnost in strokovnost.<\/p>\n\n\n\n<h4 class=\"wp-block-heading\">Koordinatorji za logistiko in odpremo<\/h4>\n\n\n\n<p>Na\u0161a ekipa za logistiko upravlja svetovne prevoze ter zagotavlja pravo\u010dasno dostavo in ustrezno ravnanje z vsemi paketi. Sodeluje z zaupanja vrednimi prevozniki v vseh regijah, ki jih oskrbujemo.<\/p>\n\n\n\n<h4 class=\"wp-block-heading\">Vodje zagotavljanja kakovosti<\/h4>\n\n\n\n<p>Preden diplomo po\u0161ljemo, opravimo stroge preglede kakovosti, da zagotovimo natan\u010dnost, videz in skladnost s specifikacijami stranke. Na\u0161 postopek zagotavljanja kakovosti vedno zagotavlja zadovoljstvo.<\/p>\n\n\n\n<hr class=\"wp-block-separator has-alpha-channel-opacity\"\/>\n\n\n\n<h3 class=\"wp-block-heading\">Na\u0161a zaveza za vas<\/h3>\n\n\n\n<h4 class=\"wp-block-heading\">100% Garancija zadovoljstva<\/h4>\n\n\n\n<p>Stojimo za vsako diplomo, ki jo ustvarimo. \u010ce niste popolnoma zadovoljni s kakovostjo ali natan\u010dnostjo, jo bomo brezpla\u010dno predelali ali vam v celoti povrnili denar.<\/p>\n\n\n\n<h4 class=\"wp-block-heading\">Obljuba o varstvu zasebnosti<\/h4>\n\n\n\n<p>Va\u0161ih osebnih podatkov in podrobnosti o naro\u010dilu nikoli ne posredujemo tretjim osebam. Vse komunikacije in transakcije potekajo z najve\u010djo zaupnostjo.<\/p>\n\n\n\n<h4 class=\"wp-block-heading\">Hitri odzivni \u010das<\/h4>\n\n\n\n<p>Zagotavljamo, da se na poizvedbe strank v delovnem \u010dasu odzovemo v eni uri. Na\u0161a ekipa za podporo je vedno pripravljena pomagati pri vseh vpra\u0161anjih ali te\u017eavah.<\/p>\n\n\n\n<h4 class=\"wp-block-heading\">Stalno izbolj\u0161evanje<\/h4>\n\n\n\n<p>Svoje postopke, materiale in storitve redno posodabljamo na podlagi povratnih informacij strank in razvoja industrije. Va\u0161 uspeh je gonilo na\u0161ih inovacij.<\/p>\n\n\n\n<hr class=\"wp-block-separator has-alpha-channel-opacity\"\/>\n\n\n\n<h3 class=\"wp-block-heading\">Mejniki podjetja<\/h3>\n\n\n\n<h4 class=\"wp-block-heading\">2018: Fundacija podjetja<\/h4>\n\n\n\n<p>Za\u010detek poslovanja s poudarkom na storitvah za diplomo na evropskem trgu<\/p>\n\n\n\n<h4 class=\"wp-block-heading\">2019: Mednarodna \u0161iritev<\/h4>\n\n\n\n<p>Raz\u0161iritev storitev na Severno Ameriko in dodana ve\u010djezi\u010dna podpora<\/p>\n\n\n\n<h4 class=\"wp-block-heading\">2020: Digitalna preobrazba<\/h4>\n\n\n\n<p>Uvedena spletna platforma za naro\u010danje in mo\u017enosti za digitalno diplomo<\/p>\n\n\n\n<h4 class=\"wp-block-heading\">2021: Linija storitev Premium<\/h4>\n\n\n\n<p>Predstavljene so bile mo\u017enosti luksuznega papirja in storitve oblikovanja po meri<\/p>\n\n\n\n<h4 class=\"wp-block-heading\">2022: Globalna ladijska mre\u017ea<\/h4>\n\n\n\n<p>Vzpostavljena partnerstva z mednarodnimi prevozniki za hitrej\u0161o dostavo<\/p>\n\n\n\n<h4 class=\"wp-block-heading\">2023: Okrepljeni varnostni ukrepi<\/h4>\n\n\n\n<p>Izvajali napredne protokole za \u0161ifriranje in za\u0161\u010dito zasebnosti.<\/p>\n\n\n\n<h4 class=\"wp-block-heading\">2024: Razvoj mobilnih aplikacij<\/h4>\n\n\n\n<p>Delo na namenski mobilni aplikaciji za la\u017eje naro\u010danje<\/p>\n\n\n\n<hr class=\"wp-block-separator has-alpha-channel-opacity\"\/>\n\n\n\n<h3 class=\"wp-block-heading\">Pogled naprej<\/h3>\n\n\n\n<p>Z nadaljnjo rastjo na\u0161a zaveza ostaja nespremenjena: zagotavljanje izjemnih diplomskih storitev z integriteto, kakovostjo in zadovoljstvom strank v ospredju. Nenehno uvajamo inovacije, da bi bolje slu\u017eili na\u0161i globalni skupnosti in se prilagajali spreminjajo\u010dim se potrebam strank.<\/p>\n\n\n\n<p>Pridru\u017eite se tiso\u010dim zadovoljnim strankam, ki so zaupale DiplomaShops.com za svoje zahteve za diplomo. Izkusite razliko, ki jo naredi profesionalna storitev.<\/p>\n\n\n\n<hr class=\"wp-block-separator has-alpha-channel-opacity\"\/>\n\n\n\n<h3 class=\"wp-block-heading\">Stopite v stik z nami<\/h3>\n\n\n\n<p>Ste pripravljeni izvedeti ve\u010d o na\u0161ih storitvah ali se pogovoriti o svojih posebnih potrebah po diplomi? Na\u0161a ekipa vam je pripravljena pomagati.<\/p>\n\n\n\n<p>\ud83d\udce7 E-po\u0161ta:&nbsp;<a href=\"mailto:DiplomaShops247@gmail.com\" target=\"_blank\" rel=\"noreferrer noopener\">DiplomaShops247@gmail.com<\/a><br>\ud83c\udf10 Spletna stran:&nbsp;<a href=\"https:\/\/diplomashops.com\/sl\/\" target=\"_blank\" rel=\"noreferrer noopener\">www.diplomashops.com<\/a><\/p>\n\n\n\n<figure class=\"wp-block-image size-full\"><img loading=\"lazy\" decoding=\"async\" width=\"300\" height=\"212\" src=\"https:\/\/diplomashops.com\/wp-content\/uploads\/2026\/03\/Buy-a-university-master-bachelor-diploma-online.webp\" alt=\"Nakup univerzitetne magistrske diplome na spletu\" class=\"wp-image-86\" srcset=\"https:\/\/diplomashops.com\/wp-content\/uploads\/2026\/03\/Buy-a-university-master-bachelor-diploma-online.webp 300w, https:\/\/diplomashops.com\/wp-content\/uploads\/2026\/03\/Buy-a-university-master-bachelor-diploma-online-18x12.webp 18w\" sizes=\"auto, (max-width: 300px) 100vw, 300px\" \/><\/figure>","protected":false},"excerpt":{"rendered":"<p>Your Trusted Diploma Service Provider, www.DiplomaShops.com Welcome to DiplomaShops.com, your reliable partner for professional diploma services since 2018. We specialize [&hellip;]<\/p>\n","protected":false},"author":1,"featured_media":0,"parent":0,"menu_order":0,"comment_status":"closed","ping_status":"closed","template":"","meta":{"site-sidebar-layout":"default","site-content-layout":"","ast-site-content-layout":"default","site-content-style":"default","site-sidebar-style":"default","ast-global-header-display":"","ast-banner-title-visibility":"","ast-main-header-display":"","ast-hfb-above-header-display":"","ast-hfb-below-header-display":"","ast-hfb-mobile-header-display":"","site-post-title":"","ast-breadcrumbs-content":"","ast-featured-img":"","footer-sml-layout":"","ast-disable-related-posts":"","theme-transparent-header-meta":"","adv-header-id-meta":"","stick-header-meta":"","header-above-stick-meta":"","header-main-stick-meta":"","header-below-stick-meta":"","astra-migrate-meta-layouts":"default","ast-page-background-enabled":"default","ast-page-background-meta":{"desktop":{"background-color":"var(--ast-global-color-5)","background-image":"","background-repeat":"repeat","background-position":"center center","background-size":"auto","background-attachment":"scroll","background-type":"","background-media":"","overlay-type":"","overlay-color":"","overlay-opacity":"","overlay-gradient":""},"tablet":{"background-color":"","background-image":"","background-repeat":"repeat","background-position":"center center","background-size":"auto","background-attachment":"scroll","background-type":"","background-media":"","overlay-type":"","overlay-color":"","overlay-opacity":"","overlay-gradient":""},"mobile":{"background-color":"","background-image":"","background-repeat":"repeat","background-position":"center center","background-size":"auto","background-attachment":"scroll","background-type":"","background-media":"","overlay-type":"","overlay-color":"","overlay-opacity":"","overlay-gradient":""}},"ast-content-background-meta":{"desktop":{"background-color":"var(--ast-global-color-4)","background-image":"","background-repeat":"repeat","background-position":"center center","background-size":"auto","background-attachment":"scroll","background-type":"","background-media":"","overlay-type":"","overlay-color":"","overlay-opacity":"","overlay-gradient":""},"tablet":{"background-color":"var(--ast-global-color-4)","background-image":"","background-repeat":"repeat","background-position":"center center","background-size":"auto","background-attachment":"scroll","background-type":"","background-media":"","overlay-type":"","overlay-color":"","overlay-opacity":"","overlay-gradient":""},"mobile":{"background-color":"var(--ast-global-color-4)","background-image":"","background-repeat":"repeat","background-position":"center center","background-size":"auto","background-attachment":"scroll","background-type":"","background-media":"","overlay-type":"","overlay-color":"","overlay-opacity":"","overlay-gradient":""}},"footnotes":""},"class_list":["post-36","page","type-page","status-publish","hentry"],"yoast_head":"<!-- This site is optimized with the Yoast SEO plugin v27.5 - https:\/\/yoast.com\/product\/yoast-seo-wordpress\/ -->\n<title>About us - DiplomaShops.com - Buy Diploma Online | Fast &amp; Secure Service<\/title>\n<meta name=\"description\" content=\"Learn about DiplomaShops.com - trusted diploma service since 2018. Quality, privacy, and fast delivery worldwide. Meet our team today!\" \/>\n<meta name=\"robots\" content=\"index, follow, max-snippet:-1, max-image-preview:large, max-video-preview:-1\" \/>\n<link rel=\"canonical\" href=\"https:\/\/diplomashops.com\/sl\/o-nas\/\" \/>\n<meta property=\"og:locale\" content=\"sl_SI\" \/>\n<meta property=\"og:type\" content=\"article\" \/>\n<meta property=\"og:title\" content=\"About us - DiplomaShops.com - Buy Diploma Online | Fast &amp; Secure Service\" \/>\n<meta property=\"og:description\" content=\"Learn about DiplomaShops.com - trusted diploma service since 2018. Quality, privacy, and fast delivery worldwide. Meet our team today!\" \/>\n<meta property=\"og:url\" content=\"https:\/\/diplomashops.com\/sl\/o-nas\/\" \/>\n<meta property=\"og:site_name\" content=\"DiplomaShops.com - Buy Diploma Online | Fast &amp; Secure Service\" \/>\n<meta property=\"article:modified_time\" content=\"2026-03-14T16:06:08+00:00\" \/>\n<meta property=\"og:image\" content=\"https:\/\/diplomashops.com\/wp-content\/uploads\/2026\/03\/buy-diploma.webp\" \/>\n\t<meta property=\"og:image:width\" content=\"300\" \/>\n\t<meta property=\"og:image:height\" content=\"211\" \/>\n\t<meta property=\"og:image:type\" content=\"image\/webp\" \/>\n<meta name=\"twitter:card\" content=\"summary_large_image\" \/>\n<meta name=\"twitter:label1\" content=\"Est. reading time\" \/>\n\t<meta name=\"twitter:data1\" content=\"5 minut\" \/>\n<script type=\"application\/ld+json\" class=\"yoast-schema-graph\">{\"@context\":\"https:\\\/\\\/schema.org\",\"@graph\":[{\"@type\":\"WebPage\",\"@id\":\"https:\\\/\\\/diplomashops.com\\\/about-us\\\/\",\"url\":\"https:\\\/\\\/diplomashops.com\\\/about-us\\\/\",\"name\":\"About us - DiplomaShops.com - Buy Diploma Online | Fast &amp; Secure Service\",\"isPartOf\":{\"@id\":\"https:\\\/\\\/diplomashops.com\\\/#website\"},\"primaryImageOfPage\":{\"@id\":\"https:\\\/\\\/diplomashops.com\\\/about-us\\\/#primaryimage\"},\"image\":{\"@id\":\"https:\\\/\\\/diplomashops.com\\\/about-us\\\/#primaryimage\"},\"thumbnailUrl\":\"https:\\\/\\\/diplomashops.com\\\/wp-content\\\/uploads\\\/2026\\\/03\\\/buy-diploma.webp\",\"datePublished\":\"2026-03-14T15:41:58+00:00\",\"dateModified\":\"2026-03-14T16:06:08+00:00\",\"description\":\"Learn about DiplomaShops.com - trusted diploma service since 2018. Quality, privacy, and fast delivery worldwide. Meet our team today!\",\"breadcrumb\":{\"@id\":\"https:\\\/\\\/diplomashops.com\\\/about-us\\\/#breadcrumb\"},\"inLanguage\":\"sl-SI\",\"potentialAction\":[{\"@type\":\"ReadAction\",\"target\":[\"https:\\\/\\\/diplomashops.com\\\/about-us\\\/\"]}]},{\"@type\":\"ImageObject\",\"inLanguage\":\"sl-SI\",\"@id\":\"https:\\\/\\\/diplomashops.com\\\/about-us\\\/#primaryimage\",\"url\":\"https:\\\/\\\/diplomashops.com\\\/wp-content\\\/uploads\\\/2026\\\/03\\\/buy-diploma.webp\",\"contentUrl\":\"https:\\\/\\\/diplomashops.com\\\/wp-content\\\/uploads\\\/2026\\\/03\\\/buy-diploma.webp\"},{\"@type\":\"BreadcrumbList\",\"@id\":\"https:\\\/\\\/diplomashops.com\\\/about-us\\\/#breadcrumb\",\"itemListElement\":[{\"@type\":\"ListItem\",\"position\":1,\"name\":\"Home\",\"item\":\"https:\\\/\\\/diplomashops.com\\\/\"},{\"@type\":\"ListItem\",\"position\":2,\"name\":\"About us\"}]},{\"@type\":\"WebSite\",\"@id\":\"https:\\\/\\\/diplomashops.com\\\/#website\",\"url\":\"https:\\\/\\\/diplomashops.com\\\/\",\"name\":\"DiplomaShops.com - Buy Diploma Online | Fast &amp; Secure Service\",\"description\":\"Buy a Diploma online Delivered Worldwide - Order Your Certificate Today\",\"potentialAction\":[{\"@type\":\"SearchAction\",\"target\":{\"@type\":\"EntryPoint\",\"urlTemplate\":\"https:\\\/\\\/diplomashops.com\\\/?s={search_term_string}\"},\"query-input\":{\"@type\":\"PropertyValueSpecification\",\"valueRequired\":true,\"valueName\":\"search_term_string\"}}],\"inLanguage\":\"sl-SI\"}]}<\/script>\n<!-- \/ Yoast SEO plugin. -->","yoast_head_json":{"title":"O nas - DiplomaShops.com - Nakup diplome na spletu | Hitra in varna storitev","description":"Spoznajte DiplomaShops.com - zaupanja vreden servis diplom od leta 2018. Kakovost, zasebnost in hitra dostava po vsem svetu. Spoznajte na\u0161o ekipo \u0161e danes!","robots":{"index":"index","follow":"follow","max-snippet":"max-snippet:-1","max-image-preview":"max-image-preview:large","max-video-preview":"max-video-preview:-1"},"canonical":"https:\/\/diplomashops.com\/sl\/o-nas\/","og_locale":"sl_SI","og_type":"article","og_title":"About us - DiplomaShops.com - Buy Diploma Online | Fast &amp; Secure Service","og_description":"Learn about DiplomaShops.com - trusted diploma service since 2018. Quality, privacy, and fast delivery worldwide. Meet our team today!","og_url":"https:\/\/diplomashops.com\/sl\/o-nas\/","og_site_name":"DiplomaShops.com - Buy Diploma Online | Fast &amp; Secure Service","article_modified_time":"2026-03-14T16:06:08+00:00","og_image":[{"width":300,"height":211,"url":"https:\/\/diplomashops.com\/wp-content\/uploads\/2026\/03\/buy-diploma.webp","type":"image\/webp"}],"twitter_card":"summary_large_image","twitter_misc":{"Est. reading time":"5 minut"},"schema":{"@context":"https:\/\/schema.org","@graph":[{"@type":"WebPage","@id":"https:\/\/diplomashops.com\/about-us\/","url":"https:\/\/diplomashops.com\/about-us\/","name":"O nas - DiplomaShops.com - Nakup diplome na spletu | Hitra in varna storitev","isPartOf":{"@id":"https:\/\/diplomashops.com\/#website"},"primaryImageOfPage":{"@id":"https:\/\/diplomashops.com\/about-us\/#primaryimage"},"image":{"@id":"https:\/\/diplomashops.com\/about-us\/#primaryimage"},"thumbnailUrl":"https:\/\/diplomashops.com\/wp-content\/uploads\/2026\/03\/buy-diploma.webp","datePublished":"2026-03-14T15:41:58+00:00","dateModified":"2026-03-14T16:06:08+00:00","description":"Spoznajte DiplomaShops.com - zaupanja vreden servis diplom od leta 2018. Kakovost, zasebnost in hitra dostava po vsem svetu. Spoznajte na\u0161o ekipo \u0161e danes!","breadcrumb":{"@id":"https:\/\/diplomashops.com\/about-us\/#breadcrumb"},"inLanguage":"sl-SI","potentialAction":[{"@type":"ReadAction","target":["https:\/\/diplomashops.com\/about-us\/"]}]},{"@type":"ImageObject","inLanguage":"sl-SI","@id":"https:\/\/diplomashops.com\/about-us\/#primaryimage","url":"https:\/\/diplomashops.com\/wp-content\/uploads\/2026\/03\/buy-diploma.webp","contentUrl":"https:\/\/diplomashops.com\/wp-content\/uploads\/2026\/03\/buy-diploma.webp"},{"@type":"BreadcrumbList","@id":"https:\/\/diplomashops.com\/about-us\/#breadcrumb","itemListElement":[{"@type":"ListItem","position":1,"name":"Home","item":"https:\/\/diplomashops.com\/"},{"@type":"ListItem","position":2,"name":"About us"}]},{"@type":"WebSite","@id":"https:\/\/diplomashops.com\/#website","url":"https:\/\/diplomashops.com\/","name":"DiplomaShops.com - Nakup diplome na spletu | Hitra in varna storitev","description":"Kupi diplomo na spletu z dostavo po vsem svetu - Naro\u010di potrdilo \u0161e danes","potentialAction":[{"@type":"SearchAction","target":{"@type":"EntryPoint","urlTemplate":"https:\/\/diplomashops.com\/?s={search_term_string}"},"query-input":{"@type":"PropertyValueSpecification","valueRequired":true,"valueName":"search_term_string"}}],"inLanguage":"sl-SI"}]}},"_links":{"self":[{"href":"https:\/\/diplomashops.com\/sl\/wp-json\/wp\/v2\/pages\/36","targetHints":{"allow":["GET"]}}],"collection":[{"href":"https:\/\/diplomashops.com\/sl\/wp-json\/wp\/v2\/pages"}],"about":[{"href":"https:\/\/diplomashops.com\/sl\/wp-json\/wp\/v2\/types\/page"}],"author":[{"embeddable":true,"href":"https:\/\/diplomashops.com\/sl\/wp-json\/wp\/v2\/users\/1"}],"replies":[{"embeddable":true,"href":"https:\/\/diplomashops.com\/sl\/wp-json\/wp\/v2\/comments?post=36"}],"version-history":[{"count":3,"href":"https:\/\/diplomashops.com\/sl\/wp-json\/wp\/v2\/pages\/36\/revisions"}],"predecessor-version":[{"id":94,"href":"https:\/\/diplomashops.com\/sl\/wp-json\/wp\/v2\/pages\/36\/revisions\/94"}],"wp:attachment":[{"href":"https:\/\/diplomashops.com\/sl\/wp-json\/wp\/v2\/media?parent=36"}],"curies":[{"name":"wp","href":"https:\/\/api.w.org\/{rel}","templated":true}]}}