{"id":21,"date":"2026-03-14T15:35:38","date_gmt":"2026-03-14T15:35:38","guid":{"rendered":"https:\/\/diplomashops.com\/?page_id=21"},"modified":"2026-03-14T16:06:33","modified_gmt":"2026-03-14T16:06:33","slug":"kontaktoni","status":"publish","type":"page","link":"https:\/\/diplomashops.com\/sq\/contact\/","title":{"rendered":"Kontaktoni"},"content":{"rendered":"<h2 class=\"wp-block-heading\">Na kontaktoni \u2013 Merrni ndihm\u00eb p\u00ebr t\u00eb bler\u00eb diplom\u00ebn tuaj<\/h2>\n\n\n\n<h3 class=\"wp-block-heading\">M\u00ebnyra t\u00eb shumta p\u00ebr t\u00eb na kontaktuar<\/h3>\n\n\n\n<h4 class=\"wp-block-heading\">\ud83d\udce7 Mb\u00ebshtetje me email<\/h4>\n\n\n\n<p>Na d\u00ebrgoni nj\u00eb mesazh n\u00eb \u00e7do koh\u00eb n\u00eb&nbsp;<a href=\"mailto:DiplomaShops247@gmail.com\" target=\"_blank\" rel=\"noreferrer noopener\">DiplomaShops247@gmail.com<\/a>. Ne garantojm\u00eb nj\u00eb p\u00ebrgjigje brenda 60 minutash gjat\u00eb orarit ton\u00eb t\u00eb pun\u00ebs.<\/p>\n\n\n\n<h4 class=\"wp-block-heading\">\ud83d\udcac Bised\u00eb n\u00eb WhatsApp<\/h4>\n\n\n\n<p>P\u00eblqeni mesazhet e menj\u00ebhershme? Lidhuni drejtp\u00ebrdrejt me ne p\u00ebrmes WhatsApp p\u00ebr ndihm\u00eb t\u00eb menj\u00ebhershme. Klikoni butonin e WhatsApp n\u00eb cepin e posht\u00ebm t\u00eb djatht\u00eb t\u00eb ekranit tuaj ose skanoni kodin QR m\u00eb posht\u00eb.<\/p>\n\n\n\n<h4 class=\"wp-block-heading\">\ud83c\udf10 Formulari i kontaktit<\/h4>\n\n\n\n<p>P\u00ebrdorni formularin ton\u00eb t\u00eb sigurt t\u00eb kontaktit m\u00eb posht\u00eb p\u00ebr t\u00eb na d\u00ebrguar pyetjet ose shqet\u00ebsimet tuaja. Ne do t'ju p\u00ebrgjigjemi shpejt me zgjidhje t\u00eb dobishme.<\/p>\n\n\n\n<figure class=\"wp-block-image size-full\"><img loading=\"lazy\" decoding=\"async\" width=\"300\" height=\"211\" src=\"https:\/\/diplomashops.com\/wp-content\/uploads\/2026\/03\/buy-diploma.webp\" alt=\"blej diplom\u00eb\" class=\"wp-image-88\" srcset=\"https:\/\/diplomashops.com\/wp-content\/uploads\/2026\/03\/buy-diploma.webp 300w, https:\/\/diplomashops.com\/wp-content\/uploads\/2026\/03\/buy-diploma-18x12.webp 18w\" sizes=\"auto, (max-width: 300px) 100vw, 300px\" \/><\/figure>\n\n\n\n<hr class=\"wp-block-separator has-alpha-channel-opacity\"\/>\n\n\n\n<h3 class=\"wp-block-heading\">Orari i pun\u00ebs &amp; Koh\u00ebt e p\u00ebrgjigjes<\/h3>\n\n\n\n<h4 class=\"wp-block-heading\">Koha standarde e p\u00ebrgjigjes: Brenda 1 ore<\/h4>\n\n\n\n<p>Ne krenohemi me komunikimin ton\u00eb t\u00eb shpejt\u00eb. Gjat\u00eb orarit t\u00eb pun\u00ebs, prisni nj\u00eb p\u00ebrgjigje brenda 60 minutash ose m\u00eb pak.<\/p>\n\n\n\n<h4 class=\"wp-block-heading\">Mb\u00ebshtetje e zgjatur e disponueshme<\/h4>\n\n\n\n<p>Jasht\u00eb orarit t\u00eb rregullt? Lini mesazhin tuaj dhe ne do t'ju p\u00ebrgjigjemi n\u00eb or\u00ebn e par\u00eb t\u00eb dit\u00ebs s\u00eb par\u00eb t\u00eb pun\u00ebs pasardh\u00ebse.<\/p>\n\n\n\n<h4 class=\"wp-block-heading\">Mbulim fundjav\u00eb dhe festave<\/h4>\n\n\n\n<p>Ne nuk kemi fundjav\u00eb apo pushime. Jemi online 24\/7.<\/p>\n\n\n\n<hr class=\"wp-block-separator has-alpha-channel-opacity\"\/>\n\n\n\n<h3 class=\"wp-block-heading\">Shpesh kontaktohen p\u00ebr<\/h3>\n\n\n\n<h4 class=\"wp-block-heading\">Statusi i porosis\u00eb &amp; Ndjekja<\/h4>\n\n\n\n<p>Keni nevoj\u00eb p\u00ebr p\u00ebrdit\u00ebsime p\u00ebr porosin\u00eb tuaj t\u00eb diplom\u00ebs? D\u00ebshironi t\u00eb dini kur do t\u00eb arrij\u00eb paketa juaj? Ekipi yn\u00eb ofron informacion gjurmimi n\u00eb koh\u00eb reale.<\/p>\n\n\n\n<h4 class=\"wp-block-heading\">M\u00ebnyrat e pages\u00ebs &amp; Siguria<\/h4>\n\n\n\n<p>Pyetje rreth m\u00ebnyrave t\u00eb pages\u00ebs, siguris\u00eb s\u00eb transaksioneve ose politikave t\u00eb rimbursimit? Ne shpjegojm\u00eb gjith\u00e7ka qart\u00eb dhe n\u00eb m\u00ebnyr\u00eb transparente.<\/p>\n\n\n\n<h4 class=\"wp-block-heading\">K\u00ebrkesat p\u00ebr personalizimin e diplom\u00ebs<\/h4>\n\n\n\n<p>Nuk jeni t\u00eb sigurt se cili model i p\u00ebrshtatet nevojave tuaja? D\u00ebshironi t\u00eb modifikoni nj\u00eb dizajn ekzistues? Ekspert\u00ebt tan\u00eb ju udh\u00ebzojn\u00eb p\u00ebrmes opsioneve t\u00eb personalizimit.<\/p>\n\n\n\n<h4 class=\"wp-block-heading\">Informacione p\u00ebr d\u00ebrgesat nd\u00ebrkomb\u00ebtare<\/h4>\n\n\n\n<p>Jeni kurioz p\u00ebr koh\u00ebt e dor\u00ebzimit n\u00eb vendin tuaj? Po pyesni p\u00ebr procedurat doganore? Ne ofrojm\u00eb udh\u00ebzime t\u00eb detajuara p\u00ebr d\u00ebrgesat nd\u00ebrkomb\u00ebtare.<\/p>\n\n\n\n<figure class=\"wp-block-image size-full\"><img loading=\"lazy\" decoding=\"async\" width=\"300\" height=\"212\" src=\"https:\/\/diplomashops.com\/wp-content\/uploads\/2026\/03\/Buy-a-university-master-bachelor-diploma-online.webp\" alt=\"Bli online nj\u00eb diplom\u00eb universitare master, bachelor\" class=\"wp-image-86\" srcset=\"https:\/\/diplomashops.com\/wp-content\/uploads\/2026\/03\/Buy-a-university-master-bachelor-diploma-online.webp 300w, https:\/\/diplomashops.com\/wp-content\/uploads\/2026\/03\/Buy-a-university-master-bachelor-diploma-online-18x12.webp 18w\" sizes=\"auto, (max-width: 300px) 100vw, 300px\" \/><\/figure>\n\n\n\n<hr class=\"wp-block-separator has-alpha-channel-opacity\"\/>\n\n\n\n<h3 class=\"wp-block-heading\">Informacioni i kontaktit n\u00eb WhatsApp<\/h3>\n\n\n\n<p>\ud83d\udd50 Disponuesh\u00ebm: 24\/7 p\u00ebr p\u00ebrgjigje t\u00eb shpejta<br>\ud83d\udcac Gjuqet e mb\u00ebshtetura: Anglisht, Holandisht, Gjermanisht, Francisht, Spanjisht dhe m\u00eb shum\u00eb<\/p>\n\n\n\n<p><em>Klikoni ikon\u00ebn e WhatsApp-it n\u00eb ekranin tuaj p\u00ebr t\u00eb filluar menj\u00ebher\u00eb bised\u00ebn!<\/em><\/p>\n\n\n\n<hr class=\"wp-block-separator has-alpha-channel-opacity\"\/>\n\n\n\n<h3 class=\"wp-block-heading\">Informacion i r\u00ebnd\u00ebsish\u00ebm i kontaktit<\/h3>\n\n\n\n<h4 class=\"wp-block-heading\">Adresa e emailit<\/h4>\n\n\n\n<p><a href=\"mailto:DiplomaShops247@gmail.com\" rel=\"noreferrer noopener\" target=\"_blank\">DiplomaShops247@gmail.com<\/a><\/p>\n\n\n\n<h4 class=\"wp-block-heading\">Garancia e P\u00ebrgjigjes<\/h4>\n\n\n\n<p>Brenda nj\u00eb ore gjat\u00eb orarit t\u00eb pun\u00ebs<\/p>\n\n\n\n<h4 class=\"wp-block-heading\">Gjuh\u00ebt e folura<\/h4>\n\n\n\n<p>Anglisht, Holandisht, Gjermanisht, Francisht, Spanjisht, Italisht, Portugalisht, Suedisht, Norvegjisht, Danisht, Finlandisht, Polonisht, \u00c7ekisht, Hungarisht, Rumunisht, Bullgarisht, Greqisht, Turqisht, Arabisht, Rusisht, Kinezisht dhe m\u00eb shum\u00eb!<\/p>\n\n\n\n<h4 class=\"wp-block-heading\">Zona kohore<\/h4>\n\n\n\n<p>Ora e Evrop\u00ebs Qendrore (CET\/CEST)<\/p>\n\n\n\n<hr class=\"wp-block-separator has-alpha-channel-opacity\"\/>\n\n\n\n<h3 class=\"wp-block-heading\">Para se t\u00eb na kontaktoni<\/h3>\n\n\n\n<p>Kontrolloni ton\u00ebn&nbsp;<a href=\"https:\/\/diplomashops.com\/sq\/faq\/\">Pyetje t\u00eb shpeshta<\/a> Faqja p\u00ebr p\u00ebrgjigjet e pyetjeve t\u00eb zakonshme rreth porosis\u00eb, pages\u00ebs, d\u00ebrges\u00ebs dhe specifikimeve t\u00eb diplom\u00ebs. Mund t\u00eb gjeni pik\u00ebrisht at\u00eb q\u00eb ju nevojitet pa pritur! Klikoni k\u00ebtu n\u00ebse d\u00ebshironi t\u00eb lexoni m\u00eb shum\u00eb <a href=\"https:\/\/diplomashops.com\/sq\/rreth-nesh\/\">Rreth nesh<\/a>. <\/p>\n\n\n\n<hr class=\"wp-block-separator has-alpha-channel-opacity\"\/>\n\n\n\n<h3 class=\"wp-block-heading\">Keni nevoj\u00eb p\u00ebr ndihm\u00eb t\u00eb menj\u00ebhershme?<\/h3>\n\n\n\n<p>Klikoni butonin WhatsApp n\u00eb qoshen e poshtme t\u00eb ekranit tuaj p\u00ebr t\u00eb biseduar me ne tani. Pa pritje \u2013 ndihm\u00eb e menj\u00ebhershme nga specialist\u00ebt tan\u00eb t\u00eb mb\u00ebshtetjes.<\/p>","protected":false},"excerpt":{"rendered":"<p>Contact Us \u2013 Get Help Buying Your Diploma Multiple Ways to Contact Us &#x1f4e7; Email Support Send us a message [&hellip;]<\/p>\n","protected":false},"author":1,"featured_media":0,"parent":0,"menu_order":0,"comment_status":"closed","ping_status":"closed","template":"","meta":{"site-sidebar-layout":"default","site-content-layout":"","ast-site-content-layout":"default","site-content-style":"default","site-sidebar-style":"default","ast-global-header-display":"","ast-banner-title-visibility":"","ast-main-header-display":"","ast-hfb-above-header-display":"","ast-hfb-below-header-display":"","ast-hfb-mobile-header-display":"","site-post-title":"","ast-breadcrumbs-content":"","ast-featured-img":"","footer-sml-layout":"","ast-disable-related-posts":"","theme-transparent-header-meta":"","adv-header-id-meta":"","stick-header-meta":"","header-above-stick-meta":"","header-main-stick-meta":"","header-below-stick-meta":"","astra-migrate-meta-layouts":"default","ast-page-background-enabled":"default","ast-page-background-meta":{"desktop":{"background-color":"var(--ast-global-color-5)","background-image":"","background-repeat":"repeat","background-position":"center center","background-size":"auto","background-attachment":"scroll","background-type":"","background-media":"","overlay-type":"","overlay-color":"","overlay-opacity":"","overlay-gradient":""},"tablet":{"background-color":"","background-image":"","background-repeat":"repeat","background-position":"center center","background-size":"auto","background-attachment":"scroll","background-type":"","background-media":"","overlay-type":"","overlay-color":"","overlay-opacity":"","overlay-gradient":""},"mobile":{"background-color":"","background-image":"","background-repeat":"repeat","background-position":"center center","background-size":"auto","background-attachment":"scroll","background-type":"","background-media":"","overlay-type":"","overlay-color":"","overlay-opacity":"","overlay-gradient":""}},"ast-content-background-meta":{"desktop":{"background-color":"var(--ast-global-color-4)","background-image":"","background-repeat":"repeat","background-position":"center center","background-size":"auto","background-attachment":"scroll","background-type":"","background-media":"","overlay-type":"","overlay-color":"","overlay-opacity":"","overlay-gradient":""},"tablet":{"background-color":"var(--ast-global-color-4)","background-image":"","background-repeat":"repeat","background-position":"center center","background-size":"auto","background-attachment":"scroll","background-type":"","background-media":"","overlay-type":"","overlay-color":"","overlay-opacity":"","overlay-gradient":""},"mobile":{"background-color":"var(--ast-global-color-4)","background-image":"","background-repeat":"repeat","background-position":"center center","background-size":"auto","background-attachment":"scroll","background-type":"","background-media":"","overlay-type":"","overlay-color":"","overlay-opacity":"","overlay-gradient":""}},"footnotes":""},"class_list":["post-21","page","type-page","status-publish","hentry"],"yoast_head":"<!-- This site is optimized with the Yoast SEO plugin v27.5 - https:\/\/yoast.com\/product\/yoast-seo-wordpress\/ -->\n<title>Contact - DiplomaShops.com - Buy Diploma Online | Fast &amp; Secure Service<\/title>\n<meta name=\"description\" content=\"Contact DiplomaShops.com for fast diploma service help. We respond within 1 hour via email or WhatsApp. Get assistance today!\" \/>\n<meta name=\"robots\" content=\"index, follow, max-snippet:-1, max-image-preview:large, max-video-preview:-1\" \/>\n<link rel=\"canonical\" href=\"https:\/\/diplomashops.com\/sq\/kontaktoni\/\" \/>\n<meta property=\"og:locale\" content=\"sq_AL\" \/>\n<meta property=\"og:type\" content=\"article\" \/>\n<meta property=\"og:title\" content=\"Contact - DiplomaShops.com - Buy Diploma Online | Fast &amp; Secure Service\" \/>\n<meta property=\"og:description\" content=\"Contact DiplomaShops.com for fast diploma service help. We respond within 1 hour via email or WhatsApp. Get assistance today!\" \/>\n<meta property=\"og:url\" content=\"https:\/\/diplomashops.com\/sq\/kontaktoni\/\" \/>\n<meta property=\"og:site_name\" content=\"DiplomaShops.com - Buy Diploma Online | Fast &amp; Secure Service\" \/>\n<meta property=\"article:modified_time\" content=\"2026-03-14T16:06:33+00:00\" \/>\n<meta property=\"og:image\" content=\"https:\/\/diplomashops.com\/wp-content\/uploads\/2026\/03\/buy-diploma.webp\" \/>\n\t<meta property=\"og:image:width\" content=\"300\" \/>\n\t<meta property=\"og:image:height\" content=\"211\" \/>\n\t<meta property=\"og:image:type\" content=\"image\/webp\" \/>\n<meta name=\"twitter:card\" content=\"summary_large_image\" \/>\n<meta name=\"twitter:label1\" content=\"Est. reading time\" \/>\n\t<meta name=\"twitter:data1\" content=\"3 minuta\" \/>\n<script type=\"application\/ld+json\" class=\"yoast-schema-graph\">{\"@context\":\"https:\\\/\\\/schema.org\",\"@graph\":[{\"@type\":\"WebPage\",\"@id\":\"https:\\\/\\\/diplomashops.com\\\/contact\\\/\",\"url\":\"https:\\\/\\\/diplomashops.com\\\/contact\\\/\",\"name\":\"Contact - DiplomaShops.com - Buy Diploma Online | Fast &amp; Secure Service\",\"isPartOf\":{\"@id\":\"https:\\\/\\\/diplomashops.com\\\/#website\"},\"primaryImageOfPage\":{\"@id\":\"https:\\\/\\\/diplomashops.com\\\/contact\\\/#primaryimage\"},\"image\":{\"@id\":\"https:\\\/\\\/diplomashops.com\\\/contact\\\/#primaryimage\"},\"thumbnailUrl\":\"https:\\\/\\\/diplomashops.com\\\/wp-content\\\/uploads\\\/2026\\\/03\\\/buy-diploma.webp\",\"datePublished\":\"2026-03-14T15:35:38+00:00\",\"dateModified\":\"2026-03-14T16:06:33+00:00\",\"description\":\"Contact DiplomaShops.com for fast diploma service help. We respond within 1 hour via email or WhatsApp. Get assistance today!\",\"breadcrumb\":{\"@id\":\"https:\\\/\\\/diplomashops.com\\\/contact\\\/#breadcrumb\"},\"inLanguage\":\"sq\",\"potentialAction\":[{\"@type\":\"ReadAction\",\"target\":[\"https:\\\/\\\/diplomashops.com\\\/contact\\\/\"]}]},{\"@type\":\"ImageObject\",\"inLanguage\":\"sq\",\"@id\":\"https:\\\/\\\/diplomashops.com\\\/contact\\\/#primaryimage\",\"url\":\"https:\\\/\\\/diplomashops.com\\\/wp-content\\\/uploads\\\/2026\\\/03\\\/buy-diploma.webp\",\"contentUrl\":\"https:\\\/\\\/diplomashops.com\\\/wp-content\\\/uploads\\\/2026\\\/03\\\/buy-diploma.webp\"},{\"@type\":\"BreadcrumbList\",\"@id\":\"https:\\\/\\\/diplomashops.com\\\/contact\\\/#breadcrumb\",\"itemListElement\":[{\"@type\":\"ListItem\",\"position\":1,\"name\":\"Home\",\"item\":\"https:\\\/\\\/diplomashops.com\\\/\"},{\"@type\":\"ListItem\",\"position\":2,\"name\":\"Contact\"}]},{\"@type\":\"WebSite\",\"@id\":\"https:\\\/\\\/diplomashops.com\\\/#website\",\"url\":\"https:\\\/\\\/diplomashops.com\\\/\",\"name\":\"DiplomaShops.com - Buy Diploma Online | Fast &amp; Secure Service\",\"description\":\"Buy a Diploma online Delivered Worldwide - Order Your Certificate Today\",\"potentialAction\":[{\"@type\":\"SearchAction\",\"target\":{\"@type\":\"EntryPoint\",\"urlTemplate\":\"https:\\\/\\\/diplomashops.com\\\/?s={search_term_string}\"},\"query-input\":{\"@type\":\"PropertyValueSpecification\",\"valueRequired\":true,\"valueName\":\"search_term_string\"}}],\"inLanguage\":\"sq\"}]}<\/script>\n<!-- \/ Yoast SEO plugin. -->","yoast_head_json":{"title":"Kontakt - DiplomaShops.com - Bli Diplom\u00eb Online | Sh\u00ebrbim i Shpejt\u00eb &amp; i Sigurt","description":"Kontaktoni DiplomaShops.com p\u00ebr ndihm\u00eb t\u00eb shpejt\u00eb me sh\u00ebrbimin e diplomave. Ne p\u00ebrgjigjemi brenda 1 ore p\u00ebrmes email-it ose WhatsApp-it. Merrni ndihm\u00eb sot!","robots":{"index":"index","follow":"follow","max-snippet":"max-snippet:-1","max-image-preview":"max-image-preview:large","max-video-preview":"max-video-preview:-1"},"canonical":"https:\/\/diplomashops.com\/sq\/kontaktoni\/","og_locale":"sq_AL","og_type":"article","og_title":"Contact - DiplomaShops.com - Buy Diploma Online | Fast &amp; Secure Service","og_description":"Contact DiplomaShops.com for fast diploma service help. We respond within 1 hour via email or WhatsApp. Get assistance today!","og_url":"https:\/\/diplomashops.com\/sq\/kontaktoni\/","og_site_name":"DiplomaShops.com - Buy Diploma Online | Fast &amp; Secure Service","article_modified_time":"2026-03-14T16:06:33+00:00","og_image":[{"width":300,"height":211,"url":"https:\/\/diplomashops.com\/wp-content\/uploads\/2026\/03\/buy-diploma.webp","type":"image\/webp"}],"twitter_card":"summary_large_image","twitter_misc":{"Est. reading time":"3 minuta"},"schema":{"@context":"https:\/\/schema.org","@graph":[{"@type":"WebPage","@id":"https:\/\/diplomashops.com\/contact\/","url":"https:\/\/diplomashops.com\/contact\/","name":"Kontakt - DiplomaShops.com - Bli Diplom\u00eb Online | Sh\u00ebrbim i Shpejt\u00eb &amp; i Sigurt","isPartOf":{"@id":"https:\/\/diplomashops.com\/#website"},"primaryImageOfPage":{"@id":"https:\/\/diplomashops.com\/contact\/#primaryimage"},"image":{"@id":"https:\/\/diplomashops.com\/contact\/#primaryimage"},"thumbnailUrl":"https:\/\/diplomashops.com\/wp-content\/uploads\/2026\/03\/buy-diploma.webp","datePublished":"2026-03-14T15:35:38+00:00","dateModified":"2026-03-14T16:06:33+00:00","description":"Kontaktoni DiplomaShops.com p\u00ebr ndihm\u00eb t\u00eb shpejt\u00eb me sh\u00ebrbimin e diplomave. Ne p\u00ebrgjigjemi brenda 1 ore p\u00ebrmes email-it ose WhatsApp-it. Merrni ndihm\u00eb sot!","breadcrumb":{"@id":"https:\/\/diplomashops.com\/contact\/#breadcrumb"},"inLanguage":"sq","potentialAction":[{"@type":"ReadAction","target":["https:\/\/diplomashops.com\/contact\/"]}]},{"@type":"ImageObject","inLanguage":"sq","@id":"https:\/\/diplomashops.com\/contact\/#primaryimage","url":"https:\/\/diplomashops.com\/wp-content\/uploads\/2026\/03\/buy-diploma.webp","contentUrl":"https:\/\/diplomashops.com\/wp-content\/uploads\/2026\/03\/buy-diploma.webp"},{"@type":"BreadcrumbList","@id":"https:\/\/diplomashops.com\/contact\/#breadcrumb","itemListElement":[{"@type":"ListItem","position":1,"name":"Home","item":"https:\/\/diplomashops.com\/"},{"@type":"ListItem","position":2,"name":"Contact"}]},{"@type":"WebSite","@id":"https:\/\/diplomashops.com\/#website","url":"https:\/\/diplomashops.com\/","name":"DiplomaShops.com - Bli Diplom\u00eb Online | Sh\u00ebrbim i Shpejt\u00eb &amp; i Sigurt","description":"Bli nj\u00eb diplom\u00eb online, d\u00ebrges\u00eb n\u00eb mbar\u00eb bot\u00ebn - Porosisni certifikat\u00ebn tuaj sot","potentialAction":[{"@type":"SearchAction","target":{"@type":"EntryPoint","urlTemplate":"https:\/\/diplomashops.com\/?s={search_term_string}"},"query-input":{"@type":"PropertyValueSpecification","valueRequired":true,"valueName":"search_term_string"}}],"inLanguage":"sq"}]}},"_links":{"self":[{"href":"https:\/\/diplomashops.com\/sq\/wp-json\/wp\/v2\/pages\/21","targetHints":{"allow":["GET"]}}],"collection":[{"href":"https:\/\/diplomashops.com\/sq\/wp-json\/wp\/v2\/pages"}],"about":[{"href":"https:\/\/diplomashops.com\/sq\/wp-json\/wp\/v2\/types\/page"}],"author":[{"embeddable":true,"href":"https:\/\/diplomashops.com\/sq\/wp-json\/wp\/v2\/users\/1"}],"replies":[{"embeddable":true,"href":"https:\/\/diplomashops.com\/sq\/wp-json\/wp\/v2\/comments?post=21"}],"version-history":[{"count":7,"href":"https:\/\/diplomashops.com\/sq\/wp-json\/wp\/v2\/pages\/21\/revisions"}],"predecessor-version":[{"id":95,"href":"https:\/\/diplomashops.com\/sq\/wp-json\/wp\/v2\/pages\/21\/revisions\/95"}],"wp:attachment":[{"href":"https:\/\/diplomashops.com\/sq\/wp-json\/wp\/v2\/media?parent=21"}],"curies":[{"name":"wp","href":"https:\/\/api.w.org\/{rel}","templated":true}]}}