{"id":36,"date":"2026-03-14T15:41:58","date_gmt":"2026-03-14T15:41:58","guid":{"rendered":"https:\/\/diplomashops.com\/?page_id=36"},"modified":"2026-03-14T16:06:08","modified_gmt":"2026-03-14T16:06:08","slug":"rreth-nesh","status":"publish","type":"page","link":"https:\/\/diplomashops.com\/sq\/about-us\/","title":{"rendered":"Rreth nesh"},"content":{"rendered":"<h2 class=\"wp-block-heading\">Ofruesi juaj i besuesh\u00ebm i sh\u00ebrbimeve t\u00eb diplomave, www.DiplomaShops.com<\/h2>\n\n\n\n<p>Mir\u00ebsevini n\u00eb DiplomaShops.com, partneri juaj i besuesh\u00ebm p\u00ebr sh\u00ebrbime profesionale diplomash q\u00eb nga viti 2018. Ne specializohemi n\u00eb krijimin e diplomave me cil\u00ebsi t\u00eb lart\u00eb dhe pamje autentike p\u00ebr individ\u00eb n\u00eb mbar\u00eb bot\u00ebn q\u00eb kan\u00eb nevoj\u00eb p\u00ebr dokumente z\u00ebvend\u00ebsuese, mjete p\u00ebr avancim n\u00eb karrier\u00eb ose materiale referenc\u00eb personale. Misioni yn\u00eb \u00ebsht\u00eb t\u00eb ofrojm\u00eb sh\u00ebrbime t\u00eb shpejta, t\u00eb sigurta dhe diskrete q\u00eb tejkalojn\u00eb pritshm\u00ebrit\u00eb e klient\u00ebve \u00e7do her\u00eb.<\/p>\n\n\n\n<figure class=\"wp-block-image size-full\"><img loading=\"lazy\" decoding=\"async\" width=\"300\" height=\"211\" src=\"https:\/\/diplomashops.com\/wp-content\/uploads\/2026\/03\/buy-diploma.webp\" alt=\"blej diplom\u00eb\" class=\"wp-image-88\" srcset=\"https:\/\/diplomashops.com\/wp-content\/uploads\/2026\/03\/buy-diploma.webp 300w, https:\/\/diplomashops.com\/wp-content\/uploads\/2026\/03\/buy-diploma-18x12.webp 18w\" sizes=\"auto, (max-width: 300px) 100vw, 300px\" \/><\/figure>\n\n\n\n<h3 class=\"wp-block-heading\">Historia jon\u00eb &amp; Misioni yn\u00eb<\/h3>\n\n\n\n<h4 class=\"wp-block-heading\">E themeluar mbi cil\u00ebsi dhe besim<\/h4>\n\n\n\n<p>DiplomaShops.com u themelua n\u00eb vitin 2018 nga nj\u00eb ekip profesionist\u00ebsh n\u00eb dizajnimin e dokumenteve q\u00eb v\u00ebrejt\u00ebn nevoj\u00ebn n\u00eb rritje p\u00ebr sh\u00ebrbime t\u00eb ligjshme z\u00ebvend\u00ebsimi t\u00eb diplomave. Ajo q\u00eb filloi si nj\u00eb operacion i vog\u00ebl \u00ebsht\u00eb rritur n\u00eb nj\u00eb sh\u00ebrbim nd\u00ebrkomb\u00ebtar t\u00eb besuesh\u00ebm q\u00eb mb\u00ebshtet klient\u00ebt n\u00eb t\u00eb gjith\u00eb Evrop\u00ebn, Amerik\u00ebn e Veriut dhe m\u00eb gjer\u00eb.<\/p>\n\n\n\n<h4 class=\"wp-block-heading\">Angazhimi p\u00ebr p\u00ebrsosm\u00ebri<\/h4>\n\n\n\n<p>Ne besojm\u00eb se t\u00eb gjith\u00eb meritojn\u00eb akses n\u00eb dokumentacion cil\u00ebsor kur e kan\u00eb m\u00eb shum\u00eb nevoj\u00eb. Qoft\u00eb q\u00eb keni humbur diplom\u00ebn origjinale, keni nevoj\u00eb p\u00ebr nj\u00eb z\u00ebvend\u00ebsim p\u00ebr q\u00ebllime administrative, apo d\u00ebshironi t\u00eb p\u00ebrmir\u00ebsoni portofolin tuaj profesional, ne jemi k\u00ebtu p\u00ebr t'ju ndihmuar me dinjitet dhe diskrecion.<\/p>\n\n\n\n<h4 class=\"wp-block-heading\">Vlerat q\u00eb na drejtojn\u00eb<\/h4>\n\n\n\n<ul class=\"wp-block-list\">\n<li>Integriteti: Sh\u00ebrbim i ndersh\u00ebm, transparent me komunikim t\u00eb qart\u00eb<\/li>\n\n\n\n<li>Cil\u00ebsi: Materiale premium dhe standarde profesionale t\u00eb dizajnit<\/li>\n\n\n\n<li>Shpejt\u00ebsia: P\u00ebrpunim i shpejt\u00eb dhe d\u00ebrgim i besuesh\u00ebm n\u00eb mbar\u00eb bot\u00ebn<\/li>\n\n\n\n<li>Privat\u00ebsia: Konfidencialitet i plot\u00eb dhe trajtim i sigurt i informacionit personal<\/li>\n\n\n\n<li>Mb\u00ebshtetje: Sh\u00ebrbim ndaj klientit shum\u00ebgjuh\u00ebsh i disponuesh\u00ebm 24\/7<\/li>\n<\/ul>\n\n\n\n<hr class=\"wp-block-separator has-alpha-channel-opacity\"\/>\n\n\n\n<h3 class=\"wp-block-heading\">Pse t\u00eb zgjidhni DiplomaShops.com?<\/h3>\n\n\n\n<h4 class=\"wp-block-heading\">Ekipi Ekspert i Dizajnit<\/h4>\n\n\n\n<p>Profesional\u00ebt tan\u00eb krijues kan\u00eb dekada p\u00ebrvoj\u00eb t\u00eb kombinuar n\u00eb riprodhimin e dokumenteve dhe dizajnin grafik. Ne punojm\u00eb ekskluzivisht me dizajner\u00eb t\u00eb certifikuar q\u00eb kuptojn\u00eb k\u00ebrkesat institucionale p\u00ebr formatim dhe autentifikim.<\/p>\n\n\n\n<h4 class=\"wp-block-heading\">P\u00ebrhapje Globale, Mb\u00ebshtetje Vendore<\/h4>\n\n\n\n<p>Me klient\u00eb n\u00eb m\u00eb shum\u00eb se 20 vende dhe stafin ton\u00eb mb\u00ebshtet\u00ebs q\u00eb flet gjuh\u00eb t\u00eb ndryshme, ne mbushim hendek\u00ebt kulturor\u00eb dhe gjeografik\u00eb p\u00ebr t'ju sh\u00ebrbyer m\u00eb mir\u00eb. Rrjeti yn\u00eb nd\u00ebrkomb\u00ebtar i transportit siguron dor\u00ebzim t\u00eb besuesh\u00ebm kudo n\u00eb bot\u00eb.<\/p>\n\n\n\n<h4 class=\"wp-block-heading\">Teknologji m\u00eb e p\u00ebrparuar<\/h4>\n\n\n\n<p>Ne p\u00ebrdorim pajisje printimi t\u00eb teknologjis\u00eb m\u00eb t\u00eb fundit dhe materiale premium q\u00eb pasqyrojn\u00eb standardet zyrtare institucionale. Proceset tona digjitale sigurojn\u00eb sakt\u00ebsi dhe q\u00ebndrueshm\u00ebri n\u00eb \u00e7do diplom\u00eb q\u00eb prodhojm\u00eb.<\/p>\n\n\n\n<h4 class=\"wp-block-heading\">Njohja e industris\u00eb<\/h4>\n\n\n\n<p>Q\u00eb nga themelimi yn\u00eb, kemi ndihmuar mij\u00ebra klient\u00eb t\u00eb k\u00ebnaqur t\u00eb sigurojn\u00eb dokumentacionin q\u00eb u nevojitet. P\u00ebrkushtimi yn\u00eb ndaj cil\u00ebsis\u00eb dhe sh\u00ebrbimit ndaj klientit na ka siguruar njohje si ofrues kryesor n\u00eb industrin\u00eb e sh\u00ebrbimeve dokumentare.<\/p>\n\n\n\n<hr class=\"wp-block-separator has-alpha-channel-opacity\"\/>\n\n\n\n<h3 class=\"wp-block-heading\">Sh\u00ebrbimet tona t\u00eb shpjeguar<\/h3>\n\n\n\n<h4 class=\"wp-block-heading\">Riprodhimi i diplom\u00ebs akademike<\/h4>\n\n\n\n<p>Nga diplomat e shkoll\u00ebs s\u00eb mesme deri te diplomimet universitare, ne krijojm\u00eb riprodhime t\u00eb sakta bazuar n\u00eb shabllone reale nga institucione t\u00eb njohura. T\u00eb p\u00ebrsosura p\u00ebr z\u00ebvend\u00ebsimin e origjinaleve t\u00eb humbura ose p\u00ebr p\u00ebrmbushjen e k\u00ebrkesave administrative.<\/p>\n\n\n\n<h4 class=\"wp-block-heading\">Kopje t\u00eb certifikatave profesionale<\/h4>\n\n\n\n<p>Keni nevoj\u00eb p\u00ebr d\u00ebshmi t\u00eb trajnimit profesional ose certifikimit? Ne ofrojm\u00eb kredenciale p\u00ebr industri t\u00eb ndryshme, p\u00ebrfshir\u00eb IT-n\u00eb, kujdesin sh\u00ebndet\u00ebsor, financat, inxhinierin\u00eb dhe m\u00eb shum\u00eb \u2013 t\u00eb gjitha t\u00eb dizajnuara sipas standardeve t\u00eb industris\u00eb.<\/p>\n\n\n\n<h4 class=\"wp-block-heading\">Dizajn i personalizuar i diplom\u00ebs<\/h4>\n\n\n\n<p>Sh\u00ebrbimi yn\u00eb special lejon personalizim t\u00eb plot\u00eb, duke p\u00ebrfshir\u00eb logo t\u00eb personalizuara, vula institucionale, n\u00ebnshkrime dhe formatim. Ideal p\u00ebr biznese, organizata ose k\u00ebrkesa personale unike.<\/p>\n\n\n\n<h4 class=\"wp-block-heading\">Sh\u00ebrbimi i Z\u00ebvend\u00ebsimit t\u00eb Jasht\u00ebzakonsh\u00ebm<\/h4>\n\n\n\n<p>E keni humbur diplom\u00ebn para nj\u00eb interviste pune ose nj\u00eb takimi t\u00eb r\u00ebnd\u00ebsish\u00ebm? Sh\u00ebrbimi yn\u00eb ekspres dor\u00ebzon brenda 24\u201348 or\u00ebsh n\u00eb situata urgjente ku koha \u00ebsht\u00eb kritike.<\/p>\n\n\n\n<hr class=\"wp-block-separator has-alpha-channel-opacity\"\/>\n\n\n\n<h3 class=\"wp-block-heading\">Njohuni me ekipin ton\u00eb<\/h3>\n\n\n\n<h4 class=\"wp-block-heading\">Specialist\u00eb t\u00eb Sh\u00ebrbimit ndaj Klientit<\/h4>\n\n\n\n<p>Ekipi yn\u00eb shum\u00ebgjuh\u00ebsh i mb\u00ebshtetjes trajton k\u00ebrkesa n\u00eb m\u00eb shum\u00eb se 20 gjuh\u00eb, duke siguruar komunikim t\u00eb qart\u00eb pavar\u00ebsisht vendndodhjes apo gjuh\u00ebs tuaj amtare. I disponuesh\u00ebm 24\/7 p\u00ebr ndihm\u00eb t\u00eb menj\u00ebhershme.<\/p>\n\n\n\n<h4 class=\"wp-block-heading\">Ekspert\u00eb t\u00eb dizajnit dhe prodhimit<\/h4>\n\n\n\n<p>Projektues t\u00eb certifikuar t\u00eb dokumenteve dhe specialist\u00eb t\u00eb printimit punojn\u00eb s\u00eb bashku p\u00ebr t\u00eb krijuar diploma q\u00eb plot\u00ebsojn\u00eb standardet m\u00eb t\u00eb larta t\u00eb cil\u00ebsis\u00eb. \u00c7do detaj \u00ebsht\u00eb hartuar me kujdes p\u00ebr autenticitet dhe profesionaliz\u00ebm.<\/p>\n\n\n\n<h4 class=\"wp-block-heading\">Koordinator\u00ebt e logjistik\u00ebs dhe transportit<\/h4>\n\n\n\n<p>Ekipi yn\u00eb i logjistik\u00ebs menaxhon operacionet e transportit n\u00eb mbar\u00eb bot\u00ebn, duke siguruar dor\u00ebzim n\u00eb koh\u00eb dhe trajtim t\u00eb duhur t\u00eb t\u00eb gjitha pakove. Ata punojn\u00eb me transportues t\u00eb besuesh\u00ebm n\u00eb \u00e7do rajon q\u00eb sh\u00ebrbejm\u00eb.<\/p>\n\n\n\n<h4 class=\"wp-block-heading\">Menaxher\u00ebt e Sigurimit t\u00eb Cil\u00ebsis\u00eb<\/h4>\n\n\n\n<p>Para se \u00e7do diplom\u00eb t\u00eb d\u00ebrgohet, ajo i n\u00ebnshtrohet kontrolleve rigoroze t\u00eb cil\u00ebsis\u00eb p\u00ebr t\u00eb siguruar sakt\u00ebsin\u00eb, pamjen dhe p\u00ebrputhshm\u00ebrin\u00eb me specifikimet e klientit. Procesi yn\u00eb i kontrollit t\u00eb cil\u00ebsis\u00eb garanton k\u00ebnaq\u00ebsin\u00eb \u00e7do her\u00eb.<\/p>\n\n\n\n<hr class=\"wp-block-separator has-alpha-channel-opacity\"\/>\n\n\n\n<h3 class=\"wp-block-heading\">Angazhimi yn\u00eb ndaj jush<\/h3>\n\n\n\n<h4 class=\"wp-block-heading\">100% Garancia e K\u00ebnaq\u00ebsis\u00eb<\/h4>\n\n\n\n<p>Ne mb\u00ebshtesim \u00e7do diplom\u00eb q\u00eb krijojm\u00eb. N\u00ebse nuk jeni plot\u00ebsisht t\u00eb k\u00ebnaqur me cil\u00ebsin\u00eb ose sakt\u00ebsin\u00eb, ne do ta rishikojm\u00eb pa pages\u00eb ose do t'ju rimbursojm\u00eb plot\u00ebsisht.<\/p>\n\n\n\n<h4 class=\"wp-block-heading\">Premtimi p\u00ebr mbrojtjen e privat\u00ebsis\u00eb<\/h4>\n\n\n\n<p>Informacioni juaj personal dhe detajet e porosis\u00eb nuk ndahen kurr\u00eb me pal\u00eb t\u00eb treta. T\u00eb gjitha komunikimet dhe transaksionet trajtohen me konfidencialitetin m\u00eb t\u00eb lart\u00eb.<\/p>\n\n\n\n<h4 class=\"wp-block-heading\">Koh\u00eb e shpejt\u00eb p\u00ebrgjigjeje<\/h4>\n\n\n\n<p>Ne garantojm\u00eb p\u00ebrgjigje p\u00ebr k\u00ebrkesat e klient\u00ebve brenda nj\u00eb ore gjat\u00eb orarit t\u00eb pun\u00ebs. Ekipi yn\u00eb i mb\u00ebshtetjes \u00ebsht\u00eb gjithmon\u00eb gati p\u00ebr t'ju ndihmuar me \u00e7do pyetje ose shqet\u00ebsim.<\/p>\n\n\n\n<h4 class=\"wp-block-heading\">P\u00ebrmir\u00ebsim i vazhduesh\u00ebm<\/h4>\n\n\n\n<p>Ne p\u00ebrdit\u00ebsojm\u00eb rregullisht proceset, materialet dhe sh\u00ebrbimet tona bazuar n\u00eb reagimet e klient\u00ebve dhe zhvillimet e industris\u00eb. Suksesi juaj nxit inovacionin ton\u00eb.<\/p>\n\n\n\n<hr class=\"wp-block-separator has-alpha-channel-opacity\"\/>\n\n\n\n<h3 class=\"wp-block-heading\">Pikat ky\u00e7e t\u00eb kompanis\u00eb<\/h3>\n\n\n\n<h4 class=\"wp-block-heading\">2018: Themelimi i kompanis\u00eb<\/h4>\n\n\n\n<p>Filloi operacionet me fokus n\u00eb sh\u00ebrbimet e diplomave p\u00ebr tregun evropian<\/p>\n\n\n\n<h4 class=\"wp-block-heading\">2019: Zgjerim Nd\u00ebrkomb\u00ebtar<\/h4>\n\n\n\n<p>Sh\u00ebrbime t\u00eb zgjeruara n\u00eb Amerik\u00ebn e Veriut dhe mb\u00ebshtetje shum\u00ebgjuh\u00ebshe e shtuar<\/p>\n\n\n\n<h4 class=\"wp-block-heading\">2020: Transformimi Dixhital<\/h4>\n\n\n\n<p>U lansua platforma e porosive online dhe opsionet e diplomave digjitale.<\/p>\n\n\n\n<h4 class=\"wp-block-heading\">2021: Linja e Sh\u00ebrbimit Premium<\/h4>\n\n\n\n<p>U prezantuan opsione letre luksoze dhe sh\u00ebrbime dizajni t\u00eb personalizuara<\/p>\n\n\n\n<h4 class=\"wp-block-heading\">2022: Rrjeti Global i Transportit Detar<\/h4>\n\n\n\n<p>U krijuan partneritete me transportues nd\u00ebrkomb\u00ebtar\u00eb p\u00ebr d\u00ebrgesa m\u00eb t\u00eb shpejta<\/p>\n\n\n\n<h4 class=\"wp-block-heading\">2023: Masa t\u00eb p\u00ebrforcuara sigurie<\/h4>\n\n\n\n<p>Zbatuan protokolle t\u00eb avancuara t\u00eb enkriptimit dhe mbrojtjes s\u00eb privat\u00ebsis\u00eb.<\/p>\n\n\n\n<h4 class=\"wp-block-heading\">2024: Zhvillimi i aplikacioneve mobile<\/h4>\n\n\n\n<p>Po punojm\u00eb n\u00eb nj\u00eb aplikacion mobil t\u00eb dedikuar p\u00ebr porosi m\u00eb t\u00eb leht\u00eb.<\/p>\n\n\n\n<hr class=\"wp-block-separator has-alpha-channel-opacity\"\/>\n\n\n\n<h3 class=\"wp-block-heading\">Duke par\u00eb p\u00ebrpara<\/h3>\n\n\n\n<p>Nd\u00ebrsa vazhdojm\u00eb t\u00eb rritemi, angazhimi yn\u00eb mbetet i pandryshuar: ofrimi i sh\u00ebrbimeve t\u00eb jasht\u00ebzakonshme t\u00eb diplomave me integritet, cil\u00ebsi dhe k\u00ebnaq\u00ebsin\u00eb e klientit n\u00eb qend\u00ebr. Ne jemi vazhdimisht duke inovuar p\u00ebr t\u00eb sh\u00ebrbyer m\u00eb mir\u00eb komunitetit ton\u00eb global dhe p\u00ebr t'u p\u00ebrshtatur me nevojat n\u00eb ndryshim t\u00eb klient\u00ebve.<\/p>\n\n\n\n<p>Bashkohuni me mij\u00ebra klient\u00eb t\u00eb k\u00ebnaqur q\u00eb i kan\u00eb besuar DiplomaShops.com p\u00ebr nevojat e tyre p\u00ebr diploma. P\u00ebrjetoni ndryshimin q\u00eb sjell sh\u00ebrbimi profesional.<\/p>\n\n\n\n<hr class=\"wp-block-separator has-alpha-channel-opacity\"\/>\n\n\n\n<h3 class=\"wp-block-heading\">Na kontaktoni<\/h3>\n\n\n\n<p>Gati t\u00eb m\u00ebsoni m\u00eb shum\u00eb rreth sh\u00ebrbimeve tona ose t\u00eb diskutoni nevojat tuaja specifike p\u00ebr diploma? Ekipi yn\u00eb \u00ebsht\u00eb gati t'ju ndihmoj\u00eb.<\/p>\n\n\n\n<p>\ud83d\udce7 Email:&nbsp;<a href=\"mailto:DiplomaShops247@gmail.com\" target=\"_blank\" rel=\"noreferrer noopener\">DiplomaShops247@gmail.com<\/a><br>\ud83c\udf10 Faqja e internetit:&nbsp;<a href=\"https:\/\/diplomashops.com\/sq\/\" target=\"_blank\" rel=\"noreferrer noopener\">www.diplomashops.com<\/a><\/p>\n\n\n\n<figure class=\"wp-block-image size-full\"><img loading=\"lazy\" decoding=\"async\" width=\"300\" height=\"212\" src=\"https:\/\/diplomashops.com\/wp-content\/uploads\/2026\/03\/Buy-a-university-master-bachelor-diploma-online.webp\" alt=\"Bli online nj\u00eb diplom\u00eb universitare master, bachelor\" class=\"wp-image-86\" srcset=\"https:\/\/diplomashops.com\/wp-content\/uploads\/2026\/03\/Buy-a-university-master-bachelor-diploma-online.webp 300w, https:\/\/diplomashops.com\/wp-content\/uploads\/2026\/03\/Buy-a-university-master-bachelor-diploma-online-18x12.webp 18w\" sizes=\"auto, (max-width: 300px) 100vw, 300px\" \/><\/figure>","protected":false},"excerpt":{"rendered":"<p>Your Trusted Diploma Service Provider, www.DiplomaShops.com Welcome to DiplomaShops.com, your reliable partner for professional diploma services since 2018. We specialize [&hellip;]<\/p>\n","protected":false},"author":1,"featured_media":0,"parent":0,"menu_order":0,"comment_status":"closed","ping_status":"closed","template":"","meta":{"site-sidebar-layout":"default","site-content-layout":"","ast-site-content-layout":"default","site-content-style":"default","site-sidebar-style":"default","ast-global-header-display":"","ast-banner-title-visibility":"","ast-main-header-display":"","ast-hfb-above-header-display":"","ast-hfb-below-header-display":"","ast-hfb-mobile-header-display":"","site-post-title":"","ast-breadcrumbs-content":"","ast-featured-img":"","footer-sml-layout":"","ast-disable-related-posts":"","theme-transparent-header-meta":"","adv-header-id-meta":"","stick-header-meta":"","header-above-stick-meta":"","header-main-stick-meta":"","header-below-stick-meta":"","astra-migrate-meta-layouts":"default","ast-page-background-enabled":"default","ast-page-background-meta":{"desktop":{"background-color":"var(--ast-global-color-5)","background-image":"","background-repeat":"repeat","background-position":"center center","background-size":"auto","background-attachment":"scroll","background-type":"","background-media":"","overlay-type":"","overlay-color":"","overlay-opacity":"","overlay-gradient":""},"tablet":{"background-color":"","background-image":"","background-repeat":"repeat","background-position":"center center","background-size":"auto","background-attachment":"scroll","background-type":"","background-media":"","overlay-type":"","overlay-color":"","overlay-opacity":"","overlay-gradient":""},"mobile":{"background-color":"","background-image":"","background-repeat":"repeat","background-position":"center center","background-size":"auto","background-attachment":"scroll","background-type":"","background-media":"","overlay-type":"","overlay-color":"","overlay-opacity":"","overlay-gradient":""}},"ast-content-background-meta":{"desktop":{"background-color":"var(--ast-global-color-4)","background-image":"","background-repeat":"repeat","background-position":"center center","background-size":"auto","background-attachment":"scroll","background-type":"","background-media":"","overlay-type":"","overlay-color":"","overlay-opacity":"","overlay-gradient":""},"tablet":{"background-color":"var(--ast-global-color-4)","background-image":"","background-repeat":"repeat","background-position":"center center","background-size":"auto","background-attachment":"scroll","background-type":"","background-media":"","overlay-type":"","overlay-color":"","overlay-opacity":"","overlay-gradient":""},"mobile":{"background-color":"var(--ast-global-color-4)","background-image":"","background-repeat":"repeat","background-position":"center center","background-size":"auto","background-attachment":"scroll","background-type":"","background-media":"","overlay-type":"","overlay-color":"","overlay-opacity":"","overlay-gradient":""}},"footnotes":""},"class_list":["post-36","page","type-page","status-publish","hentry"],"yoast_head":"<!-- This site is optimized with the Yoast SEO plugin v27.5 - https:\/\/yoast.com\/product\/yoast-seo-wordpress\/ -->\n<title>About us - DiplomaShops.com - Buy Diploma Online | Fast &amp; Secure Service<\/title>\n<meta name=\"description\" content=\"Learn about DiplomaShops.com - trusted diploma service since 2018. Quality, privacy, and fast delivery worldwide. Meet our team today!\" \/>\n<meta name=\"robots\" content=\"index, follow, max-snippet:-1, max-image-preview:large, max-video-preview:-1\" \/>\n<link rel=\"canonical\" href=\"https:\/\/diplomashops.com\/sq\/rreth-nesh\/\" \/>\n<meta property=\"og:locale\" content=\"sq_AL\" \/>\n<meta property=\"og:type\" content=\"article\" \/>\n<meta property=\"og:title\" content=\"About us - DiplomaShops.com - Buy Diploma Online | Fast &amp; Secure Service\" \/>\n<meta property=\"og:description\" content=\"Learn about DiplomaShops.com - trusted diploma service since 2018. Quality, privacy, and fast delivery worldwide. Meet our team today!\" \/>\n<meta property=\"og:url\" content=\"https:\/\/diplomashops.com\/sq\/rreth-nesh\/\" \/>\n<meta property=\"og:site_name\" content=\"DiplomaShops.com - Buy Diploma Online | Fast &amp; Secure Service\" \/>\n<meta property=\"article:modified_time\" content=\"2026-03-14T16:06:08+00:00\" \/>\n<meta property=\"og:image\" content=\"https:\/\/diplomashops.com\/wp-content\/uploads\/2026\/03\/buy-diploma.webp\" \/>\n\t<meta property=\"og:image:width\" content=\"300\" \/>\n\t<meta property=\"og:image:height\" content=\"211\" \/>\n\t<meta property=\"og:image:type\" content=\"image\/webp\" \/>\n<meta name=\"twitter:card\" content=\"summary_large_image\" \/>\n<meta name=\"twitter:label1\" content=\"Est. reading time\" \/>\n\t<meta name=\"twitter:data1\" content=\"5 minuta\" \/>\n<script type=\"application\/ld+json\" class=\"yoast-schema-graph\">{\"@context\":\"https:\\\/\\\/schema.org\",\"@graph\":[{\"@type\":\"WebPage\",\"@id\":\"https:\\\/\\\/diplomashops.com\\\/about-us\\\/\",\"url\":\"https:\\\/\\\/diplomashops.com\\\/about-us\\\/\",\"name\":\"About us - DiplomaShops.com - Buy Diploma Online | Fast &amp; Secure Service\",\"isPartOf\":{\"@id\":\"https:\\\/\\\/diplomashops.com\\\/#website\"},\"primaryImageOfPage\":{\"@id\":\"https:\\\/\\\/diplomashops.com\\\/about-us\\\/#primaryimage\"},\"image\":{\"@id\":\"https:\\\/\\\/diplomashops.com\\\/about-us\\\/#primaryimage\"},\"thumbnailUrl\":\"https:\\\/\\\/diplomashops.com\\\/wp-content\\\/uploads\\\/2026\\\/03\\\/buy-diploma.webp\",\"datePublished\":\"2026-03-14T15:41:58+00:00\",\"dateModified\":\"2026-03-14T16:06:08+00:00\",\"description\":\"Learn about DiplomaShops.com - trusted diploma service since 2018. Quality, privacy, and fast delivery worldwide. Meet our team today!\",\"breadcrumb\":{\"@id\":\"https:\\\/\\\/diplomashops.com\\\/about-us\\\/#breadcrumb\"},\"inLanguage\":\"sq\",\"potentialAction\":[{\"@type\":\"ReadAction\",\"target\":[\"https:\\\/\\\/diplomashops.com\\\/about-us\\\/\"]}]},{\"@type\":\"ImageObject\",\"inLanguage\":\"sq\",\"@id\":\"https:\\\/\\\/diplomashops.com\\\/about-us\\\/#primaryimage\",\"url\":\"https:\\\/\\\/diplomashops.com\\\/wp-content\\\/uploads\\\/2026\\\/03\\\/buy-diploma.webp\",\"contentUrl\":\"https:\\\/\\\/diplomashops.com\\\/wp-content\\\/uploads\\\/2026\\\/03\\\/buy-diploma.webp\"},{\"@type\":\"BreadcrumbList\",\"@id\":\"https:\\\/\\\/diplomashops.com\\\/about-us\\\/#breadcrumb\",\"itemListElement\":[{\"@type\":\"ListItem\",\"position\":1,\"name\":\"Home\",\"item\":\"https:\\\/\\\/diplomashops.com\\\/\"},{\"@type\":\"ListItem\",\"position\":2,\"name\":\"About us\"}]},{\"@type\":\"WebSite\",\"@id\":\"https:\\\/\\\/diplomashops.com\\\/#website\",\"url\":\"https:\\\/\\\/diplomashops.com\\\/\",\"name\":\"DiplomaShops.com - Buy Diploma Online | Fast &amp; Secure Service\",\"description\":\"Buy a Diploma online Delivered Worldwide - Order Your Certificate Today\",\"potentialAction\":[{\"@type\":\"SearchAction\",\"target\":{\"@type\":\"EntryPoint\",\"urlTemplate\":\"https:\\\/\\\/diplomashops.com\\\/?s={search_term_string}\"},\"query-input\":{\"@type\":\"PropertyValueSpecification\",\"valueRequired\":true,\"valueName\":\"search_term_string\"}}],\"inLanguage\":\"sq\"}]}<\/script>\n<!-- \/ Yoast SEO plugin. -->","yoast_head_json":{"title":"Rreth nesh - DiplomaShops.com - Bli Diplom\u00eb Online | Sh\u00ebrbim i Shpejt\u00eb &amp; i Sigurt","description":"M\u00ebsoni p\u00ebr DiplomaShops.com \u2013 sh\u00ebrbim i besuesh\u00ebm diplomash q\u00eb nga viti 2018. Cil\u00ebsi, privat\u00ebsi dhe d\u00ebrges\u00eb e shpejt\u00eb n\u00eb mbar\u00eb bot\u00ebn. Njoftojeni ekipin ton\u00eb sot!","robots":{"index":"index","follow":"follow","max-snippet":"max-snippet:-1","max-image-preview":"max-image-preview:large","max-video-preview":"max-video-preview:-1"},"canonical":"https:\/\/diplomashops.com\/sq\/rreth-nesh\/","og_locale":"sq_AL","og_type":"article","og_title":"About us - DiplomaShops.com - Buy Diploma Online | Fast &amp; Secure Service","og_description":"Learn about DiplomaShops.com - trusted diploma service since 2018. Quality, privacy, and fast delivery worldwide. Meet our team today!","og_url":"https:\/\/diplomashops.com\/sq\/rreth-nesh\/","og_site_name":"DiplomaShops.com - Buy Diploma Online | Fast &amp; Secure Service","article_modified_time":"2026-03-14T16:06:08+00:00","og_image":[{"width":300,"height":211,"url":"https:\/\/diplomashops.com\/wp-content\/uploads\/2026\/03\/buy-diploma.webp","type":"image\/webp"}],"twitter_card":"summary_large_image","twitter_misc":{"Est. reading time":"5 minuta"},"schema":{"@context":"https:\/\/schema.org","@graph":[{"@type":"WebPage","@id":"https:\/\/diplomashops.com\/about-us\/","url":"https:\/\/diplomashops.com\/about-us\/","name":"Rreth nesh - DiplomaShops.com - Bli Diplom\u00eb Online | Sh\u00ebrbim i Shpejt\u00eb &amp; i Sigurt","isPartOf":{"@id":"https:\/\/diplomashops.com\/#website"},"primaryImageOfPage":{"@id":"https:\/\/diplomashops.com\/about-us\/#primaryimage"},"image":{"@id":"https:\/\/diplomashops.com\/about-us\/#primaryimage"},"thumbnailUrl":"https:\/\/diplomashops.com\/wp-content\/uploads\/2026\/03\/buy-diploma.webp","datePublished":"2026-03-14T15:41:58+00:00","dateModified":"2026-03-14T16:06:08+00:00","description":"M\u00ebsoni p\u00ebr DiplomaShops.com \u2013 sh\u00ebrbim i besuesh\u00ebm diplomash q\u00eb nga viti 2018. Cil\u00ebsi, privat\u00ebsi dhe d\u00ebrges\u00eb e shpejt\u00eb n\u00eb mbar\u00eb bot\u00ebn. Njoftojeni ekipin ton\u00eb sot!","breadcrumb":{"@id":"https:\/\/diplomashops.com\/about-us\/#breadcrumb"},"inLanguage":"sq","potentialAction":[{"@type":"ReadAction","target":["https:\/\/diplomashops.com\/about-us\/"]}]},{"@type":"ImageObject","inLanguage":"sq","@id":"https:\/\/diplomashops.com\/about-us\/#primaryimage","url":"https:\/\/diplomashops.com\/wp-content\/uploads\/2026\/03\/buy-diploma.webp","contentUrl":"https:\/\/diplomashops.com\/wp-content\/uploads\/2026\/03\/buy-diploma.webp"},{"@type":"BreadcrumbList","@id":"https:\/\/diplomashops.com\/about-us\/#breadcrumb","itemListElement":[{"@type":"ListItem","position":1,"name":"Home","item":"https:\/\/diplomashops.com\/"},{"@type":"ListItem","position":2,"name":"About us"}]},{"@type":"WebSite","@id":"https:\/\/diplomashops.com\/#website","url":"https:\/\/diplomashops.com\/","name":"DiplomaShops.com - Bli Diplom\u00eb Online | Sh\u00ebrbim i Shpejt\u00eb &amp; i Sigurt","description":"Bli nj\u00eb diplom\u00eb online, d\u00ebrges\u00eb n\u00eb mbar\u00eb bot\u00ebn - Porosisni certifikat\u00ebn tuaj sot","potentialAction":[{"@type":"SearchAction","target":{"@type":"EntryPoint","urlTemplate":"https:\/\/diplomashops.com\/?s={search_term_string}"},"query-input":{"@type":"PropertyValueSpecification","valueRequired":true,"valueName":"search_term_string"}}],"inLanguage":"sq"}]}},"_links":{"self":[{"href":"https:\/\/diplomashops.com\/sq\/wp-json\/wp\/v2\/pages\/36","targetHints":{"allow":["GET"]}}],"collection":[{"href":"https:\/\/diplomashops.com\/sq\/wp-json\/wp\/v2\/pages"}],"about":[{"href":"https:\/\/diplomashops.com\/sq\/wp-json\/wp\/v2\/types\/page"}],"author":[{"embeddable":true,"href":"https:\/\/diplomashops.com\/sq\/wp-json\/wp\/v2\/users\/1"}],"replies":[{"embeddable":true,"href":"https:\/\/diplomashops.com\/sq\/wp-json\/wp\/v2\/comments?post=36"}],"version-history":[{"count":3,"href":"https:\/\/diplomashops.com\/sq\/wp-json\/wp\/v2\/pages\/36\/revisions"}],"predecessor-version":[{"id":94,"href":"https:\/\/diplomashops.com\/sq\/wp-json\/wp\/v2\/pages\/36\/revisions\/94"}],"wp:attachment":[{"href":"https:\/\/diplomashops.com\/sq\/wp-json\/wp\/v2\/media?parent=36"}],"curies":[{"name":"wp","href":"https:\/\/api.w.org\/{rel}","templated":true}]}}