{"id":21,"date":"2026-03-14T15:35:38","date_gmt":"2026-03-14T15:35:38","guid":{"rendered":"https:\/\/diplomashops.com\/?page_id=21"},"modified":"2026-03-14T16:06:33","modified_gmt":"2026-03-14T16:06:33","slug":"kontakt","status":"publish","type":"page","link":"https:\/\/diplomashops.com\/sv\/contact\/","title":{"rendered":"Kontakt"},"content":{"rendered":"<h2 class=\"wp-block-heading\">Kontakta oss - F\u00e5 hj\u00e4lp med att k\u00f6pa ditt examensbevis<\/h2>\n\n\n\n<h3 class=\"wp-block-heading\">Flera s\u00e4tt att kontakta oss<\/h3>\n\n\n\n<h4 class=\"wp-block-heading\">\ud83d\udce7 Support via e-post<\/h4>\n\n\n\n<p>Skicka ett meddelande till oss n\u00e4r som helst p\u00e5&nbsp;<a href=\"mailto:DiplomaShops247@gmail.com\" target=\"_blank\" rel=\"noreferrer noopener\">DiplomaShops247@gmail.com<\/a>. Vi garanterar svar inom 60 minuter under v\u00e5ra arbetstider.<\/p>\n\n\n\n<h4 class=\"wp-block-heading\">\ud83d\udcac WhatsApp Chatt<\/h4>\n\n\n\n<p>F\u00f6redrar du snabbmeddelanden? Kontakta oss direkt via WhatsApp f\u00f6r omedelbar hj\u00e4lp. Klicka p\u00e5 WhatsApp-knappen i det nedre h\u00f6gra h\u00f6rnet av sk\u00e4rmen eller skanna QR-koden nedan.<\/p>\n\n\n\n<h4 class=\"wp-block-heading\">\ud83c\udf10 Kontaktformul\u00e4r<\/h4>\n\n\n\n<p>Anv\u00e4nd v\u00e5rt s\u00e4kra kontaktformul\u00e4r nedan f\u00f6r att skicka dina fr\u00e5gor eller funderingar till oss. Vi \u00e5terkommer till dig s\u00e5 snart som m\u00f6jligt med anv\u00e4ndbara l\u00f6sningar.<\/p>\n\n\n\n<figure class=\"wp-block-image size-full\"><img loading=\"lazy\" decoding=\"async\" width=\"300\" height=\"211\" src=\"https:\/\/diplomashops.com\/wp-content\/uploads\/2026\/03\/buy-diploma.webp\" alt=\"k\u00f6pa diplom\" class=\"wp-image-88\" srcset=\"https:\/\/diplomashops.com\/wp-content\/uploads\/2026\/03\/buy-diploma.webp 300w, https:\/\/diplomashops.com\/wp-content\/uploads\/2026\/03\/buy-diploma-18x12.webp 18w\" sizes=\"auto, (max-width: 300px) 100vw, 300px\" \/><\/figure>\n\n\n\n<hr class=\"wp-block-separator has-alpha-channel-opacity\"\/>\n\n\n\n<h3 class=\"wp-block-heading\">\u00d6ppettider och svarstider<\/h3>\n\n\n\n<h4 class=\"wp-block-heading\">Standard svarstid: Inom 1 timme<\/h4>\n\n\n\n<p>Vi \u00e4r stolta \u00f6ver v\u00e5r snabba kommunikation. Under kontorstid kan du f\u00f6rv\u00e4nta dig ett svar inom 60 minuter eller mindre.<\/p>\n\n\n\n<h4 class=\"wp-block-heading\">Ut\u00f6kad support tillg\u00e4nglig<\/h4>\n\n\n\n<p>Utanf\u00f6r ordinarie arbetstid? L\u00e4mna ett meddelande s\u00e5 svarar vi direkt n\u00e4sta arbetsdag.<\/p>\n\n\n\n<h4 class=\"wp-block-heading\">Helg- och helgdagst\u00e4ckning<\/h4>\n\n\n\n<p>Vi har inte helger eller helgdagar. Vi \u00e4r 24\/7 online.<\/p>\n\n\n\n<hr class=\"wp-block-separator has-alpha-channel-opacity\"\/>\n\n\n\n<h3 class=\"wp-block-heading\">Ofta kontaktad om<\/h3>\n\n\n\n<h4 class=\"wp-block-heading\">Orderstatus och sp\u00e5rning<\/h4>\n\n\n\n<p>Beh\u00f6ver du uppdateringar om din best\u00e4llning av diplom? Vill du veta n\u00e4r ditt paket kommer att anl\u00e4nda? V\u00e5rt team tillhandah\u00e5ller sp\u00e5rningsinformation i realtid.<\/p>\n\n\n\n<h4 class=\"wp-block-heading\">Betalningsmetoder &amp; s\u00e4kerhet<\/h4>\n\n\n\n<p>Fr\u00e5gor om betalningsalternativ, transaktionss\u00e4kerhet eller \u00e5terbetalningspolicy? Vi f\u00f6rklarar allt p\u00e5 ett tydligt och \u00f6ppet s\u00e4tt.<\/p>\n\n\n\n<h4 class=\"wp-block-heading\">F\u00f6rfr\u00e5gningar om anpassning av diplom<\/h4>\n\n\n\n<p>\u00c4r du os\u00e4ker p\u00e5 vilken mall som passar dina behov? Vill du \u00e4ndra en befintlig design? V\u00e5ra experter guidar dig genom anpassningsalternativen.<\/p>\n\n\n\n<h4 class=\"wp-block-heading\">Internationell leveransinformation<\/h4>\n\n\n\n<p>\u00c4r du nyfiken p\u00e5 leveranstider till ditt land? Undrar du \u00f6ver tullf\u00f6rfaranden? Vi tillhandah\u00e5ller detaljerad internationell fraktv\u00e4gledning.<\/p>\n\n\n\n<figure class=\"wp-block-image size-full\"><img loading=\"lazy\" decoding=\"async\" width=\"300\" height=\"212\" src=\"https:\/\/diplomashops.com\/wp-content\/uploads\/2026\/03\/Buy-a-university-master-bachelor-diploma-online.webp\" alt=\"K\u00f6p ett examensbevis fr\u00e5n ett universitet online\" class=\"wp-image-86\" srcset=\"https:\/\/diplomashops.com\/wp-content\/uploads\/2026\/03\/Buy-a-university-master-bachelor-diploma-online.webp 300w, https:\/\/diplomashops.com\/wp-content\/uploads\/2026\/03\/Buy-a-university-master-bachelor-diploma-online-18x12.webp 18w\" sizes=\"auto, (max-width: 300px) 100vw, 300px\" \/><\/figure>\n\n\n\n<hr class=\"wp-block-separator has-alpha-channel-opacity\"\/>\n\n\n\n<h3 class=\"wp-block-heading\">Kontaktuppgifter f\u00f6r WhatsApp<\/h3>\n\n\n\n<p>\ud83d\udd50 Tillg\u00e4nglig: 24\/7 f\u00f6r snabba svar<br>\ud83d\udcac Spr\u00e5k som st\u00f6ds: Engelska, holl\u00e4ndska, tyska, franska, spanska och mer<\/p>\n\n\n\n<p><em>Klicka p\u00e5 WhatsApp-ikonen p\u00e5 din sk\u00e4rm f\u00f6r att b\u00f6rja chatta omedelbart!<\/em><\/p>\n\n\n\n<hr class=\"wp-block-separator has-alpha-channel-opacity\"\/>\n\n\n\n<h3 class=\"wp-block-heading\">Viktig kontaktinformation<\/h3>\n\n\n\n<h4 class=\"wp-block-heading\">E-postadress<\/h4>\n\n\n\n<p><a href=\"mailto:DiplomaShops247@gmail.com\" rel=\"noreferrer noopener\" target=\"_blank\">DiplomaShops247@gmail.com<\/a><\/p>\n\n\n\n<h4 class=\"wp-block-heading\">Svarsgaranti<\/h4>\n\n\n\n<p>Inom 1 timme under kontorstid<\/p>\n\n\n\n<h4 class=\"wp-block-heading\">Spr\u00e5k som talas<\/h4>\n\n\n\n<p>Engelska, nederl\u00e4ndska, tyska, franska, spanska, italienska, portugisiska, svenska, norska, danska, finska, polska, tjeckiska, ungerska, rum\u00e4nska, bulgariska, grekiska, turkiska, arabiska, ryska, kinesiska och mer!<\/p>\n\n\n\n<h4 class=\"wp-block-heading\">Tidszon<\/h4>\n\n\n\n<p>Centraleuropeisk tid (CET\/CEST)<\/p>\n\n\n\n<hr class=\"wp-block-separator has-alpha-channel-opacity\"\/>\n\n\n\n<h3 class=\"wp-block-heading\">Innan du kontaktar oss<\/h3>\n\n\n\n<p>Kontrollera v\u00e5r&nbsp;<a href=\"https:\/\/diplomashops.com\/sv\/faq\/\">VANLIGA FR\u00c5GOR<\/a> sidan f\u00f6r svar p\u00e5 vanliga fr\u00e5gor om best\u00e4llning, betalning, frakt och diplomspecifikationer. Du kanske hittar precis vad du beh\u00f6ver utan att v\u00e4nta! Klicka h\u00e4r om du vill l\u00e4sa mer <a href=\"https:\/\/diplomashops.com\/sv\/om-oss\/\">om oss<\/a>. <\/p>\n\n\n\n<hr class=\"wp-block-separator has-alpha-channel-opacity\"\/>\n\n\n\n<h3 class=\"wp-block-heading\">Beh\u00f6ver du omedelbar hj\u00e4lp?<\/h3>\n\n\n\n<p>Klicka p\u00e5 WhatsApp-knappen i det nedre h\u00f6rnet av sk\u00e4rmen f\u00f6r att chatta med oss direkt. Ingen v\u00e4ntan - omedelbar hj\u00e4lp fr\u00e5n v\u00e5ra supportspecialister.<\/p>","protected":false},"excerpt":{"rendered":"<p>Contact Us \u2013 Get Help Buying Your Diploma Multiple Ways to Contact Us &#x1f4e7; Email Support Send us a message [&hellip;]<\/p>\n","protected":false},"author":1,"featured_media":0,"parent":0,"menu_order":0,"comment_status":"closed","ping_status":"closed","template":"","meta":{"site-sidebar-layout":"default","site-content-layout":"","ast-site-content-layout":"default","site-content-style":"default","site-sidebar-style":"default","ast-global-header-display":"","ast-banner-title-visibility":"","ast-main-header-display":"","ast-hfb-above-header-display":"","ast-hfb-below-header-display":"","ast-hfb-mobile-header-display":"","site-post-title":"","ast-breadcrumbs-content":"","ast-featured-img":"","footer-sml-layout":"","ast-disable-related-posts":"","theme-transparent-header-meta":"","adv-header-id-meta":"","stick-header-meta":"","header-above-stick-meta":"","header-main-stick-meta":"","header-below-stick-meta":"","astra-migrate-meta-layouts":"default","ast-page-background-enabled":"default","ast-page-background-meta":{"desktop":{"background-color":"var(--ast-global-color-5)","background-image":"","background-repeat":"repeat","background-position":"center center","background-size":"auto","background-attachment":"scroll","background-type":"","background-media":"","overlay-type":"","overlay-color":"","overlay-opacity":"","overlay-gradient":""},"tablet":{"background-color":"","background-image":"","background-repeat":"repeat","background-position":"center center","background-size":"auto","background-attachment":"scroll","background-type":"","background-media":"","overlay-type":"","overlay-color":"","overlay-opacity":"","overlay-gradient":""},"mobile":{"background-color":"","background-image":"","background-repeat":"repeat","background-position":"center center","background-size":"auto","background-attachment":"scroll","background-type":"","background-media":"","overlay-type":"","overlay-color":"","overlay-opacity":"","overlay-gradient":""}},"ast-content-background-meta":{"desktop":{"background-color":"var(--ast-global-color-4)","background-image":"","background-repeat":"repeat","background-position":"center center","background-size":"auto","background-attachment":"scroll","background-type":"","background-media":"","overlay-type":"","overlay-color":"","overlay-opacity":"","overlay-gradient":""},"tablet":{"background-color":"var(--ast-global-color-4)","background-image":"","background-repeat":"repeat","background-position":"center center","background-size":"auto","background-attachment":"scroll","background-type":"","background-media":"","overlay-type":"","overlay-color":"","overlay-opacity":"","overlay-gradient":""},"mobile":{"background-color":"var(--ast-global-color-4)","background-image":"","background-repeat":"repeat","background-position":"center center","background-size":"auto","background-attachment":"scroll","background-type":"","background-media":"","overlay-type":"","overlay-color":"","overlay-opacity":"","overlay-gradient":""}},"footnotes":""},"class_list":["post-21","page","type-page","status-publish","hentry"],"yoast_head":"<!-- This site is optimized with the Yoast SEO plugin v27.5 - https:\/\/yoast.com\/product\/yoast-seo-wordpress\/ -->\n<title>Contact - DiplomaShops.com - Buy Diploma Online | Fast &amp; Secure Service<\/title>\n<meta name=\"description\" content=\"Contact DiplomaShops.com for fast diploma service help. We respond within 1 hour via email or WhatsApp. Get assistance today!\" \/>\n<meta name=\"robots\" content=\"index, follow, max-snippet:-1, max-image-preview:large, max-video-preview:-1\" \/>\n<link rel=\"canonical\" href=\"https:\/\/diplomashops.com\/sv\/kontakt\/\" \/>\n<meta property=\"og:locale\" content=\"sv_SE\" \/>\n<meta property=\"og:type\" content=\"article\" \/>\n<meta property=\"og:title\" content=\"Contact - DiplomaShops.com - Buy Diploma Online | Fast &amp; Secure Service\" \/>\n<meta property=\"og:description\" content=\"Contact DiplomaShops.com for fast diploma service help. We respond within 1 hour via email or WhatsApp. Get assistance today!\" \/>\n<meta property=\"og:url\" content=\"https:\/\/diplomashops.com\/sv\/kontakt\/\" \/>\n<meta property=\"og:site_name\" content=\"DiplomaShops.com - Buy Diploma Online | Fast &amp; Secure Service\" \/>\n<meta property=\"article:modified_time\" content=\"2026-03-14T16:06:33+00:00\" \/>\n<meta property=\"og:image\" content=\"https:\/\/diplomashops.com\/wp-content\/uploads\/2026\/03\/buy-diploma.webp\" \/>\n\t<meta property=\"og:image:width\" content=\"300\" \/>\n\t<meta property=\"og:image:height\" content=\"211\" \/>\n\t<meta property=\"og:image:type\" content=\"image\/webp\" \/>\n<meta name=\"twitter:card\" content=\"summary_large_image\" \/>\n<meta name=\"twitter:label1\" content=\"Ber\u00e4knad l\u00e4stid\" \/>\n\t<meta name=\"twitter:data1\" content=\"3 minuter\" \/>\n<script type=\"application\/ld+json\" class=\"yoast-schema-graph\">{\"@context\":\"https:\\\/\\\/schema.org\",\"@graph\":[{\"@type\":\"WebPage\",\"@id\":\"https:\\\/\\\/diplomashops.com\\\/contact\\\/\",\"url\":\"https:\\\/\\\/diplomashops.com\\\/contact\\\/\",\"name\":\"Contact - DiplomaShops.com - Buy Diploma Online | Fast &amp; Secure Service\",\"isPartOf\":{\"@id\":\"https:\\\/\\\/diplomashops.com\\\/#website\"},\"primaryImageOfPage\":{\"@id\":\"https:\\\/\\\/diplomashops.com\\\/contact\\\/#primaryimage\"},\"image\":{\"@id\":\"https:\\\/\\\/diplomashops.com\\\/contact\\\/#primaryimage\"},\"thumbnailUrl\":\"https:\\\/\\\/diplomashops.com\\\/wp-content\\\/uploads\\\/2026\\\/03\\\/buy-diploma.webp\",\"datePublished\":\"2026-03-14T15:35:38+00:00\",\"dateModified\":\"2026-03-14T16:06:33+00:00\",\"description\":\"Contact DiplomaShops.com for fast diploma service help. We respond within 1 hour via email or WhatsApp. Get assistance today!\",\"breadcrumb\":{\"@id\":\"https:\\\/\\\/diplomashops.com\\\/contact\\\/#breadcrumb\"},\"inLanguage\":\"sv-SE\",\"potentialAction\":[{\"@type\":\"ReadAction\",\"target\":[\"https:\\\/\\\/diplomashops.com\\\/contact\\\/\"]}]},{\"@type\":\"ImageObject\",\"inLanguage\":\"sv-SE\",\"@id\":\"https:\\\/\\\/diplomashops.com\\\/contact\\\/#primaryimage\",\"url\":\"https:\\\/\\\/diplomashops.com\\\/wp-content\\\/uploads\\\/2026\\\/03\\\/buy-diploma.webp\",\"contentUrl\":\"https:\\\/\\\/diplomashops.com\\\/wp-content\\\/uploads\\\/2026\\\/03\\\/buy-diploma.webp\"},{\"@type\":\"BreadcrumbList\",\"@id\":\"https:\\\/\\\/diplomashops.com\\\/contact\\\/#breadcrumb\",\"itemListElement\":[{\"@type\":\"ListItem\",\"position\":1,\"name\":\"Home\",\"item\":\"https:\\\/\\\/diplomashops.com\\\/\"},{\"@type\":\"ListItem\",\"position\":2,\"name\":\"Contact\"}]},{\"@type\":\"WebSite\",\"@id\":\"https:\\\/\\\/diplomashops.com\\\/#website\",\"url\":\"https:\\\/\\\/diplomashops.com\\\/\",\"name\":\"DiplomaShops.com - Buy Diploma Online | Fast &amp; Secure Service\",\"description\":\"Buy a Diploma online Delivered Worldwide - Order Your Certificate Today\",\"potentialAction\":[{\"@type\":\"SearchAction\",\"target\":{\"@type\":\"EntryPoint\",\"urlTemplate\":\"https:\\\/\\\/diplomashops.com\\\/?s={search_term_string}\"},\"query-input\":{\"@type\":\"PropertyValueSpecification\",\"valueRequired\":true,\"valueName\":\"search_term_string\"}}],\"inLanguage\":\"sv-SE\"}]}<\/script>\n<!-- \/ Yoast SEO plugin. -->","yoast_head_json":{"title":"Kontakt - DiplomaShops.com - K\u00f6p examensbevis online | Snabb och s\u00e4ker service","description":"Kontakta DiplomaShops.com f\u00f6r snabb hj\u00e4lp med diplomservice. Vi svarar inom 1 timme via e-post eller WhatsApp. F\u00e5 hj\u00e4lp idag!","robots":{"index":"index","follow":"follow","max-snippet":"max-snippet:-1","max-image-preview":"max-image-preview:large","max-video-preview":"max-video-preview:-1"},"canonical":"https:\/\/diplomashops.com\/sv\/kontakt\/","og_locale":"sv_SE","og_type":"article","og_title":"Contact - DiplomaShops.com - Buy Diploma Online | Fast &amp; Secure Service","og_description":"Contact DiplomaShops.com for fast diploma service help. We respond within 1 hour via email or WhatsApp. Get assistance today!","og_url":"https:\/\/diplomashops.com\/sv\/kontakt\/","og_site_name":"DiplomaShops.com - Buy Diploma Online | Fast &amp; Secure Service","article_modified_time":"2026-03-14T16:06:33+00:00","og_image":[{"width":300,"height":211,"url":"https:\/\/diplomashops.com\/wp-content\/uploads\/2026\/03\/buy-diploma.webp","type":"image\/webp"}],"twitter_card":"summary_large_image","twitter_misc":{"Ber\u00e4knad l\u00e4stid":"3 minuter"},"schema":{"@context":"https:\/\/schema.org","@graph":[{"@type":"WebPage","@id":"https:\/\/diplomashops.com\/contact\/","url":"https:\/\/diplomashops.com\/contact\/","name":"Kontakt - DiplomaShops.com - K\u00f6p examensbevis online | Snabb och s\u00e4ker service","isPartOf":{"@id":"https:\/\/diplomashops.com\/#website"},"primaryImageOfPage":{"@id":"https:\/\/diplomashops.com\/contact\/#primaryimage"},"image":{"@id":"https:\/\/diplomashops.com\/contact\/#primaryimage"},"thumbnailUrl":"https:\/\/diplomashops.com\/wp-content\/uploads\/2026\/03\/buy-diploma.webp","datePublished":"2026-03-14T15:35:38+00:00","dateModified":"2026-03-14T16:06:33+00:00","description":"Kontakta DiplomaShops.com f\u00f6r snabb hj\u00e4lp med diplomservice. Vi svarar inom 1 timme via e-post eller WhatsApp. F\u00e5 hj\u00e4lp idag!","breadcrumb":{"@id":"https:\/\/diplomashops.com\/contact\/#breadcrumb"},"inLanguage":"sv-SE","potentialAction":[{"@type":"ReadAction","target":["https:\/\/diplomashops.com\/contact\/"]}]},{"@type":"ImageObject","inLanguage":"sv-SE","@id":"https:\/\/diplomashops.com\/contact\/#primaryimage","url":"https:\/\/diplomashops.com\/wp-content\/uploads\/2026\/03\/buy-diploma.webp","contentUrl":"https:\/\/diplomashops.com\/wp-content\/uploads\/2026\/03\/buy-diploma.webp"},{"@type":"BreadcrumbList","@id":"https:\/\/diplomashops.com\/contact\/#breadcrumb","itemListElement":[{"@type":"ListItem","position":1,"name":"Home","item":"https:\/\/diplomashops.com\/"},{"@type":"ListItem","position":2,"name":"Contact"}]},{"@type":"WebSite","@id":"https:\/\/diplomashops.com\/#website","url":"https:\/\/diplomashops.com\/","name":"DiplomaShops.com - K\u00f6p examensbevis online | snabb och s\u00e4ker service","description":"K\u00f6p ett examensbevis online Levereras \u00f6ver hela v\u00e4rlden - Best\u00e4ll ditt certifikat idag","potentialAction":[{"@type":"SearchAction","target":{"@type":"EntryPoint","urlTemplate":"https:\/\/diplomashops.com\/?s={search_term_string}"},"query-input":{"@type":"PropertyValueSpecification","valueRequired":true,"valueName":"search_term_string"}}],"inLanguage":"sv-SE"}]}},"_links":{"self":[{"href":"https:\/\/diplomashops.com\/sv\/wp-json\/wp\/v2\/pages\/21","targetHints":{"allow":["GET"]}}],"collection":[{"href":"https:\/\/diplomashops.com\/sv\/wp-json\/wp\/v2\/pages"}],"about":[{"href":"https:\/\/diplomashops.com\/sv\/wp-json\/wp\/v2\/types\/page"}],"author":[{"embeddable":true,"href":"https:\/\/diplomashops.com\/sv\/wp-json\/wp\/v2\/users\/1"}],"replies":[{"embeddable":true,"href":"https:\/\/diplomashops.com\/sv\/wp-json\/wp\/v2\/comments?post=21"}],"version-history":[{"count":7,"href":"https:\/\/diplomashops.com\/sv\/wp-json\/wp\/v2\/pages\/21\/revisions"}],"predecessor-version":[{"id":95,"href":"https:\/\/diplomashops.com\/sv\/wp-json\/wp\/v2\/pages\/21\/revisions\/95"}],"wp:attachment":[{"href":"https:\/\/diplomashops.com\/sv\/wp-json\/wp\/v2\/media?parent=21"}],"curies":[{"name":"wp","href":"https:\/\/api.w.org\/{rel}","templated":true}]}}