{"id":21,"date":"2026-03-14T15:35:38","date_gmt":"2026-03-14T15:35:38","guid":{"rendered":"https:\/\/diplomashops.com\/?page_id=21"},"modified":"2026-03-14T16:06:33","modified_gmt":"2026-03-14T16:06:33","slug":"iletisim","status":"publish","type":"page","link":"https:\/\/diplomashops.com\/tr\/contact\/","title":{"rendered":"\u0130leti\u015fim"},"content":{"rendered":"<h2 class=\"wp-block-heading\">Bize Ula\u015f\u0131n - Diploman\u0131z\u0131 Sat\u0131n Al\u0131rken Yard\u0131m Al\u0131n<\/h2>\n\n\n\n<h3 class=\"wp-block-heading\">Bize Ula\u015fman\u0131n Birden Fazla Yolu<\/h3>\n\n\n\n<h4 class=\"wp-block-heading\">\ud83d\udce7 E-posta Deste\u011fi<\/h4>\n\n\n\n<p>Bize istedi\u011finiz zaman mesaj g\u00f6nderin&nbsp;<a href=\"mailto:DiplomaShops247@gmail.com\" target=\"_blank\" rel=\"noreferrer noopener\">DiplomaShops247@gmail.com<\/a>. \u00c7al\u0131\u015fma saatlerimiz i\u00e7inde 60 dakika i\u00e7inde yan\u0131t vermeyi garanti ediyoruz.<\/p>\n\n\n\n<h4 class=\"wp-block-heading\">\ud83d\udcac WhatsApp Sohbet<\/h4>\n\n\n\n<p>An\u0131nda mesajla\u015fmay\u0131 m\u0131 tercih ediyorsunuz? Acil yard\u0131m i\u00e7in bizimle do\u011frudan WhatsApp \u00fczerinden ba\u011flant\u0131 kurun. Ekran\u0131n\u0131z\u0131n sa\u011f alt k\u00f6\u015fesindeki WhatsApp d\u00fc\u011fmesine t\u0131klay\u0131n veya a\u015fa\u011f\u0131daki QR kodunu taray\u0131n.<\/p>\n\n\n\n<h4 class=\"wp-block-heading\">\ud83c\udf10 \u0130leti\u015fim Formu<\/h4>\n\n\n\n<p>Sorular\u0131n\u0131z\u0131 veya endi\u015felerinizi bize iletmek i\u00e7in a\u015fa\u011f\u0131daki g\u00fcvenli ileti\u015fim formumuzu kullan\u0131n. Yararl\u0131 \u00e7\u00f6z\u00fcmlerle size hemen geri d\u00f6nece\u011fiz.<\/p>\n\n\n\n<figure class=\"wp-block-image size-full\"><img loading=\"lazy\" decoding=\"async\" width=\"300\" height=\"211\" src=\"https:\/\/diplomashops.com\/wp-content\/uploads\/2026\/03\/buy-diploma.webp\" alt=\"diploma sat\u0131n al\" class=\"wp-image-88\" srcset=\"https:\/\/diplomashops.com\/wp-content\/uploads\/2026\/03\/buy-diploma.webp 300w, https:\/\/diplomashops.com\/wp-content\/uploads\/2026\/03\/buy-diploma-18x12.webp 18w\" sizes=\"auto, (max-width: 300px) 100vw, 300px\" \/><\/figure>\n\n\n\n<hr class=\"wp-block-separator has-alpha-channel-opacity\"\/>\n\n\n\n<h3 class=\"wp-block-heading\">\u00c7al\u0131\u015fma Saatleri ve Yan\u0131t S\u00fcreleri<\/h3>\n\n\n\n<h4 class=\"wp-block-heading\">Standart Yan\u0131t S\u00fcresi: 1 Saat \u0130\u00e7inde<\/h4>\n\n\n\n<p>H\u0131zl\u0131 ileti\u015fim konusunda kendimizle gurur duyuyoruz. Mesai saatleri i\u00e7inde 60 dakika veya daha k\u0131sa bir s\u00fcre i\u00e7inde yan\u0131t bekliyoruz.<\/p>\n\n\n\n<h4 class=\"wp-block-heading\">Geni\u015fletilmi\u015f Destek Mevcuttur<\/h4>\n\n\n\n<p>Normal saatler d\u0131\u015f\u0131nda m\u0131? Mesaj\u0131n\u0131z\u0131 b\u0131rak\u0131n, bir sonraki i\u015f g\u00fcn\u00fc ilk i\u015f olarak yan\u0131tlayal\u0131m.<\/p>\n\n\n\n<h4 class=\"wp-block-heading\">Hafta Sonu ve Tatil Kapsam\u0131<\/h4>\n\n\n\n<p>Hafta sonlar\u0131 veya tatillerimiz yok. 7\/24 \u00e7evrimi\u00e7iyiz.<\/p>\n\n\n\n<hr class=\"wp-block-separator has-alpha-channel-opacity\"\/>\n\n\n\n<h3 class=\"wp-block-heading\">Hakk\u0131nda S\u0131k\u00e7a \u0130leti\u015fime Ge\u00e7ilenler<\/h3>\n\n\n\n<h4 class=\"wp-block-heading\">Sipari\u015f Durumu &amp; Takibi<\/h4>\n\n\n\n<p>Diploma sipari\u015finizle ilgili g\u00fcncellemelere mi ihtiyac\u0131n\u0131z var? Paketinizin ne zaman ula\u015faca\u011f\u0131n\u0131 bilmek ister misiniz? Ekibimiz ger\u00e7ek zamanl\u0131 takip bilgileri sa\u011flar.<\/p>\n\n\n\n<h4 class=\"wp-block-heading\">\u00d6deme Y\u00f6ntemleri &amp; G\u00fcvenlik<\/h4>\n\n\n\n<p>\u00d6deme se\u00e7enekleri, i\u015flem g\u00fcvenli\u011fi veya iade politikalar\u0131 hakk\u0131nda sorular\u0131n\u0131z m\u0131 var? Her \u015feyi a\u00e7\u0131k ve \u015feffaf bir \u015fekilde a\u00e7\u0131kl\u0131yoruz.<\/p>\n\n\n\n<h4 class=\"wp-block-heading\">Diploma \u00d6zelle\u015ftirme Talepleri<\/h4>\n\n\n\n<p>Hangi \u015fablonun ihtiya\u00e7lar\u0131n\u0131za uygun oldu\u011fundan emin de\u011fil misiniz? Mevcut bir tasar\u0131m\u0131 de\u011fi\u015ftirmek mi istiyorsunuz? Uzmanlar\u0131m\u0131z \u00f6zelle\u015ftirme se\u00e7enekleri konusunda size rehberlik ediyor.<\/p>\n\n\n\n<h4 class=\"wp-block-heading\">Uluslararas\u0131 Nakliye Bilgileri<\/h4>\n\n\n\n<p>\u00dclkenize teslimat s\u00fcrelerini mi merak ediyorsunuz? G\u00fcmr\u00fck prosed\u00fcrlerini mi merak ediyorsunuz? Ayr\u0131nt\u0131l\u0131 uluslararas\u0131 nakliye rehberli\u011fi sa\u011fl\u0131yoruz.<\/p>\n\n\n\n<figure class=\"wp-block-image size-full\"><img loading=\"lazy\" decoding=\"async\" width=\"300\" height=\"212\" src=\"https:\/\/diplomashops.com\/wp-content\/uploads\/2026\/03\/Buy-a-university-master-bachelor-diploma-online.webp\" alt=\"Online \u00fcniversite y\u00fcksek lisans diplomas\u0131 sat\u0131n al\u0131n\" class=\"wp-image-86\" srcset=\"https:\/\/diplomashops.com\/wp-content\/uploads\/2026\/03\/Buy-a-university-master-bachelor-diploma-online.webp 300w, https:\/\/diplomashops.com\/wp-content\/uploads\/2026\/03\/Buy-a-university-master-bachelor-diploma-online-18x12.webp 18w\" sizes=\"auto, (max-width: 300px) 100vw, 300px\" \/><\/figure>\n\n\n\n<hr class=\"wp-block-separator has-alpha-channel-opacity\"\/>\n\n\n\n<h3 class=\"wp-block-heading\">WhatsApp \u0130leti\u015fim Bilgileri<\/h3>\n\n\n\n<p>\ud83d\udd50 H\u0131zl\u0131 yan\u0131tlar i\u00e7in 7\/24 ula\u015f\u0131labilir<br>\ud83d\udcac Desteklenen Diller: \u0130ngilizce, Hollandaca, Almanca, Frans\u0131zca, \u0130spanyolca ve daha fazlas\u0131<\/p>\n\n\n\n<p><em>Hemen sohbete ba\u015flamak i\u00e7in ekran\u0131n\u0131zdaki WhatsApp simgesine t\u0131klay\u0131n!<\/em><\/p>\n\n\n\n<hr class=\"wp-block-separator has-alpha-channel-opacity\"\/>\n\n\n\n<h3 class=\"wp-block-heading\">\u00d6nemli \u0130leti\u015fim Bilgileri<\/h3>\n\n\n\n<h4 class=\"wp-block-heading\">E-posta Adresi<\/h4>\n\n\n\n<p><a href=\"mailto:DiplomaShops247@gmail.com\" rel=\"noreferrer noopener\" target=\"_blank\">DiplomaShops247@gmail.com<\/a><\/p>\n\n\n\n<h4 class=\"wp-block-heading\">Yan\u0131t Garantisi<\/h4>\n\n\n\n<p>Mesai saatleri i\u00e7inde 1 saat i\u00e7inde<\/p>\n\n\n\n<h4 class=\"wp-block-heading\">Konu\u015fulan Diller<\/h4>\n\n\n\n<p>\u0130ngilizce, Hollandaca, Almanca, Frans\u0131zca, \u0130spanyolca, \u0130talyanca, Portekizce, \u0130sve\u00e7\u00e7e, Norve\u00e7\u00e7e, Danca, Fince, Leh\u00e7e, \u00c7ek\u00e7e, Macarca, Romence, Bulgarca, Yunanca, T\u00fcrk\u00e7e, Arap\u00e7a, Rus\u00e7a, \u00c7ince ve daha fazlas\u0131!<\/p>\n\n\n\n<h4 class=\"wp-block-heading\">Saat Dilimi<\/h4>\n\n\n\n<p>Orta Avrupa Saati (CET\/CEST)<\/p>\n\n\n\n<hr class=\"wp-block-separator has-alpha-channel-opacity\"\/>\n\n\n\n<h3 class=\"wp-block-heading\">Bizimle \u0130leti\u015fime Ge\u00e7meden \u00d6nce<\/h3>\n\n\n\n<p>Kontrol edin&nbsp;<a href=\"https:\/\/diplomashops.com\/tr\/faq\/\">SSS<\/a> Sipari\u015f, \u00f6deme, nakliye ve diploma \u00f6zellikleriyle ilgili s\u0131k sorulan sorular\u0131n yan\u0131tlar\u0131 i\u00e7in sayfa. Beklemeden tam olarak ihtiyac\u0131n\u0131z olan\u0131 bulabilirsiniz! Daha fazlas\u0131n\u0131 okumak istiyorsan\u0131z buraya t\u0131klay\u0131n <a href=\"https:\/\/diplomashops.com\/tr\/hakkimizda\/\">hakkimizda<\/a>. <\/p>\n\n\n\n<hr class=\"wp-block-separator has-alpha-channel-opacity\"\/>\n\n\n\n<h3 class=\"wp-block-heading\">Acil Yard\u0131ma m\u0131 \u0130htiyac\u0131n\u0131z Var?<\/h3>\n\n\n\n<p>Bizimle hemen sohbet etmek i\u00e7in ekran\u0131n\u0131z\u0131n alt k\u00f6\u015fesindeki WhatsApp d\u00fc\u011fmesine t\u0131klay\u0131n. Beklemek yok - destek uzmanlar\u0131m\u0131zdan an\u0131nda yard\u0131m.<\/p>","protected":false},"excerpt":{"rendered":"<p>Contact Us \u2013 Get Help Buying Your Diploma Multiple Ways to Contact Us &#x1f4e7; Email Support Send us a message [&hellip;]<\/p>\n","protected":false},"author":1,"featured_media":0,"parent":0,"menu_order":0,"comment_status":"closed","ping_status":"closed","template":"","meta":{"site-sidebar-layout":"default","site-content-layout":"","ast-site-content-layout":"default","site-content-style":"default","site-sidebar-style":"default","ast-global-header-display":"","ast-banner-title-visibility":"","ast-main-header-display":"","ast-hfb-above-header-display":"","ast-hfb-below-header-display":"","ast-hfb-mobile-header-display":"","site-post-title":"","ast-breadcrumbs-content":"","ast-featured-img":"","footer-sml-layout":"","ast-disable-related-posts":"","theme-transparent-header-meta":"","adv-header-id-meta":"","stick-header-meta":"","header-above-stick-meta":"","header-main-stick-meta":"","header-below-stick-meta":"","astra-migrate-meta-layouts":"default","ast-page-background-enabled":"default","ast-page-background-meta":{"desktop":{"background-color":"var(--ast-global-color-5)","background-image":"","background-repeat":"repeat","background-position":"center center","background-size":"auto","background-attachment":"scroll","background-type":"","background-media":"","overlay-type":"","overlay-color":"","overlay-opacity":"","overlay-gradient":""},"tablet":{"background-color":"","background-image":"","background-repeat":"repeat","background-position":"center center","background-size":"auto","background-attachment":"scroll","background-type":"","background-media":"","overlay-type":"","overlay-color":"","overlay-opacity":"","overlay-gradient":""},"mobile":{"background-color":"","background-image":"","background-repeat":"repeat","background-position":"center center","background-size":"auto","background-attachment":"scroll","background-type":"","background-media":"","overlay-type":"","overlay-color":"","overlay-opacity":"","overlay-gradient":""}},"ast-content-background-meta":{"desktop":{"background-color":"var(--ast-global-color-4)","background-image":"","background-repeat":"repeat","background-position":"center center","background-size":"auto","background-attachment":"scroll","background-type":"","background-media":"","overlay-type":"","overlay-color":"","overlay-opacity":"","overlay-gradient":""},"tablet":{"background-color":"var(--ast-global-color-4)","background-image":"","background-repeat":"repeat","background-position":"center center","background-size":"auto","background-attachment":"scroll","background-type":"","background-media":"","overlay-type":"","overlay-color":"","overlay-opacity":"","overlay-gradient":""},"mobile":{"background-color":"var(--ast-global-color-4)","background-image":"","background-repeat":"repeat","background-position":"center center","background-size":"auto","background-attachment":"scroll","background-type":"","background-media":"","overlay-type":"","overlay-color":"","overlay-opacity":"","overlay-gradient":""}},"footnotes":""},"class_list":["post-21","page","type-page","status-publish","hentry"],"yoast_head":"<!-- This site is optimized with the Yoast SEO plugin v27.5 - https:\/\/yoast.com\/product\/yoast-seo-wordpress\/ -->\n<title>Contact - DiplomaShops.com - Buy Diploma Online | Fast &amp; Secure Service<\/title>\n<meta name=\"description\" content=\"Contact DiplomaShops.com for fast diploma service help. We respond within 1 hour via email or WhatsApp. Get assistance today!\" \/>\n<meta name=\"robots\" content=\"index, follow, max-snippet:-1, max-image-preview:large, max-video-preview:-1\" \/>\n<link rel=\"canonical\" href=\"https:\/\/diplomashops.com\/tr\/iletisim\/\" \/>\n<meta property=\"og:locale\" content=\"tr_TR\" \/>\n<meta property=\"og:type\" content=\"article\" \/>\n<meta property=\"og:title\" content=\"Contact - DiplomaShops.com - Buy Diploma Online | Fast &amp; Secure Service\" \/>\n<meta property=\"og:description\" content=\"Contact DiplomaShops.com for fast diploma service help. We respond within 1 hour via email or WhatsApp. Get assistance today!\" \/>\n<meta property=\"og:url\" content=\"https:\/\/diplomashops.com\/tr\/iletisim\/\" \/>\n<meta property=\"og:site_name\" content=\"DiplomaShops.com - Buy Diploma Online | Fast &amp; Secure Service\" \/>\n<meta property=\"article:modified_time\" content=\"2026-03-14T16:06:33+00:00\" \/>\n<meta property=\"og:image\" content=\"https:\/\/diplomashops.com\/wp-content\/uploads\/2026\/03\/buy-diploma.webp\" \/>\n\t<meta property=\"og:image:width\" content=\"300\" \/>\n\t<meta property=\"og:image:height\" content=\"211\" \/>\n\t<meta property=\"og:image:type\" content=\"image\/webp\" \/>\n<meta name=\"twitter:card\" content=\"summary_large_image\" \/>\n<meta name=\"twitter:label1\" content=\"Tahmini okuma s\u00fcresi\" \/>\n\t<meta name=\"twitter:data1\" content=\"3 dakika\" \/>\n<script type=\"application\/ld+json\" class=\"yoast-schema-graph\">{\"@context\":\"https:\\\/\\\/schema.org\",\"@graph\":[{\"@type\":\"WebPage\",\"@id\":\"https:\\\/\\\/diplomashops.com\\\/contact\\\/\",\"url\":\"https:\\\/\\\/diplomashops.com\\\/contact\\\/\",\"name\":\"Contact - DiplomaShops.com - Buy Diploma Online | Fast &amp; Secure Service\",\"isPartOf\":{\"@id\":\"https:\\\/\\\/diplomashops.com\\\/#website\"},\"primaryImageOfPage\":{\"@id\":\"https:\\\/\\\/diplomashops.com\\\/contact\\\/#primaryimage\"},\"image\":{\"@id\":\"https:\\\/\\\/diplomashops.com\\\/contact\\\/#primaryimage\"},\"thumbnailUrl\":\"https:\\\/\\\/diplomashops.com\\\/wp-content\\\/uploads\\\/2026\\\/03\\\/buy-diploma.webp\",\"datePublished\":\"2026-03-14T15:35:38+00:00\",\"dateModified\":\"2026-03-14T16:06:33+00:00\",\"description\":\"Contact DiplomaShops.com for fast diploma service help. We respond within 1 hour via email or WhatsApp. Get assistance today!\",\"breadcrumb\":{\"@id\":\"https:\\\/\\\/diplomashops.com\\\/contact\\\/#breadcrumb\"},\"inLanguage\":\"tr\",\"potentialAction\":[{\"@type\":\"ReadAction\",\"target\":[\"https:\\\/\\\/diplomashops.com\\\/contact\\\/\"]}]},{\"@type\":\"ImageObject\",\"inLanguage\":\"tr\",\"@id\":\"https:\\\/\\\/diplomashops.com\\\/contact\\\/#primaryimage\",\"url\":\"https:\\\/\\\/diplomashops.com\\\/wp-content\\\/uploads\\\/2026\\\/03\\\/buy-diploma.webp\",\"contentUrl\":\"https:\\\/\\\/diplomashops.com\\\/wp-content\\\/uploads\\\/2026\\\/03\\\/buy-diploma.webp\"},{\"@type\":\"BreadcrumbList\",\"@id\":\"https:\\\/\\\/diplomashops.com\\\/contact\\\/#breadcrumb\",\"itemListElement\":[{\"@type\":\"ListItem\",\"position\":1,\"name\":\"Home\",\"item\":\"https:\\\/\\\/diplomashops.com\\\/\"},{\"@type\":\"ListItem\",\"position\":2,\"name\":\"Contact\"}]},{\"@type\":\"WebSite\",\"@id\":\"https:\\\/\\\/diplomashops.com\\\/#website\",\"url\":\"https:\\\/\\\/diplomashops.com\\\/\",\"name\":\"DiplomaShops.com - Buy Diploma Online | Fast &amp; Secure Service\",\"description\":\"Buy a Diploma online Delivered Worldwide - Order Your Certificate Today\",\"potentialAction\":[{\"@type\":\"SearchAction\",\"target\":{\"@type\":\"EntryPoint\",\"urlTemplate\":\"https:\\\/\\\/diplomashops.com\\\/?s={search_term_string}\"},\"query-input\":{\"@type\":\"PropertyValueSpecification\",\"valueRequired\":true,\"valueName\":\"search_term_string\"}}],\"inLanguage\":\"tr\"}]}<\/script>\n<!-- \/ Yoast SEO plugin. -->","yoast_head_json":{"title":"\u0130leti\u015fim - DiplomaShops.com - Online Diploma Sat\u0131n Al\u0131n | H\u0131zl\u0131 ve G\u00fcvenli Hizmet","description":"H\u0131zl\u0131 diploma hizmeti yard\u0131m\u0131 i\u00e7in DiplomaShops.com ile ileti\u015fime ge\u00e7in. E-posta veya WhatsApp arac\u0131l\u0131\u011f\u0131yla 1 saat i\u00e7inde yan\u0131t veriyoruz. Bug\u00fcn yard\u0131m al\u0131n!","robots":{"index":"index","follow":"follow","max-snippet":"max-snippet:-1","max-image-preview":"max-image-preview:large","max-video-preview":"max-video-preview:-1"},"canonical":"https:\/\/diplomashops.com\/tr\/iletisim\/","og_locale":"tr_TR","og_type":"article","og_title":"Contact - DiplomaShops.com - Buy Diploma Online | Fast &amp; Secure Service","og_description":"Contact DiplomaShops.com for fast diploma service help. We respond within 1 hour via email or WhatsApp. Get assistance today!","og_url":"https:\/\/diplomashops.com\/tr\/iletisim\/","og_site_name":"DiplomaShops.com - Buy Diploma Online | Fast &amp; Secure Service","article_modified_time":"2026-03-14T16:06:33+00:00","og_image":[{"width":300,"height":211,"url":"https:\/\/diplomashops.com\/wp-content\/uploads\/2026\/03\/buy-diploma.webp","type":"image\/webp"}],"twitter_card":"summary_large_image","twitter_misc":{"Tahmini okuma s\u00fcresi":"3 dakika"},"schema":{"@context":"https:\/\/schema.org","@graph":[{"@type":"WebPage","@id":"https:\/\/diplomashops.com\/contact\/","url":"https:\/\/diplomashops.com\/contact\/","name":"\u0130leti\u015fim - DiplomaShops.com - Online Diploma Sat\u0131n Al\u0131n | H\u0131zl\u0131 ve G\u00fcvenli Hizmet","isPartOf":{"@id":"https:\/\/diplomashops.com\/#website"},"primaryImageOfPage":{"@id":"https:\/\/diplomashops.com\/contact\/#primaryimage"},"image":{"@id":"https:\/\/diplomashops.com\/contact\/#primaryimage"},"thumbnailUrl":"https:\/\/diplomashops.com\/wp-content\/uploads\/2026\/03\/buy-diploma.webp","datePublished":"2026-03-14T15:35:38+00:00","dateModified":"2026-03-14T16:06:33+00:00","description":"H\u0131zl\u0131 diploma hizmeti yard\u0131m\u0131 i\u00e7in DiplomaShops.com ile ileti\u015fime ge\u00e7in. E-posta veya WhatsApp arac\u0131l\u0131\u011f\u0131yla 1 saat i\u00e7inde yan\u0131t veriyoruz. Bug\u00fcn yard\u0131m al\u0131n!","breadcrumb":{"@id":"https:\/\/diplomashops.com\/contact\/#breadcrumb"},"inLanguage":"tr","potentialAction":[{"@type":"ReadAction","target":["https:\/\/diplomashops.com\/contact\/"]}]},{"@type":"ImageObject","inLanguage":"tr","@id":"https:\/\/diplomashops.com\/contact\/#primaryimage","url":"https:\/\/diplomashops.com\/wp-content\/uploads\/2026\/03\/buy-diploma.webp","contentUrl":"https:\/\/diplomashops.com\/wp-content\/uploads\/2026\/03\/buy-diploma.webp"},{"@type":"BreadcrumbList","@id":"https:\/\/diplomashops.com\/contact\/#breadcrumb","itemListElement":[{"@type":"ListItem","position":1,"name":"Home","item":"https:\/\/diplomashops.com\/"},{"@type":"ListItem","position":2,"name":"Contact"}]},{"@type":"WebSite","@id":"https:\/\/diplomashops.com\/#website","url":"https:\/\/diplomashops.com\/","name":"DiplomaShops.com - Online Diploma Sat\u0131n Al\u0131n | H\u0131zl\u0131 ve G\u00fcvenli Hizmet","description":"D\u00fcnya \u00c7ap\u0131nda Teslim Edilen Online Diploma Sat\u0131n Al\u0131n - Sertifikan\u0131z\u0131 Bug\u00fcn Sipari\u015f Edin","potentialAction":[{"@type":"SearchAction","target":{"@type":"EntryPoint","urlTemplate":"https:\/\/diplomashops.com\/?s={search_term_string}"},"query-input":{"@type":"PropertyValueSpecification","valueRequired":true,"valueName":"search_term_string"}}],"inLanguage":"tr"}]}},"_links":{"self":[{"href":"https:\/\/diplomashops.com\/tr\/wp-json\/wp\/v2\/pages\/21","targetHints":{"allow":["GET"]}}],"collection":[{"href":"https:\/\/diplomashops.com\/tr\/wp-json\/wp\/v2\/pages"}],"about":[{"href":"https:\/\/diplomashops.com\/tr\/wp-json\/wp\/v2\/types\/page"}],"author":[{"embeddable":true,"href":"https:\/\/diplomashops.com\/tr\/wp-json\/wp\/v2\/users\/1"}],"replies":[{"embeddable":true,"href":"https:\/\/diplomashops.com\/tr\/wp-json\/wp\/v2\/comments?post=21"}],"version-history":[{"count":7,"href":"https:\/\/diplomashops.com\/tr\/wp-json\/wp\/v2\/pages\/21\/revisions"}],"predecessor-version":[{"id":95,"href":"https:\/\/diplomashops.com\/tr\/wp-json\/wp\/v2\/pages\/21\/revisions\/95"}],"wp:attachment":[{"href":"https:\/\/diplomashops.com\/tr\/wp-json\/wp\/v2\/media?parent=21"}],"curies":[{"name":"wp","href":"https:\/\/api.w.org\/{rel}","templated":true}]}}