{"id":36,"date":"2026-03-14T15:41:58","date_gmt":"2026-03-14T15:41:58","guid":{"rendered":"https:\/\/diplomashops.com\/?page_id=36"},"modified":"2026-03-14T16:06:08","modified_gmt":"2026-03-14T16:06:08","slug":"hakkimizda","status":"publish","type":"page","link":"https:\/\/diplomashops.com\/tr\/about-us\/","title":{"rendered":"Hakk\u0131m\u0131zda"},"content":{"rendered":"<h2 class=\"wp-block-heading\">G\u00fcvenilir Diploma Hizmet Sa\u011flay\u0131c\u0131n\u0131z, www.DiplomaShops.com<\/h2>\n\n\n\n<p>2018'den beri profesyonel diploma hizmetleri i\u00e7in g\u00fcvenilir orta\u011f\u0131n\u0131z olan DiplomaShops.com'a ho\u015f geldiniz. D\u00fcnya \u00e7ap\u0131nda yedek belgelere, kariyer ilerleme ara\u00e7lar\u0131na veya ki\u015fisel referans materyallerine ihtiya\u00e7 duyan bireyler i\u00e7in y\u00fcksek kaliteli, orijinal g\u00f6r\u00fcn\u00fcml\u00fc diplomalar olu\u015fturma konusunda uzman\u0131z. Misyonumuz, her seferinde m\u00fc\u015fteri beklentilerini a\u015fan h\u0131zl\u0131, g\u00fcvenli ve gizli hizmetler sunmakt\u0131r.<\/p>\n\n\n\n<figure class=\"wp-block-image size-full\"><img loading=\"lazy\" decoding=\"async\" width=\"300\" height=\"211\" src=\"https:\/\/diplomashops.com\/wp-content\/uploads\/2026\/03\/buy-diploma.webp\" alt=\"diploma sat\u0131n al\" class=\"wp-image-88\" srcset=\"https:\/\/diplomashops.com\/wp-content\/uploads\/2026\/03\/buy-diploma.webp 300w, https:\/\/diplomashops.com\/wp-content\/uploads\/2026\/03\/buy-diploma-18x12.webp 18w\" sizes=\"auto, (max-width: 300px) 100vw, 300px\" \/><\/figure>\n\n\n\n<h3 class=\"wp-block-heading\">Hikayemiz ve Misyonumuz<\/h3>\n\n\n\n<h4 class=\"wp-block-heading\">Kalite ve G\u00fcven \u00dczerine Kurulmu\u015ftur<\/h4>\n\n\n\n<p>DiplomaShops.com, yasal diploma de\u011fi\u015ftirme hizmetlerine y\u00f6nelik artan ihtiyac\u0131 fark eden belge tasar\u0131m profesyonellerinden olu\u015fan bir ekip taraf\u0131ndan 2018 y\u0131l\u0131nda kurulmu\u015ftur. K\u00fc\u00e7\u00fck bir operasyon olarak ba\u015flayan s\u00fcre\u00e7, Avrupa, Kuzey Amerika ve \u00f6tesindeki m\u00fc\u015fterileri destekleyen g\u00fcvenilir bir uluslararas\u0131 hizmete d\u00f6n\u00fc\u015ft\u00fc.<\/p>\n\n\n\n<h4 class=\"wp-block-heading\">M\u00fckemmellik Taahh\u00fcd\u00fc<\/h4>\n\n\n\n<p>Herkesin en \u00e7ok ihtiya\u00e7 duydu\u011fu anda kaliteli belgelere eri\u015fimi hak etti\u011fine inan\u0131yoruz. \u0130ster orijinal diploman\u0131z\u0131 kaybetmi\u015f olun, ister idari ama\u00e7larla bir yenisine ihtiyac\u0131n\u0131z olsun, ister profesyonel portf\u00f6y\u00fcn\u00fcz\u00fc geli\u015ftirmek isteyin, size sayg\u0131nl\u0131k ve gizlilikle yard\u0131mc\u0131 olmak i\u00e7in buraday\u0131z.<\/p>\n\n\n\n<h4 class=\"wp-block-heading\">Bizi Y\u00f6nlendiren De\u011ferler<\/h4>\n\n\n\n<ul class=\"wp-block-list\">\n<li>D\u00fcr\u00fcstl\u00fck: A\u00e7\u0131k ileti\u015fim ile d\u00fcr\u00fcst, \u015feffaf hizmet<\/li>\n\n\n\n<li>Kalite: Birinci s\u0131n\u0131f malzemeler ve profesyonel tasar\u0131m standartlar\u0131<\/li>\n\n\n\n<li>H\u0131z: H\u0131zl\u0131 i\u015fleme ve d\u00fcnya \u00e7ap\u0131nda g\u00fcvenilir teslimat<\/li>\n\n\n\n<li>Gizlilik: Ki\u015fisel bilgilerin tam gizlili\u011fi ve g\u00fcvenli kullan\u0131m\u0131<\/li>\n\n\n\n<li>Destek hizmeti: 7\/24 hizmet veren \u00e7ok dilli m\u00fc\u015fteri hizmetleri<\/li>\n<\/ul>\n\n\n\n<hr class=\"wp-block-separator has-alpha-channel-opacity\"\/>\n\n\n\n<h3 class=\"wp-block-heading\">Neden DiplomaShops.com'u Se\u00e7melisiniz?<\/h3>\n\n\n\n<h4 class=\"wp-block-heading\">Uzman Tasar\u0131m Ekibi<\/h4>\n\n\n\n<p>Yarat\u0131c\u0131 profesyonellerimiz belge \u00e7o\u011faltma ve grafik tasar\u0131m alanlar\u0131nda onlarca y\u0131ll\u0131k deneyime sahiptir. Yaln\u0131zca kurumsal bi\u00e7imlendirme ve kimlik do\u011frulama gereksinimlerini anlayan sertifikal\u0131 tasar\u0131mc\u0131larla \u00e7al\u0131\u015f\u0131yoruz.<\/p>\n\n\n\n<h4 class=\"wp-block-heading\">K\u00fcresel Eri\u015fim, Yerel Destek<\/h4>\n\n\n\n<p>20'den fazla \u00fclkedeki m\u00fc\u015fterilerimiz ve birden fazla dil konu\u015fan destek personelimizle, size daha iyi hizmet verebilmek i\u00e7in k\u00fclt\u00fcrel ve co\u011frafi farkl\u0131l\u0131klar aras\u0131nda k\u00f6pr\u00fc kuruyoruz. Uluslararas\u0131 sevkiyat a\u011f\u0131m\u0131z d\u00fcnyan\u0131n her yerine g\u00fcvenilir teslimat sa\u011flar.<\/p>\n\n\n\n<h4 class=\"wp-block-heading\">Son Teknoloji<\/h4>\n\n\n\n<p>Resmi kurum standartlar\u0131n\u0131 yans\u0131tan son teknoloji bask\u0131 ekipmanlar\u0131 ve birinci s\u0131n\u0131f malzemeler kullan\u0131yoruz. Dijital s\u00fcre\u00e7lerimiz, \u00fcretti\u011fimiz her diplomada do\u011fruluk ve tutarl\u0131l\u0131k sa\u011flar.<\/p>\n\n\n\n<h4 class=\"wp-block-heading\">Sekt\u00f6rel Tan\u0131n\u0131rl\u0131k<\/h4>\n\n\n\n<p>Kurulu\u015fumuzdan bu yana binlerce memnun m\u00fc\u015fterimizin ihtiya\u00e7 duyduklar\u0131 belgeleri edinmelerine yard\u0131mc\u0131 olduk. Kalite ve m\u00fc\u015fteri hizmetlerine olan ba\u011fl\u0131l\u0131\u011f\u0131m\u0131z, belge hizmetleri sekt\u00f6r\u00fcnde lider bir sa\u011flay\u0131c\u0131 olarak tan\u0131nmam\u0131z\u0131 sa\u011flad\u0131.<\/p>\n\n\n\n<hr class=\"wp-block-separator has-alpha-channel-opacity\"\/>\n\n\n\n<h3 class=\"wp-block-heading\">A\u00e7\u0131klamal\u0131 Hizmetlerimiz<\/h3>\n\n\n\n<h4 class=\"wp-block-heading\">Akademik Diploma \u00c7o\u011faltma<\/h4>\n\n\n\n<p>Lise diplomalar\u0131ndan \u00fcniversite diplomalar\u0131na kadar, tan\u0131nm\u0131\u015f kurumlar\u0131n ger\u00e7ek \u015fablonlar\u0131na dayanan do\u011fru reprod\u00fcksiyonlar olu\u015fturuyoruz. Kay\u0131p orijinalleri de\u011fi\u015ftirmek veya idari gereklilikleri kar\u015f\u0131lamak i\u00e7in m\u00fckemmeldir.<\/p>\n\n\n\n<h4 class=\"wp-block-heading\">Mesleki Sertifika Kopyalar\u0131<\/h4>\n\n\n\n<p>Mesleki e\u011fitim veya sertifikasyon kan\u0131t\u0131na m\u0131 ihtiyac\u0131n\u0131z var? BT, sa\u011fl\u0131k, finans, m\u00fchendislik ve daha fazlas\u0131 dahil olmak \u00fczere \u00e7e\u015fitli sekt\u00f6rler i\u00e7in kimlik bilgileri sunuyoruz - hepsi end\u00fcstri standartlar\u0131na g\u00f6re tasarlanm\u0131\u015ft\u0131r.<\/p>\n\n\n\n<h4 class=\"wp-block-heading\">\u00d6zel Diploma Tasar\u0131m\u0131<\/h4>\n\n\n\n<p>\u00d6zel hizmetimiz, \u00f6zel logolar, kurumsal m\u00fch\u00fcrler, imzalar ve bi\u00e7imlendirme dahil olmak \u00fczere eksiksiz ki\u015fiselle\u015ftirmeye olanak tan\u0131r. \u0130\u015fletmeler, kurulu\u015flar veya benzersiz ki\u015fisel gereksinimler i\u00e7in idealdir.<\/p>\n\n\n\n<h4 class=\"wp-block-heading\">Acil De\u011fi\u015fim Hizmeti<\/h4>\n\n\n\n<p>Bir i\u015f g\u00f6r\u00fc\u015fmesi veya \u00f6nemli bir toplant\u0131 \u00f6ncesinde diploman\u0131z\u0131 m\u0131 kaybettiniz? Ekspres hizmetimiz, zamanlaman\u0131n kritik oldu\u011fu acil durumlar i\u00e7in 24-48 saat i\u00e7inde teslimat yapar.<\/p>\n\n\n\n<hr class=\"wp-block-separator has-alpha-channel-opacity\"\/>\n\n\n\n<h3 class=\"wp-block-heading\">Ekibimizle Tan\u0131\u015f\u0131n<\/h3>\n\n\n\n<h4 class=\"wp-block-heading\">M\u00fc\u015fteri Hizmetleri Uzmanlar\u0131<\/h4>\n\n\n\n<p>\u00c7ok dilli destek ekibimiz, sorular\u0131n\u0131z\u0131 20'den fazla dilde yan\u0131tlayarak konumunuzdan veya ana dilinizden ba\u011f\u0131ms\u0131z olarak net bir ileti\u015fim sa\u011flar. An\u0131nda yard\u0131m i\u00e7in 7\/24 hizmetinizdeyiz.<\/p>\n\n\n\n<h4 class=\"wp-block-heading\">Tasar\u0131m ve \u00dcretim Uzmanlar\u0131<\/h4>\n\n\n\n<p>Sertifikal\u0131 belge tasar\u0131mc\u0131lar\u0131 ve bask\u0131 uzmanlar\u0131, en y\u00fcksek kalite standartlar\u0131n\u0131 kar\u015f\u0131layan diplomalar olu\u015fturmak i\u00e7in birlikte \u00e7al\u0131\u015f\u0131r. Her ayr\u0131nt\u0131 \u00f6zg\u00fcnl\u00fck ve profesyonellik i\u00e7in \u00f6zenle haz\u0131rlanm\u0131\u015ft\u0131r.<\/p>\n\n\n\n<h4 class=\"wp-block-heading\">Lojistik ve Nakliye Koordinat\u00f6rleri<\/h4>\n\n\n\n<p>Lojistik ekibimiz d\u00fcnya \u00e7ap\u0131ndaki nakliye operasyonlar\u0131n\u0131 y\u00f6neterek t\u00fcm paketlerin zaman\u0131nda teslim edilmesini ve uygun \u015fekilde ele al\u0131nmas\u0131n\u0131 sa\u011flar. Hizmet verdi\u011fimiz her b\u00f6lgede g\u00fcvenilir ta\u015f\u0131y\u0131c\u0131larla \u00e7al\u0131\u015f\u0131rlar.<\/p>\n\n\n\n<h4 class=\"wp-block-heading\">Kalite G\u00fcvence Y\u00f6neticileri<\/h4>\n\n\n\n<p>Herhangi bir diploma g\u00f6nderilmeden \u00f6nce, do\u011fruluk, g\u00f6r\u00fcn\u00fcm ve m\u00fc\u015fteri spesifikasyonlar\u0131na uygunlu\u011fu sa\u011flamak i\u00e7in titiz kalite kontrollerinden ge\u00e7irilir. QA s\u00fcrecimiz her seferinde memnuniyeti garanti eder.<\/p>\n\n\n\n<hr class=\"wp-block-separator has-alpha-channel-opacity\"\/>\n\n\n\n<h3 class=\"wp-block-heading\">Size Olan Taahh\u00fcd\u00fcm\u00fcz<\/h3>\n\n\n\n<h4 class=\"wp-block-heading\">100% Memnuniyet Garantisi<\/h4>\n\n\n\n<p>Olu\u015fturdu\u011fumuz her diploman\u0131n arkas\u0131nday\u0131z. Kaliteden veya do\u011fruluktan tamamen memnun kalmazsan\u0131z, \u00fccretsiz olarak yeniden yapar\u0131z veya tam bir geri \u00f6deme sa\u011flar\u0131z.<\/p>\n\n\n\n<h4 class=\"wp-block-heading\">Gizlilik Koruma S\u00f6z\u00fc<\/h4>\n\n\n\n<p>Ki\u015fisel bilgileriniz ve sipari\u015f detaylar\u0131n\u0131z asla \u00fc\u00e7\u00fcnc\u00fc \u015fah\u0131slarla payla\u015f\u0131lmaz. T\u00fcm ileti\u015fim ve i\u015flemler en \u00fcst d\u00fczeyde gizlilikle ele al\u0131n\u0131r.<\/p>\n\n\n\n<h4 class=\"wp-block-heading\">H\u0131zl\u0131 Yan\u0131t S\u00fcresi<\/h4>\n\n\n\n<p>M\u00fc\u015fteri sorular\u0131na mesai saatleri i\u00e7inde bir saat i\u00e7inde yan\u0131t vermeyi garanti ediyoruz. Destek ekibimiz her t\u00fcrl\u00fc soru veya endi\u015feniz i\u00e7in size yard\u0131mc\u0131 olmaya her zaman haz\u0131rd\u0131r.<\/p>\n\n\n\n<h4 class=\"wp-block-heading\">S\u00fcrekli \u0130yile\u015ftirme<\/h4>\n\n\n\n<p>S\u00fcre\u00e7lerimizi, malzemelerimizi ve hizmetlerimizi m\u00fc\u015fteri geri bildirimlerine ve sekt\u00f6rdeki geli\u015fmelere g\u00f6re d\u00fczenli olarak g\u00fcncelliyoruz. Sizin ba\u015far\u0131n\u0131z bizim inovasyonumuzu y\u00f6nlendiriyor.<\/p>\n\n\n\n<hr class=\"wp-block-separator has-alpha-channel-opacity\"\/>\n\n\n\n<h3 class=\"wp-block-heading\">\u015eirket Kilometre Ta\u015flar\u0131<\/h3>\n\n\n\n<h4 class=\"wp-block-heading\">2018: \u015eirket Kurulu\u015fu<\/h4>\n\n\n\n<p>Avrupa pazar\u0131 diploma hizmetlerine odaklanarak faaliyetlere ba\u015flad\u0131<\/p>\n\n\n\n<h4 class=\"wp-block-heading\">2019: Uluslararas\u0131 Geni\u015fleme<\/h4>\n\n\n\n<p>Hizmetler Kuzey Amerika'ya geni\u015fletildi ve \u00e7ok dilli destek eklendi<\/p>\n\n\n\n<h4 class=\"wp-block-heading\">2020: Dijital D\u00f6n\u00fc\u015f\u00fcm<\/h4>\n\n\n\n<p>Online sipari\u015f platformu ve dijital diploma se\u00e7enekleri ba\u015flat\u0131ld\u0131<\/p>\n\n\n\n<h4 class=\"wp-block-heading\">2021: Premium Hizmet Hatt\u0131<\/h4>\n\n\n\n<p>L\u00fcks ka\u011f\u0131t se\u00e7enekleri ve \u00f6zel tasar\u0131m hizmetleri sunuldu<\/p>\n\n\n\n<h4 class=\"wp-block-heading\">2022: K\u00fcresel Nakliye A\u011f\u0131<\/h4>\n\n\n\n<p>Daha h\u0131zl\u0131 teslimat i\u00e7in uluslararas\u0131 ta\u015f\u0131y\u0131c\u0131larla kurulan ortakl\u0131klar<\/p>\n\n\n\n<h4 class=\"wp-block-heading\">2023: Geli\u015ftirilmi\u015f G\u00fcvenlik \u00d6nlemleri<\/h4>\n\n\n\n<p>Geli\u015fmi\u015f \u015fifreleme ve gizlilik koruma protokolleri uyguland\u0131<\/p>\n\n\n\n<h4 class=\"wp-block-heading\">2024: Mobil Uygulama Geli\u015ftirme<\/h4>\n\n\n\n<p>Daha kolay sipari\u015f i\u00e7in \u00f6zel mobil uygulama \u00fczerinde \u00e7al\u0131\u015f\u0131l\u0131yor<\/p>\n\n\n\n<hr class=\"wp-block-separator has-alpha-channel-opacity\"\/>\n\n\n\n<h3 class=\"wp-block-heading\">\u0130leriye Bakmak<\/h3>\n\n\n\n<p>B\u00fcy\u00fcmeye devam ederken taahh\u00fcd\u00fcm\u00fcz de\u011fi\u015fmedi: d\u00fcr\u00fcstl\u00fck, kalite ve m\u00fc\u015fteri memnuniyetini \u00f6n planda tutarak ola\u011fan\u00fcst\u00fc diploma hizmetleri sunmak. K\u00fcresel toplulu\u011fumuza daha iyi hizmet vermek ve de\u011fi\u015fen m\u00fc\u015fteri ihtiya\u00e7lar\u0131na uyum sa\u011flamak i\u00e7in s\u00fcrekli yenilikler yap\u0131yoruz.<\/p>\n\n\n\n<p>Diploma gereksinimleri i\u00e7in DiplomaShops.com'a g\u00fcvenen binlerce memnun m\u00fc\u015fteriye kat\u0131l\u0131n. Profesyonel hizmetin yaratt\u0131\u011f\u0131 fark\u0131 deneyimleyin.<\/p>\n\n\n\n<hr class=\"wp-block-separator has-alpha-channel-opacity\"\/>\n\n\n\n<h3 class=\"wp-block-heading\">\u0130leti\u015fime Ge\u00e7in<\/h3>\n\n\n\n<p>Hizmetlerimiz hakk\u0131nda daha fazla bilgi edinmeye veya \u00f6zel diploma ihtiya\u00e7lar\u0131n\u0131z\u0131 g\u00f6r\u00fc\u015fmeye haz\u0131r m\u0131s\u0131n\u0131z? Ekibimiz size yard\u0131mc\u0131 olmak i\u00e7in haz\u0131r bekliyor.<\/p>\n\n\n\n<p>\ud83d\udce7 E-posta:&nbsp;<a href=\"mailto:DiplomaShops247@gmail.com\" target=\"_blank\" rel=\"noreferrer noopener\">DiplomaShops247@gmail.com<\/a><br>\ud83c\udf10 Web sitesi:&nbsp;<a href=\"https:\/\/diplomashops.com\/tr\/\" target=\"_blank\" rel=\"noreferrer noopener\">www.diplomashops.com<\/a><\/p>\n\n\n\n<figure class=\"wp-block-image size-full\"><img loading=\"lazy\" decoding=\"async\" width=\"300\" height=\"212\" src=\"https:\/\/diplomashops.com\/wp-content\/uploads\/2026\/03\/Buy-a-university-master-bachelor-diploma-online.webp\" alt=\"Online \u00fcniversite y\u00fcksek lisans diplomas\u0131 sat\u0131n al\u0131n\" class=\"wp-image-86\" srcset=\"https:\/\/diplomashops.com\/wp-content\/uploads\/2026\/03\/Buy-a-university-master-bachelor-diploma-online.webp 300w, https:\/\/diplomashops.com\/wp-content\/uploads\/2026\/03\/Buy-a-university-master-bachelor-diploma-online-18x12.webp 18w\" sizes=\"auto, (max-width: 300px) 100vw, 300px\" \/><\/figure>","protected":false},"excerpt":{"rendered":"<p>Your Trusted Diploma Service Provider, www.DiplomaShops.com Welcome to DiplomaShops.com, your reliable partner for professional diploma services since 2018. We specialize [&hellip;]<\/p>\n","protected":false},"author":1,"featured_media":0,"parent":0,"menu_order":0,"comment_status":"closed","ping_status":"closed","template":"","meta":{"site-sidebar-layout":"default","site-content-layout":"","ast-site-content-layout":"default","site-content-style":"default","site-sidebar-style":"default","ast-global-header-display":"","ast-banner-title-visibility":"","ast-main-header-display":"","ast-hfb-above-header-display":"","ast-hfb-below-header-display":"","ast-hfb-mobile-header-display":"","site-post-title":"","ast-breadcrumbs-content":"","ast-featured-img":"","footer-sml-layout":"","ast-disable-related-posts":"","theme-transparent-header-meta":"","adv-header-id-meta":"","stick-header-meta":"","header-above-stick-meta":"","header-main-stick-meta":"","header-below-stick-meta":"","astra-migrate-meta-layouts":"default","ast-page-background-enabled":"default","ast-page-background-meta":{"desktop":{"background-color":"var(--ast-global-color-5)","background-image":"","background-repeat":"repeat","background-position":"center center","background-size":"auto","background-attachment":"scroll","background-type":"","background-media":"","overlay-type":"","overlay-color":"","overlay-opacity":"","overlay-gradient":""},"tablet":{"background-color":"","background-image":"","background-repeat":"repeat","background-position":"center center","background-size":"auto","background-attachment":"scroll","background-type":"","background-media":"","overlay-type":"","overlay-color":"","overlay-opacity":"","overlay-gradient":""},"mobile":{"background-color":"","background-image":"","background-repeat":"repeat","background-position":"center center","background-size":"auto","background-attachment":"scroll","background-type":"","background-media":"","overlay-type":"","overlay-color":"","overlay-opacity":"","overlay-gradient":""}},"ast-content-background-meta":{"desktop":{"background-color":"var(--ast-global-color-4)","background-image":"","background-repeat":"repeat","background-position":"center center","background-size":"auto","background-attachment":"scroll","background-type":"","background-media":"","overlay-type":"","overlay-color":"","overlay-opacity":"","overlay-gradient":""},"tablet":{"background-color":"var(--ast-global-color-4)","background-image":"","background-repeat":"repeat","background-position":"center center","background-size":"auto","background-attachment":"scroll","background-type":"","background-media":"","overlay-type":"","overlay-color":"","overlay-opacity":"","overlay-gradient":""},"mobile":{"background-color":"var(--ast-global-color-4)","background-image":"","background-repeat":"repeat","background-position":"center center","background-size":"auto","background-attachment":"scroll","background-type":"","background-media":"","overlay-type":"","overlay-color":"","overlay-opacity":"","overlay-gradient":""}},"footnotes":""},"class_list":["post-36","page","type-page","status-publish","hentry"],"yoast_head":"<!-- This site is optimized with the Yoast SEO plugin v27.5 - https:\/\/yoast.com\/product\/yoast-seo-wordpress\/ -->\n<title>About us - DiplomaShops.com - Buy Diploma Online | Fast &amp; Secure Service<\/title>\n<meta name=\"description\" content=\"Learn about DiplomaShops.com - trusted diploma service since 2018. Quality, privacy, and fast delivery worldwide. Meet our team today!\" \/>\n<meta name=\"robots\" content=\"index, follow, max-snippet:-1, max-image-preview:large, max-video-preview:-1\" \/>\n<link rel=\"canonical\" href=\"https:\/\/diplomashops.com\/tr\/hakkimizda\/\" \/>\n<meta property=\"og:locale\" content=\"tr_TR\" \/>\n<meta property=\"og:type\" content=\"article\" \/>\n<meta property=\"og:title\" content=\"About us - DiplomaShops.com - Buy Diploma Online | Fast &amp; Secure Service\" \/>\n<meta property=\"og:description\" content=\"Learn about DiplomaShops.com - trusted diploma service since 2018. Quality, privacy, and fast delivery worldwide. Meet our team today!\" \/>\n<meta property=\"og:url\" content=\"https:\/\/diplomashops.com\/tr\/hakkimizda\/\" \/>\n<meta property=\"og:site_name\" content=\"DiplomaShops.com - Buy Diploma Online | Fast &amp; Secure Service\" \/>\n<meta property=\"article:modified_time\" content=\"2026-03-14T16:06:08+00:00\" \/>\n<meta property=\"og:image\" content=\"https:\/\/diplomashops.com\/wp-content\/uploads\/2026\/03\/buy-diploma.webp\" \/>\n\t<meta property=\"og:image:width\" content=\"300\" \/>\n\t<meta property=\"og:image:height\" content=\"211\" \/>\n\t<meta property=\"og:image:type\" content=\"image\/webp\" \/>\n<meta name=\"twitter:card\" content=\"summary_large_image\" \/>\n<meta name=\"twitter:label1\" content=\"Tahmini okuma s\u00fcresi\" \/>\n\t<meta name=\"twitter:data1\" content=\"5 dakika\" \/>\n<script type=\"application\/ld+json\" class=\"yoast-schema-graph\">{\"@context\":\"https:\\\/\\\/schema.org\",\"@graph\":[{\"@type\":\"WebPage\",\"@id\":\"https:\\\/\\\/diplomashops.com\\\/about-us\\\/\",\"url\":\"https:\\\/\\\/diplomashops.com\\\/about-us\\\/\",\"name\":\"About us - DiplomaShops.com - Buy Diploma Online | Fast &amp; Secure Service\",\"isPartOf\":{\"@id\":\"https:\\\/\\\/diplomashops.com\\\/#website\"},\"primaryImageOfPage\":{\"@id\":\"https:\\\/\\\/diplomashops.com\\\/about-us\\\/#primaryimage\"},\"image\":{\"@id\":\"https:\\\/\\\/diplomashops.com\\\/about-us\\\/#primaryimage\"},\"thumbnailUrl\":\"https:\\\/\\\/diplomashops.com\\\/wp-content\\\/uploads\\\/2026\\\/03\\\/buy-diploma.webp\",\"datePublished\":\"2026-03-14T15:41:58+00:00\",\"dateModified\":\"2026-03-14T16:06:08+00:00\",\"description\":\"Learn about DiplomaShops.com - trusted diploma service since 2018. Quality, privacy, and fast delivery worldwide. Meet our team today!\",\"breadcrumb\":{\"@id\":\"https:\\\/\\\/diplomashops.com\\\/about-us\\\/#breadcrumb\"},\"inLanguage\":\"tr\",\"potentialAction\":[{\"@type\":\"ReadAction\",\"target\":[\"https:\\\/\\\/diplomashops.com\\\/about-us\\\/\"]}]},{\"@type\":\"ImageObject\",\"inLanguage\":\"tr\",\"@id\":\"https:\\\/\\\/diplomashops.com\\\/about-us\\\/#primaryimage\",\"url\":\"https:\\\/\\\/diplomashops.com\\\/wp-content\\\/uploads\\\/2026\\\/03\\\/buy-diploma.webp\",\"contentUrl\":\"https:\\\/\\\/diplomashops.com\\\/wp-content\\\/uploads\\\/2026\\\/03\\\/buy-diploma.webp\"},{\"@type\":\"BreadcrumbList\",\"@id\":\"https:\\\/\\\/diplomashops.com\\\/about-us\\\/#breadcrumb\",\"itemListElement\":[{\"@type\":\"ListItem\",\"position\":1,\"name\":\"Home\",\"item\":\"https:\\\/\\\/diplomashops.com\\\/\"},{\"@type\":\"ListItem\",\"position\":2,\"name\":\"About us\"}]},{\"@type\":\"WebSite\",\"@id\":\"https:\\\/\\\/diplomashops.com\\\/#website\",\"url\":\"https:\\\/\\\/diplomashops.com\\\/\",\"name\":\"DiplomaShops.com - Buy Diploma Online | Fast &amp; Secure Service\",\"description\":\"Buy a Diploma online Delivered Worldwide - Order Your Certificate Today\",\"potentialAction\":[{\"@type\":\"SearchAction\",\"target\":{\"@type\":\"EntryPoint\",\"urlTemplate\":\"https:\\\/\\\/diplomashops.com\\\/?s={search_term_string}\"},\"query-input\":{\"@type\":\"PropertyValueSpecification\",\"valueRequired\":true,\"valueName\":\"search_term_string\"}}],\"inLanguage\":\"tr\"}]}<\/script>\n<!-- \/ Yoast SEO plugin. -->","yoast_head_json":{"title":"Hakk\u0131m\u0131zda - DiplomaShops.com - Online Diploma Sat\u0131n Al\u0131n | H\u0131zl\u0131 ve G\u00fcvenli Hizmet","description":"DiplomaShops.com hakk\u0131nda bilgi edinin - 2018'den beri g\u00fcvenilir diploma hizmeti. Kalite, gizlilik ve d\u00fcnya \u00e7ap\u0131nda h\u0131zl\u0131 teslimat. Ekibimizle bug\u00fcn tan\u0131\u015f\u0131n!","robots":{"index":"index","follow":"follow","max-snippet":"max-snippet:-1","max-image-preview":"max-image-preview:large","max-video-preview":"max-video-preview:-1"},"canonical":"https:\/\/diplomashops.com\/tr\/hakkimizda\/","og_locale":"tr_TR","og_type":"article","og_title":"About us - DiplomaShops.com - Buy Diploma Online | Fast &amp; Secure Service","og_description":"Learn about DiplomaShops.com - trusted diploma service since 2018. Quality, privacy, and fast delivery worldwide. Meet our team today!","og_url":"https:\/\/diplomashops.com\/tr\/hakkimizda\/","og_site_name":"DiplomaShops.com - Buy Diploma Online | Fast &amp; Secure Service","article_modified_time":"2026-03-14T16:06:08+00:00","og_image":[{"width":300,"height":211,"url":"https:\/\/diplomashops.com\/wp-content\/uploads\/2026\/03\/buy-diploma.webp","type":"image\/webp"}],"twitter_card":"summary_large_image","twitter_misc":{"Tahmini okuma s\u00fcresi":"5 dakika"},"schema":{"@context":"https:\/\/schema.org","@graph":[{"@type":"WebPage","@id":"https:\/\/diplomashops.com\/about-us\/","url":"https:\/\/diplomashops.com\/about-us\/","name":"Hakk\u0131m\u0131zda - DiplomaShops.com - Online Diploma Sat\u0131n Al\u0131n | H\u0131zl\u0131 ve G\u00fcvenli Hizmet","isPartOf":{"@id":"https:\/\/diplomashops.com\/#website"},"primaryImageOfPage":{"@id":"https:\/\/diplomashops.com\/about-us\/#primaryimage"},"image":{"@id":"https:\/\/diplomashops.com\/about-us\/#primaryimage"},"thumbnailUrl":"https:\/\/diplomashops.com\/wp-content\/uploads\/2026\/03\/buy-diploma.webp","datePublished":"2026-03-14T15:41:58+00:00","dateModified":"2026-03-14T16:06:08+00:00","description":"DiplomaShops.com hakk\u0131nda bilgi edinin - 2018'den beri g\u00fcvenilir diploma hizmeti. Kalite, gizlilik ve d\u00fcnya \u00e7ap\u0131nda h\u0131zl\u0131 teslimat. Ekibimizle bug\u00fcn tan\u0131\u015f\u0131n!","breadcrumb":{"@id":"https:\/\/diplomashops.com\/about-us\/#breadcrumb"},"inLanguage":"tr","potentialAction":[{"@type":"ReadAction","target":["https:\/\/diplomashops.com\/about-us\/"]}]},{"@type":"ImageObject","inLanguage":"tr","@id":"https:\/\/diplomashops.com\/about-us\/#primaryimage","url":"https:\/\/diplomashops.com\/wp-content\/uploads\/2026\/03\/buy-diploma.webp","contentUrl":"https:\/\/diplomashops.com\/wp-content\/uploads\/2026\/03\/buy-diploma.webp"},{"@type":"BreadcrumbList","@id":"https:\/\/diplomashops.com\/about-us\/#breadcrumb","itemListElement":[{"@type":"ListItem","position":1,"name":"Home","item":"https:\/\/diplomashops.com\/"},{"@type":"ListItem","position":2,"name":"About us"}]},{"@type":"WebSite","@id":"https:\/\/diplomashops.com\/#website","url":"https:\/\/diplomashops.com\/","name":"DiplomaShops.com - Online Diploma Sat\u0131n Al\u0131n | H\u0131zl\u0131 ve G\u00fcvenli Hizmet","description":"D\u00fcnya \u00c7ap\u0131nda Teslim Edilen Online Diploma Sat\u0131n Al\u0131n - Sertifikan\u0131z\u0131 Bug\u00fcn Sipari\u015f Edin","potentialAction":[{"@type":"SearchAction","target":{"@type":"EntryPoint","urlTemplate":"https:\/\/diplomashops.com\/?s={search_term_string}"},"query-input":{"@type":"PropertyValueSpecification","valueRequired":true,"valueName":"search_term_string"}}],"inLanguage":"tr"}]}},"_links":{"self":[{"href":"https:\/\/diplomashops.com\/tr\/wp-json\/wp\/v2\/pages\/36","targetHints":{"allow":["GET"]}}],"collection":[{"href":"https:\/\/diplomashops.com\/tr\/wp-json\/wp\/v2\/pages"}],"about":[{"href":"https:\/\/diplomashops.com\/tr\/wp-json\/wp\/v2\/types\/page"}],"author":[{"embeddable":true,"href":"https:\/\/diplomashops.com\/tr\/wp-json\/wp\/v2\/users\/1"}],"replies":[{"embeddable":true,"href":"https:\/\/diplomashops.com\/tr\/wp-json\/wp\/v2\/comments?post=36"}],"version-history":[{"count":3,"href":"https:\/\/diplomashops.com\/tr\/wp-json\/wp\/v2\/pages\/36\/revisions"}],"predecessor-version":[{"id":94,"href":"https:\/\/diplomashops.com\/tr\/wp-json\/wp\/v2\/pages\/36\/revisions\/94"}],"wp:attachment":[{"href":"https:\/\/diplomashops.com\/tr\/wp-json\/wp\/v2\/media?parent=36"}],"curies":[{"name":"wp","href":"https:\/\/api.w.org\/{rel}","templated":true}]}}