{"id":6,"date":"2026-03-12T21:48:39","date_gmt":"2026-03-12T21:48:39","guid":{"rendered":"https:\/\/diplomashops.com\/?page_id=6"},"modified":"2026-03-14T16:05:39","modified_gmt":"2026-03-14T16:05:39","slug":"buy-diploma","status":"publish","type":"page","link":"https:\/\/diplomashops.com\/tr\/","title":{"rendered":"Diploma Sat\u0131n Al"},"content":{"rendered":"<h2 class=\"wp-block-heading\">Bir diploma, derece veya sertifika hakk\u0131nda daha fazla bilgi mi ar\u0131yorsunuz?<\/h2>\n\n\n\n<p>H\u0131zl\u0131 ve g\u00fcvenli bir \u015fekilde \u00e7evrimi\u00e7i diploma m\u0131 sat\u0131n almak istiyorsunuz? \u0130ster lise diplomas\u0131na, ister \u00fcniversite diplomas\u0131na veya profesyonel sertifikaya ihtiyac\u0131n\u0131z olsun, DiplomaShops.com d\u00fcnya \u00e7ap\u0131nda teslimatla yasal diploma hizmetleri sunar. \u0130\u015f ba\u015fvurular\u0131, g\u00f6\u00e7menlik veya ki\u015fisel kay\u0131tlar i\u00e7in m\u00fckemmel olan ger\u00e7ek g\u00f6r\u00fcn\u00fcml\u00fc diploman\u0131z\u0131 h\u0131zl\u0131 bir \u015fekilde al\u0131n. Gizli hizmetimiz, g\u00fcvenebilece\u011finiz gizlilik ve kalite sa\u011flar.<\/p>\n\n\n\n<figure class=\"wp-block-image size-full\"><img loading=\"lazy\" decoding=\"async\" width=\"300\" height=\"211\" src=\"https:\/\/diplomashops.com\/wp-content\/uploads\/2026\/03\/buy-diploma.webp\" alt=\"diploma sat\u0131n al\" class=\"wp-image-88\" srcset=\"https:\/\/diplomashops.com\/wp-content\/uploads\/2026\/03\/buy-diploma.webp 300w, https:\/\/diplomashops.com\/wp-content\/uploads\/2026\/03\/buy-diploma-18x12.webp 18w\" sizes=\"auto, (max-width: 300px) 100vw, 300px\" \/><\/figure>\n\n\n\n<h3 class=\"wp-block-heading\">Neden Diploma Hizmetlerimizi Se\u00e7melisiniz?<\/h3>\n\n\n\n<h4 class=\"wp-block-heading\">Otantik G\u00f6r\u00fcn\u00fcml\u00fc Diplomalar<\/h4>\n\n\n\n<p>Bizden bir \u00fcniversite diplomas\u0131 veya herhangi bir akademik sertifika sat\u0131n ald\u0131\u011f\u0131n\u0131zda, resmi belgeleri yans\u0131tan y\u00fcksek kaliteli bir reprod\u00fcksiyon al\u0131rs\u0131n\u0131z. Uzman tasar\u0131mc\u0131lar\u0131m\u0131z, profesyonel standartlar\u0131 kar\u015f\u0131layan kimlik bilgileri olu\u015fturmak i\u00e7in birinci s\u0131n\u0131f malzemeler ve do\u011fru bi\u00e7imlendirme kullan\u0131r.<\/p>\n\n\n\n<h4 class=\"wp-block-heading\">H\u0131zl\u0131 \u0130\u015flem ve D\u00fcnya \u00c7ap\u0131nda G\u00f6nderim<\/h4>\n\n\n\n<p>Diploman\u0131za acilen mi ihtiyac\u0131n\u0131z var? \u00c7o\u011fu sipari\u015fin 24-48 saat i\u00e7inde tamamlanmas\u0131yla h\u0131zland\u0131r\u0131lm\u0131\u015f i\u015flem sunuyoruz. K\u00fcresel g\u00f6nderim a\u011f\u0131m\u0131z ABD, \u0130ngiltere, Kanada, Almanya, Hollanda, Fransa, Avustralya ve daha fazlas\u0131 dahil olmak \u00fczere 20'den fazla \u00fclkeye teslimat yapmaktad\u0131r - i\u00e7inizin rahat olmas\u0131 i\u00e7in takip dahil.<\/p>\n\n\n\n<h4 class=\"wp-block-heading\">Eksiksiz Gizlilik Garantisi<\/h4>\n\n\n\n<p>T\u00fcm belgeler d\u00fcz, i\u015faretlenmemi\u015f ambalajlarda g\u00f6nderilir. Ki\u015fisel bilgilerinizi veya sipari\u015f detaylar\u0131n\u0131z\u0131 asla \u00fc\u00e7\u00fcnc\u00fc \u015fah\u0131slara if\u015fa etmiyoruz. \u00c7evrimi\u00e7i diploma hizmetleri sat\u0131n almay\u0131 se\u00e7ti\u011finizde gizlili\u011finiz en \u00f6nemli \u00f6nceli\u011fimizdir.<\/p>\n\n\n\n<h4 class=\"wp-block-heading\">\u00c7ok Dilli M\u00fc\u015fteri Deste\u011fi<\/h4>\n\n\n\n<p>Ekibimiz 20'den fazla dil konu\u015farak ister Avrupa'da, ister Kuzey Amerika'da veya ba\u015fka bir yerde olun ileti\u015fimi kolayla\u015ft\u0131r\u0131r. Diploma sipari\u015finizle ilgili yard\u0131m almak i\u00e7in istedi\u011finiz zaman bize ula\u015f\u0131n.<\/p>\n\n\n\n<figure class=\"wp-block-image size-full\"><img loading=\"lazy\" decoding=\"async\" width=\"300\" height=\"216\" src=\"https:\/\/diplomashops.com\/wp-content\/uploads\/2026\/03\/buy-diploma-degree-certificate-online.webp\" alt=\"online diploma derece sertifikas\u0131 sat\u0131n al\" class=\"wp-image-87\" srcset=\"https:\/\/diplomashops.com\/wp-content\/uploads\/2026\/03\/buy-diploma-degree-certificate-online.webp 300w, https:\/\/diplomashops.com\/wp-content\/uploads\/2026\/03\/buy-diploma-degree-certificate-online-18x12.webp 18w\" sizes=\"auto, (max-width: 300px) 100vw, 300px\" \/><\/figure>\n\n\n\n<hr class=\"wp-block-separator has-alpha-channel-opacity\"\/>\n\n\n\n<h3 class=\"wp-block-heading\">Sundu\u011fumuz Pop\u00fcler Diploma T\u00fcrleri<\/h3>\n\n\n\n<h4 class=\"wp-block-heading\">Lise Diplomalar\u0131<\/h4>\n\n\n\n<p>Orijinal lise diploman\u0131z\u0131 m\u0131 kaybettiniz? \u0130\u015f ba\u015fvurular\u0131 i\u00e7in bir yede\u011fe mi ihtiyac\u0131n\u0131z var? ABD, Birle\u015fik Krall\u0131k, Kanada ve Avrupa'daki okullar\u0131n resmi formatlar\u0131yla e\u015fle\u015fen do\u011fru reprod\u00fcksiyonlar olu\u015fturuyoruz.<\/p>\n\n\n\n<h4 class=\"wp-block-heading\">Lisans ve Y\u00fcksek Lisans Dereceleri<\/h4>\n\n\n\n<p>G\u00fcvenle bir lisans diplomas\u0131 veya ileri derece sertifika sat\u0131n al\u0131n. \u00dcniversite diplomalar\u0131m\u0131z, d\u00fcnya \u00e7ap\u0131nda tan\u0131nan kurumlardan al\u0131nan ger\u00e7ek akademik kimlik bilgilerini yans\u0131tacak \u015fekilde tasarlanm\u0131\u015ft\u0131r.<\/p>\n\n\n\n<h4 class=\"wp-block-heading\">Profesyonel Sertifikalar<\/h4>\n\n\n\n<p>BT sertifikalar\u0131ndan sa\u011fl\u0131k hizmetleri kimlik bilgilerine kadar \u00e7e\u015fitli sekt\u00f6rler i\u00e7in profesyonel diplomalar sa\u011fl\u0131yoruz. Kariyer geli\u015fimi veya lisanslama gerekliliklerini kar\u015f\u0131lamak i\u00e7in m\u00fckemmeldir.<\/p>\n\n\n\n<h4 class=\"wp-block-heading\">\u00d6zel Diploma Tasar\u0131m\u0131<\/h4>\n\n\n\n<p>\u00d6zel bir \u015feye mi ihtiyac\u0131n\u0131z var? \u00d6zel tasar\u0131m hizmetimiz, tam gereksinimlerinize g\u00f6re uyarlanm\u0131\u015f benzersiz diplomalar olu\u015fturman\u0131za olanak tan\u0131r - i\u015fletmeler, kurulu\u015flar veya \u00f6zel g\u00fcnler i\u00e7in idealdir.<\/p>\n\n\n\n<figure class=\"wp-block-image size-full\"><img loading=\"lazy\" decoding=\"async\" width=\"300\" height=\"212\" src=\"https:\/\/diplomashops.com\/wp-content\/uploads\/2026\/03\/Buy-a-university-master-bachelor-diploma-online.webp\" alt=\"Online \u00fcniversite y\u00fcksek lisans diplomas\u0131 sat\u0131n al\u0131n\" class=\"wp-image-86\" srcset=\"https:\/\/diplomashops.com\/wp-content\/uploads\/2026\/03\/Buy-a-university-master-bachelor-diploma-online.webp 300w, https:\/\/diplomashops.com\/wp-content\/uploads\/2026\/03\/Buy-a-university-master-bachelor-diploma-online-18x12.webp 18w\" sizes=\"auto, (max-width: 300px) 100vw, 300px\" \/><\/figure>\n\n\n\n<hr class=\"wp-block-separator has-alpha-channel-opacity\"\/>\n\n\n\n<h3 class=\"wp-block-heading\">Diploman\u0131z\u0131 Nas\u0131l Sat\u0131n Alabilirsiniz - 4 Ad\u0131ml\u0131 Basit S\u00fcre\u00e7<\/h3>\n\n\n\n<h4 class=\"wp-block-heading\">Ad\u0131m 1: Diploma T\u00fcr\u00fcn\u00fcz\u00fc Se\u00e7in<\/h4>\n\n\n\n<p>Akademik ve profesyonel diploma koleksiyonumuza g\u00f6z at\u0131n. \u00d6nceden tasarlanm\u0131\u015f \u015fablonlar aras\u0131ndan se\u00e7im yap\u0131n veya ki\u015fiselle\u015ftirilmi\u015f kimlik bilgileri i\u00e7in \u00f6zel tasar\u0131m hizmetimizi tercih edin.<\/p>\n\n\n\n<h4 class=\"wp-block-heading\">Ad\u0131m 2: Bilgilerinizi Girin<\/h4>\n\n\n\n<p>Ki\u015fiselle\u015ftirme i\u00e7in ad\u0131n\u0131z, mezuniyet tarihiniz, kurum ad\u0131n\u0131z, derece unvan\u0131n\u0131z ve di\u011fer ilgili ayr\u0131nt\u0131lar dahil olmak \u00fczere gerekli t\u00fcm bilgileri doldurun.<\/p>\n\n\n\n<h4 class=\"wp-block-heading\">Ad\u0131m 3: G\u00fcvenli \u00d6deme \u0130\u015flemleri<\/h4>\n\n\n\n<p>G\u00fcvenli \u00f6deme sistemimiz ile sipari\u015finizi tamamlay\u0131n. Ba\u015fl\u0131ca kredi kartlar\u0131n\u0131, PayPal'\u0131 ve banka havalelerini kabul ediyoruz. T\u00fcm i\u015flemler maksimum g\u00fcvenlik i\u00e7in \u015fifrelenmi\u015ftir.<\/p>\n\n\n\n<h4 class=\"wp-block-heading\">Ad\u0131m 4: Kap\u0131n\u0131za H\u0131zl\u0131 Teslimat<\/h4>\n\n\n\n<p>Diploman\u0131z i\u015fleme al\u0131nd\u0131ktan sonra 24 saat i\u00e7inde takipli posta yoluyla g\u00f6nderilir. \u00c7o\u011fu m\u00fc\u015fteri belgelerini d\u00fcnyan\u0131n her yerinde 5-10 i\u015f g\u00fcn\u00fc i\u00e7inde al\u0131r.<\/p>\n\n\n\n<hr class=\"wp-block-separator has-alpha-channel-opacity\"\/>\n\n\n\n<h3 class=\"wp-block-heading\">Diploma Al\u0131m\u0131 Hakk\u0131nda S\u0131k\u00e7a Sorulan Sorular<\/h3>\n\n\n\n<h4 class=\"wp-block-heading\">\u0130nternetten Diploma Sat\u0131n Almak G\u00fcvenli mi?<\/h4>\n\n\n\n<p>Evet, DiplomaShops.com gibi sayg\u0131n bir sa\u011flay\u0131c\u0131 se\u00e7ti\u011finizde. \u015eifreli \u00f6demeler, \u00f6zel g\u00f6nderim ve s\u0131k\u0131 gizlilik politikalar\u0131 ile m\u00fc\u015fteri g\u00fcvenli\u011fine \u00f6ncelik veriyoruz.<\/p>\n\n\n\n<h4 class=\"wp-block-heading\">Bunu \u0130stihdam i\u00e7in Kullanabilir miyim?<\/h4>\n\n\n\n<p>Bir\u00e7ok i\u015fveren referans amac\u0131yla diploma kopyalar\u0131n\u0131 kabul etmektedir. Ancak, herhangi bir kimlik belgesi g\u00f6ndermeden \u00f6nce belge do\u011frulama gereklilikleri hakk\u0131nda her zaman i\u015fvereninize dan\u0131\u015f\u0131n.<\/p>\n\n\n\n<h4 class=\"wp-block-heading\">Diplomama Acil \u0130htiyac\u0131m Olursa Ne Yapmal\u0131y\u0131m?<\/h4>\n\n\n\n<p>Acil sipari\u015fler i\u00e7in ayn\u0131 g\u00fcn tamamlanan acele i\u015fleme sunuyoruz. H\u0131zland\u0131r\u0131lm\u0131\u015f hizmet se\u00e7enekleri i\u00e7in bizimle ileti\u015fime ge\u00e7in.<\/p>\n\n\n\n<h4 class=\"wp-block-heading\">Dijital PDF Versiyonlar\u0131 Sunuyor musunuz?<\/h4>\n\n\n\n<p>Kesinlikle! Fiziksel diplomalar\u0131n yan\u0131 s\u0131ra, \u00e7evrimi\u00e7i g\u00f6nderimler veya e-posta iletimi i\u00e7in m\u00fckemmel olan y\u00fcksek \u00e7\u00f6z\u00fcn\u00fcrl\u00fckl\u00fc dijital kopyalar sa\u011fl\u0131yoruz.<\/p>\n\n\n\n<hr class=\"wp-block-separator has-alpha-channel-opacity\"\/>\n\n\n\n<h3 class=\"wp-block-heading\">Diploman\u0131z\u0131 Bug\u00fcn Almaya Haz\u0131r m\u0131s\u0131n\u0131z?<\/h3>\n\n\n\n<p>Eksik belgelerin sizi engellemesine izin vermeyin. \u0130ster i\u015f ba\u015fvurular\u0131 i\u00e7in bir diploma sat\u0131n alman\u0131z, ister kay\u0131p bir sertifikay\u0131 de\u011fi\u015ftirmeniz veya h\u0131zl\u0131 bir \u015fekilde akademik kimlik bilgileri edinmeniz gerekiyor olsun, DiplomaShops.com size yard\u0131mc\u0131 olacakt\u0131r. T\u0131kla <a href=\"https:\/\/diplomashops.com\/tr\/iletisim\/\">\u0130leti\u015fim<\/a> ve bize yaz\u0131n. <\/p>\n\n\n\n<p>D\u00fcnya \u00e7ap\u0131nda teslimat ile h\u0131zl\u0131 ve gizli hizmet i\u00e7in \u015fimdi sipari\u015f verin.<\/p>\n\n\n\n<p>\ud83d\udce7 Bize e-posta g\u00f6nderin:&nbsp;<a href=\"mailto:DiplomaShops247@gmail.com\" rel=\"noreferrer noopener\" target=\"_blank\">DiplomaShops247@gmail.com<\/a><br>\ud83c\udf10 G\u00fcvenli sipari\u015f portal\u0131m\u0131z\u0131 ziyaret edin<br>\ud83d\ude9a Takipli d\u00fcnya \u00e7ap\u0131nda g\u00f6nderim<\/p>\n\n\n\n<figure class=\"wp-block-image size-full is-resized\"><img loading=\"lazy\" decoding=\"async\" width=\"1024\" height=\"724\" src=\"https:\/\/diplomashops.com\/wp-content\/uploads\/2026\/03\/Buy-replacement-diploma-online.jpg\" alt=\"Online yedek diploma sat\u0131n al\u0131n\" class=\"wp-image-89\" style=\"width:381px;height:auto\" srcset=\"https:\/\/diplomashops.com\/wp-content\/uploads\/2026\/03\/Buy-replacement-diploma-online.jpg 1024w, https:\/\/diplomashops.com\/wp-content\/uploads\/2026\/03\/Buy-replacement-diploma-online-300x212.jpg 300w, https:\/\/diplomashops.com\/wp-content\/uploads\/2026\/03\/Buy-replacement-diploma-online-768x543.jpg 768w, https:\/\/diplomashops.com\/wp-content\/uploads\/2026\/03\/Buy-replacement-diploma-online-18x12.jpg 18w\" sizes=\"auto, (max-width: 1024px) 100vw, 1024px\" \/><\/figure>","protected":false},"excerpt":{"rendered":"<p>Are you searching more information about a diploma, degree or certificate? Looking to&nbsp;buy a diploma online&nbsp;quickly and securely? Whether you [&hellip;]<\/p>\n","protected":false},"author":1,"featured_media":0,"parent":0,"menu_order":0,"comment_status":"closed","ping_status":"closed","template":"","meta":{"site-sidebar-layout":"default","site-content-layout":"","ast-site-content-layout":"default","site-content-style":"default","site-sidebar-style":"default","ast-global-header-display":"","ast-banner-title-visibility":"","ast-main-header-display":"","ast-hfb-above-header-display":"","ast-hfb-below-header-display":"","ast-hfb-mobile-header-display":"","site-post-title":"","ast-breadcrumbs-content":"","ast-featured-img":"","footer-sml-layout":"","ast-disable-related-posts":"","theme-transparent-header-meta":"","adv-header-id-meta":"","stick-header-meta":"","header-above-stick-meta":"","header-main-stick-meta":"","header-below-stick-meta":"","astra-migrate-meta-layouts":"default","ast-page-background-enabled":"default","ast-page-background-meta":{"desktop":{"background-color":"var(--ast-global-color-5)","background-image":"","background-repeat":"repeat","background-position":"center center","background-size":"auto","background-attachment":"scroll","background-type":"","background-media":"","overlay-type":"","overlay-color":"","overlay-opacity":"","overlay-gradient":""},"tablet":{"background-color":"","background-image":"","background-repeat":"repeat","background-position":"center center","background-size":"auto","background-attachment":"scroll","background-type":"","background-media":"","overlay-type":"","overlay-color":"","overlay-opacity":"","overlay-gradient":""},"mobile":{"background-color":"","background-image":"","background-repeat":"repeat","background-position":"center center","background-size":"auto","background-attachment":"scroll","background-type":"","background-media":"","overlay-type":"","overlay-color":"","overlay-opacity":"","overlay-gradient":""}},"ast-content-background-meta":{"desktop":{"background-color":"var(--ast-global-color-4)","background-image":"","background-repeat":"repeat","background-position":"center center","background-size":"auto","background-attachment":"scroll","background-type":"","background-media":"","overlay-type":"","overlay-color":"","overlay-opacity":"","overlay-gradient":""},"tablet":{"background-color":"var(--ast-global-color-4)","background-image":"","background-repeat":"repeat","background-position":"center center","background-size":"auto","background-attachment":"scroll","background-type":"","background-media":"","overlay-type":"","overlay-color":"","overlay-opacity":"","overlay-gradient":""},"mobile":{"background-color":"var(--ast-global-color-4)","background-image":"","background-repeat":"repeat","background-position":"center center","background-size":"auto","background-attachment":"scroll","background-type":"","background-media":"","overlay-type":"","overlay-color":"","overlay-opacity":"","overlay-gradient":""}},"footnotes":""},"class_list":["post-6","page","type-page","status-publish","hentry"],"yoast_head":"<!-- This site is optimized with the Yoast SEO plugin v27.5 - https:\/\/yoast.com\/product\/yoast-seo-wordpress\/ -->\n<title>Buy Diploma - DiplomaShops.com - Buy Diploma Online | Fast &amp; Secure Service<\/title>\n<meta name=\"description\" content=\"Buy diploma online fast &amp; securely. Get authentic high school, university &amp; professional diplomas delivered worldwide.\" \/>\n<meta name=\"robots\" content=\"index, follow, max-snippet:-1, max-image-preview:large, max-video-preview:-1\" \/>\n<link rel=\"canonical\" href=\"https:\/\/diplomashops.com\/tr\/\" \/>\n<meta property=\"og:locale\" content=\"tr_TR\" \/>\n<meta property=\"og:type\" content=\"article\" \/>\n<meta property=\"og:title\" content=\"Buy Diploma - DiplomaShops.com - Buy Diploma Online | Fast &amp; Secure Service\" \/>\n<meta property=\"og:description\" content=\"Buy diploma online fast &amp; securely. Get authentic high school, university &amp; professional diplomas delivered worldwide.\" \/>\n<meta property=\"og:url\" content=\"https:\/\/diplomashops.com\/tr\/\" \/>\n<meta property=\"og:site_name\" content=\"DiplomaShops.com - Buy Diploma Online | Fast &amp; Secure Service\" \/>\n<meta property=\"article:modified_time\" content=\"2026-03-14T16:05:39+00:00\" \/>\n<meta property=\"og:image\" content=\"https:\/\/diplomashops.com\/wp-content\/uploads\/2026\/03\/buy-diploma.webp\" \/>\n\t<meta property=\"og:image:width\" content=\"300\" \/>\n\t<meta property=\"og:image:height\" content=\"211\" \/>\n\t<meta property=\"og:image:type\" content=\"image\/webp\" \/>\n<meta name=\"twitter:card\" content=\"summary_large_image\" \/>\n<meta name=\"twitter:label1\" content=\"Tahmini okuma s\u00fcresi\" \/>\n\t<meta name=\"twitter:data1\" content=\"4 dakika\" \/>\n<script type=\"application\/ld+json\" class=\"yoast-schema-graph\">{\"@context\":\"https:\\\/\\\/schema.org\",\"@graph\":[{\"@type\":\"WebPage\",\"@id\":\"https:\\\/\\\/diplomashops.com\\\/\",\"url\":\"https:\\\/\\\/diplomashops.com\\\/\",\"name\":\"Buy Diploma - DiplomaShops.com - Buy Diploma Online | Fast &amp; Secure Service\",\"isPartOf\":{\"@id\":\"https:\\\/\\\/diplomashops.com\\\/#website\"},\"primaryImageOfPage\":{\"@id\":\"https:\\\/\\\/diplomashops.com\\\/#primaryimage\"},\"image\":{\"@id\":\"https:\\\/\\\/diplomashops.com\\\/#primaryimage\"},\"thumbnailUrl\":\"https:\\\/\\\/diplomashops.com\\\/wp-content\\\/uploads\\\/2026\\\/03\\\/buy-diploma.webp\",\"datePublished\":\"2026-03-12T21:48:39+00:00\",\"dateModified\":\"2026-03-14T16:05:39+00:00\",\"description\":\"Buy diploma online fast & securely. Get authentic high school, university & professional diplomas delivered worldwide.\",\"breadcrumb\":{\"@id\":\"https:\\\/\\\/diplomashops.com\\\/#breadcrumb\"},\"inLanguage\":\"tr\",\"potentialAction\":[{\"@type\":\"ReadAction\",\"target\":[\"https:\\\/\\\/diplomashops.com\\\/\"]}]},{\"@type\":\"ImageObject\",\"inLanguage\":\"tr\",\"@id\":\"https:\\\/\\\/diplomashops.com\\\/#primaryimage\",\"url\":\"https:\\\/\\\/diplomashops.com\\\/wp-content\\\/uploads\\\/2026\\\/03\\\/buy-diploma.webp\",\"contentUrl\":\"https:\\\/\\\/diplomashops.com\\\/wp-content\\\/uploads\\\/2026\\\/03\\\/buy-diploma.webp\"},{\"@type\":\"BreadcrumbList\",\"@id\":\"https:\\\/\\\/diplomashops.com\\\/#breadcrumb\",\"itemListElement\":[{\"@type\":\"ListItem\",\"position\":1,\"name\":\"Home\",\"item\":\"https:\\\/\\\/diplomashops.com\\\/\"},{\"@type\":\"ListItem\",\"position\":2,\"name\":\"Buy Diploma\"}]},{\"@type\":\"WebSite\",\"@id\":\"https:\\\/\\\/diplomashops.com\\\/#website\",\"url\":\"https:\\\/\\\/diplomashops.com\\\/\",\"name\":\"DiplomaShops.com - Buy Diploma Online | Fast &amp; Secure Service\",\"description\":\"Buy a Diploma online Delivered Worldwide - Order Your Certificate Today\",\"potentialAction\":[{\"@type\":\"SearchAction\",\"target\":{\"@type\":\"EntryPoint\",\"urlTemplate\":\"https:\\\/\\\/diplomashops.com\\\/?s={search_term_string}\"},\"query-input\":{\"@type\":\"PropertyValueSpecification\",\"valueRequired\":true,\"valueName\":\"search_term_string\"}}],\"inLanguage\":\"tr\"}]}<\/script>\n<!-- \/ Yoast SEO plugin. -->","yoast_head_json":{"title":"Diploma Sat\u0131n Al\u0131n - DiplomaShops.com - Online Diploma Sat\u0131n Al\u0131n | H\u0131zl\u0131 ve G\u00fcvenli Hizmet","description":"H\u0131zl\u0131 ve g\u00fcvenli bir \u015fekilde \u00e7evrimi\u00e7i diploma sat\u0131n al\u0131n. D\u00fcnya \u00e7ap\u0131nda teslim edilen otantik lise, \u00fcniversite ve profesyonel diplomalar al\u0131n.","robots":{"index":"index","follow":"follow","max-snippet":"max-snippet:-1","max-image-preview":"max-image-preview:large","max-video-preview":"max-video-preview:-1"},"canonical":"https:\/\/diplomashops.com\/tr\/","og_locale":"tr_TR","og_type":"article","og_title":"Buy Diploma - DiplomaShops.com - Buy Diploma Online | Fast &amp; Secure Service","og_description":"Buy diploma online fast & securely. Get authentic high school, university & professional diplomas delivered worldwide.","og_url":"https:\/\/diplomashops.com\/tr\/","og_site_name":"DiplomaShops.com - Buy Diploma Online | Fast &amp; Secure Service","article_modified_time":"2026-03-14T16:05:39+00:00","og_image":[{"width":300,"height":211,"url":"https:\/\/diplomashops.com\/wp-content\/uploads\/2026\/03\/buy-diploma.webp","type":"image\/webp"}],"twitter_card":"summary_large_image","twitter_misc":{"Tahmini okuma s\u00fcresi":"4 dakika"},"schema":{"@context":"https:\/\/schema.org","@graph":[{"@type":"WebPage","@id":"https:\/\/diplomashops.com\/","url":"https:\/\/diplomashops.com\/","name":"Diploma Sat\u0131n Al\u0131n - DiplomaShops.com - Online Diploma Sat\u0131n Al\u0131n | H\u0131zl\u0131 ve G\u00fcvenli Hizmet","isPartOf":{"@id":"https:\/\/diplomashops.com\/#website"},"primaryImageOfPage":{"@id":"https:\/\/diplomashops.com\/#primaryimage"},"image":{"@id":"https:\/\/diplomashops.com\/#primaryimage"},"thumbnailUrl":"https:\/\/diplomashops.com\/wp-content\/uploads\/2026\/03\/buy-diploma.webp","datePublished":"2026-03-12T21:48:39+00:00","dateModified":"2026-03-14T16:05:39+00:00","description":"H\u0131zl\u0131 ve g\u00fcvenli bir \u015fekilde \u00e7evrimi\u00e7i diploma sat\u0131n al\u0131n. D\u00fcnya \u00e7ap\u0131nda teslim edilen otantik lise, \u00fcniversite ve profesyonel diplomalar al\u0131n.","breadcrumb":{"@id":"https:\/\/diplomashops.com\/#breadcrumb"},"inLanguage":"tr","potentialAction":[{"@type":"ReadAction","target":["https:\/\/diplomashops.com\/"]}]},{"@type":"ImageObject","inLanguage":"tr","@id":"https:\/\/diplomashops.com\/#primaryimage","url":"https:\/\/diplomashops.com\/wp-content\/uploads\/2026\/03\/buy-diploma.webp","contentUrl":"https:\/\/diplomashops.com\/wp-content\/uploads\/2026\/03\/buy-diploma.webp"},{"@type":"BreadcrumbList","@id":"https:\/\/diplomashops.com\/#breadcrumb","itemListElement":[{"@type":"ListItem","position":1,"name":"Home","item":"https:\/\/diplomashops.com\/"},{"@type":"ListItem","position":2,"name":"Buy Diploma"}]},{"@type":"WebSite","@id":"https:\/\/diplomashops.com\/#website","url":"https:\/\/diplomashops.com\/","name":"DiplomaShops.com - Online Diploma Sat\u0131n Al\u0131n | H\u0131zl\u0131 ve G\u00fcvenli Hizmet","description":"D\u00fcnya \u00c7ap\u0131nda Teslim Edilen Online Diploma Sat\u0131n Al\u0131n - Sertifikan\u0131z\u0131 Bug\u00fcn Sipari\u015f Edin","potentialAction":[{"@type":"SearchAction","target":{"@type":"EntryPoint","urlTemplate":"https:\/\/diplomashops.com\/?s={search_term_string}"},"query-input":{"@type":"PropertyValueSpecification","valueRequired":true,"valueName":"search_term_string"}}],"inLanguage":"tr"}]}},"_links":{"self":[{"href":"https:\/\/diplomashops.com\/tr\/wp-json\/wp\/v2\/pages\/6","targetHints":{"allow":["GET"]}}],"collection":[{"href":"https:\/\/diplomashops.com\/tr\/wp-json\/wp\/v2\/pages"}],"about":[{"href":"https:\/\/diplomashops.com\/tr\/wp-json\/wp\/v2\/types\/page"}],"author":[{"embeddable":true,"href":"https:\/\/diplomashops.com\/tr\/wp-json\/wp\/v2\/users\/1"}],"replies":[{"embeddable":true,"href":"https:\/\/diplomashops.com\/tr\/wp-json\/wp\/v2\/comments?post=6"}],"version-history":[{"count":13,"href":"https:\/\/diplomashops.com\/tr\/wp-json\/wp\/v2\/pages\/6\/revisions"}],"predecessor-version":[{"id":93,"href":"https:\/\/diplomashops.com\/tr\/wp-json\/wp\/v2\/pages\/6\/revisions\/93"}],"wp:attachment":[{"href":"https:\/\/diplomashops.com\/tr\/wp-json\/wp\/v2\/media?parent=6"}],"curies":[{"name":"wp","href":"https:\/\/api.w.org\/{rel}","templated":true}]}}